{"id":63160,"date":"2022-11-09T14:36:03","date_gmt":"2022-11-09T12:36:03","guid":{"rendered":"https:\/\/www.talidesign.eu\/?post_type=product&#038;p=63160"},"modified":"2025-06-25T13:02:27","modified_gmt":"2025-06-25T10:02:27","slug":"beslag-kaepide-hide-toniton-must","status":"publish","type":"product","link":"https:\/\/www.talidesign.eu\/et\/pood\/toode\/beslag-kaepide-hide-toniton-must\/","title":{"rendered":"Beslag K\u00e4epide Hide Toniton Must"},"content":{"rendered":"<p><strong>K\u00e4epide Hide Toniton Must<\/strong><\/p>\n<p>K\u00e4epide Hide on ajatu lisand Tonitoni v\u00e4rvides, mis on tagasihoidlikuks lisandiks nii k\u00f6\u00f6gikappidele, magamistoam\u00f6\u00f6blile kui ka vannitoa v\u00f5i kontorim\u00f6\u00f6blile.<\/p>\n<p>Tonitoni v\u00e4rvid on loonud Tekla Severin koos oma tiimiga, et lihtsustada tarbijate elu ning loonud v\u00e4rvitoonid, mis sobituvad omavahel h\u00e4sti kokku olenemata sellest, kuidas neid kombineerida.<\/p>\n<p>Toodet saab edukalt kombineerida teiste Toniton sarja toodetega.<\/p>\n<p>\u2022 S\u00fcgavus: 42 mm<br \/>\n\u2022 K\u00f5rgus: 18 mm<br \/>\n\u2022 Pikkus: 40 mm<br \/>\n\u2022 Laius: 1,5 mm<br \/>\n\u2022 C\/C-m\u00f5\u00f5t: 25 mm<br \/>\n\u2022 Materjal: pulberv\u00e4rvitud metall<br \/>\n\u2022 <a href=\"\/et\/tootekategooria\/brandid\/beslag-design-et\/\">Br\u00e4nd Beslag Design<\/a><\/p>\n<p><strong>Br\u00e4ndist<\/strong><\/p>\n<p>Beslag Design tegeleb sisekujunduse ja sisustusdetailidega. Nende \u00e4riidee on lihtne \u2013 t\u00f6\u00f6tada v\u00e4lja ja turustada uuenduslikke ja n\u00f5utud m\u00f6\u00f6bli- ja sisustustarvikuid. Ettev\u00f5te on 1972. aastast saadik pidevalt kasvanud ning praegu on sisustustoodete ja -tarvikute valdkonnas oma ala liider. <\/p>\n<p>Detailid, mis kaunistavad interj\u00f6\u00f6ri ja t\u00e4iendavad tervikpilti.<\/p>\n<p><a href=\"\/et\/tootekategooria\/brandid\/beslag-design-et\/\"><img loading=\"lazy\" decoding=\"async\" src=\"https:\/\/www.talidesign.eu\/wp\/wp-content\/uploads\/2021\/09\/logo.jpg\" alt=\"\" width=\"500\" height=\"100\" class=\"alignnone size-full wp-image-35595\" \/><\/a><\/p>\n","protected":false},"excerpt":{"rendered":"<p><strong>K\u00e4epide Hide Toniton Must<\/strong><\/p>\n<p>K\u00e4epide Hide on ajatu lisand Tonitoni v\u00e4rvides, mis on tagasihoidlikuks lisandiks nii k\u00f6\u00f6gikappidele, magamistoam\u00f6\u00f6blile kui ka vannitoa v\u00f5i kontorim\u00f6\u00f6blile.<\/p>\n<p>Tonitoni v\u00e4rvid on loonud Tekla Severin koos oma tiimiga, et lihtsustada tarbijate elu ning loonud v\u00e4rvitoonid, mis sobituvad omavahel h\u00e4sti kokku olenemata sellest, kuidas neid kombineerida.<\/p>\n<p>Toodet saab edukalt kombineerida teiste Toniton sarja toodetega.<\/p>\n<p>\u2022 S\u00fcgavus: 42 mm<br \/>\n\u2022 K\u00f5rgus: 18 mm<br \/>\n\u2022 Pikkus: 40 mm<br \/>\n\u2022 Laius: 1,5 mm<br \/>\n\u2022 C\/C-m\u00f5\u00f5t: 25 mm<br \/>\n\u2022 Materjal: pulberv\u00e4rvitud metall<br \/>\n\u2022 <a href=\"\/et\/tootekategooria\/brandid\/beslag-design-et\/\">Br\u00e4nd Beslag Design<\/a><\/p>\n<p><strong>Br\u00e4ndist<\/strong><\/p>\n<p>Beslag Design tegeleb sisekujunduse ja sisustusdetailidega. Nende \u00e4riidee on lihtne \u2013 t\u00f6\u00f6tada v\u00e4lja ja turustada uuenduslikke ja n\u00f5utud m\u00f6\u00f6bli- ja sisustustarvikuid. Ettev\u00f5te on 1972. aastast saadik pidevalt kasvanud ning praegu on sisustustoodete ja -tarvikute valdkonnas oma ala liider. <\/p>\n<p>Detailid, mis kaunistavad interj\u00f6\u00f6ri ja t\u00e4iendavad tervikpilti.<\/p>\n<p><a href=\"\/et\/tootekategooria\/brandid\/beslag-design-et\/\"><img loading=\"lazy\" decoding=\"async\" src=\"https:\/\/www.talidesign.eu\/wp\/wp-content\/uploads\/2021\/09\/logo.jpg\" alt=\"\" width=\"500\" height=\"100\" class=\"alignnone size-full wp-image-35595\" \/><\/a><\/p>\n","protected":false},"featured_media":63162,"template":"","meta":[],"product_brand":[],"product_cat":[1038,1026,1018,1106,1030,1100],"product_tag":[1290],"class_list":{"0":"post-63160","1":"product","2":"type-product","3":"status-publish","4":"has-post-thumbnail","6":"product_cat-beslag-design-et","7":"product_cat-brandid","8":"product_cat-kodu","9":"product_cat-konksud-nagid","10":"product_cat-kook","11":"product_cat-vannituba","12":"product_tag-beslag-et","14":"first","15":"outofstock","16":"taxable","17":"shipping-taxable","18":"purchasable","19":"product-type-simple"},"yoast_head":"<!-- This site is optimized with the Yoast SEO plugin v27.3 - https:\/\/yoast.com\/product\/yoast-seo-wordpress\/ -->\n<title>Beslag K\u00e4epide Hide Toniton Must - TALI Concept Store<\/title>\n<meta name=\"description\" content=\"Avasta ajatu K\u00e4epide Hide Toniton Must - tagasihoidlik lisand k\u00f6\u00f6gikappidele, magamistoam\u00f6\u00f6blile ja rohkemale. Kombineeri teiste Toniton sarja toodetega.\" \/>\n<meta name=\"robots\" content=\"index, follow, max-snippet:-1, max-image-preview:large, max-video-preview:-1\" \/>\n<link rel=\"canonical\" href=\"https:\/\/www.talidesign.eu\/et\/pood\/toode\/beslag-kaepide-hide-toniton-must\/\" \/>\n<meta property=\"og:locale\" content=\"et_EE\" \/>\n<meta property=\"og:type\" content=\"article\" \/>\n<meta property=\"og:title\" content=\"Beslag K\u00e4epide Hide Toniton Must - TALI Concept Store\" \/>\n<meta property=\"og:description\" content=\"Avasta ajatu K\u00e4epide Hide Toniton Must - tagasihoidlik lisand k\u00f6\u00f6gikappidele, magamistoam\u00f6\u00f6blile ja rohkemale. Kombineeri teiste Toniton sarja toodetega.\" \/>\n<meta property=\"og:url\" content=\"https:\/\/www.talidesign.eu\/et\/pood\/toode\/beslag-kaepide-hide-toniton-must\/\" \/>\n<meta property=\"og:site_name\" content=\"TALI Concept Store\" \/>\n<meta property=\"article:publisher\" content=\"https:\/\/www.facebook.com\/TaliDisain\/\" \/>\n<meta property=\"article:modified_time\" content=\"2025-06-25T10:02:27+00:00\" \/>\n<meta property=\"og:image\" content=\"https:\/\/www.talidesign.eu\/wp\/wp-content\/uploads\/2022\/11\/hide-svart_1.jpg\" \/>\n\t<meta property=\"og:image:width\" content=\"800\" \/>\n\t<meta property=\"og:image:height\" content=\"800\" \/>\n\t<meta property=\"og:image:type\" content=\"image\/jpeg\" \/>\n<meta name=\"twitter:card\" content=\"summary_large_image\" \/>\n<meta name=\"twitter:label1\" content=\"Est. reading time\" \/>\n\t<meta name=\"twitter:data1\" content=\"1 minute\" \/>\n<script type=\"application\/ld+json\" class=\"yoast-schema-graph\">{\"@context\":\"https:\\\/\\\/schema.org\",\"@graph\":[{\"@type\":\"WebPage\",\"@id\":\"https:\\\/\\\/www.talidesign.eu\\\/et\\\/pood\\\/toode\\\/beslag-kaepide-hide-toniton-must\\\/\",\"url\":\"https:\\\/\\\/www.talidesign.eu\\\/et\\\/pood\\\/toode\\\/beslag-kaepide-hide-toniton-must\\\/\",\"name\":\"Beslag K\u00e4epide Hide Toniton Must - TALI Concept Store\",\"isPartOf\":{\"@id\":\"https:\\\/\\\/www.talidesign.eu\\\/et\\\/#website\"},\"primaryImageOfPage\":{\"@id\":\"https:\\\/\\\/www.talidesign.eu\\\/et\\\/pood\\\/toode\\\/beslag-kaepide-hide-toniton-must\\\/#primaryimage\"},\"image\":{\"@id\":\"https:\\\/\\\/www.talidesign.eu\\\/et\\\/pood\\\/toode\\\/beslag-kaepide-hide-toniton-must\\\/#primaryimage\"},\"thumbnailUrl\":\"https:\\\/\\\/www.talidesign.eu\\\/wp\\\/wp-content\\\/uploads\\\/2022\\\/11\\\/hide-svart_1.jpg\",\"datePublished\":\"2022-11-09T12:36:03+00:00\",\"dateModified\":\"2025-06-25T10:02:27+00:00\",\"description\":\"Avasta ajatu K\u00e4epide Hide Toniton Must - tagasihoidlik lisand k\u00f6\u00f6gikappidele, magamistoam\u00f6\u00f6blile ja rohkemale. Kombineeri teiste Toniton sarja toodetega.\",\"breadcrumb\":{\"@id\":\"https:\\\/\\\/www.talidesign.eu\\\/et\\\/pood\\\/toode\\\/beslag-kaepide-hide-toniton-must\\\/#breadcrumb\"},\"inLanguage\":\"et\",\"potentialAction\":[{\"@type\":\"ReadAction\",\"target\":[\"https:\\\/\\\/www.talidesign.eu\\\/et\\\/pood\\\/toode\\\/beslag-kaepide-hide-toniton-must\\\/\"]}]},{\"@type\":\"ImageObject\",\"inLanguage\":\"et\",\"@id\":\"https:\\\/\\\/www.talidesign.eu\\\/et\\\/pood\\\/toode\\\/beslag-kaepide-hide-toniton-must\\\/#primaryimage\",\"url\":\"https:\\\/\\\/www.talidesign.eu\\\/wp\\\/wp-content\\\/uploads\\\/2022\\\/11\\\/hide-svart_1.jpg\",\"contentUrl\":\"https:\\\/\\\/www.talidesign.eu\\\/wp\\\/wp-content\\\/uploads\\\/2022\\\/11\\\/hide-svart_1.jpg\",\"width\":800,\"height\":800},{\"@type\":\"BreadcrumbList\",\"@id\":\"https:\\\/\\\/www.talidesign.eu\\\/et\\\/pood\\\/toode\\\/beslag-kaepide-hide-toniton-must\\\/#breadcrumb\",\"itemListElement\":[{\"@type\":\"ListItem\",\"position\":1,\"name\":\"Avaleht\",\"item\":\"https:\\\/\\\/www.talidesign.eu\\\/et\\\/\"},{\"@type\":\"ListItem\",\"position\":2,\"name\":\"Pood\",\"item\":\"https:\\\/\\\/www.talidesign.eu\\\/et\\\/pood\\\/\"},{\"@type\":\"ListItem\",\"position\":3,\"name\":\"Beslag K\u00e4epide Hide Toniton Must\"}]},{\"@type\":\"WebSite\",\"@id\":\"https:\\\/\\\/www.talidesign.eu\\\/et\\\/#website\",\"url\":\"https:\\\/\\\/www.talidesign.eu\\\/et\\\/\",\"name\":\"TALI Concept Store\",\"description\":\"Suurim Disainipood Eestis\",\"potentialAction\":[{\"@type\":\"SearchAction\",\"target\":{\"@type\":\"EntryPoint\",\"urlTemplate\":\"https:\\\/\\\/www.talidesign.eu\\\/et\\\/?s={search_term_string}\"},\"query-input\":{\"@type\":\"PropertyValueSpecification\",\"valueRequired\":true,\"valueName\":\"search_term_string\"}}],\"inLanguage\":\"et\"}]}<\/script>\n<!-- \/ Yoast SEO plugin. -->","yoast_head_json":{"title":"Beslag K\u00e4epide Hide Toniton Must - TALI Concept Store","description":"Avasta ajatu K\u00e4epide Hide Toniton Must - tagasihoidlik lisand k\u00f6\u00f6gikappidele, magamistoam\u00f6\u00f6blile ja rohkemale. Kombineeri teiste Toniton sarja toodetega.","robots":{"index":"index","follow":"follow","max-snippet":"max-snippet:-1","max-image-preview":"max-image-preview:large","max-video-preview":"max-video-preview:-1"},"canonical":"https:\/\/www.talidesign.eu\/et\/pood\/toode\/beslag-kaepide-hide-toniton-must\/","og_locale":"et_EE","og_type":"article","og_title":"Beslag K\u00e4epide Hide Toniton Must - TALI Concept Store","og_description":"Avasta ajatu K\u00e4epide Hide Toniton Must - tagasihoidlik lisand k\u00f6\u00f6gikappidele, magamistoam\u00f6\u00f6blile ja rohkemale. Kombineeri teiste Toniton sarja toodetega.","og_url":"https:\/\/www.talidesign.eu\/et\/pood\/toode\/beslag-kaepide-hide-toniton-must\/","og_site_name":"TALI Concept Store","article_publisher":"https:\/\/www.facebook.com\/TaliDisain\/","article_modified_time":"2025-06-25T10:02:27+00:00","og_image":[{"width":800,"height":800,"url":"https:\/\/www.talidesign.eu\/wp\/wp-content\/uploads\/2022\/11\/hide-svart_1.jpg","type":"image\/jpeg"}],"twitter_card":"summary_large_image","twitter_misc":{"Est. reading time":"1 minute"},"schema":{"@context":"https:\/\/schema.org","@graph":[{"@type":"WebPage","@id":"https:\/\/www.talidesign.eu\/et\/pood\/toode\/beslag-kaepide-hide-toniton-must\/","url":"https:\/\/www.talidesign.eu\/et\/pood\/toode\/beslag-kaepide-hide-toniton-must\/","name":"Beslag K\u00e4epide Hide Toniton Must - TALI Concept Store","isPartOf":{"@id":"https:\/\/www.talidesign.eu\/et\/#website"},"primaryImageOfPage":{"@id":"https:\/\/www.talidesign.eu\/et\/pood\/toode\/beslag-kaepide-hide-toniton-must\/#primaryimage"},"image":{"@id":"https:\/\/www.talidesign.eu\/et\/pood\/toode\/beslag-kaepide-hide-toniton-must\/#primaryimage"},"thumbnailUrl":"https:\/\/www.talidesign.eu\/wp\/wp-content\/uploads\/2022\/11\/hide-svart_1.jpg","datePublished":"2022-11-09T12:36:03+00:00","dateModified":"2025-06-25T10:02:27+00:00","description":"Avasta ajatu K\u00e4epide Hide Toniton Must - tagasihoidlik lisand k\u00f6\u00f6gikappidele, magamistoam\u00f6\u00f6blile ja rohkemale. Kombineeri teiste Toniton sarja toodetega.","breadcrumb":{"@id":"https:\/\/www.talidesign.eu\/et\/pood\/toode\/beslag-kaepide-hide-toniton-must\/#breadcrumb"},"inLanguage":"et","potentialAction":[{"@type":"ReadAction","target":["https:\/\/www.talidesign.eu\/et\/pood\/toode\/beslag-kaepide-hide-toniton-must\/"]}]},{"@type":"ImageObject","inLanguage":"et","@id":"https:\/\/www.talidesign.eu\/et\/pood\/toode\/beslag-kaepide-hide-toniton-must\/#primaryimage","url":"https:\/\/www.talidesign.eu\/wp\/wp-content\/uploads\/2022\/11\/hide-svart_1.jpg","contentUrl":"https:\/\/www.talidesign.eu\/wp\/wp-content\/uploads\/2022\/11\/hide-svart_1.jpg","width":800,"height":800},{"@type":"BreadcrumbList","@id":"https:\/\/www.talidesign.eu\/et\/pood\/toode\/beslag-kaepide-hide-toniton-must\/#breadcrumb","itemListElement":[{"@type":"ListItem","position":1,"name":"Avaleht","item":"https:\/\/www.talidesign.eu\/et\/"},{"@type":"ListItem","position":2,"name":"Pood","item":"https:\/\/www.talidesign.eu\/et\/pood\/"},{"@type":"ListItem","position":3,"name":"Beslag K\u00e4epide Hide Toniton Must"}]},{"@type":"WebSite","@id":"https:\/\/www.talidesign.eu\/et\/#website","url":"https:\/\/www.talidesign.eu\/et\/","name":"TALI Concept Store","description":"Suurim Disainipood Eestis","potentialAction":[{"@type":"SearchAction","target":{"@type":"EntryPoint","urlTemplate":"https:\/\/www.talidesign.eu\/et\/?s={search_term_string}"},"query-input":{"@type":"PropertyValueSpecification","valueRequired":true,"valueName":"search_term_string"}}],"inLanguage":"et"}]}},"_links":{"self":[{"href":"https:\/\/www.talidesign.eu\/et\/wp-json\/wp\/v2\/product\/63160","targetHints":{"allow":["GET"]}}],"collection":[{"href":"https:\/\/www.talidesign.eu\/et\/wp-json\/wp\/v2\/product"}],"about":[{"href":"https:\/\/www.talidesign.eu\/et\/wp-json\/wp\/v2\/types\/product"}],"wp:featuredmedia":[{"embeddable":true,"href":"https:\/\/www.talidesign.eu\/et\/wp-json\/wp\/v2\/media\/63162"}],"wp:attachment":[{"href":"https:\/\/www.talidesign.eu\/et\/wp-json\/wp\/v2\/media?parent=63160"}],"wp:term":[{"taxonomy":"product_brand","embeddable":true,"href":"https:\/\/www.talidesign.eu\/et\/wp-json\/wp\/v2\/product_brand?post=63160"},{"taxonomy":"product_cat","embeddable":true,"href":"https:\/\/www.talidesign.eu\/et\/wp-json\/wp\/v2\/product_cat?post=63160"},{"taxonomy":"product_tag","embeddable":true,"href":"https:\/\/www.talidesign.eu\/et\/wp-json\/wp\/v2\/product_tag?post=63160"}],"curies":[{"name":"wp","href":"https:\/\/api.w.org\/{rel}","templated":true}]}}