{"id":63235,"date":"2022-11-09T19:37:34","date_gmt":"2022-11-09T17:37:34","guid":{"rendered":"https:\/\/www.talidesign.eu\/?post_type=product&#038;p=63235"},"modified":"2024-12-05T13:01:42","modified_gmt":"2024-12-05T11:01:42","slug":"beslag-nupp-helix-stripe-20mm-matt-must","status":"publish","type":"product","link":"https:\/\/www.talidesign.eu\/et\/pood\/toode\/beslag-nupp-helix-stripe-20mm-matt-must\/","title":{"rendered":"Beslag Nupp Helix Stripe 20mm Matt Must"},"content":{"rendered":"<p><strong>Nupp Helix Stripe 20mm Matt Must<\/strong><\/p>\n<p>Nupp Helix Strip on osake kollektsioonist Helix Strip, mis annab stiilse ning luksusliku t\u00e4iustuse m\u00f6\u00f6blile, mis v\u00f5ib asetseda k\u00f6\u00f6gis, elutoas v\u00f5i \u00fcldsegi magamis- v\u00f5i vannitoas.<\/p>\n<p>\u2022 L\u00e4bim\u00f5\u00f5t: 20 mm<br \/>\n\u2022 K\u00f5rgus: 20 mm<br \/>\n\u2022 Laius: 20 mm<br \/>\n\u2022 Matt must<br \/>\n\u2022 Materjal: alumiinium<br \/>\n\u2022 <a href=\"\/et\/tootekategooria\/brandid\/beslag-design-et\/\">Br\u00e4nd Beslag Design<\/a><\/p>\n<p><strong>Br\u00e4ndist<\/strong><\/p>\n<p>Beslag Design tegeleb sisekujunduse ja sisustusdetailidega. Nende \u00e4riidee on lihtne \u2013 t\u00f6\u00f6tada v\u00e4lja ja turustada uuenduslikke ja n\u00f5utud m\u00f6\u00f6bli- ja sisustustarvikuid. Ettev\u00f5te on 1972. aastast saadik pidevalt kasvanud ning praegu on sisustustoodete ja -tarvikute valdkonnas oma ala liider. <\/p>\n<p>Detailid, mis kaunistavad interj\u00f6\u00f6ri ja t\u00e4iendavad tervikpilti.<\/p>\n<p><a href=\"\/et\/tootekategooria\/brandid\/beslag-design-et\/\"><img loading=\"lazy\" decoding=\"async\" src=\"https:\/\/www.talidesign.eu\/wp\/wp-content\/uploads\/2021\/09\/logo.jpg\" alt=\"\" width=\"500\" height=\"100\" class=\"alignnone size-full wp-image-35595\" \/><\/a><\/p>\n","protected":false},"excerpt":{"rendered":"<p><strong>Nupp Helix Stripe 20mm Matt Must<\/strong><\/p>\n<p>Nupp Helix Strip on osake kollektsioonist Helix Strip, mis annab stiilse ning luksusliku t\u00e4iustuse m\u00f6\u00f6blile, mis v\u00f5ib asetseda k\u00f6\u00f6gis, elutoas v\u00f5i \u00fcldsegi magamis- v\u00f5i vannitoas.<\/p>\n<p>\u2022 L\u00e4bim\u00f5\u00f5t: 20 mm<br \/>\n\u2022 K\u00f5rgus: 20 mm<br \/>\n\u2022 Laius: 20 mm<br \/>\n\u2022 Matt must<br \/>\n\u2022 Materjal: alumiinium<br \/>\n\u2022 <a href=\"\/et\/tootekategooria\/brandid\/beslag-design-et\/\">Br\u00e4nd Beslag Design<\/a><\/p>\n<p><strong>Br\u00e4ndist<\/strong><\/p>\n<p>Beslag Design tegeleb sisekujunduse ja sisustusdetailidega. Nende \u00e4riidee on lihtne \u2013 t\u00f6\u00f6tada v\u00e4lja ja turustada uuenduslikke ja n\u00f5utud m\u00f6\u00f6bli- ja sisustustarvikuid. Ettev\u00f5te on 1972. aastast saadik pidevalt kasvanud ning praegu on sisustustoodete ja -tarvikute valdkonnas oma ala liider. <\/p>\n<p>Detailid, mis kaunistavad interj\u00f6\u00f6ri ja t\u00e4iendavad tervikpilti.<\/p>\n<p><a href=\"\/et\/tootekategooria\/brandid\/beslag-design-et\/\"><img loading=\"lazy\" decoding=\"async\" src=\"https:\/\/www.talidesign.eu\/wp\/wp-content\/uploads\/2021\/09\/logo.jpg\" alt=\"\" width=\"500\" height=\"100\" class=\"alignnone size-full wp-image-35595\" \/><\/a><\/p>\n","protected":false},"featured_media":63237,"template":"","meta":[],"product_brand":[],"product_cat":[1038,1026,1018,1106,1030,1100],"product_tag":[1290],"class_list":{"0":"post-63235","1":"product","2":"type-product","3":"status-publish","4":"has-post-thumbnail","6":"product_cat-beslag-design-et","7":"product_cat-brandid","8":"product_cat-kodu","9":"product_cat-konksud-nagid","10":"product_cat-kook","11":"product_cat-vannituba","12":"product_tag-beslag-et","14":"first","15":"instock","16":"taxable","17":"shipping-taxable","18":"purchasable","19":"product-type-simple"},"yoast_head":"<!-- This site is optimized with the Yoast SEO plugin v27.3 - https:\/\/yoast.com\/product\/yoast-seo-wordpress\/ -->\n<title>Beslag Nupp Helix Stripe 20mm Matt Must - TALI Concept Store<\/title>\n<meta name=\"description\" content=\"Avasta Beslag Designi Nupp Helix Stripe 20mm Matt Must - stiilne ja luksuslik t\u00e4iendus m\u00f6\u00f6blile. L\u00e4bim\u00f5\u00f5t: 20 mm, materjal: alumiinium. Br\u00e4nd Beslag Design.\" \/>\n<meta name=\"robots\" content=\"index, follow, max-snippet:-1, max-image-preview:large, max-video-preview:-1\" \/>\n<link rel=\"canonical\" href=\"https:\/\/www.talidesign.eu\/et\/pood\/toode\/beslag-nupp-helix-stripe-20mm-matt-must\/\" \/>\n<meta property=\"og:locale\" content=\"et_EE\" \/>\n<meta property=\"og:type\" content=\"article\" \/>\n<meta property=\"og:title\" content=\"Beslag Nupp Helix Stripe 20mm Matt Must - TALI Concept Store\" \/>\n<meta property=\"og:description\" content=\"Avasta Beslag Designi Nupp Helix Stripe 20mm Matt Must - stiilne ja luksuslik t\u00e4iendus m\u00f6\u00f6blile. L\u00e4bim\u00f5\u00f5t: 20 mm, materjal: alumiinium. Br\u00e4nd Beslag Design.\" \/>\n<meta property=\"og:url\" content=\"https:\/\/www.talidesign.eu\/et\/pood\/toode\/beslag-nupp-helix-stripe-20mm-matt-must\/\" \/>\n<meta property=\"og:site_name\" content=\"TALI Concept Store\" \/>\n<meta property=\"article:publisher\" content=\"https:\/\/www.facebook.com\/TaliDisain\/\" \/>\n<meta property=\"article:modified_time\" content=\"2024-12-05T11:01:42+00:00\" \/>\n<meta property=\"og:image\" content=\"https:\/\/www.talidesign.eu\/wp\/wp-content\/uploads\/2022\/11\/knopp-helix-stripe-svart_1.jpg\" \/>\n\t<meta property=\"og:image:width\" content=\"800\" \/>\n\t<meta property=\"og:image:height\" content=\"800\" \/>\n\t<meta property=\"og:image:type\" content=\"image\/jpeg\" \/>\n<meta name=\"twitter:card\" content=\"summary_large_image\" \/>\n<meta name=\"twitter:label1\" content=\"Est. reading time\" \/>\n\t<meta name=\"twitter:data1\" content=\"1 minute\" \/>\n<script type=\"application\/ld+json\" class=\"yoast-schema-graph\">{\"@context\":\"https:\\\/\\\/schema.org\",\"@graph\":[{\"@type\":\"WebPage\",\"@id\":\"https:\\\/\\\/www.talidesign.eu\\\/et\\\/pood\\\/toode\\\/beslag-nupp-helix-stripe-20mm-matt-must\\\/\",\"url\":\"https:\\\/\\\/www.talidesign.eu\\\/et\\\/pood\\\/toode\\\/beslag-nupp-helix-stripe-20mm-matt-must\\\/\",\"name\":\"Beslag Nupp Helix Stripe 20mm Matt Must - TALI Concept Store\",\"isPartOf\":{\"@id\":\"https:\\\/\\\/www.talidesign.eu\\\/et\\\/#website\"},\"primaryImageOfPage\":{\"@id\":\"https:\\\/\\\/www.talidesign.eu\\\/et\\\/pood\\\/toode\\\/beslag-nupp-helix-stripe-20mm-matt-must\\\/#primaryimage\"},\"image\":{\"@id\":\"https:\\\/\\\/www.talidesign.eu\\\/et\\\/pood\\\/toode\\\/beslag-nupp-helix-stripe-20mm-matt-must\\\/#primaryimage\"},\"thumbnailUrl\":\"https:\\\/\\\/www.talidesign.eu\\\/wp\\\/wp-content\\\/uploads\\\/2022\\\/11\\\/knopp-helix-stripe-svart_1.jpg\",\"datePublished\":\"2022-11-09T17:37:34+00:00\",\"dateModified\":\"2024-12-05T11:01:42+00:00\",\"description\":\"Avasta Beslag Designi Nupp Helix Stripe 20mm Matt Must - stiilne ja luksuslik t\u00e4iendus m\u00f6\u00f6blile. L\u00e4bim\u00f5\u00f5t: 20 mm, materjal: alumiinium. Br\u00e4nd Beslag Design.\",\"breadcrumb\":{\"@id\":\"https:\\\/\\\/www.talidesign.eu\\\/et\\\/pood\\\/toode\\\/beslag-nupp-helix-stripe-20mm-matt-must\\\/#breadcrumb\"},\"inLanguage\":\"et\",\"potentialAction\":[{\"@type\":\"ReadAction\",\"target\":[\"https:\\\/\\\/www.talidesign.eu\\\/et\\\/pood\\\/toode\\\/beslag-nupp-helix-stripe-20mm-matt-must\\\/\"]}]},{\"@type\":\"ImageObject\",\"inLanguage\":\"et\",\"@id\":\"https:\\\/\\\/www.talidesign.eu\\\/et\\\/pood\\\/toode\\\/beslag-nupp-helix-stripe-20mm-matt-must\\\/#primaryimage\",\"url\":\"https:\\\/\\\/www.talidesign.eu\\\/wp\\\/wp-content\\\/uploads\\\/2022\\\/11\\\/knopp-helix-stripe-svart_1.jpg\",\"contentUrl\":\"https:\\\/\\\/www.talidesign.eu\\\/wp\\\/wp-content\\\/uploads\\\/2022\\\/11\\\/knopp-helix-stripe-svart_1.jpg\",\"width\":800,\"height\":800},{\"@type\":\"BreadcrumbList\",\"@id\":\"https:\\\/\\\/www.talidesign.eu\\\/et\\\/pood\\\/toode\\\/beslag-nupp-helix-stripe-20mm-matt-must\\\/#breadcrumb\",\"itemListElement\":[{\"@type\":\"ListItem\",\"position\":1,\"name\":\"Avaleht\",\"item\":\"https:\\\/\\\/www.talidesign.eu\\\/et\\\/\"},{\"@type\":\"ListItem\",\"position\":2,\"name\":\"Pood\",\"item\":\"https:\\\/\\\/www.talidesign.eu\\\/et\\\/pood\\\/\"},{\"@type\":\"ListItem\",\"position\":3,\"name\":\"Beslag Nupp Helix Stripe 20mm Matt Must\"}]},{\"@type\":\"WebSite\",\"@id\":\"https:\\\/\\\/www.talidesign.eu\\\/et\\\/#website\",\"url\":\"https:\\\/\\\/www.talidesign.eu\\\/et\\\/\",\"name\":\"TALI Concept Store\",\"description\":\"Suurim Disainipood Eestis\",\"potentialAction\":[{\"@type\":\"SearchAction\",\"target\":{\"@type\":\"EntryPoint\",\"urlTemplate\":\"https:\\\/\\\/www.talidesign.eu\\\/et\\\/?s={search_term_string}\"},\"query-input\":{\"@type\":\"PropertyValueSpecification\",\"valueRequired\":true,\"valueName\":\"search_term_string\"}}],\"inLanguage\":\"et\"}]}<\/script>\n<!-- \/ Yoast SEO plugin. -->","yoast_head_json":{"title":"Beslag Nupp Helix Stripe 20mm Matt Must - TALI Concept Store","description":"Avasta Beslag Designi Nupp Helix Stripe 20mm Matt Must - stiilne ja luksuslik t\u00e4iendus m\u00f6\u00f6blile. L\u00e4bim\u00f5\u00f5t: 20 mm, materjal: alumiinium. Br\u00e4nd Beslag Design.","robots":{"index":"index","follow":"follow","max-snippet":"max-snippet:-1","max-image-preview":"max-image-preview:large","max-video-preview":"max-video-preview:-1"},"canonical":"https:\/\/www.talidesign.eu\/et\/pood\/toode\/beslag-nupp-helix-stripe-20mm-matt-must\/","og_locale":"et_EE","og_type":"article","og_title":"Beslag Nupp Helix Stripe 20mm Matt Must - TALI Concept Store","og_description":"Avasta Beslag Designi Nupp Helix Stripe 20mm Matt Must - stiilne ja luksuslik t\u00e4iendus m\u00f6\u00f6blile. L\u00e4bim\u00f5\u00f5t: 20 mm, materjal: alumiinium. Br\u00e4nd Beslag Design.","og_url":"https:\/\/www.talidesign.eu\/et\/pood\/toode\/beslag-nupp-helix-stripe-20mm-matt-must\/","og_site_name":"TALI Concept Store","article_publisher":"https:\/\/www.facebook.com\/TaliDisain\/","article_modified_time":"2024-12-05T11:01:42+00:00","og_image":[{"width":800,"height":800,"url":"https:\/\/www.talidesign.eu\/wp\/wp-content\/uploads\/2022\/11\/knopp-helix-stripe-svart_1.jpg","type":"image\/jpeg"}],"twitter_card":"summary_large_image","twitter_misc":{"Est. reading time":"1 minute"},"schema":{"@context":"https:\/\/schema.org","@graph":[{"@type":"WebPage","@id":"https:\/\/www.talidesign.eu\/et\/pood\/toode\/beslag-nupp-helix-stripe-20mm-matt-must\/","url":"https:\/\/www.talidesign.eu\/et\/pood\/toode\/beslag-nupp-helix-stripe-20mm-matt-must\/","name":"Beslag Nupp Helix Stripe 20mm Matt Must - TALI Concept Store","isPartOf":{"@id":"https:\/\/www.talidesign.eu\/et\/#website"},"primaryImageOfPage":{"@id":"https:\/\/www.talidesign.eu\/et\/pood\/toode\/beslag-nupp-helix-stripe-20mm-matt-must\/#primaryimage"},"image":{"@id":"https:\/\/www.talidesign.eu\/et\/pood\/toode\/beslag-nupp-helix-stripe-20mm-matt-must\/#primaryimage"},"thumbnailUrl":"https:\/\/www.talidesign.eu\/wp\/wp-content\/uploads\/2022\/11\/knopp-helix-stripe-svart_1.jpg","datePublished":"2022-11-09T17:37:34+00:00","dateModified":"2024-12-05T11:01:42+00:00","description":"Avasta Beslag Designi Nupp Helix Stripe 20mm Matt Must - stiilne ja luksuslik t\u00e4iendus m\u00f6\u00f6blile. L\u00e4bim\u00f5\u00f5t: 20 mm, materjal: alumiinium. Br\u00e4nd Beslag Design.","breadcrumb":{"@id":"https:\/\/www.talidesign.eu\/et\/pood\/toode\/beslag-nupp-helix-stripe-20mm-matt-must\/#breadcrumb"},"inLanguage":"et","potentialAction":[{"@type":"ReadAction","target":["https:\/\/www.talidesign.eu\/et\/pood\/toode\/beslag-nupp-helix-stripe-20mm-matt-must\/"]}]},{"@type":"ImageObject","inLanguage":"et","@id":"https:\/\/www.talidesign.eu\/et\/pood\/toode\/beslag-nupp-helix-stripe-20mm-matt-must\/#primaryimage","url":"https:\/\/www.talidesign.eu\/wp\/wp-content\/uploads\/2022\/11\/knopp-helix-stripe-svart_1.jpg","contentUrl":"https:\/\/www.talidesign.eu\/wp\/wp-content\/uploads\/2022\/11\/knopp-helix-stripe-svart_1.jpg","width":800,"height":800},{"@type":"BreadcrumbList","@id":"https:\/\/www.talidesign.eu\/et\/pood\/toode\/beslag-nupp-helix-stripe-20mm-matt-must\/#breadcrumb","itemListElement":[{"@type":"ListItem","position":1,"name":"Avaleht","item":"https:\/\/www.talidesign.eu\/et\/"},{"@type":"ListItem","position":2,"name":"Pood","item":"https:\/\/www.talidesign.eu\/et\/pood\/"},{"@type":"ListItem","position":3,"name":"Beslag Nupp Helix Stripe 20mm Matt Must"}]},{"@type":"WebSite","@id":"https:\/\/www.talidesign.eu\/et\/#website","url":"https:\/\/www.talidesign.eu\/et\/","name":"TALI Concept Store","description":"Suurim Disainipood Eestis","potentialAction":[{"@type":"SearchAction","target":{"@type":"EntryPoint","urlTemplate":"https:\/\/www.talidesign.eu\/et\/?s={search_term_string}"},"query-input":{"@type":"PropertyValueSpecification","valueRequired":true,"valueName":"search_term_string"}}],"inLanguage":"et"}]}},"_links":{"self":[{"href":"https:\/\/www.talidesign.eu\/et\/wp-json\/wp\/v2\/product\/63235","targetHints":{"allow":["GET"]}}],"collection":[{"href":"https:\/\/www.talidesign.eu\/et\/wp-json\/wp\/v2\/product"}],"about":[{"href":"https:\/\/www.talidesign.eu\/et\/wp-json\/wp\/v2\/types\/product"}],"wp:featuredmedia":[{"embeddable":true,"href":"https:\/\/www.talidesign.eu\/et\/wp-json\/wp\/v2\/media\/63237"}],"wp:attachment":[{"href":"https:\/\/www.talidesign.eu\/et\/wp-json\/wp\/v2\/media?parent=63235"}],"wp:term":[{"taxonomy":"product_brand","embeddable":true,"href":"https:\/\/www.talidesign.eu\/et\/wp-json\/wp\/v2\/product_brand?post=63235"},{"taxonomy":"product_cat","embeddable":true,"href":"https:\/\/www.talidesign.eu\/et\/wp-json\/wp\/v2\/product_cat?post=63235"},{"taxonomy":"product_tag","embeddable":true,"href":"https:\/\/www.talidesign.eu\/et\/wp-json\/wp\/v2\/product_tag?post=63235"}],"curies":[{"name":"wp","href":"https:\/\/api.w.org\/{rel}","templated":true}]}}