{"id":69180,"date":"2023-03-04T14:22:28","date_gmt":"2023-03-04T12:22:28","guid":{"rendered":"https:\/\/www.talidesign.eu\/?post_type=product&#038;p=69180"},"modified":"2026-03-19T14:19:25","modified_gmt":"2026-03-19T12:19:25","slug":"zone-nova-one-hambaharja-tops-taupe","status":"publish","type":"product","link":"https:\/\/www.talidesign.eu\/et\/pood\/toode\/zone-nova-one-hambaharja-tops-taupe\/","title":{"rendered":"Zone Nova One hambaharja tops Taupe"},"content":{"rendered":"<p><strong>Nova One hambaharja tops Taupe<\/strong><\/p>\n<p>Nova One v\u00f5lub oma ajatu ja puhta vormiga. Toode on valmistatud siidise pinnaga portselanist ning kuulub Thomas Dudzinski kujundatud samanimelisse Nova vannitoakollektsiooni.<\/p>\n<p>\u2022 Taupe<br \/>\n\u2022 Diameeter: 8 cm<br \/>\n\u2022 K\u00f5rgus: 10cm<br \/>\n\u2022 Portselan\/Siidine pind<br \/>\n\u2022 <a href=\"\/et\/tootekategooria\/brandid\/zone-denmark-et\/\">Br\u00e4nd Zone Denmark<\/a><\/p>\n<p>Taani disainer Thomas Dudzinski t\u00e4histab Nova One sarjaga lihtsat, ausat ja iseloomulikku vormiv\u00e4ljendust. <strong>Seeria p\u00e4lvis tunnustuse German Design Award\u00b4i<\/strong> kategoorias: &#8220;teos, mille disain h\u00f5lmab eriti edukaid lahendusi&#8221; &#8211; auhind, mis antakse p\u00fchendunud ettev\u00f5tetele ja disaineritele.<\/p>\n<p><strong>Tutvu Nova One seeria disaineriga!<\/strong><\/p>\n<p>Thomas Dudzinski on l\u00f5petanud Taanis Aarhusi arhitektuurikooli disaini eriala. Ta on v\u00f5itnud mitmeid rahvusvahelisi auhindu ning juhib oma \u00fcliedukat disainib\u00fcrood, keskendudes toodetele, m\u00f6\u00f6blile ja sisekujundusele.<\/p>\n<p><a href=\"https:\/\/www.talidesign.eu\/wp\/wp-content\/uploads\/2021\/03\/getimage.ashx_-4.jpg\"><img loading=\"lazy\" decoding=\"async\" src=\"https:\/\/www.talidesign.eu\/wp\/wp-content\/uploads\/2021\/03\/getimage.ashx_-4.jpg\" alt=\"\" width=\"1278\" height=\"853\" class=\"alignnone size-full wp-image-22776\" srcset=\"https:\/\/www.talidesign.eu\/wp\/wp-content\/uploads\/2021\/03\/getimage.ashx_-4.jpg 1278w, https:\/\/www.talidesign.eu\/wp\/wp-content\/uploads\/2021\/03\/getimage.ashx_-4-599x400.jpg 599w, https:\/\/www.talidesign.eu\/wp\/wp-content\/uploads\/2021\/03\/getimage.ashx_-4-1199x800.jpg 1199w, https:\/\/www.talidesign.eu\/wp\/wp-content\/uploads\/2021\/03\/getimage.ashx_-4-768x513.jpg 768w, https:\/\/www.talidesign.eu\/wp\/wp-content\/uploads\/2021\/03\/getimage.ashx_-4-500x334.jpg 500w, https:\/\/www.talidesign.eu\/wp\/wp-content\/uploads\/2021\/03\/getimage.ashx_-4-510x340.jpg 510w\" sizes=\"auto, (max-width: 1278px) 100vw, 1278px\" \/><\/a><a href=\"\/product-category\/designers\/zone-denmark\/\"><img loading=\"lazy\" decoding=\"async\" src=\"https:\/\/www.talidesign.eu\/wp\/wp-content\/uploads\/2021\/03\/logo-6.jpg\" alt=\"\" width=\"500\" height=\"100\" class=\"alignnone size-full wp-image-24694\" \/><\/a><\/p>\n","protected":false},"excerpt":{"rendered":"<p><strong>Nova One hambaharja tops Taupe<\/strong><\/p>\n<p>Nova One v\u00f5lub oma ajatu ja puhta vormiga. Toode on valmistatud siidise pinnaga portselanist ning kuulub Thomas Dudzinski kujundatud samanimelisse Nova vannitoakollektsiooni.<\/p>\n<p>\u2022 Taupe<br \/>\n\u2022 Diameeter: 8 cm<br \/>\n\u2022 K\u00f5rgus: 10cm<br \/>\n\u2022 Portselan\/Siidine pind<br \/>\n\u2022 <a href=\"\/et\/tootekategooria\/brandid\/zone-denmark-et\/\">Br\u00e4nd Zone Denmark<\/a><\/p>\n<p>Taani disainer Thomas Dudzinski t\u00e4histab Nova One sarjaga lihtsat, ausat ja iseloomulikku vormiv\u00e4ljendust. <strong>Seeria p\u00e4lvis tunnustuse German Design Award\u00b4i<\/strong> kategoorias: &#8220;teos, mille disain h\u00f5lmab eriti edukaid lahendusi&#8221; &#8211; auhind, mis antakse p\u00fchendunud ettev\u00f5tetele ja disaineritele.<\/p>\n<p><strong>Tutvu Nova One seeria disaineriga!<\/strong><\/p>\n<p>Thomas Dudzinski on l\u00f5petanud Taanis Aarhusi arhitektuurikooli disaini eriala. Ta on v\u00f5itnud mitmeid rahvusvahelisi auhindu ning juhib oma \u00fcliedukat disainib\u00fcrood, keskendudes toodetele, m\u00f6\u00f6blile ja sisekujundusele.<\/p>\n<p><a href=\"https:\/\/www.talidesign.eu\/wp\/wp-content\/uploads\/2021\/03\/getimage.ashx_-4.jpg\"><img loading=\"lazy\" decoding=\"async\" src=\"https:\/\/www.talidesign.eu\/wp\/wp-content\/uploads\/2021\/03\/getimage.ashx_-4.jpg\" alt=\"\" width=\"1278\" height=\"853\" class=\"alignnone size-full wp-image-22776\" srcset=\"https:\/\/www.talidesign.eu\/wp\/wp-content\/uploads\/2021\/03\/getimage.ashx_-4.jpg 1278w, https:\/\/www.talidesign.eu\/wp\/wp-content\/uploads\/2021\/03\/getimage.ashx_-4-599x400.jpg 599w, https:\/\/www.talidesign.eu\/wp\/wp-content\/uploads\/2021\/03\/getimage.ashx_-4-1199x800.jpg 1199w, https:\/\/www.talidesign.eu\/wp\/wp-content\/uploads\/2021\/03\/getimage.ashx_-4-768x513.jpg 768w, https:\/\/www.talidesign.eu\/wp\/wp-content\/uploads\/2021\/03\/getimage.ashx_-4-500x334.jpg 500w, https:\/\/www.talidesign.eu\/wp\/wp-content\/uploads\/2021\/03\/getimage.ashx_-4-510x340.jpg 510w\" sizes=\"auto, (max-width: 1278px) 100vw, 1278px\" \/><\/a><a href=\"\/product-category\/designers\/zone-denmark\/\"><img loading=\"lazy\" decoding=\"async\" src=\"https:\/\/www.talidesign.eu\/wp\/wp-content\/uploads\/2021\/03\/logo-6.jpg\" alt=\"\" width=\"500\" height=\"100\" class=\"alignnone size-full wp-image-24694\" \/><\/a><\/p>\n","protected":false},"featured_media":69184,"template":"","meta":[],"product_brand":[],"product_cat":[1026,1031,1018,1100,1095],"product_tag":[1224],"class_list":{"0":"post-69180","1":"product","2":"type-product","3":"status-publish","4":"has-post-thumbnail","6":"product_cat-brandid","7":"product_cat-hoiustamine","8":"product_cat-kodu","9":"product_cat-vannituba","10":"product_cat-zone-denmark-et","11":"product_tag-zone-nova-one-black-et","13":"first","14":"instock","15":"taxable","16":"shipping-taxable","17":"purchasable","18":"product-type-simple"},"yoast_head":"<!-- This site is optimized with the Yoast SEO plugin v27.3 - https:\/\/yoast.com\/product\/yoast-seo-wordpress\/ -->\n<title>Zone Nova One hambaharja tops Taupe - TALI Concept Store<\/title>\n<meta name=\"description\" content=\"Zone Nova One hambaharja tops Taupe - ajatu ja puhta vormiga portselanist toode, mis kuulub Thomas Dudzinski kujundatud Nova vannitoakollektsiooni. Tutvu Nova One seeria disaineriga!\" \/>\n<meta name=\"robots\" content=\"index, follow, max-snippet:-1, max-image-preview:large, max-video-preview:-1\" \/>\n<link rel=\"canonical\" href=\"https:\/\/www.talidesign.eu\/et\/pood\/toode\/zone-nova-one-hambaharja-tops-taupe\/\" \/>\n<meta property=\"og:locale\" content=\"et_EE\" \/>\n<meta property=\"og:type\" content=\"article\" \/>\n<meta property=\"og:title\" content=\"Zone Nova One hambaharja tops Taupe - TALI Concept Store\" \/>\n<meta property=\"og:description\" content=\"Zone Nova One hambaharja tops Taupe - ajatu ja puhta vormiga portselanist toode, mis kuulub Thomas Dudzinski kujundatud Nova vannitoakollektsiooni. Tutvu Nova One seeria disaineriga!\" \/>\n<meta property=\"og:url\" content=\"https:\/\/www.talidesign.eu\/et\/pood\/toode\/zone-nova-one-hambaharja-tops-taupe\/\" \/>\n<meta property=\"og:site_name\" content=\"TALI Concept Store\" \/>\n<meta property=\"article:publisher\" content=\"https:\/\/www.facebook.com\/TaliDisain\/\" \/>\n<meta property=\"article:modified_time\" content=\"2026-03-19T12:19:25+00:00\" \/>\n<meta property=\"og:image\" content=\"https:\/\/www.talidesign.eu\/wp\/wp-content\/uploads\/2023\/03\/zone-nova-one-toothbrush-taupe.jpg\" \/>\n\t<meta property=\"og:image:width\" content=\"768\" \/>\n\t<meta property=\"og:image:height\" content=\"768\" \/>\n\t<meta property=\"og:image:type\" content=\"image\/jpeg\" \/>\n<meta name=\"twitter:card\" content=\"summary_large_image\" \/>\n<meta name=\"twitter:label1\" content=\"Est. reading time\" \/>\n\t<meta name=\"twitter:data1\" content=\"1 minute\" \/>\n<script type=\"application\/ld+json\" class=\"yoast-schema-graph\">{\"@context\":\"https:\\\/\\\/schema.org\",\"@graph\":[{\"@type\":\"WebPage\",\"@id\":\"https:\\\/\\\/www.talidesign.eu\\\/et\\\/pood\\\/toode\\\/zone-nova-one-hambaharja-tops-taupe\\\/\",\"url\":\"https:\\\/\\\/www.talidesign.eu\\\/et\\\/pood\\\/toode\\\/zone-nova-one-hambaharja-tops-taupe\\\/\",\"name\":\"Zone Nova One hambaharja tops Taupe - TALI Concept Store\",\"isPartOf\":{\"@id\":\"https:\\\/\\\/www.talidesign.eu\\\/et\\\/#website\"},\"primaryImageOfPage\":{\"@id\":\"https:\\\/\\\/www.talidesign.eu\\\/et\\\/pood\\\/toode\\\/zone-nova-one-hambaharja-tops-taupe\\\/#primaryimage\"},\"image\":{\"@id\":\"https:\\\/\\\/www.talidesign.eu\\\/et\\\/pood\\\/toode\\\/zone-nova-one-hambaharja-tops-taupe\\\/#primaryimage\"},\"thumbnailUrl\":\"https:\\\/\\\/www.talidesign.eu\\\/wp\\\/wp-content\\\/uploads\\\/2023\\\/03\\\/zone-nova-one-toothbrush-taupe.jpg\",\"datePublished\":\"2023-03-04T12:22:28+00:00\",\"dateModified\":\"2026-03-19T12:19:25+00:00\",\"description\":\"Zone Nova One hambaharja tops Taupe - ajatu ja puhta vormiga portselanist toode, mis kuulub Thomas Dudzinski kujundatud Nova vannitoakollektsiooni. Tutvu Nova One seeria disaineriga!\",\"breadcrumb\":{\"@id\":\"https:\\\/\\\/www.talidesign.eu\\\/et\\\/pood\\\/toode\\\/zone-nova-one-hambaharja-tops-taupe\\\/#breadcrumb\"},\"inLanguage\":\"et\",\"potentialAction\":[{\"@type\":\"ReadAction\",\"target\":[\"https:\\\/\\\/www.talidesign.eu\\\/et\\\/pood\\\/toode\\\/zone-nova-one-hambaharja-tops-taupe\\\/\"]}]},{\"@type\":\"ImageObject\",\"inLanguage\":\"et\",\"@id\":\"https:\\\/\\\/www.talidesign.eu\\\/et\\\/pood\\\/toode\\\/zone-nova-one-hambaharja-tops-taupe\\\/#primaryimage\",\"url\":\"https:\\\/\\\/www.talidesign.eu\\\/wp\\\/wp-content\\\/uploads\\\/2023\\\/03\\\/zone-nova-one-toothbrush-taupe.jpg\",\"contentUrl\":\"https:\\\/\\\/www.talidesign.eu\\\/wp\\\/wp-content\\\/uploads\\\/2023\\\/03\\\/zone-nova-one-toothbrush-taupe.jpg\",\"width\":768,\"height\":768},{\"@type\":\"BreadcrumbList\",\"@id\":\"https:\\\/\\\/www.talidesign.eu\\\/et\\\/pood\\\/toode\\\/zone-nova-one-hambaharja-tops-taupe\\\/#breadcrumb\",\"itemListElement\":[{\"@type\":\"ListItem\",\"position\":1,\"name\":\"Avaleht\",\"item\":\"https:\\\/\\\/www.talidesign.eu\\\/et\\\/\"},{\"@type\":\"ListItem\",\"position\":2,\"name\":\"Pood\",\"item\":\"https:\\\/\\\/www.talidesign.eu\\\/et\\\/pood\\\/\"},{\"@type\":\"ListItem\",\"position\":3,\"name\":\"Zone Nova One hambaharja tops Taupe\"}]},{\"@type\":\"WebSite\",\"@id\":\"https:\\\/\\\/www.talidesign.eu\\\/et\\\/#website\",\"url\":\"https:\\\/\\\/www.talidesign.eu\\\/et\\\/\",\"name\":\"TALI Concept Store\",\"description\":\"Suurim Disainipood Eestis\",\"potentialAction\":[{\"@type\":\"SearchAction\",\"target\":{\"@type\":\"EntryPoint\",\"urlTemplate\":\"https:\\\/\\\/www.talidesign.eu\\\/et\\\/?s={search_term_string}\"},\"query-input\":{\"@type\":\"PropertyValueSpecification\",\"valueRequired\":true,\"valueName\":\"search_term_string\"}}],\"inLanguage\":\"et\"}]}<\/script>\n<!-- \/ Yoast SEO plugin. -->","yoast_head_json":{"title":"Zone Nova One hambaharja tops Taupe - TALI Concept Store","description":"Zone Nova One hambaharja tops Taupe - ajatu ja puhta vormiga portselanist toode, mis kuulub Thomas Dudzinski kujundatud Nova vannitoakollektsiooni. Tutvu Nova One seeria disaineriga!","robots":{"index":"index","follow":"follow","max-snippet":"max-snippet:-1","max-image-preview":"max-image-preview:large","max-video-preview":"max-video-preview:-1"},"canonical":"https:\/\/www.talidesign.eu\/et\/pood\/toode\/zone-nova-one-hambaharja-tops-taupe\/","og_locale":"et_EE","og_type":"article","og_title":"Zone Nova One hambaharja tops Taupe - TALI Concept Store","og_description":"Zone Nova One hambaharja tops Taupe - ajatu ja puhta vormiga portselanist toode, mis kuulub Thomas Dudzinski kujundatud Nova vannitoakollektsiooni. Tutvu Nova One seeria disaineriga!","og_url":"https:\/\/www.talidesign.eu\/et\/pood\/toode\/zone-nova-one-hambaharja-tops-taupe\/","og_site_name":"TALI Concept Store","article_publisher":"https:\/\/www.facebook.com\/TaliDisain\/","article_modified_time":"2026-03-19T12:19:25+00:00","og_image":[{"width":768,"height":768,"url":"https:\/\/www.talidesign.eu\/wp\/wp-content\/uploads\/2023\/03\/zone-nova-one-toothbrush-taupe.jpg","type":"image\/jpeg"}],"twitter_card":"summary_large_image","twitter_misc":{"Est. reading time":"1 minute"},"schema":{"@context":"https:\/\/schema.org","@graph":[{"@type":"WebPage","@id":"https:\/\/www.talidesign.eu\/et\/pood\/toode\/zone-nova-one-hambaharja-tops-taupe\/","url":"https:\/\/www.talidesign.eu\/et\/pood\/toode\/zone-nova-one-hambaharja-tops-taupe\/","name":"Zone Nova One hambaharja tops Taupe - TALI Concept Store","isPartOf":{"@id":"https:\/\/www.talidesign.eu\/et\/#website"},"primaryImageOfPage":{"@id":"https:\/\/www.talidesign.eu\/et\/pood\/toode\/zone-nova-one-hambaharja-tops-taupe\/#primaryimage"},"image":{"@id":"https:\/\/www.talidesign.eu\/et\/pood\/toode\/zone-nova-one-hambaharja-tops-taupe\/#primaryimage"},"thumbnailUrl":"https:\/\/www.talidesign.eu\/wp\/wp-content\/uploads\/2023\/03\/zone-nova-one-toothbrush-taupe.jpg","datePublished":"2023-03-04T12:22:28+00:00","dateModified":"2026-03-19T12:19:25+00:00","description":"Zone Nova One hambaharja tops Taupe - ajatu ja puhta vormiga portselanist toode, mis kuulub Thomas Dudzinski kujundatud Nova vannitoakollektsiooni. Tutvu Nova One seeria disaineriga!","breadcrumb":{"@id":"https:\/\/www.talidesign.eu\/et\/pood\/toode\/zone-nova-one-hambaharja-tops-taupe\/#breadcrumb"},"inLanguage":"et","potentialAction":[{"@type":"ReadAction","target":["https:\/\/www.talidesign.eu\/et\/pood\/toode\/zone-nova-one-hambaharja-tops-taupe\/"]}]},{"@type":"ImageObject","inLanguage":"et","@id":"https:\/\/www.talidesign.eu\/et\/pood\/toode\/zone-nova-one-hambaharja-tops-taupe\/#primaryimage","url":"https:\/\/www.talidesign.eu\/wp\/wp-content\/uploads\/2023\/03\/zone-nova-one-toothbrush-taupe.jpg","contentUrl":"https:\/\/www.talidesign.eu\/wp\/wp-content\/uploads\/2023\/03\/zone-nova-one-toothbrush-taupe.jpg","width":768,"height":768},{"@type":"BreadcrumbList","@id":"https:\/\/www.talidesign.eu\/et\/pood\/toode\/zone-nova-one-hambaharja-tops-taupe\/#breadcrumb","itemListElement":[{"@type":"ListItem","position":1,"name":"Avaleht","item":"https:\/\/www.talidesign.eu\/et\/"},{"@type":"ListItem","position":2,"name":"Pood","item":"https:\/\/www.talidesign.eu\/et\/pood\/"},{"@type":"ListItem","position":3,"name":"Zone Nova One hambaharja tops Taupe"}]},{"@type":"WebSite","@id":"https:\/\/www.talidesign.eu\/et\/#website","url":"https:\/\/www.talidesign.eu\/et\/","name":"TALI Concept Store","description":"Suurim Disainipood Eestis","potentialAction":[{"@type":"SearchAction","target":{"@type":"EntryPoint","urlTemplate":"https:\/\/www.talidesign.eu\/et\/?s={search_term_string}"},"query-input":{"@type":"PropertyValueSpecification","valueRequired":true,"valueName":"search_term_string"}}],"inLanguage":"et"}]}},"_links":{"self":[{"href":"https:\/\/www.talidesign.eu\/et\/wp-json\/wp\/v2\/product\/69180","targetHints":{"allow":["GET"]}}],"collection":[{"href":"https:\/\/www.talidesign.eu\/et\/wp-json\/wp\/v2\/product"}],"about":[{"href":"https:\/\/www.talidesign.eu\/et\/wp-json\/wp\/v2\/types\/product"}],"wp:featuredmedia":[{"embeddable":true,"href":"https:\/\/www.talidesign.eu\/et\/wp-json\/wp\/v2\/media\/69184"}],"wp:attachment":[{"href":"https:\/\/www.talidesign.eu\/et\/wp-json\/wp\/v2\/media?parent=69180"}],"wp:term":[{"taxonomy":"product_brand","embeddable":true,"href":"https:\/\/www.talidesign.eu\/et\/wp-json\/wp\/v2\/product_brand?post=69180"},{"taxonomy":"product_cat","embeddable":true,"href":"https:\/\/www.talidesign.eu\/et\/wp-json\/wp\/v2\/product_cat?post=69180"},{"taxonomy":"product_tag","embeddable":true,"href":"https:\/\/www.talidesign.eu\/et\/wp-json\/wp\/v2\/product_tag?post=69180"}],"curies":[{"name":"wp","href":"https:\/\/api.w.org\/{rel}","templated":true}]}}