{"id":69834,"date":"2023-03-14T12:59:52","date_gmt":"2023-03-14T10:59:52","guid":{"rendered":"https:\/\/www.talidesign.eu\/?post_type=product&#038;p=69834"},"modified":"2023-11-23T15:49:56","modified_gmt":"2023-11-23T13:49:56","slug":"24bottles-lounakarp-brushed-steel","status":"publish","type":"product","link":"https:\/\/www.talidesign.eu\/et\/pood\/toode\/24bottles-lounakarp-brushed-steel\/","title":{"rendered":"24Bottles L\u00f5unakarp Brushed Steel"},"content":{"rendered":"<p><strong>L\u00f5unakarp Brushed Steel<\/strong><\/p>\n<p>24Bottles L\u00f5unakarp on 100% lekkekindel ja selle sektsioonide s\u00fcsteem s\u00e4ilitab teie eine maitse, et muuta teie vaheaeg igap\u00e4evaseks naudinguks.<\/p>\n<p>See on loodud hoidma k\u00f5ike, mida vajate, v\u00f5ttes v\u00e4hem ruumi ja muutes teie elu lihtsamaks.<\/p>\n<p>\u2022 <a href=\"\/et\/tootekategooria\/brandid\/24bottles-et\/\">Br\u00e4nd 24Bottles<\/a><br \/>\n\u2022 Kaalub vaid 650 g<br \/>\n\u2022 M\u00f5\u00f5dud 21,3 x 16,1 x 6,3 cm<br \/>\n\u2022 18\/8 roostevabast terasest v\u00e4liskaitse<br \/>\n\u2022 BPA-vaba, pol\u00fcprop\u00fcleenist toidualus<br \/>\n\u2022 BPA vaba purk<br \/>\n\u2022 Lekkekindel silikoontihend<br \/>\n\u2022 Topelt ohutuss\u00fcsteem<br \/>\n\u2022 S\u00f6\u00f6giriistade komplekt ei kuulu toote juurde<\/p>\n<p><strong>Br\u00e4ndist 24Bottles\u00ae<\/strong><\/p>\n<p>Itaalia br\u00e4ndi asutajate Giovanni Randazzo ja Matteo Melotti eesm\u00e4rk on v\u00e4hendada \u00fchekordse taara mahtu ning selle m\u00f5ju keskkonnale. Pakkudes kvaliteetset toodet ning esteetilist disaini, p\u00fc\u00fcavad disainerid suunata inimesi tervislikuma elustiili ning puhtama keskkonna poole.<\/p>\n<p><a href=https:\/\/www.talidesign.eu\/wp\/wp-content\/uploads\/2020\/04\/24bottle.jpg><img class=\"alignnone size-full wp-image-9609\" src=https:\/\/www.talidesign.eu\/wp\/wp-content\/uploads\/2020\/04\/24bottle.jpg alt=\"\" width=\"826\" height=\"537\" \/><\/a><br \/>\n<em>Giovanni Randazzo and Matteo Melotti founders of 24Bottles\u00ae<\/em><\/p>\n","protected":false},"excerpt":{"rendered":"<p><strong>L\u00f5unakarp Brushed Steel<\/strong><\/p>\n<p>24Bottles L\u00f5unakarp on 100% lekkekindel ja selle sektsioonide s\u00fcsteem s\u00e4ilitab teie eine maitse, et muuta teie vaheaeg igap\u00e4evaseks naudinguks.<\/p>\n<p>See on loodud hoidma k\u00f5ike, mida vajate, v\u00f5ttes v\u00e4hem ruumi ja muutes teie elu lihtsamaks.<\/p>\n<p>\u2022 <a href=\"\/et\/tootekategooria\/brandid\/24bottles-et\/\">Br\u00e4nd 24Bottles<\/a><br \/>\n\u2022 Kaalub vaid 650 g<br \/>\n\u2022 M\u00f5\u00f5dud 21,3 x 16,1 x 6,3 cm<br \/>\n\u2022 18\/8 roostevabast terasest v\u00e4liskaitse<br \/>\n\u2022 BPA-vaba, pol\u00fcprop\u00fcleenist toidualus<br \/>\n\u2022 BPA vaba purk<br \/>\n\u2022 Lekkekindel silikoontihend<br \/>\n\u2022 Topelt ohutuss\u00fcsteem<br \/>\n\u2022 S\u00f6\u00f6giriistade komplekt ei kuulu toote juurde<\/p>\n<p><strong>Br\u00e4ndist 24Bottles\u00ae<\/strong><\/p>\n<p>Itaalia br\u00e4ndi asutajate Giovanni Randazzo ja Matteo Melotti eesm\u00e4rk on v\u00e4hendada \u00fchekordse taara mahtu ning selle m\u00f5ju keskkonnale. Pakkudes kvaliteetset toodet ning esteetilist disaini, p\u00fc\u00fcavad disainerid suunata inimesi tervislikuma elustiili ning puhtama keskkonna poole.<\/p>\n<p><a href=https:\/\/www.talidesign.eu\/wp\/wp-content\/uploads\/2020\/04\/24bottle.jpg><img class=\"alignnone size-full wp-image-9609\" src=https:\/\/www.talidesign.eu\/wp\/wp-content\/uploads\/2020\/04\/24bottle.jpg alt=\"\" width=\"826\" height=\"537\" \/><\/a><br \/>\n<em>Giovanni Randazzo and Matteo Melotti founders of 24Bottles\u00ae<\/em><\/p>\n","protected":false},"featured_media":70309,"template":"","meta":[],"product_brand":[],"product_cat":[1029,1026,1031,1018,1030],"product_tag":[1480],"class_list":{"0":"post-69834","1":"product","2":"type-product","3":"status-publish","4":"has-post-thumbnail","6":"product_cat-24bottles-et","7":"product_cat-brandid","8":"product_cat-hoiustamine","9":"product_cat-kodu","10":"product_cat-kook","11":"product_tag-24bottles-et","13":"first","14":"outofstock","15":"taxable","16":"shipping-taxable","17":"purchasable","18":"product-type-simple"},"yoast_head":"<!-- This site is optimized with the Yoast SEO plugin v27.3 - https:\/\/yoast.com\/product\/yoast-seo-wordpress\/ -->\n<title>24Bottles L\u00f5unakarp Brushed Steel - TALI Concept Store<\/title>\n<meta name=\"description\" content=\"24Bottles L\u00f5unakarp Brushed Steel - 100% lekkekindel, kompaktne ja mugav l\u00f5unakarp, mis muudab teie vaheaja nauditavaks. V\u00e4hendage j\u00e4\u00e4tmete hulka ja elage tervislikumalt.\" \/>\n<meta name=\"robots\" content=\"index, follow, max-snippet:-1, max-image-preview:large, max-video-preview:-1\" \/>\n<link rel=\"canonical\" href=\"https:\/\/www.talidesign.eu\/et\/pood\/toode\/24bottles-lounakarp-brushed-steel\/\" \/>\n<meta property=\"og:locale\" content=\"et_EE\" \/>\n<meta property=\"og:type\" content=\"article\" \/>\n<meta property=\"og:title\" content=\"24Bottles L\u00f5unakarp Brushed Steel - TALI Concept Store\" \/>\n<meta property=\"og:description\" content=\"24Bottles L\u00f5unakarp Brushed Steel - 100% lekkekindel, kompaktne ja mugav l\u00f5unakarp, mis muudab teie vaheaja nauditavaks. V\u00e4hendage j\u00e4\u00e4tmete hulka ja elage tervislikumalt.\" \/>\n<meta property=\"og:url\" content=\"https:\/\/www.talidesign.eu\/et\/pood\/toode\/24bottles-lounakarp-brushed-steel\/\" \/>\n<meta property=\"og:site_name\" content=\"TALI Concept Store\" \/>\n<meta property=\"article:publisher\" content=\"https:\/\/www.facebook.com\/TaliDisain\/\" \/>\n<meta property=\"article:modified_time\" content=\"2023-11-23T13:49:56+00:00\" \/>\n<meta property=\"og:image\" content=\"https:\/\/www.talidesign.eu\/wp\/wp-content\/uploads\/2023\/03\/2-Front_b036d45d-d0b9-4b23-a444-9900eb44e2ef-768x7681-1.jpg\" \/>\n\t<meta property=\"og:image:width\" content=\"768\" \/>\n\t<meta property=\"og:image:height\" content=\"768\" \/>\n\t<meta property=\"og:image:type\" content=\"image\/jpeg\" \/>\n<meta name=\"twitter:card\" content=\"summary_large_image\" \/>\n<meta name=\"twitter:label1\" content=\"Est. reading time\" \/>\n\t<meta name=\"twitter:data1\" content=\"1 minute\" \/>\n<script type=\"application\/ld+json\" class=\"yoast-schema-graph\">{\"@context\":\"https:\\\/\\\/schema.org\",\"@graph\":[{\"@type\":\"WebPage\",\"@id\":\"https:\\\/\\\/www.talidesign.eu\\\/et\\\/pood\\\/toode\\\/24bottles-lounakarp-brushed-steel\\\/\",\"url\":\"https:\\\/\\\/www.talidesign.eu\\\/et\\\/pood\\\/toode\\\/24bottles-lounakarp-brushed-steel\\\/\",\"name\":\"24Bottles L\u00f5unakarp Brushed Steel - TALI Concept Store\",\"isPartOf\":{\"@id\":\"https:\\\/\\\/www.talidesign.eu\\\/et\\\/#website\"},\"primaryImageOfPage\":{\"@id\":\"https:\\\/\\\/www.talidesign.eu\\\/et\\\/pood\\\/toode\\\/24bottles-lounakarp-brushed-steel\\\/#primaryimage\"},\"image\":{\"@id\":\"https:\\\/\\\/www.talidesign.eu\\\/et\\\/pood\\\/toode\\\/24bottles-lounakarp-brushed-steel\\\/#primaryimage\"},\"thumbnailUrl\":\"https:\\\/\\\/www.talidesign.eu\\\/wp\\\/wp-content\\\/uploads\\\/2023\\\/03\\\/2-Front_b036d45d-d0b9-4b23-a444-9900eb44e2ef-768x7681-1.jpg\",\"datePublished\":\"2023-03-14T10:59:52+00:00\",\"dateModified\":\"2023-11-23T13:49:56+00:00\",\"description\":\"24Bottles L\u00f5unakarp Brushed Steel - 100% lekkekindel, kompaktne ja mugav l\u00f5unakarp, mis muudab teie vaheaja nauditavaks. V\u00e4hendage j\u00e4\u00e4tmete hulka ja elage tervislikumalt.\",\"breadcrumb\":{\"@id\":\"https:\\\/\\\/www.talidesign.eu\\\/et\\\/pood\\\/toode\\\/24bottles-lounakarp-brushed-steel\\\/#breadcrumb\"},\"inLanguage\":\"et\",\"potentialAction\":[{\"@type\":\"ReadAction\",\"target\":[\"https:\\\/\\\/www.talidesign.eu\\\/et\\\/pood\\\/toode\\\/24bottles-lounakarp-brushed-steel\\\/\"]}]},{\"@type\":\"ImageObject\",\"inLanguage\":\"et\",\"@id\":\"https:\\\/\\\/www.talidesign.eu\\\/et\\\/pood\\\/toode\\\/24bottles-lounakarp-brushed-steel\\\/#primaryimage\",\"url\":\"https:\\\/\\\/www.talidesign.eu\\\/wp\\\/wp-content\\\/uploads\\\/2023\\\/03\\\/2-Front_b036d45d-d0b9-4b23-a444-9900eb44e2ef-768x7681-1.jpg\",\"contentUrl\":\"https:\\\/\\\/www.talidesign.eu\\\/wp\\\/wp-content\\\/uploads\\\/2023\\\/03\\\/2-Front_b036d45d-d0b9-4b23-a444-9900eb44e2ef-768x7681-1.jpg\",\"width\":768,\"height\":768},{\"@type\":\"BreadcrumbList\",\"@id\":\"https:\\\/\\\/www.talidesign.eu\\\/et\\\/pood\\\/toode\\\/24bottles-lounakarp-brushed-steel\\\/#breadcrumb\",\"itemListElement\":[{\"@type\":\"ListItem\",\"position\":1,\"name\":\"Avaleht\",\"item\":\"https:\\\/\\\/www.talidesign.eu\\\/et\\\/\"},{\"@type\":\"ListItem\",\"position\":2,\"name\":\"Pood\",\"item\":\"https:\\\/\\\/www.talidesign.eu\\\/et\\\/pood\\\/\"},{\"@type\":\"ListItem\",\"position\":3,\"name\":\"24Bottles L\u00f5unakarp Brushed Steel\"}]},{\"@type\":\"WebSite\",\"@id\":\"https:\\\/\\\/www.talidesign.eu\\\/et\\\/#website\",\"url\":\"https:\\\/\\\/www.talidesign.eu\\\/et\\\/\",\"name\":\"TALI Concept Store\",\"description\":\"Suurim Disainipood Eestis\",\"potentialAction\":[{\"@type\":\"SearchAction\",\"target\":{\"@type\":\"EntryPoint\",\"urlTemplate\":\"https:\\\/\\\/www.talidesign.eu\\\/et\\\/?s={search_term_string}\"},\"query-input\":{\"@type\":\"PropertyValueSpecification\",\"valueRequired\":true,\"valueName\":\"search_term_string\"}}],\"inLanguage\":\"et\"}]}<\/script>\n<!-- \/ Yoast SEO plugin. -->","yoast_head_json":{"title":"24Bottles L\u00f5unakarp Brushed Steel - TALI Concept Store","description":"24Bottles L\u00f5unakarp Brushed Steel - 100% lekkekindel, kompaktne ja mugav l\u00f5unakarp, mis muudab teie vaheaja nauditavaks. V\u00e4hendage j\u00e4\u00e4tmete hulka ja elage tervislikumalt.","robots":{"index":"index","follow":"follow","max-snippet":"max-snippet:-1","max-image-preview":"max-image-preview:large","max-video-preview":"max-video-preview:-1"},"canonical":"https:\/\/www.talidesign.eu\/et\/pood\/toode\/24bottles-lounakarp-brushed-steel\/","og_locale":"et_EE","og_type":"article","og_title":"24Bottles L\u00f5unakarp Brushed Steel - TALI Concept Store","og_description":"24Bottles L\u00f5unakarp Brushed Steel - 100% lekkekindel, kompaktne ja mugav l\u00f5unakarp, mis muudab teie vaheaja nauditavaks. V\u00e4hendage j\u00e4\u00e4tmete hulka ja elage tervislikumalt.","og_url":"https:\/\/www.talidesign.eu\/et\/pood\/toode\/24bottles-lounakarp-brushed-steel\/","og_site_name":"TALI Concept Store","article_publisher":"https:\/\/www.facebook.com\/TaliDisain\/","article_modified_time":"2023-11-23T13:49:56+00:00","og_image":[{"width":768,"height":768,"url":"https:\/\/www.talidesign.eu\/wp\/wp-content\/uploads\/2023\/03\/2-Front_b036d45d-d0b9-4b23-a444-9900eb44e2ef-768x7681-1.jpg","type":"image\/jpeg"}],"twitter_card":"summary_large_image","twitter_misc":{"Est. reading time":"1 minute"},"schema":{"@context":"https:\/\/schema.org","@graph":[{"@type":"WebPage","@id":"https:\/\/www.talidesign.eu\/et\/pood\/toode\/24bottles-lounakarp-brushed-steel\/","url":"https:\/\/www.talidesign.eu\/et\/pood\/toode\/24bottles-lounakarp-brushed-steel\/","name":"24Bottles L\u00f5unakarp Brushed Steel - TALI Concept Store","isPartOf":{"@id":"https:\/\/www.talidesign.eu\/et\/#website"},"primaryImageOfPage":{"@id":"https:\/\/www.talidesign.eu\/et\/pood\/toode\/24bottles-lounakarp-brushed-steel\/#primaryimage"},"image":{"@id":"https:\/\/www.talidesign.eu\/et\/pood\/toode\/24bottles-lounakarp-brushed-steel\/#primaryimage"},"thumbnailUrl":"https:\/\/www.talidesign.eu\/wp\/wp-content\/uploads\/2023\/03\/2-Front_b036d45d-d0b9-4b23-a444-9900eb44e2ef-768x7681-1.jpg","datePublished":"2023-03-14T10:59:52+00:00","dateModified":"2023-11-23T13:49:56+00:00","description":"24Bottles L\u00f5unakarp Brushed Steel - 100% lekkekindel, kompaktne ja mugav l\u00f5unakarp, mis muudab teie vaheaja nauditavaks. V\u00e4hendage j\u00e4\u00e4tmete hulka ja elage tervislikumalt.","breadcrumb":{"@id":"https:\/\/www.talidesign.eu\/et\/pood\/toode\/24bottles-lounakarp-brushed-steel\/#breadcrumb"},"inLanguage":"et","potentialAction":[{"@type":"ReadAction","target":["https:\/\/www.talidesign.eu\/et\/pood\/toode\/24bottles-lounakarp-brushed-steel\/"]}]},{"@type":"ImageObject","inLanguage":"et","@id":"https:\/\/www.talidesign.eu\/et\/pood\/toode\/24bottles-lounakarp-brushed-steel\/#primaryimage","url":"https:\/\/www.talidesign.eu\/wp\/wp-content\/uploads\/2023\/03\/2-Front_b036d45d-d0b9-4b23-a444-9900eb44e2ef-768x7681-1.jpg","contentUrl":"https:\/\/www.talidesign.eu\/wp\/wp-content\/uploads\/2023\/03\/2-Front_b036d45d-d0b9-4b23-a444-9900eb44e2ef-768x7681-1.jpg","width":768,"height":768},{"@type":"BreadcrumbList","@id":"https:\/\/www.talidesign.eu\/et\/pood\/toode\/24bottles-lounakarp-brushed-steel\/#breadcrumb","itemListElement":[{"@type":"ListItem","position":1,"name":"Avaleht","item":"https:\/\/www.talidesign.eu\/et\/"},{"@type":"ListItem","position":2,"name":"Pood","item":"https:\/\/www.talidesign.eu\/et\/pood\/"},{"@type":"ListItem","position":3,"name":"24Bottles L\u00f5unakarp Brushed Steel"}]},{"@type":"WebSite","@id":"https:\/\/www.talidesign.eu\/et\/#website","url":"https:\/\/www.talidesign.eu\/et\/","name":"TALI Concept Store","description":"Suurim Disainipood Eestis","potentialAction":[{"@type":"SearchAction","target":{"@type":"EntryPoint","urlTemplate":"https:\/\/www.talidesign.eu\/et\/?s={search_term_string}"},"query-input":{"@type":"PropertyValueSpecification","valueRequired":true,"valueName":"search_term_string"}}],"inLanguage":"et"}]}},"_links":{"self":[{"href":"https:\/\/www.talidesign.eu\/et\/wp-json\/wp\/v2\/product\/69834","targetHints":{"allow":["GET"]}}],"collection":[{"href":"https:\/\/www.talidesign.eu\/et\/wp-json\/wp\/v2\/product"}],"about":[{"href":"https:\/\/www.talidesign.eu\/et\/wp-json\/wp\/v2\/types\/product"}],"wp:featuredmedia":[{"embeddable":true,"href":"https:\/\/www.talidesign.eu\/et\/wp-json\/wp\/v2\/media\/70309"}],"wp:attachment":[{"href":"https:\/\/www.talidesign.eu\/et\/wp-json\/wp\/v2\/media?parent=69834"}],"wp:term":[{"taxonomy":"product_brand","embeddable":true,"href":"https:\/\/www.talidesign.eu\/et\/wp-json\/wp\/v2\/product_brand?post=69834"},{"taxonomy":"product_cat","embeddable":true,"href":"https:\/\/www.talidesign.eu\/et\/wp-json\/wp\/v2\/product_cat?post=69834"},{"taxonomy":"product_tag","embeddable":true,"href":"https:\/\/www.talidesign.eu\/et\/wp-json\/wp\/v2\/product_tag?post=69834"}],"curies":[{"name":"wp","href":"https:\/\/api.w.org\/{rel}","templated":true}]}}