{"id":69965,"date":"2023-03-17T08:53:32","date_gmt":"2023-03-17T06:53:32","guid":{"rendered":"https:\/\/www.talidesign.eu\/?post_type=product&#038;p=69965"},"modified":"2023-06-14T14:28:50","modified_gmt":"2023-06-14T11:28:50","slug":"meller-eco-chauen-paikeseprillid-fog-olive","status":"publish","type":"product","link":"https:\/\/www.talidesign.eu\/et\/pood\/toode\/meller-eco-chauen-paikeseprillid-fog-olive\/","title":{"rendered":"Meller Eco Chauen p\u00e4ikeseprillid Fog Olive"},"content":{"rendered":"<p><strong>Eco Chauen p\u00e4ikeseprillid Fog Olive<\/strong><\/p>\n<p>Elegantne kollektsioon tugevale persoonile.<\/p>\n<p>Milleks Eco?<\/p>\n<p>Meller toob turule uue biop\u00f5histe prillide sarja, mis pakub keskkonnas\u00f5bralikumat alternatiivi, v\u00e4hendades mittes\u00e4\u00e4stlike plastide kasutamist. Raamid on valmistatud 45% looduslikest materjalidest, mis v\u00e4hendab fossiilsete materjalide kasutamist ja s\u00fcsinikdioksiidi heitkoguseid.<\/p>\n<p>\u2022 UV-kaitse UV400: 3. kategooria<br \/>\n\u2022 L\u00e4\u00e4ts: Saksa Tac polariseeritud, kriimustusvastane, super hydrfobic film<br \/>\n\u2022 Materjal: Bio-based G850<br \/>\n\u2022 Laius: 136 mm, k\u00f5rgus: 42 mm, s\u00fcgavus: 142 mm<br \/>\n\u2022 Kuju: Geomeetriline<br \/>\n\u2022 L\u00e4\u00e4tse v\u00e4rv: Roheline<br \/>\n\u2022 Raami v\u00e4rv: Roheline<br \/>\n\u2022 <a href=\"\/et\/tootekategooria\/brandid\/meller-et\/\">Br\u00e4nd Meller<\/a><\/p>\n<p>Ideaalne tasakaal mugavuse ja vastupidavuse vahel.<\/p>\n<p><strong>Br\u00e4ndist<\/strong><\/p>\n<p>Aastal 2014 asutasid Sergi Benet, Borja Nadal ja Marco Grandi Meller br\u00e4ndi.<\/p>\n<p>Alguses m\u00fc\u00fcsid nad oma tooteid garaa\u017eist&#8230; t\u00e4naseks on Mellerist saanud \u00fcks m\u00f5jukamaid kaubam\u00e4rke ravhusvahelisel areenil.<\/p>\n<p><a href=\"\/et\/tootekategooria\/brandid\/meller-et\/\"><img loading=\"lazy\" decoding=\"async\" src=\"https:\/\/www.talidesign.eu\/wp\/wp-content\/uploads\/2021\/07\/meller-1.jpg\" alt=\"\" width=\"400\" height=\"100\" class=\"alignnone size-full wp-image-31744\" \/><\/a><\/p>\n","protected":false},"excerpt":{"rendered":"<p><strong>Eco Chauen p\u00e4ikeseprillid Fog Olive<\/strong><\/p>\n<p>Elegantne kollektsioon tugevale persoonile.<\/p>\n<p>Milleks Eco?<\/p>\n<p>Meller toob turule uue biop\u00f5histe prillide sarja, mis pakub keskkonnas\u00f5bralikumat alternatiivi, v\u00e4hendades mittes\u00e4\u00e4stlike plastide kasutamist. Raamid on valmistatud 45% looduslikest materjalidest, mis v\u00e4hendab fossiilsete materjalide kasutamist ja s\u00fcsinikdioksiidi heitkoguseid.<\/p>\n<p>\u2022 UV-kaitse UV400: 3. kategooria<br \/>\n\u2022 L\u00e4\u00e4ts: Saksa Tac polariseeritud, kriimustusvastane, super hydrfobic film<br \/>\n\u2022 Materjal: Bio-based G850<br \/>\n\u2022 Laius: 136 mm, k\u00f5rgus: 42 mm, s\u00fcgavus: 142 mm<br \/>\n\u2022 Kuju: Geomeetriline<br \/>\n\u2022 L\u00e4\u00e4tse v\u00e4rv: Roheline<br \/>\n\u2022 Raami v\u00e4rv: Roheline<br \/>\n\u2022 <a href=\"\/et\/tootekategooria\/brandid\/meller-et\/\">Br\u00e4nd Meller<\/a><\/p>\n<p>Ideaalne tasakaal mugavuse ja vastupidavuse vahel.<\/p>\n<p><strong>Br\u00e4ndist<\/strong><\/p>\n<p>Aastal 2014 asutasid Sergi Benet, Borja Nadal ja Marco Grandi Meller br\u00e4ndi.<\/p>\n<p>Alguses m\u00fc\u00fcsid nad oma tooteid garaa\u017eist&#8230; t\u00e4naseks on Mellerist saanud \u00fcks m\u00f5jukamaid kaubam\u00e4rke ravhusvahelisel areenil.<\/p>\n<p><a href=\"\/et\/tootekategooria\/brandid\/meller-et\/\"><img loading=\"lazy\" decoding=\"async\" src=\"https:\/\/www.talidesign.eu\/wp\/wp-content\/uploads\/2021\/07\/meller-1.jpg\" alt=\"\" width=\"400\" height=\"100\" class=\"alignnone size-full wp-image-31744\" \/><\/a><\/p>\n","protected":false},"featured_media":60011,"template":"","meta":[],"product_brand":[],"product_cat":[1026,1067,1173,1128],"product_tag":[1750],"class_list":{"0":"post-69965","1":"product","2":"type-product","3":"status-publish","4":"has-post-thumbnail","6":"product_cat-brandid","7":"product_cat-meller-et","8":"product_cat-paikeseprillid","9":"product_cat-meeste-paikeseprillid","10":"product_tag-meller-et","12":"first","13":"outofstock","14":"taxable","15":"shipping-taxable","16":"purchasable","17":"product-type-simple"},"yoast_head":"<!-- This site is optimized with the Yoast SEO plugin v27.3 - https:\/\/yoast.com\/product\/yoast-seo-wordpress\/ -->\n<title>Meller Eco Chauen p\u00e4ikeseprillid Fog Olive - TALI Concept Store<\/title>\n<meta name=\"robots\" content=\"index, follow, max-snippet:-1, max-image-preview:large, max-video-preview:-1\" \/>\n<link rel=\"canonical\" href=\"https:\/\/www.talidesign.eu\/et\/pood\/toode\/meller-eco-chauen-paikeseprillid-fog-olive\/\" \/>\n<meta property=\"og:locale\" content=\"et_EE\" \/>\n<meta property=\"og:type\" content=\"article\" \/>\n<meta property=\"og:title\" content=\"Meller Eco Chauen p\u00e4ikeseprillid Fog Olive - TALI Concept Store\" \/>\n<meta property=\"og:description\" content=\"Eco Chauen p\u00e4ikeseprillid Fog Olive  Elegantne kollektsioon tugevale persoonile.  Milleks Eco?  Meller toob turule uue biop\u00f5histe prillide sarja, mis pakub keskkonnas\u00f5bralikumat alternatiivi, v\u00e4hendades mittes\u00e4\u00e4stlike plastide kasutamist. Raamid on valmistatud 45% looduslikest materjalidest, mis v\u00e4hendab fossiilsete materjalide kasutamist ja s\u00fcsinikdioksiidi heitkoguseid.  \u2022 UV-kaitse UV400: 3. kategooria \u2022 L\u00e4\u00e4ts: Saksa Tac polariseeritud, kriimustusvastane, super hydrfobic film \u2022 Materjal: Bio-based G850 \u2022 Laius: 136 mm, k\u00f5rgus: 42 mm, s\u00fcgavus: 142 mm \u2022 Kuju: Geomeetriline \u2022 L\u00e4\u00e4tse v\u00e4rv: Roheline \u2022 Raami v\u00e4rv: Roheline \u2022 Br\u00e4nd Meller  Ideaalne tasakaal mugavuse ja vastupidavuse vahel.  Br\u00e4ndist  Aastal 2014 asutasid Sergi Benet, Borja Nadal ja Marco Grandi Meller br\u00e4ndi.  Alguses m\u00fc\u00fcsid nad oma tooteid garaa\u017eist... t\u00e4naseks on Mellerist saanud \u00fcks m\u00f5jukamaid kaubam\u00e4rke ravhusvahelisel areenil.\" \/>\n<meta property=\"og:url\" content=\"https:\/\/www.talidesign.eu\/et\/pood\/toode\/meller-eco-chauen-paikeseprillid-fog-olive\/\" \/>\n<meta property=\"og:site_name\" content=\"TALI Concept Store\" \/>\n<meta property=\"article:publisher\" content=\"https:\/\/www.facebook.com\/TaliDisain\/\" \/>\n<meta property=\"article:modified_time\" content=\"2023-06-14T11:28:50+00:00\" \/>\n<meta property=\"og:image\" content=\"https:\/\/www.talidesign.eu\/wp\/wp-content\/uploads\/2022\/08\/meller-chauen-fog-olive.jpg\" \/>\n\t<meta property=\"og:image:width\" content=\"768\" \/>\n\t<meta property=\"og:image:height\" content=\"768\" \/>\n\t<meta property=\"og:image:type\" content=\"image\/jpeg\" \/>\n<meta name=\"twitter:card\" content=\"summary_large_image\" \/>\n<meta name=\"twitter:label1\" content=\"Est. reading time\" \/>\n\t<meta name=\"twitter:data1\" content=\"1 minute\" \/>\n<script type=\"application\/ld+json\" class=\"yoast-schema-graph\">{\"@context\":\"https:\\\/\\\/schema.org\",\"@graph\":[{\"@type\":\"WebPage\",\"@id\":\"https:\\\/\\\/www.talidesign.eu\\\/et\\\/pood\\\/toode\\\/meller-eco-chauen-paikeseprillid-fog-olive\\\/\",\"url\":\"https:\\\/\\\/www.talidesign.eu\\\/et\\\/pood\\\/toode\\\/meller-eco-chauen-paikeseprillid-fog-olive\\\/\",\"name\":\"Meller Eco Chauen p\u00e4ikeseprillid Fog Olive - TALI Concept Store\",\"isPartOf\":{\"@id\":\"https:\\\/\\\/www.talidesign.eu\\\/et\\\/#website\"},\"primaryImageOfPage\":{\"@id\":\"https:\\\/\\\/www.talidesign.eu\\\/et\\\/pood\\\/toode\\\/meller-eco-chauen-paikeseprillid-fog-olive\\\/#primaryimage\"},\"image\":{\"@id\":\"https:\\\/\\\/www.talidesign.eu\\\/et\\\/pood\\\/toode\\\/meller-eco-chauen-paikeseprillid-fog-olive\\\/#primaryimage\"},\"thumbnailUrl\":\"https:\\\/\\\/www.talidesign.eu\\\/wp\\\/wp-content\\\/uploads\\\/2022\\\/08\\\/meller-chauen-fog-olive.jpg\",\"datePublished\":\"2023-03-17T06:53:32+00:00\",\"dateModified\":\"2023-06-14T11:28:50+00:00\",\"breadcrumb\":{\"@id\":\"https:\\\/\\\/www.talidesign.eu\\\/et\\\/pood\\\/toode\\\/meller-eco-chauen-paikeseprillid-fog-olive\\\/#breadcrumb\"},\"inLanguage\":\"et\",\"potentialAction\":[{\"@type\":\"ReadAction\",\"target\":[\"https:\\\/\\\/www.talidesign.eu\\\/et\\\/pood\\\/toode\\\/meller-eco-chauen-paikeseprillid-fog-olive\\\/\"]}]},{\"@type\":\"ImageObject\",\"inLanguage\":\"et\",\"@id\":\"https:\\\/\\\/www.talidesign.eu\\\/et\\\/pood\\\/toode\\\/meller-eco-chauen-paikeseprillid-fog-olive\\\/#primaryimage\",\"url\":\"https:\\\/\\\/www.talidesign.eu\\\/wp\\\/wp-content\\\/uploads\\\/2022\\\/08\\\/meller-chauen-fog-olive.jpg\",\"contentUrl\":\"https:\\\/\\\/www.talidesign.eu\\\/wp\\\/wp-content\\\/uploads\\\/2022\\\/08\\\/meller-chauen-fog-olive.jpg\",\"width\":768,\"height\":768},{\"@type\":\"BreadcrumbList\",\"@id\":\"https:\\\/\\\/www.talidesign.eu\\\/et\\\/pood\\\/toode\\\/meller-eco-chauen-paikeseprillid-fog-olive\\\/#breadcrumb\",\"itemListElement\":[{\"@type\":\"ListItem\",\"position\":1,\"name\":\"Avaleht\",\"item\":\"https:\\\/\\\/www.talidesign.eu\\\/et\\\/\"},{\"@type\":\"ListItem\",\"position\":2,\"name\":\"Pood\",\"item\":\"https:\\\/\\\/www.talidesign.eu\\\/et\\\/pood\\\/\"},{\"@type\":\"ListItem\",\"position\":3,\"name\":\"Meller Eco Chauen p\u00e4ikeseprillid Fog Olive\"}]},{\"@type\":\"WebSite\",\"@id\":\"https:\\\/\\\/www.talidesign.eu\\\/et\\\/#website\",\"url\":\"https:\\\/\\\/www.talidesign.eu\\\/et\\\/\",\"name\":\"TALI Concept Store\",\"description\":\"Suurim Disainipood Eestis\",\"potentialAction\":[{\"@type\":\"SearchAction\",\"target\":{\"@type\":\"EntryPoint\",\"urlTemplate\":\"https:\\\/\\\/www.talidesign.eu\\\/et\\\/?s={search_term_string}\"},\"query-input\":{\"@type\":\"PropertyValueSpecification\",\"valueRequired\":true,\"valueName\":\"search_term_string\"}}],\"inLanguage\":\"et\"}]}<\/script>\n<!-- \/ Yoast SEO plugin. -->","yoast_head_json":{"title":"Meller Eco Chauen p\u00e4ikeseprillid Fog Olive - TALI Concept Store","robots":{"index":"index","follow":"follow","max-snippet":"max-snippet:-1","max-image-preview":"max-image-preview:large","max-video-preview":"max-video-preview:-1"},"canonical":"https:\/\/www.talidesign.eu\/et\/pood\/toode\/meller-eco-chauen-paikeseprillid-fog-olive\/","og_locale":"et_EE","og_type":"article","og_title":"Meller Eco Chauen p\u00e4ikeseprillid Fog Olive - TALI Concept Store","og_description":"Eco Chauen p\u00e4ikeseprillid Fog Olive  Elegantne kollektsioon tugevale persoonile.  Milleks Eco?  Meller toob turule uue biop\u00f5histe prillide sarja, mis pakub keskkonnas\u00f5bralikumat alternatiivi, v\u00e4hendades mittes\u00e4\u00e4stlike plastide kasutamist. Raamid on valmistatud 45% looduslikest materjalidest, mis v\u00e4hendab fossiilsete materjalide kasutamist ja s\u00fcsinikdioksiidi heitkoguseid.  \u2022 UV-kaitse UV400: 3. kategooria \u2022 L\u00e4\u00e4ts: Saksa Tac polariseeritud, kriimustusvastane, super hydrfobic film \u2022 Materjal: Bio-based G850 \u2022 Laius: 136 mm, k\u00f5rgus: 42 mm, s\u00fcgavus: 142 mm \u2022 Kuju: Geomeetriline \u2022 L\u00e4\u00e4tse v\u00e4rv: Roheline \u2022 Raami v\u00e4rv: Roheline \u2022 Br\u00e4nd Meller  Ideaalne tasakaal mugavuse ja vastupidavuse vahel.  Br\u00e4ndist  Aastal 2014 asutasid Sergi Benet, Borja Nadal ja Marco Grandi Meller br\u00e4ndi.  Alguses m\u00fc\u00fcsid nad oma tooteid garaa\u017eist... t\u00e4naseks on Mellerist saanud \u00fcks m\u00f5jukamaid kaubam\u00e4rke ravhusvahelisel areenil.","og_url":"https:\/\/www.talidesign.eu\/et\/pood\/toode\/meller-eco-chauen-paikeseprillid-fog-olive\/","og_site_name":"TALI Concept Store","article_publisher":"https:\/\/www.facebook.com\/TaliDisain\/","article_modified_time":"2023-06-14T11:28:50+00:00","og_image":[{"width":768,"height":768,"url":"https:\/\/www.talidesign.eu\/wp\/wp-content\/uploads\/2022\/08\/meller-chauen-fog-olive.jpg","type":"image\/jpeg"}],"twitter_card":"summary_large_image","twitter_misc":{"Est. reading time":"1 minute"},"schema":{"@context":"https:\/\/schema.org","@graph":[{"@type":"WebPage","@id":"https:\/\/www.talidesign.eu\/et\/pood\/toode\/meller-eco-chauen-paikeseprillid-fog-olive\/","url":"https:\/\/www.talidesign.eu\/et\/pood\/toode\/meller-eco-chauen-paikeseprillid-fog-olive\/","name":"Meller Eco Chauen p\u00e4ikeseprillid Fog Olive - TALI Concept Store","isPartOf":{"@id":"https:\/\/www.talidesign.eu\/et\/#website"},"primaryImageOfPage":{"@id":"https:\/\/www.talidesign.eu\/et\/pood\/toode\/meller-eco-chauen-paikeseprillid-fog-olive\/#primaryimage"},"image":{"@id":"https:\/\/www.talidesign.eu\/et\/pood\/toode\/meller-eco-chauen-paikeseprillid-fog-olive\/#primaryimage"},"thumbnailUrl":"https:\/\/www.talidesign.eu\/wp\/wp-content\/uploads\/2022\/08\/meller-chauen-fog-olive.jpg","datePublished":"2023-03-17T06:53:32+00:00","dateModified":"2023-06-14T11:28:50+00:00","breadcrumb":{"@id":"https:\/\/www.talidesign.eu\/et\/pood\/toode\/meller-eco-chauen-paikeseprillid-fog-olive\/#breadcrumb"},"inLanguage":"et","potentialAction":[{"@type":"ReadAction","target":["https:\/\/www.talidesign.eu\/et\/pood\/toode\/meller-eco-chauen-paikeseprillid-fog-olive\/"]}]},{"@type":"ImageObject","inLanguage":"et","@id":"https:\/\/www.talidesign.eu\/et\/pood\/toode\/meller-eco-chauen-paikeseprillid-fog-olive\/#primaryimage","url":"https:\/\/www.talidesign.eu\/wp\/wp-content\/uploads\/2022\/08\/meller-chauen-fog-olive.jpg","contentUrl":"https:\/\/www.talidesign.eu\/wp\/wp-content\/uploads\/2022\/08\/meller-chauen-fog-olive.jpg","width":768,"height":768},{"@type":"BreadcrumbList","@id":"https:\/\/www.talidesign.eu\/et\/pood\/toode\/meller-eco-chauen-paikeseprillid-fog-olive\/#breadcrumb","itemListElement":[{"@type":"ListItem","position":1,"name":"Avaleht","item":"https:\/\/www.talidesign.eu\/et\/"},{"@type":"ListItem","position":2,"name":"Pood","item":"https:\/\/www.talidesign.eu\/et\/pood\/"},{"@type":"ListItem","position":3,"name":"Meller Eco Chauen p\u00e4ikeseprillid Fog Olive"}]},{"@type":"WebSite","@id":"https:\/\/www.talidesign.eu\/et\/#website","url":"https:\/\/www.talidesign.eu\/et\/","name":"TALI Concept Store","description":"Suurim Disainipood Eestis","potentialAction":[{"@type":"SearchAction","target":{"@type":"EntryPoint","urlTemplate":"https:\/\/www.talidesign.eu\/et\/?s={search_term_string}"},"query-input":{"@type":"PropertyValueSpecification","valueRequired":true,"valueName":"search_term_string"}}],"inLanguage":"et"}]}},"_links":{"self":[{"href":"https:\/\/www.talidesign.eu\/et\/wp-json\/wp\/v2\/product\/69965","targetHints":{"allow":["GET"]}}],"collection":[{"href":"https:\/\/www.talidesign.eu\/et\/wp-json\/wp\/v2\/product"}],"about":[{"href":"https:\/\/www.talidesign.eu\/et\/wp-json\/wp\/v2\/types\/product"}],"wp:featuredmedia":[{"embeddable":true,"href":"https:\/\/www.talidesign.eu\/et\/wp-json\/wp\/v2\/media\/60011"}],"wp:attachment":[{"href":"https:\/\/www.talidesign.eu\/et\/wp-json\/wp\/v2\/media?parent=69965"}],"wp:term":[{"taxonomy":"product_brand","embeddable":true,"href":"https:\/\/www.talidesign.eu\/et\/wp-json\/wp\/v2\/product_brand?post=69965"},{"taxonomy":"product_cat","embeddable":true,"href":"https:\/\/www.talidesign.eu\/et\/wp-json\/wp\/v2\/product_cat?post=69965"},{"taxonomy":"product_tag","embeddable":true,"href":"https:\/\/www.talidesign.eu\/et\/wp-json\/wp\/v2\/product_tag?post=69965"}],"curies":[{"name":"wp","href":"https:\/\/api.w.org\/{rel}","templated":true}]}}