{"id":70703,"date":"2023-03-30T20:13:09","date_gmt":"2023-03-30T17:13:09","guid":{"rendered":"https:\/\/www.talidesign.eu\/?post_type=product&#038;p=70703"},"modified":"2023-07-13T17:46:29","modified_gmt":"2023-07-13T14:46:29","slug":"doiy-saguaro-klaaside-komplekt","status":"publish","type":"product","link":"https:\/\/www.talidesign.eu\/et\/pood\/toode\/doiy-saguaro-klaaside-komplekt\/","title":{"rendered":"DOIY Saguaro klaaside komplekt"},"content":{"rendered":"<p><strong>Saguaro klaasid<\/strong><\/p>\n<p>Klaasid, mis moodustavad kaktuse &#8211; ilus ja ruumis\u00e4\u00e4stlik!<\/p>\n<p>\u2022 32x22x14 cm<br \/>\n\u2022 N\u00f5udepesumasinas pestav<br \/>\n\u2022 <a href=\"\/et\/tootekategooria\/brandid\/doiy-et\/\">Br\u00e4nd DOIY<\/a><\/p>\n<p><strong>Meist<\/strong><\/p>\n<p>2008. aastal Elodie ja Jaime poolt Barcelonas asutatud DOIY on \u00fclemaailmne elustiilibr\u00e4nd, mis on p\u00fchendunud kingituste ja kodutarvikute loomisele. <\/p>\n<p>Igal esemel on oma lugu. \u00dcksk\u00f5ik, kas nad \u00fcllatavad, r\u00f5\u00f5mustavad, saadavad h\u00e4id tundeid v\u00f5i ajavad naerma &#8230; tekitavad nad alati meeldiva emotsiooni.<\/p>\n<p><a href=\"https:\/\/www.talidesign.eu\/wp\/wp-content\/uploads\/2020\/05\/MG_0219-e1572366614332-scaled.jpg\"><img loading=\"lazy\" decoding=\"async\" class=\"alignnone size-full wp-image-9832\" src=\"https:\/\/www.talidesign.eu\/wp\/wp-content\/uploads\/2020\/05\/MG_0219-e1572366614332-scaled.jpg\" alt=\"\" width=\"2560\" height=\"2323\" srcset=\"https:\/\/www.talidesign.eu\/wp\/wp-content\/uploads\/2020\/05\/MG_0219-e1572366614332-scaled.jpg 2560w, https:\/\/www.talidesign.eu\/wp\/wp-content\/uploads\/2020\/05\/MG_0219-e1572366614332-441x400.jpg 441w, https:\/\/www.talidesign.eu\/wp\/wp-content\/uploads\/2020\/05\/MG_0219-e1572366614332-882x800.jpg 882w, https:\/\/www.talidesign.eu\/wp\/wp-content\/uploads\/2020\/05\/MG_0219-e1572366614332-768x697.jpg 768w, https:\/\/www.talidesign.eu\/wp\/wp-content\/uploads\/2020\/05\/MG_0219-e1572366614332-1536x1394.jpg 1536w, https:\/\/www.talidesign.eu\/wp\/wp-content\/uploads\/2020\/05\/MG_0219-e1572366614332-2048x1858.jpg 2048w, https:\/\/www.talidesign.eu\/wp\/wp-content\/uploads\/2020\/05\/MG_0219-e1572366614332-500x454.jpg 500w, https:\/\/www.talidesign.eu\/wp\/wp-content\/uploads\/2020\/05\/MG_0219-e1572366614332-510x463.jpg 510w\" sizes=\"auto, (max-width: 2560px) 100vw, 2560px\" \/><\/a><br \/>\n<em>Elodie and Jaime<\/em><br \/>\n<a href=\"\/et\/tootekategooria\/brandid\/doiy-et\/\"><img loading=\"lazy\" decoding=\"async\" src=\"https:\/\/www.talidesign.eu\/wp\/wp-content\/uploads\/2021\/03\/logo-4.jpg\" alt=\"\" width=\"500\" height=\"100\" class=\"alignnone size-full wp-image-24553\" \/><\/a><\/p>\n","protected":false},"excerpt":{"rendered":"<p><strong>Saguaro klaasid<\/strong><\/p>\n<p>Klaasid, mis moodustavad kaktuse &#8211; ilus ja ruumis\u00e4\u00e4stlik!<\/p>\n<p>\u2022 32x22x14 cm<br \/>\n\u2022 N\u00f5udepesumasinas pestav<br \/>\n\u2022 <a href=\"\/et\/tootekategooria\/brandid\/doiy-et\/\">Br\u00e4nd DOIY<\/a><\/p>\n<p><strong>Meist<\/strong><\/p>\n<p>2008. aastal Elodie ja Jaime poolt Barcelonas asutatud DOIY on \u00fclemaailmne elustiilibr\u00e4nd, mis on p\u00fchendunud kingituste ja kodutarvikute loomisele. <\/p>\n<p>Igal esemel on oma lugu. \u00dcksk\u00f5ik, kas nad \u00fcllatavad, r\u00f5\u00f5mustavad, saadavad h\u00e4id tundeid v\u00f5i ajavad naerma &#8230; tekitavad nad alati meeldiva emotsiooni.<\/p>\n<p><a href=\"https:\/\/www.talidesign.eu\/wp\/wp-content\/uploads\/2020\/05\/MG_0219-e1572366614332-scaled.jpg\"><img loading=\"lazy\" decoding=\"async\" class=\"alignnone size-full wp-image-9832\" src=\"https:\/\/www.talidesign.eu\/wp\/wp-content\/uploads\/2020\/05\/MG_0219-e1572366614332-scaled.jpg\" alt=\"\" width=\"2560\" height=\"2323\" srcset=\"https:\/\/www.talidesign.eu\/wp\/wp-content\/uploads\/2020\/05\/MG_0219-e1572366614332-scaled.jpg 2560w, https:\/\/www.talidesign.eu\/wp\/wp-content\/uploads\/2020\/05\/MG_0219-e1572366614332-441x400.jpg 441w, https:\/\/www.talidesign.eu\/wp\/wp-content\/uploads\/2020\/05\/MG_0219-e1572366614332-882x800.jpg 882w, https:\/\/www.talidesign.eu\/wp\/wp-content\/uploads\/2020\/05\/MG_0219-e1572366614332-768x697.jpg 768w, https:\/\/www.talidesign.eu\/wp\/wp-content\/uploads\/2020\/05\/MG_0219-e1572366614332-1536x1394.jpg 1536w, https:\/\/www.talidesign.eu\/wp\/wp-content\/uploads\/2020\/05\/MG_0219-e1572366614332-2048x1858.jpg 2048w, https:\/\/www.talidesign.eu\/wp\/wp-content\/uploads\/2020\/05\/MG_0219-e1572366614332-500x454.jpg 500w, https:\/\/www.talidesign.eu\/wp\/wp-content\/uploads\/2020\/05\/MG_0219-e1572366614332-510x463.jpg 510w\" sizes=\"auto, (max-width: 2560px) 100vw, 2560px\" \/><\/a><br \/>\n<em>Elodie and Jaime<\/em><br \/>\n<a href=\"\/et\/tootekategooria\/brandid\/doiy-et\/\"><img loading=\"lazy\" decoding=\"async\" src=\"https:\/\/www.talidesign.eu\/wp\/wp-content\/uploads\/2021\/03\/logo-4.jpg\" alt=\"\" width=\"500\" height=\"100\" class=\"alignnone size-full wp-image-24553\" \/><\/a><\/p>\n","protected":false},"featured_media":70715,"template":"","meta":[],"product_brand":[],"product_cat":[1026,1041,1109],"product_tag":[1690],"class_list":{"0":"post-70703","1":"product","2":"type-product","3":"status-publish","4":"has-post-thumbnail","6":"product_cat-brandid","7":"product_cat-doiy-et","8":"product_cat-lauanoud","9":"product_tag-doiy-et","11":"first","12":"outofstock","13":"taxable","14":"shipping-taxable","15":"purchasable","16":"product-type-simple"},"yoast_head":"<!-- This site is optimized with the Yoast SEO plugin v27.3 - https:\/\/yoast.com\/product\/yoast-seo-wordpress\/ -->\n<title>DOIY Saguaro klaaside komplekt - TALI Concept Store<\/title>\n<meta name=\"robots\" content=\"index, follow, max-snippet:-1, max-image-preview:large, max-video-preview:-1\" \/>\n<link rel=\"canonical\" href=\"https:\/\/www.talidesign.eu\/et\/pood\/toode\/doiy-saguaro-klaaside-komplekt\/\" \/>\n<meta property=\"og:locale\" content=\"et_EE\" \/>\n<meta property=\"og:type\" content=\"article\" \/>\n<meta property=\"og:title\" content=\"DOIY Saguaro klaaside komplekt - TALI Concept Store\" \/>\n<meta property=\"og:description\" content=\"Saguaro klaasid  Klaasid, mis moodustavad kaktuse - ilus ja ruumis\u00e4\u00e4stlik!  \u2022 32x22x14 cm \u2022 N\u00f5udepesumasinas pestav \u2022 Br\u00e4nd DOIY  Meist  2008. aastal Elodie ja Jaime poolt Barcelonas asutatud DOIY on \u00fclemaailmne elustiilibr\u00e4nd, mis on p\u00fchendunud kingituste ja kodutarvikute loomisele.   Igal esemel on oma lugu. \u00dcksk\u00f5ik, kas nad \u00fcllatavad, r\u00f5\u00f5mustavad, saadavad h\u00e4id tundeid v\u00f5i ajavad naerma ... tekitavad nad alati meeldiva emotsiooni.   Elodie and Jaime\" \/>\n<meta property=\"og:url\" content=\"https:\/\/www.talidesign.eu\/et\/pood\/toode\/doiy-saguaro-klaaside-komplekt\/\" \/>\n<meta property=\"og:site_name\" content=\"TALI Concept Store\" \/>\n<meta property=\"article:publisher\" content=\"https:\/\/www.facebook.com\/TaliDisain\/\" \/>\n<meta property=\"article:modified_time\" content=\"2023-07-13T14:46:29+00:00\" \/>\n<meta property=\"og:image\" content=\"https:\/\/www.talidesign.eu\/wp\/wp-content\/uploads\/2023\/03\/doiy-stackable-glasses-saguaro.jpg\" \/>\n\t<meta property=\"og:image:width\" content=\"1200\" \/>\n\t<meta property=\"og:image:height\" content=\"1200\" \/>\n\t<meta property=\"og:image:type\" content=\"image\/jpeg\" \/>\n<meta name=\"twitter:card\" content=\"summary_large_image\" \/>\n<meta name=\"twitter:label1\" content=\"Est. reading time\" \/>\n\t<meta name=\"twitter:data1\" content=\"1 minute\" \/>\n<script type=\"application\/ld+json\" class=\"yoast-schema-graph\">{\"@context\":\"https:\\\/\\\/schema.org\",\"@graph\":[{\"@type\":\"WebPage\",\"@id\":\"https:\\\/\\\/www.talidesign.eu\\\/et\\\/pood\\\/toode\\\/doiy-saguaro-klaaside-komplekt\\\/\",\"url\":\"https:\\\/\\\/www.talidesign.eu\\\/et\\\/pood\\\/toode\\\/doiy-saguaro-klaaside-komplekt\\\/\",\"name\":\"DOIY Saguaro klaaside komplekt - TALI Concept Store\",\"isPartOf\":{\"@id\":\"https:\\\/\\\/www.talidesign.eu\\\/et\\\/#website\"},\"primaryImageOfPage\":{\"@id\":\"https:\\\/\\\/www.talidesign.eu\\\/et\\\/pood\\\/toode\\\/doiy-saguaro-klaaside-komplekt\\\/#primaryimage\"},\"image\":{\"@id\":\"https:\\\/\\\/www.talidesign.eu\\\/et\\\/pood\\\/toode\\\/doiy-saguaro-klaaside-komplekt\\\/#primaryimage\"},\"thumbnailUrl\":\"https:\\\/\\\/www.talidesign.eu\\\/wp\\\/wp-content\\\/uploads\\\/2023\\\/03\\\/doiy-stackable-glasses-saguaro.jpg\",\"datePublished\":\"2023-03-30T17:13:09+00:00\",\"dateModified\":\"2023-07-13T14:46:29+00:00\",\"breadcrumb\":{\"@id\":\"https:\\\/\\\/www.talidesign.eu\\\/et\\\/pood\\\/toode\\\/doiy-saguaro-klaaside-komplekt\\\/#breadcrumb\"},\"inLanguage\":\"et\",\"potentialAction\":[{\"@type\":\"ReadAction\",\"target\":[\"https:\\\/\\\/www.talidesign.eu\\\/et\\\/pood\\\/toode\\\/doiy-saguaro-klaaside-komplekt\\\/\"]}]},{\"@type\":\"ImageObject\",\"inLanguage\":\"et\",\"@id\":\"https:\\\/\\\/www.talidesign.eu\\\/et\\\/pood\\\/toode\\\/doiy-saguaro-klaaside-komplekt\\\/#primaryimage\",\"url\":\"https:\\\/\\\/www.talidesign.eu\\\/wp\\\/wp-content\\\/uploads\\\/2023\\\/03\\\/doiy-stackable-glasses-saguaro.jpg\",\"contentUrl\":\"https:\\\/\\\/www.talidesign.eu\\\/wp\\\/wp-content\\\/uploads\\\/2023\\\/03\\\/doiy-stackable-glasses-saguaro.jpg\",\"width\":1200,\"height\":1200},{\"@type\":\"BreadcrumbList\",\"@id\":\"https:\\\/\\\/www.talidesign.eu\\\/et\\\/pood\\\/toode\\\/doiy-saguaro-klaaside-komplekt\\\/#breadcrumb\",\"itemListElement\":[{\"@type\":\"ListItem\",\"position\":1,\"name\":\"Avaleht\",\"item\":\"https:\\\/\\\/www.talidesign.eu\\\/et\\\/\"},{\"@type\":\"ListItem\",\"position\":2,\"name\":\"Pood\",\"item\":\"https:\\\/\\\/www.talidesign.eu\\\/et\\\/pood\\\/\"},{\"@type\":\"ListItem\",\"position\":3,\"name\":\"DOIY Saguaro klaaside komplekt\"}]},{\"@type\":\"WebSite\",\"@id\":\"https:\\\/\\\/www.talidesign.eu\\\/et\\\/#website\",\"url\":\"https:\\\/\\\/www.talidesign.eu\\\/et\\\/\",\"name\":\"TALI Concept Store\",\"description\":\"Suurim Disainipood Eestis\",\"potentialAction\":[{\"@type\":\"SearchAction\",\"target\":{\"@type\":\"EntryPoint\",\"urlTemplate\":\"https:\\\/\\\/www.talidesign.eu\\\/et\\\/?s={search_term_string}\"},\"query-input\":{\"@type\":\"PropertyValueSpecification\",\"valueRequired\":true,\"valueName\":\"search_term_string\"}}],\"inLanguage\":\"et\"}]}<\/script>\n<!-- \/ Yoast SEO plugin. -->","yoast_head_json":{"title":"DOIY Saguaro klaaside komplekt - TALI Concept Store","robots":{"index":"index","follow":"follow","max-snippet":"max-snippet:-1","max-image-preview":"max-image-preview:large","max-video-preview":"max-video-preview:-1"},"canonical":"https:\/\/www.talidesign.eu\/et\/pood\/toode\/doiy-saguaro-klaaside-komplekt\/","og_locale":"et_EE","og_type":"article","og_title":"DOIY Saguaro klaaside komplekt - TALI Concept Store","og_description":"Saguaro klaasid  Klaasid, mis moodustavad kaktuse - ilus ja ruumis\u00e4\u00e4stlik!  \u2022 32x22x14 cm \u2022 N\u00f5udepesumasinas pestav \u2022 Br\u00e4nd DOIY  Meist  2008. aastal Elodie ja Jaime poolt Barcelonas asutatud DOIY on \u00fclemaailmne elustiilibr\u00e4nd, mis on p\u00fchendunud kingituste ja kodutarvikute loomisele.   Igal esemel on oma lugu. \u00dcksk\u00f5ik, kas nad \u00fcllatavad, r\u00f5\u00f5mustavad, saadavad h\u00e4id tundeid v\u00f5i ajavad naerma ... tekitavad nad alati meeldiva emotsiooni.   Elodie and Jaime","og_url":"https:\/\/www.talidesign.eu\/et\/pood\/toode\/doiy-saguaro-klaaside-komplekt\/","og_site_name":"TALI Concept Store","article_publisher":"https:\/\/www.facebook.com\/TaliDisain\/","article_modified_time":"2023-07-13T14:46:29+00:00","og_image":[{"width":1200,"height":1200,"url":"https:\/\/www.talidesign.eu\/wp\/wp-content\/uploads\/2023\/03\/doiy-stackable-glasses-saguaro.jpg","type":"image\/jpeg"}],"twitter_card":"summary_large_image","twitter_misc":{"Est. reading time":"1 minute"},"schema":{"@context":"https:\/\/schema.org","@graph":[{"@type":"WebPage","@id":"https:\/\/www.talidesign.eu\/et\/pood\/toode\/doiy-saguaro-klaaside-komplekt\/","url":"https:\/\/www.talidesign.eu\/et\/pood\/toode\/doiy-saguaro-klaaside-komplekt\/","name":"DOIY Saguaro klaaside komplekt - TALI Concept Store","isPartOf":{"@id":"https:\/\/www.talidesign.eu\/et\/#website"},"primaryImageOfPage":{"@id":"https:\/\/www.talidesign.eu\/et\/pood\/toode\/doiy-saguaro-klaaside-komplekt\/#primaryimage"},"image":{"@id":"https:\/\/www.talidesign.eu\/et\/pood\/toode\/doiy-saguaro-klaaside-komplekt\/#primaryimage"},"thumbnailUrl":"https:\/\/www.talidesign.eu\/wp\/wp-content\/uploads\/2023\/03\/doiy-stackable-glasses-saguaro.jpg","datePublished":"2023-03-30T17:13:09+00:00","dateModified":"2023-07-13T14:46:29+00:00","breadcrumb":{"@id":"https:\/\/www.talidesign.eu\/et\/pood\/toode\/doiy-saguaro-klaaside-komplekt\/#breadcrumb"},"inLanguage":"et","potentialAction":[{"@type":"ReadAction","target":["https:\/\/www.talidesign.eu\/et\/pood\/toode\/doiy-saguaro-klaaside-komplekt\/"]}]},{"@type":"ImageObject","inLanguage":"et","@id":"https:\/\/www.talidesign.eu\/et\/pood\/toode\/doiy-saguaro-klaaside-komplekt\/#primaryimage","url":"https:\/\/www.talidesign.eu\/wp\/wp-content\/uploads\/2023\/03\/doiy-stackable-glasses-saguaro.jpg","contentUrl":"https:\/\/www.talidesign.eu\/wp\/wp-content\/uploads\/2023\/03\/doiy-stackable-glasses-saguaro.jpg","width":1200,"height":1200},{"@type":"BreadcrumbList","@id":"https:\/\/www.talidesign.eu\/et\/pood\/toode\/doiy-saguaro-klaaside-komplekt\/#breadcrumb","itemListElement":[{"@type":"ListItem","position":1,"name":"Avaleht","item":"https:\/\/www.talidesign.eu\/et\/"},{"@type":"ListItem","position":2,"name":"Pood","item":"https:\/\/www.talidesign.eu\/et\/pood\/"},{"@type":"ListItem","position":3,"name":"DOIY Saguaro klaaside komplekt"}]},{"@type":"WebSite","@id":"https:\/\/www.talidesign.eu\/et\/#website","url":"https:\/\/www.talidesign.eu\/et\/","name":"TALI Concept Store","description":"Suurim Disainipood Eestis","potentialAction":[{"@type":"SearchAction","target":{"@type":"EntryPoint","urlTemplate":"https:\/\/www.talidesign.eu\/et\/?s={search_term_string}"},"query-input":{"@type":"PropertyValueSpecification","valueRequired":true,"valueName":"search_term_string"}}],"inLanguage":"et"}]}},"_links":{"self":[{"href":"https:\/\/www.talidesign.eu\/et\/wp-json\/wp\/v2\/product\/70703","targetHints":{"allow":["GET"]}}],"collection":[{"href":"https:\/\/www.talidesign.eu\/et\/wp-json\/wp\/v2\/product"}],"about":[{"href":"https:\/\/www.talidesign.eu\/et\/wp-json\/wp\/v2\/types\/product"}],"wp:featuredmedia":[{"embeddable":true,"href":"https:\/\/www.talidesign.eu\/et\/wp-json\/wp\/v2\/media\/70715"}],"wp:attachment":[{"href":"https:\/\/www.talidesign.eu\/et\/wp-json\/wp\/v2\/media?parent=70703"}],"wp:term":[{"taxonomy":"product_brand","embeddable":true,"href":"https:\/\/www.talidesign.eu\/et\/wp-json\/wp\/v2\/product_brand?post=70703"},{"taxonomy":"product_cat","embeddable":true,"href":"https:\/\/www.talidesign.eu\/et\/wp-json\/wp\/v2\/product_cat?post=70703"},{"taxonomy":"product_tag","embeddable":true,"href":"https:\/\/www.talidesign.eu\/et\/wp-json\/wp\/v2\/product_tag?post=70703"}],"curies":[{"name":"wp","href":"https:\/\/api.w.org\/{rel}","templated":true}]}}