{"id":70748,"date":"2023-03-30T20:50:35","date_gmt":"2023-03-30T17:50:35","guid":{"rendered":"https:\/\/www.talidesign.eu\/?post_type=product&#038;p=70748"},"modified":"2024-06-16T19:35:25","modified_gmt":"2024-06-16T16:35:25","slug":"doiy-loikelaud-juustule","status":"publish","type":"product","link":"https:\/\/www.talidesign.eu\/et\/pood\/toode\/doiy-loikelaud-juustule\/","title":{"rendered":"DOIY L\u00f5ikelaud juustule"},"content":{"rendered":"<p><strong>L\u00f5ikelaud juustule<\/strong><\/p>\n<p>Rafineeritud ja funktsionaalne l\u00f5ikelaud. See koosneb akaatsia puidust alusest, kunstnahast riputusrihmast ja kahest magnetiseeritud kuldsest noast, mis on inspireeritud legendaarsest auguga gruy\u00e8re&#8217;i juustust.<\/p>\n<p>\u2022 35x21x1,5 cm<br \/>\n\u2022 Nahk, metall, roostevaba teras, puit<br \/>\n\u2022 <a href=\"\/et\/tootekategooria\/brandid\/doiy-et\/\">Br\u00e4nd DOIY<\/a><\/p>\n<p><strong>Meist<\/strong><\/p>\n<p>2008. aastal Elodie ja Jaime poolt Barcelonas asutatud DOIY on \u00fclemaailmne elustiilibr\u00e4nd, mis on p\u00fchendunud kingituste ja kodutarvikute loomisele. <\/p>\n<p>Igal esemel on oma lugu. \u00dcksk\u00f5ik, kas nad \u00fcllatavad, r\u00f5\u00f5mustavad, saadavad h\u00e4id tundeid v\u00f5i ajavad naerma &#8230; tekitavad nad alati meeldiva emotsiooni.<\/p>\n<p><a href=\"https:\/\/www.talidesign.eu\/wp\/wp-content\/uploads\/2020\/05\/MG_0219-e1572366614332-scaled.jpg\"><img loading=\"lazy\" decoding=\"async\" class=\"alignnone size-full wp-image-9832\" src=\"https:\/\/www.talidesign.eu\/wp\/wp-content\/uploads\/2020\/05\/MG_0219-e1572366614332-scaled.jpg\" alt=\"\" width=\"2560\" height=\"2323\" srcset=\"https:\/\/www.talidesign.eu\/wp\/wp-content\/uploads\/2020\/05\/MG_0219-e1572366614332-scaled.jpg 2560w, https:\/\/www.talidesign.eu\/wp\/wp-content\/uploads\/2020\/05\/MG_0219-e1572366614332-441x400.jpg 441w, https:\/\/www.talidesign.eu\/wp\/wp-content\/uploads\/2020\/05\/MG_0219-e1572366614332-882x800.jpg 882w, https:\/\/www.talidesign.eu\/wp\/wp-content\/uploads\/2020\/05\/MG_0219-e1572366614332-768x697.jpg 768w, https:\/\/www.talidesign.eu\/wp\/wp-content\/uploads\/2020\/05\/MG_0219-e1572366614332-1536x1394.jpg 1536w, https:\/\/www.talidesign.eu\/wp\/wp-content\/uploads\/2020\/05\/MG_0219-e1572366614332-2048x1858.jpg 2048w, https:\/\/www.talidesign.eu\/wp\/wp-content\/uploads\/2020\/05\/MG_0219-e1572366614332-500x454.jpg 500w, https:\/\/www.talidesign.eu\/wp\/wp-content\/uploads\/2020\/05\/MG_0219-e1572366614332-510x463.jpg 510w\" sizes=\"auto, (max-width: 2560px) 100vw, 2560px\" \/><\/a><br \/>\n<em>Elodie and Jaime<\/em><br \/>\n<a href=\"\/et\/tootekategooria\/brandid\/doiy-et\/\"><img loading=\"lazy\" decoding=\"async\" src=\"https:\/\/www.talidesign.eu\/wp\/wp-content\/uploads\/2021\/03\/logo-4.jpg\" alt=\"\" width=\"500\" height=\"100\" class=\"alignnone size-full wp-image-24553\" \/><\/a><\/p>\n","protected":false},"excerpt":{"rendered":"<p><strong>L\u00f5ikelaud juustule<\/strong><\/p>\n<p>Rafineeritud ja funktsionaalne l\u00f5ikelaud. See koosneb akaatsia puidust alusest, kunstnahast riputusrihmast ja kahest magnetiseeritud kuldsest noast, mis on inspireeritud legendaarsest auguga gruy\u00e8re&#8217;i juustust.<\/p>\n<p>\u2022 35x21x1,5 cm<br \/>\n\u2022 Nahk, metall, roostevaba teras, puit<br \/>\n\u2022 <a href=\"\/et\/tootekategooria\/brandid\/doiy-et\/\">Br\u00e4nd DOIY<\/a><\/p>\n<p><strong>Meist<\/strong><\/p>\n<p>2008. aastal Elodie ja Jaime poolt Barcelonas asutatud DOIY on \u00fclemaailmne elustiilibr\u00e4nd, mis on p\u00fchendunud kingituste ja kodutarvikute loomisele. <\/p>\n<p>Igal esemel on oma lugu. \u00dcksk\u00f5ik, kas nad \u00fcllatavad, r\u00f5\u00f5mustavad, saadavad h\u00e4id tundeid v\u00f5i ajavad naerma &#8230; tekitavad nad alati meeldiva emotsiooni.<\/p>\n<p><a href=\"https:\/\/www.talidesign.eu\/wp\/wp-content\/uploads\/2020\/05\/MG_0219-e1572366614332-scaled.jpg\"><img loading=\"lazy\" decoding=\"async\" class=\"alignnone size-full wp-image-9832\" src=\"https:\/\/www.talidesign.eu\/wp\/wp-content\/uploads\/2020\/05\/MG_0219-e1572366614332-scaled.jpg\" alt=\"\" width=\"2560\" height=\"2323\" srcset=\"https:\/\/www.talidesign.eu\/wp\/wp-content\/uploads\/2020\/05\/MG_0219-e1572366614332-scaled.jpg 2560w, https:\/\/www.talidesign.eu\/wp\/wp-content\/uploads\/2020\/05\/MG_0219-e1572366614332-441x400.jpg 441w, https:\/\/www.talidesign.eu\/wp\/wp-content\/uploads\/2020\/05\/MG_0219-e1572366614332-882x800.jpg 882w, https:\/\/www.talidesign.eu\/wp\/wp-content\/uploads\/2020\/05\/MG_0219-e1572366614332-768x697.jpg 768w, https:\/\/www.talidesign.eu\/wp\/wp-content\/uploads\/2020\/05\/MG_0219-e1572366614332-1536x1394.jpg 1536w, https:\/\/www.talidesign.eu\/wp\/wp-content\/uploads\/2020\/05\/MG_0219-e1572366614332-2048x1858.jpg 2048w, https:\/\/www.talidesign.eu\/wp\/wp-content\/uploads\/2020\/05\/MG_0219-e1572366614332-500x454.jpg 500w, https:\/\/www.talidesign.eu\/wp\/wp-content\/uploads\/2020\/05\/MG_0219-e1572366614332-510x463.jpg 510w\" sizes=\"auto, (max-width: 2560px) 100vw, 2560px\" \/><\/a><br \/>\n<em>Elodie and Jaime<\/em><br \/>\n<a href=\"\/et\/tootekategooria\/brandid\/doiy-et\/\"><img loading=\"lazy\" decoding=\"async\" src=\"https:\/\/www.talidesign.eu\/wp\/wp-content\/uploads\/2021\/03\/logo-4.jpg\" alt=\"\" width=\"500\" height=\"100\" class=\"alignnone size-full wp-image-24553\" \/><\/a><\/p>\n","protected":false},"featured_media":70756,"template":"","meta":[],"product_brand":[],"product_cat":[1099,1177,1026,1041,1030],"product_tag":[1690],"class_list":{"0":"post-70748","1":"product","2":"type-product","3":"status-publish","4":"has-post-thumbnail","6":"product_cat-aksessuaarid","7":"product_cat-allahindlus","8":"product_cat-brandid","9":"product_cat-doiy-et","10":"product_cat-kook","11":"product_tag-doiy-et","13":"first","14":"outofstock","15":"sale","16":"taxable","17":"shipping-taxable","18":"purchasable","19":"product-type-simple"},"yoast_head":"<!-- This site is optimized with the Yoast SEO plugin v27.3 - https:\/\/yoast.com\/product\/yoast-seo-wordpress\/ -->\n<title>DOIY L\u00f5ikelaud juustule - TALI Concept Store<\/title>\n<meta name=\"robots\" content=\"index, follow, max-snippet:-1, max-image-preview:large, max-video-preview:-1\" \/>\n<link rel=\"canonical\" href=\"https:\/\/www.talidesign.eu\/et\/pood\/toode\/doiy-loikelaud-juustule\/\" \/>\n<meta property=\"og:locale\" content=\"et_EE\" \/>\n<meta property=\"og:type\" content=\"article\" \/>\n<meta property=\"og:title\" content=\"DOIY L\u00f5ikelaud juustule - TALI Concept Store\" \/>\n<meta property=\"og:description\" content=\"L\u00f5ikelaud juustule  Rafineeritud ja funktsionaalne l\u00f5ikelaud. See koosneb akaatsia puidust alusest, kunstnahast riputusrihmast ja kahest magnetiseeritud kuldsest noast, mis on inspireeritud legendaarsest auguga gruy\u00e8re&#039;i juustust.  \u2022 35x21x1,5 cm \u2022 Nahk, metall, roostevaba teras, puit \u2022 Br\u00e4nd DOIY  Meist  2008. aastal Elodie ja Jaime poolt Barcelonas asutatud DOIY on \u00fclemaailmne elustiilibr\u00e4nd, mis on p\u00fchendunud kingituste ja kodutarvikute loomisele.   Igal esemel on oma lugu. \u00dcksk\u00f5ik, kas nad \u00fcllatavad, r\u00f5\u00f5mustavad, saadavad h\u00e4id tundeid v\u00f5i ajavad naerma ... tekitavad nad alati meeldiva emotsiooni.   Elodie and Jaime\" \/>\n<meta property=\"og:url\" content=\"https:\/\/www.talidesign.eu\/et\/pood\/toode\/doiy-loikelaud-juustule\/\" \/>\n<meta property=\"og:site_name\" content=\"TALI Concept Store\" \/>\n<meta property=\"article:publisher\" content=\"https:\/\/www.facebook.com\/TaliDisain\/\" \/>\n<meta property=\"article:modified_time\" content=\"2024-06-16T16:35:25+00:00\" \/>\n<meta property=\"og:image\" content=\"https:\/\/www.talidesign.eu\/wp\/wp-content\/uploads\/2023\/03\/doiy-cheeseporn.jpg\" \/>\n\t<meta property=\"og:image:width\" content=\"1200\" \/>\n\t<meta property=\"og:image:height\" content=\"1200\" \/>\n\t<meta property=\"og:image:type\" content=\"image\/jpeg\" \/>\n<meta name=\"twitter:card\" content=\"summary_large_image\" \/>\n<meta name=\"twitter:label1\" content=\"Est. reading time\" \/>\n\t<meta name=\"twitter:data1\" content=\"1 minute\" \/>\n<script type=\"application\/ld+json\" class=\"yoast-schema-graph\">{\"@context\":\"https:\\\/\\\/schema.org\",\"@graph\":[{\"@type\":\"WebPage\",\"@id\":\"https:\\\/\\\/www.talidesign.eu\\\/et\\\/pood\\\/toode\\\/doiy-loikelaud-juustule\\\/\",\"url\":\"https:\\\/\\\/www.talidesign.eu\\\/et\\\/pood\\\/toode\\\/doiy-loikelaud-juustule\\\/\",\"name\":\"DOIY L\u00f5ikelaud juustule - TALI Concept Store\",\"isPartOf\":{\"@id\":\"https:\\\/\\\/www.talidesign.eu\\\/et\\\/#website\"},\"primaryImageOfPage\":{\"@id\":\"https:\\\/\\\/www.talidesign.eu\\\/et\\\/pood\\\/toode\\\/doiy-loikelaud-juustule\\\/#primaryimage\"},\"image\":{\"@id\":\"https:\\\/\\\/www.talidesign.eu\\\/et\\\/pood\\\/toode\\\/doiy-loikelaud-juustule\\\/#primaryimage\"},\"thumbnailUrl\":\"https:\\\/\\\/www.talidesign.eu\\\/wp\\\/wp-content\\\/uploads\\\/2023\\\/03\\\/doiy-cheeseporn.jpg\",\"datePublished\":\"2023-03-30T17:50:35+00:00\",\"dateModified\":\"2024-06-16T16:35:25+00:00\",\"breadcrumb\":{\"@id\":\"https:\\\/\\\/www.talidesign.eu\\\/et\\\/pood\\\/toode\\\/doiy-loikelaud-juustule\\\/#breadcrumb\"},\"inLanguage\":\"et\",\"potentialAction\":[{\"@type\":\"ReadAction\",\"target\":[\"https:\\\/\\\/www.talidesign.eu\\\/et\\\/pood\\\/toode\\\/doiy-loikelaud-juustule\\\/\"]}]},{\"@type\":\"ImageObject\",\"inLanguage\":\"et\",\"@id\":\"https:\\\/\\\/www.talidesign.eu\\\/et\\\/pood\\\/toode\\\/doiy-loikelaud-juustule\\\/#primaryimage\",\"url\":\"https:\\\/\\\/www.talidesign.eu\\\/wp\\\/wp-content\\\/uploads\\\/2023\\\/03\\\/doiy-cheeseporn.jpg\",\"contentUrl\":\"https:\\\/\\\/www.talidesign.eu\\\/wp\\\/wp-content\\\/uploads\\\/2023\\\/03\\\/doiy-cheeseporn.jpg\",\"width\":1200,\"height\":1200},{\"@type\":\"BreadcrumbList\",\"@id\":\"https:\\\/\\\/www.talidesign.eu\\\/et\\\/pood\\\/toode\\\/doiy-loikelaud-juustule\\\/#breadcrumb\",\"itemListElement\":[{\"@type\":\"ListItem\",\"position\":1,\"name\":\"Avaleht\",\"item\":\"https:\\\/\\\/www.talidesign.eu\\\/et\\\/\"},{\"@type\":\"ListItem\",\"position\":2,\"name\":\"Pood\",\"item\":\"https:\\\/\\\/www.talidesign.eu\\\/et\\\/pood\\\/\"},{\"@type\":\"ListItem\",\"position\":3,\"name\":\"DOIY L\u00f5ikelaud juustule\"}]},{\"@type\":\"WebSite\",\"@id\":\"https:\\\/\\\/www.talidesign.eu\\\/et\\\/#website\",\"url\":\"https:\\\/\\\/www.talidesign.eu\\\/et\\\/\",\"name\":\"TALI Concept Store\",\"description\":\"Suurim Disainipood Eestis\",\"potentialAction\":[{\"@type\":\"SearchAction\",\"target\":{\"@type\":\"EntryPoint\",\"urlTemplate\":\"https:\\\/\\\/www.talidesign.eu\\\/et\\\/?s={search_term_string}\"},\"query-input\":{\"@type\":\"PropertyValueSpecification\",\"valueRequired\":true,\"valueName\":\"search_term_string\"}}],\"inLanguage\":\"et\"}]}<\/script>\n<!-- \/ Yoast SEO plugin. -->","yoast_head_json":{"title":"DOIY L\u00f5ikelaud juustule - TALI Concept Store","robots":{"index":"index","follow":"follow","max-snippet":"max-snippet:-1","max-image-preview":"max-image-preview:large","max-video-preview":"max-video-preview:-1"},"canonical":"https:\/\/www.talidesign.eu\/et\/pood\/toode\/doiy-loikelaud-juustule\/","og_locale":"et_EE","og_type":"article","og_title":"DOIY L\u00f5ikelaud juustule - TALI Concept Store","og_description":"L\u00f5ikelaud juustule  Rafineeritud ja funktsionaalne l\u00f5ikelaud. See koosneb akaatsia puidust alusest, kunstnahast riputusrihmast ja kahest magnetiseeritud kuldsest noast, mis on inspireeritud legendaarsest auguga gruy\u00e8re'i juustust.  \u2022 35x21x1,5 cm \u2022 Nahk, metall, roostevaba teras, puit \u2022 Br\u00e4nd DOIY  Meist  2008. aastal Elodie ja Jaime poolt Barcelonas asutatud DOIY on \u00fclemaailmne elustiilibr\u00e4nd, mis on p\u00fchendunud kingituste ja kodutarvikute loomisele.   Igal esemel on oma lugu. \u00dcksk\u00f5ik, kas nad \u00fcllatavad, r\u00f5\u00f5mustavad, saadavad h\u00e4id tundeid v\u00f5i ajavad naerma ... tekitavad nad alati meeldiva emotsiooni.   Elodie and Jaime","og_url":"https:\/\/www.talidesign.eu\/et\/pood\/toode\/doiy-loikelaud-juustule\/","og_site_name":"TALI Concept Store","article_publisher":"https:\/\/www.facebook.com\/TaliDisain\/","article_modified_time":"2024-06-16T16:35:25+00:00","og_image":[{"width":1200,"height":1200,"url":"https:\/\/www.talidesign.eu\/wp\/wp-content\/uploads\/2023\/03\/doiy-cheeseporn.jpg","type":"image\/jpeg"}],"twitter_card":"summary_large_image","twitter_misc":{"Est. reading time":"1 minute"},"schema":{"@context":"https:\/\/schema.org","@graph":[{"@type":"WebPage","@id":"https:\/\/www.talidesign.eu\/et\/pood\/toode\/doiy-loikelaud-juustule\/","url":"https:\/\/www.talidesign.eu\/et\/pood\/toode\/doiy-loikelaud-juustule\/","name":"DOIY L\u00f5ikelaud juustule - TALI Concept Store","isPartOf":{"@id":"https:\/\/www.talidesign.eu\/et\/#website"},"primaryImageOfPage":{"@id":"https:\/\/www.talidesign.eu\/et\/pood\/toode\/doiy-loikelaud-juustule\/#primaryimage"},"image":{"@id":"https:\/\/www.talidesign.eu\/et\/pood\/toode\/doiy-loikelaud-juustule\/#primaryimage"},"thumbnailUrl":"https:\/\/www.talidesign.eu\/wp\/wp-content\/uploads\/2023\/03\/doiy-cheeseporn.jpg","datePublished":"2023-03-30T17:50:35+00:00","dateModified":"2024-06-16T16:35:25+00:00","breadcrumb":{"@id":"https:\/\/www.talidesign.eu\/et\/pood\/toode\/doiy-loikelaud-juustule\/#breadcrumb"},"inLanguage":"et","potentialAction":[{"@type":"ReadAction","target":["https:\/\/www.talidesign.eu\/et\/pood\/toode\/doiy-loikelaud-juustule\/"]}]},{"@type":"ImageObject","inLanguage":"et","@id":"https:\/\/www.talidesign.eu\/et\/pood\/toode\/doiy-loikelaud-juustule\/#primaryimage","url":"https:\/\/www.talidesign.eu\/wp\/wp-content\/uploads\/2023\/03\/doiy-cheeseporn.jpg","contentUrl":"https:\/\/www.talidesign.eu\/wp\/wp-content\/uploads\/2023\/03\/doiy-cheeseporn.jpg","width":1200,"height":1200},{"@type":"BreadcrumbList","@id":"https:\/\/www.talidesign.eu\/et\/pood\/toode\/doiy-loikelaud-juustule\/#breadcrumb","itemListElement":[{"@type":"ListItem","position":1,"name":"Avaleht","item":"https:\/\/www.talidesign.eu\/et\/"},{"@type":"ListItem","position":2,"name":"Pood","item":"https:\/\/www.talidesign.eu\/et\/pood\/"},{"@type":"ListItem","position":3,"name":"DOIY L\u00f5ikelaud juustule"}]},{"@type":"WebSite","@id":"https:\/\/www.talidesign.eu\/et\/#website","url":"https:\/\/www.talidesign.eu\/et\/","name":"TALI Concept Store","description":"Suurim Disainipood Eestis","potentialAction":[{"@type":"SearchAction","target":{"@type":"EntryPoint","urlTemplate":"https:\/\/www.talidesign.eu\/et\/?s={search_term_string}"},"query-input":{"@type":"PropertyValueSpecification","valueRequired":true,"valueName":"search_term_string"}}],"inLanguage":"et"}]}},"_links":{"self":[{"href":"https:\/\/www.talidesign.eu\/et\/wp-json\/wp\/v2\/product\/70748","targetHints":{"allow":["GET"]}}],"collection":[{"href":"https:\/\/www.talidesign.eu\/et\/wp-json\/wp\/v2\/product"}],"about":[{"href":"https:\/\/www.talidesign.eu\/et\/wp-json\/wp\/v2\/types\/product"}],"wp:featuredmedia":[{"embeddable":true,"href":"https:\/\/www.talidesign.eu\/et\/wp-json\/wp\/v2\/media\/70756"}],"wp:attachment":[{"href":"https:\/\/www.talidesign.eu\/et\/wp-json\/wp\/v2\/media?parent=70748"}],"wp:term":[{"taxonomy":"product_brand","embeddable":true,"href":"https:\/\/www.talidesign.eu\/et\/wp-json\/wp\/v2\/product_brand?post=70748"},{"taxonomy":"product_cat","embeddable":true,"href":"https:\/\/www.talidesign.eu\/et\/wp-json\/wp\/v2\/product_cat?post=70748"},{"taxonomy":"product_tag","embeddable":true,"href":"https:\/\/www.talidesign.eu\/et\/wp-json\/wp\/v2\/product_tag?post=70748"}],"curies":[{"name":"wp","href":"https:\/\/api.w.org\/{rel}","templated":true}]}}