{"id":70837,"date":"2023-03-30T21:50:17","date_gmt":"2023-03-30T18:50:17","guid":{"rendered":"https:\/\/www.talidesign.eu\/?post_type=product&#038;p=70837"},"modified":"2024-05-11T16:29:54","modified_gmt":"2024-05-11T13:29:54","slug":"doiy-insectum-pudeliavaja-silver","status":"publish","type":"product","link":"https:\/\/www.talidesign.eu\/et\/pood\/toode\/doiy-insectum-pudeliavaja-silver\/","title":{"rendered":"DOIY Insectum pudeliavaja Silver"},"content":{"rendered":"<p><strong>Insectum pudeliavaja Silver<\/strong><\/p>\n<p>Omap\u00e4rane ja elegantne mardikakujuline metallist pudeliavaja.<\/p>\n<p>\u2022 10,5&#215;5,5&#215;4,5 cm<br \/>\n\u2022 Tsingisulam<br \/>\n\u2022 N\u00f5udepesumasinas pestav<br \/>\n\u2022 <a href=\"\/et\/tootekategooria\/brandid\/doiy-et\/\">Br\u00e4nd DOIY<\/a><\/p>\n<p><strong>Meist<\/strong><\/p>\n<p>2008. aastal Elodie ja Jaime poolt Barcelonas asutatud DOIY on \u00fclemaailmne elustiilibr\u00e4nd, mis on p\u00fchendunud kingituste ja kodutarvikute loomisele. <\/p>\n<p>Igal esemel on oma lugu. \u00dcksk\u00f5ik, kas nad \u00fcllatavad, r\u00f5\u00f5mustavad, saadavad h\u00e4id tundeid v\u00f5i ajavad naerma &#8230; tekitavad nad alati meeldiva emotsiooni.<\/p>\n<p><a href=\"https:\/\/www.talidesign.eu\/wp\/wp-content\/uploads\/2020\/05\/MG_0219-e1572366614332-scaled.jpg\"><img loading=\"lazy\" decoding=\"async\" class=\"alignnone size-full wp-image-9832\" src=\"https:\/\/www.talidesign.eu\/wp\/wp-content\/uploads\/2020\/05\/MG_0219-e1572366614332-scaled.jpg\" alt=\"\" width=\"2560\" height=\"2323\" srcset=\"https:\/\/www.talidesign.eu\/wp\/wp-content\/uploads\/2020\/05\/MG_0219-e1572366614332-scaled.jpg 2560w, https:\/\/www.talidesign.eu\/wp\/wp-content\/uploads\/2020\/05\/MG_0219-e1572366614332-441x400.jpg 441w, https:\/\/www.talidesign.eu\/wp\/wp-content\/uploads\/2020\/05\/MG_0219-e1572366614332-882x800.jpg 882w, https:\/\/www.talidesign.eu\/wp\/wp-content\/uploads\/2020\/05\/MG_0219-e1572366614332-768x697.jpg 768w, https:\/\/www.talidesign.eu\/wp\/wp-content\/uploads\/2020\/05\/MG_0219-e1572366614332-1536x1394.jpg 1536w, https:\/\/www.talidesign.eu\/wp\/wp-content\/uploads\/2020\/05\/MG_0219-e1572366614332-2048x1858.jpg 2048w, https:\/\/www.talidesign.eu\/wp\/wp-content\/uploads\/2020\/05\/MG_0219-e1572366614332-500x454.jpg 500w, https:\/\/www.talidesign.eu\/wp\/wp-content\/uploads\/2020\/05\/MG_0219-e1572366614332-510x463.jpg 510w\" sizes=\"auto, (max-width: 2560px) 100vw, 2560px\" \/><\/a><br \/>\n<em>Elodie and Jaime<\/em><br \/>\n<a href=\"\/et\/tootekategooria\/brandid\/doiy-et\/\"><img loading=\"lazy\" decoding=\"async\" src=\"https:\/\/www.talidesign.eu\/wp\/wp-content\/uploads\/2021\/03\/logo-4.jpg\" alt=\"\" width=\"500\" height=\"100\" class=\"alignnone size-full wp-image-24553\" \/><\/a><\/p>\n","protected":false},"excerpt":{"rendered":"<p><strong>Insectum pudeliavaja Silver<\/strong><\/p>\n<p>Omap\u00e4rane ja elegantne mardikakujuline metallist pudeliavaja.<\/p>\n<p>\u2022 10,5&#215;5,5&#215;4,5 cm<br \/>\n\u2022 Tsingisulam<br \/>\n\u2022 N\u00f5udepesumasinas pestav<br \/>\n\u2022 <a href=\"\/et\/tootekategooria\/brandid\/doiy-et\/\">Br\u00e4nd DOIY<\/a><\/p>\n<p><strong>Meist<\/strong><\/p>\n<p>2008. aastal Elodie ja Jaime poolt Barcelonas asutatud DOIY on \u00fclemaailmne elustiilibr\u00e4nd, mis on p\u00fchendunud kingituste ja kodutarvikute loomisele. <\/p>\n<p>Igal esemel on oma lugu. \u00dcksk\u00f5ik, kas nad \u00fcllatavad, r\u00f5\u00f5mustavad, saadavad h\u00e4id tundeid v\u00f5i ajavad naerma &#8230; tekitavad nad alati meeldiva emotsiooni.<\/p>\n<p><a href=\"https:\/\/www.talidesign.eu\/wp\/wp-content\/uploads\/2020\/05\/MG_0219-e1572366614332-scaled.jpg\"><img loading=\"lazy\" decoding=\"async\" class=\"alignnone size-full wp-image-9832\" src=\"https:\/\/www.talidesign.eu\/wp\/wp-content\/uploads\/2020\/05\/MG_0219-e1572366614332-scaled.jpg\" alt=\"\" width=\"2560\" height=\"2323\" srcset=\"https:\/\/www.talidesign.eu\/wp\/wp-content\/uploads\/2020\/05\/MG_0219-e1572366614332-scaled.jpg 2560w, https:\/\/www.talidesign.eu\/wp\/wp-content\/uploads\/2020\/05\/MG_0219-e1572366614332-441x400.jpg 441w, https:\/\/www.talidesign.eu\/wp\/wp-content\/uploads\/2020\/05\/MG_0219-e1572366614332-882x800.jpg 882w, https:\/\/www.talidesign.eu\/wp\/wp-content\/uploads\/2020\/05\/MG_0219-e1572366614332-768x697.jpg 768w, https:\/\/www.talidesign.eu\/wp\/wp-content\/uploads\/2020\/05\/MG_0219-e1572366614332-1536x1394.jpg 1536w, https:\/\/www.talidesign.eu\/wp\/wp-content\/uploads\/2020\/05\/MG_0219-e1572366614332-2048x1858.jpg 2048w, https:\/\/www.talidesign.eu\/wp\/wp-content\/uploads\/2020\/05\/MG_0219-e1572366614332-500x454.jpg 500w, https:\/\/www.talidesign.eu\/wp\/wp-content\/uploads\/2020\/05\/MG_0219-e1572366614332-510x463.jpg 510w\" sizes=\"auto, (max-width: 2560px) 100vw, 2560px\" \/><\/a><br \/>\n<em>Elodie and Jaime<\/em><br \/>\n<a href=\"\/et\/tootekategooria\/brandid\/doiy-et\/\"><img loading=\"lazy\" decoding=\"async\" src=\"https:\/\/www.talidesign.eu\/wp\/wp-content\/uploads\/2021\/03\/logo-4.jpg\" alt=\"\" width=\"500\" height=\"100\" class=\"alignnone size-full wp-image-24553\" \/><\/a><\/p>\n","protected":false},"featured_media":70845,"template":"","meta":[],"product_brand":[],"product_cat":[1099,1026,1041,1030],"product_tag":[1690],"class_list":{"0":"post-70837","1":"product","2":"type-product","3":"status-publish","4":"has-post-thumbnail","6":"product_cat-aksessuaarid","7":"product_cat-brandid","8":"product_cat-doiy-et","9":"product_cat-kook","10":"product_tag-doiy-et","12":"first","13":"outofstock","14":"taxable","15":"shipping-taxable","16":"purchasable","17":"product-type-simple"},"yoast_head":"<!-- This site is optimized with the Yoast SEO plugin v27.3 - https:\/\/yoast.com\/product\/yoast-seo-wordpress\/ -->\n<title>DOIY Insectum pudeliavaja Silver - TALI Concept Store<\/title>\n<meta name=\"description\" content=\"Avasta DOIY Insectum pudeliavaja Silver - omap\u00e4rane ja elegantne mardikakujuline metallist pudeliavaja. Loo emotsionaalne side ja saa rohkem teada!\" \/>\n<meta name=\"robots\" content=\"index, follow, max-snippet:-1, max-image-preview:large, max-video-preview:-1\" \/>\n<link rel=\"canonical\" href=\"https:\/\/www.talidesign.eu\/et\/pood\/toode\/doiy-insectum-pudeliavaja-silver\/\" \/>\n<meta property=\"og:locale\" content=\"et_EE\" \/>\n<meta property=\"og:type\" content=\"article\" \/>\n<meta property=\"og:title\" content=\"DOIY Insectum pudeliavaja Silver - TALI Concept Store\" \/>\n<meta property=\"og:description\" content=\"Avasta DOIY Insectum pudeliavaja Silver - omap\u00e4rane ja elegantne mardikakujuline metallist pudeliavaja. Loo emotsionaalne side ja saa rohkem teada!\" \/>\n<meta property=\"og:url\" content=\"https:\/\/www.talidesign.eu\/et\/pood\/toode\/doiy-insectum-pudeliavaja-silver\/\" \/>\n<meta property=\"og:site_name\" content=\"TALI Concept Store\" \/>\n<meta property=\"article:publisher\" content=\"https:\/\/www.facebook.com\/TaliDisain\/\" \/>\n<meta property=\"article:modified_time\" content=\"2024-05-11T13:29:54+00:00\" \/>\n<meta property=\"og:image\" content=\"https:\/\/www.talidesign.eu\/wp\/wp-content\/uploads\/2023\/03\/doiy-insectum-bottle-opener-silver.jpg\" \/>\n\t<meta property=\"og:image:width\" content=\"1200\" \/>\n\t<meta property=\"og:image:height\" content=\"1200\" \/>\n\t<meta property=\"og:image:type\" content=\"image\/jpeg\" \/>\n<meta name=\"twitter:card\" content=\"summary_large_image\" \/>\n<meta name=\"twitter:label1\" content=\"Est. reading time\" \/>\n\t<meta name=\"twitter:data1\" content=\"1 minute\" \/>\n<script type=\"application\/ld+json\" class=\"yoast-schema-graph\">{\"@context\":\"https:\\\/\\\/schema.org\",\"@graph\":[{\"@type\":\"WebPage\",\"@id\":\"https:\\\/\\\/www.talidesign.eu\\\/et\\\/pood\\\/toode\\\/doiy-insectum-pudeliavaja-silver\\\/\",\"url\":\"https:\\\/\\\/www.talidesign.eu\\\/et\\\/pood\\\/toode\\\/doiy-insectum-pudeliavaja-silver\\\/\",\"name\":\"DOIY Insectum pudeliavaja Silver - TALI Concept Store\",\"isPartOf\":{\"@id\":\"https:\\\/\\\/www.talidesign.eu\\\/et\\\/#website\"},\"primaryImageOfPage\":{\"@id\":\"https:\\\/\\\/www.talidesign.eu\\\/et\\\/pood\\\/toode\\\/doiy-insectum-pudeliavaja-silver\\\/#primaryimage\"},\"image\":{\"@id\":\"https:\\\/\\\/www.talidesign.eu\\\/et\\\/pood\\\/toode\\\/doiy-insectum-pudeliavaja-silver\\\/#primaryimage\"},\"thumbnailUrl\":\"https:\\\/\\\/www.talidesign.eu\\\/wp\\\/wp-content\\\/uploads\\\/2023\\\/03\\\/doiy-insectum-bottle-opener-silver.jpg\",\"datePublished\":\"2023-03-30T18:50:17+00:00\",\"dateModified\":\"2024-05-11T13:29:54+00:00\",\"description\":\"Avasta DOIY Insectum pudeliavaja Silver - omap\u00e4rane ja elegantne mardikakujuline metallist pudeliavaja. Loo emotsionaalne side ja saa rohkem teada!\",\"breadcrumb\":{\"@id\":\"https:\\\/\\\/www.talidesign.eu\\\/et\\\/pood\\\/toode\\\/doiy-insectum-pudeliavaja-silver\\\/#breadcrumb\"},\"inLanguage\":\"et\",\"potentialAction\":[{\"@type\":\"ReadAction\",\"target\":[\"https:\\\/\\\/www.talidesign.eu\\\/et\\\/pood\\\/toode\\\/doiy-insectum-pudeliavaja-silver\\\/\"]}]},{\"@type\":\"ImageObject\",\"inLanguage\":\"et\",\"@id\":\"https:\\\/\\\/www.talidesign.eu\\\/et\\\/pood\\\/toode\\\/doiy-insectum-pudeliavaja-silver\\\/#primaryimage\",\"url\":\"https:\\\/\\\/www.talidesign.eu\\\/wp\\\/wp-content\\\/uploads\\\/2023\\\/03\\\/doiy-insectum-bottle-opener-silver.jpg\",\"contentUrl\":\"https:\\\/\\\/www.talidesign.eu\\\/wp\\\/wp-content\\\/uploads\\\/2023\\\/03\\\/doiy-insectum-bottle-opener-silver.jpg\",\"width\":1200,\"height\":1200},{\"@type\":\"BreadcrumbList\",\"@id\":\"https:\\\/\\\/www.talidesign.eu\\\/et\\\/pood\\\/toode\\\/doiy-insectum-pudeliavaja-silver\\\/#breadcrumb\",\"itemListElement\":[{\"@type\":\"ListItem\",\"position\":1,\"name\":\"Avaleht\",\"item\":\"https:\\\/\\\/www.talidesign.eu\\\/et\\\/\"},{\"@type\":\"ListItem\",\"position\":2,\"name\":\"Pood\",\"item\":\"https:\\\/\\\/www.talidesign.eu\\\/et\\\/pood\\\/\"},{\"@type\":\"ListItem\",\"position\":3,\"name\":\"DOIY Insectum pudeliavaja Silver\"}]},{\"@type\":\"WebSite\",\"@id\":\"https:\\\/\\\/www.talidesign.eu\\\/et\\\/#website\",\"url\":\"https:\\\/\\\/www.talidesign.eu\\\/et\\\/\",\"name\":\"TALI Concept Store\",\"description\":\"Suurim Disainipood Eestis\",\"potentialAction\":[{\"@type\":\"SearchAction\",\"target\":{\"@type\":\"EntryPoint\",\"urlTemplate\":\"https:\\\/\\\/www.talidesign.eu\\\/et\\\/?s={search_term_string}\"},\"query-input\":{\"@type\":\"PropertyValueSpecification\",\"valueRequired\":true,\"valueName\":\"search_term_string\"}}],\"inLanguage\":\"et\"}]}<\/script>\n<!-- \/ Yoast SEO plugin. -->","yoast_head_json":{"title":"DOIY Insectum pudeliavaja Silver - TALI Concept Store","description":"Avasta DOIY Insectum pudeliavaja Silver - omap\u00e4rane ja elegantne mardikakujuline metallist pudeliavaja. Loo emotsionaalne side ja saa rohkem teada!","robots":{"index":"index","follow":"follow","max-snippet":"max-snippet:-1","max-image-preview":"max-image-preview:large","max-video-preview":"max-video-preview:-1"},"canonical":"https:\/\/www.talidesign.eu\/et\/pood\/toode\/doiy-insectum-pudeliavaja-silver\/","og_locale":"et_EE","og_type":"article","og_title":"DOIY Insectum pudeliavaja Silver - TALI Concept Store","og_description":"Avasta DOIY Insectum pudeliavaja Silver - omap\u00e4rane ja elegantne mardikakujuline metallist pudeliavaja. Loo emotsionaalne side ja saa rohkem teada!","og_url":"https:\/\/www.talidesign.eu\/et\/pood\/toode\/doiy-insectum-pudeliavaja-silver\/","og_site_name":"TALI Concept Store","article_publisher":"https:\/\/www.facebook.com\/TaliDisain\/","article_modified_time":"2024-05-11T13:29:54+00:00","og_image":[{"width":1200,"height":1200,"url":"https:\/\/www.talidesign.eu\/wp\/wp-content\/uploads\/2023\/03\/doiy-insectum-bottle-opener-silver.jpg","type":"image\/jpeg"}],"twitter_card":"summary_large_image","twitter_misc":{"Est. reading time":"1 minute"},"schema":{"@context":"https:\/\/schema.org","@graph":[{"@type":"WebPage","@id":"https:\/\/www.talidesign.eu\/et\/pood\/toode\/doiy-insectum-pudeliavaja-silver\/","url":"https:\/\/www.talidesign.eu\/et\/pood\/toode\/doiy-insectum-pudeliavaja-silver\/","name":"DOIY Insectum pudeliavaja Silver - TALI Concept Store","isPartOf":{"@id":"https:\/\/www.talidesign.eu\/et\/#website"},"primaryImageOfPage":{"@id":"https:\/\/www.talidesign.eu\/et\/pood\/toode\/doiy-insectum-pudeliavaja-silver\/#primaryimage"},"image":{"@id":"https:\/\/www.talidesign.eu\/et\/pood\/toode\/doiy-insectum-pudeliavaja-silver\/#primaryimage"},"thumbnailUrl":"https:\/\/www.talidesign.eu\/wp\/wp-content\/uploads\/2023\/03\/doiy-insectum-bottle-opener-silver.jpg","datePublished":"2023-03-30T18:50:17+00:00","dateModified":"2024-05-11T13:29:54+00:00","description":"Avasta DOIY Insectum pudeliavaja Silver - omap\u00e4rane ja elegantne mardikakujuline metallist pudeliavaja. Loo emotsionaalne side ja saa rohkem teada!","breadcrumb":{"@id":"https:\/\/www.talidesign.eu\/et\/pood\/toode\/doiy-insectum-pudeliavaja-silver\/#breadcrumb"},"inLanguage":"et","potentialAction":[{"@type":"ReadAction","target":["https:\/\/www.talidesign.eu\/et\/pood\/toode\/doiy-insectum-pudeliavaja-silver\/"]}]},{"@type":"ImageObject","inLanguage":"et","@id":"https:\/\/www.talidesign.eu\/et\/pood\/toode\/doiy-insectum-pudeliavaja-silver\/#primaryimage","url":"https:\/\/www.talidesign.eu\/wp\/wp-content\/uploads\/2023\/03\/doiy-insectum-bottle-opener-silver.jpg","contentUrl":"https:\/\/www.talidesign.eu\/wp\/wp-content\/uploads\/2023\/03\/doiy-insectum-bottle-opener-silver.jpg","width":1200,"height":1200},{"@type":"BreadcrumbList","@id":"https:\/\/www.talidesign.eu\/et\/pood\/toode\/doiy-insectum-pudeliavaja-silver\/#breadcrumb","itemListElement":[{"@type":"ListItem","position":1,"name":"Avaleht","item":"https:\/\/www.talidesign.eu\/et\/"},{"@type":"ListItem","position":2,"name":"Pood","item":"https:\/\/www.talidesign.eu\/et\/pood\/"},{"@type":"ListItem","position":3,"name":"DOIY Insectum pudeliavaja Silver"}]},{"@type":"WebSite","@id":"https:\/\/www.talidesign.eu\/et\/#website","url":"https:\/\/www.talidesign.eu\/et\/","name":"TALI Concept Store","description":"Suurim Disainipood Eestis","potentialAction":[{"@type":"SearchAction","target":{"@type":"EntryPoint","urlTemplate":"https:\/\/www.talidesign.eu\/et\/?s={search_term_string}"},"query-input":{"@type":"PropertyValueSpecification","valueRequired":true,"valueName":"search_term_string"}}],"inLanguage":"et"}]}},"_links":{"self":[{"href":"https:\/\/www.talidesign.eu\/et\/wp-json\/wp\/v2\/product\/70837","targetHints":{"allow":["GET"]}}],"collection":[{"href":"https:\/\/www.talidesign.eu\/et\/wp-json\/wp\/v2\/product"}],"about":[{"href":"https:\/\/www.talidesign.eu\/et\/wp-json\/wp\/v2\/types\/product"}],"wp:featuredmedia":[{"embeddable":true,"href":"https:\/\/www.talidesign.eu\/et\/wp-json\/wp\/v2\/media\/70845"}],"wp:attachment":[{"href":"https:\/\/www.talidesign.eu\/et\/wp-json\/wp\/v2\/media?parent=70837"}],"wp:term":[{"taxonomy":"product_brand","embeddable":true,"href":"https:\/\/www.talidesign.eu\/et\/wp-json\/wp\/v2\/product_brand?post=70837"},{"taxonomy":"product_cat","embeddable":true,"href":"https:\/\/www.talidesign.eu\/et\/wp-json\/wp\/v2\/product_cat?post=70837"},{"taxonomy":"product_tag","embeddable":true,"href":"https:\/\/www.talidesign.eu\/et\/wp-json\/wp\/v2\/product_tag?post=70837"}],"curies":[{"name":"wp","href":"https:\/\/api.w.org\/{rel}","templated":true}]}}