{"id":71083,"date":"2023-04-11T10:07:52","date_gmt":"2023-04-04T11:07:52","guid":{"rendered":"https:\/\/www.talidesign.eu\/?post_type=product&#038;p=71083"},"modified":"2024-12-19T16:25:36","modified_gmt":"2024-12-19T14:25:36","slug":"yamazaki-toidukauss-kassile-ja-koerale-1tk-valge","status":"publish","type":"product","link":"https:\/\/www.talidesign.eu\/et\/pood\/toode\/yamazaki-toidukauss-kassile-ja-koerale-1tk-valge\/","title":{"rendered":"Yamazaki toidukauss Kassile ja Koerale 1tk Valge"},"content":{"rendered":"<p><strong>Toidukauss Kassile ja Koerale 1tk Valge<\/strong><\/p>\n<p>R\u00f5\u00f5mustage oma s\u00f5pra, serveerides neile nende lemmiktoidud selles uhkes kausis. Lihtsa ja puhta disainiga kauss ja alus sobivad h\u00f5lpsalt teie koju ja tekitavad hubase meeleolu, mis paneb teie koera v\u00f5i kassi tundma, nagu s\u00f6\u00f6ks nad uhkes restoranis.<\/p>\n<p>\u2022 300ml<br \/>\n\u2022 Materjal: teras\/keraamika<br \/>\n\u2022 L 15.5 x W 15 x H 10cm<br \/>\n\u2022 Kaal: 0,79kg<br \/>\n\u2022 <a href=\"\/et\/tootekategooria\/brandid\/yamazaki-home-et\/\">Br\u00e4nd Yamazaki Home<\/a><\/p>\n<p><a href=\"\/et\/tootekategooria\/brandid\/yamazaki-home-et\/\"><img loading=\"lazy\" decoding=\"async\" class=\"alignnone size-full wp-image-23562\" src=\"https:\/\/www.talidesign.eu\/wp\/wp-content\/uploads\/2021\/02\/yamazaki.jpg\" alt=\"\" width=\"500\" height=\"100\" \/><\/a><\/p>\n","protected":false},"excerpt":{"rendered":"<p><strong>toidukauss Kassile ja Koerale 1tk Valge<\/strong><\/p>\n<p>R\u00f5\u00f5mustage oma s\u00f5pra, serveerides neile nende lemmiktoidud selles uhkes kausis. Lihtsa ja puhta disainiga kauss ja alus sobivad h\u00f5lpsalt teie koju ja tekitavad hubase meeleolu, mis paneb teie koera v\u00f5i kassi tundma, nagu s\u00f6\u00f6ks nad uhkes restoranis.<\/p>\n<p>\u2022 300ml<br \/>\n\u2022 Materjal: teras\/keraamika<br \/>\n\u2022 L 15.5 x W 15 x H 10cm<br \/>\n\u2022 Kaal: 0,79kg<br \/>\n\u2022 <a href=\"\/et\/tootekategooria\/brandid\/yamazaki-home-et\/\">Br\u00e4nd Yamazaki Home<\/a><\/p>\n<p><a href=\"\/et\/tootekategooria\/brandid\/yamazaki-home-et\/\"><img loading=\"lazy\" decoding=\"async\" class=\"alignnone size-full wp-image-23562\" src=\"https:\/\/www.talidesign.eu\/wp\/wp-content\/uploads\/2021\/02\/yamazaki.jpg\" alt=\"\" width=\"500\" height=\"100\" \/><\/a><\/p>\n","protected":false},"featured_media":71085,"template":"","meta":[],"product_brand":[],"product_cat":[1026,1018,1108,1094],"product_tag":[1274],"class_list":{"0":"post-71083","1":"product","2":"type-product","3":"status-publish","4":"has-post-thumbnail","6":"product_cat-brandid","7":"product_cat-kodu","8":"product_cat-lemmikloomad","9":"product_cat-yamazaki-home-et","10":"product_tag-yamazaki-et","12":"first","13":"instock","14":"taxable","15":"shipping-taxable","16":"purchasable","17":"product-type-simple"},"yoast_head":"<!-- This site is optimized with the Yoast SEO plugin v27.3 - https:\/\/yoast.com\/product\/yoast-seo-wordpress\/ -->\n<title>Yamazaki toidukauss Kassile ja Koerale 1tk Valge - TALI Concept Store<\/title>\n<meta name=\"description\" content=\"R\u00f5\u00f5mustage oma lemmikut selle uhke valge Yamazaki toidukaussiga. Lihtne ja puhas disain loob hubase meeleolu, nagu oleksid nad uhkes restoranis.\" \/>\n<meta name=\"robots\" content=\"index, follow, max-snippet:-1, max-image-preview:large, max-video-preview:-1\" \/>\n<link rel=\"canonical\" href=\"https:\/\/www.talidesign.eu\/et\/pood\/toode\/yamazaki-toidukauss-kassile-ja-koerale-1tk-valge\/\" \/>\n<meta property=\"og:locale\" content=\"et_EE\" \/>\n<meta property=\"og:type\" content=\"article\" \/>\n<meta property=\"og:title\" content=\"Yamazaki toidukauss Kassile ja Koerale 1tk Valge - TALI Concept Store\" \/>\n<meta property=\"og:description\" content=\"R\u00f5\u00f5mustage oma lemmikut selle uhke valge Yamazaki toidukaussiga. Lihtne ja puhas disain loob hubase meeleolu, nagu oleksid nad uhkes restoranis.\" \/>\n<meta property=\"og:url\" content=\"https:\/\/www.talidesign.eu\/et\/pood\/toode\/yamazaki-toidukauss-kassile-ja-koerale-1tk-valge\/\" \/>\n<meta property=\"og:site_name\" content=\"TALI Concept Store\" \/>\n<meta property=\"article:publisher\" content=\"https:\/\/www.facebook.com\/TaliDisain\/\" \/>\n<meta property=\"article:modified_time\" content=\"2024-12-19T14:25:36+00:00\" \/>\n<meta property=\"og:image\" content=\"https:\/\/www.talidesign.eu\/wp\/wp-content\/uploads\/2023\/04\/yamazaki-cat-and-dog-bowl-single-white.jpg\" \/>\n\t<meta property=\"og:image:width\" content=\"1700\" \/>\n\t<meta property=\"og:image:height\" content=\"1700\" \/>\n\t<meta property=\"og:image:type\" content=\"image\/jpeg\" \/>\n<meta name=\"twitter:card\" content=\"summary_large_image\" \/>\n<meta name=\"twitter:label1\" content=\"Est. reading time\" \/>\n\t<meta name=\"twitter:data1\" content=\"1 minute\" \/>\n<script type=\"application\/ld+json\" class=\"yoast-schema-graph\">{\"@context\":\"https:\\\/\\\/schema.org\",\"@graph\":[{\"@type\":\"WebPage\",\"@id\":\"https:\\\/\\\/www.talidesign.eu\\\/et\\\/pood\\\/toode\\\/yamazaki-toidukauss-kassile-ja-koerale-1tk-valge\\\/\",\"url\":\"https:\\\/\\\/www.talidesign.eu\\\/et\\\/pood\\\/toode\\\/yamazaki-toidukauss-kassile-ja-koerale-1tk-valge\\\/\",\"name\":\"Yamazaki toidukauss Kassile ja Koerale 1tk Valge - TALI Concept Store\",\"isPartOf\":{\"@id\":\"https:\\\/\\\/www.talidesign.eu\\\/et\\\/#website\"},\"primaryImageOfPage\":{\"@id\":\"https:\\\/\\\/www.talidesign.eu\\\/et\\\/pood\\\/toode\\\/yamazaki-toidukauss-kassile-ja-koerale-1tk-valge\\\/#primaryimage\"},\"image\":{\"@id\":\"https:\\\/\\\/www.talidesign.eu\\\/et\\\/pood\\\/toode\\\/yamazaki-toidukauss-kassile-ja-koerale-1tk-valge\\\/#primaryimage\"},\"thumbnailUrl\":\"https:\\\/\\\/www.talidesign.eu\\\/wp\\\/wp-content\\\/uploads\\\/2023\\\/04\\\/yamazaki-cat-and-dog-bowl-single-white.jpg\",\"datePublished\":\"2023-04-04T11:07:52+00:00\",\"dateModified\":\"2024-12-19T14:25:36+00:00\",\"description\":\"R\u00f5\u00f5mustage oma lemmikut selle uhke valge Yamazaki toidukaussiga. Lihtne ja puhas disain loob hubase meeleolu, nagu oleksid nad uhkes restoranis.\",\"breadcrumb\":{\"@id\":\"https:\\\/\\\/www.talidesign.eu\\\/et\\\/pood\\\/toode\\\/yamazaki-toidukauss-kassile-ja-koerale-1tk-valge\\\/#breadcrumb\"},\"inLanguage\":\"et\",\"potentialAction\":[{\"@type\":\"ReadAction\",\"target\":[\"https:\\\/\\\/www.talidesign.eu\\\/et\\\/pood\\\/toode\\\/yamazaki-toidukauss-kassile-ja-koerale-1tk-valge\\\/\"]}]},{\"@type\":\"ImageObject\",\"inLanguage\":\"et\",\"@id\":\"https:\\\/\\\/www.talidesign.eu\\\/et\\\/pood\\\/toode\\\/yamazaki-toidukauss-kassile-ja-koerale-1tk-valge\\\/#primaryimage\",\"url\":\"https:\\\/\\\/www.talidesign.eu\\\/wp\\\/wp-content\\\/uploads\\\/2023\\\/04\\\/yamazaki-cat-and-dog-bowl-single-white.jpg\",\"contentUrl\":\"https:\\\/\\\/www.talidesign.eu\\\/wp\\\/wp-content\\\/uploads\\\/2023\\\/04\\\/yamazaki-cat-and-dog-bowl-single-white.jpg\",\"width\":1700,\"height\":1700},{\"@type\":\"BreadcrumbList\",\"@id\":\"https:\\\/\\\/www.talidesign.eu\\\/et\\\/pood\\\/toode\\\/yamazaki-toidukauss-kassile-ja-koerale-1tk-valge\\\/#breadcrumb\",\"itemListElement\":[{\"@type\":\"ListItem\",\"position\":1,\"name\":\"Avaleht\",\"item\":\"https:\\\/\\\/www.talidesign.eu\\\/et\\\/\"},{\"@type\":\"ListItem\",\"position\":2,\"name\":\"Pood\",\"item\":\"https:\\\/\\\/www.talidesign.eu\\\/et\\\/pood\\\/\"},{\"@type\":\"ListItem\",\"position\":3,\"name\":\"Yamazaki toidukauss Kassile ja Koerale 1tk Valge\"}]},{\"@type\":\"WebSite\",\"@id\":\"https:\\\/\\\/www.talidesign.eu\\\/et\\\/#website\",\"url\":\"https:\\\/\\\/www.talidesign.eu\\\/et\\\/\",\"name\":\"TALI Concept Store\",\"description\":\"Suurim Disainipood Eestis\",\"potentialAction\":[{\"@type\":\"SearchAction\",\"target\":{\"@type\":\"EntryPoint\",\"urlTemplate\":\"https:\\\/\\\/www.talidesign.eu\\\/et\\\/?s={search_term_string}\"},\"query-input\":{\"@type\":\"PropertyValueSpecification\",\"valueRequired\":true,\"valueName\":\"search_term_string\"}}],\"inLanguage\":\"et\"}]}<\/script>\n<!-- \/ Yoast SEO plugin. -->","yoast_head_json":{"title":"Yamazaki toidukauss Kassile ja Koerale 1tk Valge - TALI Concept Store","description":"R\u00f5\u00f5mustage oma lemmikut selle uhke valge Yamazaki toidukaussiga. Lihtne ja puhas disain loob hubase meeleolu, nagu oleksid nad uhkes restoranis.","robots":{"index":"index","follow":"follow","max-snippet":"max-snippet:-1","max-image-preview":"max-image-preview:large","max-video-preview":"max-video-preview:-1"},"canonical":"https:\/\/www.talidesign.eu\/et\/pood\/toode\/yamazaki-toidukauss-kassile-ja-koerale-1tk-valge\/","og_locale":"et_EE","og_type":"article","og_title":"Yamazaki toidukauss Kassile ja Koerale 1tk Valge - TALI Concept Store","og_description":"R\u00f5\u00f5mustage oma lemmikut selle uhke valge Yamazaki toidukaussiga. Lihtne ja puhas disain loob hubase meeleolu, nagu oleksid nad uhkes restoranis.","og_url":"https:\/\/www.talidesign.eu\/et\/pood\/toode\/yamazaki-toidukauss-kassile-ja-koerale-1tk-valge\/","og_site_name":"TALI Concept Store","article_publisher":"https:\/\/www.facebook.com\/TaliDisain\/","article_modified_time":"2024-12-19T14:25:36+00:00","og_image":[{"width":1700,"height":1700,"url":"https:\/\/www.talidesign.eu\/wp\/wp-content\/uploads\/2023\/04\/yamazaki-cat-and-dog-bowl-single-white.jpg","type":"image\/jpeg"}],"twitter_card":"summary_large_image","twitter_misc":{"Est. reading time":"1 minute"},"schema":{"@context":"https:\/\/schema.org","@graph":[{"@type":"WebPage","@id":"https:\/\/www.talidesign.eu\/et\/pood\/toode\/yamazaki-toidukauss-kassile-ja-koerale-1tk-valge\/","url":"https:\/\/www.talidesign.eu\/et\/pood\/toode\/yamazaki-toidukauss-kassile-ja-koerale-1tk-valge\/","name":"Yamazaki toidukauss Kassile ja Koerale 1tk Valge - TALI Concept Store","isPartOf":{"@id":"https:\/\/www.talidesign.eu\/et\/#website"},"primaryImageOfPage":{"@id":"https:\/\/www.talidesign.eu\/et\/pood\/toode\/yamazaki-toidukauss-kassile-ja-koerale-1tk-valge\/#primaryimage"},"image":{"@id":"https:\/\/www.talidesign.eu\/et\/pood\/toode\/yamazaki-toidukauss-kassile-ja-koerale-1tk-valge\/#primaryimage"},"thumbnailUrl":"https:\/\/www.talidesign.eu\/wp\/wp-content\/uploads\/2023\/04\/yamazaki-cat-and-dog-bowl-single-white.jpg","datePublished":"2023-04-04T11:07:52+00:00","dateModified":"2024-12-19T14:25:36+00:00","description":"R\u00f5\u00f5mustage oma lemmikut selle uhke valge Yamazaki toidukaussiga. Lihtne ja puhas disain loob hubase meeleolu, nagu oleksid nad uhkes restoranis.","breadcrumb":{"@id":"https:\/\/www.talidesign.eu\/et\/pood\/toode\/yamazaki-toidukauss-kassile-ja-koerale-1tk-valge\/#breadcrumb"},"inLanguage":"et","potentialAction":[{"@type":"ReadAction","target":["https:\/\/www.talidesign.eu\/et\/pood\/toode\/yamazaki-toidukauss-kassile-ja-koerale-1tk-valge\/"]}]},{"@type":"ImageObject","inLanguage":"et","@id":"https:\/\/www.talidesign.eu\/et\/pood\/toode\/yamazaki-toidukauss-kassile-ja-koerale-1tk-valge\/#primaryimage","url":"https:\/\/www.talidesign.eu\/wp\/wp-content\/uploads\/2023\/04\/yamazaki-cat-and-dog-bowl-single-white.jpg","contentUrl":"https:\/\/www.talidesign.eu\/wp\/wp-content\/uploads\/2023\/04\/yamazaki-cat-and-dog-bowl-single-white.jpg","width":1700,"height":1700},{"@type":"BreadcrumbList","@id":"https:\/\/www.talidesign.eu\/et\/pood\/toode\/yamazaki-toidukauss-kassile-ja-koerale-1tk-valge\/#breadcrumb","itemListElement":[{"@type":"ListItem","position":1,"name":"Avaleht","item":"https:\/\/www.talidesign.eu\/et\/"},{"@type":"ListItem","position":2,"name":"Pood","item":"https:\/\/www.talidesign.eu\/et\/pood\/"},{"@type":"ListItem","position":3,"name":"Yamazaki toidukauss Kassile ja Koerale 1tk Valge"}]},{"@type":"WebSite","@id":"https:\/\/www.talidesign.eu\/et\/#website","url":"https:\/\/www.talidesign.eu\/et\/","name":"TALI Concept Store","description":"Suurim Disainipood Eestis","potentialAction":[{"@type":"SearchAction","target":{"@type":"EntryPoint","urlTemplate":"https:\/\/www.talidesign.eu\/et\/?s={search_term_string}"},"query-input":{"@type":"PropertyValueSpecification","valueRequired":true,"valueName":"search_term_string"}}],"inLanguage":"et"}]}},"_links":{"self":[{"href":"https:\/\/www.talidesign.eu\/et\/wp-json\/wp\/v2\/product\/71083","targetHints":{"allow":["GET"]}}],"collection":[{"href":"https:\/\/www.talidesign.eu\/et\/wp-json\/wp\/v2\/product"}],"about":[{"href":"https:\/\/www.talidesign.eu\/et\/wp-json\/wp\/v2\/types\/product"}],"wp:featuredmedia":[{"embeddable":true,"href":"https:\/\/www.talidesign.eu\/et\/wp-json\/wp\/v2\/media\/71085"}],"wp:attachment":[{"href":"https:\/\/www.talidesign.eu\/et\/wp-json\/wp\/v2\/media?parent=71083"}],"wp:term":[{"taxonomy":"product_brand","embeddable":true,"href":"https:\/\/www.talidesign.eu\/et\/wp-json\/wp\/v2\/product_brand?post=71083"},{"taxonomy":"product_cat","embeddable":true,"href":"https:\/\/www.talidesign.eu\/et\/wp-json\/wp\/v2\/product_cat?post=71083"},{"taxonomy":"product_tag","embeddable":true,"href":"https:\/\/www.talidesign.eu\/et\/wp-json\/wp\/v2\/product_tag?post=71083"}],"curies":[{"name":"wp","href":"https:\/\/api.w.org\/{rel}","templated":true}]}}