{"id":71123,"date":"2023-04-11T10:13:14","date_gmt":"2023-04-04T12:13:14","guid":{"rendered":"https:\/\/www.talidesign.eu\/?post_type=product&#038;p=71123"},"modified":"2024-12-29T15:56:19","modified_gmt":"2024-12-29T13:56:19","slug":"yamazaki-rin-3-tasandiga-ehtekarp-must","status":"publish","type":"product","link":"https:\/\/www.talidesign.eu\/et\/pood\/toode\/yamazaki-rin-3-tasandiga-ehtekarp-must\/","title":{"rendered":"Yamazaki Rin 3 tasandiga ehtekarp Must"},"content":{"rendered":"<p><strong>Rin 3 tasandiga ehtekarp Must<\/strong><\/p>\n<p>See ruumis\u00e4\u00e4stlik aksessuaarikarp , millel on kolm tasandit, sobib ideaalselt v\u00e4ikeste esemete hoidmiseks ja sobib isegi kitsastesse kohtadesse. Erinevad tasapinnad on eraldatavad ja sisaldavad ka vabalt paigutatavaid vaheseinu. Kaunis puidust kaas toimib t\u00e4iendava hoiualusena.<\/p>\n<p>\u2022 Materjal: ABS Resin \/ Puit<br \/>\n\u2022 L 24 x W 8 x H11.5 cm<br \/>\n\u2022 Kaal: 0.475 kg<br \/>\n\u2022 <a href=\"\/et\/tootekategooria\/brandid\/yamazaki-home-et\/\">Br\u00e4nd Yamazaki Home<\/a><br \/>\n&nbsp;<br \/>\n&nbsp;<br \/>\n<a href=\"\/et\/tootekategooria\/brandid\/yamazaki-home-et\/\"><img loading=\"lazy\" decoding=\"async\" class=\"alignnone size-full wp-image-23562\" src=\"https:\/\/www.talidesign.eu\/wp\/wp-content\/uploads\/2021\/02\/yamazaki.jpg\" alt=\"\" width=\"500\" height=\"100\" \/><\/a><\/p>\n","protected":false},"excerpt":{"rendered":"<p><strong>Rin 3 tasandiga ehtekarp Must<\/strong><\/p>\n<p>See ruumis\u00e4\u00e4stlik aksessuaarikarp , millel on kolm tasandit, sobib ideaalselt v\u00e4ikeste esemete hoidmiseks ja sobib isegi kitsastesse kohtadesse. Erinevad tasapinnad on eraldatavad ja sisaldavad ka vabalt paigutatavaid vaheseinu. Kaunis puidust kaas toimib t\u00e4iendava hoiualusena.<\/p>\n<p>\u2022 Materjal: ABS Resin \/ Puit<br \/>\n\u2022 L 24 x W 8 x H11.5 cm<br \/>\n\u2022 Kaal: 0.475 kg<br \/>\n\u2022 <a href=\"\/et\/tootekategooria\/brandid\/yamazaki-home-et\/\">Br\u00e4nd Yamazaki Home<\/a><br \/>\n&nbsp;<br \/>\n&nbsp;<br \/>\n<a href=\"\/et\/tootekategooria\/brandid\/yamazaki-home-et\/\"><img loading=\"lazy\" decoding=\"async\" class=\"alignnone size-full wp-image-23562\" src=\"https:\/\/www.talidesign.eu\/wp\/wp-content\/uploads\/2021\/02\/yamazaki.jpg\" alt=\"\" width=\"500\" height=\"100\" \/><\/a><\/p>\n","protected":false},"featured_media":71125,"template":"","meta":[],"product_brand":[],"product_cat":[1099,1177,1026,1107,1165,1031,1018,1101,1100,1094],"product_tag":[1274],"class_list":{"0":"post-71123","1":"product","2":"type-product","3":"status-publish","4":"has-post-thumbnail","6":"product_cat-aksessuaarid","7":"product_cat-allahindlus","8":"product_cat-brandid","9":"product_cat-ehtelaekad","10":"product_cat-ehtelaekad-et","11":"product_cat-hoiustamine","12":"product_cat-kodu","13":"product_cat-magamis-ja-elutuba","14":"product_cat-vannituba","15":"product_cat-yamazaki-home-et","16":"product_tag-yamazaki-et","18":"first","19":"outofstock","20":"sale","21":"taxable","22":"shipping-taxable","23":"purchasable","24":"product-type-simple"},"yoast_head":"<!-- This site is optimized with the Yoast SEO plugin v27.3 - https:\/\/yoast.com\/product\/yoast-seo-wordpress\/ -->\n<title>Yamazaki Rin 3 tasandiga ehtekarp Must - TALI Concept Store<\/title>\n<meta name=\"description\" content=\"Avasta Yamazaki Rin 3 tasandiga must ehtekarp, mis sobib ideaalselt v\u00e4ikeste esemete hoidmiseks. Ruumis\u00e4\u00e4stlik ja kaunis disain. Br\u00e4nd Yamazaki Home.\" \/>\n<meta name=\"robots\" content=\"index, follow, max-snippet:-1, max-image-preview:large, max-video-preview:-1\" \/>\n<link rel=\"canonical\" href=\"https:\/\/www.talidesign.eu\/et\/pood\/toode\/yamazaki-rin-3-tasandiga-ehtekarp-must\/\" \/>\n<meta property=\"og:locale\" content=\"et_EE\" \/>\n<meta property=\"og:type\" content=\"article\" \/>\n<meta property=\"og:title\" content=\"Yamazaki Rin 3 tasandiga ehtekarp Must - TALI Concept Store\" \/>\n<meta property=\"og:description\" content=\"Avasta Yamazaki Rin 3 tasandiga must ehtekarp, mis sobib ideaalselt v\u00e4ikeste esemete hoidmiseks. Ruumis\u00e4\u00e4stlik ja kaunis disain. Br\u00e4nd Yamazaki Home.\" \/>\n<meta property=\"og:url\" content=\"https:\/\/www.talidesign.eu\/et\/pood\/toode\/yamazaki-rin-3-tasandiga-ehtekarp-must\/\" \/>\n<meta property=\"og:site_name\" content=\"TALI Concept Store\" \/>\n<meta property=\"article:publisher\" content=\"https:\/\/www.facebook.com\/TaliDisain\/\" \/>\n<meta property=\"article:modified_time\" content=\"2024-12-29T13:56:19+00:00\" \/>\n<meta property=\"og:image\" content=\"https:\/\/www.talidesign.eu\/wp\/wp-content\/uploads\/2023\/04\/yamazaki-rin-3-tiered-slim-accessory-case-black.jpg\" \/>\n\t<meta property=\"og:image:width\" content=\"1700\" \/>\n\t<meta property=\"og:image:height\" content=\"1700\" \/>\n\t<meta property=\"og:image:type\" content=\"image\/jpeg\" \/>\n<meta name=\"twitter:card\" content=\"summary_large_image\" \/>\n<meta name=\"twitter:label1\" content=\"Est. reading time\" \/>\n\t<meta name=\"twitter:data1\" content=\"1 minute\" \/>\n<script type=\"application\/ld+json\" class=\"yoast-schema-graph\">{\"@context\":\"https:\\\/\\\/schema.org\",\"@graph\":[{\"@type\":\"WebPage\",\"@id\":\"https:\\\/\\\/www.talidesign.eu\\\/et\\\/pood\\\/toode\\\/yamazaki-rin-3-tasandiga-ehtekarp-must\\\/\",\"url\":\"https:\\\/\\\/www.talidesign.eu\\\/et\\\/pood\\\/toode\\\/yamazaki-rin-3-tasandiga-ehtekarp-must\\\/\",\"name\":\"Yamazaki Rin 3 tasandiga ehtekarp Must - TALI Concept Store\",\"isPartOf\":{\"@id\":\"https:\\\/\\\/www.talidesign.eu\\\/et\\\/#website\"},\"primaryImageOfPage\":{\"@id\":\"https:\\\/\\\/www.talidesign.eu\\\/et\\\/pood\\\/toode\\\/yamazaki-rin-3-tasandiga-ehtekarp-must\\\/#primaryimage\"},\"image\":{\"@id\":\"https:\\\/\\\/www.talidesign.eu\\\/et\\\/pood\\\/toode\\\/yamazaki-rin-3-tasandiga-ehtekarp-must\\\/#primaryimage\"},\"thumbnailUrl\":\"https:\\\/\\\/www.talidesign.eu\\\/wp\\\/wp-content\\\/uploads\\\/2023\\\/04\\\/yamazaki-rin-3-tiered-slim-accessory-case-black.jpg\",\"datePublished\":\"2023-04-04T12:13:14+00:00\",\"dateModified\":\"2024-12-29T13:56:19+00:00\",\"description\":\"Avasta Yamazaki Rin 3 tasandiga must ehtekarp, mis sobib ideaalselt v\u00e4ikeste esemete hoidmiseks. Ruumis\u00e4\u00e4stlik ja kaunis disain. Br\u00e4nd Yamazaki Home.\",\"breadcrumb\":{\"@id\":\"https:\\\/\\\/www.talidesign.eu\\\/et\\\/pood\\\/toode\\\/yamazaki-rin-3-tasandiga-ehtekarp-must\\\/#breadcrumb\"},\"inLanguage\":\"et\",\"potentialAction\":[{\"@type\":\"ReadAction\",\"target\":[\"https:\\\/\\\/www.talidesign.eu\\\/et\\\/pood\\\/toode\\\/yamazaki-rin-3-tasandiga-ehtekarp-must\\\/\"]}]},{\"@type\":\"ImageObject\",\"inLanguage\":\"et\",\"@id\":\"https:\\\/\\\/www.talidesign.eu\\\/et\\\/pood\\\/toode\\\/yamazaki-rin-3-tasandiga-ehtekarp-must\\\/#primaryimage\",\"url\":\"https:\\\/\\\/www.talidesign.eu\\\/wp\\\/wp-content\\\/uploads\\\/2023\\\/04\\\/yamazaki-rin-3-tiered-slim-accessory-case-black.jpg\",\"contentUrl\":\"https:\\\/\\\/www.talidesign.eu\\\/wp\\\/wp-content\\\/uploads\\\/2023\\\/04\\\/yamazaki-rin-3-tiered-slim-accessory-case-black.jpg\",\"width\":1700,\"height\":1700},{\"@type\":\"BreadcrumbList\",\"@id\":\"https:\\\/\\\/www.talidesign.eu\\\/et\\\/pood\\\/toode\\\/yamazaki-rin-3-tasandiga-ehtekarp-must\\\/#breadcrumb\",\"itemListElement\":[{\"@type\":\"ListItem\",\"position\":1,\"name\":\"Avaleht\",\"item\":\"https:\\\/\\\/www.talidesign.eu\\\/et\\\/\"},{\"@type\":\"ListItem\",\"position\":2,\"name\":\"Pood\",\"item\":\"https:\\\/\\\/www.talidesign.eu\\\/et\\\/pood\\\/\"},{\"@type\":\"ListItem\",\"position\":3,\"name\":\"Yamazaki Rin 3 tasandiga ehtekarp Must\"}]},{\"@type\":\"WebSite\",\"@id\":\"https:\\\/\\\/www.talidesign.eu\\\/et\\\/#website\",\"url\":\"https:\\\/\\\/www.talidesign.eu\\\/et\\\/\",\"name\":\"TALI Concept Store\",\"description\":\"Suurim Disainipood Eestis\",\"potentialAction\":[{\"@type\":\"SearchAction\",\"target\":{\"@type\":\"EntryPoint\",\"urlTemplate\":\"https:\\\/\\\/www.talidesign.eu\\\/et\\\/?s={search_term_string}\"},\"query-input\":{\"@type\":\"PropertyValueSpecification\",\"valueRequired\":true,\"valueName\":\"search_term_string\"}}],\"inLanguage\":\"et\"}]}<\/script>\n<!-- \/ Yoast SEO plugin. -->","yoast_head_json":{"title":"Yamazaki Rin 3 tasandiga ehtekarp Must - TALI Concept Store","description":"Avasta Yamazaki Rin 3 tasandiga must ehtekarp, mis sobib ideaalselt v\u00e4ikeste esemete hoidmiseks. Ruumis\u00e4\u00e4stlik ja kaunis disain. Br\u00e4nd Yamazaki Home.","robots":{"index":"index","follow":"follow","max-snippet":"max-snippet:-1","max-image-preview":"max-image-preview:large","max-video-preview":"max-video-preview:-1"},"canonical":"https:\/\/www.talidesign.eu\/et\/pood\/toode\/yamazaki-rin-3-tasandiga-ehtekarp-must\/","og_locale":"et_EE","og_type":"article","og_title":"Yamazaki Rin 3 tasandiga ehtekarp Must - TALI Concept Store","og_description":"Avasta Yamazaki Rin 3 tasandiga must ehtekarp, mis sobib ideaalselt v\u00e4ikeste esemete hoidmiseks. Ruumis\u00e4\u00e4stlik ja kaunis disain. Br\u00e4nd Yamazaki Home.","og_url":"https:\/\/www.talidesign.eu\/et\/pood\/toode\/yamazaki-rin-3-tasandiga-ehtekarp-must\/","og_site_name":"TALI Concept Store","article_publisher":"https:\/\/www.facebook.com\/TaliDisain\/","article_modified_time":"2024-12-29T13:56:19+00:00","og_image":[{"width":1700,"height":1700,"url":"https:\/\/www.talidesign.eu\/wp\/wp-content\/uploads\/2023\/04\/yamazaki-rin-3-tiered-slim-accessory-case-black.jpg","type":"image\/jpeg"}],"twitter_card":"summary_large_image","twitter_misc":{"Est. reading time":"1 minute"},"schema":{"@context":"https:\/\/schema.org","@graph":[{"@type":"WebPage","@id":"https:\/\/www.talidesign.eu\/et\/pood\/toode\/yamazaki-rin-3-tasandiga-ehtekarp-must\/","url":"https:\/\/www.talidesign.eu\/et\/pood\/toode\/yamazaki-rin-3-tasandiga-ehtekarp-must\/","name":"Yamazaki Rin 3 tasandiga ehtekarp Must - TALI Concept Store","isPartOf":{"@id":"https:\/\/www.talidesign.eu\/et\/#website"},"primaryImageOfPage":{"@id":"https:\/\/www.talidesign.eu\/et\/pood\/toode\/yamazaki-rin-3-tasandiga-ehtekarp-must\/#primaryimage"},"image":{"@id":"https:\/\/www.talidesign.eu\/et\/pood\/toode\/yamazaki-rin-3-tasandiga-ehtekarp-must\/#primaryimage"},"thumbnailUrl":"https:\/\/www.talidesign.eu\/wp\/wp-content\/uploads\/2023\/04\/yamazaki-rin-3-tiered-slim-accessory-case-black.jpg","datePublished":"2023-04-04T12:13:14+00:00","dateModified":"2024-12-29T13:56:19+00:00","description":"Avasta Yamazaki Rin 3 tasandiga must ehtekarp, mis sobib ideaalselt v\u00e4ikeste esemete hoidmiseks. Ruumis\u00e4\u00e4stlik ja kaunis disain. Br\u00e4nd Yamazaki Home.","breadcrumb":{"@id":"https:\/\/www.talidesign.eu\/et\/pood\/toode\/yamazaki-rin-3-tasandiga-ehtekarp-must\/#breadcrumb"},"inLanguage":"et","potentialAction":[{"@type":"ReadAction","target":["https:\/\/www.talidesign.eu\/et\/pood\/toode\/yamazaki-rin-3-tasandiga-ehtekarp-must\/"]}]},{"@type":"ImageObject","inLanguage":"et","@id":"https:\/\/www.talidesign.eu\/et\/pood\/toode\/yamazaki-rin-3-tasandiga-ehtekarp-must\/#primaryimage","url":"https:\/\/www.talidesign.eu\/wp\/wp-content\/uploads\/2023\/04\/yamazaki-rin-3-tiered-slim-accessory-case-black.jpg","contentUrl":"https:\/\/www.talidesign.eu\/wp\/wp-content\/uploads\/2023\/04\/yamazaki-rin-3-tiered-slim-accessory-case-black.jpg","width":1700,"height":1700},{"@type":"BreadcrumbList","@id":"https:\/\/www.talidesign.eu\/et\/pood\/toode\/yamazaki-rin-3-tasandiga-ehtekarp-must\/#breadcrumb","itemListElement":[{"@type":"ListItem","position":1,"name":"Avaleht","item":"https:\/\/www.talidesign.eu\/et\/"},{"@type":"ListItem","position":2,"name":"Pood","item":"https:\/\/www.talidesign.eu\/et\/pood\/"},{"@type":"ListItem","position":3,"name":"Yamazaki Rin 3 tasandiga ehtekarp Must"}]},{"@type":"WebSite","@id":"https:\/\/www.talidesign.eu\/et\/#website","url":"https:\/\/www.talidesign.eu\/et\/","name":"TALI Concept Store","description":"Suurim Disainipood Eestis","potentialAction":[{"@type":"SearchAction","target":{"@type":"EntryPoint","urlTemplate":"https:\/\/www.talidesign.eu\/et\/?s={search_term_string}"},"query-input":{"@type":"PropertyValueSpecification","valueRequired":true,"valueName":"search_term_string"}}],"inLanguage":"et"}]}},"_links":{"self":[{"href":"https:\/\/www.talidesign.eu\/et\/wp-json\/wp\/v2\/product\/71123","targetHints":{"allow":["GET"]}}],"collection":[{"href":"https:\/\/www.talidesign.eu\/et\/wp-json\/wp\/v2\/product"}],"about":[{"href":"https:\/\/www.talidesign.eu\/et\/wp-json\/wp\/v2\/types\/product"}],"wp:featuredmedia":[{"embeddable":true,"href":"https:\/\/www.talidesign.eu\/et\/wp-json\/wp\/v2\/media\/71125"}],"wp:attachment":[{"href":"https:\/\/www.talidesign.eu\/et\/wp-json\/wp\/v2\/media?parent=71123"}],"wp:term":[{"taxonomy":"product_brand","embeddable":true,"href":"https:\/\/www.talidesign.eu\/et\/wp-json\/wp\/v2\/product_brand?post=71123"},{"taxonomy":"product_cat","embeddable":true,"href":"https:\/\/www.talidesign.eu\/et\/wp-json\/wp\/v2\/product_cat?post=71123"},{"taxonomy":"product_tag","embeddable":true,"href":"https:\/\/www.talidesign.eu\/et\/wp-json\/wp\/v2\/product_tag?post=71123"}],"curies":[{"name":"wp","href":"https:\/\/api.w.org\/{rel}","templated":true}]}}