{"id":71425,"date":"2023-04-10T22:50:47","date_gmt":"2023-04-10T19:50:47","guid":{"rendered":"https:\/\/www.talidesign.eu\/?post_type=product&#038;p=71425"},"modified":"2024-03-17T16:37:16","modified_gmt":"2024-03-17T14:37:16","slug":"petites-pommes-anna-ujumisrongas-french-rose-60cm","status":"publish","type":"product","link":"https:\/\/www.talidesign.eu\/et\/pood\/toode\/petites-pommes-anna-ujumisrongas-french-rose-60cm\/","title":{"rendered":"Petites Pommes Anna ujumisr\u00f5ngas French Rose 60cm"},"content":{"rendered":"<p><strong>Anna ujumisr\u00f5ngas French Rose 60cm<\/strong><\/p>\n<p>Petites Pommes ujumisr\u00f5ngas on taass\u00fcndinud lapsep\u00f5lve klassika &#8211; kaunistab teie suvist v\u00e4limust :)<\/p>\n<p>Meie klassikalised triibulised r\u00f5ngad on saadaval mitmes erinevas suuruses, v\u00e4ikelapsest kuni t\u00e4iskasvanuni ja kaunites v\u00e4rvitoonides.<\/p>\n<p>\u2022 <a href=\"\/et\/tootekategooria\/brandid\/petites-pommes-et\/\">Br\u00e4nd Petites Pommes<\/a><br \/>\n\u2022 BPA ja ftalaatide vaba.<br \/>\n\u2022 K\u00f5ik meie tooted tarnitakse korduvkasutatavas orgaanilisest puuvillast kotis..<br \/>\n\u2022 Petites Pommesi ujumisr\u00f5ngastel on \u00fclipeen sise\u00f5mblus, mis tagab esmaklassilise mugavuse.<br \/>\n\u2022 OLIVIA, ANNA ja SALLY r\u00f5ngad on valmistatud vastupidavast 0,25 mm PVC-st.<br \/>\n\u2022 CELINE ujumisr\u00f5ngas on valmistatud veidi raskemast 0,3 mm PVC-st, et pakkuda t\u00e4iendavat vastupidavust raskele kasutamisele.<br \/>\n\u2022 Iga tootega on kaasas parandusteip, kui peaks saama kogemata v\u00e4ikese torke.<br \/>\n\u2022 K\u00f5ik meie ujumisr\u00f5ngad on k\u00e4sitsi tr\u00fckitud. Olenevalt k\u00e4e survest v\u00f5ivad toodetel esineda v\u00e4ikesed v\u00e4rvierinevused.<br \/>\n\u2022 \u00c4rge j\u00e4tke toodet otsese p\u00e4ikesevalguse k\u00e4tte, kui seda ei kasutata. Liigne kuumus v\u00f5ib p\u00f5hjustada paisumist.<br \/>\n\u2022 Vastab normidele : EN71-1:2014 + A1:2018; EN 71-2:2011 + A1:2014; EN 71-3:2019; AS\/NZS ISO 8124-1:2019 + Amd 1:2020 + Amd 2:2020; AS\/NZS ISO 8124-2 2016; AS\/NZS ISO 8124-3:2021 JFSL; EC No. 1907\/2006 (REACH Annex XVII) + EU 2018\/2005 ASTM F963-17; CPSIA <\/p>\n<p><strong>Meist<\/strong><\/p>\n<p>Lapsep\u00f5lve klassika,<br \/>\nuuesti s\u00fcndinud 2019.<\/p>\n<p>Petites Pommesi asutajad Celine ja Anna, kellel on \u00fchine kirg ikoonilise disaini vastu, meisterdasid 2019. aastal Taanis oma esimese ujumisr\u00f5nga.<\/p>\n<p>Otsides oma t\u00fctardele ilusat disaini ja head kvaliteeti, leidsid nad ainult tavalisi ujumisr\u00f5ngaid, mis purunesid juba n\u00e4dalase puhkuse j\u00e4rel. Sellest s\u00fcndiski idee: t\u00f5sta lapsep\u00f5lve klassiku \u2013 ujumisr\u00f5nga \u2013 disaini ja kvaliteeti.<\/p>\n<p><a href=\"https:\/\/www.talidesign.eu\/wp\/wp-content\/uploads\/2023\/04\/IMG_1609_900x.jpg\"><img loading=\"lazy\" decoding=\"async\" class=\"alignnone size-medium wp-image-71355\" src=\"https:\/\/www.talidesign.eu\/wp\/wp-content\/uploads\/2023\/04\/IMG_1609_900x-403x400.jpg\" alt=\"\" width=\"403\" height=\"400\" srcset=\"https:\/\/www.talidesign.eu\/wp\/wp-content\/uploads\/2023\/04\/IMG_1609_900x-403x400.jpg 403w, https:\/\/www.talidesign.eu\/wp\/wp-content\/uploads\/2023\/04\/IMG_1609_900x-805x800.jpg 805w, https:\/\/www.talidesign.eu\/wp\/wp-content\/uploads\/2023\/04\/IMG_1609_900x-768x763.jpg 768w, https:\/\/www.talidesign.eu\/wp\/wp-content\/uploads\/2023\/04\/IMG_1609_900x-500x497.jpg 500w, https:\/\/www.talidesign.eu\/wp\/wp-content\/uploads\/2023\/04\/IMG_1609_900x-510x507.jpg 510w, https:\/\/www.talidesign.eu\/wp\/wp-content\/uploads\/2023\/04\/IMG_1609_900x-100x100.jpg 100w, https:\/\/www.talidesign.eu\/wp\/wp-content\/uploads\/2023\/04\/IMG_1609_900x.jpg 900w\" sizes=\"auto, (max-width: 403px) 100vw, 403px\" \/><\/a><\/p>\n<p><a href=\"\/et\/tootekategooria\/brandid\/petites-pommes-et\/\"><img loading=\"lazy\" decoding=\"async\" class=\"alignnone size-full wp-image-71357\" src=\"https:\/\/www.talidesign.eu\/wp\/wp-content\/uploads\/2023\/04\/Logo_rec.white_3x_c81473d9-72b7-4131-9393-3afa682b2945_320x.jpg\" alt=\"\" width=\"500\" height=\"100\" \/><\/a><\/p>\n","protected":false},"excerpt":{"rendered":"<p><strong>Anna ujumisr\u00f5ngas French Rose 60cm<\/strong><\/p>\n<p>Petites Pommes ujumisr\u00f5ngas on taass\u00fcndinud lapsep\u00f5lve klassika &#8211; kaunistab teie suvist v\u00e4limust :)<\/p>\n<p>Meie klassikalised triibulised r\u00f5ngad on saadaval mitmes erinevas suuruses, v\u00e4ikelapsest kuni t\u00e4iskasvanuni ja kaunites v\u00e4rvitoonides.<\/p>\n<p>\u2022 <a href=\"\/et\/tootekategooria\/brandid\/petites-pommes-et\/\">Br\u00e4nd Petites Pommes<\/a><br \/>\n\u2022 BPA ja ftalaatide vaba.<br \/>\n\u2022 K\u00f5ik meie tooted tarnitakse korduvkasutatavas orgaanilisest puuvillast kotis..<br \/>\n\u2022 Petites Pommesi ujumisr\u00f5ngastel on \u00fclipeen sise\u00f5mblus, mis tagab esmaklassilise mugavuse.<br \/>\n\u2022 OLIVIA, ANNA ja SALLY r\u00f5ngad on valmistatud vastupidavast 0,25 mm PVC-st.<br \/>\n\u2022 CELINE ujumisr\u00f5ngas on valmistatud veidi raskemast 0,3 mm PVC-st, et pakkuda t\u00e4iendavat vastupidavust raskele kasutamisele.<br \/>\n\u2022 Iga tootega on kaasas parandusteip, kui peaks saama kogemata v\u00e4ikese torke.<br \/>\n\u2022 K\u00f5ik meie ujumisr\u00f5ngad on k\u00e4sitsi tr\u00fckitud. Olenevalt k\u00e4e survest v\u00f5ivad toodetel esineda v\u00e4ikesed v\u00e4rvierinevused.<br \/>\n\u2022 \u00c4rge j\u00e4tke toodet otsese p\u00e4ikesevalguse k\u00e4tte, kui seda ei kasutata. Liigne kuumus v\u00f5ib p\u00f5hjustada paisumist.<br \/>\n\u2022 Vastab normidele : EN71-1:2014 + A1:2018; EN 71-2:2011 + A1:2014; EN 71-3:2019; AS\/NZS ISO 8124-1:2019 + Amd 1:2020 + Amd 2:2020; AS\/NZS ISO 8124-2 2016; AS\/NZS ISO 8124-3:2021 JFSL; EC No. 1907\/2006 (REACH Annex XVII) + EU 2018\/2005 ASTM F963-17; CPSIA <\/p>\n<p><strong>Meist<\/strong><\/p>\n<p>Lapsep\u00f5lve klassika,<br \/>\nuuesti s\u00fcndinud 2019.<\/p>\n<p>Petites Pommesi asutajad Celine ja Anna, kellel on \u00fchine kirg ikoonilise disaini vastu, meisterdasid 2019. aastal Taanis oma esimese ujumisr\u00f5nga.<\/p>\n<p>Otsides oma t\u00fctardele ilusat disaini ja head kvaliteeti, leidsid nad ainult tavalisi ujumisr\u00f5ngaid, mis purunesid juba n\u00e4dalase puhkuse j\u00e4rel. Sellest s\u00fcndiski idee: t\u00f5sta lapsep\u00f5lve klassiku \u2013 ujumisr\u00f5nga \u2013 disaini ja kvaliteeti.<\/p>\n<p><a href=\"https:\/\/www.talidesign.eu\/wp\/wp-content\/uploads\/2023\/04\/IMG_1609_900x.jpg\"><img loading=\"lazy\" decoding=\"async\" class=\"alignnone size-medium wp-image-71355\" src=\"https:\/\/www.talidesign.eu\/wp\/wp-content\/uploads\/2023\/04\/IMG_1609_900x-403x400.jpg\" alt=\"\" width=\"403\" height=\"400\" srcset=\"https:\/\/www.talidesign.eu\/wp\/wp-content\/uploads\/2023\/04\/IMG_1609_900x-403x400.jpg 403w, https:\/\/www.talidesign.eu\/wp\/wp-content\/uploads\/2023\/04\/IMG_1609_900x-805x800.jpg 805w, https:\/\/www.talidesign.eu\/wp\/wp-content\/uploads\/2023\/04\/IMG_1609_900x-768x763.jpg 768w, https:\/\/www.talidesign.eu\/wp\/wp-content\/uploads\/2023\/04\/IMG_1609_900x-500x497.jpg 500w, https:\/\/www.talidesign.eu\/wp\/wp-content\/uploads\/2023\/04\/IMG_1609_900x-510x507.jpg 510w, https:\/\/www.talidesign.eu\/wp\/wp-content\/uploads\/2023\/04\/IMG_1609_900x-100x100.jpg 100w, https:\/\/www.talidesign.eu\/wp\/wp-content\/uploads\/2023\/04\/IMG_1609_900x.jpg 900w\" sizes=\"auto, (max-width: 403px) 100vw, 403px\" \/><\/a><\/p>\n<p><a href=\"\/et\/tootekategooria\/brandid\/petites-pommes-et\/\"><img loading=\"lazy\" decoding=\"async\" class=\"alignnone size-full wp-image-71357\" src=\"https:\/\/www.talidesign.eu\/wp\/wp-content\/uploads\/2023\/04\/Logo_rec.white_3x_c81473d9-72b7-4131-9393-3afa682b2945_320x.jpg\" alt=\"\" width=\"500\" height=\"100\" \/><\/a><\/p>\n","protected":false},"featured_media":71431,"template":"","meta":[],"product_brand":[],"product_cat":[16],"product_tag":[],"class_list":{"0":"post-71425","1":"product","2":"type-product","3":"status-publish","4":"has-post-thumbnail","6":"product_cat-uncategorized","8":"first","9":"outofstock","10":"taxable","11":"shipping-taxable","12":"purchasable","13":"product-type-simple"},"yoast_head":"<!-- This site is optimized with the Yoast SEO plugin v27.4 - https:\/\/yoast.com\/product\/yoast-seo-wordpress\/ -->\n<title>Petites Pommes Anna ujumisr\u00f5ngas French Rose 60cm - TALI Concept Store<\/title>\n<meta name=\"description\" content=\"Petites Pommes Anna ujumisr\u00f5ngas French Rose 60cm - taass\u00fcndinud lapsep\u00f5lve klassika, mis kaunistab teie suvist v\u00e4limust. Tutvu l\u00e4hemalt!\" \/>\n<meta name=\"robots\" content=\"index, follow, max-snippet:-1, max-image-preview:large, max-video-preview:-1\" \/>\n<link rel=\"canonical\" href=\"https:\/\/www.talidesign.eu\/et\/pood\/toode\/petites-pommes-anna-ujumisrongas-french-rose-60cm\/\" \/>\n<meta property=\"og:locale\" content=\"et_EE\" \/>\n<meta property=\"og:type\" content=\"article\" \/>\n<meta property=\"og:title\" content=\"Petites Pommes Anna ujumisr\u00f5ngas French Rose 60cm - TALI Concept Store\" \/>\n<meta property=\"og:description\" content=\"Petites Pommes Anna ujumisr\u00f5ngas French Rose 60cm - taass\u00fcndinud lapsep\u00f5lve klassika, mis kaunistab teie suvist v\u00e4limust. Tutvu l\u00e4hemalt!\" \/>\n<meta property=\"og:url\" content=\"https:\/\/www.talidesign.eu\/et\/pood\/toode\/petites-pommes-anna-ujumisrongas-french-rose-60cm\/\" \/>\n<meta property=\"og:site_name\" content=\"TALI Concept Store\" \/>\n<meta property=\"article:publisher\" content=\"https:\/\/www.facebook.com\/TaliDisain\/\" \/>\n<meta property=\"article:modified_time\" content=\"2024-03-17T14:37:16+00:00\" \/>\n<meta property=\"og:image\" content=\"https:\/\/www.talidesign.eu\/wp\/wp-content\/uploads\/2023\/04\/Web_French-Rose-60cm.jpg\" \/>\n\t<meta property=\"og:image:width\" content=\"1478\" \/>\n\t<meta property=\"og:image:height\" content=\"1478\" \/>\n\t<meta property=\"og:image:type\" content=\"image\/jpeg\" \/>\n<meta name=\"twitter:card\" content=\"summary_large_image\" \/>\n<meta name=\"twitter:label1\" content=\"Est. reading time\" \/>\n\t<meta name=\"twitter:data1\" content=\"2 minutes\" \/>\n<script type=\"application\/ld+json\" class=\"yoast-schema-graph\">{\"@context\":\"https:\\\/\\\/schema.org\",\"@graph\":[{\"@type\":\"WebPage\",\"@id\":\"https:\\\/\\\/www.talidesign.eu\\\/et\\\/pood\\\/toode\\\/petites-pommes-anna-ujumisrongas-french-rose-60cm\\\/\",\"url\":\"https:\\\/\\\/www.talidesign.eu\\\/et\\\/pood\\\/toode\\\/petites-pommes-anna-ujumisrongas-french-rose-60cm\\\/\",\"name\":\"Petites Pommes Anna ujumisr\u00f5ngas French Rose 60cm - TALI Concept Store\",\"isPartOf\":{\"@id\":\"https:\\\/\\\/www.talidesign.eu\\\/et\\\/#website\"},\"primaryImageOfPage\":{\"@id\":\"https:\\\/\\\/www.talidesign.eu\\\/et\\\/pood\\\/toode\\\/petites-pommes-anna-ujumisrongas-french-rose-60cm\\\/#primaryimage\"},\"image\":{\"@id\":\"https:\\\/\\\/www.talidesign.eu\\\/et\\\/pood\\\/toode\\\/petites-pommes-anna-ujumisrongas-french-rose-60cm\\\/#primaryimage\"},\"thumbnailUrl\":\"https:\\\/\\\/www.talidesign.eu\\\/wp\\\/wp-content\\\/uploads\\\/2023\\\/04\\\/Web_French-Rose-60cm.jpg\",\"datePublished\":\"2023-04-10T19:50:47+00:00\",\"dateModified\":\"2024-03-17T14:37:16+00:00\",\"description\":\"Petites Pommes Anna ujumisr\u00f5ngas French Rose 60cm - taass\u00fcndinud lapsep\u00f5lve klassika, mis kaunistab teie suvist v\u00e4limust. Tutvu l\u00e4hemalt!\",\"breadcrumb\":{\"@id\":\"https:\\\/\\\/www.talidesign.eu\\\/et\\\/pood\\\/toode\\\/petites-pommes-anna-ujumisrongas-french-rose-60cm\\\/#breadcrumb\"},\"inLanguage\":\"et\",\"potentialAction\":[{\"@type\":\"ReadAction\",\"target\":[\"https:\\\/\\\/www.talidesign.eu\\\/et\\\/pood\\\/toode\\\/petites-pommes-anna-ujumisrongas-french-rose-60cm\\\/\"]}]},{\"@type\":\"ImageObject\",\"inLanguage\":\"et\",\"@id\":\"https:\\\/\\\/www.talidesign.eu\\\/et\\\/pood\\\/toode\\\/petites-pommes-anna-ujumisrongas-french-rose-60cm\\\/#primaryimage\",\"url\":\"https:\\\/\\\/www.talidesign.eu\\\/wp\\\/wp-content\\\/uploads\\\/2023\\\/04\\\/Web_French-Rose-60cm.jpg\",\"contentUrl\":\"https:\\\/\\\/www.talidesign.eu\\\/wp\\\/wp-content\\\/uploads\\\/2023\\\/04\\\/Web_French-Rose-60cm.jpg\",\"width\":1478,\"height\":1478},{\"@type\":\"BreadcrumbList\",\"@id\":\"https:\\\/\\\/www.talidesign.eu\\\/et\\\/pood\\\/toode\\\/petites-pommes-anna-ujumisrongas-french-rose-60cm\\\/#breadcrumb\",\"itemListElement\":[{\"@type\":\"ListItem\",\"position\":1,\"name\":\"Avaleht\",\"item\":\"https:\\\/\\\/www.talidesign.eu\\\/et\\\/\"},{\"@type\":\"ListItem\",\"position\":2,\"name\":\"Pood\",\"item\":\"https:\\\/\\\/www.talidesign.eu\\\/et\\\/pood\\\/\"},{\"@type\":\"ListItem\",\"position\":3,\"name\":\"Petites Pommes Anna ujumisr\u00f5ngas French Rose 60cm\"}]},{\"@type\":\"WebSite\",\"@id\":\"https:\\\/\\\/www.talidesign.eu\\\/et\\\/#website\",\"url\":\"https:\\\/\\\/www.talidesign.eu\\\/et\\\/\",\"name\":\"TALI Concept Store\",\"description\":\"Suurim Disainipood Eestis\",\"potentialAction\":[{\"@type\":\"SearchAction\",\"target\":{\"@type\":\"EntryPoint\",\"urlTemplate\":\"https:\\\/\\\/www.talidesign.eu\\\/et\\\/?s={search_term_string}\"},\"query-input\":{\"@type\":\"PropertyValueSpecification\",\"valueRequired\":true,\"valueName\":\"search_term_string\"}}],\"inLanguage\":\"et\"}]}<\/script>\n<!-- \/ Yoast SEO plugin. -->","yoast_head_json":{"title":"Petites Pommes Anna ujumisr\u00f5ngas French Rose 60cm - TALI Concept Store","description":"Petites Pommes Anna ujumisr\u00f5ngas French Rose 60cm - taass\u00fcndinud lapsep\u00f5lve klassika, mis kaunistab teie suvist v\u00e4limust. Tutvu l\u00e4hemalt!","robots":{"index":"index","follow":"follow","max-snippet":"max-snippet:-1","max-image-preview":"max-image-preview:large","max-video-preview":"max-video-preview:-1"},"canonical":"https:\/\/www.talidesign.eu\/et\/pood\/toode\/petites-pommes-anna-ujumisrongas-french-rose-60cm\/","og_locale":"et_EE","og_type":"article","og_title":"Petites Pommes Anna ujumisr\u00f5ngas French Rose 60cm - TALI Concept Store","og_description":"Petites Pommes Anna ujumisr\u00f5ngas French Rose 60cm - taass\u00fcndinud lapsep\u00f5lve klassika, mis kaunistab teie suvist v\u00e4limust. Tutvu l\u00e4hemalt!","og_url":"https:\/\/www.talidesign.eu\/et\/pood\/toode\/petites-pommes-anna-ujumisrongas-french-rose-60cm\/","og_site_name":"TALI Concept Store","article_publisher":"https:\/\/www.facebook.com\/TaliDisain\/","article_modified_time":"2024-03-17T14:37:16+00:00","og_image":[{"width":1478,"height":1478,"url":"https:\/\/www.talidesign.eu\/wp\/wp-content\/uploads\/2023\/04\/Web_French-Rose-60cm.jpg","type":"image\/jpeg"}],"twitter_card":"summary_large_image","twitter_misc":{"Est. reading time":"2 minutes"},"schema":{"@context":"https:\/\/schema.org","@graph":[{"@type":"WebPage","@id":"https:\/\/www.talidesign.eu\/et\/pood\/toode\/petites-pommes-anna-ujumisrongas-french-rose-60cm\/","url":"https:\/\/www.talidesign.eu\/et\/pood\/toode\/petites-pommes-anna-ujumisrongas-french-rose-60cm\/","name":"Petites Pommes Anna ujumisr\u00f5ngas French Rose 60cm - TALI Concept Store","isPartOf":{"@id":"https:\/\/www.talidesign.eu\/et\/#website"},"primaryImageOfPage":{"@id":"https:\/\/www.talidesign.eu\/et\/pood\/toode\/petites-pommes-anna-ujumisrongas-french-rose-60cm\/#primaryimage"},"image":{"@id":"https:\/\/www.talidesign.eu\/et\/pood\/toode\/petites-pommes-anna-ujumisrongas-french-rose-60cm\/#primaryimage"},"thumbnailUrl":"https:\/\/www.talidesign.eu\/wp\/wp-content\/uploads\/2023\/04\/Web_French-Rose-60cm.jpg","datePublished":"2023-04-10T19:50:47+00:00","dateModified":"2024-03-17T14:37:16+00:00","description":"Petites Pommes Anna ujumisr\u00f5ngas French Rose 60cm - taass\u00fcndinud lapsep\u00f5lve klassika, mis kaunistab teie suvist v\u00e4limust. Tutvu l\u00e4hemalt!","breadcrumb":{"@id":"https:\/\/www.talidesign.eu\/et\/pood\/toode\/petites-pommes-anna-ujumisrongas-french-rose-60cm\/#breadcrumb"},"inLanguage":"et","potentialAction":[{"@type":"ReadAction","target":["https:\/\/www.talidesign.eu\/et\/pood\/toode\/petites-pommes-anna-ujumisrongas-french-rose-60cm\/"]}]},{"@type":"ImageObject","inLanguage":"et","@id":"https:\/\/www.talidesign.eu\/et\/pood\/toode\/petites-pommes-anna-ujumisrongas-french-rose-60cm\/#primaryimage","url":"https:\/\/www.talidesign.eu\/wp\/wp-content\/uploads\/2023\/04\/Web_French-Rose-60cm.jpg","contentUrl":"https:\/\/www.talidesign.eu\/wp\/wp-content\/uploads\/2023\/04\/Web_French-Rose-60cm.jpg","width":1478,"height":1478},{"@type":"BreadcrumbList","@id":"https:\/\/www.talidesign.eu\/et\/pood\/toode\/petites-pommes-anna-ujumisrongas-french-rose-60cm\/#breadcrumb","itemListElement":[{"@type":"ListItem","position":1,"name":"Avaleht","item":"https:\/\/www.talidesign.eu\/et\/"},{"@type":"ListItem","position":2,"name":"Pood","item":"https:\/\/www.talidesign.eu\/et\/pood\/"},{"@type":"ListItem","position":3,"name":"Petites Pommes Anna ujumisr\u00f5ngas French Rose 60cm"}]},{"@type":"WebSite","@id":"https:\/\/www.talidesign.eu\/et\/#website","url":"https:\/\/www.talidesign.eu\/et\/","name":"TALI Concept Store","description":"Suurim Disainipood Eestis","potentialAction":[{"@type":"SearchAction","target":{"@type":"EntryPoint","urlTemplate":"https:\/\/www.talidesign.eu\/et\/?s={search_term_string}"},"query-input":{"@type":"PropertyValueSpecification","valueRequired":true,"valueName":"search_term_string"}}],"inLanguage":"et"}]}},"_links":{"self":[{"href":"https:\/\/www.talidesign.eu\/et\/wp-json\/wp\/v2\/product\/71425","targetHints":{"allow":["GET"]}}],"collection":[{"href":"https:\/\/www.talidesign.eu\/et\/wp-json\/wp\/v2\/product"}],"about":[{"href":"https:\/\/www.talidesign.eu\/et\/wp-json\/wp\/v2\/types\/product"}],"wp:featuredmedia":[{"embeddable":true,"href":"https:\/\/www.talidesign.eu\/et\/wp-json\/wp\/v2\/media\/71431"}],"wp:attachment":[{"href":"https:\/\/www.talidesign.eu\/et\/wp-json\/wp\/v2\/media?parent=71425"}],"wp:term":[{"taxonomy":"product_brand","embeddable":true,"href":"https:\/\/www.talidesign.eu\/et\/wp-json\/wp\/v2\/product_brand?post=71425"},{"taxonomy":"product_cat","embeddable":true,"href":"https:\/\/www.talidesign.eu\/et\/wp-json\/wp\/v2\/product_cat?post=71425"},{"taxonomy":"product_tag","embeddable":true,"href":"https:\/\/www.talidesign.eu\/et\/wp-json\/wp\/v2\/product_tag?post=71425"}],"curies":[{"name":"wp","href":"https:\/\/api.w.org\/{rel}","templated":true}]}}