{"id":73662,"date":"2023-06-17T21:03:41","date_gmt":"2023-06-17T18:03:41","guid":{"rendered":"https:\/\/www.talidesign.eu\/?post_type=product&#038;p=73662"},"modified":"2024-07-09T17:50:56","modified_gmt":"2024-07-09T14:50:56","slug":"beslagsboden-wc-paberihoidja-valge","status":"publish","type":"product","link":"https:\/\/www.talidesign.eu\/et\/pood\/toode\/beslagsboden-wc-paberihoidja-valge\/","title":{"rendered":"Beslagsboden WC-paberihoidja Valge"},"content":{"rendered":"<p><strong>Beslagsboden WC-paberihoidja Valge<\/strong><\/p>\n<p>\u2022 Valge teras.<br \/>\n\u2022 K\u00f5rgus 600 mm<br \/>\n\u2022 Alusplaadi l\u00e4bim\u00f5\u00f5t 170 mm.<br \/>\n\u2022 <a href=\"\/et\/tootekategooria\/brandid\/beslagsboden-et\/\">Br\u00e4nd Beslagsboden<\/a><\/p>\n<p><a href=\"https:\/\/www.talidesign.eu\/wp\/wp-content\/uploads\/2023\/06\/bb-2.jpg\"><img loading=\"lazy\" decoding=\"async\" src=\"https:\/\/www.talidesign.eu\/wp\/wp-content\/uploads\/2023\/06\/bb-2.jpg\" alt=\"\" width=\"665\" height=\"295\" class=\"alignnone size-full wp-image-73658\" srcset=\"https:\/\/www.talidesign.eu\/wp\/wp-content\/uploads\/2023\/06\/bb-2.jpg 665w, https:\/\/www.talidesign.eu\/wp\/wp-content\/uploads\/2023\/06\/bb-2-500x222.jpg 500w, https:\/\/www.talidesign.eu\/wp\/wp-content\/uploads\/2023\/06\/bb-2-510x226.jpg 510w\" sizes=\"auto, (max-width: 665px) 100vw, 665px\" \/><\/a><\/p>\n<p><strong>Br\u00e4ndist<\/strong><\/p>\n<p>Beslagsbodenis arendame kvaliteetseid ja skandinaavia disainiga tooteid. Oma tootearendusprotsessi k\u00e4igus p\u00fc\u00fcame pidevalt hoida fookuses nii kvaliteeti kui keskkonda ning seel\u00e4bi edendada j\u00e4tkusuutlikku ja vastutustundlikku arengut. Koos oma tarnijate ja partneritega l\u00e4htume kolmest p\u00f5him\u00f5ttest; Keskkond, kvaliteet ja disain ning inimesed. T\u00f6\u00f6tame muutuvas maailmas, kuid eesm\u00e4rk on alati sama \u2013 t\u00f6\u00f6tada inimeste ja keskkonnaga parema maailma nimel.<\/p>\n<p><a href=\"\/et\/tootekategooria\/brandid\/beslagsboden-et\/\"><img loading=\"lazy\" decoding=\"async\" src=\"https:\/\/www.talidesign.eu\/wp\/wp-content\/uploads\/2023\/06\/bb.jpg\" alt=\"\" width=\"500\" height=\"100\" class=\"alignnone size-medium wp-image-73629\" \/><\/a><\/p>\n","protected":false},"excerpt":{"rendered":"<p><strong>Beslagsboden WC-paberihoidja Valge<\/strong><\/p>\n<p>\u2022 Valge teras.<br \/>\n\u2022 K\u00f5rgus 600 mm<br \/>\n\u2022 Alusplaadi l\u00e4bim\u00f5\u00f5t 170 mm.<br \/>\n\u2022 <a href=\"\/et\/tootekategooria\/brandid\/beslagsboden-et\/\">Br\u00e4nd Beslagsboden<\/a><\/p>\n<p><a href=\"https:\/\/www.talidesign.eu\/wp\/wp-content\/uploads\/2023\/06\/bb-2.jpg\"><img loading=\"lazy\" decoding=\"async\" src=\"https:\/\/www.talidesign.eu\/wp\/wp-content\/uploads\/2023\/06\/bb-2.jpg\" alt=\"\" width=\"665\" height=\"295\" class=\"alignnone size-full wp-image-73658\" srcset=\"https:\/\/www.talidesign.eu\/wp\/wp-content\/uploads\/2023\/06\/bb-2.jpg 665w, https:\/\/www.talidesign.eu\/wp\/wp-content\/uploads\/2023\/06\/bb-2-500x222.jpg 500w, https:\/\/www.talidesign.eu\/wp\/wp-content\/uploads\/2023\/06\/bb-2-510x226.jpg 510w\" sizes=\"auto, (max-width: 665px) 100vw, 665px\" \/><\/a><\/p>\n<p><strong>Br\u00e4ndist<\/strong><\/p>\n<p>Beslagsbodenis arendame kvaliteetseid ja skandinaavia disainiga tooteid. Oma tootearendusprotsessi k\u00e4igus p\u00fc\u00fcame pidevalt hoida fookuses nii kvaliteeti kui keskkonda ning seel\u00e4bi edendada j\u00e4tkusuutlikku ja vastutustundlikku arengut. Koos oma tarnijate ja partneritega l\u00e4htume kolmest p\u00f5him\u00f5ttest; Keskkond, kvaliteet ja disain ning inimesed. T\u00f6\u00f6tame muutuvas maailmas, kuid eesm\u00e4rk on alati sama \u2013 t\u00f6\u00f6tada inimeste ja keskkonnaga parema maailma nimel.<\/p>\n<p><a href=\"\/et\/tootekategooria\/brandid\/beslagsboden-et\/\"><img loading=\"lazy\" decoding=\"async\" src=\"https:\/\/www.talidesign.eu\/wp\/wp-content\/uploads\/2023\/06\/bb.jpg\" alt=\"\" width=\"500\" height=\"100\" class=\"alignnone size-medium wp-image-73629\" \/><\/a><\/p>\n","protected":false},"featured_media":73670,"template":"","meta":[],"product_brand":[],"product_cat":[2804,1026,1018,1100],"product_tag":[2808],"class_list":{"0":"post-73662","1":"product","2":"type-product","3":"status-publish","4":"has-post-thumbnail","6":"product_cat-beslagsboden-et","7":"product_cat-brandid","8":"product_cat-kodu","9":"product_cat-vannituba","10":"product_tag-beslagsboden-et","12":"first","13":"outofstock","14":"taxable","15":"shipping-taxable","16":"purchasable","17":"product-type-simple"},"yoast_head":"<!-- This site is optimized with the Yoast SEO plugin v27.3 - https:\/\/yoast.com\/product\/yoast-seo-wordpress\/ -->\n<title>Beslagsboden WC-paberihoidja Valge - TALI Concept Store<\/title>\n<meta name=\"description\" content=\"Avasta Beslagsboden WC-paberihoidja Valge - stiilne ja kvaliteetne vannitoatarvik, mis sobib suurep\u00e4raselt sinu kodusse. Tutvu l\u00e4hemalt!\" \/>\n<meta name=\"robots\" content=\"index, follow, max-snippet:-1, max-image-preview:large, max-video-preview:-1\" \/>\n<link rel=\"canonical\" href=\"https:\/\/www.talidesign.eu\/et\/pood\/toode\/beslagsboden-wc-paberihoidja-valge\/\" \/>\n<meta property=\"og:locale\" content=\"et_EE\" \/>\n<meta property=\"og:type\" content=\"article\" \/>\n<meta property=\"og:title\" content=\"Beslagsboden WC-paberihoidja Valge - TALI Concept Store\" \/>\n<meta property=\"og:description\" content=\"Avasta Beslagsboden WC-paberihoidja Valge - stiilne ja kvaliteetne vannitoatarvik, mis sobib suurep\u00e4raselt sinu kodusse. Tutvu l\u00e4hemalt!\" \/>\n<meta property=\"og:url\" content=\"https:\/\/www.talidesign.eu\/et\/pood\/toode\/beslagsboden-wc-paberihoidja-valge\/\" \/>\n<meta property=\"og:site_name\" content=\"TALI Concept Store\" \/>\n<meta property=\"article:publisher\" content=\"https:\/\/www.facebook.com\/TaliDisain\/\" \/>\n<meta property=\"article:modified_time\" content=\"2024-07-09T14:50:56+00:00\" \/>\n<meta property=\"og:image\" content=\"https:\/\/www.talidesign.eu\/wp\/wp-content\/uploads\/2023\/06\/734a8982f5f958fcdc828fc362ab63b465cc03e6_BX1230_webb_1500px.jpg\" \/>\n\t<meta property=\"og:image:width\" content=\"1500\" \/>\n\t<meta property=\"og:image:height\" content=\"1500\" \/>\n\t<meta property=\"og:image:type\" content=\"image\/jpeg\" \/>\n<meta name=\"twitter:card\" content=\"summary_large_image\" \/>\n<meta name=\"twitter:label1\" content=\"Est. reading time\" \/>\n\t<meta name=\"twitter:data1\" content=\"1 minute\" \/>\n<script type=\"application\/ld+json\" class=\"yoast-schema-graph\">{\"@context\":\"https:\\\/\\\/schema.org\",\"@graph\":[{\"@type\":\"WebPage\",\"@id\":\"https:\\\/\\\/www.talidesign.eu\\\/et\\\/pood\\\/toode\\\/beslagsboden-wc-paberihoidja-valge\\\/\",\"url\":\"https:\\\/\\\/www.talidesign.eu\\\/et\\\/pood\\\/toode\\\/beslagsboden-wc-paberihoidja-valge\\\/\",\"name\":\"Beslagsboden WC-paberihoidja Valge - TALI Concept Store\",\"isPartOf\":{\"@id\":\"https:\\\/\\\/www.talidesign.eu\\\/et\\\/#website\"},\"primaryImageOfPage\":{\"@id\":\"https:\\\/\\\/www.talidesign.eu\\\/et\\\/pood\\\/toode\\\/beslagsboden-wc-paberihoidja-valge\\\/#primaryimage\"},\"image\":{\"@id\":\"https:\\\/\\\/www.talidesign.eu\\\/et\\\/pood\\\/toode\\\/beslagsboden-wc-paberihoidja-valge\\\/#primaryimage\"},\"thumbnailUrl\":\"https:\\\/\\\/www.talidesign.eu\\\/wp\\\/wp-content\\\/uploads\\\/2023\\\/06\\\/734a8982f5f958fcdc828fc362ab63b465cc03e6_BX1230_webb_1500px.jpg\",\"datePublished\":\"2023-06-17T18:03:41+00:00\",\"dateModified\":\"2024-07-09T14:50:56+00:00\",\"description\":\"Avasta Beslagsboden WC-paberihoidja Valge - stiilne ja kvaliteetne vannitoatarvik, mis sobib suurep\u00e4raselt sinu kodusse. Tutvu l\u00e4hemalt!\",\"breadcrumb\":{\"@id\":\"https:\\\/\\\/www.talidesign.eu\\\/et\\\/pood\\\/toode\\\/beslagsboden-wc-paberihoidja-valge\\\/#breadcrumb\"},\"inLanguage\":\"et\",\"potentialAction\":[{\"@type\":\"ReadAction\",\"target\":[\"https:\\\/\\\/www.talidesign.eu\\\/et\\\/pood\\\/toode\\\/beslagsboden-wc-paberihoidja-valge\\\/\"]}]},{\"@type\":\"ImageObject\",\"inLanguage\":\"et\",\"@id\":\"https:\\\/\\\/www.talidesign.eu\\\/et\\\/pood\\\/toode\\\/beslagsboden-wc-paberihoidja-valge\\\/#primaryimage\",\"url\":\"https:\\\/\\\/www.talidesign.eu\\\/wp\\\/wp-content\\\/uploads\\\/2023\\\/06\\\/734a8982f5f958fcdc828fc362ab63b465cc03e6_BX1230_webb_1500px.jpg\",\"contentUrl\":\"https:\\\/\\\/www.talidesign.eu\\\/wp\\\/wp-content\\\/uploads\\\/2023\\\/06\\\/734a8982f5f958fcdc828fc362ab63b465cc03e6_BX1230_webb_1500px.jpg\",\"width\":1500,\"height\":1500},{\"@type\":\"BreadcrumbList\",\"@id\":\"https:\\\/\\\/www.talidesign.eu\\\/et\\\/pood\\\/toode\\\/beslagsboden-wc-paberihoidja-valge\\\/#breadcrumb\",\"itemListElement\":[{\"@type\":\"ListItem\",\"position\":1,\"name\":\"Avaleht\",\"item\":\"https:\\\/\\\/www.talidesign.eu\\\/et\\\/\"},{\"@type\":\"ListItem\",\"position\":2,\"name\":\"Pood\",\"item\":\"https:\\\/\\\/www.talidesign.eu\\\/et\\\/pood\\\/\"},{\"@type\":\"ListItem\",\"position\":3,\"name\":\"Beslagsboden WC-paberihoidja Valge\"}]},{\"@type\":\"WebSite\",\"@id\":\"https:\\\/\\\/www.talidesign.eu\\\/et\\\/#website\",\"url\":\"https:\\\/\\\/www.talidesign.eu\\\/et\\\/\",\"name\":\"TALI Concept Store\",\"description\":\"Suurim Disainipood Eestis\",\"potentialAction\":[{\"@type\":\"SearchAction\",\"target\":{\"@type\":\"EntryPoint\",\"urlTemplate\":\"https:\\\/\\\/www.talidesign.eu\\\/et\\\/?s={search_term_string}\"},\"query-input\":{\"@type\":\"PropertyValueSpecification\",\"valueRequired\":true,\"valueName\":\"search_term_string\"}}],\"inLanguage\":\"et\"}]}<\/script>\n<!-- \/ Yoast SEO plugin. -->","yoast_head_json":{"title":"Beslagsboden WC-paberihoidja Valge - TALI Concept Store","description":"Avasta Beslagsboden WC-paberihoidja Valge - stiilne ja kvaliteetne vannitoatarvik, mis sobib suurep\u00e4raselt sinu kodusse. Tutvu l\u00e4hemalt!","robots":{"index":"index","follow":"follow","max-snippet":"max-snippet:-1","max-image-preview":"max-image-preview:large","max-video-preview":"max-video-preview:-1"},"canonical":"https:\/\/www.talidesign.eu\/et\/pood\/toode\/beslagsboden-wc-paberihoidja-valge\/","og_locale":"et_EE","og_type":"article","og_title":"Beslagsboden WC-paberihoidja Valge - TALI Concept Store","og_description":"Avasta Beslagsboden WC-paberihoidja Valge - stiilne ja kvaliteetne vannitoatarvik, mis sobib suurep\u00e4raselt sinu kodusse. Tutvu l\u00e4hemalt!","og_url":"https:\/\/www.talidesign.eu\/et\/pood\/toode\/beslagsboden-wc-paberihoidja-valge\/","og_site_name":"TALI Concept Store","article_publisher":"https:\/\/www.facebook.com\/TaliDisain\/","article_modified_time":"2024-07-09T14:50:56+00:00","og_image":[{"width":1500,"height":1500,"url":"https:\/\/www.talidesign.eu\/wp\/wp-content\/uploads\/2023\/06\/734a8982f5f958fcdc828fc362ab63b465cc03e6_BX1230_webb_1500px.jpg","type":"image\/jpeg"}],"twitter_card":"summary_large_image","twitter_misc":{"Est. reading time":"1 minute"},"schema":{"@context":"https:\/\/schema.org","@graph":[{"@type":"WebPage","@id":"https:\/\/www.talidesign.eu\/et\/pood\/toode\/beslagsboden-wc-paberihoidja-valge\/","url":"https:\/\/www.talidesign.eu\/et\/pood\/toode\/beslagsboden-wc-paberihoidja-valge\/","name":"Beslagsboden WC-paberihoidja Valge - TALI Concept Store","isPartOf":{"@id":"https:\/\/www.talidesign.eu\/et\/#website"},"primaryImageOfPage":{"@id":"https:\/\/www.talidesign.eu\/et\/pood\/toode\/beslagsboden-wc-paberihoidja-valge\/#primaryimage"},"image":{"@id":"https:\/\/www.talidesign.eu\/et\/pood\/toode\/beslagsboden-wc-paberihoidja-valge\/#primaryimage"},"thumbnailUrl":"https:\/\/www.talidesign.eu\/wp\/wp-content\/uploads\/2023\/06\/734a8982f5f958fcdc828fc362ab63b465cc03e6_BX1230_webb_1500px.jpg","datePublished":"2023-06-17T18:03:41+00:00","dateModified":"2024-07-09T14:50:56+00:00","description":"Avasta Beslagsboden WC-paberihoidja Valge - stiilne ja kvaliteetne vannitoatarvik, mis sobib suurep\u00e4raselt sinu kodusse. Tutvu l\u00e4hemalt!","breadcrumb":{"@id":"https:\/\/www.talidesign.eu\/et\/pood\/toode\/beslagsboden-wc-paberihoidja-valge\/#breadcrumb"},"inLanguage":"et","potentialAction":[{"@type":"ReadAction","target":["https:\/\/www.talidesign.eu\/et\/pood\/toode\/beslagsboden-wc-paberihoidja-valge\/"]}]},{"@type":"ImageObject","inLanguage":"et","@id":"https:\/\/www.talidesign.eu\/et\/pood\/toode\/beslagsboden-wc-paberihoidja-valge\/#primaryimage","url":"https:\/\/www.talidesign.eu\/wp\/wp-content\/uploads\/2023\/06\/734a8982f5f958fcdc828fc362ab63b465cc03e6_BX1230_webb_1500px.jpg","contentUrl":"https:\/\/www.talidesign.eu\/wp\/wp-content\/uploads\/2023\/06\/734a8982f5f958fcdc828fc362ab63b465cc03e6_BX1230_webb_1500px.jpg","width":1500,"height":1500},{"@type":"BreadcrumbList","@id":"https:\/\/www.talidesign.eu\/et\/pood\/toode\/beslagsboden-wc-paberihoidja-valge\/#breadcrumb","itemListElement":[{"@type":"ListItem","position":1,"name":"Avaleht","item":"https:\/\/www.talidesign.eu\/et\/"},{"@type":"ListItem","position":2,"name":"Pood","item":"https:\/\/www.talidesign.eu\/et\/pood\/"},{"@type":"ListItem","position":3,"name":"Beslagsboden WC-paberihoidja Valge"}]},{"@type":"WebSite","@id":"https:\/\/www.talidesign.eu\/et\/#website","url":"https:\/\/www.talidesign.eu\/et\/","name":"TALI Concept Store","description":"Suurim Disainipood Eestis","potentialAction":[{"@type":"SearchAction","target":{"@type":"EntryPoint","urlTemplate":"https:\/\/www.talidesign.eu\/et\/?s={search_term_string}"},"query-input":{"@type":"PropertyValueSpecification","valueRequired":true,"valueName":"search_term_string"}}],"inLanguage":"et"}]}},"_links":{"self":[{"href":"https:\/\/www.talidesign.eu\/et\/wp-json\/wp\/v2\/product\/73662","targetHints":{"allow":["GET"]}}],"collection":[{"href":"https:\/\/www.talidesign.eu\/et\/wp-json\/wp\/v2\/product"}],"about":[{"href":"https:\/\/www.talidesign.eu\/et\/wp-json\/wp\/v2\/types\/product"}],"wp:featuredmedia":[{"embeddable":true,"href":"https:\/\/www.talidesign.eu\/et\/wp-json\/wp\/v2\/media\/73670"}],"wp:attachment":[{"href":"https:\/\/www.talidesign.eu\/et\/wp-json\/wp\/v2\/media?parent=73662"}],"wp:term":[{"taxonomy":"product_brand","embeddable":true,"href":"https:\/\/www.talidesign.eu\/et\/wp-json\/wp\/v2\/product_brand?post=73662"},{"taxonomy":"product_cat","embeddable":true,"href":"https:\/\/www.talidesign.eu\/et\/wp-json\/wp\/v2\/product_cat?post=73662"},{"taxonomy":"product_tag","embeddable":true,"href":"https:\/\/www.talidesign.eu\/et\/wp-json\/wp\/v2\/product_tag?post=73662"}],"curies":[{"name":"wp","href":"https:\/\/api.w.org\/{rel}","templated":true}]}}