{"id":73813,"date":"2023-06-18T09:06:36","date_gmt":"2023-06-18T06:06:36","guid":{"rendered":"https:\/\/www.talidesign.eu\/?post_type=product&#038;p=73813"},"modified":"2025-02-06T15:08:41","modified_gmt":"2025-02-06T13:08:41","slug":"beslagsboden-klaasipuhasti-hoidikuga-hall","status":"publish","type":"product","link":"https:\/\/www.talidesign.eu\/et\/pood\/toode\/beslagsboden-klaasipuhasti-hoidikuga-hall\/","title":{"rendered":"Beslagsboden klaasipuhasti hoidikuga Hall"},"content":{"rendered":"<p><strong>Beslagsboden klaasipuhasti hoidikuga Hall<\/strong><\/p>\n<p>\u2022 Hall silikoon.<br \/>\n\u2022 210 x 188 mm.<br \/>\n\u2022 <a href=\"\/et\/tootekategooria\/brandid\/beslagsboden-et\/\">Br\u00e4nd Beslagsboden<\/a><\/p>\n<p><a href=\"https:\/\/www.talidesign.eu\/wp\/wp-content\/uploads\/2023\/06\/bb-12.jpg\"><img loading=\"lazy\" decoding=\"async\" src=\"https:\/\/www.talidesign.eu\/wp\/wp-content\/uploads\/2023\/06\/bb-12.jpg\" alt=\"\" width=\"714\" height=\"285\" class=\"alignnone size-full wp-image-73802\" srcset=\"https:\/\/www.talidesign.eu\/wp\/wp-content\/uploads\/2023\/06\/bb-12.jpg 714w, https:\/\/www.talidesign.eu\/wp\/wp-content\/uploads\/2023\/06\/bb-12-500x200.jpg 500w, https:\/\/www.talidesign.eu\/wp\/wp-content\/uploads\/2023\/06\/bb-12-510x204.jpg 510w\" sizes=\"auto, (max-width: 714px) 100vw, 714px\" \/><\/a><\/p>\n<p><strong>Br\u00e4ndist<\/strong><\/p>\n<p>Beslagsbodenis arendame kvaliteetseid ja skandinaavia disainiga tooteid. Oma tootearendusprotsessi k\u00e4igus p\u00fc\u00fcame pidevalt hoida fookuses nii kvaliteeti kui keskkonda ning seel\u00e4bi edendada j\u00e4tkusuutlikku ja vastutustundlikku arengut. Koos oma tarnijate ja partneritega l\u00e4htume kolmest p\u00f5him\u00f5ttest; Keskkond, kvaliteet ja disain ning inimesed. T\u00f6\u00f6tame muutuvas maailmas, kuid eesm\u00e4rk on alati sama \u2013 t\u00f6\u00f6tada inimeste ja keskkonnaga parema maailma nimel.<\/p>\n<p><a href=\"\/et\/tootekategooria\/brandid\/beslagsboden-et\/\"><img loading=\"lazy\" decoding=\"async\" src=\"https:\/\/www.talidesign.eu\/wp\/wp-content\/uploads\/2023\/06\/bb.jpg\" alt=\"\" width=\"500\" height=\"100\" class=\"alignnone size-medium wp-image-73629\" \/><\/a><\/p>\n","protected":false},"excerpt":{"rendered":"<p><strong>Beslagsboden klaasipuhasti hoidikuga Hall<\/strong><\/p>\n<p>\u2022 Hall silikoon.<br \/>\n\u2022 210 x 188 mm.<br \/>\n\u2022 <a href=\"\/et\/tootekategooria\/brandid\/beslagsboden-et\/\">Br\u00e4nd Beslagsboden<\/a><\/p>\n<p><a href=\"https:\/\/www.talidesign.eu\/wp\/wp-content\/uploads\/2023\/06\/bb-12.jpg\"><img loading=\"lazy\" decoding=\"async\" src=\"https:\/\/www.talidesign.eu\/wp\/wp-content\/uploads\/2023\/06\/bb-12.jpg\" alt=\"\" width=\"714\" height=\"285\" class=\"alignnone size-full wp-image-73802\" srcset=\"https:\/\/www.talidesign.eu\/wp\/wp-content\/uploads\/2023\/06\/bb-12.jpg 714w, https:\/\/www.talidesign.eu\/wp\/wp-content\/uploads\/2023\/06\/bb-12-500x200.jpg 500w, https:\/\/www.talidesign.eu\/wp\/wp-content\/uploads\/2023\/06\/bb-12-510x204.jpg 510w\" sizes=\"auto, (max-width: 714px) 100vw, 714px\" \/><\/a><\/p>\n<p><strong>Br\u00e4ndist<\/strong><\/p>\n<p>Beslagsbodenis arendame kvaliteetseid ja skandinaavia disainiga tooteid. Oma tootearendusprotsessi k\u00e4igus p\u00fc\u00fcame pidevalt hoida fookuses nii kvaliteeti kui keskkonda ning seel\u00e4bi edendada j\u00e4tkusuutlikku ja vastutustundlikku arengut. Koos oma tarnijate ja partneritega l\u00e4htume kolmest p\u00f5him\u00f5ttest; Keskkond, kvaliteet ja disain ning inimesed. T\u00f6\u00f6tame muutuvas maailmas, kuid eesm\u00e4rk on alati sama \u2013 t\u00f6\u00f6tada inimeste ja keskkonnaga parema maailma nimel.<\/p>\n<p><a href=\"\/et\/tootekategooria\/brandid\/beslagsboden-et\/\"><img loading=\"lazy\" decoding=\"async\" src=\"https:\/\/www.talidesign.eu\/wp\/wp-content\/uploads\/2023\/06\/bb.jpg\" alt=\"\" width=\"500\" height=\"100\" class=\"alignnone size-medium wp-image-73629\" \/><\/a><\/p>\n","protected":false},"featured_media":73821,"template":"","meta":[],"product_brand":[],"product_cat":[1177,2804,1026,1018,1103,1100],"product_tag":[2808],"class_list":{"0":"post-73813","1":"product","2":"type-product","3":"status-publish","4":"has-post-thumbnail","6":"product_cat-allahindlus","7":"product_cat-beslagsboden-et","8":"product_cat-brandid","9":"product_cat-kodu","10":"product_cat-puhastusvahendid","11":"product_cat-vannituba","12":"product_tag-beslagsboden-et","14":"first","15":"outofstock","16":"sale","17":"taxable","18":"shipping-taxable","19":"purchasable","20":"product-type-simple"},"yoast_head":"<!-- This site is optimized with the Yoast SEO plugin v27.3 - https:\/\/yoast.com\/product\/yoast-seo-wordpress\/ -->\n<title>Beslagsboden klaasipuhasti hoidikuga Hall - TALI Concept Store<\/title>\n<meta name=\"description\" content=\"Avasta Beslagsboden klaasipuhasti hoidikuga Hall - kvaliteetne ja stiilne vannitoatarvik, mis lisab sinu kodu interj\u00f6\u00f6rile skandinaavia elegantsi.\" \/>\n<meta name=\"robots\" content=\"index, follow, max-snippet:-1, max-image-preview:large, max-video-preview:-1\" \/>\n<link rel=\"canonical\" href=\"https:\/\/www.talidesign.eu\/et\/pood\/toode\/beslagsboden-klaasipuhasti-hoidikuga-hall\/\" \/>\n<meta property=\"og:locale\" content=\"et_EE\" \/>\n<meta property=\"og:type\" content=\"article\" \/>\n<meta property=\"og:title\" content=\"Beslagsboden klaasipuhasti hoidikuga Hall - TALI Concept Store\" \/>\n<meta property=\"og:description\" content=\"Avasta Beslagsboden klaasipuhasti hoidikuga Hall - kvaliteetne ja stiilne vannitoatarvik, mis lisab sinu kodu interj\u00f6\u00f6rile skandinaavia elegantsi.\" \/>\n<meta property=\"og:url\" content=\"https:\/\/www.talidesign.eu\/et\/pood\/toode\/beslagsboden-klaasipuhasti-hoidikuga-hall\/\" \/>\n<meta property=\"og:site_name\" content=\"TALI Concept Store\" \/>\n<meta property=\"article:publisher\" content=\"https:\/\/www.facebook.com\/TaliDisain\/\" \/>\n<meta property=\"article:modified_time\" content=\"2025-02-06T13:08:41+00:00\" \/>\n<meta property=\"og:image\" content=\"https:\/\/www.talidesign.eu\/wp\/wp-content\/uploads\/2023\/06\/7fe4b60c20a091f172738d88dfe648ba12ba3b09_BB1090_webb_1500px-16-scaled.jpg\" \/>\n\t<meta property=\"og:image:width\" content=\"2560\" \/>\n\t<meta property=\"og:image:height\" content=\"2560\" \/>\n\t<meta property=\"og:image:type\" content=\"image\/jpeg\" \/>\n<meta name=\"twitter:card\" content=\"summary_large_image\" \/>\n<meta name=\"twitter:label1\" content=\"Est. reading time\" \/>\n\t<meta name=\"twitter:data1\" content=\"1 minute\" \/>\n<script type=\"application\/ld+json\" class=\"yoast-schema-graph\">{\"@context\":\"https:\\\/\\\/schema.org\",\"@graph\":[{\"@type\":\"WebPage\",\"@id\":\"https:\\\/\\\/www.talidesign.eu\\\/et\\\/pood\\\/toode\\\/beslagsboden-klaasipuhasti-hoidikuga-hall\\\/\",\"url\":\"https:\\\/\\\/www.talidesign.eu\\\/et\\\/pood\\\/toode\\\/beslagsboden-klaasipuhasti-hoidikuga-hall\\\/\",\"name\":\"Beslagsboden klaasipuhasti hoidikuga Hall - TALI Concept Store\",\"isPartOf\":{\"@id\":\"https:\\\/\\\/www.talidesign.eu\\\/et\\\/#website\"},\"primaryImageOfPage\":{\"@id\":\"https:\\\/\\\/www.talidesign.eu\\\/et\\\/pood\\\/toode\\\/beslagsboden-klaasipuhasti-hoidikuga-hall\\\/#primaryimage\"},\"image\":{\"@id\":\"https:\\\/\\\/www.talidesign.eu\\\/et\\\/pood\\\/toode\\\/beslagsboden-klaasipuhasti-hoidikuga-hall\\\/#primaryimage\"},\"thumbnailUrl\":\"https:\\\/\\\/www.talidesign.eu\\\/wp\\\/wp-content\\\/uploads\\\/2023\\\/06\\\/7fe4b60c20a091f172738d88dfe648ba12ba3b09_BB1090_webb_1500px-16-scaled.jpg\",\"datePublished\":\"2023-06-18T06:06:36+00:00\",\"dateModified\":\"2025-02-06T13:08:41+00:00\",\"description\":\"Avasta Beslagsboden klaasipuhasti hoidikuga Hall - kvaliteetne ja stiilne vannitoatarvik, mis lisab sinu kodu interj\u00f6\u00f6rile skandinaavia elegantsi.\",\"breadcrumb\":{\"@id\":\"https:\\\/\\\/www.talidesign.eu\\\/et\\\/pood\\\/toode\\\/beslagsboden-klaasipuhasti-hoidikuga-hall\\\/#breadcrumb\"},\"inLanguage\":\"et\",\"potentialAction\":[{\"@type\":\"ReadAction\",\"target\":[\"https:\\\/\\\/www.talidesign.eu\\\/et\\\/pood\\\/toode\\\/beslagsboden-klaasipuhasti-hoidikuga-hall\\\/\"]}]},{\"@type\":\"ImageObject\",\"inLanguage\":\"et\",\"@id\":\"https:\\\/\\\/www.talidesign.eu\\\/et\\\/pood\\\/toode\\\/beslagsboden-klaasipuhasti-hoidikuga-hall\\\/#primaryimage\",\"url\":\"https:\\\/\\\/www.talidesign.eu\\\/wp\\\/wp-content\\\/uploads\\\/2023\\\/06\\\/7fe4b60c20a091f172738d88dfe648ba12ba3b09_BB1090_webb_1500px-16-scaled.jpg\",\"contentUrl\":\"https:\\\/\\\/www.talidesign.eu\\\/wp\\\/wp-content\\\/uploads\\\/2023\\\/06\\\/7fe4b60c20a091f172738d88dfe648ba12ba3b09_BB1090_webb_1500px-16-scaled.jpg\",\"width\":2560,\"height\":2560},{\"@type\":\"BreadcrumbList\",\"@id\":\"https:\\\/\\\/www.talidesign.eu\\\/et\\\/pood\\\/toode\\\/beslagsboden-klaasipuhasti-hoidikuga-hall\\\/#breadcrumb\",\"itemListElement\":[{\"@type\":\"ListItem\",\"position\":1,\"name\":\"Avaleht\",\"item\":\"https:\\\/\\\/www.talidesign.eu\\\/et\\\/\"},{\"@type\":\"ListItem\",\"position\":2,\"name\":\"Pood\",\"item\":\"https:\\\/\\\/www.talidesign.eu\\\/et\\\/pood\\\/\"},{\"@type\":\"ListItem\",\"position\":3,\"name\":\"Beslagsboden klaasipuhasti hoidikuga Hall\"}]},{\"@type\":\"WebSite\",\"@id\":\"https:\\\/\\\/www.talidesign.eu\\\/et\\\/#website\",\"url\":\"https:\\\/\\\/www.talidesign.eu\\\/et\\\/\",\"name\":\"TALI Concept Store\",\"description\":\"Suurim Disainipood Eestis\",\"potentialAction\":[{\"@type\":\"SearchAction\",\"target\":{\"@type\":\"EntryPoint\",\"urlTemplate\":\"https:\\\/\\\/www.talidesign.eu\\\/et\\\/?s={search_term_string}\"},\"query-input\":{\"@type\":\"PropertyValueSpecification\",\"valueRequired\":true,\"valueName\":\"search_term_string\"}}],\"inLanguage\":\"et\"}]}<\/script>\n<!-- \/ Yoast SEO plugin. -->","yoast_head_json":{"title":"Beslagsboden klaasipuhasti hoidikuga Hall - TALI Concept Store","description":"Avasta Beslagsboden klaasipuhasti hoidikuga Hall - kvaliteetne ja stiilne vannitoatarvik, mis lisab sinu kodu interj\u00f6\u00f6rile skandinaavia elegantsi.","robots":{"index":"index","follow":"follow","max-snippet":"max-snippet:-1","max-image-preview":"max-image-preview:large","max-video-preview":"max-video-preview:-1"},"canonical":"https:\/\/www.talidesign.eu\/et\/pood\/toode\/beslagsboden-klaasipuhasti-hoidikuga-hall\/","og_locale":"et_EE","og_type":"article","og_title":"Beslagsboden klaasipuhasti hoidikuga Hall - TALI Concept Store","og_description":"Avasta Beslagsboden klaasipuhasti hoidikuga Hall - kvaliteetne ja stiilne vannitoatarvik, mis lisab sinu kodu interj\u00f6\u00f6rile skandinaavia elegantsi.","og_url":"https:\/\/www.talidesign.eu\/et\/pood\/toode\/beslagsboden-klaasipuhasti-hoidikuga-hall\/","og_site_name":"TALI Concept Store","article_publisher":"https:\/\/www.facebook.com\/TaliDisain\/","article_modified_time":"2025-02-06T13:08:41+00:00","og_image":[{"width":2560,"height":2560,"url":"https:\/\/www.talidesign.eu\/wp\/wp-content\/uploads\/2023\/06\/7fe4b60c20a091f172738d88dfe648ba12ba3b09_BB1090_webb_1500px-16-scaled.jpg","type":"image\/jpeg"}],"twitter_card":"summary_large_image","twitter_misc":{"Est. reading time":"1 minute"},"schema":{"@context":"https:\/\/schema.org","@graph":[{"@type":"WebPage","@id":"https:\/\/www.talidesign.eu\/et\/pood\/toode\/beslagsboden-klaasipuhasti-hoidikuga-hall\/","url":"https:\/\/www.talidesign.eu\/et\/pood\/toode\/beslagsboden-klaasipuhasti-hoidikuga-hall\/","name":"Beslagsboden klaasipuhasti hoidikuga Hall - TALI Concept Store","isPartOf":{"@id":"https:\/\/www.talidesign.eu\/et\/#website"},"primaryImageOfPage":{"@id":"https:\/\/www.talidesign.eu\/et\/pood\/toode\/beslagsboden-klaasipuhasti-hoidikuga-hall\/#primaryimage"},"image":{"@id":"https:\/\/www.talidesign.eu\/et\/pood\/toode\/beslagsboden-klaasipuhasti-hoidikuga-hall\/#primaryimage"},"thumbnailUrl":"https:\/\/www.talidesign.eu\/wp\/wp-content\/uploads\/2023\/06\/7fe4b60c20a091f172738d88dfe648ba12ba3b09_BB1090_webb_1500px-16-scaled.jpg","datePublished":"2023-06-18T06:06:36+00:00","dateModified":"2025-02-06T13:08:41+00:00","description":"Avasta Beslagsboden klaasipuhasti hoidikuga Hall - kvaliteetne ja stiilne vannitoatarvik, mis lisab sinu kodu interj\u00f6\u00f6rile skandinaavia elegantsi.","breadcrumb":{"@id":"https:\/\/www.talidesign.eu\/et\/pood\/toode\/beslagsboden-klaasipuhasti-hoidikuga-hall\/#breadcrumb"},"inLanguage":"et","potentialAction":[{"@type":"ReadAction","target":["https:\/\/www.talidesign.eu\/et\/pood\/toode\/beslagsboden-klaasipuhasti-hoidikuga-hall\/"]}]},{"@type":"ImageObject","inLanguage":"et","@id":"https:\/\/www.talidesign.eu\/et\/pood\/toode\/beslagsboden-klaasipuhasti-hoidikuga-hall\/#primaryimage","url":"https:\/\/www.talidesign.eu\/wp\/wp-content\/uploads\/2023\/06\/7fe4b60c20a091f172738d88dfe648ba12ba3b09_BB1090_webb_1500px-16-scaled.jpg","contentUrl":"https:\/\/www.talidesign.eu\/wp\/wp-content\/uploads\/2023\/06\/7fe4b60c20a091f172738d88dfe648ba12ba3b09_BB1090_webb_1500px-16-scaled.jpg","width":2560,"height":2560},{"@type":"BreadcrumbList","@id":"https:\/\/www.talidesign.eu\/et\/pood\/toode\/beslagsboden-klaasipuhasti-hoidikuga-hall\/#breadcrumb","itemListElement":[{"@type":"ListItem","position":1,"name":"Avaleht","item":"https:\/\/www.talidesign.eu\/et\/"},{"@type":"ListItem","position":2,"name":"Pood","item":"https:\/\/www.talidesign.eu\/et\/pood\/"},{"@type":"ListItem","position":3,"name":"Beslagsboden klaasipuhasti hoidikuga Hall"}]},{"@type":"WebSite","@id":"https:\/\/www.talidesign.eu\/et\/#website","url":"https:\/\/www.talidesign.eu\/et\/","name":"TALI Concept Store","description":"Suurim Disainipood Eestis","potentialAction":[{"@type":"SearchAction","target":{"@type":"EntryPoint","urlTemplate":"https:\/\/www.talidesign.eu\/et\/?s={search_term_string}"},"query-input":{"@type":"PropertyValueSpecification","valueRequired":true,"valueName":"search_term_string"}}],"inLanguage":"et"}]}},"_links":{"self":[{"href":"https:\/\/www.talidesign.eu\/et\/wp-json\/wp\/v2\/product\/73813","targetHints":{"allow":["GET"]}}],"collection":[{"href":"https:\/\/www.talidesign.eu\/et\/wp-json\/wp\/v2\/product"}],"about":[{"href":"https:\/\/www.talidesign.eu\/et\/wp-json\/wp\/v2\/types\/product"}],"wp:featuredmedia":[{"embeddable":true,"href":"https:\/\/www.talidesign.eu\/et\/wp-json\/wp\/v2\/media\/73821"}],"wp:attachment":[{"href":"https:\/\/www.talidesign.eu\/et\/wp-json\/wp\/v2\/media?parent=73813"}],"wp:term":[{"taxonomy":"product_brand","embeddable":true,"href":"https:\/\/www.talidesign.eu\/et\/wp-json\/wp\/v2\/product_brand?post=73813"},{"taxonomy":"product_cat","embeddable":true,"href":"https:\/\/www.talidesign.eu\/et\/wp-json\/wp\/v2\/product_cat?post=73813"},{"taxonomy":"product_tag","embeddable":true,"href":"https:\/\/www.talidesign.eu\/et\/wp-json\/wp\/v2\/product_tag?post=73813"}],"curies":[{"name":"wp","href":"https:\/\/api.w.org\/{rel}","templated":true}]}}