{"id":73826,"date":"2023-06-18T09:22:43","date_gmt":"2023-06-18T06:22:43","guid":{"rendered":"https:\/\/www.talidesign.eu\/?post_type=product&#038;p=73826"},"modified":"2024-07-10T12:14:32","modified_gmt":"2024-07-10T09:14:32","slug":"beslagsboden-hexagon-nagi-3m-matt-must","status":"publish","type":"product","link":"https:\/\/www.talidesign.eu\/et\/pood\/toode\/beslagsboden-hexagon-nagi-3m-matt-must\/","title":{"rendered":"Beslagsboden Hexagon Nagi 3M Matt Must"},"content":{"rendered":"<p><strong>Beslagsboden Hexagon Nagi 3M Matt Must<\/strong><\/p>\n<p>Kinnitatakse p\u00fcsivatele siledatele pindadele, nagu keraamilised plaadid, lakitud v\u00f5i spoonitud plaadid jne. Toodet ei ole soovitatav paigaldada ebatasasele\/karedale pinnale, kus teip ei kinnitu t\u00e4ielikult, ega pindadele, mis v\u00f5ivad nihkuda (nt m\u00e4rgruumi tapeet). \u00c4sja plaaditud seinte korral tuleb pind p\u00f5hjalikult puhastada, et sellel ei oleks vuugij\u00e4\u00e4ke.<\/p>\n<p>K\u00fcsimuste korral pidage n\u00f5u spetsialistiga.<\/p>\n<p>Paigaldusjuhised<\/p>\n<p>\u2022 Puhastage aluspind p\u00f5hjalikult ja laske sel kuivada. (Puhastusvahendid ei tohi sisaldada \u00f5li.)<br \/>\n\u2022 Eemaldage kaitsekile.<br \/>\n\u2022 Paigaldage toode seinale, vajutades seda 10 sekundit vastu aluspinda.<br \/>\n\u2022 Parimate tulemuste saamiseks laske liimil 24 tundi kuivada.<\/p>\n<p>Toote puhastamiseks kasutage puhast niisket lappi.<\/p>\n<p>\u2022 Matt must roostevaba teras<br \/>\n\u2022 Isekleepuv tagak\u00fclg 3M<br \/>\n\u2022 52 x 45 mm<br \/>\n\u2022 <a href=\"\/et\/tootekategooria\/brandid\/beslagsboden-et\/\">Br\u00e4nd Beslagsboden<\/a><\/p>\n<p><a href=\"https:\/\/www.talidesign.eu\/wp\/wp-content\/uploads\/2023\/06\/bb-13.jpg\"><img loading=\"lazy\" decoding=\"async\" src=\"https:\/\/www.talidesign.eu\/wp\/wp-content\/uploads\/2023\/06\/bb-13.jpg\" alt=\"\" width=\"697\" height=\"282\" class=\"alignnone size-full wp-image-73827\" srcset=\"https:\/\/www.talidesign.eu\/wp\/wp-content\/uploads\/2023\/06\/bb-13.jpg 697w, https:\/\/www.talidesign.eu\/wp\/wp-content\/uploads\/2023\/06\/bb-13-500x202.jpg 500w, https:\/\/www.talidesign.eu\/wp\/wp-content\/uploads\/2023\/06\/bb-13-510x206.jpg 510w\" sizes=\"auto, (max-width: 697px) 100vw, 697px\" \/><\/a><\/p>\n<p><strong>Br\u00e4ndist<\/strong><\/p>\n<p>Beslagsbodenis arendame kvaliteetseid ja skandinaavia disainiga tooteid. Oma tootearendusprotsessi k\u00e4igus p\u00fc\u00fcame pidevalt hoida fookuses nii kvaliteeti kui keskkonda ning seel\u00e4bi edendada j\u00e4tkusuutlikku ja vastutustundlikku arengut. Koos oma tarnijate ja partneritega l\u00e4htume kolmest p\u00f5him\u00f5ttest; Keskkond, kvaliteet ja disain ning inimesed. T\u00f6\u00f6tame muutuvas maailmas, kuid eesm\u00e4rk on alati sama \u2013 t\u00f6\u00f6tada inimeste ja keskkonnaga parema maailma nimel.<\/p>\n<p><a href=\"\/et\/tootekategooria\/brandid\/beslagsboden-et\/\"><img loading=\"lazy\" decoding=\"async\" src=\"https:\/\/www.talidesign.eu\/wp\/wp-content\/uploads\/2023\/06\/bb.jpg\" alt=\"\" width=\"500\" height=\"100\" class=\"alignnone size-medium wp-image-73629\" \/><\/a><\/p>\n","protected":false},"excerpt":{"rendered":"<p><strong>Beslagsboden Hexagon Nagi 3M Matt Must<\/strong><\/p>\n<p>Kinnitatakse p\u00fcsivatele siledatele pindadele, nagu keraamilised plaadid, lakitud v\u00f5i spoonitud plaadid jne. Toodet ei ole soovitatav paigaldada ebatasasele\/karedale pinnale, kus teip ei kinnitu t\u00e4ielikult, ega pindadele, mis v\u00f5ivad nihkuda (nt m\u00e4rgruumi tapeet). \u00c4sja plaaditud seinte korral tuleb pind p\u00f5hjalikult puhastada, et sellel ei oleks vuugij\u00e4\u00e4ke.<\/p>\n<p>K\u00fcsimuste korral pidage n\u00f5u spetsialistiga.<\/p>\n<p>Paigaldusjuhised<\/p>\n<p>\u2022 Puhastage aluspind p\u00f5hjalikult ja laske sel kuivada. (Puhastusvahendid ei tohi sisaldada \u00f5li.)<br \/>\n\u2022 Eemaldage kaitsekile.<br \/>\n\u2022 Paigaldage toode seinale, vajutades seda 10 sekundit vastu aluspinda.<br \/>\n\u2022 Parimate tulemuste saamiseks laske liimil 24 tundi kuivada.<\/p>\n<p>Toote puhastamiseks kasutage puhast niisket lappi.<\/p>\n<p>\u2022 Matt must roostevaba teras<br \/>\n\u2022 Isekleepuv tagak\u00fclg 3M<br \/>\n\u2022 52 x 45 mm<br \/>\n\u2022 <a href=\"\/et\/tootekategooria\/brandid\/beslagsboden-et\/\">Br\u00e4nd Beslagsboden<\/a><\/p>\n<p><a href=\"https:\/\/www.talidesign.eu\/wp\/wp-content\/uploads\/2023\/06\/bb-13.jpg\"><img loading=\"lazy\" decoding=\"async\" src=\"https:\/\/www.talidesign.eu\/wp\/wp-content\/uploads\/2023\/06\/bb-13.jpg\" alt=\"\" width=\"697\" height=\"282\" class=\"alignnone size-full wp-image-73827\" srcset=\"https:\/\/www.talidesign.eu\/wp\/wp-content\/uploads\/2023\/06\/bb-13.jpg 697w, https:\/\/www.talidesign.eu\/wp\/wp-content\/uploads\/2023\/06\/bb-13-500x202.jpg 500w, https:\/\/www.talidesign.eu\/wp\/wp-content\/uploads\/2023\/06\/bb-13-510x206.jpg 510w\" sizes=\"auto, (max-width: 697px) 100vw, 697px\" \/><\/a><\/p>\n<p><strong>Br\u00e4ndist<\/strong><\/p>\n<p>Beslagsbodenis arendame kvaliteetseid ja skandinaavia disainiga tooteid. Oma tootearendusprotsessi k\u00e4igus p\u00fc\u00fcame pidevalt hoida fookuses nii kvaliteeti kui keskkonda ning seel\u00e4bi edendada j\u00e4tkusuutlikku ja vastutustundlikku arengut. Koos oma tarnijate ja partneritega l\u00e4htume kolmest p\u00f5him\u00f5ttest; Keskkond, kvaliteet ja disain ning inimesed. T\u00f6\u00f6tame muutuvas maailmas, kuid eesm\u00e4rk on alati sama \u2013 t\u00f6\u00f6tada inimeste ja keskkonnaga parema maailma nimel.<\/p>\n<p><a href=\"\/et\/tootekategooria\/brandid\/beslagsboden-et\/\"><img loading=\"lazy\" decoding=\"async\" src=\"https:\/\/www.talidesign.eu\/wp\/wp-content\/uploads\/2023\/06\/bb.jpg\" alt=\"\" width=\"500\" height=\"100\" class=\"alignnone size-medium wp-image-73629\" \/><\/a><\/p>\n","protected":false},"featured_media":73832,"template":"","meta":[],"product_brand":[],"product_cat":[2876,2804,1026,1105,1031,1018,1106,1030,1100],"product_tag":[2808],"class_list":{"0":"post-73826","1":"product","2":"type-product","3":"status-publish","4":"has-post-thumbnail","6":"product_cat-3m-kleebisega-tooted","7":"product_cat-beslagsboden-et","8":"product_cat-brandid","9":"product_cat-esik","10":"product_cat-hoiustamine","11":"product_cat-kodu","12":"product_cat-konksud-nagid","13":"product_cat-kook","14":"product_cat-vannituba","15":"product_tag-beslagsboden-et","17":"first","18":"outofstock","19":"taxable","20":"shipping-taxable","21":"purchasable","22":"product-type-simple"},"yoast_head":"<!-- This site is optimized with the Yoast SEO plugin v27.3 - https:\/\/yoast.com\/product\/yoast-seo-wordpress\/ -->\n<title>Beslagsboden Hexagon Nagi 3M Matt Must - TALI Concept Store<\/title>\n<meta name=\"description\" content=\"Avasta Beslagsboden Hexagon Nagi 3M Matt Must - stiilne ja praktiline konks, mis sobib suurep\u00e4raselt igasse ruumi. Tutvu l\u00e4hemalt!\" \/>\n<meta name=\"robots\" content=\"index, follow, max-snippet:-1, max-image-preview:large, max-video-preview:-1\" \/>\n<link rel=\"canonical\" href=\"https:\/\/www.talidesign.eu\/et\/pood\/toode\/beslagsboden-hexagon-nagi-3m-matt-must\/\" \/>\n<meta property=\"og:locale\" content=\"et_EE\" \/>\n<meta property=\"og:type\" content=\"article\" \/>\n<meta property=\"og:title\" content=\"Beslagsboden Hexagon Nagi 3M Matt Must - TALI Concept Store\" \/>\n<meta property=\"og:description\" content=\"Avasta Beslagsboden Hexagon Nagi 3M Matt Must - stiilne ja praktiline konks, mis sobib suurep\u00e4raselt igasse ruumi. Tutvu l\u00e4hemalt!\" \/>\n<meta property=\"og:url\" content=\"https:\/\/www.talidesign.eu\/et\/pood\/toode\/beslagsboden-hexagon-nagi-3m-matt-must\/\" \/>\n<meta property=\"og:site_name\" content=\"TALI Concept Store\" \/>\n<meta property=\"article:publisher\" content=\"https:\/\/www.facebook.com\/TaliDisain\/\" \/>\n<meta property=\"article:modified_time\" content=\"2024-07-10T09:14:32+00:00\" \/>\n<meta property=\"og:image\" content=\"https:\/\/www.talidesign.eu\/wp\/wp-content\/uploads\/2023\/06\/7fe4b60c20a091f172738d88dfe648ba12ba3b09_BB1090_webb_1500px-17-scaled.jpg\" \/>\n\t<meta property=\"og:image:width\" content=\"2560\" \/>\n\t<meta property=\"og:image:height\" content=\"2560\" \/>\n\t<meta property=\"og:image:type\" content=\"image\/jpeg\" \/>\n<meta name=\"twitter:card\" content=\"summary_large_image\" \/>\n<meta name=\"twitter:label1\" content=\"Est. reading time\" \/>\n\t<meta name=\"twitter:data1\" content=\"2 minutes\" \/>\n<script type=\"application\/ld+json\" class=\"yoast-schema-graph\">{\"@context\":\"https:\\\/\\\/schema.org\",\"@graph\":[{\"@type\":\"WebPage\",\"@id\":\"https:\\\/\\\/www.talidesign.eu\\\/et\\\/pood\\\/toode\\\/beslagsboden-hexagon-nagi-3m-matt-must\\\/\",\"url\":\"https:\\\/\\\/www.talidesign.eu\\\/et\\\/pood\\\/toode\\\/beslagsboden-hexagon-nagi-3m-matt-must\\\/\",\"name\":\"Beslagsboden Hexagon Nagi 3M Matt Must - TALI Concept Store\",\"isPartOf\":{\"@id\":\"https:\\\/\\\/www.talidesign.eu\\\/et\\\/#website\"},\"primaryImageOfPage\":{\"@id\":\"https:\\\/\\\/www.talidesign.eu\\\/et\\\/pood\\\/toode\\\/beslagsboden-hexagon-nagi-3m-matt-must\\\/#primaryimage\"},\"image\":{\"@id\":\"https:\\\/\\\/www.talidesign.eu\\\/et\\\/pood\\\/toode\\\/beslagsboden-hexagon-nagi-3m-matt-must\\\/#primaryimage\"},\"thumbnailUrl\":\"https:\\\/\\\/www.talidesign.eu\\\/wp\\\/wp-content\\\/uploads\\\/2023\\\/06\\\/7fe4b60c20a091f172738d88dfe648ba12ba3b09_BB1090_webb_1500px-17-scaled.jpg\",\"datePublished\":\"2023-06-18T06:22:43+00:00\",\"dateModified\":\"2024-07-10T09:14:32+00:00\",\"description\":\"Avasta Beslagsboden Hexagon Nagi 3M Matt Must - stiilne ja praktiline konks, mis sobib suurep\u00e4raselt igasse ruumi. Tutvu l\u00e4hemalt!\",\"breadcrumb\":{\"@id\":\"https:\\\/\\\/www.talidesign.eu\\\/et\\\/pood\\\/toode\\\/beslagsboden-hexagon-nagi-3m-matt-must\\\/#breadcrumb\"},\"inLanguage\":\"et\",\"potentialAction\":[{\"@type\":\"ReadAction\",\"target\":[\"https:\\\/\\\/www.talidesign.eu\\\/et\\\/pood\\\/toode\\\/beslagsboden-hexagon-nagi-3m-matt-must\\\/\"]}]},{\"@type\":\"ImageObject\",\"inLanguage\":\"et\",\"@id\":\"https:\\\/\\\/www.talidesign.eu\\\/et\\\/pood\\\/toode\\\/beslagsboden-hexagon-nagi-3m-matt-must\\\/#primaryimage\",\"url\":\"https:\\\/\\\/www.talidesign.eu\\\/wp\\\/wp-content\\\/uploads\\\/2023\\\/06\\\/7fe4b60c20a091f172738d88dfe648ba12ba3b09_BB1090_webb_1500px-17-scaled.jpg\",\"contentUrl\":\"https:\\\/\\\/www.talidesign.eu\\\/wp\\\/wp-content\\\/uploads\\\/2023\\\/06\\\/7fe4b60c20a091f172738d88dfe648ba12ba3b09_BB1090_webb_1500px-17-scaled.jpg\",\"width\":2560,\"height\":2560},{\"@type\":\"BreadcrumbList\",\"@id\":\"https:\\\/\\\/www.talidesign.eu\\\/et\\\/pood\\\/toode\\\/beslagsboden-hexagon-nagi-3m-matt-must\\\/#breadcrumb\",\"itemListElement\":[{\"@type\":\"ListItem\",\"position\":1,\"name\":\"Avaleht\",\"item\":\"https:\\\/\\\/www.talidesign.eu\\\/et\\\/\"},{\"@type\":\"ListItem\",\"position\":2,\"name\":\"Pood\",\"item\":\"https:\\\/\\\/www.talidesign.eu\\\/et\\\/pood\\\/\"},{\"@type\":\"ListItem\",\"position\":3,\"name\":\"Beslagsboden Hexagon Nagi 3M Matt Must\"}]},{\"@type\":\"WebSite\",\"@id\":\"https:\\\/\\\/www.talidesign.eu\\\/et\\\/#website\",\"url\":\"https:\\\/\\\/www.talidesign.eu\\\/et\\\/\",\"name\":\"TALI Concept Store\",\"description\":\"Suurim Disainipood Eestis\",\"potentialAction\":[{\"@type\":\"SearchAction\",\"target\":{\"@type\":\"EntryPoint\",\"urlTemplate\":\"https:\\\/\\\/www.talidesign.eu\\\/et\\\/?s={search_term_string}\"},\"query-input\":{\"@type\":\"PropertyValueSpecification\",\"valueRequired\":true,\"valueName\":\"search_term_string\"}}],\"inLanguage\":\"et\"}]}<\/script>\n<!-- \/ Yoast SEO plugin. -->","yoast_head_json":{"title":"Beslagsboden Hexagon Nagi 3M Matt Must - TALI Concept Store","description":"Avasta Beslagsboden Hexagon Nagi 3M Matt Must - stiilne ja praktiline konks, mis sobib suurep\u00e4raselt igasse ruumi. Tutvu l\u00e4hemalt!","robots":{"index":"index","follow":"follow","max-snippet":"max-snippet:-1","max-image-preview":"max-image-preview:large","max-video-preview":"max-video-preview:-1"},"canonical":"https:\/\/www.talidesign.eu\/et\/pood\/toode\/beslagsboden-hexagon-nagi-3m-matt-must\/","og_locale":"et_EE","og_type":"article","og_title":"Beslagsboden Hexagon Nagi 3M Matt Must - TALI Concept Store","og_description":"Avasta Beslagsboden Hexagon Nagi 3M Matt Must - stiilne ja praktiline konks, mis sobib suurep\u00e4raselt igasse ruumi. Tutvu l\u00e4hemalt!","og_url":"https:\/\/www.talidesign.eu\/et\/pood\/toode\/beslagsboden-hexagon-nagi-3m-matt-must\/","og_site_name":"TALI Concept Store","article_publisher":"https:\/\/www.facebook.com\/TaliDisain\/","article_modified_time":"2024-07-10T09:14:32+00:00","og_image":[{"width":2560,"height":2560,"url":"https:\/\/www.talidesign.eu\/wp\/wp-content\/uploads\/2023\/06\/7fe4b60c20a091f172738d88dfe648ba12ba3b09_BB1090_webb_1500px-17-scaled.jpg","type":"image\/jpeg"}],"twitter_card":"summary_large_image","twitter_misc":{"Est. reading time":"2 minutes"},"schema":{"@context":"https:\/\/schema.org","@graph":[{"@type":"WebPage","@id":"https:\/\/www.talidesign.eu\/et\/pood\/toode\/beslagsboden-hexagon-nagi-3m-matt-must\/","url":"https:\/\/www.talidesign.eu\/et\/pood\/toode\/beslagsboden-hexagon-nagi-3m-matt-must\/","name":"Beslagsboden Hexagon Nagi 3M Matt Must - TALI Concept Store","isPartOf":{"@id":"https:\/\/www.talidesign.eu\/et\/#website"},"primaryImageOfPage":{"@id":"https:\/\/www.talidesign.eu\/et\/pood\/toode\/beslagsboden-hexagon-nagi-3m-matt-must\/#primaryimage"},"image":{"@id":"https:\/\/www.talidesign.eu\/et\/pood\/toode\/beslagsboden-hexagon-nagi-3m-matt-must\/#primaryimage"},"thumbnailUrl":"https:\/\/www.talidesign.eu\/wp\/wp-content\/uploads\/2023\/06\/7fe4b60c20a091f172738d88dfe648ba12ba3b09_BB1090_webb_1500px-17-scaled.jpg","datePublished":"2023-06-18T06:22:43+00:00","dateModified":"2024-07-10T09:14:32+00:00","description":"Avasta Beslagsboden Hexagon Nagi 3M Matt Must - stiilne ja praktiline konks, mis sobib suurep\u00e4raselt igasse ruumi. Tutvu l\u00e4hemalt!","breadcrumb":{"@id":"https:\/\/www.talidesign.eu\/et\/pood\/toode\/beslagsboden-hexagon-nagi-3m-matt-must\/#breadcrumb"},"inLanguage":"et","potentialAction":[{"@type":"ReadAction","target":["https:\/\/www.talidesign.eu\/et\/pood\/toode\/beslagsboden-hexagon-nagi-3m-matt-must\/"]}]},{"@type":"ImageObject","inLanguage":"et","@id":"https:\/\/www.talidesign.eu\/et\/pood\/toode\/beslagsboden-hexagon-nagi-3m-matt-must\/#primaryimage","url":"https:\/\/www.talidesign.eu\/wp\/wp-content\/uploads\/2023\/06\/7fe4b60c20a091f172738d88dfe648ba12ba3b09_BB1090_webb_1500px-17-scaled.jpg","contentUrl":"https:\/\/www.talidesign.eu\/wp\/wp-content\/uploads\/2023\/06\/7fe4b60c20a091f172738d88dfe648ba12ba3b09_BB1090_webb_1500px-17-scaled.jpg","width":2560,"height":2560},{"@type":"BreadcrumbList","@id":"https:\/\/www.talidesign.eu\/et\/pood\/toode\/beslagsboden-hexagon-nagi-3m-matt-must\/#breadcrumb","itemListElement":[{"@type":"ListItem","position":1,"name":"Avaleht","item":"https:\/\/www.talidesign.eu\/et\/"},{"@type":"ListItem","position":2,"name":"Pood","item":"https:\/\/www.talidesign.eu\/et\/pood\/"},{"@type":"ListItem","position":3,"name":"Beslagsboden Hexagon Nagi 3M Matt Must"}]},{"@type":"WebSite","@id":"https:\/\/www.talidesign.eu\/et\/#website","url":"https:\/\/www.talidesign.eu\/et\/","name":"TALI Concept Store","description":"Suurim Disainipood Eestis","potentialAction":[{"@type":"SearchAction","target":{"@type":"EntryPoint","urlTemplate":"https:\/\/www.talidesign.eu\/et\/?s={search_term_string}"},"query-input":{"@type":"PropertyValueSpecification","valueRequired":true,"valueName":"search_term_string"}}],"inLanguage":"et"}]}},"_links":{"self":[{"href":"https:\/\/www.talidesign.eu\/et\/wp-json\/wp\/v2\/product\/73826","targetHints":{"allow":["GET"]}}],"collection":[{"href":"https:\/\/www.talidesign.eu\/et\/wp-json\/wp\/v2\/product"}],"about":[{"href":"https:\/\/www.talidesign.eu\/et\/wp-json\/wp\/v2\/types\/product"}],"wp:featuredmedia":[{"embeddable":true,"href":"https:\/\/www.talidesign.eu\/et\/wp-json\/wp\/v2\/media\/73832"}],"wp:attachment":[{"href":"https:\/\/www.talidesign.eu\/et\/wp-json\/wp\/v2\/media?parent=73826"}],"wp:term":[{"taxonomy":"product_brand","embeddable":true,"href":"https:\/\/www.talidesign.eu\/et\/wp-json\/wp\/v2\/product_brand?post=73826"},{"taxonomy":"product_cat","embeddable":true,"href":"https:\/\/www.talidesign.eu\/et\/wp-json\/wp\/v2\/product_cat?post=73826"},{"taxonomy":"product_tag","embeddable":true,"href":"https:\/\/www.talidesign.eu\/et\/wp-json\/wp\/v2\/product_tag?post=73826"}],"curies":[{"name":"wp","href":"https:\/\/api.w.org\/{rel}","templated":true}]}}