{"id":73866,"date":"2023-06-18T10:03:12","date_gmt":"2023-06-18T07:03:12","guid":{"rendered":"https:\/\/www.talidesign.eu\/?post_type=product&#038;p=73866"},"modified":"2024-09-03T06:13:09","modified_gmt":"2024-09-03T03:13:09","slug":"beslagsboden-dusilifti-riiul-must","status":"publish","type":"product","link":"https:\/\/www.talidesign.eu\/et\/pood\/toode\/beslagsboden-dusilifti-riiul-must\/","title":{"rendered":"Beslagsboden Du\u0161ilifti riiul Must"},"content":{"rendered":"<p><strong>Beslagsboden Du\u0161ilifti riiul Must<\/strong><\/p>\n<p><a href=\"https:\/\/www.talidesign.eu\/wp\/wp-content\/uploads\/2023\/06\/bb2.jpg\"><img loading=\"lazy\" decoding=\"async\" src=\"https:\/\/www.talidesign.eu\/wp\/wp-content\/uploads\/2023\/06\/bb2-414x400.jpg\" alt=\"\" width=\"414\" height=\"400\" class=\"alignnone size-medium wp-image-73858\" srcset=\"https:\/\/www.talidesign.eu\/wp\/wp-content\/uploads\/2023\/06\/bb2-414x400.jpg 414w, https:\/\/www.talidesign.eu\/wp\/wp-content\/uploads\/2023\/06\/bb2-500x483.jpg 500w, https:\/\/www.talidesign.eu\/wp\/wp-content\/uploads\/2023\/06\/bb2-510x493.jpg 510w, https:\/\/www.talidesign.eu\/wp\/wp-content\/uploads\/2023\/06\/bb2.jpg 620w\" sizes=\"auto, (max-width: 414px) 100vw, 414px\" \/><\/a><\/p>\n<p>\u2022 Must roostevaba teras<br \/>\n\u2022 Korv 250 x 120 mm<br \/>\n\u2022 K\u00f5rgus 72 mm.<br \/>\n\u2022 S\u00fcgavus 175 mm.<br \/>\n\u2022 Sobib du\u0161iliftile paksusega 18 \u2013 24 mm.<br \/>\n\u2022 <a href=\"\/et\/tootekategooria\/brandid\/beslagsboden-et\/\">Br\u00e4nd Beslagsboden<\/a><\/p>\n<p><a href=\"https:\/\/www.talidesign.eu\/wp\/wp-content\/uploads\/2023\/06\/bb-15.jpg\"><img loading=\"lazy\" decoding=\"async\" src=\"https:\/\/www.talidesign.eu\/wp\/wp-content\/uploads\/2023\/06\/bb-15.jpg\" alt=\"\" width=\"681\" height=\"253\" class=\"alignnone size-full wp-image-73856\" srcset=\"https:\/\/www.talidesign.eu\/wp\/wp-content\/uploads\/2023\/06\/bb-15.jpg 681w, https:\/\/www.talidesign.eu\/wp\/wp-content\/uploads\/2023\/06\/bb-15-500x186.jpg 500w, https:\/\/www.talidesign.eu\/wp\/wp-content\/uploads\/2023\/06\/bb-15-510x189.jpg 510w\" sizes=\"auto, (max-width: 681px) 100vw, 681px\" \/><\/a><\/p>\n<p><strong>Br\u00e4ndist<\/strong><\/p>\n<p>Beslagsbodenis arendame kvaliteetseid ja skandinaavia disainiga tooteid. Oma tootearendusprotsessi k\u00e4igus p\u00fc\u00fcame pidevalt hoida fookuses nii kvaliteeti kui keskkonda ning seel\u00e4bi edendada j\u00e4tkusuutlikku ja vastutustundlikku arengut. Koos oma tarnijate ja partneritega l\u00e4htume kolmest p\u00f5him\u00f5ttest; Keskkond, kvaliteet ja disain ning inimesed. T\u00f6\u00f6tame muutuvas maailmas, kuid eesm\u00e4rk on alati sama \u2013 t\u00f6\u00f6tada inimeste ja keskkonnaga parema maailma nimel.<\/p>\n<p><a href=\"\/et\/tootekategooria\/brandid\/beslagsboden-et\/\"><img loading=\"lazy\" decoding=\"async\" src=\"https:\/\/www.talidesign.eu\/wp\/wp-content\/uploads\/2023\/06\/bb.jpg\" alt=\"\" width=\"500\" height=\"100\" class=\"alignnone size-medium wp-image-73629\" \/><\/a><\/p>\n","protected":false},"excerpt":{"rendered":"<p><strong>Beslagsboden Du\u0161ilifti riiul Must<\/strong><\/p>\n<p><a href=\"https:\/\/www.talidesign.eu\/wp\/wp-content\/uploads\/2023\/06\/bb2.jpg\"><img loading=\"lazy\" decoding=\"async\" src=\"https:\/\/www.talidesign.eu\/wp\/wp-content\/uploads\/2023\/06\/bb2-414x400.jpg\" alt=\"\" width=\"414\" height=\"400\" class=\"alignnone size-medium wp-image-73858\" srcset=\"https:\/\/www.talidesign.eu\/wp\/wp-content\/uploads\/2023\/06\/bb2-414x400.jpg 414w, https:\/\/www.talidesign.eu\/wp\/wp-content\/uploads\/2023\/06\/bb2-500x483.jpg 500w, https:\/\/www.talidesign.eu\/wp\/wp-content\/uploads\/2023\/06\/bb2-510x493.jpg 510w, https:\/\/www.talidesign.eu\/wp\/wp-content\/uploads\/2023\/06\/bb2.jpg 620w\" sizes=\"auto, (max-width: 414px) 100vw, 414px\" \/><\/a><\/p>\n<p>\u2022 Must roostevaba teras<br \/>\n\u2022 Korv 250 x 120 mm<br \/>\n\u2022 K\u00f5rgus 72 mm.<br \/>\n\u2022 S\u00fcgavus 175 mm.<br \/>\n\u2022 Sobib du\u0161iliftile paksusega 18 \u2013 24 mm.<br \/>\n\u2022 <a href=\"\/et\/tootekategooria\/brandid\/beslagsboden-et\/\">Br\u00e4nd Beslagsboden<\/a><\/p>\n<p><a href=\"https:\/\/www.talidesign.eu\/wp\/wp-content\/uploads\/2023\/06\/bb-15.jpg\"><img loading=\"lazy\" decoding=\"async\" src=\"https:\/\/www.talidesign.eu\/wp\/wp-content\/uploads\/2023\/06\/bb-15.jpg\" alt=\"\" width=\"681\" height=\"253\" class=\"alignnone size-full wp-image-73856\" srcset=\"https:\/\/www.talidesign.eu\/wp\/wp-content\/uploads\/2023\/06\/bb-15.jpg 681w, https:\/\/www.talidesign.eu\/wp\/wp-content\/uploads\/2023\/06\/bb-15-500x186.jpg 500w, https:\/\/www.talidesign.eu\/wp\/wp-content\/uploads\/2023\/06\/bb-15-510x189.jpg 510w\" sizes=\"auto, (max-width: 681px) 100vw, 681px\" \/><\/a><\/p>\n<p><strong>Br\u00e4ndist<\/strong><\/p>\n<p>Beslagsbodenis arendame kvaliteetseid ja skandinaavia disainiga tooteid. Oma tootearendusprotsessi k\u00e4igus p\u00fc\u00fcame pidevalt hoida fookuses nii kvaliteeti kui keskkonda ning seel\u00e4bi edendada j\u00e4tkusuutlikku ja vastutustundlikku arengut. Koos oma tarnijate ja partneritega l\u00e4htume kolmest p\u00f5him\u00f5ttest; Keskkond, kvaliteet ja disain ning inimesed. T\u00f6\u00f6tame muutuvas maailmas, kuid eesm\u00e4rk on alati sama \u2013 t\u00f6\u00f6tada inimeste ja keskkonnaga parema maailma nimel.<\/p>\n<p><a href=\"\/et\/tootekategooria\/brandid\/beslagsboden-et\/\"><img loading=\"lazy\" decoding=\"async\" src=\"https:\/\/www.talidesign.eu\/wp\/wp-content\/uploads\/2023\/06\/bb.jpg\" alt=\"\" width=\"500\" height=\"100\" class=\"alignnone size-medium wp-image-73629\" \/><\/a><\/p>\n","protected":false},"featured_media":73872,"template":"","meta":[],"product_brand":[],"product_cat":[2804,1026,1031,1018,1100],"product_tag":[2808],"class_list":{"0":"post-73866","1":"product","2":"type-product","3":"status-publish","4":"has-post-thumbnail","6":"product_cat-beslagsboden-et","7":"product_cat-brandid","8":"product_cat-hoiustamine","9":"product_cat-kodu","10":"product_cat-vannituba","11":"product_tag-beslagsboden-et","13":"first","14":"outofstock","15":"sale","16":"taxable","17":"shipping-taxable","18":"purchasable","19":"product-type-simple"},"yoast_head":"<!-- This site is optimized with the Yoast SEO plugin v27.3 - https:\/\/yoast.com\/product\/yoast-seo-wordpress\/ -->\n<title>Beslagsboden Du\u0161ilifti riiul Must - TALI Concept Store<\/title>\n<meta name=\"description\" content=\"Beslagsboden Du\u0161ilifti riiul Must - Must roostevaba teras, korv 250 x 120 mm, k\u00f5rgus 72 mm, s\u00fcgavus 175 mm. Sobib du\u0161iliftile paksusega 18-24 mm. Br\u00e4nd Beslagsboden.\" \/>\n<meta name=\"robots\" content=\"index, follow, max-snippet:-1, max-image-preview:large, max-video-preview:-1\" \/>\n<link rel=\"canonical\" href=\"https:\/\/www.talidesign.eu\/et\/pood\/toode\/beslagsboden-dusilifti-riiul-must\/\" \/>\n<meta property=\"og:locale\" content=\"et_EE\" \/>\n<meta property=\"og:type\" content=\"article\" \/>\n<meta property=\"og:title\" content=\"Beslagsboden Du\u0161ilifti riiul Must - TALI Concept Store\" \/>\n<meta property=\"og:description\" content=\"Beslagsboden Du\u0161ilifti riiul Must - Must roostevaba teras, korv 250 x 120 mm, k\u00f5rgus 72 mm, s\u00fcgavus 175 mm. Sobib du\u0161iliftile paksusega 18-24 mm. Br\u00e4nd Beslagsboden.\" \/>\n<meta property=\"og:url\" content=\"https:\/\/www.talidesign.eu\/et\/pood\/toode\/beslagsboden-dusilifti-riiul-must\/\" \/>\n<meta property=\"og:site_name\" content=\"TALI Concept Store\" \/>\n<meta property=\"article:publisher\" content=\"https:\/\/www.facebook.com\/TaliDisain\/\" \/>\n<meta property=\"article:modified_time\" content=\"2024-09-03T03:13:09+00:00\" \/>\n<meta property=\"og:image\" content=\"https:\/\/www.talidesign.eu\/wp\/wp-content\/uploads\/2023\/06\/7fe4b60c20a091f172738d88dfe648ba12ba3b09_BB1090_webb_1500px-21-scaled.jpg\" \/>\n\t<meta property=\"og:image:width\" content=\"2560\" \/>\n\t<meta property=\"og:image:height\" content=\"2560\" \/>\n\t<meta property=\"og:image:type\" content=\"image\/jpeg\" \/>\n<meta name=\"twitter:card\" content=\"summary_large_image\" \/>\n<meta name=\"twitter:label1\" content=\"Est. reading time\" \/>\n\t<meta name=\"twitter:data1\" content=\"1 minute\" \/>\n<script type=\"application\/ld+json\" class=\"yoast-schema-graph\">{\"@context\":\"https:\\\/\\\/schema.org\",\"@graph\":[{\"@type\":\"WebPage\",\"@id\":\"https:\\\/\\\/www.talidesign.eu\\\/et\\\/pood\\\/toode\\\/beslagsboden-dusilifti-riiul-must\\\/\",\"url\":\"https:\\\/\\\/www.talidesign.eu\\\/et\\\/pood\\\/toode\\\/beslagsboden-dusilifti-riiul-must\\\/\",\"name\":\"Beslagsboden Du\u0161ilifti riiul Must - TALI Concept Store\",\"isPartOf\":{\"@id\":\"https:\\\/\\\/www.talidesign.eu\\\/et\\\/#website\"},\"primaryImageOfPage\":{\"@id\":\"https:\\\/\\\/www.talidesign.eu\\\/et\\\/pood\\\/toode\\\/beslagsboden-dusilifti-riiul-must\\\/#primaryimage\"},\"image\":{\"@id\":\"https:\\\/\\\/www.talidesign.eu\\\/et\\\/pood\\\/toode\\\/beslagsboden-dusilifti-riiul-must\\\/#primaryimage\"},\"thumbnailUrl\":\"https:\\\/\\\/www.talidesign.eu\\\/wp\\\/wp-content\\\/uploads\\\/2023\\\/06\\\/7fe4b60c20a091f172738d88dfe648ba12ba3b09_BB1090_webb_1500px-21-scaled.jpg\",\"datePublished\":\"2023-06-18T07:03:12+00:00\",\"dateModified\":\"2024-09-03T03:13:09+00:00\",\"description\":\"Beslagsboden Du\u0161ilifti riiul Must - Must roostevaba teras, korv 250 x 120 mm, k\u00f5rgus 72 mm, s\u00fcgavus 175 mm. Sobib du\u0161iliftile paksusega 18-24 mm. Br\u00e4nd Beslagsboden.\",\"breadcrumb\":{\"@id\":\"https:\\\/\\\/www.talidesign.eu\\\/et\\\/pood\\\/toode\\\/beslagsboden-dusilifti-riiul-must\\\/#breadcrumb\"},\"inLanguage\":\"et\",\"potentialAction\":[{\"@type\":\"ReadAction\",\"target\":[\"https:\\\/\\\/www.talidesign.eu\\\/et\\\/pood\\\/toode\\\/beslagsboden-dusilifti-riiul-must\\\/\"]}]},{\"@type\":\"ImageObject\",\"inLanguage\":\"et\",\"@id\":\"https:\\\/\\\/www.talidesign.eu\\\/et\\\/pood\\\/toode\\\/beslagsboden-dusilifti-riiul-must\\\/#primaryimage\",\"url\":\"https:\\\/\\\/www.talidesign.eu\\\/wp\\\/wp-content\\\/uploads\\\/2023\\\/06\\\/7fe4b60c20a091f172738d88dfe648ba12ba3b09_BB1090_webb_1500px-21-scaled.jpg\",\"contentUrl\":\"https:\\\/\\\/www.talidesign.eu\\\/wp\\\/wp-content\\\/uploads\\\/2023\\\/06\\\/7fe4b60c20a091f172738d88dfe648ba12ba3b09_BB1090_webb_1500px-21-scaled.jpg\",\"width\":2560,\"height\":2560},{\"@type\":\"BreadcrumbList\",\"@id\":\"https:\\\/\\\/www.talidesign.eu\\\/et\\\/pood\\\/toode\\\/beslagsboden-dusilifti-riiul-must\\\/#breadcrumb\",\"itemListElement\":[{\"@type\":\"ListItem\",\"position\":1,\"name\":\"Avaleht\",\"item\":\"https:\\\/\\\/www.talidesign.eu\\\/et\\\/\"},{\"@type\":\"ListItem\",\"position\":2,\"name\":\"Pood\",\"item\":\"https:\\\/\\\/www.talidesign.eu\\\/et\\\/pood\\\/\"},{\"@type\":\"ListItem\",\"position\":3,\"name\":\"Beslagsboden Du\u0161ilifti riiul Must\"}]},{\"@type\":\"WebSite\",\"@id\":\"https:\\\/\\\/www.talidesign.eu\\\/et\\\/#website\",\"url\":\"https:\\\/\\\/www.talidesign.eu\\\/et\\\/\",\"name\":\"TALI Concept Store\",\"description\":\"Suurim Disainipood Eestis\",\"potentialAction\":[{\"@type\":\"SearchAction\",\"target\":{\"@type\":\"EntryPoint\",\"urlTemplate\":\"https:\\\/\\\/www.talidesign.eu\\\/et\\\/?s={search_term_string}\"},\"query-input\":{\"@type\":\"PropertyValueSpecification\",\"valueRequired\":true,\"valueName\":\"search_term_string\"}}],\"inLanguage\":\"et\"}]}<\/script>\n<!-- \/ Yoast SEO plugin. -->","yoast_head_json":{"title":"Beslagsboden Du\u0161ilifti riiul Must - TALI Concept Store","description":"Beslagsboden Du\u0161ilifti riiul Must - Must roostevaba teras, korv 250 x 120 mm, k\u00f5rgus 72 mm, s\u00fcgavus 175 mm. Sobib du\u0161iliftile paksusega 18-24 mm. Br\u00e4nd Beslagsboden.","robots":{"index":"index","follow":"follow","max-snippet":"max-snippet:-1","max-image-preview":"max-image-preview:large","max-video-preview":"max-video-preview:-1"},"canonical":"https:\/\/www.talidesign.eu\/et\/pood\/toode\/beslagsboden-dusilifti-riiul-must\/","og_locale":"et_EE","og_type":"article","og_title":"Beslagsboden Du\u0161ilifti riiul Must - TALI Concept Store","og_description":"Beslagsboden Du\u0161ilifti riiul Must - Must roostevaba teras, korv 250 x 120 mm, k\u00f5rgus 72 mm, s\u00fcgavus 175 mm. Sobib du\u0161iliftile paksusega 18-24 mm. Br\u00e4nd Beslagsboden.","og_url":"https:\/\/www.talidesign.eu\/et\/pood\/toode\/beslagsboden-dusilifti-riiul-must\/","og_site_name":"TALI Concept Store","article_publisher":"https:\/\/www.facebook.com\/TaliDisain\/","article_modified_time":"2024-09-03T03:13:09+00:00","og_image":[{"width":2560,"height":2560,"url":"https:\/\/www.talidesign.eu\/wp\/wp-content\/uploads\/2023\/06\/7fe4b60c20a091f172738d88dfe648ba12ba3b09_BB1090_webb_1500px-21-scaled.jpg","type":"image\/jpeg"}],"twitter_card":"summary_large_image","twitter_misc":{"Est. reading time":"1 minute"},"schema":{"@context":"https:\/\/schema.org","@graph":[{"@type":"WebPage","@id":"https:\/\/www.talidesign.eu\/et\/pood\/toode\/beslagsboden-dusilifti-riiul-must\/","url":"https:\/\/www.talidesign.eu\/et\/pood\/toode\/beslagsboden-dusilifti-riiul-must\/","name":"Beslagsboden Du\u0161ilifti riiul Must - TALI Concept Store","isPartOf":{"@id":"https:\/\/www.talidesign.eu\/et\/#website"},"primaryImageOfPage":{"@id":"https:\/\/www.talidesign.eu\/et\/pood\/toode\/beslagsboden-dusilifti-riiul-must\/#primaryimage"},"image":{"@id":"https:\/\/www.talidesign.eu\/et\/pood\/toode\/beslagsboden-dusilifti-riiul-must\/#primaryimage"},"thumbnailUrl":"https:\/\/www.talidesign.eu\/wp\/wp-content\/uploads\/2023\/06\/7fe4b60c20a091f172738d88dfe648ba12ba3b09_BB1090_webb_1500px-21-scaled.jpg","datePublished":"2023-06-18T07:03:12+00:00","dateModified":"2024-09-03T03:13:09+00:00","description":"Beslagsboden Du\u0161ilifti riiul Must - Must roostevaba teras, korv 250 x 120 mm, k\u00f5rgus 72 mm, s\u00fcgavus 175 mm. Sobib du\u0161iliftile paksusega 18-24 mm. Br\u00e4nd Beslagsboden.","breadcrumb":{"@id":"https:\/\/www.talidesign.eu\/et\/pood\/toode\/beslagsboden-dusilifti-riiul-must\/#breadcrumb"},"inLanguage":"et","potentialAction":[{"@type":"ReadAction","target":["https:\/\/www.talidesign.eu\/et\/pood\/toode\/beslagsboden-dusilifti-riiul-must\/"]}]},{"@type":"ImageObject","inLanguage":"et","@id":"https:\/\/www.talidesign.eu\/et\/pood\/toode\/beslagsboden-dusilifti-riiul-must\/#primaryimage","url":"https:\/\/www.talidesign.eu\/wp\/wp-content\/uploads\/2023\/06\/7fe4b60c20a091f172738d88dfe648ba12ba3b09_BB1090_webb_1500px-21-scaled.jpg","contentUrl":"https:\/\/www.talidesign.eu\/wp\/wp-content\/uploads\/2023\/06\/7fe4b60c20a091f172738d88dfe648ba12ba3b09_BB1090_webb_1500px-21-scaled.jpg","width":2560,"height":2560},{"@type":"BreadcrumbList","@id":"https:\/\/www.talidesign.eu\/et\/pood\/toode\/beslagsboden-dusilifti-riiul-must\/#breadcrumb","itemListElement":[{"@type":"ListItem","position":1,"name":"Avaleht","item":"https:\/\/www.talidesign.eu\/et\/"},{"@type":"ListItem","position":2,"name":"Pood","item":"https:\/\/www.talidesign.eu\/et\/pood\/"},{"@type":"ListItem","position":3,"name":"Beslagsboden Du\u0161ilifti riiul Must"}]},{"@type":"WebSite","@id":"https:\/\/www.talidesign.eu\/et\/#website","url":"https:\/\/www.talidesign.eu\/et\/","name":"TALI Concept Store","description":"Suurim Disainipood Eestis","potentialAction":[{"@type":"SearchAction","target":{"@type":"EntryPoint","urlTemplate":"https:\/\/www.talidesign.eu\/et\/?s={search_term_string}"},"query-input":{"@type":"PropertyValueSpecification","valueRequired":true,"valueName":"search_term_string"}}],"inLanguage":"et"}]}},"_links":{"self":[{"href":"https:\/\/www.talidesign.eu\/et\/wp-json\/wp\/v2\/product\/73866","targetHints":{"allow":["GET"]}}],"collection":[{"href":"https:\/\/www.talidesign.eu\/et\/wp-json\/wp\/v2\/product"}],"about":[{"href":"https:\/\/www.talidesign.eu\/et\/wp-json\/wp\/v2\/types\/product"}],"wp:featuredmedia":[{"embeddable":true,"href":"https:\/\/www.talidesign.eu\/et\/wp-json\/wp\/v2\/media\/73872"}],"wp:attachment":[{"href":"https:\/\/www.talidesign.eu\/et\/wp-json\/wp\/v2\/media?parent=73866"}],"wp:term":[{"taxonomy":"product_brand","embeddable":true,"href":"https:\/\/www.talidesign.eu\/et\/wp-json\/wp\/v2\/product_brand?post=73866"},{"taxonomy":"product_cat","embeddable":true,"href":"https:\/\/www.talidesign.eu\/et\/wp-json\/wp\/v2\/product_cat?post=73866"},{"taxonomy":"product_tag","embeddable":true,"href":"https:\/\/www.talidesign.eu\/et\/wp-json\/wp\/v2\/product_tag?post=73866"}],"curies":[{"name":"wp","href":"https:\/\/api.w.org\/{rel}","templated":true}]}}