{"id":76908,"date":"2023-08-16T14:57:11","date_gmt":"2023-08-16T11:57:11","guid":{"rendered":"https:\/\/www.talidesign.eu\/?post_type=product&#038;p=76908"},"modified":"2023-10-31T16:11:58","modified_gmt":"2023-10-31T14:11:58","slug":"zone-ori-kuumaalus-khaki-flake","status":"publish","type":"product","link":"https:\/\/www.talidesign.eu\/et\/pood\/toode\/zone-ori-kuumaalus-khaki-flake\/","title":{"rendered":"Zone Ori kuumaalus Khaki Flake"},"content":{"rendered":"<p><strong>Ori kuumaalus Khaki Flake<\/strong><\/p>\n<p>Zone Denmarki silikoonist kuusnurkne kuumaalus on saanud nimeks Ori, mis t\u00e4hendab voltimist. Volditud muster m\u00e4ngib valguse ja varjuga ning kaunistab laua stiilselt, men\u00fc\u00fclt liigselt t\u00e4helepanu t\u00f5mbamata.<br \/>\nDekoratiivsed alused lisavad laua katmisele uue ja loomingulise m\u00f5\u00f5tme, pannes peaaegu unustama nende esmase eesm\u00e4rgi.<\/p>\n<p>\u2022 Khaki Flake<br \/>\n\u2022 Pikkus: 16 cm<br \/>\n\u2022 Laius: 14cm<br \/>\n\u2022 K\u00f5rgus: 0.8cm<br \/>\n\u2022 Silikoon<br \/>\n\u2022 <a href=\"\/et\/tootekategooria\/brandid\/zone-denmark-et\/\">Br\u00e4nd Zone Denmark<\/a><\/p>\n<p>Asetage need dekoratiivsetesse mustritesse kogu laua ulatuses v\u00f5i pange kuumaalused ringikujuliselt lauale, et saata kuumad n\u00f5ud ringi k\u00e4ima aluseid liigutamata. Kuumaalused on valmistatud kuumakindlast n\u00f5udepesumasinas pestavast silikoonist, et neid oleks lihtne puhastada.<\/p>\n<p><strong>Tutvu disaineritega!<\/strong><\/p>\n<p>Ori kuumaalused on disaininud Taani disainib\u00fcroo VE2 kolmik Tilde Nygaard, Hugo Dines Schmidt ja Morten Lauritzen. Nende loodud lahendused on funktsionaalsed, esteetilised ja vastupidavad ning alati lihtsalt kombineeritavad teiste toodetega.<\/p>\n<p><a href=\"https:\/\/www.talidesign.eu\/wp\/wp-content\/uploads\/2021\/03\/2-1.jpg\"><img loading=\"lazy\" decoding=\"async\" src=\"https:\/\/www.talidesign.eu\/wp\/wp-content\/uploads\/2021\/03\/2-1.jpg\" alt=\"\" width=\"1278\" height=\"753\" class=\"alignnone size-full wp-image-22767\" srcset=\"https:\/\/www.talidesign.eu\/wp\/wp-content\/uploads\/2021\/03\/2-1.jpg 1278w, https:\/\/www.talidesign.eu\/wp\/wp-content\/uploads\/2021\/03\/2-1-679x400.jpg 679w, https:\/\/www.talidesign.eu\/wp\/wp-content\/uploads\/2021\/03\/2-1-768x453.jpg 768w, https:\/\/www.talidesign.eu\/wp\/wp-content\/uploads\/2021\/03\/2-1-500x295.jpg 500w, https:\/\/www.talidesign.eu\/wp\/wp-content\/uploads\/2021\/03\/2-1-510x300.jpg 510w\" sizes=\"auto, (max-width: 1278px) 100vw, 1278px\" \/><\/a><a href=\"\/product-category\/designers\/zone-denmark\/\"><img loading=\"lazy\" decoding=\"async\" src=\"https:\/\/www.talidesign.eu\/wp\/wp-content\/uploads\/2021\/03\/logo-6.jpg\" alt=\"\" width=\"500\" height=\"100\" class=\"alignnone size-full wp-image-24694\" \/><\/a><\/p>\n","protected":false},"excerpt":{"rendered":"<p><strong>Ori kuumaalus Khaki Flake<\/strong><\/p>\n<p>Zone Denmarki silikoonist kuusnurkne kuumaalus on saanud nimeks Ori, mis t\u00e4hendab voltimist. Volditud muster m\u00e4ngib valguse ja varjuga ning kaunistab laua stiilselt, men\u00fc\u00fclt liigselt t\u00e4helepanu t\u00f5mbamata.<br \/>\nDekoratiivsed alused lisavad laua katmisele uue ja loomingulise m\u00f5\u00f5tme, pannes peaaegu unustama nende esmase eesm\u00e4rgi.<\/p>\n<p>\u2022 Khaki Flake<br \/>\n\u2022 Pikkus: 16 cm<br \/>\n\u2022 Laius: 14cm<br \/>\n\u2022 K\u00f5rgus: 0.8cm<br \/>\n\u2022 Silikoon<br \/>\n\u2022 <a href=\"\/et\/tootekategooria\/brandid\/zone-denmark-et\/\">Br\u00e4nd Zone Denmark<\/a><\/p>\n<p>Asetage need dekoratiivsetesse mustritesse kogu laua ulatuses v\u00f5i pange kuumaalused ringikujuliselt lauale, et saata kuumad n\u00f5ud ringi k\u00e4ima aluseid liigutamata. Kuumaalused on valmistatud kuumakindlast n\u00f5udepesumasinas pestavast silikoonist, et neid oleks lihtne puhastada.<\/p>\n<p><strong>Tutvu disaineritega!<\/strong><\/p>\n<p>Ori kuumaalused on disaininud Taani disainib\u00fcroo VE2 kolmik Tilde Nygaard, Hugo Dines Schmidt ja Morten Lauritzen. Nende loodud lahendused on funktsionaalsed, esteetilised ja vastupidavad ning alati lihtsalt kombineeritavad teiste toodetega.<\/p>\n<p><a href=\"https:\/\/www.talidesign.eu\/wp\/wp-content\/uploads\/2021\/03\/2-1.jpg\"><img loading=\"lazy\" decoding=\"async\" src=\"https:\/\/www.talidesign.eu\/wp\/wp-content\/uploads\/2021\/03\/2-1.jpg\" alt=\"\" width=\"1278\" height=\"753\" class=\"alignnone size-full wp-image-22767\" srcset=\"https:\/\/www.talidesign.eu\/wp\/wp-content\/uploads\/2021\/03\/2-1.jpg 1278w, https:\/\/www.talidesign.eu\/wp\/wp-content\/uploads\/2021\/03\/2-1-679x400.jpg 679w, https:\/\/www.talidesign.eu\/wp\/wp-content\/uploads\/2021\/03\/2-1-768x453.jpg 768w, https:\/\/www.talidesign.eu\/wp\/wp-content\/uploads\/2021\/03\/2-1-500x295.jpg 500w, https:\/\/www.talidesign.eu\/wp\/wp-content\/uploads\/2021\/03\/2-1-510x300.jpg 510w\" sizes=\"auto, (max-width: 1278px) 100vw, 1278px\" \/><\/a><a href=\"\/product-category\/designers\/zone-denmark\/\"><img loading=\"lazy\" decoding=\"async\" src=\"https:\/\/www.talidesign.eu\/wp\/wp-content\/uploads\/2021\/03\/logo-6.jpg\" alt=\"\" width=\"500\" height=\"100\" class=\"alignnone size-full wp-image-24694\" \/><\/a><\/p>\n","protected":false},"featured_media":76910,"template":"","meta":[],"product_brand":[],"product_cat":[1026,1018,1030,1095],"product_tag":[1183],"class_list":{"0":"post-76908","1":"product","2":"type-product","3":"status-publish","4":"has-post-thumbnail","6":"product_cat-brandid","7":"product_cat-kodu","8":"product_cat-kook","9":"product_cat-zone-denmark-et","10":"product_tag-zone-trivet-et","12":"first","13":"outofstock","14":"taxable","15":"shipping-taxable","16":"purchasable","17":"product-type-simple"},"yoast_head":"<!-- This site is optimized with the Yoast SEO plugin v27.3 - https:\/\/yoast.com\/product\/yoast-seo-wordpress\/ -->\n<title>Zone Ori kuumaalus Khaki Flake - TALI Concept Store<\/title>\n<meta name=\"description\" content=\"Avasta Zone Denmarki Ori kuumaalus Khaki Flake, mis lisab lauale uue ja loomingulise m\u00f5\u00f5tme. Tutvu disaineritega ja loo stiilne lauakatmine.\" \/>\n<meta name=\"robots\" content=\"index, follow, max-snippet:-1, max-image-preview:large, max-video-preview:-1\" \/>\n<link rel=\"canonical\" href=\"https:\/\/www.talidesign.eu\/et\/pood\/toode\/zone-ori-kuumaalus-khaki-flake\/\" \/>\n<meta property=\"og:locale\" content=\"et_EE\" \/>\n<meta property=\"og:type\" content=\"article\" \/>\n<meta property=\"og:title\" content=\"Zone Ori kuumaalus Khaki Flake - TALI Concept Store\" \/>\n<meta property=\"og:description\" content=\"Avasta Zone Denmarki Ori kuumaalus Khaki Flake, mis lisab lauale uue ja loomingulise m\u00f5\u00f5tme. Tutvu disaineritega ja loo stiilne lauakatmine.\" \/>\n<meta property=\"og:url\" content=\"https:\/\/www.talidesign.eu\/et\/pood\/toode\/zone-ori-kuumaalus-khaki-flake\/\" \/>\n<meta property=\"og:site_name\" content=\"TALI Concept Store\" \/>\n<meta property=\"article:publisher\" content=\"https:\/\/www.facebook.com\/TaliDisain\/\" \/>\n<meta property=\"article:modified_time\" content=\"2023-10-31T14:11:58+00:00\" \/>\n<meta property=\"og:image\" content=\"https:\/\/www.talidesign.eu\/wp\/wp-content\/uploads\/2023\/08\/zone-ori-trivet-khaki-flake.jpg\" \/>\n\t<meta property=\"og:image:width\" content=\"768\" \/>\n\t<meta property=\"og:image:height\" content=\"768\" \/>\n\t<meta property=\"og:image:type\" content=\"image\/jpeg\" \/>\n<meta name=\"twitter:card\" content=\"summary_large_image\" \/>\n<meta name=\"twitter:label1\" content=\"Est. reading time\" \/>\n\t<meta name=\"twitter:data1\" content=\"1 minute\" \/>\n<script type=\"application\/ld+json\" class=\"yoast-schema-graph\">{\"@context\":\"https:\\\/\\\/schema.org\",\"@graph\":[{\"@type\":\"WebPage\",\"@id\":\"https:\\\/\\\/www.talidesign.eu\\\/et\\\/pood\\\/toode\\\/zone-ori-kuumaalus-khaki-flake\\\/\",\"url\":\"https:\\\/\\\/www.talidesign.eu\\\/et\\\/pood\\\/toode\\\/zone-ori-kuumaalus-khaki-flake\\\/\",\"name\":\"Zone Ori kuumaalus Khaki Flake - TALI Concept Store\",\"isPartOf\":{\"@id\":\"https:\\\/\\\/www.talidesign.eu\\\/et\\\/#website\"},\"primaryImageOfPage\":{\"@id\":\"https:\\\/\\\/www.talidesign.eu\\\/et\\\/pood\\\/toode\\\/zone-ori-kuumaalus-khaki-flake\\\/#primaryimage\"},\"image\":{\"@id\":\"https:\\\/\\\/www.talidesign.eu\\\/et\\\/pood\\\/toode\\\/zone-ori-kuumaalus-khaki-flake\\\/#primaryimage\"},\"thumbnailUrl\":\"https:\\\/\\\/www.talidesign.eu\\\/wp\\\/wp-content\\\/uploads\\\/2023\\\/08\\\/zone-ori-trivet-khaki-flake.jpg\",\"datePublished\":\"2023-08-16T11:57:11+00:00\",\"dateModified\":\"2023-10-31T14:11:58+00:00\",\"description\":\"Avasta Zone Denmarki Ori kuumaalus Khaki Flake, mis lisab lauale uue ja loomingulise m\u00f5\u00f5tme. Tutvu disaineritega ja loo stiilne lauakatmine.\",\"breadcrumb\":{\"@id\":\"https:\\\/\\\/www.talidesign.eu\\\/et\\\/pood\\\/toode\\\/zone-ori-kuumaalus-khaki-flake\\\/#breadcrumb\"},\"inLanguage\":\"et\",\"potentialAction\":[{\"@type\":\"ReadAction\",\"target\":[\"https:\\\/\\\/www.talidesign.eu\\\/et\\\/pood\\\/toode\\\/zone-ori-kuumaalus-khaki-flake\\\/\"]}]},{\"@type\":\"ImageObject\",\"inLanguage\":\"et\",\"@id\":\"https:\\\/\\\/www.talidesign.eu\\\/et\\\/pood\\\/toode\\\/zone-ori-kuumaalus-khaki-flake\\\/#primaryimage\",\"url\":\"https:\\\/\\\/www.talidesign.eu\\\/wp\\\/wp-content\\\/uploads\\\/2023\\\/08\\\/zone-ori-trivet-khaki-flake.jpg\",\"contentUrl\":\"https:\\\/\\\/www.talidesign.eu\\\/wp\\\/wp-content\\\/uploads\\\/2023\\\/08\\\/zone-ori-trivet-khaki-flake.jpg\",\"width\":768,\"height\":768},{\"@type\":\"BreadcrumbList\",\"@id\":\"https:\\\/\\\/www.talidesign.eu\\\/et\\\/pood\\\/toode\\\/zone-ori-kuumaalus-khaki-flake\\\/#breadcrumb\",\"itemListElement\":[{\"@type\":\"ListItem\",\"position\":1,\"name\":\"Avaleht\",\"item\":\"https:\\\/\\\/www.talidesign.eu\\\/et\\\/\"},{\"@type\":\"ListItem\",\"position\":2,\"name\":\"Pood\",\"item\":\"https:\\\/\\\/www.talidesign.eu\\\/et\\\/pood\\\/\"},{\"@type\":\"ListItem\",\"position\":3,\"name\":\"Zone Ori kuumaalus Khaki Flake\"}]},{\"@type\":\"WebSite\",\"@id\":\"https:\\\/\\\/www.talidesign.eu\\\/et\\\/#website\",\"url\":\"https:\\\/\\\/www.talidesign.eu\\\/et\\\/\",\"name\":\"TALI Concept Store\",\"description\":\"Suurim Disainipood Eestis\",\"potentialAction\":[{\"@type\":\"SearchAction\",\"target\":{\"@type\":\"EntryPoint\",\"urlTemplate\":\"https:\\\/\\\/www.talidesign.eu\\\/et\\\/?s={search_term_string}\"},\"query-input\":{\"@type\":\"PropertyValueSpecification\",\"valueRequired\":true,\"valueName\":\"search_term_string\"}}],\"inLanguage\":\"et\"}]}<\/script>\n<!-- \/ Yoast SEO plugin. -->","yoast_head_json":{"title":"Zone Ori kuumaalus Khaki Flake - TALI Concept Store","description":"Avasta Zone Denmarki Ori kuumaalus Khaki Flake, mis lisab lauale uue ja loomingulise m\u00f5\u00f5tme. Tutvu disaineritega ja loo stiilne lauakatmine.","robots":{"index":"index","follow":"follow","max-snippet":"max-snippet:-1","max-image-preview":"max-image-preview:large","max-video-preview":"max-video-preview:-1"},"canonical":"https:\/\/www.talidesign.eu\/et\/pood\/toode\/zone-ori-kuumaalus-khaki-flake\/","og_locale":"et_EE","og_type":"article","og_title":"Zone Ori kuumaalus Khaki Flake - TALI Concept Store","og_description":"Avasta Zone Denmarki Ori kuumaalus Khaki Flake, mis lisab lauale uue ja loomingulise m\u00f5\u00f5tme. Tutvu disaineritega ja loo stiilne lauakatmine.","og_url":"https:\/\/www.talidesign.eu\/et\/pood\/toode\/zone-ori-kuumaalus-khaki-flake\/","og_site_name":"TALI Concept Store","article_publisher":"https:\/\/www.facebook.com\/TaliDisain\/","article_modified_time":"2023-10-31T14:11:58+00:00","og_image":[{"width":768,"height":768,"url":"https:\/\/www.talidesign.eu\/wp\/wp-content\/uploads\/2023\/08\/zone-ori-trivet-khaki-flake.jpg","type":"image\/jpeg"}],"twitter_card":"summary_large_image","twitter_misc":{"Est. reading time":"1 minute"},"schema":{"@context":"https:\/\/schema.org","@graph":[{"@type":"WebPage","@id":"https:\/\/www.talidesign.eu\/et\/pood\/toode\/zone-ori-kuumaalus-khaki-flake\/","url":"https:\/\/www.talidesign.eu\/et\/pood\/toode\/zone-ori-kuumaalus-khaki-flake\/","name":"Zone Ori kuumaalus Khaki Flake - TALI Concept Store","isPartOf":{"@id":"https:\/\/www.talidesign.eu\/et\/#website"},"primaryImageOfPage":{"@id":"https:\/\/www.talidesign.eu\/et\/pood\/toode\/zone-ori-kuumaalus-khaki-flake\/#primaryimage"},"image":{"@id":"https:\/\/www.talidesign.eu\/et\/pood\/toode\/zone-ori-kuumaalus-khaki-flake\/#primaryimage"},"thumbnailUrl":"https:\/\/www.talidesign.eu\/wp\/wp-content\/uploads\/2023\/08\/zone-ori-trivet-khaki-flake.jpg","datePublished":"2023-08-16T11:57:11+00:00","dateModified":"2023-10-31T14:11:58+00:00","description":"Avasta Zone Denmarki Ori kuumaalus Khaki Flake, mis lisab lauale uue ja loomingulise m\u00f5\u00f5tme. Tutvu disaineritega ja loo stiilne lauakatmine.","breadcrumb":{"@id":"https:\/\/www.talidesign.eu\/et\/pood\/toode\/zone-ori-kuumaalus-khaki-flake\/#breadcrumb"},"inLanguage":"et","potentialAction":[{"@type":"ReadAction","target":["https:\/\/www.talidesign.eu\/et\/pood\/toode\/zone-ori-kuumaalus-khaki-flake\/"]}]},{"@type":"ImageObject","inLanguage":"et","@id":"https:\/\/www.talidesign.eu\/et\/pood\/toode\/zone-ori-kuumaalus-khaki-flake\/#primaryimage","url":"https:\/\/www.talidesign.eu\/wp\/wp-content\/uploads\/2023\/08\/zone-ori-trivet-khaki-flake.jpg","contentUrl":"https:\/\/www.talidesign.eu\/wp\/wp-content\/uploads\/2023\/08\/zone-ori-trivet-khaki-flake.jpg","width":768,"height":768},{"@type":"BreadcrumbList","@id":"https:\/\/www.talidesign.eu\/et\/pood\/toode\/zone-ori-kuumaalus-khaki-flake\/#breadcrumb","itemListElement":[{"@type":"ListItem","position":1,"name":"Avaleht","item":"https:\/\/www.talidesign.eu\/et\/"},{"@type":"ListItem","position":2,"name":"Pood","item":"https:\/\/www.talidesign.eu\/et\/pood\/"},{"@type":"ListItem","position":3,"name":"Zone Ori kuumaalus Khaki Flake"}]},{"@type":"WebSite","@id":"https:\/\/www.talidesign.eu\/et\/#website","url":"https:\/\/www.talidesign.eu\/et\/","name":"TALI Concept Store","description":"Suurim Disainipood Eestis","potentialAction":[{"@type":"SearchAction","target":{"@type":"EntryPoint","urlTemplate":"https:\/\/www.talidesign.eu\/et\/?s={search_term_string}"},"query-input":{"@type":"PropertyValueSpecification","valueRequired":true,"valueName":"search_term_string"}}],"inLanguage":"et"}]}},"_links":{"self":[{"href":"https:\/\/www.talidesign.eu\/et\/wp-json\/wp\/v2\/product\/76908","targetHints":{"allow":["GET"]}}],"collection":[{"href":"https:\/\/www.talidesign.eu\/et\/wp-json\/wp\/v2\/product"}],"about":[{"href":"https:\/\/www.talidesign.eu\/et\/wp-json\/wp\/v2\/types\/product"}],"wp:featuredmedia":[{"embeddable":true,"href":"https:\/\/www.talidesign.eu\/et\/wp-json\/wp\/v2\/media\/76910"}],"wp:attachment":[{"href":"https:\/\/www.talidesign.eu\/et\/wp-json\/wp\/v2\/media?parent=76908"}],"wp:term":[{"taxonomy":"product_brand","embeddable":true,"href":"https:\/\/www.talidesign.eu\/et\/wp-json\/wp\/v2\/product_brand?post=76908"},{"taxonomy":"product_cat","embeddable":true,"href":"https:\/\/www.talidesign.eu\/et\/wp-json\/wp\/v2\/product_cat?post=76908"},{"taxonomy":"product_tag","embeddable":true,"href":"https:\/\/www.talidesign.eu\/et\/wp-json\/wp\/v2\/product_tag?post=76908"}],"curies":[{"name":"wp","href":"https:\/\/api.w.org\/{rel}","templated":true}]}}