{"id":77361,"date":"2023-08-30T19:02:51","date_gmt":"2023-08-30T16:02:51","guid":{"rendered":"https:\/\/www.talidesign.eu\/?post_type=product&#038;p=77361"},"modified":"2023-11-22T15:53:46","modified_gmt":"2023-11-22T13:53:46","slug":"rains-tote-micro-laser","status":"publish","type":"product","link":"https:\/\/www.talidesign.eu\/et\/pood\/toode\/rains-tote-micro-laser\/","title":{"rendered":"Rains Tote Micro Laser"},"content":{"rendered":"<p><strong>Tote Micro Laser<\/strong><\/p>\n<p>Rains Tote Bag Micro on meeste ja naiste veekindel kott, mis sobib ideaalselt igap\u00e4evaseks kandmiseks. <\/p>\n<p>Kotil on \u00fcks p\u00f5hisahtel ning palju erinevaid kandmisv\u00f5imalusi t\u00e4nu pikale eemaldatavale \u00f5larihmale ja kanderihmadele. Kanderihmadel on kinnitusr\u00f5ngad v\u00e4ikeste esemete (nt v\u00f5tmed) jaoks. <\/p>\n<p>Tote kott on valmistatud Rainsi signatuur veekindlast ja vastupidavast materjalist.<\/p>\n<p>\u2022 <a href=\"\/et\/tootekategooria\/brandid\/rains-et\/\">Br\u00e4nd Rains<\/a><br \/>\n\u2022 Materjal: 100% pol\u00fcuretaankattega pol\u00fcester<br \/>\n\u2022 Veekindlusaste: W3 \u2013 veekindel kaitse kerge vihma eest<br \/>\n\u2022 Veepidavus: 8000mm<br \/>\n\u2022 M\u00f5\u00f5dud: K28 x L36 x S8cm \/ K11 x L14,2 x S3,1 tolli<br \/>\n\u2022 Maht: 8,1 liitrit \/ 2,1 gallonit<br \/>\n\u2022 Kaetud t\u00f5mblukk<br \/>\n\u2022 \u00dcks p\u00f5hisahtel<br \/>\n\u2022 Pikad kande-\/\u00f5larihmad koos kinnitusr\u00f5ngaga<br \/>\n\u2022 Eemaldatav \u00f5larihm<\/p>\n<p>&nbsp;<br \/>\n<strong>Rains<\/strong> on k\u00f5rgekvaliteetne Taani moebr\u00e4nd, mis on keskendunud oma toodangus just p\u00f5hjamaisele k\u00fclmale ja vihmasele kliimale. K\u00f5ik tooted on valmistatud 100% vegan, veekindlast ja kauakestvast materjalist. Rains vihmajoped, talvejoped ja seljakotid on \u00fcldjuhul unisex ja sobivad kandmiseks nii meestele kui naistele. Rainsi esteetikas on p\u00fcsivaks alatooniks skandinaavialik lihtsus ja minimalism.<br \/>\n<a href=\"\/et\/tootekategooria\/brandid\/rains-et\/\"><img loading=\"lazy\" decoding=\"async\" src=\"https:\/\/www.talidesign.eu\/wp\/wp-content\/uploads\/2021\/02\/logo-3.jpg\" alt=\"\" width=\"500\" height=\"100\" class=\"alignnone size-full wp-image-24515\" \/><\/a><\/p>\n","protected":false},"excerpt":{"rendered":"<p><strong>Tote Micro Laser<\/strong><\/p>\n<p>Rains Tote Bag Micro on meeste ja naiste veekindel kott, mis sobib ideaalselt igap\u00e4evaseks kandmiseks. <\/p>\n<p>Kotil on \u00fcks p\u00f5hisahtel ning palju erinevaid kandmisv\u00f5imalusi t\u00e4nu pikale eemaldatavale \u00f5larihmale ja kanderihmadele. Kanderihmadel on kinnitusr\u00f5ngad v\u00e4ikeste esemete (nt v\u00f5tmed) jaoks. <\/p>\n<p>Tote kott on valmistatud Rainsi signatuur veekindlast ja vastupidavast materjalist.<\/p>\n<p>\u2022 <a href=\"\/et\/tootekategooria\/brandid\/rains-et\/\">Br\u00e4nd Rains<\/a><br \/>\n\u2022 Materjal: 100% pol\u00fcuretaankattega pol\u00fcester<br \/>\n\u2022 Veekindlusaste: W3 \u2013 veekindel kaitse kerge vihma eest<br \/>\n\u2022 Veepidavus: 8000mm<br \/>\n\u2022 M\u00f5\u00f5dud: K28 x L36 x S8cm \/ K11 x L14,2 x S3,1 tolli<br \/>\n\u2022 Maht: 8,1 liitrit \/ 2,1 gallonit<br \/>\n\u2022 Kaetud t\u00f5mblukk<br \/>\n\u2022 \u00dcks p\u00f5hisahtel<br \/>\n\u2022 Pikad kande-\/\u00f5larihmad koos kinnitusr\u00f5ngaga<br \/>\n\u2022 Eemaldatav \u00f5larihm<\/p>\n<p>&nbsp;<br \/>\n<strong>Rains<\/strong> on k\u00f5rgekvaliteetne Taani moebr\u00e4nd, mis on keskendunud oma toodangus just p\u00f5hjamaisele k\u00fclmale ja vihmasele kliimale. K\u00f5ik tooted on valmistatud 100% vegan, veekindlast ja kauakestvast materjalist. Rains vihmajoped, talvejoped ja seljakotid on \u00fcldjuhul unisex ja sobivad kandmiseks nii meestele kui naistele. Rainsi esteetikas on p\u00fcsivaks alatooniks skandinaavialik lihtsus ja minimalism.<br \/>\n<a href=\"\/et\/tootekategooria\/brandid\/rains-et\/\"><img loading=\"lazy\" decoding=\"async\" src=\"https:\/\/www.talidesign.eu\/wp\/wp-content\/uploads\/2021\/02\/logo-3.jpg\" alt=\"\" width=\"500\" height=\"100\" class=\"alignnone size-full wp-image-24515\" \/><\/a><\/p>\n","protected":false},"featured_media":77369,"template":"","meta":[],"product_brand":[],"product_cat":[1026,1113,1131,1075],"product_tag":[1446],"class_list":{"0":"post-77361","1":"product","2":"type-product","3":"status-publish","4":"has-post-thumbnail","6":"product_cat-brandid","7":"product_cat-kotid","8":"product_cat-naiste-kotid","9":"product_cat-rains-et","10":"product_tag-rains-et","12":"first","13":"outofstock","14":"taxable","15":"shipping-taxable","16":"purchasable","17":"product-type-simple"},"yoast_head":"<!-- This site is optimized with the Yoast SEO plugin v27.3 - https:\/\/yoast.com\/product\/yoast-seo-wordpress\/ -->\n<title>Rains Tote Micro Laser - TALI Concept Store<\/title>\n<meta name=\"description\" content=\"Rains Tote Micro Laser - veekindel kott, mis sobib ideaalselt igap\u00e4evaseks kandmiseks. Kvaliteetne br\u00e4nd Rains. Osta Talidesignist!\" \/>\n<meta name=\"robots\" content=\"index, follow, max-snippet:-1, max-image-preview:large, max-video-preview:-1\" \/>\n<link rel=\"canonical\" href=\"https:\/\/www.talidesign.eu\/et\/pood\/toode\/rains-tote-micro-laser\/\" \/>\n<meta property=\"og:locale\" content=\"et_EE\" \/>\n<meta property=\"og:type\" content=\"article\" \/>\n<meta property=\"og:title\" content=\"Rains Tote Micro Laser - TALI Concept Store\" \/>\n<meta property=\"og:description\" content=\"Rains Tote Micro Laser - veekindel kott, mis sobib ideaalselt igap\u00e4evaseks kandmiseks. Kvaliteetne br\u00e4nd Rains. Osta Talidesignist!\" \/>\n<meta property=\"og:url\" content=\"https:\/\/www.talidesign.eu\/et\/pood\/toode\/rains-tote-micro-laser\/\" \/>\n<meta property=\"og:site_name\" content=\"TALI Concept Store\" \/>\n<meta property=\"article:publisher\" content=\"https:\/\/www.facebook.com\/TaliDisain\/\" \/>\n<meta property=\"article:modified_time\" content=\"2023-11-22T13:53:46+00:00\" \/>\n<meta property=\"og:image\" content=\"https:\/\/www.talidesign.eu\/wp\/wp-content\/uploads\/2023\/08\/rains-tote-bag-micro-laser.jpg\" \/>\n\t<meta property=\"og:image:width\" content=\"768\" \/>\n\t<meta property=\"og:image:height\" content=\"768\" \/>\n\t<meta property=\"og:image:type\" content=\"image\/jpeg\" \/>\n<meta name=\"twitter:card\" content=\"summary_large_image\" \/>\n<meta name=\"twitter:label1\" content=\"Est. reading time\" \/>\n\t<meta name=\"twitter:data1\" content=\"1 minute\" \/>\n<script type=\"application\/ld+json\" class=\"yoast-schema-graph\">{\"@context\":\"https:\\\/\\\/schema.org\",\"@graph\":[{\"@type\":\"WebPage\",\"@id\":\"https:\\\/\\\/www.talidesign.eu\\\/et\\\/pood\\\/toode\\\/rains-tote-micro-laser\\\/\",\"url\":\"https:\\\/\\\/www.talidesign.eu\\\/et\\\/pood\\\/toode\\\/rains-tote-micro-laser\\\/\",\"name\":\"Rains Tote Micro Laser - TALI Concept Store\",\"isPartOf\":{\"@id\":\"https:\\\/\\\/www.talidesign.eu\\\/et\\\/#website\"},\"primaryImageOfPage\":{\"@id\":\"https:\\\/\\\/www.talidesign.eu\\\/et\\\/pood\\\/toode\\\/rains-tote-micro-laser\\\/#primaryimage\"},\"image\":{\"@id\":\"https:\\\/\\\/www.talidesign.eu\\\/et\\\/pood\\\/toode\\\/rains-tote-micro-laser\\\/#primaryimage\"},\"thumbnailUrl\":\"https:\\\/\\\/www.talidesign.eu\\\/wp\\\/wp-content\\\/uploads\\\/2023\\\/08\\\/rains-tote-bag-micro-laser.jpg\",\"datePublished\":\"2023-08-30T16:02:51+00:00\",\"dateModified\":\"2023-11-22T13:53:46+00:00\",\"description\":\"Rains Tote Micro Laser - veekindel kott, mis sobib ideaalselt igap\u00e4evaseks kandmiseks. Kvaliteetne br\u00e4nd Rains. Osta Talidesignist!\",\"breadcrumb\":{\"@id\":\"https:\\\/\\\/www.talidesign.eu\\\/et\\\/pood\\\/toode\\\/rains-tote-micro-laser\\\/#breadcrumb\"},\"inLanguage\":\"et\",\"potentialAction\":[{\"@type\":\"ReadAction\",\"target\":[\"https:\\\/\\\/www.talidesign.eu\\\/et\\\/pood\\\/toode\\\/rains-tote-micro-laser\\\/\"]}]},{\"@type\":\"ImageObject\",\"inLanguage\":\"et\",\"@id\":\"https:\\\/\\\/www.talidesign.eu\\\/et\\\/pood\\\/toode\\\/rains-tote-micro-laser\\\/#primaryimage\",\"url\":\"https:\\\/\\\/www.talidesign.eu\\\/wp\\\/wp-content\\\/uploads\\\/2023\\\/08\\\/rains-tote-bag-micro-laser.jpg\",\"contentUrl\":\"https:\\\/\\\/www.talidesign.eu\\\/wp\\\/wp-content\\\/uploads\\\/2023\\\/08\\\/rains-tote-bag-micro-laser.jpg\",\"width\":768,\"height\":768},{\"@type\":\"BreadcrumbList\",\"@id\":\"https:\\\/\\\/www.talidesign.eu\\\/et\\\/pood\\\/toode\\\/rains-tote-micro-laser\\\/#breadcrumb\",\"itemListElement\":[{\"@type\":\"ListItem\",\"position\":1,\"name\":\"Avaleht\",\"item\":\"https:\\\/\\\/www.talidesign.eu\\\/et\\\/\"},{\"@type\":\"ListItem\",\"position\":2,\"name\":\"Pood\",\"item\":\"https:\\\/\\\/www.talidesign.eu\\\/et\\\/pood\\\/\"},{\"@type\":\"ListItem\",\"position\":3,\"name\":\"Rains Tote Micro Laser\"}]},{\"@type\":\"WebSite\",\"@id\":\"https:\\\/\\\/www.talidesign.eu\\\/et\\\/#website\",\"url\":\"https:\\\/\\\/www.talidesign.eu\\\/et\\\/\",\"name\":\"TALI Concept Store\",\"description\":\"Suurim Disainipood Eestis\",\"potentialAction\":[{\"@type\":\"SearchAction\",\"target\":{\"@type\":\"EntryPoint\",\"urlTemplate\":\"https:\\\/\\\/www.talidesign.eu\\\/et\\\/?s={search_term_string}\"},\"query-input\":{\"@type\":\"PropertyValueSpecification\",\"valueRequired\":true,\"valueName\":\"search_term_string\"}}],\"inLanguage\":\"et\"}]}<\/script>\n<!-- \/ Yoast SEO plugin. -->","yoast_head_json":{"title":"Rains Tote Micro Laser - TALI Concept Store","description":"Rains Tote Micro Laser - veekindel kott, mis sobib ideaalselt igap\u00e4evaseks kandmiseks. Kvaliteetne br\u00e4nd Rains. Osta Talidesignist!","robots":{"index":"index","follow":"follow","max-snippet":"max-snippet:-1","max-image-preview":"max-image-preview:large","max-video-preview":"max-video-preview:-1"},"canonical":"https:\/\/www.talidesign.eu\/et\/pood\/toode\/rains-tote-micro-laser\/","og_locale":"et_EE","og_type":"article","og_title":"Rains Tote Micro Laser - TALI Concept Store","og_description":"Rains Tote Micro Laser - veekindel kott, mis sobib ideaalselt igap\u00e4evaseks kandmiseks. Kvaliteetne br\u00e4nd Rains. Osta Talidesignist!","og_url":"https:\/\/www.talidesign.eu\/et\/pood\/toode\/rains-tote-micro-laser\/","og_site_name":"TALI Concept Store","article_publisher":"https:\/\/www.facebook.com\/TaliDisain\/","article_modified_time":"2023-11-22T13:53:46+00:00","og_image":[{"width":768,"height":768,"url":"https:\/\/www.talidesign.eu\/wp\/wp-content\/uploads\/2023\/08\/rains-tote-bag-micro-laser.jpg","type":"image\/jpeg"}],"twitter_card":"summary_large_image","twitter_misc":{"Est. reading time":"1 minute"},"schema":{"@context":"https:\/\/schema.org","@graph":[{"@type":"WebPage","@id":"https:\/\/www.talidesign.eu\/et\/pood\/toode\/rains-tote-micro-laser\/","url":"https:\/\/www.talidesign.eu\/et\/pood\/toode\/rains-tote-micro-laser\/","name":"Rains Tote Micro Laser - TALI Concept Store","isPartOf":{"@id":"https:\/\/www.talidesign.eu\/et\/#website"},"primaryImageOfPage":{"@id":"https:\/\/www.talidesign.eu\/et\/pood\/toode\/rains-tote-micro-laser\/#primaryimage"},"image":{"@id":"https:\/\/www.talidesign.eu\/et\/pood\/toode\/rains-tote-micro-laser\/#primaryimage"},"thumbnailUrl":"https:\/\/www.talidesign.eu\/wp\/wp-content\/uploads\/2023\/08\/rains-tote-bag-micro-laser.jpg","datePublished":"2023-08-30T16:02:51+00:00","dateModified":"2023-11-22T13:53:46+00:00","description":"Rains Tote Micro Laser - veekindel kott, mis sobib ideaalselt igap\u00e4evaseks kandmiseks. Kvaliteetne br\u00e4nd Rains. Osta Talidesignist!","breadcrumb":{"@id":"https:\/\/www.talidesign.eu\/et\/pood\/toode\/rains-tote-micro-laser\/#breadcrumb"},"inLanguage":"et","potentialAction":[{"@type":"ReadAction","target":["https:\/\/www.talidesign.eu\/et\/pood\/toode\/rains-tote-micro-laser\/"]}]},{"@type":"ImageObject","inLanguage":"et","@id":"https:\/\/www.talidesign.eu\/et\/pood\/toode\/rains-tote-micro-laser\/#primaryimage","url":"https:\/\/www.talidesign.eu\/wp\/wp-content\/uploads\/2023\/08\/rains-tote-bag-micro-laser.jpg","contentUrl":"https:\/\/www.talidesign.eu\/wp\/wp-content\/uploads\/2023\/08\/rains-tote-bag-micro-laser.jpg","width":768,"height":768},{"@type":"BreadcrumbList","@id":"https:\/\/www.talidesign.eu\/et\/pood\/toode\/rains-tote-micro-laser\/#breadcrumb","itemListElement":[{"@type":"ListItem","position":1,"name":"Avaleht","item":"https:\/\/www.talidesign.eu\/et\/"},{"@type":"ListItem","position":2,"name":"Pood","item":"https:\/\/www.talidesign.eu\/et\/pood\/"},{"@type":"ListItem","position":3,"name":"Rains Tote Micro Laser"}]},{"@type":"WebSite","@id":"https:\/\/www.talidesign.eu\/et\/#website","url":"https:\/\/www.talidesign.eu\/et\/","name":"TALI Concept Store","description":"Suurim Disainipood Eestis","potentialAction":[{"@type":"SearchAction","target":{"@type":"EntryPoint","urlTemplate":"https:\/\/www.talidesign.eu\/et\/?s={search_term_string}"},"query-input":{"@type":"PropertyValueSpecification","valueRequired":true,"valueName":"search_term_string"}}],"inLanguage":"et"}]}},"_links":{"self":[{"href":"https:\/\/www.talidesign.eu\/et\/wp-json\/wp\/v2\/product\/77361","targetHints":{"allow":["GET"]}}],"collection":[{"href":"https:\/\/www.talidesign.eu\/et\/wp-json\/wp\/v2\/product"}],"about":[{"href":"https:\/\/www.talidesign.eu\/et\/wp-json\/wp\/v2\/types\/product"}],"wp:featuredmedia":[{"embeddable":true,"href":"https:\/\/www.talidesign.eu\/et\/wp-json\/wp\/v2\/media\/77369"}],"wp:attachment":[{"href":"https:\/\/www.talidesign.eu\/et\/wp-json\/wp\/v2\/media?parent=77361"}],"wp:term":[{"taxonomy":"product_brand","embeddable":true,"href":"https:\/\/www.talidesign.eu\/et\/wp-json\/wp\/v2\/product_brand?post=77361"},{"taxonomy":"product_cat","embeddable":true,"href":"https:\/\/www.talidesign.eu\/et\/wp-json\/wp\/v2\/product_cat?post=77361"},{"taxonomy":"product_tag","embeddable":true,"href":"https:\/\/www.talidesign.eu\/et\/wp-json\/wp\/v2\/product_tag?post=77361"}],"curies":[{"name":"wp","href":"https:\/\/api.w.org\/{rel}","templated":true}]}}