{"id":77793,"date":"2023-09-12T15:08:49","date_gmt":"2023-09-12T12:08:49","guid":{"rendered":"https:\/\/www.talidesign.eu\/?post_type=product&#038;p=77793"},"modified":"2026-01-25T14:22:01","modified_gmt":"2026-01-25T12:22:01","slug":"firefly-happy-flower-pehme-helkiv-aksessuaar-deluxe","status":"publish","type":"product","link":"https:\/\/www.talidesign.eu\/et\/pood\/toode\/firefly-happy-flower-pehme-helkiv-aksessuaar-deluxe\/","title":{"rendered":"Firefly Happy Flower Pehme helkiv aksessuaar Deluxe"},"content":{"rendered":"<p><strong>Happy Flower Pehme helkiv aksessuaar Deluxe<\/strong><\/p>\n<p>Lisage oma kotile stiilne helkur!<\/p>\n<p>Valmistatud pehmest peegeldavast materjalist, mis tundub ja n\u00e4eb v\u00e4lja nagu nahk. Kinnitub klassikalise nahast rihmaga.<\/p>\n<p>\u2022 Materjal: pehme peegeldav materjal<br \/>\n\u2022 Suurus: 8 cm<br \/>\n\u2022 Kinnitus: reguleeritav nahataolisest materjalist rihm<br \/>\n\u2022 <a href=\"https:\/\/www.talidesign.eu\/et\/tootekategooria\/firefly-reflectors-et\/\">Br\u00e4nd Firefly Reflectors<\/a><\/p>\n<p><strong>Meist<\/strong><\/p>\n<p>Lastele ja t\u00e4iskasvanutele m\u00f5eldud l\u00f5busate ja ainulaadsete helkurite loomise poolest tuntud Firefly Reflectors asutasid 2008. aastal kaks New Yorgis elavat rootslast Carin ja Katarina. Firefly helkurid on disainitud armastusega Rootsis.<\/p>\n<p>\u201eTootearenduse ja illustreerimise taustaga soovisime luua unikaalseid vormi ja disainiga helkureid.<br \/>\nTurvahelkur ei pea olema igav ja ebaatraktiivne. Vastupidi, meie arvates peaks helkur olema l\u00f5bus ja stiilne detail, mis t\u00e4iendab teie lemmikkotti v\u00f5i -riietust.<\/p>\n<p>&#8220;Ole n\u00e4htav, ole turvaline ja ole alati stiilne!&#8221;<\/p>\n<p>NB! Firefly helkivate aksessuaaride helkurmaterjal vastab EL-i turvahelkurite n\u00f5uetele, kuid unikaalse kuju t\u00f5ttu EI OMA EN13356 heakskiitu. Firefly tooted on m\u00f5eldud kinnitamiseks koti, mantli v\u00f5i muu eseme k\u00fclge standardse turvahelkuri lisana. Pange t\u00e4hele, et see helkur EI OLE m\u00f5eldud asendamaks sertifitseeritud turvahelkurit.<\/p>\n<p><a href=\"https:\/\/www.talidesign.eu\/et\/tootekategooria\/firefly-reflectors-et\/\"><img loading=\"lazy\" decoding=\"async\" src=\"https:\/\/www.talidesign.eu\/wp\/wp-content\/uploads\/2022\/01\/KCbw-533x400.jpg\" alt=\"\" width=\"533\" height=\"400\" class=\"alignnone size-medium wp-image-49883\" srcset=\"https:\/\/www.talidesign.eu\/wp\/wp-content\/uploads\/2022\/01\/KCbw-533x400.jpg 533w, https:\/\/www.talidesign.eu\/wp\/wp-content\/uploads\/2022\/01\/KCbw-1067x800.jpg 1067w, https:\/\/www.talidesign.eu\/wp\/wp-content\/uploads\/2022\/01\/KCbw-768x576.jpg 768w, https:\/\/www.talidesign.eu\/wp\/wp-content\/uploads\/2022\/01\/KCbw-1536x1152.jpg 1536w, https:\/\/www.talidesign.eu\/wp\/wp-content\/uploads\/2022\/01\/KCbw-2048x1536.jpg 2048w, https:\/\/www.talidesign.eu\/wp\/wp-content\/uploads\/2022\/01\/KCbw-500x375.jpg 500w, https:\/\/www.talidesign.eu\/wp\/wp-content\/uploads\/2022\/01\/KCbw-510x383.jpg 510w\" sizes=\"auto, (max-width: 533px) 100vw, 533px\" \/><\/a><\/p>\n","protected":false},"excerpt":{"rendered":"<p><strong>Happy Flower Pehme helkiv aksessuaar Deluxe<\/strong><\/p>\n<p>Lisage oma kotile stiilne helkur!<\/p>\n<p>Valmistatud pehmest peegeldavast materjalist, mis tundub ja n\u00e4eb v\u00e4lja nagu nahk. Kinnitub klassikalise nahast rihmaga.<\/p>\n<p>\u2022 Materjal: pehme peegeldav materjal<br \/>\n\u2022 Suurus: 8 cm<br \/>\n\u2022 Kinnitus: reguleeritav nahataolisest materjalist rihm<br \/>\n\u2022 <a href=\"https:\/\/www.talidesign.eu\/et\/tootekategooria\/firefly-reflectors-et\/\">Br\u00e4nd Firefly Reflectors<\/a><\/p>\n<p><strong>Meist<\/strong><\/p>\n<p>Lastele ja t\u00e4iskasvanutele m\u00f5eldud l\u00f5busate ja ainulaadsete helkurite loomise poolest tuntud Firefly Reflectors asutasid 2008. aastal kaks New Yorgis elavat rootslast Carin ja Katarina. Firefly helkurid on disainitud armastusega Rootsis.<\/p>\n<p>\u201eTootearenduse ja illustreerimise taustaga soovisime luua unikaalseid vormi ja disainiga helkureid.<br \/>\nTurvahelkur ei pea olema igav ja ebaatraktiivne. Vastupidi, meie arvates peaks helkur olema l\u00f5bus ja stiilne detail, mis t\u00e4iendab teie lemmikkotti v\u00f5i -riietust.<\/p>\n<p>&#8220;Ole n\u00e4htav, ole turvaline ja ole alati stiilne!&#8221;<\/p>\n<p>NB! Firefly helkivate aksessuaaride helkurmaterjal vastab EL-i turvahelkurite n\u00f5uetele, kuid unikaalse kuju t\u00f5ttu EI OMA EN13356 heakskiitu. Firefly tooted on m\u00f5eldud kinnitamiseks koti, mantli v\u00f5i muu eseme k\u00fclge standardse turvahelkuri lisana. Pange t\u00e4hele, et see helkur EI OLE m\u00f5eldud asendamaks sertifitseeritud turvahelkurit.<\/p>\n<p><a href=\"https:\/\/www.talidesign.eu\/et\/tootekategooria\/firefly-reflectors-et\/\"><img loading=\"lazy\" decoding=\"async\" src=\"https:\/\/www.talidesign.eu\/wp\/wp-content\/uploads\/2022\/01\/KCbw-533x400.jpg\" alt=\"\" width=\"533\" height=\"400\" class=\"alignnone size-medium wp-image-49883\" srcset=\"https:\/\/www.talidesign.eu\/wp\/wp-content\/uploads\/2022\/01\/KCbw-533x400.jpg 533w, https:\/\/www.talidesign.eu\/wp\/wp-content\/uploads\/2022\/01\/KCbw-1067x800.jpg 1067w, https:\/\/www.talidesign.eu\/wp\/wp-content\/uploads\/2022\/01\/KCbw-768x576.jpg 768w, https:\/\/www.talidesign.eu\/wp\/wp-content\/uploads\/2022\/01\/KCbw-1536x1152.jpg 1536w, https:\/\/www.talidesign.eu\/wp\/wp-content\/uploads\/2022\/01\/KCbw-2048x1536.jpg 2048w, https:\/\/www.talidesign.eu\/wp\/wp-content\/uploads\/2022\/01\/KCbw-500x375.jpg 500w, https:\/\/www.talidesign.eu\/wp\/wp-content\/uploads\/2022\/01\/KCbw-510x383.jpg 510w\" sizes=\"auto, (max-width: 533px) 100vw, 533px\" \/><\/a><\/p>\n","protected":false},"featured_media":77797,"template":"","meta":[],"product_brand":[],"product_cat":[1955,1170],"product_tag":[1959],"class_list":{"0":"post-77793","1":"product","2":"type-product","3":"status-publish","4":"has-post-thumbnail","6":"product_cat-firefly-reflectors-et","7":"product_cat-helkurid","8":"product_tag-firefly-et","10":"first","11":"outofstock","12":"taxable","13":"shipping-taxable","14":"purchasable","15":"product-type-simple"},"yoast_head":"<!-- This site is optimized with the Yoast SEO plugin v27.4 - https:\/\/yoast.com\/product\/yoast-seo-wordpress\/ -->\n<title>Firefly Happy Flower Pehme helkiv aksessuaar Deluxe - TALI Concept Store<\/title>\n<meta name=\"description\" content=\"Lisage oma kotile stiilne helkur! Firefly Happy Flower Pehme helkiv aksessuaar Deluxe on valmistatud pehmest peegeldavast materjalist, mis tundub ja n\u00e4eb v\u00e4lja nagu nahk. Kinnitub klassikalise nahast rihmaga. Br\u00e4nd Firefly Reflectors.\" \/>\n<meta name=\"robots\" content=\"index, follow, max-snippet:-1, max-image-preview:large, max-video-preview:-1\" \/>\n<link rel=\"canonical\" href=\"https:\/\/www.talidesign.eu\/et\/pood\/toode\/firefly-happy-flower-pehme-helkiv-aksessuaar-deluxe\/\" \/>\n<meta property=\"og:locale\" content=\"et_EE\" \/>\n<meta property=\"og:type\" content=\"article\" \/>\n<meta property=\"og:title\" content=\"Firefly Happy Flower Pehme helkiv aksessuaar Deluxe - TALI Concept Store\" \/>\n<meta property=\"og:description\" content=\"Lisage oma kotile stiilne helkur! Firefly Happy Flower Pehme helkiv aksessuaar Deluxe on valmistatud pehmest peegeldavast materjalist, mis tundub ja n\u00e4eb v\u00e4lja nagu nahk. Kinnitub klassikalise nahast rihmaga. Br\u00e4nd Firefly Reflectors.\" \/>\n<meta property=\"og:url\" content=\"https:\/\/www.talidesign.eu\/et\/pood\/toode\/firefly-happy-flower-pehme-helkiv-aksessuaar-deluxe\/\" \/>\n<meta property=\"og:site_name\" content=\"TALI Concept Store\" \/>\n<meta property=\"article:publisher\" content=\"https:\/\/www.facebook.com\/TaliDisain\/\" \/>\n<meta property=\"article:modified_time\" content=\"2026-01-25T12:22:01+00:00\" \/>\n<meta property=\"og:image\" content=\"https:\/\/www.talidesign.eu\/wp\/wp-content\/uploads\/2023\/09\/firefly-soft-reflective-happy-flower-deluxe.jpg\" \/>\n\t<meta property=\"og:image:width\" content=\"768\" \/>\n\t<meta property=\"og:image:height\" content=\"768\" \/>\n\t<meta property=\"og:image:type\" content=\"image\/jpeg\" \/>\n<meta name=\"twitter:card\" content=\"summary_large_image\" \/>\n<meta name=\"twitter:label1\" content=\"Est. reading time\" \/>\n\t<meta name=\"twitter:data1\" content=\"1 minute\" \/>\n<script type=\"application\/ld+json\" class=\"yoast-schema-graph\">{\"@context\":\"https:\\\/\\\/schema.org\",\"@graph\":[{\"@type\":\"WebPage\",\"@id\":\"https:\\\/\\\/www.talidesign.eu\\\/et\\\/pood\\\/toode\\\/firefly-happy-flower-pehme-helkiv-aksessuaar-deluxe\\\/\",\"url\":\"https:\\\/\\\/www.talidesign.eu\\\/et\\\/pood\\\/toode\\\/firefly-happy-flower-pehme-helkiv-aksessuaar-deluxe\\\/\",\"name\":\"Firefly Happy Flower Pehme helkiv aksessuaar Deluxe - TALI Concept Store\",\"isPartOf\":{\"@id\":\"https:\\\/\\\/www.talidesign.eu\\\/et\\\/#website\"},\"primaryImageOfPage\":{\"@id\":\"https:\\\/\\\/www.talidesign.eu\\\/et\\\/pood\\\/toode\\\/firefly-happy-flower-pehme-helkiv-aksessuaar-deluxe\\\/#primaryimage\"},\"image\":{\"@id\":\"https:\\\/\\\/www.talidesign.eu\\\/et\\\/pood\\\/toode\\\/firefly-happy-flower-pehme-helkiv-aksessuaar-deluxe\\\/#primaryimage\"},\"thumbnailUrl\":\"https:\\\/\\\/www.talidesign.eu\\\/wp\\\/wp-content\\\/uploads\\\/2023\\\/09\\\/firefly-soft-reflective-happy-flower-deluxe.jpg\",\"datePublished\":\"2023-09-12T12:08:49+00:00\",\"dateModified\":\"2026-01-25T12:22:01+00:00\",\"description\":\"Lisage oma kotile stiilne helkur! Firefly Happy Flower Pehme helkiv aksessuaar Deluxe on valmistatud pehmest peegeldavast materjalist, mis tundub ja n\u00e4eb v\u00e4lja nagu nahk. Kinnitub klassikalise nahast rihmaga. Br\u00e4nd Firefly Reflectors.\",\"breadcrumb\":{\"@id\":\"https:\\\/\\\/www.talidesign.eu\\\/et\\\/pood\\\/toode\\\/firefly-happy-flower-pehme-helkiv-aksessuaar-deluxe\\\/#breadcrumb\"},\"inLanguage\":\"et\",\"potentialAction\":[{\"@type\":\"ReadAction\",\"target\":[\"https:\\\/\\\/www.talidesign.eu\\\/et\\\/pood\\\/toode\\\/firefly-happy-flower-pehme-helkiv-aksessuaar-deluxe\\\/\"]}]},{\"@type\":\"ImageObject\",\"inLanguage\":\"et\",\"@id\":\"https:\\\/\\\/www.talidesign.eu\\\/et\\\/pood\\\/toode\\\/firefly-happy-flower-pehme-helkiv-aksessuaar-deluxe\\\/#primaryimage\",\"url\":\"https:\\\/\\\/www.talidesign.eu\\\/wp\\\/wp-content\\\/uploads\\\/2023\\\/09\\\/firefly-soft-reflective-happy-flower-deluxe.jpg\",\"contentUrl\":\"https:\\\/\\\/www.talidesign.eu\\\/wp\\\/wp-content\\\/uploads\\\/2023\\\/09\\\/firefly-soft-reflective-happy-flower-deluxe.jpg\",\"width\":768,\"height\":768},{\"@type\":\"BreadcrumbList\",\"@id\":\"https:\\\/\\\/www.talidesign.eu\\\/et\\\/pood\\\/toode\\\/firefly-happy-flower-pehme-helkiv-aksessuaar-deluxe\\\/#breadcrumb\",\"itemListElement\":[{\"@type\":\"ListItem\",\"position\":1,\"name\":\"Avaleht\",\"item\":\"https:\\\/\\\/www.talidesign.eu\\\/et\\\/\"},{\"@type\":\"ListItem\",\"position\":2,\"name\":\"Pood\",\"item\":\"https:\\\/\\\/www.talidesign.eu\\\/et\\\/pood\\\/\"},{\"@type\":\"ListItem\",\"position\":3,\"name\":\"Firefly Happy Flower Pehme helkiv aksessuaar Deluxe\"}]},{\"@type\":\"WebSite\",\"@id\":\"https:\\\/\\\/www.talidesign.eu\\\/et\\\/#website\",\"url\":\"https:\\\/\\\/www.talidesign.eu\\\/et\\\/\",\"name\":\"TALI Concept Store\",\"description\":\"Suurim Disainipood Eestis\",\"potentialAction\":[{\"@type\":\"SearchAction\",\"target\":{\"@type\":\"EntryPoint\",\"urlTemplate\":\"https:\\\/\\\/www.talidesign.eu\\\/et\\\/?s={search_term_string}\"},\"query-input\":{\"@type\":\"PropertyValueSpecification\",\"valueRequired\":true,\"valueName\":\"search_term_string\"}}],\"inLanguage\":\"et\"}]}<\/script>\n<!-- \/ Yoast SEO plugin. -->","yoast_head_json":{"title":"Firefly Happy Flower Pehme helkiv aksessuaar Deluxe - TALI Concept Store","description":"Lisage oma kotile stiilne helkur! Firefly Happy Flower Pehme helkiv aksessuaar Deluxe on valmistatud pehmest peegeldavast materjalist, mis tundub ja n\u00e4eb v\u00e4lja nagu nahk. Kinnitub klassikalise nahast rihmaga. Br\u00e4nd Firefly Reflectors.","robots":{"index":"index","follow":"follow","max-snippet":"max-snippet:-1","max-image-preview":"max-image-preview:large","max-video-preview":"max-video-preview:-1"},"canonical":"https:\/\/www.talidesign.eu\/et\/pood\/toode\/firefly-happy-flower-pehme-helkiv-aksessuaar-deluxe\/","og_locale":"et_EE","og_type":"article","og_title":"Firefly Happy Flower Pehme helkiv aksessuaar Deluxe - TALI Concept Store","og_description":"Lisage oma kotile stiilne helkur! Firefly Happy Flower Pehme helkiv aksessuaar Deluxe on valmistatud pehmest peegeldavast materjalist, mis tundub ja n\u00e4eb v\u00e4lja nagu nahk. Kinnitub klassikalise nahast rihmaga. Br\u00e4nd Firefly Reflectors.","og_url":"https:\/\/www.talidesign.eu\/et\/pood\/toode\/firefly-happy-flower-pehme-helkiv-aksessuaar-deluxe\/","og_site_name":"TALI Concept Store","article_publisher":"https:\/\/www.facebook.com\/TaliDisain\/","article_modified_time":"2026-01-25T12:22:01+00:00","og_image":[{"width":768,"height":768,"url":"https:\/\/www.talidesign.eu\/wp\/wp-content\/uploads\/2023\/09\/firefly-soft-reflective-happy-flower-deluxe.jpg","type":"image\/jpeg"}],"twitter_card":"summary_large_image","twitter_misc":{"Est. reading time":"1 minute"},"schema":{"@context":"https:\/\/schema.org","@graph":[{"@type":"WebPage","@id":"https:\/\/www.talidesign.eu\/et\/pood\/toode\/firefly-happy-flower-pehme-helkiv-aksessuaar-deluxe\/","url":"https:\/\/www.talidesign.eu\/et\/pood\/toode\/firefly-happy-flower-pehme-helkiv-aksessuaar-deluxe\/","name":"Firefly Happy Flower Pehme helkiv aksessuaar Deluxe - TALI Concept Store","isPartOf":{"@id":"https:\/\/www.talidesign.eu\/et\/#website"},"primaryImageOfPage":{"@id":"https:\/\/www.talidesign.eu\/et\/pood\/toode\/firefly-happy-flower-pehme-helkiv-aksessuaar-deluxe\/#primaryimage"},"image":{"@id":"https:\/\/www.talidesign.eu\/et\/pood\/toode\/firefly-happy-flower-pehme-helkiv-aksessuaar-deluxe\/#primaryimage"},"thumbnailUrl":"https:\/\/www.talidesign.eu\/wp\/wp-content\/uploads\/2023\/09\/firefly-soft-reflective-happy-flower-deluxe.jpg","datePublished":"2023-09-12T12:08:49+00:00","dateModified":"2026-01-25T12:22:01+00:00","description":"Lisage oma kotile stiilne helkur! Firefly Happy Flower Pehme helkiv aksessuaar Deluxe on valmistatud pehmest peegeldavast materjalist, mis tundub ja n\u00e4eb v\u00e4lja nagu nahk. Kinnitub klassikalise nahast rihmaga. Br\u00e4nd Firefly Reflectors.","breadcrumb":{"@id":"https:\/\/www.talidesign.eu\/et\/pood\/toode\/firefly-happy-flower-pehme-helkiv-aksessuaar-deluxe\/#breadcrumb"},"inLanguage":"et","potentialAction":[{"@type":"ReadAction","target":["https:\/\/www.talidesign.eu\/et\/pood\/toode\/firefly-happy-flower-pehme-helkiv-aksessuaar-deluxe\/"]}]},{"@type":"ImageObject","inLanguage":"et","@id":"https:\/\/www.talidesign.eu\/et\/pood\/toode\/firefly-happy-flower-pehme-helkiv-aksessuaar-deluxe\/#primaryimage","url":"https:\/\/www.talidesign.eu\/wp\/wp-content\/uploads\/2023\/09\/firefly-soft-reflective-happy-flower-deluxe.jpg","contentUrl":"https:\/\/www.talidesign.eu\/wp\/wp-content\/uploads\/2023\/09\/firefly-soft-reflective-happy-flower-deluxe.jpg","width":768,"height":768},{"@type":"BreadcrumbList","@id":"https:\/\/www.talidesign.eu\/et\/pood\/toode\/firefly-happy-flower-pehme-helkiv-aksessuaar-deluxe\/#breadcrumb","itemListElement":[{"@type":"ListItem","position":1,"name":"Avaleht","item":"https:\/\/www.talidesign.eu\/et\/"},{"@type":"ListItem","position":2,"name":"Pood","item":"https:\/\/www.talidesign.eu\/et\/pood\/"},{"@type":"ListItem","position":3,"name":"Firefly Happy Flower Pehme helkiv aksessuaar Deluxe"}]},{"@type":"WebSite","@id":"https:\/\/www.talidesign.eu\/et\/#website","url":"https:\/\/www.talidesign.eu\/et\/","name":"TALI Concept Store","description":"Suurim Disainipood Eestis","potentialAction":[{"@type":"SearchAction","target":{"@type":"EntryPoint","urlTemplate":"https:\/\/www.talidesign.eu\/et\/?s={search_term_string}"},"query-input":{"@type":"PropertyValueSpecification","valueRequired":true,"valueName":"search_term_string"}}],"inLanguage":"et"}]}},"_links":{"self":[{"href":"https:\/\/www.talidesign.eu\/et\/wp-json\/wp\/v2\/product\/77793","targetHints":{"allow":["GET"]}}],"collection":[{"href":"https:\/\/www.talidesign.eu\/et\/wp-json\/wp\/v2\/product"}],"about":[{"href":"https:\/\/www.talidesign.eu\/et\/wp-json\/wp\/v2\/types\/product"}],"wp:featuredmedia":[{"embeddable":true,"href":"https:\/\/www.talidesign.eu\/et\/wp-json\/wp\/v2\/media\/77797"}],"wp:attachment":[{"href":"https:\/\/www.talidesign.eu\/et\/wp-json\/wp\/v2\/media?parent=77793"}],"wp:term":[{"taxonomy":"product_brand","embeddable":true,"href":"https:\/\/www.talidesign.eu\/et\/wp-json\/wp\/v2\/product_brand?post=77793"},{"taxonomy":"product_cat","embeddable":true,"href":"https:\/\/www.talidesign.eu\/et\/wp-json\/wp\/v2\/product_cat?post=77793"},{"taxonomy":"product_tag","embeddable":true,"href":"https:\/\/www.talidesign.eu\/et\/wp-json\/wp\/v2\/product_tag?post=77793"}],"curies":[{"name":"wp","href":"https:\/\/api.w.org\/{rel}","templated":true}]}}