{"id":78366,"date":"2023-09-30T18:11:08","date_gmt":"2023-09-19T15:11:08","guid":{"rendered":"https:\/\/www.talidesign.eu\/?post_type=product&#038;p=78366"},"modified":"2024-01-15T14:31:31","modified_gmt":"2024-01-15T12:31:31","slug":"typealive-pross-happy-fuck-you","status":"publish","type":"product","link":"https:\/\/www.talidesign.eu\/et\/pood\/toode\/typealive-pross-happy-fuck-you\/","title":{"rendered":"typealive Pross Happy Fuck You"},"content":{"rendered":"<p><strong>Pross Happy Fuck You<\/strong><\/p>\n<p>Meie suurep\u00e4rased prossid annavad teile juurdep\u00e4\u00e4su varem suletud ustele: karj\u00e4\u00e4r, raha, suur snobisms.<\/p>\n<p>K\u00f5lab h\u00e4sti? See l\u00e4heb veelgi paremaks. Prossiga on kaasas sobiv kaart. Kaart on augustatud ja hoiab prossi ilusasti paigal.<\/p>\n<p>\u2022 \u00d8 umbes 15 mm<br \/>\n\u2022 Kaart &#8211; A7, 2 lehte, tagak\u00fclg on t\u00fchi.<br \/>\n\u2022 Pross on valmistatud messingist, kullatud  ja kinnitatud liblikkinnitusega.<br \/>\n\u2022 Toodetud Saksamaal ja Euroopas<br \/>\n\u2022 <a href=\"\/et\/tootekategooria\/brandid\/typealive-et\/\">Br\u00e4nd typealive<\/a><\/p>\n<p><strong>Meist<\/strong><\/p>\n<p>typealive on M\u00fcnsterist p\u00e4rit v\u00e4ike graafilise disaini stuudio ja neil on suur oskus kombineerida teksti ja pilti l\u00f5busal, kaunil ja sageli ootamatul moel. <\/p>\n<p><a href=\"\/et\/tootekategooria\/brandid\/typealive-et\"><img loading=\"lazy\" decoding=\"async\" src=\"https:\/\/www.talidesign.eu\/wp\/wp-content\/uploads\/2023\/09\/typelive.jpg\" alt=\"\" width=\"500\" height=\"100\" class=\"alignnone size-full wp-image-78202\" \/><\/a><\/p>\n","protected":false},"excerpt":{"rendered":"<p><strong>Pross Happy Fuck You<\/strong><\/p>\n<p>Meie suurep\u00e4rased prossid annavad teile juurdep\u00e4\u00e4su varem suletud ustele: karj\u00e4\u00e4r, raha, suur snobisms.<\/p>\n<p>K\u00f5lab h\u00e4sti? See l\u00e4heb veelgi paremaks. Prossiga on kaasas sobiv kaart. Kaart on augustatud ja hoiab prossi ilusasti paigal.<\/p>\n<p>\u2022 \u00d8 umbes 15 mm<br \/>\n\u2022 Kaart &#8211; A7, 2 lehte, tagak\u00fclg on t\u00fchi.<br \/>\n\u2022 Pross on valmistatud messingist, kullatud  ja kinnitatud liblikkinnitusega.<br \/>\n\u2022 Toodetud Saksamaal ja Euroopas<br \/>\n\u2022 <a href=\"\/et\/tootekategooria\/brandid\/typealive-et\/\">Br\u00e4nd typealive<\/a><\/p>\n<p><strong>Meist<\/strong><\/p>\n<p>typealive on M\u00fcnsterist p\u00e4rit v\u00e4ike graafilise disaini stuudio ja neil on suur oskus kombineerida teksti ja pilti l\u00f5busal, kaunil ja sageli ootamatul moel. <\/p>\n<p><a href=\"\/et\/tootekategooria\/brandid\/typealive-et\"><img loading=\"lazy\" decoding=\"async\" src=\"https:\/\/www.talidesign.eu\/wp\/wp-content\/uploads\/2023\/09\/typelive.jpg\" alt=\"\" width=\"500\" height=\"100\" class=\"alignnone size-full wp-image-78202\" \/><\/a><\/p>\n","protected":false},"featured_media":78374,"template":"","meta":[],"product_brand":[],"product_cat":[1026,1167,3024],"product_tag":[3027],"class_list":{"0":"post-78366","1":"product","2":"type-product","3":"status-publish","4":"has-post-thumbnail","6":"product_cat-brandid","7":"product_cat-prossid","8":"product_cat-typealive-et","9":"product_tag-typealive-et","11":"first","12":"outofstock","13":"taxable","14":"shipping-taxable","15":"purchasable","16":"product-type-simple"},"yoast_head":"<!-- This site is optimized with the Yoast SEO plugin v27.3 - https:\/\/yoast.com\/product\/yoast-seo-wordpress\/ -->\n<title>typealive Pross Happy Fuck You - TALI Concept Store<\/title>\n<meta name=\"description\" content=\"typealive Pross Happy Fuck You - suurep\u00e4rane pross, mis avab uksed karj\u00e4\u00e4ri, raha ja suure snobismi juurde. Valmistatud Saksamaal ja Euroopas. Br\u00e4nd typealive.\" \/>\n<meta name=\"robots\" content=\"index, follow, max-snippet:-1, max-image-preview:large, max-video-preview:-1\" \/>\n<link rel=\"canonical\" href=\"https:\/\/www.talidesign.eu\/et\/pood\/toode\/typealive-pross-happy-fuck-you\/\" \/>\n<meta property=\"og:locale\" content=\"et_EE\" \/>\n<meta property=\"og:type\" content=\"article\" \/>\n<meta property=\"og:title\" content=\"typealive Pross Happy Fuck You - TALI Concept Store\" \/>\n<meta property=\"og:description\" content=\"typealive Pross Happy Fuck You - suurep\u00e4rane pross, mis avab uksed karj\u00e4\u00e4ri, raha ja suure snobismi juurde. Valmistatud Saksamaal ja Euroopas. Br\u00e4nd typealive.\" \/>\n<meta property=\"og:url\" content=\"https:\/\/www.talidesign.eu\/et\/pood\/toode\/typealive-pross-happy-fuck-you\/\" \/>\n<meta property=\"og:site_name\" content=\"TALI Concept Store\" \/>\n<meta property=\"article:publisher\" content=\"https:\/\/www.facebook.com\/TaliDisain\/\" \/>\n<meta property=\"article:modified_time\" content=\"2024-01-15T12:31:31+00:00\" \/>\n<meta property=\"og:image\" content=\"https:\/\/www.talidesign.eu\/wp\/wp-content\/uploads\/2023\/09\/typealive-pin-happy-fuck-you.jpg\" \/>\n\t<meta property=\"og:image:width\" content=\"800\" \/>\n\t<meta property=\"og:image:height\" content=\"800\" \/>\n\t<meta property=\"og:image:type\" content=\"image\/jpeg\" \/>\n<meta name=\"twitter:card\" content=\"summary_large_image\" \/>\n<meta name=\"twitter:label1\" content=\"Est. reading time\" \/>\n\t<meta name=\"twitter:data1\" content=\"1 minute\" \/>\n<script type=\"application\/ld+json\" class=\"yoast-schema-graph\">{\"@context\":\"https:\\\/\\\/schema.org\",\"@graph\":[{\"@type\":\"WebPage\",\"@id\":\"https:\\\/\\\/www.talidesign.eu\\\/et\\\/pood\\\/toode\\\/typealive-pross-happy-fuck-you\\\/\",\"url\":\"https:\\\/\\\/www.talidesign.eu\\\/et\\\/pood\\\/toode\\\/typealive-pross-happy-fuck-you\\\/\",\"name\":\"typealive Pross Happy Fuck You - TALI Concept Store\",\"isPartOf\":{\"@id\":\"https:\\\/\\\/www.talidesign.eu\\\/et\\\/#website\"},\"primaryImageOfPage\":{\"@id\":\"https:\\\/\\\/www.talidesign.eu\\\/et\\\/pood\\\/toode\\\/typealive-pross-happy-fuck-you\\\/#primaryimage\"},\"image\":{\"@id\":\"https:\\\/\\\/www.talidesign.eu\\\/et\\\/pood\\\/toode\\\/typealive-pross-happy-fuck-you\\\/#primaryimage\"},\"thumbnailUrl\":\"https:\\\/\\\/www.talidesign.eu\\\/wp\\\/wp-content\\\/uploads\\\/2023\\\/09\\\/typealive-pin-happy-fuck-you.jpg\",\"datePublished\":\"2023-09-19T15:11:08+00:00\",\"dateModified\":\"2024-01-15T12:31:31+00:00\",\"description\":\"typealive Pross Happy Fuck You - suurep\u00e4rane pross, mis avab uksed karj\u00e4\u00e4ri, raha ja suure snobismi juurde. Valmistatud Saksamaal ja Euroopas. Br\u00e4nd typealive.\",\"breadcrumb\":{\"@id\":\"https:\\\/\\\/www.talidesign.eu\\\/et\\\/pood\\\/toode\\\/typealive-pross-happy-fuck-you\\\/#breadcrumb\"},\"inLanguage\":\"et\",\"potentialAction\":[{\"@type\":\"ReadAction\",\"target\":[\"https:\\\/\\\/www.talidesign.eu\\\/et\\\/pood\\\/toode\\\/typealive-pross-happy-fuck-you\\\/\"]}]},{\"@type\":\"ImageObject\",\"inLanguage\":\"et\",\"@id\":\"https:\\\/\\\/www.talidesign.eu\\\/et\\\/pood\\\/toode\\\/typealive-pross-happy-fuck-you\\\/#primaryimage\",\"url\":\"https:\\\/\\\/www.talidesign.eu\\\/wp\\\/wp-content\\\/uploads\\\/2023\\\/09\\\/typealive-pin-happy-fuck-you.jpg\",\"contentUrl\":\"https:\\\/\\\/www.talidesign.eu\\\/wp\\\/wp-content\\\/uploads\\\/2023\\\/09\\\/typealive-pin-happy-fuck-you.jpg\",\"width\":800,\"height\":800},{\"@type\":\"BreadcrumbList\",\"@id\":\"https:\\\/\\\/www.talidesign.eu\\\/et\\\/pood\\\/toode\\\/typealive-pross-happy-fuck-you\\\/#breadcrumb\",\"itemListElement\":[{\"@type\":\"ListItem\",\"position\":1,\"name\":\"Avaleht\",\"item\":\"https:\\\/\\\/www.talidesign.eu\\\/et\\\/\"},{\"@type\":\"ListItem\",\"position\":2,\"name\":\"Pood\",\"item\":\"https:\\\/\\\/www.talidesign.eu\\\/et\\\/pood\\\/\"},{\"@type\":\"ListItem\",\"position\":3,\"name\":\"typealive Pross Happy Fuck You\"}]},{\"@type\":\"WebSite\",\"@id\":\"https:\\\/\\\/www.talidesign.eu\\\/et\\\/#website\",\"url\":\"https:\\\/\\\/www.talidesign.eu\\\/et\\\/\",\"name\":\"TALI Concept Store\",\"description\":\"Suurim Disainipood Eestis\",\"potentialAction\":[{\"@type\":\"SearchAction\",\"target\":{\"@type\":\"EntryPoint\",\"urlTemplate\":\"https:\\\/\\\/www.talidesign.eu\\\/et\\\/?s={search_term_string}\"},\"query-input\":{\"@type\":\"PropertyValueSpecification\",\"valueRequired\":true,\"valueName\":\"search_term_string\"}}],\"inLanguage\":\"et\"}]}<\/script>\n<!-- \/ Yoast SEO plugin. -->","yoast_head_json":{"title":"typealive Pross Happy Fuck You - TALI Concept Store","description":"typealive Pross Happy Fuck You - suurep\u00e4rane pross, mis avab uksed karj\u00e4\u00e4ri, raha ja suure snobismi juurde. Valmistatud Saksamaal ja Euroopas. Br\u00e4nd typealive.","robots":{"index":"index","follow":"follow","max-snippet":"max-snippet:-1","max-image-preview":"max-image-preview:large","max-video-preview":"max-video-preview:-1"},"canonical":"https:\/\/www.talidesign.eu\/et\/pood\/toode\/typealive-pross-happy-fuck-you\/","og_locale":"et_EE","og_type":"article","og_title":"typealive Pross Happy Fuck You - TALI Concept Store","og_description":"typealive Pross Happy Fuck You - suurep\u00e4rane pross, mis avab uksed karj\u00e4\u00e4ri, raha ja suure snobismi juurde. Valmistatud Saksamaal ja Euroopas. Br\u00e4nd typealive.","og_url":"https:\/\/www.talidesign.eu\/et\/pood\/toode\/typealive-pross-happy-fuck-you\/","og_site_name":"TALI Concept Store","article_publisher":"https:\/\/www.facebook.com\/TaliDisain\/","article_modified_time":"2024-01-15T12:31:31+00:00","og_image":[{"width":800,"height":800,"url":"https:\/\/www.talidesign.eu\/wp\/wp-content\/uploads\/2023\/09\/typealive-pin-happy-fuck-you.jpg","type":"image\/jpeg"}],"twitter_card":"summary_large_image","twitter_misc":{"Est. reading time":"1 minute"},"schema":{"@context":"https:\/\/schema.org","@graph":[{"@type":"WebPage","@id":"https:\/\/www.talidesign.eu\/et\/pood\/toode\/typealive-pross-happy-fuck-you\/","url":"https:\/\/www.talidesign.eu\/et\/pood\/toode\/typealive-pross-happy-fuck-you\/","name":"typealive Pross Happy Fuck You - TALI Concept Store","isPartOf":{"@id":"https:\/\/www.talidesign.eu\/et\/#website"},"primaryImageOfPage":{"@id":"https:\/\/www.talidesign.eu\/et\/pood\/toode\/typealive-pross-happy-fuck-you\/#primaryimage"},"image":{"@id":"https:\/\/www.talidesign.eu\/et\/pood\/toode\/typealive-pross-happy-fuck-you\/#primaryimage"},"thumbnailUrl":"https:\/\/www.talidesign.eu\/wp\/wp-content\/uploads\/2023\/09\/typealive-pin-happy-fuck-you.jpg","datePublished":"2023-09-19T15:11:08+00:00","dateModified":"2024-01-15T12:31:31+00:00","description":"typealive Pross Happy Fuck You - suurep\u00e4rane pross, mis avab uksed karj\u00e4\u00e4ri, raha ja suure snobismi juurde. Valmistatud Saksamaal ja Euroopas. Br\u00e4nd typealive.","breadcrumb":{"@id":"https:\/\/www.talidesign.eu\/et\/pood\/toode\/typealive-pross-happy-fuck-you\/#breadcrumb"},"inLanguage":"et","potentialAction":[{"@type":"ReadAction","target":["https:\/\/www.talidesign.eu\/et\/pood\/toode\/typealive-pross-happy-fuck-you\/"]}]},{"@type":"ImageObject","inLanguage":"et","@id":"https:\/\/www.talidesign.eu\/et\/pood\/toode\/typealive-pross-happy-fuck-you\/#primaryimage","url":"https:\/\/www.talidesign.eu\/wp\/wp-content\/uploads\/2023\/09\/typealive-pin-happy-fuck-you.jpg","contentUrl":"https:\/\/www.talidesign.eu\/wp\/wp-content\/uploads\/2023\/09\/typealive-pin-happy-fuck-you.jpg","width":800,"height":800},{"@type":"BreadcrumbList","@id":"https:\/\/www.talidesign.eu\/et\/pood\/toode\/typealive-pross-happy-fuck-you\/#breadcrumb","itemListElement":[{"@type":"ListItem","position":1,"name":"Avaleht","item":"https:\/\/www.talidesign.eu\/et\/"},{"@type":"ListItem","position":2,"name":"Pood","item":"https:\/\/www.talidesign.eu\/et\/pood\/"},{"@type":"ListItem","position":3,"name":"typealive Pross Happy Fuck You"}]},{"@type":"WebSite","@id":"https:\/\/www.talidesign.eu\/et\/#website","url":"https:\/\/www.talidesign.eu\/et\/","name":"TALI Concept Store","description":"Suurim Disainipood Eestis","potentialAction":[{"@type":"SearchAction","target":{"@type":"EntryPoint","urlTemplate":"https:\/\/www.talidesign.eu\/et\/?s={search_term_string}"},"query-input":{"@type":"PropertyValueSpecification","valueRequired":true,"valueName":"search_term_string"}}],"inLanguage":"et"}]}},"_links":{"self":[{"href":"https:\/\/www.talidesign.eu\/et\/wp-json\/wp\/v2\/product\/78366","targetHints":{"allow":["GET"]}}],"collection":[{"href":"https:\/\/www.talidesign.eu\/et\/wp-json\/wp\/v2\/product"}],"about":[{"href":"https:\/\/www.talidesign.eu\/et\/wp-json\/wp\/v2\/types\/product"}],"wp:featuredmedia":[{"embeddable":true,"href":"https:\/\/www.talidesign.eu\/et\/wp-json\/wp\/v2\/media\/78374"}],"wp:attachment":[{"href":"https:\/\/www.talidesign.eu\/et\/wp-json\/wp\/v2\/media?parent=78366"}],"wp:term":[{"taxonomy":"product_brand","embeddable":true,"href":"https:\/\/www.talidesign.eu\/et\/wp-json\/wp\/v2\/product_brand?post=78366"},{"taxonomy":"product_cat","embeddable":true,"href":"https:\/\/www.talidesign.eu\/et\/wp-json\/wp\/v2\/product_cat?post=78366"},{"taxonomy":"product_tag","embeddable":true,"href":"https:\/\/www.talidesign.eu\/et\/wp-json\/wp\/v2\/product_tag?post=78366"}],"curies":[{"name":"wp","href":"https:\/\/api.w.org\/{rel}","templated":true}]}}