{"id":78445,"date":"2023-09-30T19:46:27","date_gmt":"2023-09-19T16:46:27","guid":{"rendered":"https:\/\/www.talidesign.eu\/?post_type=product&#038;p=78445"},"modified":"2024-11-03T16:20:22","modified_gmt":"2024-11-03T14:20:22","slug":"typealive-kruus-fk-you","status":"publish","type":"product","link":"https:\/\/www.talidesign.eu\/et\/pood\/toode\/typealive-kruus-fk-you\/","title":{"rendered":"typealive Kruus F*&#038;k You"},"content":{"rendered":"<p><strong>Kruus F*&#038;k You<\/strong><\/p>\n<p>Meie kruusid on valmistatud k\u00e4sit\u00f6\u00f6na Saksamaal ja alati v\u00e4ikestes kogustes. Tootmise k\u00e4igus ei saa v\u00e4ltida v\u00e4ikseid puudusi ja need muudavad iga kruusi ainulaadseks.<\/p>\n<p>\u2022 K\u00f5rgus ja l\u00e4bim\u00f5\u00f5t 8 cm<br \/>\n\u2022 Maht 0,3 l<br \/>\n\u2022 Kaal 160 g.<br \/>\n\u2022 \u00dchev\u00e4rviline must tr\u00fckk emailil.<br \/>\n\u2022 Toodetud Saksamaal ja Euroopas<br \/>\n\u2022 <a href=\"\/et\/tootekategooria\/brandid\/typealive-et\/\">Br\u00e4nd typealive<\/a><\/p>\n<p><strong>Meist<\/strong><\/p>\n<p>typealive on M\u00fcnsterist p\u00e4rit v\u00e4ike graafilise disaini stuudio ja neil on suur oskus kombineerida teksti ja pilti l\u00f5busal, kaunil ja sageli ootamatul moel. <\/p>\n<p><a href=\"\/et\/tootekategooria\/brandid\/typealive-et\"><img loading=\"lazy\" decoding=\"async\" src=\"https:\/\/www.talidesign.eu\/wp\/wp-content\/uploads\/2023\/09\/typelive.jpg\" alt=\"\" width=\"500\" height=\"100\" class=\"alignnone size-full wp-image-78202\" \/><\/a><\/p>\n","protected":false},"excerpt":{"rendered":"<p><strong>Kruus F*&#038;k You<\/strong><\/p>\n<p>Meie kruusid on valmistatud k\u00e4sit\u00f6\u00f6na Saksamaal ja alati v\u00e4ikestes kogustes. Tootmise k\u00e4igus ei saa v\u00e4ltida v\u00e4ikseid puudusi ja need muudavad iga kruusi ainulaadseks.<\/p>\n<p>\u2022 K\u00f5rgus ja l\u00e4bim\u00f5\u00f5t 8 cm<br \/>\n\u2022 Maht 0,3 l<br \/>\n\u2022 Kaal 160 g.<br \/>\n\u2022 \u00dchev\u00e4rviline must tr\u00fckk emailil.<br \/>\n\u2022 Toodetud Saksamaal ja Euroopas<br \/>\n\u2022 <a href=\"\/et\/tootekategooria\/brandid\/typealive-et\/\">Br\u00e4nd typealive<\/a><\/p>\n<p><strong>Meist<\/strong><\/p>\n<p>typealive on M\u00fcnsterist p\u00e4rit v\u00e4ike graafilise disaini stuudio ja neil on suur oskus kombineerida teksti ja pilti l\u00f5busal, kaunil ja sageli ootamatul moel. <\/p>\n<p><a href=\"\/et\/tootekategooria\/brandid\/typealive-et\"><img loading=\"lazy\" decoding=\"async\" src=\"https:\/\/www.talidesign.eu\/wp\/wp-content\/uploads\/2023\/09\/typelive.jpg\" alt=\"\" width=\"500\" height=\"100\" class=\"alignnone size-full wp-image-78202\" \/><\/a><\/p>\n","protected":false},"featured_media":78453,"template":"","meta":[],"product_brand":[],"product_cat":[1026,1109,3024],"product_tag":[3027],"class_list":{"0":"post-78445","1":"product","2":"type-product","3":"status-publish","4":"has-post-thumbnail","6":"product_cat-brandid","7":"product_cat-lauanoud","8":"product_cat-typealive-et","9":"product_tag-typealive-et","11":"first","12":"outofstock","13":"taxable","14":"shipping-taxable","15":"purchasable","16":"product-type-simple"},"yoast_head":"<!-- This site is optimized with the Yoast SEO plugin v27.3 - https:\/\/yoast.com\/product\/yoast-seo-wordpress\/ -->\n<title>typealive Kruus F*&amp;k You - TALI Concept Store<\/title>\n<meta name=\"description\" content=\"typealive Kruus F* - ainulaadne k\u00e4sit\u00f6\u00f6na valmistatud kruus Saksamaalt. K\u00f5rgus 8 cm, maht 0,3 l. Avasta rohkem meie br\u00e4ndi typealive kohta.\" \/>\n<meta name=\"robots\" content=\"index, follow, max-snippet:-1, max-image-preview:large, max-video-preview:-1\" \/>\n<link rel=\"canonical\" href=\"https:\/\/www.talidesign.eu\/et\/pood\/toode\/typealive-kruus-fk-you\/\" \/>\n<meta property=\"og:locale\" content=\"et_EE\" \/>\n<meta property=\"og:type\" content=\"article\" \/>\n<meta property=\"og:title\" content=\"typealive Kruus F*&amp;k You - TALI Concept Store\" \/>\n<meta property=\"og:description\" content=\"typealive Kruus F* - ainulaadne k\u00e4sit\u00f6\u00f6na valmistatud kruus Saksamaalt. K\u00f5rgus 8 cm, maht 0,3 l. Avasta rohkem meie br\u00e4ndi typealive kohta.\" \/>\n<meta property=\"og:url\" content=\"https:\/\/www.talidesign.eu\/et\/pood\/toode\/typealive-kruus-fk-you\/\" \/>\n<meta property=\"og:site_name\" content=\"TALI Concept Store\" \/>\n<meta property=\"article:publisher\" content=\"https:\/\/www.facebook.com\/TaliDisain\/\" \/>\n<meta property=\"article:modified_time\" content=\"2024-11-03T14:20:22+00:00\" \/>\n<meta property=\"og:image\" content=\"https:\/\/www.talidesign.eu\/wp\/wp-content\/uploads\/2023\/09\/typealive-mug-fk-you-1.jpg\" \/>\n\t<meta property=\"og:image:width\" content=\"800\" \/>\n\t<meta property=\"og:image:height\" content=\"800\" \/>\n\t<meta property=\"og:image:type\" content=\"image\/jpeg\" \/>\n<meta name=\"twitter:card\" content=\"summary_large_image\" \/>\n<meta name=\"twitter:label1\" content=\"Est. reading time\" \/>\n\t<meta name=\"twitter:data1\" content=\"1 minute\" \/>\n<script type=\"application\/ld+json\" class=\"yoast-schema-graph\">{\"@context\":\"https:\\\/\\\/schema.org\",\"@graph\":[{\"@type\":\"WebPage\",\"@id\":\"https:\\\/\\\/www.talidesign.eu\\\/et\\\/pood\\\/toode\\\/typealive-kruus-fk-you\\\/\",\"url\":\"https:\\\/\\\/www.talidesign.eu\\\/et\\\/pood\\\/toode\\\/typealive-kruus-fk-you\\\/\",\"name\":\"typealive Kruus F*&k You - TALI Concept Store\",\"isPartOf\":{\"@id\":\"https:\\\/\\\/www.talidesign.eu\\\/et\\\/#website\"},\"primaryImageOfPage\":{\"@id\":\"https:\\\/\\\/www.talidesign.eu\\\/et\\\/pood\\\/toode\\\/typealive-kruus-fk-you\\\/#primaryimage\"},\"image\":{\"@id\":\"https:\\\/\\\/www.talidesign.eu\\\/et\\\/pood\\\/toode\\\/typealive-kruus-fk-you\\\/#primaryimage\"},\"thumbnailUrl\":\"https:\\\/\\\/www.talidesign.eu\\\/wp\\\/wp-content\\\/uploads\\\/2023\\\/09\\\/typealive-mug-fk-you-1.jpg\",\"datePublished\":\"2023-09-19T16:46:27+00:00\",\"dateModified\":\"2024-11-03T14:20:22+00:00\",\"description\":\"typealive Kruus F* - ainulaadne k\u00e4sit\u00f6\u00f6na valmistatud kruus Saksamaalt. K\u00f5rgus 8 cm, maht 0,3 l. Avasta rohkem meie br\u00e4ndi typealive kohta.\",\"breadcrumb\":{\"@id\":\"https:\\\/\\\/www.talidesign.eu\\\/et\\\/pood\\\/toode\\\/typealive-kruus-fk-you\\\/#breadcrumb\"},\"inLanguage\":\"et\",\"potentialAction\":[{\"@type\":\"ReadAction\",\"target\":[\"https:\\\/\\\/www.talidesign.eu\\\/et\\\/pood\\\/toode\\\/typealive-kruus-fk-you\\\/\"]}]},{\"@type\":\"ImageObject\",\"inLanguage\":\"et\",\"@id\":\"https:\\\/\\\/www.talidesign.eu\\\/et\\\/pood\\\/toode\\\/typealive-kruus-fk-you\\\/#primaryimage\",\"url\":\"https:\\\/\\\/www.talidesign.eu\\\/wp\\\/wp-content\\\/uploads\\\/2023\\\/09\\\/typealive-mug-fk-you-1.jpg\",\"contentUrl\":\"https:\\\/\\\/www.talidesign.eu\\\/wp\\\/wp-content\\\/uploads\\\/2023\\\/09\\\/typealive-mug-fk-you-1.jpg\",\"width\":800,\"height\":800},{\"@type\":\"BreadcrumbList\",\"@id\":\"https:\\\/\\\/www.talidesign.eu\\\/et\\\/pood\\\/toode\\\/typealive-kruus-fk-you\\\/#breadcrumb\",\"itemListElement\":[{\"@type\":\"ListItem\",\"position\":1,\"name\":\"Avaleht\",\"item\":\"https:\\\/\\\/www.talidesign.eu\\\/et\\\/\"},{\"@type\":\"ListItem\",\"position\":2,\"name\":\"Pood\",\"item\":\"https:\\\/\\\/www.talidesign.eu\\\/et\\\/pood\\\/\"},{\"@type\":\"ListItem\",\"position\":3,\"name\":\"typealive Kruus F*&#038;k You\"}]},{\"@type\":\"WebSite\",\"@id\":\"https:\\\/\\\/www.talidesign.eu\\\/et\\\/#website\",\"url\":\"https:\\\/\\\/www.talidesign.eu\\\/et\\\/\",\"name\":\"TALI Concept Store\",\"description\":\"Suurim Disainipood Eestis\",\"potentialAction\":[{\"@type\":\"SearchAction\",\"target\":{\"@type\":\"EntryPoint\",\"urlTemplate\":\"https:\\\/\\\/www.talidesign.eu\\\/et\\\/?s={search_term_string}\"},\"query-input\":{\"@type\":\"PropertyValueSpecification\",\"valueRequired\":true,\"valueName\":\"search_term_string\"}}],\"inLanguage\":\"et\"}]}<\/script>\n<!-- \/ Yoast SEO plugin. -->","yoast_head_json":{"title":"typealive Kruus F*&k You - TALI Concept Store","description":"typealive Kruus F* - ainulaadne k\u00e4sit\u00f6\u00f6na valmistatud kruus Saksamaalt. K\u00f5rgus 8 cm, maht 0,3 l. Avasta rohkem meie br\u00e4ndi typealive kohta.","robots":{"index":"index","follow":"follow","max-snippet":"max-snippet:-1","max-image-preview":"max-image-preview:large","max-video-preview":"max-video-preview:-1"},"canonical":"https:\/\/www.talidesign.eu\/et\/pood\/toode\/typealive-kruus-fk-you\/","og_locale":"et_EE","og_type":"article","og_title":"typealive Kruus F*&k You - TALI Concept Store","og_description":"typealive Kruus F* - ainulaadne k\u00e4sit\u00f6\u00f6na valmistatud kruus Saksamaalt. K\u00f5rgus 8 cm, maht 0,3 l. Avasta rohkem meie br\u00e4ndi typealive kohta.","og_url":"https:\/\/www.talidesign.eu\/et\/pood\/toode\/typealive-kruus-fk-you\/","og_site_name":"TALI Concept Store","article_publisher":"https:\/\/www.facebook.com\/TaliDisain\/","article_modified_time":"2024-11-03T14:20:22+00:00","og_image":[{"width":800,"height":800,"url":"https:\/\/www.talidesign.eu\/wp\/wp-content\/uploads\/2023\/09\/typealive-mug-fk-you-1.jpg","type":"image\/jpeg"}],"twitter_card":"summary_large_image","twitter_misc":{"Est. reading time":"1 minute"},"schema":{"@context":"https:\/\/schema.org","@graph":[{"@type":"WebPage","@id":"https:\/\/www.talidesign.eu\/et\/pood\/toode\/typealive-kruus-fk-you\/","url":"https:\/\/www.talidesign.eu\/et\/pood\/toode\/typealive-kruus-fk-you\/","name":"typealive Kruus F*&k You - TALI Concept Store","isPartOf":{"@id":"https:\/\/www.talidesign.eu\/et\/#website"},"primaryImageOfPage":{"@id":"https:\/\/www.talidesign.eu\/et\/pood\/toode\/typealive-kruus-fk-you\/#primaryimage"},"image":{"@id":"https:\/\/www.talidesign.eu\/et\/pood\/toode\/typealive-kruus-fk-you\/#primaryimage"},"thumbnailUrl":"https:\/\/www.talidesign.eu\/wp\/wp-content\/uploads\/2023\/09\/typealive-mug-fk-you-1.jpg","datePublished":"2023-09-19T16:46:27+00:00","dateModified":"2024-11-03T14:20:22+00:00","description":"typealive Kruus F* - ainulaadne k\u00e4sit\u00f6\u00f6na valmistatud kruus Saksamaalt. K\u00f5rgus 8 cm, maht 0,3 l. Avasta rohkem meie br\u00e4ndi typealive kohta.","breadcrumb":{"@id":"https:\/\/www.talidesign.eu\/et\/pood\/toode\/typealive-kruus-fk-you\/#breadcrumb"},"inLanguage":"et","potentialAction":[{"@type":"ReadAction","target":["https:\/\/www.talidesign.eu\/et\/pood\/toode\/typealive-kruus-fk-you\/"]}]},{"@type":"ImageObject","inLanguage":"et","@id":"https:\/\/www.talidesign.eu\/et\/pood\/toode\/typealive-kruus-fk-you\/#primaryimage","url":"https:\/\/www.talidesign.eu\/wp\/wp-content\/uploads\/2023\/09\/typealive-mug-fk-you-1.jpg","contentUrl":"https:\/\/www.talidesign.eu\/wp\/wp-content\/uploads\/2023\/09\/typealive-mug-fk-you-1.jpg","width":800,"height":800},{"@type":"BreadcrumbList","@id":"https:\/\/www.talidesign.eu\/et\/pood\/toode\/typealive-kruus-fk-you\/#breadcrumb","itemListElement":[{"@type":"ListItem","position":1,"name":"Avaleht","item":"https:\/\/www.talidesign.eu\/et\/"},{"@type":"ListItem","position":2,"name":"Pood","item":"https:\/\/www.talidesign.eu\/et\/pood\/"},{"@type":"ListItem","position":3,"name":"typealive Kruus F*&#038;k You"}]},{"@type":"WebSite","@id":"https:\/\/www.talidesign.eu\/et\/#website","url":"https:\/\/www.talidesign.eu\/et\/","name":"TALI Concept Store","description":"Suurim Disainipood Eestis","potentialAction":[{"@type":"SearchAction","target":{"@type":"EntryPoint","urlTemplate":"https:\/\/www.talidesign.eu\/et\/?s={search_term_string}"},"query-input":{"@type":"PropertyValueSpecification","valueRequired":true,"valueName":"search_term_string"}}],"inLanguage":"et"}]}},"_links":{"self":[{"href":"https:\/\/www.talidesign.eu\/et\/wp-json\/wp\/v2\/product\/78445","targetHints":{"allow":["GET"]}}],"collection":[{"href":"https:\/\/www.talidesign.eu\/et\/wp-json\/wp\/v2\/product"}],"about":[{"href":"https:\/\/www.talidesign.eu\/et\/wp-json\/wp\/v2\/types\/product"}],"wp:featuredmedia":[{"embeddable":true,"href":"https:\/\/www.talidesign.eu\/et\/wp-json\/wp\/v2\/media\/78453"}],"wp:attachment":[{"href":"https:\/\/www.talidesign.eu\/et\/wp-json\/wp\/v2\/media?parent=78445"}],"wp:term":[{"taxonomy":"product_brand","embeddable":true,"href":"https:\/\/www.talidesign.eu\/et\/wp-json\/wp\/v2\/product_brand?post=78445"},{"taxonomy":"product_cat","embeddable":true,"href":"https:\/\/www.talidesign.eu\/et\/wp-json\/wp\/v2\/product_cat?post=78445"},{"taxonomy":"product_tag","embeddable":true,"href":"https:\/\/www.talidesign.eu\/et\/wp-json\/wp\/v2\/product_tag?post=78445"}],"curies":[{"name":"wp","href":"https:\/\/api.w.org\/{rel}","templated":true}]}}