{"id":78513,"date":"2023-09-20T13:09:44","date_gmt":"2023-09-20T10:09:44","guid":{"rendered":"https:\/\/www.talidesign.eu\/?post_type=product&#038;p=78513"},"modified":"2025-05-03T15:55:10","modified_gmt":"2025-05-03T12:55:10","slug":"doiy-3-paari-fresh-egg-sokid","status":"publish","type":"product","link":"https:\/\/www.talidesign.eu\/et\/pood\/toode\/doiy-3-paari-fresh-egg-sokid\/","title":{"rendered":"DOIY 3 paari Fresh Egg sokid"},"content":{"rendered":"<p><strong>Fresh Egg sokid<\/strong><\/p>\n<p>Alustage oma p\u00e4eva vabapidamisel peetavate kanade v\u00e4rskete munadega ja tunnetage j\u00f5udu kogu p\u00e4eva jooksul! Hankige kolm paari!<\/p>\n<p>\u2022 3 paari<br \/>\n\u2022 Puuvill, elastaan, pol\u00fcester<br \/>\n\u2022 V\u00f5ib pesta pesumasinas<br \/>\n\u2022 Unisex \u2013 \u00fcks suurus sobib k\u00f5igile<br \/>\n\u2022 <a href=\"\/et\/tootekategooria\/brandid\/doiy-et\/\">Br\u00e4nd DOIY<\/a><\/p>\n<p><strong>Meist<\/strong><\/p>\n<p>2008. aastal Elodie ja Jaime poolt Barcelonas asutatud DOIY on \u00fclemaailmne elustiilibr\u00e4nd, mis on p\u00fchendunud kingituste ja kodutarvikute loomisele. <\/p>\n<p>Igal esemel on oma lugu. \u00dcksk\u00f5ik, kas nad \u00fcllatavad, r\u00f5\u00f5mustavad, saadavad h\u00e4id tundeid v\u00f5i ajavad naerma &#8230; tekitavad nad alati meeldiva emotsiooni.<\/p>\n<p><a href=\"https:\/\/www.talidesign.eu\/wp\/wp-content\/uploads\/2020\/05\/MG_0219-e1572366614332-scaled.jpg\"><img loading=\"lazy\" decoding=\"async\" class=\"alignnone size-full wp-image-9832\" src=\"https:\/\/www.talidesign.eu\/wp\/wp-content\/uploads\/2020\/05\/MG_0219-e1572366614332-scaled.jpg\" alt=\"\" width=\"2560\" height=\"2323\" srcset=\"https:\/\/www.talidesign.eu\/wp\/wp-content\/uploads\/2020\/05\/MG_0219-e1572366614332-scaled.jpg 2560w, https:\/\/www.talidesign.eu\/wp\/wp-content\/uploads\/2020\/05\/MG_0219-e1572366614332-441x400.jpg 441w, https:\/\/www.talidesign.eu\/wp\/wp-content\/uploads\/2020\/05\/MG_0219-e1572366614332-882x800.jpg 882w, https:\/\/www.talidesign.eu\/wp\/wp-content\/uploads\/2020\/05\/MG_0219-e1572366614332-768x697.jpg 768w, https:\/\/www.talidesign.eu\/wp\/wp-content\/uploads\/2020\/05\/MG_0219-e1572366614332-1536x1394.jpg 1536w, https:\/\/www.talidesign.eu\/wp\/wp-content\/uploads\/2020\/05\/MG_0219-e1572366614332-2048x1858.jpg 2048w, https:\/\/www.talidesign.eu\/wp\/wp-content\/uploads\/2020\/05\/MG_0219-e1572366614332-500x454.jpg 500w, https:\/\/www.talidesign.eu\/wp\/wp-content\/uploads\/2020\/05\/MG_0219-e1572366614332-510x463.jpg 510w\" sizes=\"auto, (max-width: 2560px) 100vw, 2560px\" \/><\/a><br \/>\n<em>Elodie and Jaime<\/em><br \/>\n<a href=\"\/et\/tootekategooria\/brandid\/doiy-et\/\"><img loading=\"lazy\" decoding=\"async\" src=\"https:\/\/www.talidesign.eu\/wp\/wp-content\/uploads\/2021\/03\/logo-4.jpg\" alt=\"\" width=\"500\" height=\"100\" class=\"alignnone size-full wp-image-24553\" \/><\/a><\/p>\n","protected":false},"excerpt":{"rendered":"<p><strong>Fresh Egg sokid<\/strong><\/p>\n<p>Alustage oma p\u00e4eva vabapidamisel peetavate kanade v\u00e4rskete munadega ja tunnetage j\u00f5udu kogu p\u00e4eva jooksul! Hankige kolm paari!<\/p>\n<p>\u2022 3 paari<br \/>\n\u2022 Puuvill, elastaan, pol\u00fcester<br \/>\n\u2022 V\u00f5ib pesta pesumasinas<br \/>\n\u2022 Unisex \u2013 \u00fcks suurus sobib k\u00f5igile<br \/>\n\u2022 <a href=\"\/et\/tootekategooria\/brandid\/doiy-et\/\">Br\u00e4nd DOIY<\/a><\/p>\n<p><strong>Meist<\/strong><\/p>\n<p>2008. aastal Elodie ja Jaime poolt Barcelonas asutatud DOIY on \u00fclemaailmne elustiilibr\u00e4nd, mis on p\u00fchendunud kingituste ja kodutarvikute loomisele. <\/p>\n<p>Igal esemel on oma lugu. \u00dcksk\u00f5ik, kas nad \u00fcllatavad, r\u00f5\u00f5mustavad, saadavad h\u00e4id tundeid v\u00f5i ajavad naerma &#8230; tekitavad nad alati meeldiva emotsiooni.<\/p>\n<p><a href=\"https:\/\/www.talidesign.eu\/wp\/wp-content\/uploads\/2020\/05\/MG_0219-e1572366614332-scaled.jpg\"><img loading=\"lazy\" decoding=\"async\" class=\"alignnone size-full wp-image-9832\" src=\"https:\/\/www.talidesign.eu\/wp\/wp-content\/uploads\/2020\/05\/MG_0219-e1572366614332-scaled.jpg\" alt=\"\" width=\"2560\" height=\"2323\" srcset=\"https:\/\/www.talidesign.eu\/wp\/wp-content\/uploads\/2020\/05\/MG_0219-e1572366614332-scaled.jpg 2560w, https:\/\/www.talidesign.eu\/wp\/wp-content\/uploads\/2020\/05\/MG_0219-e1572366614332-441x400.jpg 441w, https:\/\/www.talidesign.eu\/wp\/wp-content\/uploads\/2020\/05\/MG_0219-e1572366614332-882x800.jpg 882w, https:\/\/www.talidesign.eu\/wp\/wp-content\/uploads\/2020\/05\/MG_0219-e1572366614332-768x697.jpg 768w, https:\/\/www.talidesign.eu\/wp\/wp-content\/uploads\/2020\/05\/MG_0219-e1572366614332-1536x1394.jpg 1536w, https:\/\/www.talidesign.eu\/wp\/wp-content\/uploads\/2020\/05\/MG_0219-e1572366614332-2048x1858.jpg 2048w, https:\/\/www.talidesign.eu\/wp\/wp-content\/uploads\/2020\/05\/MG_0219-e1572366614332-500x454.jpg 500w, https:\/\/www.talidesign.eu\/wp\/wp-content\/uploads\/2020\/05\/MG_0219-e1572366614332-510x463.jpg 510w\" sizes=\"auto, (max-width: 2560px) 100vw, 2560px\" \/><\/a><br \/>\n<em>Elodie and Jaime<\/em><br \/>\n<a href=\"\/et\/tootekategooria\/brandid\/doiy-et\/\"><img loading=\"lazy\" decoding=\"async\" src=\"https:\/\/www.talidesign.eu\/wp\/wp-content\/uploads\/2021\/03\/logo-4.jpg\" alt=\"\" width=\"500\" height=\"100\" class=\"alignnone size-full wp-image-24553\" \/><\/a><\/p>\n","protected":false},"featured_media":78527,"template":"","meta":[],"product_brand":[],"product_cat":[1026,1041,1121,1140],"product_tag":[1593],"class_list":{"0":"post-78513","1":"product","2":"type-product","3":"status-publish","4":"has-post-thumbnail","6":"product_cat-brandid","7":"product_cat-doiy-et","8":"product_cat-sokid","9":"product_cat-naiste-sokid","10":"product_tag-socks-et","12":"first","13":"outofstock","14":"taxable","15":"shipping-taxable","16":"purchasable","17":"product-type-simple"},"yoast_head":"<!-- This site is optimized with the Yoast SEO plugin v27.3 - https:\/\/yoast.com\/product\/yoast-seo-wordpress\/ -->\n<title>DOIY 3 paari Fresh Egg sokid - TALI Concept Store<\/title>\n<meta name=\"description\" content=\"Alustage oma p\u00e4eva v\u00e4rskete munadega! DOIY 3 paari Fresh Egg sokid on ideaalne viis j\u00f5udu ja r\u00f5\u00f5mu tunda. Hankige need n\u00fc\u00fcd!\" \/>\n<meta name=\"robots\" content=\"index, follow, max-snippet:-1, max-image-preview:large, max-video-preview:-1\" \/>\n<link rel=\"canonical\" href=\"https:\/\/www.talidesign.eu\/et\/pood\/toode\/doiy-3-paari-fresh-egg-sokid\/\" \/>\n<meta property=\"og:locale\" content=\"et_EE\" \/>\n<meta property=\"og:type\" content=\"article\" \/>\n<meta property=\"og:title\" content=\"DOIY 3 paari Fresh Egg sokid - TALI Concept Store\" \/>\n<meta property=\"og:description\" content=\"Alustage oma p\u00e4eva v\u00e4rskete munadega! DOIY 3 paari Fresh Egg sokid on ideaalne viis j\u00f5udu ja r\u00f5\u00f5mu tunda. Hankige need n\u00fc\u00fcd!\" \/>\n<meta property=\"og:url\" content=\"https:\/\/www.talidesign.eu\/et\/pood\/toode\/doiy-3-paari-fresh-egg-sokid\/\" \/>\n<meta property=\"og:site_name\" content=\"TALI Concept Store\" \/>\n<meta property=\"article:publisher\" content=\"https:\/\/www.facebook.com\/TaliDisain\/\" \/>\n<meta property=\"article:modified_time\" content=\"2025-05-03T12:55:10+00:00\" \/>\n<meta property=\"og:image\" content=\"https:\/\/www.talidesign.eu\/wp\/wp-content\/uploads\/2023\/09\/doiy-3-pairs-fresh-egg-socks.jpg\" \/>\n\t<meta property=\"og:image:width\" content=\"800\" \/>\n\t<meta property=\"og:image:height\" content=\"800\" \/>\n\t<meta property=\"og:image:type\" content=\"image\/jpeg\" \/>\n<meta name=\"twitter:card\" content=\"summary_large_image\" \/>\n<meta name=\"twitter:label1\" content=\"Est. reading time\" \/>\n\t<meta name=\"twitter:data1\" content=\"1 minute\" \/>\n<script type=\"application\/ld+json\" class=\"yoast-schema-graph\">{\"@context\":\"https:\\\/\\\/schema.org\",\"@graph\":[{\"@type\":\"WebPage\",\"@id\":\"https:\\\/\\\/www.talidesign.eu\\\/et\\\/pood\\\/toode\\\/doiy-3-paari-fresh-egg-sokid\\\/\",\"url\":\"https:\\\/\\\/www.talidesign.eu\\\/et\\\/pood\\\/toode\\\/doiy-3-paari-fresh-egg-sokid\\\/\",\"name\":\"DOIY 3 paari Fresh Egg sokid - TALI Concept Store\",\"isPartOf\":{\"@id\":\"https:\\\/\\\/www.talidesign.eu\\\/et\\\/#website\"},\"primaryImageOfPage\":{\"@id\":\"https:\\\/\\\/www.talidesign.eu\\\/et\\\/pood\\\/toode\\\/doiy-3-paari-fresh-egg-sokid\\\/#primaryimage\"},\"image\":{\"@id\":\"https:\\\/\\\/www.talidesign.eu\\\/et\\\/pood\\\/toode\\\/doiy-3-paari-fresh-egg-sokid\\\/#primaryimage\"},\"thumbnailUrl\":\"https:\\\/\\\/www.talidesign.eu\\\/wp\\\/wp-content\\\/uploads\\\/2023\\\/09\\\/doiy-3-pairs-fresh-egg-socks.jpg\",\"datePublished\":\"2023-09-20T10:09:44+00:00\",\"dateModified\":\"2025-05-03T12:55:10+00:00\",\"description\":\"Alustage oma p\u00e4eva v\u00e4rskete munadega! DOIY 3 paari Fresh Egg sokid on ideaalne viis j\u00f5udu ja r\u00f5\u00f5mu tunda. Hankige need n\u00fc\u00fcd!\",\"breadcrumb\":{\"@id\":\"https:\\\/\\\/www.talidesign.eu\\\/et\\\/pood\\\/toode\\\/doiy-3-paari-fresh-egg-sokid\\\/#breadcrumb\"},\"inLanguage\":\"et\",\"potentialAction\":[{\"@type\":\"ReadAction\",\"target\":[\"https:\\\/\\\/www.talidesign.eu\\\/et\\\/pood\\\/toode\\\/doiy-3-paari-fresh-egg-sokid\\\/\"]}]},{\"@type\":\"ImageObject\",\"inLanguage\":\"et\",\"@id\":\"https:\\\/\\\/www.talidesign.eu\\\/et\\\/pood\\\/toode\\\/doiy-3-paari-fresh-egg-sokid\\\/#primaryimage\",\"url\":\"https:\\\/\\\/www.talidesign.eu\\\/wp\\\/wp-content\\\/uploads\\\/2023\\\/09\\\/doiy-3-pairs-fresh-egg-socks.jpg\",\"contentUrl\":\"https:\\\/\\\/www.talidesign.eu\\\/wp\\\/wp-content\\\/uploads\\\/2023\\\/09\\\/doiy-3-pairs-fresh-egg-socks.jpg\",\"width\":800,\"height\":800},{\"@type\":\"BreadcrumbList\",\"@id\":\"https:\\\/\\\/www.talidesign.eu\\\/et\\\/pood\\\/toode\\\/doiy-3-paari-fresh-egg-sokid\\\/#breadcrumb\",\"itemListElement\":[{\"@type\":\"ListItem\",\"position\":1,\"name\":\"Avaleht\",\"item\":\"https:\\\/\\\/www.talidesign.eu\\\/et\\\/\"},{\"@type\":\"ListItem\",\"position\":2,\"name\":\"Pood\",\"item\":\"https:\\\/\\\/www.talidesign.eu\\\/et\\\/pood\\\/\"},{\"@type\":\"ListItem\",\"position\":3,\"name\":\"DOIY 3 paari Fresh Egg sokid\"}]},{\"@type\":\"WebSite\",\"@id\":\"https:\\\/\\\/www.talidesign.eu\\\/et\\\/#website\",\"url\":\"https:\\\/\\\/www.talidesign.eu\\\/et\\\/\",\"name\":\"TALI Concept Store\",\"description\":\"Suurim Disainipood Eestis\",\"potentialAction\":[{\"@type\":\"SearchAction\",\"target\":{\"@type\":\"EntryPoint\",\"urlTemplate\":\"https:\\\/\\\/www.talidesign.eu\\\/et\\\/?s={search_term_string}\"},\"query-input\":{\"@type\":\"PropertyValueSpecification\",\"valueRequired\":true,\"valueName\":\"search_term_string\"}}],\"inLanguage\":\"et\"}]}<\/script>\n<!-- \/ Yoast SEO plugin. -->","yoast_head_json":{"title":"DOIY 3 paari Fresh Egg sokid - TALI Concept Store","description":"Alustage oma p\u00e4eva v\u00e4rskete munadega! DOIY 3 paari Fresh Egg sokid on ideaalne viis j\u00f5udu ja r\u00f5\u00f5mu tunda. Hankige need n\u00fc\u00fcd!","robots":{"index":"index","follow":"follow","max-snippet":"max-snippet:-1","max-image-preview":"max-image-preview:large","max-video-preview":"max-video-preview:-1"},"canonical":"https:\/\/www.talidesign.eu\/et\/pood\/toode\/doiy-3-paari-fresh-egg-sokid\/","og_locale":"et_EE","og_type":"article","og_title":"DOIY 3 paari Fresh Egg sokid - TALI Concept Store","og_description":"Alustage oma p\u00e4eva v\u00e4rskete munadega! DOIY 3 paari Fresh Egg sokid on ideaalne viis j\u00f5udu ja r\u00f5\u00f5mu tunda. Hankige need n\u00fc\u00fcd!","og_url":"https:\/\/www.talidesign.eu\/et\/pood\/toode\/doiy-3-paari-fresh-egg-sokid\/","og_site_name":"TALI Concept Store","article_publisher":"https:\/\/www.facebook.com\/TaliDisain\/","article_modified_time":"2025-05-03T12:55:10+00:00","og_image":[{"width":800,"height":800,"url":"https:\/\/www.talidesign.eu\/wp\/wp-content\/uploads\/2023\/09\/doiy-3-pairs-fresh-egg-socks.jpg","type":"image\/jpeg"}],"twitter_card":"summary_large_image","twitter_misc":{"Est. reading time":"1 minute"},"schema":{"@context":"https:\/\/schema.org","@graph":[{"@type":"WebPage","@id":"https:\/\/www.talidesign.eu\/et\/pood\/toode\/doiy-3-paari-fresh-egg-sokid\/","url":"https:\/\/www.talidesign.eu\/et\/pood\/toode\/doiy-3-paari-fresh-egg-sokid\/","name":"DOIY 3 paari Fresh Egg sokid - TALI Concept Store","isPartOf":{"@id":"https:\/\/www.talidesign.eu\/et\/#website"},"primaryImageOfPage":{"@id":"https:\/\/www.talidesign.eu\/et\/pood\/toode\/doiy-3-paari-fresh-egg-sokid\/#primaryimage"},"image":{"@id":"https:\/\/www.talidesign.eu\/et\/pood\/toode\/doiy-3-paari-fresh-egg-sokid\/#primaryimage"},"thumbnailUrl":"https:\/\/www.talidesign.eu\/wp\/wp-content\/uploads\/2023\/09\/doiy-3-pairs-fresh-egg-socks.jpg","datePublished":"2023-09-20T10:09:44+00:00","dateModified":"2025-05-03T12:55:10+00:00","description":"Alustage oma p\u00e4eva v\u00e4rskete munadega! DOIY 3 paari Fresh Egg sokid on ideaalne viis j\u00f5udu ja r\u00f5\u00f5mu tunda. Hankige need n\u00fc\u00fcd!","breadcrumb":{"@id":"https:\/\/www.talidesign.eu\/et\/pood\/toode\/doiy-3-paari-fresh-egg-sokid\/#breadcrumb"},"inLanguage":"et","potentialAction":[{"@type":"ReadAction","target":["https:\/\/www.talidesign.eu\/et\/pood\/toode\/doiy-3-paari-fresh-egg-sokid\/"]}]},{"@type":"ImageObject","inLanguage":"et","@id":"https:\/\/www.talidesign.eu\/et\/pood\/toode\/doiy-3-paari-fresh-egg-sokid\/#primaryimage","url":"https:\/\/www.talidesign.eu\/wp\/wp-content\/uploads\/2023\/09\/doiy-3-pairs-fresh-egg-socks.jpg","contentUrl":"https:\/\/www.talidesign.eu\/wp\/wp-content\/uploads\/2023\/09\/doiy-3-pairs-fresh-egg-socks.jpg","width":800,"height":800},{"@type":"BreadcrumbList","@id":"https:\/\/www.talidesign.eu\/et\/pood\/toode\/doiy-3-paari-fresh-egg-sokid\/#breadcrumb","itemListElement":[{"@type":"ListItem","position":1,"name":"Avaleht","item":"https:\/\/www.talidesign.eu\/et\/"},{"@type":"ListItem","position":2,"name":"Pood","item":"https:\/\/www.talidesign.eu\/et\/pood\/"},{"@type":"ListItem","position":3,"name":"DOIY 3 paari Fresh Egg sokid"}]},{"@type":"WebSite","@id":"https:\/\/www.talidesign.eu\/et\/#website","url":"https:\/\/www.talidesign.eu\/et\/","name":"TALI Concept Store","description":"Suurim Disainipood Eestis","potentialAction":[{"@type":"SearchAction","target":{"@type":"EntryPoint","urlTemplate":"https:\/\/www.talidesign.eu\/et\/?s={search_term_string}"},"query-input":{"@type":"PropertyValueSpecification","valueRequired":true,"valueName":"search_term_string"}}],"inLanguage":"et"}]}},"_links":{"self":[{"href":"https:\/\/www.talidesign.eu\/et\/wp-json\/wp\/v2\/product\/78513","targetHints":{"allow":["GET"]}}],"collection":[{"href":"https:\/\/www.talidesign.eu\/et\/wp-json\/wp\/v2\/product"}],"about":[{"href":"https:\/\/www.talidesign.eu\/et\/wp-json\/wp\/v2\/types\/product"}],"wp:featuredmedia":[{"embeddable":true,"href":"https:\/\/www.talidesign.eu\/et\/wp-json\/wp\/v2\/media\/78527"}],"wp:attachment":[{"href":"https:\/\/www.talidesign.eu\/et\/wp-json\/wp\/v2\/media?parent=78513"}],"wp:term":[{"taxonomy":"product_brand","embeddable":true,"href":"https:\/\/www.talidesign.eu\/et\/wp-json\/wp\/v2\/product_brand?post=78513"},{"taxonomy":"product_cat","embeddable":true,"href":"https:\/\/www.talidesign.eu\/et\/wp-json\/wp\/v2\/product_cat?post=78513"},{"taxonomy":"product_tag","embeddable":true,"href":"https:\/\/www.talidesign.eu\/et\/wp-json\/wp\/v2\/product_tag?post=78513"}],"curies":[{"name":"wp","href":"https:\/\/api.w.org\/{rel}","templated":true}]}}