{"id":78682,"date":"2023-09-21T18:28:41","date_gmt":"2023-09-21T15:28:41","guid":{"rendered":"https:\/\/www.talidesign.eu\/?post_type=product&#038;p=78682"},"modified":"2024-04-04T11:47:47","modified_gmt":"2024-04-04T08:47:47","slug":"march-helkur-double-metallic-gold","status":"publish","type":"product","link":"https:\/\/www.talidesign.eu\/et\/pood\/toode\/march-helkur-double-metallic-gold\/","title":{"rendered":"March Helkur Double Metallic Gold"},"content":{"rendered":"<p><strong>Helkur Double Metallic Gold<\/strong><\/p>\n<p>Komplektis on kaks helkurit &#8211; mini ja maxi. Hea v\u00e4limusega moeaksessuaar endale v\u00f5i s\u00f5brale kingituseks.<\/p>\n<p>\u2022 Peegeldav, veekindel, talub kuni \u201340\u00b0<br \/>\n\u2022 Suurus: mini \u00f8 38 mm ja max \u00f8 55 mm<br \/>\n\u2022 Materjal: sertifitseeritud helkurkangas, metallist tihvt, plastist alus<br \/>\n\u2022 <a href=\"\/et\/tootekategooria\/brandid\/march-design-studio\/\">Br\u00e4nd March design studio<\/a><\/p>\n<p><strong>B\u00e4rndist!<\/strong><\/p>\n<p>Disainistuudio MARCH asutati aastal 2012. Alguses olime v\u00e4ike ettev\u00f5te Vilniuses &#8211; m\u00f5ne aastaga on meist saanud rahvusvaheliselt tunnustatud kaubam\u00e4rk, kelle tooteid m\u00fc\u00fcakse enam kui 50 riigis \u00fcle maailma.<\/p>\n<p><a href=\"\/et\/tootekategooria\/brandid\/march-design-studio\/\"><img loading=\"lazy\" decoding=\"async\" src=\"https:\/\/www.talidesign.eu\/wp\/wp-content\/uploads\/2021\/09\/march.jpg\" alt=\"\" width=\"500\" height=\"100\" class=\"alignnone size-full wp-image-34588\" \/><\/a><\/p>\n","protected":false},"excerpt":{"rendered":"<p><strong>Helkur Double Metallic Gold<\/strong><\/p>\n<p>Komplektis on kaks helkurit &#8211; mini ja maxi. Hea v\u00e4limusega moeaksessuaar endale v\u00f5i s\u00f5brale kingituseks.<\/p>\n<p>\u2022 Peegeldav, veekindel, talub kuni \u201340\u00b0<br \/>\n\u2022 Suurus: mini \u00f8 38 mm ja max \u00f8 55 mm<br \/>\n\u2022 Materjal: sertifitseeritud helkurkangas, metallist tihvt, plastist alus<br \/>\n\u2022 <a href=\"\/et\/tootekategooria\/brandid\/march-design-studio\/\">Br\u00e4nd March design studio<\/a><\/p>\n<p><strong>B\u00e4rndist!<\/strong><\/p>\n<p>Disainistuudio MARCH asutati aastal 2012. Alguses olime v\u00e4ike ettev\u00f5te Vilniuses &#8211; m\u00f5ne aastaga on meist saanud rahvusvaheliselt tunnustatud kaubam\u00e4rk, kelle tooteid m\u00fc\u00fcakse enam kui 50 riigis \u00fcle maailma.<\/p>\n<p><a href=\"\/et\/tootekategooria\/brandid\/march-design-studio\/\"><img loading=\"lazy\" decoding=\"async\" src=\"https:\/\/www.talidesign.eu\/wp\/wp-content\/uploads\/2021\/09\/march.jpg\" alt=\"\" width=\"500\" height=\"100\" class=\"alignnone size-full wp-image-34588\" \/><\/a><\/p>\n","protected":false},"featured_media":78684,"template":"","meta":[],"product_brand":[],"product_cat":[1026,1126,1170,1065],"product_tag":[1748],"class_list":{"0":"post-78682","1":"product","2":"type-product","3":"status-publish","4":"has-post-thumbnail","6":"product_cat-brandid","7":"product_cat-meeste-helkurid","8":"product_cat-helkurid","9":"product_cat-march-design-studio","10":"product_tag-march-design-studio-et","12":"first","13":"outofstock","14":"taxable","15":"shipping-taxable","16":"purchasable","17":"product-type-simple"},"yoast_head":"<!-- This site is optimized with the Yoast SEO plugin v27.3 - https:\/\/yoast.com\/product\/yoast-seo-wordpress\/ -->\n<title>March Helkur Double Metallic Gold - TALI Concept Store<\/title>\n<meta name=\"description\" content=\"March Helkur Double Metallic Gold - komplektis on kaks helkurit - mini ja maxi. Peegeldav, veekindel, talub kuni \u201340\u00b0. Suurus: mini \u00f8 38 mm ja max \u00f8 55 mm. Br\u00e4nd March design studio.\" \/>\n<meta name=\"robots\" content=\"index, follow, max-snippet:-1, max-image-preview:large, max-video-preview:-1\" \/>\n<link rel=\"canonical\" href=\"https:\/\/www.talidesign.eu\/et\/pood\/toode\/march-helkur-double-metallic-gold\/\" \/>\n<meta property=\"og:locale\" content=\"et_EE\" \/>\n<meta property=\"og:type\" content=\"article\" \/>\n<meta property=\"og:title\" content=\"March Helkur Double Metallic Gold - TALI Concept Store\" \/>\n<meta property=\"og:description\" content=\"March Helkur Double Metallic Gold - komplektis on kaks helkurit - mini ja maxi. Peegeldav, veekindel, talub kuni \u201340\u00b0. Suurus: mini \u00f8 38 mm ja max \u00f8 55 mm. Br\u00e4nd March design studio.\" \/>\n<meta property=\"og:url\" content=\"https:\/\/www.talidesign.eu\/et\/pood\/toode\/march-helkur-double-metallic-gold\/\" \/>\n<meta property=\"og:site_name\" content=\"TALI Concept Store\" \/>\n<meta property=\"article:publisher\" content=\"https:\/\/www.facebook.com\/TaliDisain\/\" \/>\n<meta property=\"article:modified_time\" content=\"2024-04-04T08:47:47+00:00\" \/>\n<meta property=\"og:image\" content=\"https:\/\/www.talidesign.eu\/wp\/wp-content\/uploads\/2023\/09\/march-reflective-badge-double-metallic-gold-2.jpg\" \/>\n\t<meta property=\"og:image:width\" content=\"768\" \/>\n\t<meta property=\"og:image:height\" content=\"768\" \/>\n\t<meta property=\"og:image:type\" content=\"image\/jpeg\" \/>\n<meta name=\"twitter:card\" content=\"summary_large_image\" \/>\n<meta name=\"twitter:label1\" content=\"Est. reading time\" \/>\n\t<meta name=\"twitter:data1\" content=\"1 minute\" \/>\n<script type=\"application\/ld+json\" class=\"yoast-schema-graph\">{\"@context\":\"https:\\\/\\\/schema.org\",\"@graph\":[{\"@type\":\"WebPage\",\"@id\":\"https:\\\/\\\/www.talidesign.eu\\\/et\\\/pood\\\/toode\\\/march-helkur-double-metallic-gold\\\/\",\"url\":\"https:\\\/\\\/www.talidesign.eu\\\/et\\\/pood\\\/toode\\\/march-helkur-double-metallic-gold\\\/\",\"name\":\"March Helkur Double Metallic Gold - TALI Concept Store\",\"isPartOf\":{\"@id\":\"https:\\\/\\\/www.talidesign.eu\\\/et\\\/#website\"},\"primaryImageOfPage\":{\"@id\":\"https:\\\/\\\/www.talidesign.eu\\\/et\\\/pood\\\/toode\\\/march-helkur-double-metallic-gold\\\/#primaryimage\"},\"image\":{\"@id\":\"https:\\\/\\\/www.talidesign.eu\\\/et\\\/pood\\\/toode\\\/march-helkur-double-metallic-gold\\\/#primaryimage\"},\"thumbnailUrl\":\"https:\\\/\\\/www.talidesign.eu\\\/wp\\\/wp-content\\\/uploads\\\/2023\\\/09\\\/march-reflective-badge-double-metallic-gold-2.jpg\",\"datePublished\":\"2023-09-21T15:28:41+00:00\",\"dateModified\":\"2024-04-04T08:47:47+00:00\",\"description\":\"March Helkur Double Metallic Gold - komplektis on kaks helkurit - mini ja maxi. Peegeldav, veekindel, talub kuni \u201340\u00b0. Suurus: mini \u00f8 38 mm ja max \u00f8 55 mm. Br\u00e4nd March design studio.\",\"breadcrumb\":{\"@id\":\"https:\\\/\\\/www.talidesign.eu\\\/et\\\/pood\\\/toode\\\/march-helkur-double-metallic-gold\\\/#breadcrumb\"},\"inLanguage\":\"et\",\"potentialAction\":[{\"@type\":\"ReadAction\",\"target\":[\"https:\\\/\\\/www.talidesign.eu\\\/et\\\/pood\\\/toode\\\/march-helkur-double-metallic-gold\\\/\"]}]},{\"@type\":\"ImageObject\",\"inLanguage\":\"et\",\"@id\":\"https:\\\/\\\/www.talidesign.eu\\\/et\\\/pood\\\/toode\\\/march-helkur-double-metallic-gold\\\/#primaryimage\",\"url\":\"https:\\\/\\\/www.talidesign.eu\\\/wp\\\/wp-content\\\/uploads\\\/2023\\\/09\\\/march-reflective-badge-double-metallic-gold-2.jpg\",\"contentUrl\":\"https:\\\/\\\/www.talidesign.eu\\\/wp\\\/wp-content\\\/uploads\\\/2023\\\/09\\\/march-reflective-badge-double-metallic-gold-2.jpg\",\"width\":768,\"height\":768},{\"@type\":\"BreadcrumbList\",\"@id\":\"https:\\\/\\\/www.talidesign.eu\\\/et\\\/pood\\\/toode\\\/march-helkur-double-metallic-gold\\\/#breadcrumb\",\"itemListElement\":[{\"@type\":\"ListItem\",\"position\":1,\"name\":\"Avaleht\",\"item\":\"https:\\\/\\\/www.talidesign.eu\\\/et\\\/\"},{\"@type\":\"ListItem\",\"position\":2,\"name\":\"Pood\",\"item\":\"https:\\\/\\\/www.talidesign.eu\\\/et\\\/pood\\\/\"},{\"@type\":\"ListItem\",\"position\":3,\"name\":\"March Helkur Double Metallic Gold\"}]},{\"@type\":\"WebSite\",\"@id\":\"https:\\\/\\\/www.talidesign.eu\\\/et\\\/#website\",\"url\":\"https:\\\/\\\/www.talidesign.eu\\\/et\\\/\",\"name\":\"TALI Concept Store\",\"description\":\"Suurim Disainipood Eestis\",\"potentialAction\":[{\"@type\":\"SearchAction\",\"target\":{\"@type\":\"EntryPoint\",\"urlTemplate\":\"https:\\\/\\\/www.talidesign.eu\\\/et\\\/?s={search_term_string}\"},\"query-input\":{\"@type\":\"PropertyValueSpecification\",\"valueRequired\":true,\"valueName\":\"search_term_string\"}}],\"inLanguage\":\"et\"}]}<\/script>\n<!-- \/ Yoast SEO plugin. -->","yoast_head_json":{"title":"March Helkur Double Metallic Gold - TALI Concept Store","description":"March Helkur Double Metallic Gold - komplektis on kaks helkurit - mini ja maxi. Peegeldav, veekindel, talub kuni \u201340\u00b0. Suurus: mini \u00f8 38 mm ja max \u00f8 55 mm. Br\u00e4nd March design studio.","robots":{"index":"index","follow":"follow","max-snippet":"max-snippet:-1","max-image-preview":"max-image-preview:large","max-video-preview":"max-video-preview:-1"},"canonical":"https:\/\/www.talidesign.eu\/et\/pood\/toode\/march-helkur-double-metallic-gold\/","og_locale":"et_EE","og_type":"article","og_title":"March Helkur Double Metallic Gold - TALI Concept Store","og_description":"March Helkur Double Metallic Gold - komplektis on kaks helkurit - mini ja maxi. Peegeldav, veekindel, talub kuni \u201340\u00b0. Suurus: mini \u00f8 38 mm ja max \u00f8 55 mm. Br\u00e4nd March design studio.","og_url":"https:\/\/www.talidesign.eu\/et\/pood\/toode\/march-helkur-double-metallic-gold\/","og_site_name":"TALI Concept Store","article_publisher":"https:\/\/www.facebook.com\/TaliDisain\/","article_modified_time":"2024-04-04T08:47:47+00:00","og_image":[{"width":768,"height":768,"url":"https:\/\/www.talidesign.eu\/wp\/wp-content\/uploads\/2023\/09\/march-reflective-badge-double-metallic-gold-2.jpg","type":"image\/jpeg"}],"twitter_card":"summary_large_image","twitter_misc":{"Est. reading time":"1 minute"},"schema":{"@context":"https:\/\/schema.org","@graph":[{"@type":"WebPage","@id":"https:\/\/www.talidesign.eu\/et\/pood\/toode\/march-helkur-double-metallic-gold\/","url":"https:\/\/www.talidesign.eu\/et\/pood\/toode\/march-helkur-double-metallic-gold\/","name":"March Helkur Double Metallic Gold - TALI Concept Store","isPartOf":{"@id":"https:\/\/www.talidesign.eu\/et\/#website"},"primaryImageOfPage":{"@id":"https:\/\/www.talidesign.eu\/et\/pood\/toode\/march-helkur-double-metallic-gold\/#primaryimage"},"image":{"@id":"https:\/\/www.talidesign.eu\/et\/pood\/toode\/march-helkur-double-metallic-gold\/#primaryimage"},"thumbnailUrl":"https:\/\/www.talidesign.eu\/wp\/wp-content\/uploads\/2023\/09\/march-reflective-badge-double-metallic-gold-2.jpg","datePublished":"2023-09-21T15:28:41+00:00","dateModified":"2024-04-04T08:47:47+00:00","description":"March Helkur Double Metallic Gold - komplektis on kaks helkurit - mini ja maxi. Peegeldav, veekindel, talub kuni \u201340\u00b0. Suurus: mini \u00f8 38 mm ja max \u00f8 55 mm. Br\u00e4nd March design studio.","breadcrumb":{"@id":"https:\/\/www.talidesign.eu\/et\/pood\/toode\/march-helkur-double-metallic-gold\/#breadcrumb"},"inLanguage":"et","potentialAction":[{"@type":"ReadAction","target":["https:\/\/www.talidesign.eu\/et\/pood\/toode\/march-helkur-double-metallic-gold\/"]}]},{"@type":"ImageObject","inLanguage":"et","@id":"https:\/\/www.talidesign.eu\/et\/pood\/toode\/march-helkur-double-metallic-gold\/#primaryimage","url":"https:\/\/www.talidesign.eu\/wp\/wp-content\/uploads\/2023\/09\/march-reflective-badge-double-metallic-gold-2.jpg","contentUrl":"https:\/\/www.talidesign.eu\/wp\/wp-content\/uploads\/2023\/09\/march-reflective-badge-double-metallic-gold-2.jpg","width":768,"height":768},{"@type":"BreadcrumbList","@id":"https:\/\/www.talidesign.eu\/et\/pood\/toode\/march-helkur-double-metallic-gold\/#breadcrumb","itemListElement":[{"@type":"ListItem","position":1,"name":"Avaleht","item":"https:\/\/www.talidesign.eu\/et\/"},{"@type":"ListItem","position":2,"name":"Pood","item":"https:\/\/www.talidesign.eu\/et\/pood\/"},{"@type":"ListItem","position":3,"name":"March Helkur Double Metallic Gold"}]},{"@type":"WebSite","@id":"https:\/\/www.talidesign.eu\/et\/#website","url":"https:\/\/www.talidesign.eu\/et\/","name":"TALI Concept Store","description":"Suurim Disainipood Eestis","potentialAction":[{"@type":"SearchAction","target":{"@type":"EntryPoint","urlTemplate":"https:\/\/www.talidesign.eu\/et\/?s={search_term_string}"},"query-input":{"@type":"PropertyValueSpecification","valueRequired":true,"valueName":"search_term_string"}}],"inLanguage":"et"}]}},"_links":{"self":[{"href":"https:\/\/www.talidesign.eu\/et\/wp-json\/wp\/v2\/product\/78682","targetHints":{"allow":["GET"]}}],"collection":[{"href":"https:\/\/www.talidesign.eu\/et\/wp-json\/wp\/v2\/product"}],"about":[{"href":"https:\/\/www.talidesign.eu\/et\/wp-json\/wp\/v2\/types\/product"}],"wp:featuredmedia":[{"embeddable":true,"href":"https:\/\/www.talidesign.eu\/et\/wp-json\/wp\/v2\/media\/78684"}],"wp:attachment":[{"href":"https:\/\/www.talidesign.eu\/et\/wp-json\/wp\/v2\/media?parent=78682"}],"wp:term":[{"taxonomy":"product_brand","embeddable":true,"href":"https:\/\/www.talidesign.eu\/et\/wp-json\/wp\/v2\/product_brand?post=78682"},{"taxonomy":"product_cat","embeddable":true,"href":"https:\/\/www.talidesign.eu\/et\/wp-json\/wp\/v2\/product_cat?post=78682"},{"taxonomy":"product_tag","embeddable":true,"href":"https:\/\/www.talidesign.eu\/et\/wp-json\/wp\/v2\/product_tag?post=78682"}],"curies":[{"name":"wp","href":"https:\/\/api.w.org\/{rel}","templated":true}]}}