{"id":79151,"date":"2023-10-06T19:59:48","date_gmt":"2023-10-06T16:59:48","guid":{"rendered":"https:\/\/www.talidesign.eu\/?post_type=product&#038;p=79151"},"modified":"2026-03-16T16:50:21","modified_gmt":"2026-03-16T14:50:21","slug":"maison-203-memento-korvarongad-1-metallik","status":"publish","type":"product","link":"https:\/\/www.talidesign.eu\/et\/pood\/toode\/maison-203-memento-korvarongad-1-metallik\/","title":{"rendered":"Maison 203 Memento k\u00f5rvar\u00f5ngad 1 Metallik"},"content":{"rendered":"<p><strong>Memento k\u00f5rvar\u00f5ngad 1 Metallik<\/strong><\/p>\n<p>\u00dclimalt kerged 3D-prinditud suured k\u00f5rvar\u00f5ngad.<\/p>\n<p>Kollektsioon ammutab inspiratsiooni millestki immateriaalsest: \u00f5nnelikust m\u00e4lestusest, mis naaseb ja \u00e4ratab. Kollektsioonil on tugev visuaalne m\u00f5ju ja rahustav \u00fcmarus.<\/p>\n<p>\u2022 Disainer: Matteo Silverio<br \/>\n\u2022 Materjal: Nylon<br \/>\n\u2022 Viimistlus: k\u00e4sitsi v\u00e4rvitud<br \/>\n\u2022 M\u00f5\u00f5tmed: \u00d8 30 mm<br \/>\n\u2022 Kirurgilisest terasest k\u00f5rvar\u00f5ngatagune, niklivaba<br \/>\n\u2022 One size<br \/>\n\u2022 Kaal 10 gr<br \/>\n\u2022 <a href=\"\/et\/tootekategooria\/brandid\/maison-203-et\/\">Br\u00e4nd Maison 203<\/a><\/p>\n<p><strong>Meist<\/strong><\/p>\n<p>Br\u00e4nd Maison 203 loodi kuulsa Prosecco veini rohelistes m\u00e4gedes (Valdobbiadene, Treviso, <strong>Itaalia<\/strong>). 2011. aastal kohtus Venezuela p\u00e4ritolu kogenud disainer Orlando Fernandez Flores Foscarinis maailmakodaniku, tarbegraafiku ja suure moehuvilisega Lucia De Contiga &#8211; s\u00fcndis Maison 203.<\/p>\n<p><a href=\"https:\/\/www.talidesign.eu\/wp\/wp-content\/uploads\/2021\/03\/lucia-orlando.jpg\"><img loading=\"lazy\" decoding=\"async\" src=\"https:\/\/www.talidesign.eu\/wp\/wp-content\/uploads\/2021\/03\/lucia-orlando.jpg\" alt=\"\" width=\"854\" height=\"665\" class=\"alignnone size-full wp-image-22914\" srcset=\"https:\/\/www.talidesign.eu\/wp\/wp-content\/uploads\/2021\/03\/lucia-orlando.jpg 854w, https:\/\/www.talidesign.eu\/wp\/wp-content\/uploads\/2021\/03\/lucia-orlando-514x400.jpg 514w, https:\/\/www.talidesign.eu\/wp\/wp-content\/uploads\/2021\/03\/lucia-orlando-768x598.jpg 768w, https:\/\/www.talidesign.eu\/wp\/wp-content\/uploads\/2021\/03\/lucia-orlando-500x389.jpg 500w, https:\/\/www.talidesign.eu\/wp\/wp-content\/uploads\/2021\/03\/lucia-orlando-510x397.jpg 510w\" sizes=\"auto, (max-width: 854px) 100vw, 854px\" \/><\/a><\/p>\n","protected":false},"excerpt":{"rendered":"<p><strong>Memento k\u00f5rvar\u00f5ngad 1 Metallik<\/strong><\/p>\n<p>\u00dclimalt kerged 3D-prinditud suured k\u00f5rvar\u00f5ngad.<\/p>\n<p>Kollektsioon ammutab inspiratsiooni millestki immateriaalsest: \u00f5nnelikust m\u00e4lestusest, mis naaseb ja \u00e4ratab. Kollektsioonil on tugev visuaalne m\u00f5ju ja rahustav \u00fcmarus.<\/p>\n<p>\u2022 Disainer: Matteo Silverio<br \/>\n\u2022 Materjal: Nylon<br \/>\n\u2022 Viimistlus: k\u00e4sitsi v\u00e4rvitud<br \/>\n\u2022 M\u00f5\u00f5tmed: \u00d8 30 mm<br \/>\n\u2022 Kirurgilisest terasest k\u00f5rvar\u00f5ngatagune, niklivaba<br \/>\n\u2022 One size<br \/>\n\u2022 Kaal 10 gr<br \/>\n\u2022 <a href=\"\/et\/tootekategooria\/brandid\/maison-203-et\/\">Br\u00e4nd Maison 203<\/a><\/p>\n<p><strong>Meist<\/strong><\/p>\n<p>Br\u00e4nd Maison 203 loodi kuulsa Prosecco veini rohelistes m\u00e4gedes (Valdobbiadene, Treviso, <strong>Itaalia<\/strong>). 2011. aastal kohtus Venezuela p\u00e4ritolu kogenud disainer Orlando Fernandez Flores Foscarinis maailmakodaniku, tarbegraafiku ja suure moehuvilisega Lucia De Contiga &#8211; s\u00fcndis Maison 203.<\/p>\n<p><a href=\"https:\/\/www.talidesign.eu\/wp\/wp-content\/uploads\/2021\/03\/lucia-orlando.jpg\"><img loading=\"lazy\" decoding=\"async\" src=\"https:\/\/www.talidesign.eu\/wp\/wp-content\/uploads\/2021\/03\/lucia-orlando.jpg\" alt=\"\" width=\"854\" height=\"665\" class=\"alignnone size-full wp-image-22914\" srcset=\"https:\/\/www.talidesign.eu\/wp\/wp-content\/uploads\/2021\/03\/lucia-orlando.jpg 854w, https:\/\/www.talidesign.eu\/wp\/wp-content\/uploads\/2021\/03\/lucia-orlando-514x400.jpg 514w, https:\/\/www.talidesign.eu\/wp\/wp-content\/uploads\/2021\/03\/lucia-orlando-768x598.jpg 768w, https:\/\/www.talidesign.eu\/wp\/wp-content\/uploads\/2021\/03\/lucia-orlando-500x389.jpg 500w, https:\/\/www.talidesign.eu\/wp\/wp-content\/uploads\/2021\/03\/lucia-orlando-510x397.jpg 510w\" sizes=\"auto, (max-width: 854px) 100vw, 854px\" \/><\/a><\/p>\n","protected":false},"featured_media":79164,"template":"","meta":[],"product_brand":[],"product_cat":[1026,1146,1063,1159],"product_tag":[1808],"class_list":{"0":"post-79151","1":"product","2":"type-product","3":"status-publish","4":"has-post-thumbnail","6":"product_cat-brandid","7":"product_cat-ehted","8":"product_cat-maison-203-et","9":"product_cat-maison-203-korvarongad","10":"product_tag-maison-203-et","12":"first","13":"instock","14":"taxable","15":"shipping-taxable","16":"purchasable","17":"product-type-variable","18":"has-default-attributes"},"yoast_head":"<!-- This site is optimized with the Yoast SEO plugin v27.3 - https:\/\/yoast.com\/product\/yoast-seo-wordpress\/ -->\n<title>Maison 203 Memento k\u00f5rvar\u00f5ngad 1 Metallik - TALI Concept Store<\/title>\n<meta name=\"description\" content=\"Avasta Maison 203 Memento k\u00f5rvar\u00f5ngad 1 Metallik - \u00f5rnalt kerged 3D-prinditud ehted, mis \u00e4ratavad \u00f5nnelikke m\u00e4lestusi. Br\u00e4nd Maison 203, Itaalia p\u00e4ritolu.\" \/>\n<meta name=\"robots\" content=\"index, follow, max-snippet:-1, max-image-preview:large, max-video-preview:-1\" \/>\n<link rel=\"canonical\" href=\"https:\/\/www.talidesign.eu\/et\/pood\/toode\/maison-203-memento-korvarongad-1-metallik\/\" \/>\n<meta property=\"og:locale\" content=\"et_EE\" \/>\n<meta property=\"og:type\" content=\"article\" \/>\n<meta property=\"og:title\" content=\"Maison 203 Memento k\u00f5rvar\u00f5ngad 1 Metallik - TALI Concept Store\" \/>\n<meta property=\"og:description\" content=\"Avasta Maison 203 Memento k\u00f5rvar\u00f5ngad 1 Metallik - \u00f5rnalt kerged 3D-prinditud ehted, mis \u00e4ratavad \u00f5nnelikke m\u00e4lestusi. Br\u00e4nd Maison 203, Itaalia p\u00e4ritolu.\" \/>\n<meta property=\"og:url\" content=\"https:\/\/www.talidesign.eu\/et\/pood\/toode\/maison-203-memento-korvarongad-1-metallik\/\" \/>\n<meta property=\"og:site_name\" content=\"TALI Concept Store\" \/>\n<meta property=\"article:publisher\" content=\"https:\/\/www.facebook.com\/TaliDisain\/\" \/>\n<meta property=\"article:modified_time\" content=\"2026-03-16T14:50:21+00:00\" \/>\n<meta property=\"og:image\" content=\"https:\/\/www.talidesign.eu\/wp\/wp-content\/uploads\/2023\/10\/g.jpg\" \/>\n\t<meta property=\"og:image:width\" content=\"2000\" \/>\n\t<meta property=\"og:image:height\" content=\"2000\" \/>\n\t<meta property=\"og:image:type\" content=\"image\/jpeg\" \/>\n<meta name=\"twitter:card\" content=\"summary_large_image\" \/>\n<meta name=\"twitter:label1\" content=\"Est. reading time\" \/>\n\t<meta name=\"twitter:data1\" content=\"1 minute\" \/>\n<script type=\"application\/ld+json\" class=\"yoast-schema-graph\">{\"@context\":\"https:\\\/\\\/schema.org\",\"@graph\":[{\"@type\":\"WebPage\",\"@id\":\"https:\\\/\\\/www.talidesign.eu\\\/et\\\/pood\\\/toode\\\/maison-203-memento-korvarongad-1-metallik\\\/\",\"url\":\"https:\\\/\\\/www.talidesign.eu\\\/et\\\/pood\\\/toode\\\/maison-203-memento-korvarongad-1-metallik\\\/\",\"name\":\"Maison 203 Memento k\u00f5rvar\u00f5ngad 1 Metallik - TALI Concept Store\",\"isPartOf\":{\"@id\":\"https:\\\/\\\/www.talidesign.eu\\\/et\\\/#website\"},\"primaryImageOfPage\":{\"@id\":\"https:\\\/\\\/www.talidesign.eu\\\/et\\\/pood\\\/toode\\\/maison-203-memento-korvarongad-1-metallik\\\/#primaryimage\"},\"image\":{\"@id\":\"https:\\\/\\\/www.talidesign.eu\\\/et\\\/pood\\\/toode\\\/maison-203-memento-korvarongad-1-metallik\\\/#primaryimage\"},\"thumbnailUrl\":\"https:\\\/\\\/www.talidesign.eu\\\/wp\\\/wp-content\\\/uploads\\\/2023\\\/10\\\/g.jpg\",\"datePublished\":\"2023-10-06T16:59:48+00:00\",\"dateModified\":\"2026-03-16T14:50:21+00:00\",\"description\":\"Avasta Maison 203 Memento k\u00f5rvar\u00f5ngad 1 Metallik - \u00f5rnalt kerged 3D-prinditud ehted, mis \u00e4ratavad \u00f5nnelikke m\u00e4lestusi. Br\u00e4nd Maison 203, Itaalia p\u00e4ritolu.\",\"breadcrumb\":{\"@id\":\"https:\\\/\\\/www.talidesign.eu\\\/et\\\/pood\\\/toode\\\/maison-203-memento-korvarongad-1-metallik\\\/#breadcrumb\"},\"inLanguage\":\"et\",\"potentialAction\":[{\"@type\":\"ReadAction\",\"target\":[\"https:\\\/\\\/www.talidesign.eu\\\/et\\\/pood\\\/toode\\\/maison-203-memento-korvarongad-1-metallik\\\/\"]}]},{\"@type\":\"ImageObject\",\"inLanguage\":\"et\",\"@id\":\"https:\\\/\\\/www.talidesign.eu\\\/et\\\/pood\\\/toode\\\/maison-203-memento-korvarongad-1-metallik\\\/#primaryimage\",\"url\":\"https:\\\/\\\/www.talidesign.eu\\\/wp\\\/wp-content\\\/uploads\\\/2023\\\/10\\\/g.jpg\",\"contentUrl\":\"https:\\\/\\\/www.talidesign.eu\\\/wp\\\/wp-content\\\/uploads\\\/2023\\\/10\\\/g.jpg\",\"width\":2000,\"height\":2000},{\"@type\":\"BreadcrumbList\",\"@id\":\"https:\\\/\\\/www.talidesign.eu\\\/et\\\/pood\\\/toode\\\/maison-203-memento-korvarongad-1-metallik\\\/#breadcrumb\",\"itemListElement\":[{\"@type\":\"ListItem\",\"position\":1,\"name\":\"Avaleht\",\"item\":\"https:\\\/\\\/www.talidesign.eu\\\/et\\\/\"},{\"@type\":\"ListItem\",\"position\":2,\"name\":\"Pood\",\"item\":\"https:\\\/\\\/www.talidesign.eu\\\/et\\\/pood\\\/\"},{\"@type\":\"ListItem\",\"position\":3,\"name\":\"Maison 203 Memento k\u00f5rvar\u00f5ngad 1 Metallik\"}]},{\"@type\":\"WebSite\",\"@id\":\"https:\\\/\\\/www.talidesign.eu\\\/et\\\/#website\",\"url\":\"https:\\\/\\\/www.talidesign.eu\\\/et\\\/\",\"name\":\"TALI Concept Store\",\"description\":\"Suurim Disainipood Eestis\",\"potentialAction\":[{\"@type\":\"SearchAction\",\"target\":{\"@type\":\"EntryPoint\",\"urlTemplate\":\"https:\\\/\\\/www.talidesign.eu\\\/et\\\/?s={search_term_string}\"},\"query-input\":{\"@type\":\"PropertyValueSpecification\",\"valueRequired\":true,\"valueName\":\"search_term_string\"}}],\"inLanguage\":\"et\"}]}<\/script>\n<!-- \/ Yoast SEO plugin. -->","yoast_head_json":{"title":"Maison 203 Memento k\u00f5rvar\u00f5ngad 1 Metallik - TALI Concept Store","description":"Avasta Maison 203 Memento k\u00f5rvar\u00f5ngad 1 Metallik - \u00f5rnalt kerged 3D-prinditud ehted, mis \u00e4ratavad \u00f5nnelikke m\u00e4lestusi. Br\u00e4nd Maison 203, Itaalia p\u00e4ritolu.","robots":{"index":"index","follow":"follow","max-snippet":"max-snippet:-1","max-image-preview":"max-image-preview:large","max-video-preview":"max-video-preview:-1"},"canonical":"https:\/\/www.talidesign.eu\/et\/pood\/toode\/maison-203-memento-korvarongad-1-metallik\/","og_locale":"et_EE","og_type":"article","og_title":"Maison 203 Memento k\u00f5rvar\u00f5ngad 1 Metallik - TALI Concept Store","og_description":"Avasta Maison 203 Memento k\u00f5rvar\u00f5ngad 1 Metallik - \u00f5rnalt kerged 3D-prinditud ehted, mis \u00e4ratavad \u00f5nnelikke m\u00e4lestusi. Br\u00e4nd Maison 203, Itaalia p\u00e4ritolu.","og_url":"https:\/\/www.talidesign.eu\/et\/pood\/toode\/maison-203-memento-korvarongad-1-metallik\/","og_site_name":"TALI Concept Store","article_publisher":"https:\/\/www.facebook.com\/TaliDisain\/","article_modified_time":"2026-03-16T14:50:21+00:00","og_image":[{"width":2000,"height":2000,"url":"https:\/\/www.talidesign.eu\/wp\/wp-content\/uploads\/2023\/10\/g.jpg","type":"image\/jpeg"}],"twitter_card":"summary_large_image","twitter_misc":{"Est. reading time":"1 minute"},"schema":{"@context":"https:\/\/schema.org","@graph":[{"@type":"WebPage","@id":"https:\/\/www.talidesign.eu\/et\/pood\/toode\/maison-203-memento-korvarongad-1-metallik\/","url":"https:\/\/www.talidesign.eu\/et\/pood\/toode\/maison-203-memento-korvarongad-1-metallik\/","name":"Maison 203 Memento k\u00f5rvar\u00f5ngad 1 Metallik - TALI Concept Store","isPartOf":{"@id":"https:\/\/www.talidesign.eu\/et\/#website"},"primaryImageOfPage":{"@id":"https:\/\/www.talidesign.eu\/et\/pood\/toode\/maison-203-memento-korvarongad-1-metallik\/#primaryimage"},"image":{"@id":"https:\/\/www.talidesign.eu\/et\/pood\/toode\/maison-203-memento-korvarongad-1-metallik\/#primaryimage"},"thumbnailUrl":"https:\/\/www.talidesign.eu\/wp\/wp-content\/uploads\/2023\/10\/g.jpg","datePublished":"2023-10-06T16:59:48+00:00","dateModified":"2026-03-16T14:50:21+00:00","description":"Avasta Maison 203 Memento k\u00f5rvar\u00f5ngad 1 Metallik - \u00f5rnalt kerged 3D-prinditud ehted, mis \u00e4ratavad \u00f5nnelikke m\u00e4lestusi. Br\u00e4nd Maison 203, Itaalia p\u00e4ritolu.","breadcrumb":{"@id":"https:\/\/www.talidesign.eu\/et\/pood\/toode\/maison-203-memento-korvarongad-1-metallik\/#breadcrumb"},"inLanguage":"et","potentialAction":[{"@type":"ReadAction","target":["https:\/\/www.talidesign.eu\/et\/pood\/toode\/maison-203-memento-korvarongad-1-metallik\/"]}]},{"@type":"ImageObject","inLanguage":"et","@id":"https:\/\/www.talidesign.eu\/et\/pood\/toode\/maison-203-memento-korvarongad-1-metallik\/#primaryimage","url":"https:\/\/www.talidesign.eu\/wp\/wp-content\/uploads\/2023\/10\/g.jpg","contentUrl":"https:\/\/www.talidesign.eu\/wp\/wp-content\/uploads\/2023\/10\/g.jpg","width":2000,"height":2000},{"@type":"BreadcrumbList","@id":"https:\/\/www.talidesign.eu\/et\/pood\/toode\/maison-203-memento-korvarongad-1-metallik\/#breadcrumb","itemListElement":[{"@type":"ListItem","position":1,"name":"Avaleht","item":"https:\/\/www.talidesign.eu\/et\/"},{"@type":"ListItem","position":2,"name":"Pood","item":"https:\/\/www.talidesign.eu\/et\/pood\/"},{"@type":"ListItem","position":3,"name":"Maison 203 Memento k\u00f5rvar\u00f5ngad 1 Metallik"}]},{"@type":"WebSite","@id":"https:\/\/www.talidesign.eu\/et\/#website","url":"https:\/\/www.talidesign.eu\/et\/","name":"TALI Concept Store","description":"Suurim Disainipood Eestis","potentialAction":[{"@type":"SearchAction","target":{"@type":"EntryPoint","urlTemplate":"https:\/\/www.talidesign.eu\/et\/?s={search_term_string}"},"query-input":{"@type":"PropertyValueSpecification","valueRequired":true,"valueName":"search_term_string"}}],"inLanguage":"et"}]}},"_links":{"self":[{"href":"https:\/\/www.talidesign.eu\/et\/wp-json\/wp\/v2\/product\/79151","targetHints":{"allow":["GET"]}}],"collection":[{"href":"https:\/\/www.talidesign.eu\/et\/wp-json\/wp\/v2\/product"}],"about":[{"href":"https:\/\/www.talidesign.eu\/et\/wp-json\/wp\/v2\/types\/product"}],"wp:featuredmedia":[{"embeddable":true,"href":"https:\/\/www.talidesign.eu\/et\/wp-json\/wp\/v2\/media\/79164"}],"wp:attachment":[{"href":"https:\/\/www.talidesign.eu\/et\/wp-json\/wp\/v2\/media?parent=79151"}],"wp:term":[{"taxonomy":"product_brand","embeddable":true,"href":"https:\/\/www.talidesign.eu\/et\/wp-json\/wp\/v2\/product_brand?post=79151"},{"taxonomy":"product_cat","embeddable":true,"href":"https:\/\/www.talidesign.eu\/et\/wp-json\/wp\/v2\/product_cat?post=79151"},{"taxonomy":"product_tag","embeddable":true,"href":"https:\/\/www.talidesign.eu\/et\/wp-json\/wp\/v2\/product_tag?post=79151"}],"curies":[{"name":"wp","href":"https:\/\/api.w.org\/{rel}","templated":true}]}}