{"id":81913,"date":"2023-12-15T14:47:19","date_gmt":"2023-12-15T12:47:19","guid":{"rendered":"https:\/\/www.talidesign.eu\/?post_type=product&#038;p=81913"},"modified":"2026-04-09T17:10:24","modified_gmt":"2026-04-09T14:10:24","slug":"maison-matine-poom-poom-15ml","status":"publish","type":"product","link":"https:\/\/www.talidesign.eu\/et\/pood\/toode\/maison-matine-poom-poom-15ml\/","title":{"rendered":"Maison Matine Poom Poom 15ml"},"content":{"rendered":"<p><strong>Parf\u00fc\u00fcm Poom Poom<\/strong><\/p>\n<p>Muretu ood elule!<\/p>\n<p>\u2022 15 ml<br \/>\n\u2022 Tipunoodid: roos, mandariinipuu \u00f5is, apelsin, kiivi<br \/>\n\u2022 S\u00fcdamenoodid: orhidee, pojeng, freesia, roos<br \/>\n\u2022 P\u00f5hjanoodid: muskus, sandlipuu, eebenipuu, vanill<br \/>\n\u2022 Orgaanilisest nisust toodetud alkohol<br \/>\n\u2022 Taaskasutatud ja taaskasutatav pakend<br \/>\n\u2022 Loodud Pariisis, valmistatud Prantsusmaal<br \/>\n\u2022 <a href=\"\/et\/tootekategooria\/brandid\/maison-matine-et\/\">Br\u00e4nd Maison Matine<\/a><\/p>\n<p><strong>Koostisained<\/strong><\/p>\n<p>Alcohol denat.*, parfum (fragrance), aqua (water), hexyl cinnamal, limonene, citronellol, coumarin.<\/p>\n<p>* Parf\u00fc\u00fcmi kasutatav alkohol on toodetud looduslikust nisust.<br \/>\n** Allergeenid eeterlikes \u00f5lides&#8221;<\/p>\n<p><strong>Br\u00e4ndist<\/strong><\/p>\n<p>Meie inspireerivad, vastutustundlikud ja helded l\u00f5hnad on loonud Prantsuse uue p\u00f5lvkonna p\u00fchendunud parf\u00fcmeerid.<\/p>\n<p>Vaba ja l\u00f5busana p\u00f6\u00f6rdume p\u00f5lvkonna poole, kes otsib iseseisvust ja loovust. <\/p>\n<p>Nisust toodetud alkohol on p\u00e4rit mahep\u00f5llumajandusest ning koostisainete kogumisel on arvestatud looduse ja tootjatega.<\/p>\n<p>Meie pakendid on valmistatud taaskasutatud ja taaskasutatavatest pappkarpidest, olles lihtsad ja t\u00f5husad. \u00dclepakendamise ja raiskamise v\u00e4ltimiseks ei kasuta me tsellofaani.<\/p>\n<p>Meie parf\u00fc\u00fcmid on loodud ja valmistatud <strong>Prantsusmaal<\/strong>, t\u00e4psemalt Pariisis ja Chartres\u02bcs.<\/p>\n<p><a href=\"\/product-category\/designers\/maison-matine\/\"><img loading=\"lazy\" decoding=\"async\" src=\"https:\/\/www.talidesign.eu\/wp\/wp-content\/uploads\/2022\/02\/maison-matine-into-the-wild-50ml.jpg\" alt=\"\" width=\"500\" height=\"100\" class=\"alignnone size-full wp-image-51839\" \/><\/a><\/p>\n","protected":false},"excerpt":{"rendered":"<p><strong>Parf\u00fc\u00fcm Poom Poom<\/strong><\/p>\n<p>Muretu ood elule!<\/p>\n<p>\u2022 15 ml<br \/>\n\u2022 Tipunoodid: roos, mandariinipuu \u00f5is, apelsin, kiivi<br \/>\n\u2022 S\u00fcdamenoodid: orhidee, pojeng, freesia, roos<br \/>\n\u2022 P\u00f5hjanoodid: muskus, sandlipuu, eebenipuu, vanill<br \/>\n\u2022 Orgaanilisest nisust toodetud alkohol<br \/>\n\u2022 Taaskasutatud ja taaskasutatav pakend<br \/>\n\u2022 Loodud Pariisis, valmistatud Prantsusmaal<br \/>\n\u2022 <a href=\"\/et\/tootekategooria\/brandid\/maison-matine-et\/\">Br\u00e4nd Maison Matine<\/a><\/p>\n<p><strong>Koostisained<\/strong><\/p>\n<p>Alcohol denat.*, parfum (fragrance), aqua (water), hexyl cinnamal, limonene, citronellol, coumarin.<\/p>\n<p>* Parf\u00fc\u00fcmi kasutatav alkohol on toodetud looduslikust nisust.<br \/>\n** Allergeenid eeterlikes \u00f5lides&#8221;<\/p>\n<p><strong>Br\u00e4ndist<\/strong><\/p>\n<p>Meie inspireerivad, vastutustundlikud ja helded l\u00f5hnad on loonud Prantsuse uue p\u00f5lvkonna p\u00fchendunud parf\u00fcmeerid.<\/p>\n<p>Vaba ja l\u00f5busana p\u00f6\u00f6rdume p\u00f5lvkonna poole, kes otsib iseseisvust ja loovust. <\/p>\n<p>Nisust toodetud alkohol on p\u00e4rit mahep\u00f5llumajandusest ning koostisainete kogumisel on arvestatud looduse ja tootjatega.<\/p>\n<p>Meie pakendid on valmistatud taaskasutatud ja taaskasutatavatest pappkarpidest, olles lihtsad ja t\u00f5husad. \u00dclepakendamise ja raiskamise v\u00e4ltimiseks ei kasuta me tsellofaani.<\/p>\n<p>Meie parf\u00fc\u00fcmid on loodud ja valmistatud <strong>Prantsusmaal<\/strong>, t\u00e4psemalt Pariisis ja Chartres\u02bcs.<\/p>\n<p><a href=\"\/product-category\/designers\/maison-matine\/\"><img loading=\"lazy\" decoding=\"async\" src=\"https:\/\/www.talidesign.eu\/wp\/wp-content\/uploads\/2022\/02\/maison-matine-into-the-wild-50ml.jpg\" alt=\"\" width=\"500\" height=\"100\" class=\"alignnone size-full wp-image-51839\" \/><\/a><\/p>\n","protected":false},"featured_media":51912,"template":"","meta":[],"product_brand":[],"product_cat":[2123,1145],"product_tag":[2135],"class_list":{"0":"post-81913","1":"product","2":"type-product","3":"status-publish","4":"has-post-thumbnail","6":"product_cat-maison-matine-et","7":"product_cat-parfuumid","8":"product_tag-maison-matine-et","10":"first","11":"instock","12":"taxable","13":"shipping-taxable","14":"purchasable","15":"product-type-simple"},"yoast_head":"<!-- This site is optimized with the Yoast SEO plugin v27.4 - https:\/\/yoast.com\/product\/yoast-seo-wordpress\/ -->\n<title>Maison Matine Poom Poom 15ml - TALI Concept Store<\/title>\n<meta name=\"description\" content=\"Avasta Maison Matine Poom Poom 15ml parf\u00fc\u00fcm ja naudi muretut ood elule! Loodud Prantsusmaal, see l\u00f5hn pakub tipunootidena roosi, mandariinipuu \u00f5it, apelsini ja kiivi ning s\u00fcdamenootidena orhideed, pojengi, freesiat ja roosi. P\u00f5hjanootidena on kasutatud muskust, sandlipuud, eebenipuud ja vanilli. Valmistatud orgaanilisest nisust toodetud alkoholist ning pakendatud taaskasutatavasse pakendisse. Tutvu Maison Matine br\u00e4ndiga ja avasta veelgi!\" \/>\n<meta name=\"robots\" content=\"index, follow, max-snippet:-1, max-image-preview:large, max-video-preview:-1\" \/>\n<link rel=\"canonical\" href=\"https:\/\/www.talidesign.eu\/et\/pood\/toode\/maison-matine-poom-poom-15ml\/\" \/>\n<meta property=\"og:locale\" content=\"et_EE\" \/>\n<meta property=\"og:type\" content=\"article\" \/>\n<meta property=\"og:title\" content=\"Maison Matine Poom Poom 15ml - TALI Concept Store\" \/>\n<meta property=\"og:description\" content=\"Avasta Maison Matine Poom Poom 15ml parf\u00fc\u00fcm ja naudi muretut ood elule! Loodud Prantsusmaal, see l\u00f5hn pakub tipunootidena roosi, mandariinipuu \u00f5it, apelsini ja kiivi ning s\u00fcdamenootidena orhideed, pojengi, freesiat ja roosi. P\u00f5hjanootidena on kasutatud muskust, sandlipuud, eebenipuud ja vanilli. Valmistatud orgaanilisest nisust toodetud alkoholist ning pakendatud taaskasutatavasse pakendisse. Tutvu Maison Matine br\u00e4ndiga ja avasta veelgi!\" \/>\n<meta property=\"og:url\" content=\"https:\/\/www.talidesign.eu\/et\/pood\/toode\/maison-matine-poom-poom-15ml\/\" \/>\n<meta property=\"og:site_name\" content=\"TALI Concept Store\" \/>\n<meta property=\"article:publisher\" content=\"https:\/\/www.facebook.com\/TaliDisain\/\" \/>\n<meta property=\"article:modified_time\" content=\"2026-04-09T14:10:24+00:00\" \/>\n<meta property=\"og:image\" content=\"https:\/\/www.talidesign.eu\/wp\/wp-content\/uploads\/2022\/02\/maison-matine-poom-poom-50ml.jpg\" \/>\n\t<meta property=\"og:image:width\" content=\"768\" \/>\n\t<meta property=\"og:image:height\" content=\"768\" \/>\n\t<meta property=\"og:image:type\" content=\"image\/jpeg\" \/>\n<meta name=\"twitter:card\" content=\"summary_large_image\" \/>\n<meta name=\"twitter:label1\" content=\"Est. reading time\" \/>\n\t<meta name=\"twitter:data1\" content=\"2 minutes\" \/>\n<script type=\"application\/ld+json\" class=\"yoast-schema-graph\">{\"@context\":\"https:\\\/\\\/schema.org\",\"@graph\":[{\"@type\":\"WebPage\",\"@id\":\"https:\\\/\\\/www.talidesign.eu\\\/et\\\/pood\\\/toode\\\/maison-matine-poom-poom-15ml\\\/\",\"url\":\"https:\\\/\\\/www.talidesign.eu\\\/et\\\/pood\\\/toode\\\/maison-matine-poom-poom-15ml\\\/\",\"name\":\"Maison Matine Poom Poom 15ml - TALI Concept Store\",\"isPartOf\":{\"@id\":\"https:\\\/\\\/www.talidesign.eu\\\/et\\\/#website\"},\"primaryImageOfPage\":{\"@id\":\"https:\\\/\\\/www.talidesign.eu\\\/et\\\/pood\\\/toode\\\/maison-matine-poom-poom-15ml\\\/#primaryimage\"},\"image\":{\"@id\":\"https:\\\/\\\/www.talidesign.eu\\\/et\\\/pood\\\/toode\\\/maison-matine-poom-poom-15ml\\\/#primaryimage\"},\"thumbnailUrl\":\"https:\\\/\\\/www.talidesign.eu\\\/wp\\\/wp-content\\\/uploads\\\/2022\\\/02\\\/maison-matine-poom-poom-50ml.jpg\",\"datePublished\":\"2023-12-15T12:47:19+00:00\",\"dateModified\":\"2026-04-09T14:10:24+00:00\",\"description\":\"Avasta Maison Matine Poom Poom 15ml parf\u00fc\u00fcm ja naudi muretut ood elule! Loodud Prantsusmaal, see l\u00f5hn pakub tipunootidena roosi, mandariinipuu \u00f5it, apelsini ja kiivi ning s\u00fcdamenootidena orhideed, pojengi, freesiat ja roosi. P\u00f5hjanootidena on kasutatud muskust, sandlipuud, eebenipuud ja vanilli. Valmistatud orgaanilisest nisust toodetud alkoholist ning pakendatud taaskasutatavasse pakendisse. Tutvu Maison Matine br\u00e4ndiga ja avasta veelgi!\",\"breadcrumb\":{\"@id\":\"https:\\\/\\\/www.talidesign.eu\\\/et\\\/pood\\\/toode\\\/maison-matine-poom-poom-15ml\\\/#breadcrumb\"},\"inLanguage\":\"et\",\"potentialAction\":[{\"@type\":\"ReadAction\",\"target\":[\"https:\\\/\\\/www.talidesign.eu\\\/et\\\/pood\\\/toode\\\/maison-matine-poom-poom-15ml\\\/\"]}]},{\"@type\":\"ImageObject\",\"inLanguage\":\"et\",\"@id\":\"https:\\\/\\\/www.talidesign.eu\\\/et\\\/pood\\\/toode\\\/maison-matine-poom-poom-15ml\\\/#primaryimage\",\"url\":\"https:\\\/\\\/www.talidesign.eu\\\/wp\\\/wp-content\\\/uploads\\\/2022\\\/02\\\/maison-matine-poom-poom-50ml.jpg\",\"contentUrl\":\"https:\\\/\\\/www.talidesign.eu\\\/wp\\\/wp-content\\\/uploads\\\/2022\\\/02\\\/maison-matine-poom-poom-50ml.jpg\",\"width\":768,\"height\":768},{\"@type\":\"BreadcrumbList\",\"@id\":\"https:\\\/\\\/www.talidesign.eu\\\/et\\\/pood\\\/toode\\\/maison-matine-poom-poom-15ml\\\/#breadcrumb\",\"itemListElement\":[{\"@type\":\"ListItem\",\"position\":1,\"name\":\"Avaleht\",\"item\":\"https:\\\/\\\/www.talidesign.eu\\\/et\\\/\"},{\"@type\":\"ListItem\",\"position\":2,\"name\":\"Pood\",\"item\":\"https:\\\/\\\/www.talidesign.eu\\\/et\\\/pood\\\/\"},{\"@type\":\"ListItem\",\"position\":3,\"name\":\"Maison Matine Poom Poom 15ml\"}]},{\"@type\":\"WebSite\",\"@id\":\"https:\\\/\\\/www.talidesign.eu\\\/et\\\/#website\",\"url\":\"https:\\\/\\\/www.talidesign.eu\\\/et\\\/\",\"name\":\"TALI Concept Store\",\"description\":\"Suurim Disainipood Eestis\",\"potentialAction\":[{\"@type\":\"SearchAction\",\"target\":{\"@type\":\"EntryPoint\",\"urlTemplate\":\"https:\\\/\\\/www.talidesign.eu\\\/et\\\/?s={search_term_string}\"},\"query-input\":{\"@type\":\"PropertyValueSpecification\",\"valueRequired\":true,\"valueName\":\"search_term_string\"}}],\"inLanguage\":\"et\"}]}<\/script>\n<!-- \/ Yoast SEO plugin. -->","yoast_head_json":{"title":"Maison Matine Poom Poom 15ml - TALI Concept Store","description":"Avasta Maison Matine Poom Poom 15ml parf\u00fc\u00fcm ja naudi muretut ood elule! Loodud Prantsusmaal, see l\u00f5hn pakub tipunootidena roosi, mandariinipuu \u00f5it, apelsini ja kiivi ning s\u00fcdamenootidena orhideed, pojengi, freesiat ja roosi. P\u00f5hjanootidena on kasutatud muskust, sandlipuud, eebenipuud ja vanilli. Valmistatud orgaanilisest nisust toodetud alkoholist ning pakendatud taaskasutatavasse pakendisse. Tutvu Maison Matine br\u00e4ndiga ja avasta veelgi!","robots":{"index":"index","follow":"follow","max-snippet":"max-snippet:-1","max-image-preview":"max-image-preview:large","max-video-preview":"max-video-preview:-1"},"canonical":"https:\/\/www.talidesign.eu\/et\/pood\/toode\/maison-matine-poom-poom-15ml\/","og_locale":"et_EE","og_type":"article","og_title":"Maison Matine Poom Poom 15ml - TALI Concept Store","og_description":"Avasta Maison Matine Poom Poom 15ml parf\u00fc\u00fcm ja naudi muretut ood elule! Loodud Prantsusmaal, see l\u00f5hn pakub tipunootidena roosi, mandariinipuu \u00f5it, apelsini ja kiivi ning s\u00fcdamenootidena orhideed, pojengi, freesiat ja roosi. P\u00f5hjanootidena on kasutatud muskust, sandlipuud, eebenipuud ja vanilli. Valmistatud orgaanilisest nisust toodetud alkoholist ning pakendatud taaskasutatavasse pakendisse. Tutvu Maison Matine br\u00e4ndiga ja avasta veelgi!","og_url":"https:\/\/www.talidesign.eu\/et\/pood\/toode\/maison-matine-poom-poom-15ml\/","og_site_name":"TALI Concept Store","article_publisher":"https:\/\/www.facebook.com\/TaliDisain\/","article_modified_time":"2026-04-09T14:10:24+00:00","og_image":[{"width":768,"height":768,"url":"https:\/\/www.talidesign.eu\/wp\/wp-content\/uploads\/2022\/02\/maison-matine-poom-poom-50ml.jpg","type":"image\/jpeg"}],"twitter_card":"summary_large_image","twitter_misc":{"Est. reading time":"2 minutes"},"schema":{"@context":"https:\/\/schema.org","@graph":[{"@type":"WebPage","@id":"https:\/\/www.talidesign.eu\/et\/pood\/toode\/maison-matine-poom-poom-15ml\/","url":"https:\/\/www.talidesign.eu\/et\/pood\/toode\/maison-matine-poom-poom-15ml\/","name":"Maison Matine Poom Poom 15ml - TALI Concept Store","isPartOf":{"@id":"https:\/\/www.talidesign.eu\/et\/#website"},"primaryImageOfPage":{"@id":"https:\/\/www.talidesign.eu\/et\/pood\/toode\/maison-matine-poom-poom-15ml\/#primaryimage"},"image":{"@id":"https:\/\/www.talidesign.eu\/et\/pood\/toode\/maison-matine-poom-poom-15ml\/#primaryimage"},"thumbnailUrl":"https:\/\/www.talidesign.eu\/wp\/wp-content\/uploads\/2022\/02\/maison-matine-poom-poom-50ml.jpg","datePublished":"2023-12-15T12:47:19+00:00","dateModified":"2026-04-09T14:10:24+00:00","description":"Avasta Maison Matine Poom Poom 15ml parf\u00fc\u00fcm ja naudi muretut ood elule! Loodud Prantsusmaal, see l\u00f5hn pakub tipunootidena roosi, mandariinipuu \u00f5it, apelsini ja kiivi ning s\u00fcdamenootidena orhideed, pojengi, freesiat ja roosi. P\u00f5hjanootidena on kasutatud muskust, sandlipuud, eebenipuud ja vanilli. Valmistatud orgaanilisest nisust toodetud alkoholist ning pakendatud taaskasutatavasse pakendisse. Tutvu Maison Matine br\u00e4ndiga ja avasta veelgi!","breadcrumb":{"@id":"https:\/\/www.talidesign.eu\/et\/pood\/toode\/maison-matine-poom-poom-15ml\/#breadcrumb"},"inLanguage":"et","potentialAction":[{"@type":"ReadAction","target":["https:\/\/www.talidesign.eu\/et\/pood\/toode\/maison-matine-poom-poom-15ml\/"]}]},{"@type":"ImageObject","inLanguage":"et","@id":"https:\/\/www.talidesign.eu\/et\/pood\/toode\/maison-matine-poom-poom-15ml\/#primaryimage","url":"https:\/\/www.talidesign.eu\/wp\/wp-content\/uploads\/2022\/02\/maison-matine-poom-poom-50ml.jpg","contentUrl":"https:\/\/www.talidesign.eu\/wp\/wp-content\/uploads\/2022\/02\/maison-matine-poom-poom-50ml.jpg","width":768,"height":768},{"@type":"BreadcrumbList","@id":"https:\/\/www.talidesign.eu\/et\/pood\/toode\/maison-matine-poom-poom-15ml\/#breadcrumb","itemListElement":[{"@type":"ListItem","position":1,"name":"Avaleht","item":"https:\/\/www.talidesign.eu\/et\/"},{"@type":"ListItem","position":2,"name":"Pood","item":"https:\/\/www.talidesign.eu\/et\/pood\/"},{"@type":"ListItem","position":3,"name":"Maison Matine Poom Poom 15ml"}]},{"@type":"WebSite","@id":"https:\/\/www.talidesign.eu\/et\/#website","url":"https:\/\/www.talidesign.eu\/et\/","name":"TALI Concept Store","description":"Suurim Disainipood Eestis","potentialAction":[{"@type":"SearchAction","target":{"@type":"EntryPoint","urlTemplate":"https:\/\/www.talidesign.eu\/et\/?s={search_term_string}"},"query-input":{"@type":"PropertyValueSpecification","valueRequired":true,"valueName":"search_term_string"}}],"inLanguage":"et"}]}},"_links":{"self":[{"href":"https:\/\/www.talidesign.eu\/et\/wp-json\/wp\/v2\/product\/81913","targetHints":{"allow":["GET"]}}],"collection":[{"href":"https:\/\/www.talidesign.eu\/et\/wp-json\/wp\/v2\/product"}],"about":[{"href":"https:\/\/www.talidesign.eu\/et\/wp-json\/wp\/v2\/types\/product"}],"wp:featuredmedia":[{"embeddable":true,"href":"https:\/\/www.talidesign.eu\/et\/wp-json\/wp\/v2\/media\/51912"}],"wp:attachment":[{"href":"https:\/\/www.talidesign.eu\/et\/wp-json\/wp\/v2\/media?parent=81913"}],"wp:term":[{"taxonomy":"product_brand","embeddable":true,"href":"https:\/\/www.talidesign.eu\/et\/wp-json\/wp\/v2\/product_brand?post=81913"},{"taxonomy":"product_cat","embeddable":true,"href":"https:\/\/www.talidesign.eu\/et\/wp-json\/wp\/v2\/product_cat?post=81913"},{"taxonomy":"product_tag","embeddable":true,"href":"https:\/\/www.talidesign.eu\/et\/wp-json\/wp\/v2\/product_tag?post=81913"}],"curies":[{"name":"wp","href":"https:\/\/api.w.org\/{rel}","templated":true}]}}