{"id":82122,"date":"2023-12-19T13:19:02","date_gmt":"2023-12-19T11:19:02","guid":{"rendered":"https:\/\/www.talidesign.eu\/?post_type=product&#038;p=82122"},"modified":"2026-01-13T11:47:30","modified_gmt":"2026-01-13T09:47:30","slug":"mette-ditmer-marmor-low-seebidosaator-pruun","status":"publish","type":"product","link":"https:\/\/www.talidesign.eu\/et\/pood\/toode\/mette-ditmer-marmor-low-seebidosaator-pruun\/","title":{"rendered":"Mette Ditmer Marmor Low seebidosaator Pruun"},"content":{"rendered":"<p><strong>Marmor Low seebidosaator Pruun<\/strong><\/p>\n<p>Tooge hotelli atmosf\u00e4\u00e4r oma koju MARBLE sarjaga, mis on \u00fchtaegu elegantne ja eksklusiivne. Sari annab ainulaadse ilme, kuna marmor on looduslik materjal ning v\u00e4rv ja struktuur on tooteti erinev. Sari on v\u00e4ga luksuslik ja materjal marmor l\u00e4heb aja m\u00f6\u00f6dudes aina ilusamaks ja ilusamaks.<\/p>\n<p>\u2022 Suurus: \u00d88,5 x H12.3 cm<br \/>\n\u2022 Materjal: Marmor<br \/>\n\u2022 <a href=\"\/et\/tootekategooria\/brandid\/mette-ditmer-et\/\">Br\u00e4nd Mette Ditmer<\/a><\/p>\n<p><strong>Hooldusjuhend<\/strong><\/p>\n<p>Peske k\u00e4sitsi v\u00f5i kasutage niisket lappi. Soovitame tavalist n\u00f5udepesuvahendit. \u00c4rge kasutage happelisi puhastusvahendeid. Toode ei sobi n\u00f5udepesumasinasse.<\/p>\n<p><strong>Tutvu disaineriga!<\/strong><\/p>\n<p>Mette Ditmer on <strong>Taani disainer<\/strong>,&nbsp;kes on omanimelise br\u00e4ndiga loonud ikoonilisi interj\u00f6\u00f6ri ja vannitoa aksessuaare juba 25 aastat. Mette soovib, et Skandinaavia v\u00e4rvid, k\u00f5rgekvaliteedilised tooted ning ajatu graafiline disain inspireeriks inimesi vormima ja arendama oma isiklikku stiili l\u00e4bi kodukujunduse.<\/p>\n<p><a href=\"\/et\/tootekategooria\/brandid\/mette-ditmer-et\/\"><img src=https:\/\/www.talidesign.eu\/wp\/wp-content\/uploads\/2021\/08\/Mette-Ditmer-Logo.jpg alt=\"\" width=\"500\" height=\"100\" class=\"alignnone size-full wp-image-33492\" \/><\/a><\/p>\n","protected":false},"excerpt":{"rendered":"<p><strong>Marmor Low seebidosaator Pruun<\/strong><\/p>\n<p>Tooge hotelli atmosf\u00e4\u00e4r oma koju MARBLE sarjaga, mis on \u00fchtaegu elegantne ja eksklusiivne. Sari annab ainulaadse ilme, kuna marmor on looduslik materjal ning v\u00e4rv ja struktuur on tooteti erinev. Sari on v\u00e4ga luksuslik ja materjal marmor l\u00e4heb aja m\u00f6\u00f6dudes aina ilusamaks ja ilusamaks.<\/p>\n<p>\u2022 Suurus: \u00d88,5 x H12.3 cm<br \/>\n\u2022 Materjal: Marmor<br \/>\n\u2022 <a href=\"\/et\/tootekategooria\/brandid\/mette-ditmer-et\/\">Br\u00e4nd Mette Ditmer<\/a><\/p>\n<p><strong>Hooldusjuhend<\/strong><\/p>\n<p>Peske k\u00e4sitsi v\u00f5i kasutage niisket lappi. Soovitame tavalist n\u00f5udepesuvahendit. \u00c4rge kasutage happelisi puhastusvahendeid. Toode ei sobi n\u00f5udepesumasinasse.<\/p>\n<p><strong>Tutvu disaineriga!<\/strong><\/p>\n<p>Mette Ditmer on <strong>Taani disainer<\/strong>,&nbsp;kes on omanimelise br\u00e4ndiga loonud ikoonilisi interj\u00f6\u00f6ri ja vannitoa aksessuaare juba 25 aastat. Mette soovib, et Skandinaavia v\u00e4rvid, k\u00f5rgekvaliteedilised tooted ning ajatu graafiline disain inspireeriks inimesi vormima ja arendama oma isiklikku stiili l\u00e4bi kodukujunduse.<\/p>\n<p><a href=\"\/et\/tootekategooria\/brandid\/mette-ditmer-et\/\"><img src=https:\/\/www.talidesign.eu\/wp\/wp-content\/uploads\/2021\/08\/Mette-Ditmer-Logo.jpg alt=\"\" width=\"500\" height=\"100\" class=\"alignnone size-full wp-image-33492\" \/><\/a><\/p>\n","protected":false},"featured_media":82128,"template":"","meta":[],"product_brand":[],"product_cat":[1026,1018,1030,1068,1100],"product_tag":[1426],"class_list":{"0":"post-82122","1":"product","2":"type-product","3":"status-publish","4":"has-post-thumbnail","6":"product_cat-brandid","7":"product_cat-kodu","8":"product_cat-kook","9":"product_cat-mette-ditmer-et","10":"product_cat-vannituba","11":"product_tag-mette-et","13":"first","14":"outofstock","15":"taxable","16":"shipping-taxable","17":"purchasable","18":"product-type-simple"},"yoast_head":"<!-- This site is optimized with the Yoast SEO plugin v27.3 - https:\/\/yoast.com\/product\/yoast-seo-wordpress\/ -->\n<title>Mette Ditmer Marmor Low seebidosaator Pruun - TALI Concept Store<\/title>\n<meta name=\"description\" content=\"Tooge hotelli atmosf\u00e4\u00e4r oma koju MARBLE sarjaga. Elegantne ja eksklusiivne Mette Ditmer Marmor Low seebidosaator Pruun. Tutvu disaineriga!\" \/>\n<meta name=\"robots\" content=\"index, follow, max-snippet:-1, max-image-preview:large, max-video-preview:-1\" \/>\n<link rel=\"canonical\" href=\"https:\/\/www.talidesign.eu\/et\/pood\/toode\/mette-ditmer-marmor-low-seebidosaator-pruun\/\" \/>\n<meta property=\"og:locale\" content=\"et_EE\" \/>\n<meta property=\"og:type\" content=\"article\" \/>\n<meta property=\"og:title\" content=\"Mette Ditmer Marmor Low seebidosaator Pruun - TALI Concept Store\" \/>\n<meta property=\"og:description\" content=\"Tooge hotelli atmosf\u00e4\u00e4r oma koju MARBLE sarjaga. Elegantne ja eksklusiivne Mette Ditmer Marmor Low seebidosaator Pruun. Tutvu disaineriga!\" \/>\n<meta property=\"og:url\" content=\"https:\/\/www.talidesign.eu\/et\/pood\/toode\/mette-ditmer-marmor-low-seebidosaator-pruun\/\" \/>\n<meta property=\"og:site_name\" content=\"TALI Concept Store\" \/>\n<meta property=\"article:publisher\" content=\"https:\/\/www.facebook.com\/TaliDisain\/\" \/>\n<meta property=\"article:modified_time\" content=\"2026-01-13T09:47:30+00:00\" \/>\n<meta property=\"og:image\" content=\"https:\/\/www.talidesign.eu\/wp\/wp-content\/uploads\/2023\/12\/MARDIS01.jpeg\" \/>\n\t<meta property=\"og:image:width\" content=\"1012\" \/>\n\t<meta property=\"og:image:height\" content=\"1012\" \/>\n\t<meta property=\"og:image:type\" content=\"image\/jpeg\" \/>\n<meta name=\"twitter:card\" content=\"summary_large_image\" \/>\n<meta name=\"twitter:label1\" content=\"Est. reading time\" \/>\n\t<meta name=\"twitter:data1\" content=\"1 minute\" \/>\n<script type=\"application\/ld+json\" class=\"yoast-schema-graph\">{\"@context\":\"https:\\\/\\\/schema.org\",\"@graph\":[{\"@type\":\"WebPage\",\"@id\":\"https:\\\/\\\/www.talidesign.eu\\\/et\\\/pood\\\/toode\\\/mette-ditmer-marmor-low-seebidosaator-pruun\\\/\",\"url\":\"https:\\\/\\\/www.talidesign.eu\\\/et\\\/pood\\\/toode\\\/mette-ditmer-marmor-low-seebidosaator-pruun\\\/\",\"name\":\"Mette Ditmer Marmor Low seebidosaator Pruun - TALI Concept Store\",\"isPartOf\":{\"@id\":\"https:\\\/\\\/www.talidesign.eu\\\/et\\\/#website\"},\"primaryImageOfPage\":{\"@id\":\"https:\\\/\\\/www.talidesign.eu\\\/et\\\/pood\\\/toode\\\/mette-ditmer-marmor-low-seebidosaator-pruun\\\/#primaryimage\"},\"image\":{\"@id\":\"https:\\\/\\\/www.talidesign.eu\\\/et\\\/pood\\\/toode\\\/mette-ditmer-marmor-low-seebidosaator-pruun\\\/#primaryimage\"},\"thumbnailUrl\":\"https:\\\/\\\/www.talidesign.eu\\\/wp\\\/wp-content\\\/uploads\\\/2023\\\/12\\\/MARDIS01.jpeg\",\"datePublished\":\"2023-12-19T11:19:02+00:00\",\"dateModified\":\"2026-01-13T09:47:30+00:00\",\"description\":\"Tooge hotelli atmosf\u00e4\u00e4r oma koju MARBLE sarjaga. Elegantne ja eksklusiivne Mette Ditmer Marmor Low seebidosaator Pruun. Tutvu disaineriga!\",\"breadcrumb\":{\"@id\":\"https:\\\/\\\/www.talidesign.eu\\\/et\\\/pood\\\/toode\\\/mette-ditmer-marmor-low-seebidosaator-pruun\\\/#breadcrumb\"},\"inLanguage\":\"et\",\"potentialAction\":[{\"@type\":\"ReadAction\",\"target\":[\"https:\\\/\\\/www.talidesign.eu\\\/et\\\/pood\\\/toode\\\/mette-ditmer-marmor-low-seebidosaator-pruun\\\/\"]}]},{\"@type\":\"ImageObject\",\"inLanguage\":\"et\",\"@id\":\"https:\\\/\\\/www.talidesign.eu\\\/et\\\/pood\\\/toode\\\/mette-ditmer-marmor-low-seebidosaator-pruun\\\/#primaryimage\",\"url\":\"https:\\\/\\\/www.talidesign.eu\\\/wp\\\/wp-content\\\/uploads\\\/2023\\\/12\\\/MARDIS01.jpeg\",\"contentUrl\":\"https:\\\/\\\/www.talidesign.eu\\\/wp\\\/wp-content\\\/uploads\\\/2023\\\/12\\\/MARDIS01.jpeg\",\"width\":1012,\"height\":1012},{\"@type\":\"BreadcrumbList\",\"@id\":\"https:\\\/\\\/www.talidesign.eu\\\/et\\\/pood\\\/toode\\\/mette-ditmer-marmor-low-seebidosaator-pruun\\\/#breadcrumb\",\"itemListElement\":[{\"@type\":\"ListItem\",\"position\":1,\"name\":\"Avaleht\",\"item\":\"https:\\\/\\\/www.talidesign.eu\\\/et\\\/\"},{\"@type\":\"ListItem\",\"position\":2,\"name\":\"Pood\",\"item\":\"https:\\\/\\\/www.talidesign.eu\\\/et\\\/pood\\\/\"},{\"@type\":\"ListItem\",\"position\":3,\"name\":\"Mette Ditmer Marmor Low seebidosaator Pruun\"}]},{\"@type\":\"WebSite\",\"@id\":\"https:\\\/\\\/www.talidesign.eu\\\/et\\\/#website\",\"url\":\"https:\\\/\\\/www.talidesign.eu\\\/et\\\/\",\"name\":\"TALI Concept Store\",\"description\":\"Suurim Disainipood Eestis\",\"potentialAction\":[{\"@type\":\"SearchAction\",\"target\":{\"@type\":\"EntryPoint\",\"urlTemplate\":\"https:\\\/\\\/www.talidesign.eu\\\/et\\\/?s={search_term_string}\"},\"query-input\":{\"@type\":\"PropertyValueSpecification\",\"valueRequired\":true,\"valueName\":\"search_term_string\"}}],\"inLanguage\":\"et\"}]}<\/script>\n<!-- \/ Yoast SEO plugin. -->","yoast_head_json":{"title":"Mette Ditmer Marmor Low seebidosaator Pruun - TALI Concept Store","description":"Tooge hotelli atmosf\u00e4\u00e4r oma koju MARBLE sarjaga. Elegantne ja eksklusiivne Mette Ditmer Marmor Low seebidosaator Pruun. Tutvu disaineriga!","robots":{"index":"index","follow":"follow","max-snippet":"max-snippet:-1","max-image-preview":"max-image-preview:large","max-video-preview":"max-video-preview:-1"},"canonical":"https:\/\/www.talidesign.eu\/et\/pood\/toode\/mette-ditmer-marmor-low-seebidosaator-pruun\/","og_locale":"et_EE","og_type":"article","og_title":"Mette Ditmer Marmor Low seebidosaator Pruun - TALI Concept Store","og_description":"Tooge hotelli atmosf\u00e4\u00e4r oma koju MARBLE sarjaga. Elegantne ja eksklusiivne Mette Ditmer Marmor Low seebidosaator Pruun. Tutvu disaineriga!","og_url":"https:\/\/www.talidesign.eu\/et\/pood\/toode\/mette-ditmer-marmor-low-seebidosaator-pruun\/","og_site_name":"TALI Concept Store","article_publisher":"https:\/\/www.facebook.com\/TaliDisain\/","article_modified_time":"2026-01-13T09:47:30+00:00","og_image":[{"width":1012,"height":1012,"url":"https:\/\/www.talidesign.eu\/wp\/wp-content\/uploads\/2023\/12\/MARDIS01.jpeg","type":"image\/jpeg"}],"twitter_card":"summary_large_image","twitter_misc":{"Est. reading time":"1 minute"},"schema":{"@context":"https:\/\/schema.org","@graph":[{"@type":"WebPage","@id":"https:\/\/www.talidesign.eu\/et\/pood\/toode\/mette-ditmer-marmor-low-seebidosaator-pruun\/","url":"https:\/\/www.talidesign.eu\/et\/pood\/toode\/mette-ditmer-marmor-low-seebidosaator-pruun\/","name":"Mette Ditmer Marmor Low seebidosaator Pruun - TALI Concept Store","isPartOf":{"@id":"https:\/\/www.talidesign.eu\/et\/#website"},"primaryImageOfPage":{"@id":"https:\/\/www.talidesign.eu\/et\/pood\/toode\/mette-ditmer-marmor-low-seebidosaator-pruun\/#primaryimage"},"image":{"@id":"https:\/\/www.talidesign.eu\/et\/pood\/toode\/mette-ditmer-marmor-low-seebidosaator-pruun\/#primaryimage"},"thumbnailUrl":"https:\/\/www.talidesign.eu\/wp\/wp-content\/uploads\/2023\/12\/MARDIS01.jpeg","datePublished":"2023-12-19T11:19:02+00:00","dateModified":"2026-01-13T09:47:30+00:00","description":"Tooge hotelli atmosf\u00e4\u00e4r oma koju MARBLE sarjaga. Elegantne ja eksklusiivne Mette Ditmer Marmor Low seebidosaator Pruun. Tutvu disaineriga!","breadcrumb":{"@id":"https:\/\/www.talidesign.eu\/et\/pood\/toode\/mette-ditmer-marmor-low-seebidosaator-pruun\/#breadcrumb"},"inLanguage":"et","potentialAction":[{"@type":"ReadAction","target":["https:\/\/www.talidesign.eu\/et\/pood\/toode\/mette-ditmer-marmor-low-seebidosaator-pruun\/"]}]},{"@type":"ImageObject","inLanguage":"et","@id":"https:\/\/www.talidesign.eu\/et\/pood\/toode\/mette-ditmer-marmor-low-seebidosaator-pruun\/#primaryimage","url":"https:\/\/www.talidesign.eu\/wp\/wp-content\/uploads\/2023\/12\/MARDIS01.jpeg","contentUrl":"https:\/\/www.talidesign.eu\/wp\/wp-content\/uploads\/2023\/12\/MARDIS01.jpeg","width":1012,"height":1012},{"@type":"BreadcrumbList","@id":"https:\/\/www.talidesign.eu\/et\/pood\/toode\/mette-ditmer-marmor-low-seebidosaator-pruun\/#breadcrumb","itemListElement":[{"@type":"ListItem","position":1,"name":"Avaleht","item":"https:\/\/www.talidesign.eu\/et\/"},{"@type":"ListItem","position":2,"name":"Pood","item":"https:\/\/www.talidesign.eu\/et\/pood\/"},{"@type":"ListItem","position":3,"name":"Mette Ditmer Marmor Low seebidosaator Pruun"}]},{"@type":"WebSite","@id":"https:\/\/www.talidesign.eu\/et\/#website","url":"https:\/\/www.talidesign.eu\/et\/","name":"TALI Concept Store","description":"Suurim Disainipood Eestis","potentialAction":[{"@type":"SearchAction","target":{"@type":"EntryPoint","urlTemplate":"https:\/\/www.talidesign.eu\/et\/?s={search_term_string}"},"query-input":{"@type":"PropertyValueSpecification","valueRequired":true,"valueName":"search_term_string"}}],"inLanguage":"et"}]}},"_links":{"self":[{"href":"https:\/\/www.talidesign.eu\/et\/wp-json\/wp\/v2\/product\/82122","targetHints":{"allow":["GET"]}}],"collection":[{"href":"https:\/\/www.talidesign.eu\/et\/wp-json\/wp\/v2\/product"}],"about":[{"href":"https:\/\/www.talidesign.eu\/et\/wp-json\/wp\/v2\/types\/product"}],"wp:featuredmedia":[{"embeddable":true,"href":"https:\/\/www.talidesign.eu\/et\/wp-json\/wp\/v2\/media\/82128"}],"wp:attachment":[{"href":"https:\/\/www.talidesign.eu\/et\/wp-json\/wp\/v2\/media?parent=82122"}],"wp:term":[{"taxonomy":"product_brand","embeddable":true,"href":"https:\/\/www.talidesign.eu\/et\/wp-json\/wp\/v2\/product_brand?post=82122"},{"taxonomy":"product_cat","embeddable":true,"href":"https:\/\/www.talidesign.eu\/et\/wp-json\/wp\/v2\/product_cat?post=82122"},{"taxonomy":"product_tag","embeddable":true,"href":"https:\/\/www.talidesign.eu\/et\/wp-json\/wp\/v2\/product_tag?post=82122"}],"curies":[{"name":"wp","href":"https:\/\/api.w.org\/{rel}","templated":true}]}}