{"id":82161,"date":"2023-12-19T14:05:21","date_gmt":"2023-12-19T12:05:21","guid":{"rendered":"https:\/\/www.talidesign.eu\/?post_type=product&#038;p=82161"},"modified":"2024-05-25T11:44:05","modified_gmt":"2024-05-25T08:44:05","slug":"mette-ditmer-marmor-wc-hari-must-hall","status":"publish","type":"product","link":"https:\/\/www.talidesign.eu\/et\/pood\/toode\/mette-ditmer-marmor-wc-hari-must-hall\/","title":{"rendered":"Mette Ditmer Marmor WC-hari Must \/ Hall"},"content":{"rendered":"<p><strong>Marmor WC-hari Must \/ Hall<\/strong><\/p>\n<p>Tooge hotelli atmosf\u00e4\u00e4r oma koju MARBLE sarjaga, mis on \u00fchtaegu elegantne ja eksklusiivne. Sari annab ainulaadse ilme, kuna marmor on looduslik materjal ning v\u00e4rv ja struktuur on tooteti erinev. Sari on v\u00e4ga luksuslik ja materjal marmor l\u00e4heb aja m\u00f6\u00f6dudes aina ilusamaks ja ilusamaks.<\/p>\n<p>\u2022 Suurus: \u00d810,3 x H36 cm<br \/>\n\u2022 Materjal: Marmor, must viimistlus<br \/>\n\u2022 <a href=\"\/et\/tootekategooria\/brandid\/mette-ditmer-et\/\">Br\u00e4nd Mette Ditmer<\/a><\/p>\n<p><strong>Hooldusjuhend<\/strong><\/p>\n<p>Peske k\u00e4sitsi v\u00f5i kasutage niisket lappi. Soovitame tavalist n\u00f5udepesuvahendit. \u00c4rge kasutage happelisi puhastusvahendeid. Toode ei sobi n\u00f5udepesumasinasse.<\/p>\n<p><strong>Tutvu disaineriga!<\/strong><\/p>\n<p>Mette Ditmer on <strong>Taani disainer<\/strong>,&nbsp;kes on omanimelise br\u00e4ndiga loonud ikoonilisi interj\u00f6\u00f6ri ja vannitoa aksessuaare juba 25 aastat. Mette soovib, et Skandinaavia v\u00e4rvid, k\u00f5rgekvaliteedilised tooted ning ajatu graafiline disain inspireeriks inimesi vormima ja arendama oma isiklikku stiili l\u00e4bi kodukujunduse.<\/p>\n<p><a href=\"\/et\/tootekategooria\/brandid\/mette-ditmer-et\/\"><img src=https:\/\/www.talidesign.eu\/wp\/wp-content\/uploads\/2021\/08\/Mette-Ditmer-Logo.jpg alt=\"\" width=\"500\" height=\"100\" class=\"alignnone size-full wp-image-33492\" \/><\/a><\/p>\n","protected":false},"excerpt":{"rendered":"<p><strong>Marmor WC-hari Must \/ Hall<\/strong><\/p>\n<p>Tooge hotelli atmosf\u00e4\u00e4r oma koju MARBLE sarjaga, mis on \u00fchtaegu elegantne ja eksklusiivne. Sari annab ainulaadse ilme, kuna marmor on looduslik materjal ning v\u00e4rv ja struktuur on tooteti erinev. Sari on v\u00e4ga luksuslik ja materjal marmor l\u00e4heb aja m\u00f6\u00f6dudes aina ilusamaks ja ilusamaks.<\/p>\n<p>\u2022 Suurus: \u00d810,3 x H36 cm<br \/>\n\u2022 Materjal: Marmor, must viimistlus<br \/>\n\u2022 <a href=\"\/et\/tootekategooria\/brandid\/mette-ditmer-et\/\">Br\u00e4nd Mette Ditmer<\/a><\/p>\n<p><strong>Hooldusjuhend<\/strong><\/p>\n<p>Peske k\u00e4sitsi v\u00f5i kasutage niisket lappi. Soovitame tavalist n\u00f5udepesuvahendit. \u00c4rge kasutage happelisi puhastusvahendeid. Toode ei sobi n\u00f5udepesumasinasse.<\/p>\n<p><strong>Tutvu disaineriga!<\/strong><\/p>\n<p>Mette Ditmer on <strong>Taani disainer<\/strong>,&nbsp;kes on omanimelise br\u00e4ndiga loonud ikoonilisi interj\u00f6\u00f6ri ja vannitoa aksessuaare juba 25 aastat. Mette soovib, et Skandinaavia v\u00e4rvid, k\u00f5rgekvaliteedilised tooted ning ajatu graafiline disain inspireeriks inimesi vormima ja arendama oma isiklikku stiili l\u00e4bi kodukujunduse.<\/p>\n<p><a href=\"\/et\/tootekategooria\/brandid\/mette-ditmer-et\/\"><img src=https:\/\/www.talidesign.eu\/wp\/wp-content\/uploads\/2021\/08\/Mette-Ditmer-Logo.jpg alt=\"\" width=\"500\" height=\"100\" class=\"alignnone size-full wp-image-33492\" \/><\/a><\/p>\n","protected":false},"featured_media":82163,"template":"","meta":[],"product_brand":[],"product_cat":[1026,1018,1068,1100],"product_tag":[1426],"class_list":{"0":"post-82161","1":"product","2":"type-product","3":"status-publish","4":"has-post-thumbnail","6":"product_cat-brandid","7":"product_cat-kodu","8":"product_cat-mette-ditmer-et","9":"product_cat-vannituba","10":"product_tag-mette-et","12":"first","13":"outofstock","14":"taxable","15":"shipping-taxable","16":"purchasable","17":"product-type-simple"},"yoast_head":"<!-- This site is optimized with the Yoast SEO plugin v27.3 - https:\/\/yoast.com\/product\/yoast-seo-wordpress\/ -->\n<title>Mette Ditmer Marmor WC-hari Must \/ Hall - TALI Concept Store<\/title>\n<meta name=\"description\" content=\"Tooge hotelli atmosf\u00e4\u00e4r oma koju MARBLE sarjaga, mis on elegantne ja eksklusiivne. Tutvu Mette Ditmeri br\u00e4ndiga ja avasta luksuslik marmor WC-hari Must \/ Hall.\" \/>\n<meta name=\"robots\" content=\"index, follow, max-snippet:-1, max-image-preview:large, max-video-preview:-1\" \/>\n<link rel=\"canonical\" href=\"https:\/\/www.talidesign.eu\/et\/pood\/toode\/mette-ditmer-marmor-wc-hari-must-hall\/\" \/>\n<meta property=\"og:locale\" content=\"et_EE\" \/>\n<meta property=\"og:type\" content=\"article\" \/>\n<meta property=\"og:title\" content=\"Mette Ditmer Marmor WC-hari Must \/ Hall - TALI Concept Store\" \/>\n<meta property=\"og:description\" content=\"Tooge hotelli atmosf\u00e4\u00e4r oma koju MARBLE sarjaga, mis on elegantne ja eksklusiivne. Tutvu Mette Ditmeri br\u00e4ndiga ja avasta luksuslik marmor WC-hari Must \/ Hall.\" \/>\n<meta property=\"og:url\" content=\"https:\/\/www.talidesign.eu\/et\/pood\/toode\/mette-ditmer-marmor-wc-hari-must-hall\/\" \/>\n<meta property=\"og:site_name\" content=\"TALI Concept Store\" \/>\n<meta property=\"article:publisher\" content=\"https:\/\/www.facebook.com\/TaliDisain\/\" \/>\n<meta property=\"article:modified_time\" content=\"2024-05-25T08:44:05+00:00\" \/>\n<meta property=\"og:image\" content=\"https:\/\/www.talidesign.eu\/wp\/wp-content\/uploads\/2023\/12\/MARBHR98.jpeg\" \/>\n\t<meta property=\"og:image:width\" content=\"1012\" \/>\n\t<meta property=\"og:image:height\" content=\"1012\" \/>\n\t<meta property=\"og:image:type\" content=\"image\/jpeg\" \/>\n<meta name=\"twitter:card\" content=\"summary_large_image\" \/>\n<meta name=\"twitter:label1\" content=\"Est. reading time\" \/>\n\t<meta name=\"twitter:data1\" content=\"1 minute\" \/>\n<script type=\"application\/ld+json\" class=\"yoast-schema-graph\">{\"@context\":\"https:\\\/\\\/schema.org\",\"@graph\":[{\"@type\":\"WebPage\",\"@id\":\"https:\\\/\\\/www.talidesign.eu\\\/et\\\/pood\\\/toode\\\/mette-ditmer-marmor-wc-hari-must-hall\\\/\",\"url\":\"https:\\\/\\\/www.talidesign.eu\\\/et\\\/pood\\\/toode\\\/mette-ditmer-marmor-wc-hari-must-hall\\\/\",\"name\":\"Mette Ditmer Marmor WC-hari Must \\\/ Hall - TALI Concept Store\",\"isPartOf\":{\"@id\":\"https:\\\/\\\/www.talidesign.eu\\\/et\\\/#website\"},\"primaryImageOfPage\":{\"@id\":\"https:\\\/\\\/www.talidesign.eu\\\/et\\\/pood\\\/toode\\\/mette-ditmer-marmor-wc-hari-must-hall\\\/#primaryimage\"},\"image\":{\"@id\":\"https:\\\/\\\/www.talidesign.eu\\\/et\\\/pood\\\/toode\\\/mette-ditmer-marmor-wc-hari-must-hall\\\/#primaryimage\"},\"thumbnailUrl\":\"https:\\\/\\\/www.talidesign.eu\\\/wp\\\/wp-content\\\/uploads\\\/2023\\\/12\\\/MARBHR98.jpeg\",\"datePublished\":\"2023-12-19T12:05:21+00:00\",\"dateModified\":\"2024-05-25T08:44:05+00:00\",\"description\":\"Tooge hotelli atmosf\u00e4\u00e4r oma koju MARBLE sarjaga, mis on elegantne ja eksklusiivne. Tutvu Mette Ditmeri br\u00e4ndiga ja avasta luksuslik marmor WC-hari Must \\\/ Hall.\",\"breadcrumb\":{\"@id\":\"https:\\\/\\\/www.talidesign.eu\\\/et\\\/pood\\\/toode\\\/mette-ditmer-marmor-wc-hari-must-hall\\\/#breadcrumb\"},\"inLanguage\":\"et\",\"potentialAction\":[{\"@type\":\"ReadAction\",\"target\":[\"https:\\\/\\\/www.talidesign.eu\\\/et\\\/pood\\\/toode\\\/mette-ditmer-marmor-wc-hari-must-hall\\\/\"]}]},{\"@type\":\"ImageObject\",\"inLanguage\":\"et\",\"@id\":\"https:\\\/\\\/www.talidesign.eu\\\/et\\\/pood\\\/toode\\\/mette-ditmer-marmor-wc-hari-must-hall\\\/#primaryimage\",\"url\":\"https:\\\/\\\/www.talidesign.eu\\\/wp\\\/wp-content\\\/uploads\\\/2023\\\/12\\\/MARBHR98.jpeg\",\"contentUrl\":\"https:\\\/\\\/www.talidesign.eu\\\/wp\\\/wp-content\\\/uploads\\\/2023\\\/12\\\/MARBHR98.jpeg\",\"width\":1012,\"height\":1012},{\"@type\":\"BreadcrumbList\",\"@id\":\"https:\\\/\\\/www.talidesign.eu\\\/et\\\/pood\\\/toode\\\/mette-ditmer-marmor-wc-hari-must-hall\\\/#breadcrumb\",\"itemListElement\":[{\"@type\":\"ListItem\",\"position\":1,\"name\":\"Avaleht\",\"item\":\"https:\\\/\\\/www.talidesign.eu\\\/et\\\/\"},{\"@type\":\"ListItem\",\"position\":2,\"name\":\"Pood\",\"item\":\"https:\\\/\\\/www.talidesign.eu\\\/et\\\/pood\\\/\"},{\"@type\":\"ListItem\",\"position\":3,\"name\":\"Mette Ditmer Marmor WC-hari Must \\\/ Hall\"}]},{\"@type\":\"WebSite\",\"@id\":\"https:\\\/\\\/www.talidesign.eu\\\/et\\\/#website\",\"url\":\"https:\\\/\\\/www.talidesign.eu\\\/et\\\/\",\"name\":\"TALI Concept Store\",\"description\":\"Suurim Disainipood Eestis\",\"potentialAction\":[{\"@type\":\"SearchAction\",\"target\":{\"@type\":\"EntryPoint\",\"urlTemplate\":\"https:\\\/\\\/www.talidesign.eu\\\/et\\\/?s={search_term_string}\"},\"query-input\":{\"@type\":\"PropertyValueSpecification\",\"valueRequired\":true,\"valueName\":\"search_term_string\"}}],\"inLanguage\":\"et\"}]}<\/script>\n<!-- \/ Yoast SEO plugin. -->","yoast_head_json":{"title":"Mette Ditmer Marmor WC-hari Must \/ Hall - TALI Concept Store","description":"Tooge hotelli atmosf\u00e4\u00e4r oma koju MARBLE sarjaga, mis on elegantne ja eksklusiivne. Tutvu Mette Ditmeri br\u00e4ndiga ja avasta luksuslik marmor WC-hari Must \/ Hall.","robots":{"index":"index","follow":"follow","max-snippet":"max-snippet:-1","max-image-preview":"max-image-preview:large","max-video-preview":"max-video-preview:-1"},"canonical":"https:\/\/www.talidesign.eu\/et\/pood\/toode\/mette-ditmer-marmor-wc-hari-must-hall\/","og_locale":"et_EE","og_type":"article","og_title":"Mette Ditmer Marmor WC-hari Must \/ Hall - TALI Concept Store","og_description":"Tooge hotelli atmosf\u00e4\u00e4r oma koju MARBLE sarjaga, mis on elegantne ja eksklusiivne. Tutvu Mette Ditmeri br\u00e4ndiga ja avasta luksuslik marmor WC-hari Must \/ Hall.","og_url":"https:\/\/www.talidesign.eu\/et\/pood\/toode\/mette-ditmer-marmor-wc-hari-must-hall\/","og_site_name":"TALI Concept Store","article_publisher":"https:\/\/www.facebook.com\/TaliDisain\/","article_modified_time":"2024-05-25T08:44:05+00:00","og_image":[{"width":1012,"height":1012,"url":"https:\/\/www.talidesign.eu\/wp\/wp-content\/uploads\/2023\/12\/MARBHR98.jpeg","type":"image\/jpeg"}],"twitter_card":"summary_large_image","twitter_misc":{"Est. reading time":"1 minute"},"schema":{"@context":"https:\/\/schema.org","@graph":[{"@type":"WebPage","@id":"https:\/\/www.talidesign.eu\/et\/pood\/toode\/mette-ditmer-marmor-wc-hari-must-hall\/","url":"https:\/\/www.talidesign.eu\/et\/pood\/toode\/mette-ditmer-marmor-wc-hari-must-hall\/","name":"Mette Ditmer Marmor WC-hari Must \/ Hall - TALI Concept Store","isPartOf":{"@id":"https:\/\/www.talidesign.eu\/et\/#website"},"primaryImageOfPage":{"@id":"https:\/\/www.talidesign.eu\/et\/pood\/toode\/mette-ditmer-marmor-wc-hari-must-hall\/#primaryimage"},"image":{"@id":"https:\/\/www.talidesign.eu\/et\/pood\/toode\/mette-ditmer-marmor-wc-hari-must-hall\/#primaryimage"},"thumbnailUrl":"https:\/\/www.talidesign.eu\/wp\/wp-content\/uploads\/2023\/12\/MARBHR98.jpeg","datePublished":"2023-12-19T12:05:21+00:00","dateModified":"2024-05-25T08:44:05+00:00","description":"Tooge hotelli atmosf\u00e4\u00e4r oma koju MARBLE sarjaga, mis on elegantne ja eksklusiivne. Tutvu Mette Ditmeri br\u00e4ndiga ja avasta luksuslik marmor WC-hari Must \/ Hall.","breadcrumb":{"@id":"https:\/\/www.talidesign.eu\/et\/pood\/toode\/mette-ditmer-marmor-wc-hari-must-hall\/#breadcrumb"},"inLanguage":"et","potentialAction":[{"@type":"ReadAction","target":["https:\/\/www.talidesign.eu\/et\/pood\/toode\/mette-ditmer-marmor-wc-hari-must-hall\/"]}]},{"@type":"ImageObject","inLanguage":"et","@id":"https:\/\/www.talidesign.eu\/et\/pood\/toode\/mette-ditmer-marmor-wc-hari-must-hall\/#primaryimage","url":"https:\/\/www.talidesign.eu\/wp\/wp-content\/uploads\/2023\/12\/MARBHR98.jpeg","contentUrl":"https:\/\/www.talidesign.eu\/wp\/wp-content\/uploads\/2023\/12\/MARBHR98.jpeg","width":1012,"height":1012},{"@type":"BreadcrumbList","@id":"https:\/\/www.talidesign.eu\/et\/pood\/toode\/mette-ditmer-marmor-wc-hari-must-hall\/#breadcrumb","itemListElement":[{"@type":"ListItem","position":1,"name":"Avaleht","item":"https:\/\/www.talidesign.eu\/et\/"},{"@type":"ListItem","position":2,"name":"Pood","item":"https:\/\/www.talidesign.eu\/et\/pood\/"},{"@type":"ListItem","position":3,"name":"Mette Ditmer Marmor WC-hari Must \/ Hall"}]},{"@type":"WebSite","@id":"https:\/\/www.talidesign.eu\/et\/#website","url":"https:\/\/www.talidesign.eu\/et\/","name":"TALI Concept Store","description":"Suurim Disainipood Eestis","potentialAction":[{"@type":"SearchAction","target":{"@type":"EntryPoint","urlTemplate":"https:\/\/www.talidesign.eu\/et\/?s={search_term_string}"},"query-input":{"@type":"PropertyValueSpecification","valueRequired":true,"valueName":"search_term_string"}}],"inLanguage":"et"}]}},"_links":{"self":[{"href":"https:\/\/www.talidesign.eu\/et\/wp-json\/wp\/v2\/product\/82161","targetHints":{"allow":["GET"]}}],"collection":[{"href":"https:\/\/www.talidesign.eu\/et\/wp-json\/wp\/v2\/product"}],"about":[{"href":"https:\/\/www.talidesign.eu\/et\/wp-json\/wp\/v2\/types\/product"}],"wp:featuredmedia":[{"embeddable":true,"href":"https:\/\/www.talidesign.eu\/et\/wp-json\/wp\/v2\/media\/82163"}],"wp:attachment":[{"href":"https:\/\/www.talidesign.eu\/et\/wp-json\/wp\/v2\/media?parent=82161"}],"wp:term":[{"taxonomy":"product_brand","embeddable":true,"href":"https:\/\/www.talidesign.eu\/et\/wp-json\/wp\/v2\/product_brand?post=82161"},{"taxonomy":"product_cat","embeddable":true,"href":"https:\/\/www.talidesign.eu\/et\/wp-json\/wp\/v2\/product_cat?post=82161"},{"taxonomy":"product_tag","embeddable":true,"href":"https:\/\/www.talidesign.eu\/et\/wp-json\/wp\/v2\/product_tag?post=82161"}],"curies":[{"name":"wp","href":"https:\/\/api.w.org\/{rel}","templated":true}]}}