{"id":84837,"date":"2024-03-16T12:53:34","date_gmt":"2024-03-16T10:53:34","guid":{"rendered":"https:\/\/www.talidesign.eu\/?post_type=product&#038;p=84837"},"modified":"2025-01-31T19:06:39","modified_gmt":"2025-01-31T17:06:39","slug":"zone-ume-prugikast-4l-terracotta","status":"publish","type":"product","link":"https:\/\/www.talidesign.eu\/et\/pood\/toode\/zone-ume-prugikast-4l-terracotta\/","title":{"rendered":"Zone Ume pr\u00fcgikast 4L Terracotta"},"content":{"rendered":"<p><strong>Ume pr\u00fcgikast 4L Terracotta<\/strong><\/p>\n<p>Jaapani puhtus kohtub Skandinaavia julgusega ning sellest s\u00fcnnib ilus disain. Lihtsalt \u00f6eldes, see on UME.<\/p>\n<p>Ume kollektsiooni pedaaliga pr\u00fcgikast on saadaval ainult kaunites v\u00e4rvides. Eraldi ja avar nelja liitrine sisemine \u00e4mber on disainitud nutikalt, v\u00f5imaldades pr\u00fcgikoti kergesti paigutada nii, et see ei j\u00e4\u00e4ks n\u00e4htavale.<\/p>\n<p>\u2022 Terracotta<br \/>\n\u2022 Diameeter: 19,5 x 22 cm<br \/>\n\u2022 Maht: 4l<br \/>\n\u2022 ABS<br \/>\n\u2022 <a href=\"\/et\/tootekategooria\/brandid\/zone-denmark-et\/\">Br\u00e4nd Zone Denmark<\/a><\/p>\n<p><strong>Tutvu disaineritega!<\/strong><\/p>\n<p>Ume kollektsiooni on disaininud Taani disainib\u00fcroo VE2 kolmik Tilde Nygaard, Hugo Dines Schmidt ja Morten Lauritzen. Nende loodud lahendused on funktsionaalsed, esteetilised ja vastupidavad ning alati lihtsalt kombineeritavad teiste toodetega.<\/p>\n<p><a href=\"https:\/\/www.talidesign.eu\/wp\/wp-content\/uploads\/2021\/03\/2-1.jpg\"><img loading=\"lazy\" decoding=\"async\" src=\"https:\/\/www.talidesign.eu\/wp\/wp-content\/uploads\/2021\/03\/2-1.jpg\" alt=\"\" width=\"1278\" height=\"753\" class=\"alignnone size-full wp-image-22767\" srcset=\"https:\/\/www.talidesign.eu\/wp\/wp-content\/uploads\/2021\/03\/2-1.jpg 1278w, https:\/\/www.talidesign.eu\/wp\/wp-content\/uploads\/2021\/03\/2-1-679x400.jpg 679w, https:\/\/www.talidesign.eu\/wp\/wp-content\/uploads\/2021\/03\/2-1-768x453.jpg 768w, https:\/\/www.talidesign.eu\/wp\/wp-content\/uploads\/2021\/03\/2-1-500x295.jpg 500w, https:\/\/www.talidesign.eu\/wp\/wp-content\/uploads\/2021\/03\/2-1-510x300.jpg 510w\" sizes=\"auto, (max-width: 1278px) 100vw, 1278px\" \/><\/a><a href=\"\/product-category\/designers\/zone-denmark\/\"><img loading=\"lazy\" decoding=\"async\" src=\"https:\/\/www.talidesign.eu\/wp\/wp-content\/uploads\/2021\/03\/logo-6.jpg\" alt=\"\" width=\"500\" height=\"100\" class=\"alignnone size-full wp-image-24694\" \/><\/a><\/p>\n","protected":false},"excerpt":{"rendered":"<p><strong>Ume pr\u00fcgikast 4L Terracotta<\/strong><\/p>\n<p>Jaapani puhtus kohtub Skandinaavia julgusega ning sellest s\u00fcnnib ilus disain. Lihtsalt \u00f6eldes, see on UME.<\/p>\n<p>Ume kollektsiooni pedaaliga pr\u00fcgikast on saadaval ainult kaunites v\u00e4rvides. Eraldi ja avar nelja liitrine sisemine \u00e4mber on disainitud nutikalt, v\u00f5imaldades pr\u00fcgikoti kergesti paigutada nii, et see ei j\u00e4\u00e4ks n\u00e4htavale.<\/p>\n<p>\u2022 Terracotta<br \/>\n\u2022 Diameeter: 19,5 x 22 cm<br \/>\n\u2022 Maht: 4l<br \/>\n\u2022 ABS<br \/>\n\u2022 <a href=\"\/et\/tootekategooria\/brandid\/zone-denmark-et\/\">Br\u00e4nd Zone Denmark<\/a><\/p>\n<p><strong>Tutvu disaineritega!<\/strong><\/p>\n<p>Ume kollektsiooni on disaininud Taani disainib\u00fcroo VE2 kolmik Tilde Nygaard, Hugo Dines Schmidt ja Morten Lauritzen. Nende loodud lahendused on funktsionaalsed, esteetilised ja vastupidavad ning alati lihtsalt kombineeritavad teiste toodetega.<\/p>\n<p><a href=\"https:\/\/www.talidesign.eu\/wp\/wp-content\/uploads\/2021\/03\/2-1.jpg\"><img loading=\"lazy\" decoding=\"async\" src=\"https:\/\/www.talidesign.eu\/wp\/wp-content\/uploads\/2021\/03\/2-1.jpg\" alt=\"\" width=\"1278\" height=\"753\" class=\"alignnone size-full wp-image-22767\" srcset=\"https:\/\/www.talidesign.eu\/wp\/wp-content\/uploads\/2021\/03\/2-1.jpg 1278w, https:\/\/www.talidesign.eu\/wp\/wp-content\/uploads\/2021\/03\/2-1-679x400.jpg 679w, https:\/\/www.talidesign.eu\/wp\/wp-content\/uploads\/2021\/03\/2-1-768x453.jpg 768w, https:\/\/www.talidesign.eu\/wp\/wp-content\/uploads\/2021\/03\/2-1-500x295.jpg 500w, https:\/\/www.talidesign.eu\/wp\/wp-content\/uploads\/2021\/03\/2-1-510x300.jpg 510w\" sizes=\"auto, (max-width: 1278px) 100vw, 1278px\" \/><\/a><a href=\"\/product-category\/designers\/zone-denmark\/\"><img loading=\"lazy\" decoding=\"async\" src=\"https:\/\/www.talidesign.eu\/wp\/wp-content\/uploads\/2021\/03\/logo-6.jpg\" alt=\"\" width=\"500\" height=\"100\" class=\"alignnone size-full wp-image-24694\" \/><\/a><\/p>\n","protected":false},"featured_media":84846,"template":"","meta":[],"product_brand":[],"product_cat":[1026,1031,1018,1100,1095],"product_tag":[3573],"class_list":{"0":"post-84837","1":"product","2":"type-product","3":"status-publish","4":"has-post-thumbnail","6":"product_cat-brandid","7":"product_cat-hoiustamine","8":"product_cat-kodu","9":"product_cat-vannituba","10":"product_cat-zone-denmark-et","11":"product_tag-zone-ume-et","13":"first","14":"outofstock","15":"taxable","16":"shipping-taxable","17":"purchasable","18":"product-type-simple"},"yoast_head":"<!-- This site is optimized with the Yoast SEO plugin v27.3 - https:\/\/yoast.com\/product\/yoast-seo-wordpress\/ -->\n<title>Zone Ume pr\u00fcgikast 4L Terracotta - TALI Concept Store<\/title>\n<meta name=\"description\" content=\"Zone Ume pr\u00fcgikast 4L Terracotta - Jaapani puhtus kohtub Skandinaavia julgusega. Funktsionaalne, esteetiline ja vastupidav disain. Tutvu disaineritega!\" \/>\n<meta name=\"robots\" content=\"index, follow, max-snippet:-1, max-image-preview:large, max-video-preview:-1\" \/>\n<link rel=\"canonical\" href=\"https:\/\/www.talidesign.eu\/et\/pood\/toode\/zone-ume-prugikast-4l-terracotta\/\" \/>\n<meta property=\"og:locale\" content=\"et_EE\" \/>\n<meta property=\"og:type\" content=\"article\" \/>\n<meta property=\"og:title\" content=\"Zone Ume pr\u00fcgikast 4L Terracotta - TALI Concept Store\" \/>\n<meta property=\"og:description\" content=\"Zone Ume pr\u00fcgikast 4L Terracotta - Jaapani puhtus kohtub Skandinaavia julgusega. Funktsionaalne, esteetiline ja vastupidav disain. Tutvu disaineritega!\" \/>\n<meta property=\"og:url\" content=\"https:\/\/www.talidesign.eu\/et\/pood\/toode\/zone-ume-prugikast-4l-terracotta\/\" \/>\n<meta property=\"og:site_name\" content=\"TALI Concept Store\" \/>\n<meta property=\"article:publisher\" content=\"https:\/\/www.facebook.com\/TaliDisain\/\" \/>\n<meta property=\"article:modified_time\" content=\"2025-01-31T17:06:39+00:00\" \/>\n<meta property=\"og:image\" content=\"https:\/\/www.talidesign.eu\/wp\/wp-content\/uploads\/2024\/03\/zone-ume-pedal-bin-4l-terracotta.jpg\" \/>\n\t<meta property=\"og:image:width\" content=\"768\" \/>\n\t<meta property=\"og:image:height\" content=\"768\" \/>\n\t<meta property=\"og:image:type\" content=\"image\/jpeg\" \/>\n<meta name=\"twitter:card\" content=\"summary_large_image\" \/>\n<meta name=\"twitter:label1\" content=\"Est. reading time\" \/>\n\t<meta name=\"twitter:data1\" content=\"1 minute\" \/>\n<script type=\"application\/ld+json\" class=\"yoast-schema-graph\">{\"@context\":\"https:\\\/\\\/schema.org\",\"@graph\":[{\"@type\":\"WebPage\",\"@id\":\"https:\\\/\\\/www.talidesign.eu\\\/et\\\/pood\\\/toode\\\/zone-ume-prugikast-4l-terracotta\\\/\",\"url\":\"https:\\\/\\\/www.talidesign.eu\\\/et\\\/pood\\\/toode\\\/zone-ume-prugikast-4l-terracotta\\\/\",\"name\":\"Zone Ume pr\u00fcgikast 4L Terracotta - TALI Concept Store\",\"isPartOf\":{\"@id\":\"https:\\\/\\\/www.talidesign.eu\\\/et\\\/#website\"},\"primaryImageOfPage\":{\"@id\":\"https:\\\/\\\/www.talidesign.eu\\\/et\\\/pood\\\/toode\\\/zone-ume-prugikast-4l-terracotta\\\/#primaryimage\"},\"image\":{\"@id\":\"https:\\\/\\\/www.talidesign.eu\\\/et\\\/pood\\\/toode\\\/zone-ume-prugikast-4l-terracotta\\\/#primaryimage\"},\"thumbnailUrl\":\"https:\\\/\\\/www.talidesign.eu\\\/wp\\\/wp-content\\\/uploads\\\/2024\\\/03\\\/zone-ume-pedal-bin-4l-terracotta.jpg\",\"datePublished\":\"2024-03-16T10:53:34+00:00\",\"dateModified\":\"2025-01-31T17:06:39+00:00\",\"description\":\"Zone Ume pr\u00fcgikast 4L Terracotta - Jaapani puhtus kohtub Skandinaavia julgusega. Funktsionaalne, esteetiline ja vastupidav disain. Tutvu disaineritega!\",\"breadcrumb\":{\"@id\":\"https:\\\/\\\/www.talidesign.eu\\\/et\\\/pood\\\/toode\\\/zone-ume-prugikast-4l-terracotta\\\/#breadcrumb\"},\"inLanguage\":\"et\",\"potentialAction\":[{\"@type\":\"ReadAction\",\"target\":[\"https:\\\/\\\/www.talidesign.eu\\\/et\\\/pood\\\/toode\\\/zone-ume-prugikast-4l-terracotta\\\/\"]}]},{\"@type\":\"ImageObject\",\"inLanguage\":\"et\",\"@id\":\"https:\\\/\\\/www.talidesign.eu\\\/et\\\/pood\\\/toode\\\/zone-ume-prugikast-4l-terracotta\\\/#primaryimage\",\"url\":\"https:\\\/\\\/www.talidesign.eu\\\/wp\\\/wp-content\\\/uploads\\\/2024\\\/03\\\/zone-ume-pedal-bin-4l-terracotta.jpg\",\"contentUrl\":\"https:\\\/\\\/www.talidesign.eu\\\/wp\\\/wp-content\\\/uploads\\\/2024\\\/03\\\/zone-ume-pedal-bin-4l-terracotta.jpg\",\"width\":768,\"height\":768},{\"@type\":\"BreadcrumbList\",\"@id\":\"https:\\\/\\\/www.talidesign.eu\\\/et\\\/pood\\\/toode\\\/zone-ume-prugikast-4l-terracotta\\\/#breadcrumb\",\"itemListElement\":[{\"@type\":\"ListItem\",\"position\":1,\"name\":\"Avaleht\",\"item\":\"https:\\\/\\\/www.talidesign.eu\\\/et\\\/\"},{\"@type\":\"ListItem\",\"position\":2,\"name\":\"Pood\",\"item\":\"https:\\\/\\\/www.talidesign.eu\\\/et\\\/pood\\\/\"},{\"@type\":\"ListItem\",\"position\":3,\"name\":\"Zone Ume pr\u00fcgikast 4L Terracotta\"}]},{\"@type\":\"WebSite\",\"@id\":\"https:\\\/\\\/www.talidesign.eu\\\/et\\\/#website\",\"url\":\"https:\\\/\\\/www.talidesign.eu\\\/et\\\/\",\"name\":\"TALI Concept Store\",\"description\":\"Suurim Disainipood Eestis\",\"potentialAction\":[{\"@type\":\"SearchAction\",\"target\":{\"@type\":\"EntryPoint\",\"urlTemplate\":\"https:\\\/\\\/www.talidesign.eu\\\/et\\\/?s={search_term_string}\"},\"query-input\":{\"@type\":\"PropertyValueSpecification\",\"valueRequired\":true,\"valueName\":\"search_term_string\"}}],\"inLanguage\":\"et\"}]}<\/script>\n<!-- \/ Yoast SEO plugin. -->","yoast_head_json":{"title":"Zone Ume pr\u00fcgikast 4L Terracotta - TALI Concept Store","description":"Zone Ume pr\u00fcgikast 4L Terracotta - Jaapani puhtus kohtub Skandinaavia julgusega. Funktsionaalne, esteetiline ja vastupidav disain. Tutvu disaineritega!","robots":{"index":"index","follow":"follow","max-snippet":"max-snippet:-1","max-image-preview":"max-image-preview:large","max-video-preview":"max-video-preview:-1"},"canonical":"https:\/\/www.talidesign.eu\/et\/pood\/toode\/zone-ume-prugikast-4l-terracotta\/","og_locale":"et_EE","og_type":"article","og_title":"Zone Ume pr\u00fcgikast 4L Terracotta - TALI Concept Store","og_description":"Zone Ume pr\u00fcgikast 4L Terracotta - Jaapani puhtus kohtub Skandinaavia julgusega. Funktsionaalne, esteetiline ja vastupidav disain. Tutvu disaineritega!","og_url":"https:\/\/www.talidesign.eu\/et\/pood\/toode\/zone-ume-prugikast-4l-terracotta\/","og_site_name":"TALI Concept Store","article_publisher":"https:\/\/www.facebook.com\/TaliDisain\/","article_modified_time":"2025-01-31T17:06:39+00:00","og_image":[{"width":768,"height":768,"url":"https:\/\/www.talidesign.eu\/wp\/wp-content\/uploads\/2024\/03\/zone-ume-pedal-bin-4l-terracotta.jpg","type":"image\/jpeg"}],"twitter_card":"summary_large_image","twitter_misc":{"Est. reading time":"1 minute"},"schema":{"@context":"https:\/\/schema.org","@graph":[{"@type":"WebPage","@id":"https:\/\/www.talidesign.eu\/et\/pood\/toode\/zone-ume-prugikast-4l-terracotta\/","url":"https:\/\/www.talidesign.eu\/et\/pood\/toode\/zone-ume-prugikast-4l-terracotta\/","name":"Zone Ume pr\u00fcgikast 4L Terracotta - TALI Concept Store","isPartOf":{"@id":"https:\/\/www.talidesign.eu\/et\/#website"},"primaryImageOfPage":{"@id":"https:\/\/www.talidesign.eu\/et\/pood\/toode\/zone-ume-prugikast-4l-terracotta\/#primaryimage"},"image":{"@id":"https:\/\/www.talidesign.eu\/et\/pood\/toode\/zone-ume-prugikast-4l-terracotta\/#primaryimage"},"thumbnailUrl":"https:\/\/www.talidesign.eu\/wp\/wp-content\/uploads\/2024\/03\/zone-ume-pedal-bin-4l-terracotta.jpg","datePublished":"2024-03-16T10:53:34+00:00","dateModified":"2025-01-31T17:06:39+00:00","description":"Zone Ume pr\u00fcgikast 4L Terracotta - Jaapani puhtus kohtub Skandinaavia julgusega. Funktsionaalne, esteetiline ja vastupidav disain. Tutvu disaineritega!","breadcrumb":{"@id":"https:\/\/www.talidesign.eu\/et\/pood\/toode\/zone-ume-prugikast-4l-terracotta\/#breadcrumb"},"inLanguage":"et","potentialAction":[{"@type":"ReadAction","target":["https:\/\/www.talidesign.eu\/et\/pood\/toode\/zone-ume-prugikast-4l-terracotta\/"]}]},{"@type":"ImageObject","inLanguage":"et","@id":"https:\/\/www.talidesign.eu\/et\/pood\/toode\/zone-ume-prugikast-4l-terracotta\/#primaryimage","url":"https:\/\/www.talidesign.eu\/wp\/wp-content\/uploads\/2024\/03\/zone-ume-pedal-bin-4l-terracotta.jpg","contentUrl":"https:\/\/www.talidesign.eu\/wp\/wp-content\/uploads\/2024\/03\/zone-ume-pedal-bin-4l-terracotta.jpg","width":768,"height":768},{"@type":"BreadcrumbList","@id":"https:\/\/www.talidesign.eu\/et\/pood\/toode\/zone-ume-prugikast-4l-terracotta\/#breadcrumb","itemListElement":[{"@type":"ListItem","position":1,"name":"Avaleht","item":"https:\/\/www.talidesign.eu\/et\/"},{"@type":"ListItem","position":2,"name":"Pood","item":"https:\/\/www.talidesign.eu\/et\/pood\/"},{"@type":"ListItem","position":3,"name":"Zone Ume pr\u00fcgikast 4L Terracotta"}]},{"@type":"WebSite","@id":"https:\/\/www.talidesign.eu\/et\/#website","url":"https:\/\/www.talidesign.eu\/et\/","name":"TALI Concept Store","description":"Suurim Disainipood Eestis","potentialAction":[{"@type":"SearchAction","target":{"@type":"EntryPoint","urlTemplate":"https:\/\/www.talidesign.eu\/et\/?s={search_term_string}"},"query-input":{"@type":"PropertyValueSpecification","valueRequired":true,"valueName":"search_term_string"}}],"inLanguage":"et"}]}},"_links":{"self":[{"href":"https:\/\/www.talidesign.eu\/et\/wp-json\/wp\/v2\/product\/84837","targetHints":{"allow":["GET"]}}],"collection":[{"href":"https:\/\/www.talidesign.eu\/et\/wp-json\/wp\/v2\/product"}],"about":[{"href":"https:\/\/www.talidesign.eu\/et\/wp-json\/wp\/v2\/types\/product"}],"wp:featuredmedia":[{"embeddable":true,"href":"https:\/\/www.talidesign.eu\/et\/wp-json\/wp\/v2\/media\/84846"}],"wp:attachment":[{"href":"https:\/\/www.talidesign.eu\/et\/wp-json\/wp\/v2\/media?parent=84837"}],"wp:term":[{"taxonomy":"product_brand","embeddable":true,"href":"https:\/\/www.talidesign.eu\/et\/wp-json\/wp\/v2\/product_brand?post=84837"},{"taxonomy":"product_cat","embeddable":true,"href":"https:\/\/www.talidesign.eu\/et\/wp-json\/wp\/v2\/product_cat?post=84837"},{"taxonomy":"product_tag","embeddable":true,"href":"https:\/\/www.talidesign.eu\/et\/wp-json\/wp\/v2\/product_tag?post=84837"}],"curies":[{"name":"wp","href":"https:\/\/api.w.org\/{rel}","templated":true}]}}