{"id":84884,"date":"2024-03-16T17:23:15","date_gmt":"2024-03-16T15:23:15","guid":{"rendered":"https:\/\/www.talidesign.eu\/?post_type=product&#038;p=84884"},"modified":"2024-10-09T08:09:50","modified_gmt":"2024-10-09T05:09:50","slug":"zone-singles-kandik-20cm-warm-grey","status":"publish","type":"product","link":"https:\/\/www.talidesign.eu\/et\/pood\/toode\/zone-singles-kandik-20cm-warm-grey\/","title":{"rendered":"Zone Singles kandik 20cm Warm Grey"},"content":{"rendered":"<p><strong>Singles kandik 20cm Warm Grey<\/strong><\/p>\n<p>Singles kandik on valmistatud matt-lakiga metallist ja keskel on vertikaalne k\u00e4epide, mis v\u00f5imaldab teil kandikut \u00fches k\u00e4es h\u00f5lpsasti kanda.<\/p>\n<p>\u2022 Suurus 20 x 13cm<br \/>\n\u2022 Materjal metall<br \/>\n\u2022 <a href=\"\/et\/tootekategooria\/brandid\/zone-denmark-et\/\">Br\u00e4nd Zone Denmark<\/a><\/p>\n<p><strong>Tutvu disaineritega!<\/strong><\/p>\n<p>Singles kollektsiooni on loonud Taani disainib\u00fcroo VE2 kolmik Tilde Nygaard, Hugo Dines Schmidt ja Morten Lauritzen. Nende loodud lahendused on funktsionaalsed, esteetilised ja vastupidavad ning alati lihtsalt kombineeritavad teiste toodetega.<\/p>\n<p><a href=\"https:\/\/www.talidesign.eu\/wp\/wp-content\/uploads\/2021\/01\/getimage.jpg\"><img loading=\"lazy\" decoding=\"async\" src=\"https:\/\/www.talidesign.eu\/wp\/wp-content\/uploads\/2021\/01\/getimage.jpg\" alt=\"\" width=\"1278\" height=\"753\" class=\"alignnone size-full wp-image-22828\" srcset=\"https:\/\/www.talidesign.eu\/wp\/wp-content\/uploads\/2021\/01\/getimage.jpg 1278w, https:\/\/www.talidesign.eu\/wp\/wp-content\/uploads\/2021\/01\/getimage-679x400.jpg 679w, https:\/\/www.talidesign.eu\/wp\/wp-content\/uploads\/2021\/01\/getimage-768x453.jpg 768w, https:\/\/www.talidesign.eu\/wp\/wp-content\/uploads\/2021\/01\/getimage-500x295.jpg 500w, https:\/\/www.talidesign.eu\/wp\/wp-content\/uploads\/2021\/01\/getimage-510x300.jpg 510w\" sizes=\"auto, (max-width: 1278px) 100vw, 1278px\" \/><\/a><a href=\"\/product-category\/designers\/zone-denmark\/\"><img loading=\"lazy\" decoding=\"async\" src=\"https:\/\/www.talidesign.eu\/wp\/wp-content\/uploads\/2021\/03\/logo-6.jpg\" alt=\"\" width=\"500\" height=\"100\" class=\"alignnone size-full wp-image-24694\" \/><\/a><\/p>\n","protected":false},"excerpt":{"rendered":"<p><strong>Singles kandik 20cm Warm Grey<\/strong><\/p>\n<p>Singles kandik on valmistatud matt-lakiga metallist ja keskel on vertikaalne k\u00e4epide, mis v\u00f5imaldab teil kandikut \u00fches k\u00e4es h\u00f5lpsasti kanda.<\/p>\n<p>\u2022 Suurus 20 x 13cm<br \/>\n\u2022 Materjal metall<br \/>\n\u2022 <a href=\"\/et\/tootekategooria\/brandid\/zone-denmark-et\/\">Br\u00e4nd Zone Denmark<\/a><\/p>\n<p><strong>Tutvu disaineritega!<\/strong><\/p>\n<p>Singles kollektsiooni on loonud Taani disainib\u00fcroo VE2 kolmik Tilde Nygaard, Hugo Dines Schmidt ja Morten Lauritzen. Nende loodud lahendused on funktsionaalsed, esteetilised ja vastupidavad ning alati lihtsalt kombineeritavad teiste toodetega.<\/p>\n<p><a href=\"https:\/\/www.talidesign.eu\/wp\/wp-content\/uploads\/2021\/01\/getimage.jpg\"><img loading=\"lazy\" decoding=\"async\" src=\"https:\/\/www.talidesign.eu\/wp\/wp-content\/uploads\/2021\/01\/getimage.jpg\" alt=\"\" width=\"1278\" height=\"753\" class=\"alignnone size-full wp-image-22828\" srcset=\"https:\/\/www.talidesign.eu\/wp\/wp-content\/uploads\/2021\/01\/getimage.jpg 1278w, https:\/\/www.talidesign.eu\/wp\/wp-content\/uploads\/2021\/01\/getimage-679x400.jpg 679w, https:\/\/www.talidesign.eu\/wp\/wp-content\/uploads\/2021\/01\/getimage-768x453.jpg 768w, https:\/\/www.talidesign.eu\/wp\/wp-content\/uploads\/2021\/01\/getimage-500x295.jpg 500w, https:\/\/www.talidesign.eu\/wp\/wp-content\/uploads\/2021\/01\/getimage-510x300.jpg 510w\" sizes=\"auto, (max-width: 1278px) 100vw, 1278px\" \/><\/a><a href=\"\/product-category\/designers\/zone-denmark\/\"><img loading=\"lazy\" decoding=\"async\" src=\"https:\/\/www.talidesign.eu\/wp\/wp-content\/uploads\/2021\/03\/logo-6.jpg\" alt=\"\" width=\"500\" height=\"100\" class=\"alignnone size-full wp-image-24694\" \/><\/a><\/p>\n","protected":false},"featured_media":84890,"template":"","meta":[],"product_brand":[],"product_cat":[1099,1026,1165,1107,1018,1109,1095],"product_tag":[1180],"class_list":{"0":"post-84884","1":"product","2":"type-product","3":"status-publish","4":"has-post-thumbnail","6":"product_cat-aksessuaarid","7":"product_cat-brandid","8":"product_cat-ehtelaekad-et","9":"product_cat-ehtelaekad","10":"product_cat-kodu","11":"product_cat-lauanoud","12":"product_cat-zone-denmark-et","13":"product_tag-zone-et","15":"first","16":"outofstock","17":"sale","18":"taxable","19":"shipping-taxable","20":"purchasable","21":"product-type-simple"},"yoast_head":"<!-- This site is optimized with the Yoast SEO plugin v27.3 - https:\/\/yoast.com\/product\/yoast-seo-wordpress\/ -->\n<title>Zone Singles kandik 20cm Warm Grey - TALI Concept Store<\/title>\n<meta name=\"description\" content=\"Zone Denmark&#039;i Singles kandik 20cm Warm Grey - valmistatud matt-lakiga metallist, k\u00e4epide v\u00f5imaldab mugavalt kanda. Funktsionaalne, esteetiline ja vastupidav disain. Tutvu disaineritega!\" \/>\n<meta name=\"robots\" content=\"index, follow, max-snippet:-1, max-image-preview:large, max-video-preview:-1\" \/>\n<link rel=\"canonical\" href=\"https:\/\/www.talidesign.eu\/et\/pood\/toode\/zone-singles-kandik-20cm-warm-grey\/\" \/>\n<meta property=\"og:locale\" content=\"et_EE\" \/>\n<meta property=\"og:type\" content=\"article\" \/>\n<meta property=\"og:title\" content=\"Zone Singles kandik 20cm Warm Grey - TALI Concept Store\" \/>\n<meta property=\"og:description\" content=\"Zone Denmark&#039;i Singles kandik 20cm Warm Grey - valmistatud matt-lakiga metallist, k\u00e4epide v\u00f5imaldab mugavalt kanda. Funktsionaalne, esteetiline ja vastupidav disain. Tutvu disaineritega!\" \/>\n<meta property=\"og:url\" content=\"https:\/\/www.talidesign.eu\/et\/pood\/toode\/zone-singles-kandik-20cm-warm-grey\/\" \/>\n<meta property=\"og:site_name\" content=\"TALI Concept Store\" \/>\n<meta property=\"article:publisher\" content=\"https:\/\/www.facebook.com\/TaliDisain\/\" \/>\n<meta property=\"article:modified_time\" content=\"2024-10-09T05:09:50+00:00\" \/>\n<meta property=\"og:image\" content=\"https:\/\/www.talidesign.eu\/wp\/wp-content\/uploads\/2024\/03\/zone-singles-tray-20cm-warm-grey.jpg\" \/>\n\t<meta property=\"og:image:width\" content=\"768\" \/>\n\t<meta property=\"og:image:height\" content=\"768\" \/>\n\t<meta property=\"og:image:type\" content=\"image\/jpeg\" \/>\n<meta name=\"twitter:card\" content=\"summary_large_image\" \/>\n<meta name=\"twitter:label1\" content=\"Est. reading time\" \/>\n\t<meta name=\"twitter:data1\" content=\"2 minutes\" \/>\n<script type=\"application\/ld+json\" class=\"yoast-schema-graph\">{\"@context\":\"https:\\\/\\\/schema.org\",\"@graph\":[{\"@type\":\"WebPage\",\"@id\":\"https:\\\/\\\/www.talidesign.eu\\\/et\\\/pood\\\/toode\\\/zone-singles-kandik-20cm-warm-grey\\\/\",\"url\":\"https:\\\/\\\/www.talidesign.eu\\\/et\\\/pood\\\/toode\\\/zone-singles-kandik-20cm-warm-grey\\\/\",\"name\":\"Zone Singles kandik 20cm Warm Grey - TALI Concept Store\",\"isPartOf\":{\"@id\":\"https:\\\/\\\/www.talidesign.eu\\\/et\\\/#website\"},\"primaryImageOfPage\":{\"@id\":\"https:\\\/\\\/www.talidesign.eu\\\/et\\\/pood\\\/toode\\\/zone-singles-kandik-20cm-warm-grey\\\/#primaryimage\"},\"image\":{\"@id\":\"https:\\\/\\\/www.talidesign.eu\\\/et\\\/pood\\\/toode\\\/zone-singles-kandik-20cm-warm-grey\\\/#primaryimage\"},\"thumbnailUrl\":\"https:\\\/\\\/www.talidesign.eu\\\/wp\\\/wp-content\\\/uploads\\\/2024\\\/03\\\/zone-singles-tray-20cm-warm-grey.jpg\",\"datePublished\":\"2024-03-16T15:23:15+00:00\",\"dateModified\":\"2024-10-09T05:09:50+00:00\",\"description\":\"Zone Denmark'i Singles kandik 20cm Warm Grey - valmistatud matt-lakiga metallist, k\u00e4epide v\u00f5imaldab mugavalt kanda. Funktsionaalne, esteetiline ja vastupidav disain. Tutvu disaineritega!\",\"breadcrumb\":{\"@id\":\"https:\\\/\\\/www.talidesign.eu\\\/et\\\/pood\\\/toode\\\/zone-singles-kandik-20cm-warm-grey\\\/#breadcrumb\"},\"inLanguage\":\"et\",\"potentialAction\":[{\"@type\":\"ReadAction\",\"target\":[\"https:\\\/\\\/www.talidesign.eu\\\/et\\\/pood\\\/toode\\\/zone-singles-kandik-20cm-warm-grey\\\/\"]}]},{\"@type\":\"ImageObject\",\"inLanguage\":\"et\",\"@id\":\"https:\\\/\\\/www.talidesign.eu\\\/et\\\/pood\\\/toode\\\/zone-singles-kandik-20cm-warm-grey\\\/#primaryimage\",\"url\":\"https:\\\/\\\/www.talidesign.eu\\\/wp\\\/wp-content\\\/uploads\\\/2024\\\/03\\\/zone-singles-tray-20cm-warm-grey.jpg\",\"contentUrl\":\"https:\\\/\\\/www.talidesign.eu\\\/wp\\\/wp-content\\\/uploads\\\/2024\\\/03\\\/zone-singles-tray-20cm-warm-grey.jpg\",\"width\":768,\"height\":768},{\"@type\":\"BreadcrumbList\",\"@id\":\"https:\\\/\\\/www.talidesign.eu\\\/et\\\/pood\\\/toode\\\/zone-singles-kandik-20cm-warm-grey\\\/#breadcrumb\",\"itemListElement\":[{\"@type\":\"ListItem\",\"position\":1,\"name\":\"Avaleht\",\"item\":\"https:\\\/\\\/www.talidesign.eu\\\/et\\\/\"},{\"@type\":\"ListItem\",\"position\":2,\"name\":\"Pood\",\"item\":\"https:\\\/\\\/www.talidesign.eu\\\/et\\\/pood\\\/\"},{\"@type\":\"ListItem\",\"position\":3,\"name\":\"Zone Singles kandik 20cm Warm Grey\"}]},{\"@type\":\"WebSite\",\"@id\":\"https:\\\/\\\/www.talidesign.eu\\\/et\\\/#website\",\"url\":\"https:\\\/\\\/www.talidesign.eu\\\/et\\\/\",\"name\":\"TALI Concept Store\",\"description\":\"Suurim Disainipood Eestis\",\"potentialAction\":[{\"@type\":\"SearchAction\",\"target\":{\"@type\":\"EntryPoint\",\"urlTemplate\":\"https:\\\/\\\/www.talidesign.eu\\\/et\\\/?s={search_term_string}\"},\"query-input\":{\"@type\":\"PropertyValueSpecification\",\"valueRequired\":true,\"valueName\":\"search_term_string\"}}],\"inLanguage\":\"et\"}]}<\/script>\n<!-- \/ Yoast SEO plugin. -->","yoast_head_json":{"title":"Zone Singles kandik 20cm Warm Grey - TALI Concept Store","description":"Zone Denmark'i Singles kandik 20cm Warm Grey - valmistatud matt-lakiga metallist, k\u00e4epide v\u00f5imaldab mugavalt kanda. Funktsionaalne, esteetiline ja vastupidav disain. Tutvu disaineritega!","robots":{"index":"index","follow":"follow","max-snippet":"max-snippet:-1","max-image-preview":"max-image-preview:large","max-video-preview":"max-video-preview:-1"},"canonical":"https:\/\/www.talidesign.eu\/et\/pood\/toode\/zone-singles-kandik-20cm-warm-grey\/","og_locale":"et_EE","og_type":"article","og_title":"Zone Singles kandik 20cm Warm Grey - TALI Concept Store","og_description":"Zone Denmark'i Singles kandik 20cm Warm Grey - valmistatud matt-lakiga metallist, k\u00e4epide v\u00f5imaldab mugavalt kanda. Funktsionaalne, esteetiline ja vastupidav disain. Tutvu disaineritega!","og_url":"https:\/\/www.talidesign.eu\/et\/pood\/toode\/zone-singles-kandik-20cm-warm-grey\/","og_site_name":"TALI Concept Store","article_publisher":"https:\/\/www.facebook.com\/TaliDisain\/","article_modified_time":"2024-10-09T05:09:50+00:00","og_image":[{"width":768,"height":768,"url":"https:\/\/www.talidesign.eu\/wp\/wp-content\/uploads\/2024\/03\/zone-singles-tray-20cm-warm-grey.jpg","type":"image\/jpeg"}],"twitter_card":"summary_large_image","twitter_misc":{"Est. reading time":"2 minutes"},"schema":{"@context":"https:\/\/schema.org","@graph":[{"@type":"WebPage","@id":"https:\/\/www.talidesign.eu\/et\/pood\/toode\/zone-singles-kandik-20cm-warm-grey\/","url":"https:\/\/www.talidesign.eu\/et\/pood\/toode\/zone-singles-kandik-20cm-warm-grey\/","name":"Zone Singles kandik 20cm Warm Grey - TALI Concept Store","isPartOf":{"@id":"https:\/\/www.talidesign.eu\/et\/#website"},"primaryImageOfPage":{"@id":"https:\/\/www.talidesign.eu\/et\/pood\/toode\/zone-singles-kandik-20cm-warm-grey\/#primaryimage"},"image":{"@id":"https:\/\/www.talidesign.eu\/et\/pood\/toode\/zone-singles-kandik-20cm-warm-grey\/#primaryimage"},"thumbnailUrl":"https:\/\/www.talidesign.eu\/wp\/wp-content\/uploads\/2024\/03\/zone-singles-tray-20cm-warm-grey.jpg","datePublished":"2024-03-16T15:23:15+00:00","dateModified":"2024-10-09T05:09:50+00:00","description":"Zone Denmark'i Singles kandik 20cm Warm Grey - valmistatud matt-lakiga metallist, k\u00e4epide v\u00f5imaldab mugavalt kanda. Funktsionaalne, esteetiline ja vastupidav disain. Tutvu disaineritega!","breadcrumb":{"@id":"https:\/\/www.talidesign.eu\/et\/pood\/toode\/zone-singles-kandik-20cm-warm-grey\/#breadcrumb"},"inLanguage":"et","potentialAction":[{"@type":"ReadAction","target":["https:\/\/www.talidesign.eu\/et\/pood\/toode\/zone-singles-kandik-20cm-warm-grey\/"]}]},{"@type":"ImageObject","inLanguage":"et","@id":"https:\/\/www.talidesign.eu\/et\/pood\/toode\/zone-singles-kandik-20cm-warm-grey\/#primaryimage","url":"https:\/\/www.talidesign.eu\/wp\/wp-content\/uploads\/2024\/03\/zone-singles-tray-20cm-warm-grey.jpg","contentUrl":"https:\/\/www.talidesign.eu\/wp\/wp-content\/uploads\/2024\/03\/zone-singles-tray-20cm-warm-grey.jpg","width":768,"height":768},{"@type":"BreadcrumbList","@id":"https:\/\/www.talidesign.eu\/et\/pood\/toode\/zone-singles-kandik-20cm-warm-grey\/#breadcrumb","itemListElement":[{"@type":"ListItem","position":1,"name":"Avaleht","item":"https:\/\/www.talidesign.eu\/et\/"},{"@type":"ListItem","position":2,"name":"Pood","item":"https:\/\/www.talidesign.eu\/et\/pood\/"},{"@type":"ListItem","position":3,"name":"Zone Singles kandik 20cm Warm Grey"}]},{"@type":"WebSite","@id":"https:\/\/www.talidesign.eu\/et\/#website","url":"https:\/\/www.talidesign.eu\/et\/","name":"TALI Concept Store","description":"Suurim Disainipood Eestis","potentialAction":[{"@type":"SearchAction","target":{"@type":"EntryPoint","urlTemplate":"https:\/\/www.talidesign.eu\/et\/?s={search_term_string}"},"query-input":{"@type":"PropertyValueSpecification","valueRequired":true,"valueName":"search_term_string"}}],"inLanguage":"et"}]}},"_links":{"self":[{"href":"https:\/\/www.talidesign.eu\/et\/wp-json\/wp\/v2\/product\/84884","targetHints":{"allow":["GET"]}}],"collection":[{"href":"https:\/\/www.talidesign.eu\/et\/wp-json\/wp\/v2\/product"}],"about":[{"href":"https:\/\/www.talidesign.eu\/et\/wp-json\/wp\/v2\/types\/product"}],"wp:featuredmedia":[{"embeddable":true,"href":"https:\/\/www.talidesign.eu\/et\/wp-json\/wp\/v2\/media\/84890"}],"wp:attachment":[{"href":"https:\/\/www.talidesign.eu\/et\/wp-json\/wp\/v2\/media?parent=84884"}],"wp:term":[{"taxonomy":"product_brand","embeddable":true,"href":"https:\/\/www.talidesign.eu\/et\/wp-json\/wp\/v2\/product_brand?post=84884"},{"taxonomy":"product_cat","embeddable":true,"href":"https:\/\/www.talidesign.eu\/et\/wp-json\/wp\/v2\/product_cat?post=84884"},{"taxonomy":"product_tag","embeddable":true,"href":"https:\/\/www.talidesign.eu\/et\/wp-json\/wp\/v2\/product_tag?post=84884"}],"curies":[{"name":"wp","href":"https:\/\/api.w.org\/{rel}","templated":true}]}}