{"id":84930,"date":"2024-03-16T21:51:07","date_gmt":"2024-03-16T19:51:07","guid":{"rendered":"https:\/\/www.talidesign.eu\/?post_type=product&#038;p=84930"},"modified":"2026-02-17T17:35:57","modified_gmt":"2026-02-17T15:35:57","slug":"zone-magnetiga-ratikuhoidja-2tk-must","status":"publish","type":"product","link":"https:\/\/www.talidesign.eu\/et\/pood\/toode\/zone-magnetiga-ratikuhoidja-2tk-must\/","title":{"rendered":"Zone Magnetiga r\u00e4tikuhoidja 2tk Must"},"content":{"rendered":"<p><strong>Magnetiga r\u00e4tikuhoidja 2tk Must<\/strong><\/p>\n<p>M\u00f5ned r\u00e4tikud on varustatud kergesti katkevate aasadega, teised aga on \u00fcldse ilma nendeta. Kuid igat r\u00e4tikut on vaja kuidagi riputada. Selleks on loodud magnetiga r\u00e4tikuhoidja \u2013 silikoonist rihm, mille m\u00f5lemas otsas on tugev magnet. Aseta see lihtsalt r\u00e4tiku \u00fche nurga \u00fcmber ja riputa konksu k\u00fclge.<\/p>\n<p>\u2022 9 cm<br \/>\n\u2022 Silikoon \/ Magnet<br \/>\n\u2022 <a href=\"\/et\/tootekategooria\/brandid\/zone-denmark-et\/\">Br\u00e4nd Zone Denmark<\/a><\/p>\n<p><a href=\"\/product-category\/designers\/zone-denmark\/\"><img loading=\"lazy\" decoding=\"async\" src=\"https:\/\/www.talidesign.eu\/wp\/wp-content\/uploads\/2021\/03\/logo-6.jpg\" alt=\"\" width=\"500\" height=\"100\" class=\"alignnone size-full wp-image-24694\" \/><\/a><\/p>\n","protected":false},"excerpt":{"rendered":"<p><strong>Magnetiga r\u00e4tikuhoidja 2tk Must<\/strong><\/p>\n<p>M\u00f5ned r\u00e4tikud on varustatud kergesti katkevate aasadega, teised aga on \u00fcldse ilma nendeta. Kuid igat r\u00e4tikut on vaja kuidagi riputada. Selleks on loodud magnetiga r\u00e4tikuhoidja \u2013 silikoonist rihm, mille m\u00f5lemas otsas on tugev magnet. Aseta see lihtsalt r\u00e4tiku \u00fche nurga \u00fcmber ja riputa konksu k\u00fclge.<\/p>\n<p>\u2022 9 cm<br \/>\n\u2022 Silikoon \/ Magnet<br \/>\n\u2022 <a href=\"\/et\/tootekategooria\/brandid\/zone-denmark-et\/\">Br\u00e4nd Zone Denmark<\/a><\/p>\n<p><a href=\"\/product-category\/designers\/zone-denmark\/\"><img loading=\"lazy\" decoding=\"async\" src=\"https:\/\/www.talidesign.eu\/wp\/wp-content\/uploads\/2021\/03\/logo-6.jpg\" alt=\"\" width=\"500\" height=\"100\" class=\"alignnone size-full wp-image-24694\" \/><\/a><\/p>\n","protected":false},"featured_media":84942,"template":"","meta":[],"product_brand":[],"product_cat":[1026,1018,1106,1100,1095],"product_tag":[1180],"class_list":{"0":"post-84930","1":"product","2":"type-product","3":"status-publish","4":"has-post-thumbnail","6":"product_cat-brandid","7":"product_cat-kodu","8":"product_cat-konksud-nagid","9":"product_cat-vannituba","10":"product_cat-zone-denmark-et","11":"product_tag-zone-et","13":"first","14":"instock","15":"featured","16":"taxable","17":"shipping-taxable","18":"purchasable","19":"product-type-simple"},"yoast_head":"<!-- This site is optimized with the Yoast SEO plugin v27.3 - https:\/\/yoast.com\/product\/yoast-seo-wordpress\/ -->\n<title>Zone Magnetiga r\u00e4tikuhoidja 2tk Must - TALI Concept Store<\/title>\n<meta name=\"description\" content=\"Zone Magnetiga r\u00e4tikuhoidja 2tk Must - Praktiline ja stiilne r\u00e4tikuhoidja, mis kasutab tugevaid magneteid. Lihtne kasutada ja sobib igat t\u00fc\u00fcpi r\u00e4tikutele. Br\u00e4nd Zone Denmark.\" \/>\n<meta name=\"robots\" content=\"index, follow, max-snippet:-1, max-image-preview:large, max-video-preview:-1\" \/>\n<link rel=\"canonical\" href=\"https:\/\/www.talidesign.eu\/et\/pood\/toode\/zone-magnetiga-ratikuhoidja-2tk-must\/\" \/>\n<meta property=\"og:locale\" content=\"et_EE\" \/>\n<meta property=\"og:type\" content=\"article\" \/>\n<meta property=\"og:title\" content=\"Zone Magnetiga r\u00e4tikuhoidja 2tk Must - TALI Concept Store\" \/>\n<meta property=\"og:description\" content=\"Zone Magnetiga r\u00e4tikuhoidja 2tk Must - Praktiline ja stiilne r\u00e4tikuhoidja, mis kasutab tugevaid magneteid. Lihtne kasutada ja sobib igat t\u00fc\u00fcpi r\u00e4tikutele. Br\u00e4nd Zone Denmark.\" \/>\n<meta property=\"og:url\" content=\"https:\/\/www.talidesign.eu\/et\/pood\/toode\/zone-magnetiga-ratikuhoidja-2tk-must\/\" \/>\n<meta property=\"og:site_name\" content=\"TALI Concept Store\" \/>\n<meta property=\"article:publisher\" content=\"https:\/\/www.facebook.com\/TaliDisain\/\" \/>\n<meta property=\"article:modified_time\" content=\"2026-02-17T15:35:57+00:00\" \/>\n<meta property=\"og:image\" content=\"https:\/\/www.talidesign.eu\/wp\/wp-content\/uploads\/2024\/03\/zone-loop-magnet-towel-strap-2pcs-black.jpg\" \/>\n\t<meta property=\"og:image:width\" content=\"768\" \/>\n\t<meta property=\"og:image:height\" content=\"768\" \/>\n\t<meta property=\"og:image:type\" content=\"image\/jpeg\" \/>\n<meta name=\"twitter:card\" content=\"summary_large_image\" \/>\n<meta name=\"twitter:label1\" content=\"Est. reading time\" \/>\n\t<meta name=\"twitter:data1\" content=\"1 minute\" \/>\n<script type=\"application\/ld+json\" class=\"yoast-schema-graph\">{\"@context\":\"https:\\\/\\\/schema.org\",\"@graph\":[{\"@type\":\"WebPage\",\"@id\":\"https:\\\/\\\/www.talidesign.eu\\\/et\\\/pood\\\/toode\\\/zone-magnetiga-ratikuhoidja-2tk-must\\\/\",\"url\":\"https:\\\/\\\/www.talidesign.eu\\\/et\\\/pood\\\/toode\\\/zone-magnetiga-ratikuhoidja-2tk-must\\\/\",\"name\":\"Zone Magnetiga r\u00e4tikuhoidja 2tk Must - TALI Concept Store\",\"isPartOf\":{\"@id\":\"https:\\\/\\\/www.talidesign.eu\\\/et\\\/#website\"},\"primaryImageOfPage\":{\"@id\":\"https:\\\/\\\/www.talidesign.eu\\\/et\\\/pood\\\/toode\\\/zone-magnetiga-ratikuhoidja-2tk-must\\\/#primaryimage\"},\"image\":{\"@id\":\"https:\\\/\\\/www.talidesign.eu\\\/et\\\/pood\\\/toode\\\/zone-magnetiga-ratikuhoidja-2tk-must\\\/#primaryimage\"},\"thumbnailUrl\":\"https:\\\/\\\/www.talidesign.eu\\\/wp\\\/wp-content\\\/uploads\\\/2024\\\/03\\\/zone-loop-magnet-towel-strap-2pcs-black.jpg\",\"datePublished\":\"2024-03-16T19:51:07+00:00\",\"dateModified\":\"2026-02-17T15:35:57+00:00\",\"description\":\"Zone Magnetiga r\u00e4tikuhoidja 2tk Must - Praktiline ja stiilne r\u00e4tikuhoidja, mis kasutab tugevaid magneteid. Lihtne kasutada ja sobib igat t\u00fc\u00fcpi r\u00e4tikutele. Br\u00e4nd Zone Denmark.\",\"breadcrumb\":{\"@id\":\"https:\\\/\\\/www.talidesign.eu\\\/et\\\/pood\\\/toode\\\/zone-magnetiga-ratikuhoidja-2tk-must\\\/#breadcrumb\"},\"inLanguage\":\"et\",\"potentialAction\":[{\"@type\":\"ReadAction\",\"target\":[\"https:\\\/\\\/www.talidesign.eu\\\/et\\\/pood\\\/toode\\\/zone-magnetiga-ratikuhoidja-2tk-must\\\/\"]}]},{\"@type\":\"ImageObject\",\"inLanguage\":\"et\",\"@id\":\"https:\\\/\\\/www.talidesign.eu\\\/et\\\/pood\\\/toode\\\/zone-magnetiga-ratikuhoidja-2tk-must\\\/#primaryimage\",\"url\":\"https:\\\/\\\/www.talidesign.eu\\\/wp\\\/wp-content\\\/uploads\\\/2024\\\/03\\\/zone-loop-magnet-towel-strap-2pcs-black.jpg\",\"contentUrl\":\"https:\\\/\\\/www.talidesign.eu\\\/wp\\\/wp-content\\\/uploads\\\/2024\\\/03\\\/zone-loop-magnet-towel-strap-2pcs-black.jpg\",\"width\":768,\"height\":768},{\"@type\":\"BreadcrumbList\",\"@id\":\"https:\\\/\\\/www.talidesign.eu\\\/et\\\/pood\\\/toode\\\/zone-magnetiga-ratikuhoidja-2tk-must\\\/#breadcrumb\",\"itemListElement\":[{\"@type\":\"ListItem\",\"position\":1,\"name\":\"Avaleht\",\"item\":\"https:\\\/\\\/www.talidesign.eu\\\/et\\\/\"},{\"@type\":\"ListItem\",\"position\":2,\"name\":\"Pood\",\"item\":\"https:\\\/\\\/www.talidesign.eu\\\/et\\\/pood\\\/\"},{\"@type\":\"ListItem\",\"position\":3,\"name\":\"Zone Magnetiga r\u00e4tikuhoidja 2tk Must\"}]},{\"@type\":\"WebSite\",\"@id\":\"https:\\\/\\\/www.talidesign.eu\\\/et\\\/#website\",\"url\":\"https:\\\/\\\/www.talidesign.eu\\\/et\\\/\",\"name\":\"TALI Concept Store\",\"description\":\"Suurim Disainipood Eestis\",\"potentialAction\":[{\"@type\":\"SearchAction\",\"target\":{\"@type\":\"EntryPoint\",\"urlTemplate\":\"https:\\\/\\\/www.talidesign.eu\\\/et\\\/?s={search_term_string}\"},\"query-input\":{\"@type\":\"PropertyValueSpecification\",\"valueRequired\":true,\"valueName\":\"search_term_string\"}}],\"inLanguage\":\"et\"}]}<\/script>\n<!-- \/ Yoast SEO plugin. -->","yoast_head_json":{"title":"Zone Magnetiga r\u00e4tikuhoidja 2tk Must - TALI Concept Store","description":"Zone Magnetiga r\u00e4tikuhoidja 2tk Must - Praktiline ja stiilne r\u00e4tikuhoidja, mis kasutab tugevaid magneteid. Lihtne kasutada ja sobib igat t\u00fc\u00fcpi r\u00e4tikutele. Br\u00e4nd Zone Denmark.","robots":{"index":"index","follow":"follow","max-snippet":"max-snippet:-1","max-image-preview":"max-image-preview:large","max-video-preview":"max-video-preview:-1"},"canonical":"https:\/\/www.talidesign.eu\/et\/pood\/toode\/zone-magnetiga-ratikuhoidja-2tk-must\/","og_locale":"et_EE","og_type":"article","og_title":"Zone Magnetiga r\u00e4tikuhoidja 2tk Must - TALI Concept Store","og_description":"Zone Magnetiga r\u00e4tikuhoidja 2tk Must - Praktiline ja stiilne r\u00e4tikuhoidja, mis kasutab tugevaid magneteid. Lihtne kasutada ja sobib igat t\u00fc\u00fcpi r\u00e4tikutele. Br\u00e4nd Zone Denmark.","og_url":"https:\/\/www.talidesign.eu\/et\/pood\/toode\/zone-magnetiga-ratikuhoidja-2tk-must\/","og_site_name":"TALI Concept Store","article_publisher":"https:\/\/www.facebook.com\/TaliDisain\/","article_modified_time":"2026-02-17T15:35:57+00:00","og_image":[{"width":768,"height":768,"url":"https:\/\/www.talidesign.eu\/wp\/wp-content\/uploads\/2024\/03\/zone-loop-magnet-towel-strap-2pcs-black.jpg","type":"image\/jpeg"}],"twitter_card":"summary_large_image","twitter_misc":{"Est. reading time":"1 minute"},"schema":{"@context":"https:\/\/schema.org","@graph":[{"@type":"WebPage","@id":"https:\/\/www.talidesign.eu\/et\/pood\/toode\/zone-magnetiga-ratikuhoidja-2tk-must\/","url":"https:\/\/www.talidesign.eu\/et\/pood\/toode\/zone-magnetiga-ratikuhoidja-2tk-must\/","name":"Zone Magnetiga r\u00e4tikuhoidja 2tk Must - TALI Concept Store","isPartOf":{"@id":"https:\/\/www.talidesign.eu\/et\/#website"},"primaryImageOfPage":{"@id":"https:\/\/www.talidesign.eu\/et\/pood\/toode\/zone-magnetiga-ratikuhoidja-2tk-must\/#primaryimage"},"image":{"@id":"https:\/\/www.talidesign.eu\/et\/pood\/toode\/zone-magnetiga-ratikuhoidja-2tk-must\/#primaryimage"},"thumbnailUrl":"https:\/\/www.talidesign.eu\/wp\/wp-content\/uploads\/2024\/03\/zone-loop-magnet-towel-strap-2pcs-black.jpg","datePublished":"2024-03-16T19:51:07+00:00","dateModified":"2026-02-17T15:35:57+00:00","description":"Zone Magnetiga r\u00e4tikuhoidja 2tk Must - Praktiline ja stiilne r\u00e4tikuhoidja, mis kasutab tugevaid magneteid. Lihtne kasutada ja sobib igat t\u00fc\u00fcpi r\u00e4tikutele. Br\u00e4nd Zone Denmark.","breadcrumb":{"@id":"https:\/\/www.talidesign.eu\/et\/pood\/toode\/zone-magnetiga-ratikuhoidja-2tk-must\/#breadcrumb"},"inLanguage":"et","potentialAction":[{"@type":"ReadAction","target":["https:\/\/www.talidesign.eu\/et\/pood\/toode\/zone-magnetiga-ratikuhoidja-2tk-must\/"]}]},{"@type":"ImageObject","inLanguage":"et","@id":"https:\/\/www.talidesign.eu\/et\/pood\/toode\/zone-magnetiga-ratikuhoidja-2tk-must\/#primaryimage","url":"https:\/\/www.talidesign.eu\/wp\/wp-content\/uploads\/2024\/03\/zone-loop-magnet-towel-strap-2pcs-black.jpg","contentUrl":"https:\/\/www.talidesign.eu\/wp\/wp-content\/uploads\/2024\/03\/zone-loop-magnet-towel-strap-2pcs-black.jpg","width":768,"height":768},{"@type":"BreadcrumbList","@id":"https:\/\/www.talidesign.eu\/et\/pood\/toode\/zone-magnetiga-ratikuhoidja-2tk-must\/#breadcrumb","itemListElement":[{"@type":"ListItem","position":1,"name":"Avaleht","item":"https:\/\/www.talidesign.eu\/et\/"},{"@type":"ListItem","position":2,"name":"Pood","item":"https:\/\/www.talidesign.eu\/et\/pood\/"},{"@type":"ListItem","position":3,"name":"Zone Magnetiga r\u00e4tikuhoidja 2tk Must"}]},{"@type":"WebSite","@id":"https:\/\/www.talidesign.eu\/et\/#website","url":"https:\/\/www.talidesign.eu\/et\/","name":"TALI Concept Store","description":"Suurim Disainipood Eestis","potentialAction":[{"@type":"SearchAction","target":{"@type":"EntryPoint","urlTemplate":"https:\/\/www.talidesign.eu\/et\/?s={search_term_string}"},"query-input":{"@type":"PropertyValueSpecification","valueRequired":true,"valueName":"search_term_string"}}],"inLanguage":"et"}]}},"_links":{"self":[{"href":"https:\/\/www.talidesign.eu\/et\/wp-json\/wp\/v2\/product\/84930","targetHints":{"allow":["GET"]}}],"collection":[{"href":"https:\/\/www.talidesign.eu\/et\/wp-json\/wp\/v2\/product"}],"about":[{"href":"https:\/\/www.talidesign.eu\/et\/wp-json\/wp\/v2\/types\/product"}],"wp:featuredmedia":[{"embeddable":true,"href":"https:\/\/www.talidesign.eu\/et\/wp-json\/wp\/v2\/media\/84942"}],"wp:attachment":[{"href":"https:\/\/www.talidesign.eu\/et\/wp-json\/wp\/v2\/media?parent=84930"}],"wp:term":[{"taxonomy":"product_brand","embeddable":true,"href":"https:\/\/www.talidesign.eu\/et\/wp-json\/wp\/v2\/product_brand?post=84930"},{"taxonomy":"product_cat","embeddable":true,"href":"https:\/\/www.talidesign.eu\/et\/wp-json\/wp\/v2\/product_cat?post=84930"},{"taxonomy":"product_tag","embeddable":true,"href":"https:\/\/www.talidesign.eu\/et\/wp-json\/wp\/v2\/product_tag?post=84930"}],"curies":[{"name":"wp","href":"https:\/\/api.w.org\/{rel}","templated":true}]}}