{"id":85680,"date":"2024-03-31T13:51:05","date_gmt":"2024-03-31T10:51:05","guid":{"rendered":"https:\/\/www.talidesign.eu\/?post_type=product&#038;p=85680"},"modified":"2025-07-19T15:49:35","modified_gmt":"2025-07-19T12:49:35","slug":"maison-matine-seep-goutte-dor","status":"publish","type":"product","link":"https:\/\/www.talidesign.eu\/et\/pood\/toode\/maison-matine-seep-goutte-dor\/","title":{"rendered":"Maison Matine Seep Goutte D&#8217;or"},"content":{"rendered":"<p><strong>Seep Goutte D&#8217;or<\/strong><\/p>\n<p>Sinu uus pehme s\u00f5ber!<\/p>\n<p>Noodid: tee, ingver, kurk<\/p>\n<p>V\u00fcrtsikad aroomid \u00fcmbermaailmareisiks!<\/p>\n<p>\u2022 100gr<br \/>\n\u2022 96% looduslikku p\u00e4ritolu<br \/>\n\u2022 Valmistatud oliivi- ja kookos\u00f5list<br \/>\n\u2022 V\u00e4rvikas ja l\u00f5hnav!<br \/>\n\u2022 <a href=\"\/et\/tootekategooria\/brandid\/maison-matine-et\/\">Br\u00e4nd Maison Matine<\/a><\/p>\n<p><strong>Br\u00e4ndist<\/strong><\/p>\n<p>Meie inspireerivad, vastutustundlikud ja helded l\u00f5hnad on loonud Prantsuse uue p\u00f5lvkonna p\u00fchendunud parf\u00fcmeerid.<\/p>\n<p>Vaba ja l\u00f5busana p\u00f6\u00f6rdume p\u00f5lvkonna poole, kes otsib iseseisvust ja loovust. <\/p>\n<p>Nisust toodetud alkohol on p\u00e4rit mahep\u00f5llumajandusest ning koostisainete kogumisel on arvestatud looduse ja tootjatega.<\/p>\n<p>Meie pakendid on valmistatud taaskasutatud ja taaskasutatavatest pappkarpidest, olles lihtsad ja t\u00f5husad. \u00dclepakendamise ja raiskamise v\u00e4ltimiseks ei kasuta me tsellofaani.<\/p>\n<p>Meie parf\u00fc\u00fcmid on loodud ja valmistatud <strong>Prantsusmaal<\/strong>, t\u00e4psemalt Pariisis ja Chartres\u02bcs.<\/p>\n<p><a href=\"\/product-category\/designers\/maison-matine\/\"><img loading=\"lazy\" decoding=\"async\" src=\"https:\/\/www.talidesign.eu\/wp\/wp-content\/uploads\/2022\/02\/maison-matine-into-the-wild-50ml.jpg\" alt=\"\" width=\"500\" height=\"100\" class=\"alignnone size-full wp-image-51839\" \/><\/a><\/p>\n","protected":false},"excerpt":{"rendered":"<p><strong>Seep Goutte D&#8217;or<\/strong><\/p>\n<p>Sinu uus pehme s\u00f5ber!<\/p>\n<p>Noodid: tee, ingver, kurk<\/p>\n<p>V\u00fcrtsikad aroomid \u00fcmbermaailmareisiks!<\/p>\n<p>\u2022 100gr<br \/>\n\u2022 96% looduslikku p\u00e4ritolu<br \/>\n\u2022 Valmistatud oliivi- ja kookos\u00f5list<br \/>\n\u2022 V\u00e4rvikas ja l\u00f5hnav!<br \/>\n\u2022 <a href=\"\/et\/tootekategooria\/brandid\/maison-matine-et\/\">Br\u00e4nd Maison Matine<\/a><\/p>\n<p><strong>Br\u00e4ndist<\/strong><\/p>\n<p>Meie inspireerivad, vastutustundlikud ja helded l\u00f5hnad on loonud Prantsuse uue p\u00f5lvkonna p\u00fchendunud parf\u00fcmeerid.<\/p>\n<p>Vaba ja l\u00f5busana p\u00f6\u00f6rdume p\u00f5lvkonna poole, kes otsib iseseisvust ja loovust. <\/p>\n<p>Nisust toodetud alkohol on p\u00e4rit mahep\u00f5llumajandusest ning koostisainete kogumisel on arvestatud looduse ja tootjatega.<\/p>\n<p>Meie pakendid on valmistatud taaskasutatud ja taaskasutatavatest pappkarpidest, olles lihtsad ja t\u00f5husad. \u00dclepakendamise ja raiskamise v\u00e4ltimiseks ei kasuta me tsellofaani.<\/p>\n<p>Meie parf\u00fc\u00fcmid on loodud ja valmistatud <strong>Prantsusmaal<\/strong>, t\u00e4psemalt Pariisis ja Chartres\u02bcs.<\/p>\n<p><a href=\"\/product-category\/designers\/maison-matine\/\"><img loading=\"lazy\" decoding=\"async\" src=\"https:\/\/www.talidesign.eu\/wp\/wp-content\/uploads\/2022\/02\/maison-matine-into-the-wild-50ml.jpg\" alt=\"\" width=\"500\" height=\"100\" class=\"alignnone size-full wp-image-51839\" \/><\/a><\/p>\n","protected":false},"featured_media":85690,"template":"","meta":[],"product_brand":[],"product_cat":[2411,2123,1100],"product_tag":[2135],"class_list":{"0":"post-85680","1":"product","2":"type-product","3":"status-publish","4":"has-post-thumbnail","6":"product_cat-koduspaa","7":"product_cat-maison-matine-et","8":"product_cat-vannituba","9":"product_tag-maison-matine-et","11":"first","12":"outofstock","13":"taxable","14":"shipping-taxable","15":"purchasable","16":"product-type-simple"},"yoast_head":"<!-- This site is optimized with the Yoast SEO plugin v27.3 - https:\/\/yoast.com\/product\/yoast-seo-wordpress\/ -->\n<title>Maison Matine Seep Goutte D&#039;or - TALI Concept Store<\/title>\n<meta name=\"description\" content=\"Avasta Maison Matine Seep Goutte D&#039;or - sinu uus pehme s\u00f5ber! V\u00fcrtsikad aroomid \u00fcmbermaailmareisiks. 96% looduslikku p\u00e4ritolu. Br\u00e4nd Maison Matine.\" \/>\n<meta name=\"robots\" content=\"index, follow, max-snippet:-1, max-image-preview:large, max-video-preview:-1\" \/>\n<link rel=\"canonical\" href=\"https:\/\/www.talidesign.eu\/et\/pood\/toode\/maison-matine-seep-goutte-dor\/\" \/>\n<meta property=\"og:locale\" content=\"et_EE\" \/>\n<meta property=\"og:type\" content=\"article\" \/>\n<meta property=\"og:title\" content=\"Maison Matine Seep Goutte D&#039;or - TALI Concept Store\" \/>\n<meta property=\"og:description\" content=\"Avasta Maison Matine Seep Goutte D&#039;or - sinu uus pehme s\u00f5ber! V\u00fcrtsikad aroomid \u00fcmbermaailmareisiks. 96% looduslikku p\u00e4ritolu. Br\u00e4nd Maison Matine.\" \/>\n<meta property=\"og:url\" content=\"https:\/\/www.talidesign.eu\/et\/pood\/toode\/maison-matine-seep-goutte-dor\/\" \/>\n<meta property=\"og:site_name\" content=\"TALI Concept Store\" \/>\n<meta property=\"article:publisher\" content=\"https:\/\/www.facebook.com\/TaliDisain\/\" \/>\n<meta property=\"article:modified_time\" content=\"2025-07-19T12:49:35+00:00\" \/>\n<meta property=\"og:image\" content=\"https:\/\/www.talidesign.eu\/wp\/wp-content\/uploads\/2024\/03\/maison-matine-soap-goutte-dor.jpg\" \/>\n\t<meta property=\"og:image:width\" content=\"768\" \/>\n\t<meta property=\"og:image:height\" content=\"768\" \/>\n\t<meta property=\"og:image:type\" content=\"image\/jpeg\" \/>\n<meta name=\"twitter:card\" content=\"summary_large_image\" \/>\n<meta name=\"twitter:label1\" content=\"Est. reading time\" \/>\n\t<meta name=\"twitter:data1\" content=\"1 minute\" \/>\n<script type=\"application\/ld+json\" class=\"yoast-schema-graph\">{\"@context\":\"https:\\\/\\\/schema.org\",\"@graph\":[{\"@type\":\"WebPage\",\"@id\":\"https:\\\/\\\/www.talidesign.eu\\\/et\\\/pood\\\/toode\\\/maison-matine-seep-goutte-dor\\\/\",\"url\":\"https:\\\/\\\/www.talidesign.eu\\\/et\\\/pood\\\/toode\\\/maison-matine-seep-goutte-dor\\\/\",\"name\":\"Maison Matine Seep Goutte D'or - TALI Concept Store\",\"isPartOf\":{\"@id\":\"https:\\\/\\\/www.talidesign.eu\\\/et\\\/#website\"},\"primaryImageOfPage\":{\"@id\":\"https:\\\/\\\/www.talidesign.eu\\\/et\\\/pood\\\/toode\\\/maison-matine-seep-goutte-dor\\\/#primaryimage\"},\"image\":{\"@id\":\"https:\\\/\\\/www.talidesign.eu\\\/et\\\/pood\\\/toode\\\/maison-matine-seep-goutte-dor\\\/#primaryimage\"},\"thumbnailUrl\":\"https:\\\/\\\/www.talidesign.eu\\\/wp\\\/wp-content\\\/uploads\\\/2024\\\/03\\\/maison-matine-soap-goutte-dor.jpg\",\"datePublished\":\"2024-03-31T10:51:05+00:00\",\"dateModified\":\"2025-07-19T12:49:35+00:00\",\"description\":\"Avasta Maison Matine Seep Goutte D'or - sinu uus pehme s\u00f5ber! V\u00fcrtsikad aroomid \u00fcmbermaailmareisiks. 96% looduslikku p\u00e4ritolu. Br\u00e4nd Maison Matine.\",\"breadcrumb\":{\"@id\":\"https:\\\/\\\/www.talidesign.eu\\\/et\\\/pood\\\/toode\\\/maison-matine-seep-goutte-dor\\\/#breadcrumb\"},\"inLanguage\":\"et\",\"potentialAction\":[{\"@type\":\"ReadAction\",\"target\":[\"https:\\\/\\\/www.talidesign.eu\\\/et\\\/pood\\\/toode\\\/maison-matine-seep-goutte-dor\\\/\"]}]},{\"@type\":\"ImageObject\",\"inLanguage\":\"et\",\"@id\":\"https:\\\/\\\/www.talidesign.eu\\\/et\\\/pood\\\/toode\\\/maison-matine-seep-goutte-dor\\\/#primaryimage\",\"url\":\"https:\\\/\\\/www.talidesign.eu\\\/wp\\\/wp-content\\\/uploads\\\/2024\\\/03\\\/maison-matine-soap-goutte-dor.jpg\",\"contentUrl\":\"https:\\\/\\\/www.talidesign.eu\\\/wp\\\/wp-content\\\/uploads\\\/2024\\\/03\\\/maison-matine-soap-goutte-dor.jpg\",\"width\":768,\"height\":768},{\"@type\":\"BreadcrumbList\",\"@id\":\"https:\\\/\\\/www.talidesign.eu\\\/et\\\/pood\\\/toode\\\/maison-matine-seep-goutte-dor\\\/#breadcrumb\",\"itemListElement\":[{\"@type\":\"ListItem\",\"position\":1,\"name\":\"Avaleht\",\"item\":\"https:\\\/\\\/www.talidesign.eu\\\/et\\\/\"},{\"@type\":\"ListItem\",\"position\":2,\"name\":\"Pood\",\"item\":\"https:\\\/\\\/www.talidesign.eu\\\/et\\\/pood\\\/\"},{\"@type\":\"ListItem\",\"position\":3,\"name\":\"Maison Matine Seep Goutte D&#8217;or\"}]},{\"@type\":\"WebSite\",\"@id\":\"https:\\\/\\\/www.talidesign.eu\\\/et\\\/#website\",\"url\":\"https:\\\/\\\/www.talidesign.eu\\\/et\\\/\",\"name\":\"TALI Concept Store\",\"description\":\"Suurim Disainipood Eestis\",\"potentialAction\":[{\"@type\":\"SearchAction\",\"target\":{\"@type\":\"EntryPoint\",\"urlTemplate\":\"https:\\\/\\\/www.talidesign.eu\\\/et\\\/?s={search_term_string}\"},\"query-input\":{\"@type\":\"PropertyValueSpecification\",\"valueRequired\":true,\"valueName\":\"search_term_string\"}}],\"inLanguage\":\"et\"}]}<\/script>\n<!-- \/ Yoast SEO plugin. -->","yoast_head_json":{"title":"Maison Matine Seep Goutte D'or - TALI Concept Store","description":"Avasta Maison Matine Seep Goutte D'or - sinu uus pehme s\u00f5ber! V\u00fcrtsikad aroomid \u00fcmbermaailmareisiks. 96% looduslikku p\u00e4ritolu. Br\u00e4nd Maison Matine.","robots":{"index":"index","follow":"follow","max-snippet":"max-snippet:-1","max-image-preview":"max-image-preview:large","max-video-preview":"max-video-preview:-1"},"canonical":"https:\/\/www.talidesign.eu\/et\/pood\/toode\/maison-matine-seep-goutte-dor\/","og_locale":"et_EE","og_type":"article","og_title":"Maison Matine Seep Goutte D'or - TALI Concept Store","og_description":"Avasta Maison Matine Seep Goutte D'or - sinu uus pehme s\u00f5ber! V\u00fcrtsikad aroomid \u00fcmbermaailmareisiks. 96% looduslikku p\u00e4ritolu. Br\u00e4nd Maison Matine.","og_url":"https:\/\/www.talidesign.eu\/et\/pood\/toode\/maison-matine-seep-goutte-dor\/","og_site_name":"TALI Concept Store","article_publisher":"https:\/\/www.facebook.com\/TaliDisain\/","article_modified_time":"2025-07-19T12:49:35+00:00","og_image":[{"width":768,"height":768,"url":"https:\/\/www.talidesign.eu\/wp\/wp-content\/uploads\/2024\/03\/maison-matine-soap-goutte-dor.jpg","type":"image\/jpeg"}],"twitter_card":"summary_large_image","twitter_misc":{"Est. reading time":"1 minute"},"schema":{"@context":"https:\/\/schema.org","@graph":[{"@type":"WebPage","@id":"https:\/\/www.talidesign.eu\/et\/pood\/toode\/maison-matine-seep-goutte-dor\/","url":"https:\/\/www.talidesign.eu\/et\/pood\/toode\/maison-matine-seep-goutte-dor\/","name":"Maison Matine Seep Goutte D'or - TALI Concept Store","isPartOf":{"@id":"https:\/\/www.talidesign.eu\/et\/#website"},"primaryImageOfPage":{"@id":"https:\/\/www.talidesign.eu\/et\/pood\/toode\/maison-matine-seep-goutte-dor\/#primaryimage"},"image":{"@id":"https:\/\/www.talidesign.eu\/et\/pood\/toode\/maison-matine-seep-goutte-dor\/#primaryimage"},"thumbnailUrl":"https:\/\/www.talidesign.eu\/wp\/wp-content\/uploads\/2024\/03\/maison-matine-soap-goutte-dor.jpg","datePublished":"2024-03-31T10:51:05+00:00","dateModified":"2025-07-19T12:49:35+00:00","description":"Avasta Maison Matine Seep Goutte D'or - sinu uus pehme s\u00f5ber! V\u00fcrtsikad aroomid \u00fcmbermaailmareisiks. 96% looduslikku p\u00e4ritolu. Br\u00e4nd Maison Matine.","breadcrumb":{"@id":"https:\/\/www.talidesign.eu\/et\/pood\/toode\/maison-matine-seep-goutte-dor\/#breadcrumb"},"inLanguage":"et","potentialAction":[{"@type":"ReadAction","target":["https:\/\/www.talidesign.eu\/et\/pood\/toode\/maison-matine-seep-goutte-dor\/"]}]},{"@type":"ImageObject","inLanguage":"et","@id":"https:\/\/www.talidesign.eu\/et\/pood\/toode\/maison-matine-seep-goutte-dor\/#primaryimage","url":"https:\/\/www.talidesign.eu\/wp\/wp-content\/uploads\/2024\/03\/maison-matine-soap-goutte-dor.jpg","contentUrl":"https:\/\/www.talidesign.eu\/wp\/wp-content\/uploads\/2024\/03\/maison-matine-soap-goutte-dor.jpg","width":768,"height":768},{"@type":"BreadcrumbList","@id":"https:\/\/www.talidesign.eu\/et\/pood\/toode\/maison-matine-seep-goutte-dor\/#breadcrumb","itemListElement":[{"@type":"ListItem","position":1,"name":"Avaleht","item":"https:\/\/www.talidesign.eu\/et\/"},{"@type":"ListItem","position":2,"name":"Pood","item":"https:\/\/www.talidesign.eu\/et\/pood\/"},{"@type":"ListItem","position":3,"name":"Maison Matine Seep Goutte D&#8217;or"}]},{"@type":"WebSite","@id":"https:\/\/www.talidesign.eu\/et\/#website","url":"https:\/\/www.talidesign.eu\/et\/","name":"TALI Concept Store","description":"Suurim Disainipood Eestis","potentialAction":[{"@type":"SearchAction","target":{"@type":"EntryPoint","urlTemplate":"https:\/\/www.talidesign.eu\/et\/?s={search_term_string}"},"query-input":{"@type":"PropertyValueSpecification","valueRequired":true,"valueName":"search_term_string"}}],"inLanguage":"et"}]}},"_links":{"self":[{"href":"https:\/\/www.talidesign.eu\/et\/wp-json\/wp\/v2\/product\/85680","targetHints":{"allow":["GET"]}}],"collection":[{"href":"https:\/\/www.talidesign.eu\/et\/wp-json\/wp\/v2\/product"}],"about":[{"href":"https:\/\/www.talidesign.eu\/et\/wp-json\/wp\/v2\/types\/product"}],"wp:featuredmedia":[{"embeddable":true,"href":"https:\/\/www.talidesign.eu\/et\/wp-json\/wp\/v2\/media\/85690"}],"wp:attachment":[{"href":"https:\/\/www.talidesign.eu\/et\/wp-json\/wp\/v2\/media?parent=85680"}],"wp:term":[{"taxonomy":"product_brand","embeddable":true,"href":"https:\/\/www.talidesign.eu\/et\/wp-json\/wp\/v2\/product_brand?post=85680"},{"taxonomy":"product_cat","embeddable":true,"href":"https:\/\/www.talidesign.eu\/et\/wp-json\/wp\/v2\/product_cat?post=85680"},{"taxonomy":"product_tag","embeddable":true,"href":"https:\/\/www.talidesign.eu\/et\/wp-json\/wp\/v2\/product_tag?post=85680"}],"curies":[{"name":"wp","href":"https:\/\/api.w.org\/{rel}","templated":true}]}}