{"id":85939,"date":"2024-04-01T14:13:47","date_gmt":"2024-04-01T11:13:47","guid":{"rendered":"https:\/\/www.talidesign.eu\/?post_type=product&#038;p=85939"},"modified":"2025-05-20T18:07:12","modified_gmt":"2025-05-20T15:07:12","slug":"moodne-serveerimisalus-puit-tamm","status":"publish","type":"product","link":"https:\/\/www.talidesign.eu\/et\/pood\/toode\/moodne-serveerimisalus-puit-tamm\/","title":{"rendered":"Moodne serveerimisalus Puit\/Tamm"},"content":{"rendered":"<p><strong>Moodne serveerimisalus Puit\/Tamm<\/strong><\/p>\n<p>See moodne serveerimisaluse, mis on valmistatud naturaalsest puitvineerist, sobib h\u00e4sti puhta ja lihtsa kodustiiliga. Olgu selleks kohv, joogid, suupisted v\u00f5i k\u00fcpsised \u2013 kasulik alus hoiab k\u00f5ike stiilselt. Kaks k\u00e4epidet ja k\u00f5rgendatud \u00e4\u00e4r tagavad lihtsa ja turvalise transpordi.<\/p>\n<p>\u2022 Materjal: Valmistatud puidust ja tammespoonist<br \/>\n\u2022 44,5 x 33,5 x 4,5 cm<br \/>\n\u2022 <a href=\"\/et\/tootekategooria\/brandid\/zeller-et\/\">Br\u00e4nd Zeller Home<\/a><\/p>\n<p><strong>Meist<\/strong><\/p>\n<p>1983. aastal Saksamaal asutatud Zeller Home t\u00f6\u00f6tab igal aastal v\u00e4lja lugematul hulgal uusi tooteid, mis vaatavad tulevikku. <\/p>\n<p>Kvaliteetne meisterlikkus \u2012 meie tooted sobivad igap\u00e4evaseks kasutamiseks ja on vastupidavad.<\/p>\n<p><a href=\"\/et\/tootekategooria\/brandid\/zeller-et\/\"><img loading=\"lazy\" decoding=\"async\" src=\"https:\/\/www.talidesign.eu\/wp\/wp-content\/uploads\/2021\/07\/titelbild-home-1920x1280-1-1536x1024-1-600x400.jpg\" alt=\"\" width=\"600\" height=\"400\" class=\"alignnone size-medium wp-image-32925\" srcset=\"https:\/\/www.talidesign.eu\/wp\/wp-content\/uploads\/2021\/07\/titelbild-home-1920x1280-1-1536x1024-1-600x400.jpg 600w, https:\/\/www.talidesign.eu\/wp\/wp-content\/uploads\/2021\/07\/titelbild-home-1920x1280-1-1536x1024-1-1200x800.jpg 1200w, https:\/\/www.talidesign.eu\/wp\/wp-content\/uploads\/2021\/07\/titelbild-home-1920x1280-1-1536x1024-1-768x512.jpg 768w, https:\/\/www.talidesign.eu\/wp\/wp-content\/uploads\/2021\/07\/titelbild-home-1920x1280-1-1536x1024-1-500x333.jpg 500w, https:\/\/www.talidesign.eu\/wp\/wp-content\/uploads\/2021\/07\/titelbild-home-1920x1280-1-1536x1024-1-510x340.jpg 510w, https:\/\/www.talidesign.eu\/wp\/wp-content\/uploads\/2021\/07\/titelbild-home-1920x1280-1-1536x1024-1.jpg 1536w\" sizes=\"auto, (max-width: 600px) 100vw, 600px\" \/><\/a><\/p>\n","protected":false},"excerpt":{"rendered":"<p><strong>Moodne serveerimisalus Puit\/Tamm<\/strong><\/p>\n<p>See moodne serveerimisaluse, mis on valmistatud naturaalsest puitvineerist, sobib h\u00e4sti puhta ja lihtsa kodustiiliga. Olgu selleks kohv, joogid, suupisted v\u00f5i k\u00fcpsised \u2013 kasulik alus hoiab k\u00f5ike stiilselt. Kaks k\u00e4epidet ja k\u00f5rgendatud \u00e4\u00e4r tagavad lihtsa ja turvalise transpordi.<\/p>\n<p>\u2022 Materjal: Valmistatud puidust ja tammespoonist<br \/>\n\u2022 44,5 x 33,5 x 4,5 cm<br \/>\n\u2022 <a href=\"\/et\/tootekategooria\/brandid\/zeller-et\/\">Br\u00e4nd Zeller Home<\/a><\/p>\n<p><strong>Meist<\/strong><\/p>\n<p>1983. aastal Saksamaal asutatud Zeller Home t\u00f6\u00f6tab igal aastal v\u00e4lja lugematul hulgal uusi tooteid, mis vaatavad tulevikku. <\/p>\n<p>Kvaliteetne meisterlikkus \u2012 meie tooted sobivad igap\u00e4evaseks kasutamiseks ja on vastupidavad.<\/p>\n<p><a href=\"\/et\/tootekategooria\/brandid\/zeller-et\/\"><img loading=\"lazy\" decoding=\"async\" src=\"https:\/\/www.talidesign.eu\/wp\/wp-content\/uploads\/2021\/07\/titelbild-home-1920x1280-1-1536x1024-1-600x400.jpg\" alt=\"\" width=\"600\" height=\"400\" class=\"alignnone size-medium wp-image-32925\" srcset=\"https:\/\/www.talidesign.eu\/wp\/wp-content\/uploads\/2021\/07\/titelbild-home-1920x1280-1-1536x1024-1-600x400.jpg 600w, https:\/\/www.talidesign.eu\/wp\/wp-content\/uploads\/2021\/07\/titelbild-home-1920x1280-1-1536x1024-1-1200x800.jpg 1200w, https:\/\/www.talidesign.eu\/wp\/wp-content\/uploads\/2021\/07\/titelbild-home-1920x1280-1-1536x1024-1-768x512.jpg 768w, https:\/\/www.talidesign.eu\/wp\/wp-content\/uploads\/2021\/07\/titelbild-home-1920x1280-1-1536x1024-1-500x333.jpg 500w, https:\/\/www.talidesign.eu\/wp\/wp-content\/uploads\/2021\/07\/titelbild-home-1920x1280-1-1536x1024-1-510x340.jpg 510w, https:\/\/www.talidesign.eu\/wp\/wp-content\/uploads\/2021\/07\/titelbild-home-1920x1280-1-1536x1024-1.jpg 1536w\" sizes=\"auto, (max-width: 600px) 100vw, 600px\" \/><\/a><\/p>\n","protected":false},"featured_media":85947,"template":"","meta":[],"product_brand":[],"product_cat":[1026,1018,1030,1109,1101,1032],"product_tag":[1033],"class_list":{"0":"post-85939","1":"product","2":"type-product","3":"status-publish","4":"has-post-thumbnail","6":"product_cat-brandid","7":"product_cat-kodu","8":"product_cat-kook","9":"product_cat-lauanoud","10":"product_cat-magamis-ja-elutuba","11":"product_cat-zeller-et","12":"product_tag-zeller-et","14":"first","15":"instock","16":"taxable","17":"shipping-taxable","18":"purchasable","19":"product-type-simple"},"yoast_head":"<!-- This site is optimized with the Yoast SEO plugin v27.3 - https:\/\/yoast.com\/product\/yoast-seo-wordpress\/ -->\n<title>Moodne serveerimisalus Puit\/Tamm - TALI Concept Store<\/title>\n<meta name=\"description\" content=\"Avasta moodne serveerimisalus Puit\/Tamm, mis sobib suurep\u00e4raselt puhta ja lihtsa kodustiiliga. Valmistatud naturaalsest puitvineerist, see alus hoiab k\u00f5ike stiilselt. Kvaliteetne ja vastupidav Zeller Home br\u00e4nd.\" \/>\n<meta name=\"robots\" content=\"index, follow, max-snippet:-1, max-image-preview:large, max-video-preview:-1\" \/>\n<link rel=\"canonical\" href=\"https:\/\/www.talidesign.eu\/et\/pood\/toode\/moodne-serveerimisalus-puit-tamm\/\" \/>\n<meta property=\"og:locale\" content=\"et_EE\" \/>\n<meta property=\"og:type\" content=\"article\" \/>\n<meta property=\"og:title\" content=\"Moodne serveerimisalus Puit\/Tamm - TALI Concept Store\" \/>\n<meta property=\"og:description\" content=\"Avasta moodne serveerimisalus Puit\/Tamm, mis sobib suurep\u00e4raselt puhta ja lihtsa kodustiiliga. Valmistatud naturaalsest puitvineerist, see alus hoiab k\u00f5ike stiilselt. Kvaliteetne ja vastupidav Zeller Home br\u00e4nd.\" \/>\n<meta property=\"og:url\" content=\"https:\/\/www.talidesign.eu\/et\/pood\/toode\/moodne-serveerimisalus-puit-tamm\/\" \/>\n<meta property=\"og:site_name\" content=\"TALI Concept Store\" \/>\n<meta property=\"article:publisher\" content=\"https:\/\/www.facebook.com\/TaliDisain\/\" \/>\n<meta property=\"article:modified_time\" content=\"2025-05-20T15:07:12+00:00\" \/>\n<meta property=\"og:image\" content=\"https:\/\/www.talidesign.eu\/wp\/wp-content\/uploads\/2024\/04\/25654.jpg\" \/>\n\t<meta property=\"og:image:width\" content=\"1000\" \/>\n\t<meta property=\"og:image:height\" content=\"1000\" \/>\n\t<meta property=\"og:image:type\" content=\"image\/jpeg\" \/>\n<meta name=\"twitter:card\" content=\"summary_large_image\" \/>\n<meta name=\"twitter:label1\" content=\"Est. reading time\" \/>\n\t<meta name=\"twitter:data1\" content=\"1 minute\" \/>\n<script type=\"application\/ld+json\" class=\"yoast-schema-graph\">{\"@context\":\"https:\\\/\\\/schema.org\",\"@graph\":[{\"@type\":\"WebPage\",\"@id\":\"https:\\\/\\\/www.talidesign.eu\\\/et\\\/pood\\\/toode\\\/moodne-serveerimisalus-puit-tamm\\\/\",\"url\":\"https:\\\/\\\/www.talidesign.eu\\\/et\\\/pood\\\/toode\\\/moodne-serveerimisalus-puit-tamm\\\/\",\"name\":\"Moodne serveerimisalus Puit\\\/Tamm - TALI Concept Store\",\"isPartOf\":{\"@id\":\"https:\\\/\\\/www.talidesign.eu\\\/et\\\/#website\"},\"primaryImageOfPage\":{\"@id\":\"https:\\\/\\\/www.talidesign.eu\\\/et\\\/pood\\\/toode\\\/moodne-serveerimisalus-puit-tamm\\\/#primaryimage\"},\"image\":{\"@id\":\"https:\\\/\\\/www.talidesign.eu\\\/et\\\/pood\\\/toode\\\/moodne-serveerimisalus-puit-tamm\\\/#primaryimage\"},\"thumbnailUrl\":\"https:\\\/\\\/www.talidesign.eu\\\/wp\\\/wp-content\\\/uploads\\\/2024\\\/04\\\/25654.jpg\",\"datePublished\":\"2024-04-01T11:13:47+00:00\",\"dateModified\":\"2025-05-20T15:07:12+00:00\",\"description\":\"Avasta moodne serveerimisalus Puit\\\/Tamm, mis sobib suurep\u00e4raselt puhta ja lihtsa kodustiiliga. Valmistatud naturaalsest puitvineerist, see alus hoiab k\u00f5ike stiilselt. Kvaliteetne ja vastupidav Zeller Home br\u00e4nd.\",\"breadcrumb\":{\"@id\":\"https:\\\/\\\/www.talidesign.eu\\\/et\\\/pood\\\/toode\\\/moodne-serveerimisalus-puit-tamm\\\/#breadcrumb\"},\"inLanguage\":\"et\",\"potentialAction\":[{\"@type\":\"ReadAction\",\"target\":[\"https:\\\/\\\/www.talidesign.eu\\\/et\\\/pood\\\/toode\\\/moodne-serveerimisalus-puit-tamm\\\/\"]}]},{\"@type\":\"ImageObject\",\"inLanguage\":\"et\",\"@id\":\"https:\\\/\\\/www.talidesign.eu\\\/et\\\/pood\\\/toode\\\/moodne-serveerimisalus-puit-tamm\\\/#primaryimage\",\"url\":\"https:\\\/\\\/www.talidesign.eu\\\/wp\\\/wp-content\\\/uploads\\\/2024\\\/04\\\/25654.jpg\",\"contentUrl\":\"https:\\\/\\\/www.talidesign.eu\\\/wp\\\/wp-content\\\/uploads\\\/2024\\\/04\\\/25654.jpg\",\"width\":1000,\"height\":1000},{\"@type\":\"BreadcrumbList\",\"@id\":\"https:\\\/\\\/www.talidesign.eu\\\/et\\\/pood\\\/toode\\\/moodne-serveerimisalus-puit-tamm\\\/#breadcrumb\",\"itemListElement\":[{\"@type\":\"ListItem\",\"position\":1,\"name\":\"Avaleht\",\"item\":\"https:\\\/\\\/www.talidesign.eu\\\/et\\\/\"},{\"@type\":\"ListItem\",\"position\":2,\"name\":\"Pood\",\"item\":\"https:\\\/\\\/www.talidesign.eu\\\/et\\\/pood\\\/\"},{\"@type\":\"ListItem\",\"position\":3,\"name\":\"Moodne serveerimisalus Puit\\\/Tamm\"}]},{\"@type\":\"WebSite\",\"@id\":\"https:\\\/\\\/www.talidesign.eu\\\/et\\\/#website\",\"url\":\"https:\\\/\\\/www.talidesign.eu\\\/et\\\/\",\"name\":\"TALI Concept Store\",\"description\":\"Suurim Disainipood Eestis\",\"potentialAction\":[{\"@type\":\"SearchAction\",\"target\":{\"@type\":\"EntryPoint\",\"urlTemplate\":\"https:\\\/\\\/www.talidesign.eu\\\/et\\\/?s={search_term_string}\"},\"query-input\":{\"@type\":\"PropertyValueSpecification\",\"valueRequired\":true,\"valueName\":\"search_term_string\"}}],\"inLanguage\":\"et\"}]}<\/script>\n<!-- \/ Yoast SEO plugin. -->","yoast_head_json":{"title":"Moodne serveerimisalus Puit\/Tamm - TALI Concept Store","description":"Avasta moodne serveerimisalus Puit\/Tamm, mis sobib suurep\u00e4raselt puhta ja lihtsa kodustiiliga. Valmistatud naturaalsest puitvineerist, see alus hoiab k\u00f5ike stiilselt. Kvaliteetne ja vastupidav Zeller Home br\u00e4nd.","robots":{"index":"index","follow":"follow","max-snippet":"max-snippet:-1","max-image-preview":"max-image-preview:large","max-video-preview":"max-video-preview:-1"},"canonical":"https:\/\/www.talidesign.eu\/et\/pood\/toode\/moodne-serveerimisalus-puit-tamm\/","og_locale":"et_EE","og_type":"article","og_title":"Moodne serveerimisalus Puit\/Tamm - TALI Concept Store","og_description":"Avasta moodne serveerimisalus Puit\/Tamm, mis sobib suurep\u00e4raselt puhta ja lihtsa kodustiiliga. Valmistatud naturaalsest puitvineerist, see alus hoiab k\u00f5ike stiilselt. Kvaliteetne ja vastupidav Zeller Home br\u00e4nd.","og_url":"https:\/\/www.talidesign.eu\/et\/pood\/toode\/moodne-serveerimisalus-puit-tamm\/","og_site_name":"TALI Concept Store","article_publisher":"https:\/\/www.facebook.com\/TaliDisain\/","article_modified_time":"2025-05-20T15:07:12+00:00","og_image":[{"width":1000,"height":1000,"url":"https:\/\/www.talidesign.eu\/wp\/wp-content\/uploads\/2024\/04\/25654.jpg","type":"image\/jpeg"}],"twitter_card":"summary_large_image","twitter_misc":{"Est. reading time":"1 minute"},"schema":{"@context":"https:\/\/schema.org","@graph":[{"@type":"WebPage","@id":"https:\/\/www.talidesign.eu\/et\/pood\/toode\/moodne-serveerimisalus-puit-tamm\/","url":"https:\/\/www.talidesign.eu\/et\/pood\/toode\/moodne-serveerimisalus-puit-tamm\/","name":"Moodne serveerimisalus Puit\/Tamm - TALI Concept Store","isPartOf":{"@id":"https:\/\/www.talidesign.eu\/et\/#website"},"primaryImageOfPage":{"@id":"https:\/\/www.talidesign.eu\/et\/pood\/toode\/moodne-serveerimisalus-puit-tamm\/#primaryimage"},"image":{"@id":"https:\/\/www.talidesign.eu\/et\/pood\/toode\/moodne-serveerimisalus-puit-tamm\/#primaryimage"},"thumbnailUrl":"https:\/\/www.talidesign.eu\/wp\/wp-content\/uploads\/2024\/04\/25654.jpg","datePublished":"2024-04-01T11:13:47+00:00","dateModified":"2025-05-20T15:07:12+00:00","description":"Avasta moodne serveerimisalus Puit\/Tamm, mis sobib suurep\u00e4raselt puhta ja lihtsa kodustiiliga. Valmistatud naturaalsest puitvineerist, see alus hoiab k\u00f5ike stiilselt. Kvaliteetne ja vastupidav Zeller Home br\u00e4nd.","breadcrumb":{"@id":"https:\/\/www.talidesign.eu\/et\/pood\/toode\/moodne-serveerimisalus-puit-tamm\/#breadcrumb"},"inLanguage":"et","potentialAction":[{"@type":"ReadAction","target":["https:\/\/www.talidesign.eu\/et\/pood\/toode\/moodne-serveerimisalus-puit-tamm\/"]}]},{"@type":"ImageObject","inLanguage":"et","@id":"https:\/\/www.talidesign.eu\/et\/pood\/toode\/moodne-serveerimisalus-puit-tamm\/#primaryimage","url":"https:\/\/www.talidesign.eu\/wp\/wp-content\/uploads\/2024\/04\/25654.jpg","contentUrl":"https:\/\/www.talidesign.eu\/wp\/wp-content\/uploads\/2024\/04\/25654.jpg","width":1000,"height":1000},{"@type":"BreadcrumbList","@id":"https:\/\/www.talidesign.eu\/et\/pood\/toode\/moodne-serveerimisalus-puit-tamm\/#breadcrumb","itemListElement":[{"@type":"ListItem","position":1,"name":"Avaleht","item":"https:\/\/www.talidesign.eu\/et\/"},{"@type":"ListItem","position":2,"name":"Pood","item":"https:\/\/www.talidesign.eu\/et\/pood\/"},{"@type":"ListItem","position":3,"name":"Moodne serveerimisalus Puit\/Tamm"}]},{"@type":"WebSite","@id":"https:\/\/www.talidesign.eu\/et\/#website","url":"https:\/\/www.talidesign.eu\/et\/","name":"TALI Concept Store","description":"Suurim Disainipood Eestis","potentialAction":[{"@type":"SearchAction","target":{"@type":"EntryPoint","urlTemplate":"https:\/\/www.talidesign.eu\/et\/?s={search_term_string}"},"query-input":{"@type":"PropertyValueSpecification","valueRequired":true,"valueName":"search_term_string"}}],"inLanguage":"et"}]}},"_links":{"self":[{"href":"https:\/\/www.talidesign.eu\/et\/wp-json\/wp\/v2\/product\/85939","targetHints":{"allow":["GET"]}}],"collection":[{"href":"https:\/\/www.talidesign.eu\/et\/wp-json\/wp\/v2\/product"}],"about":[{"href":"https:\/\/www.talidesign.eu\/et\/wp-json\/wp\/v2\/types\/product"}],"wp:featuredmedia":[{"embeddable":true,"href":"https:\/\/www.talidesign.eu\/et\/wp-json\/wp\/v2\/media\/85947"}],"wp:attachment":[{"href":"https:\/\/www.talidesign.eu\/et\/wp-json\/wp\/v2\/media?parent=85939"}],"wp:term":[{"taxonomy":"product_brand","embeddable":true,"href":"https:\/\/www.talidesign.eu\/et\/wp-json\/wp\/v2\/product_brand?post=85939"},{"taxonomy":"product_cat","embeddable":true,"href":"https:\/\/www.talidesign.eu\/et\/wp-json\/wp\/v2\/product_cat?post=85939"},{"taxonomy":"product_tag","embeddable":true,"href":"https:\/\/www.talidesign.eu\/et\/wp-json\/wp\/v2\/product_tag?post=85939"}],"curies":[{"name":"wp","href":"https:\/\/api.w.org\/{rel}","templated":true}]}}