{"id":86153,"date":"2024-04-03T12:34:41","date_gmt":"2024-04-03T09:34:41","guid":{"rendered":"https:\/\/www.talidesign.eu\/?post_type=product&#038;p=86153"},"modified":"2025-06-09T15:35:23","modified_gmt":"2025-06-09T12:35:23","slug":"typealive-tote-wormhole","status":"publish","type":"product","link":"https:\/\/www.talidesign.eu\/et\/pood\/toode\/typealive-tote-wormhole\/","title":{"rendered":"typealive Tote Wormhole"},"content":{"rendered":"<p><strong>Tote Wormhole<\/strong><\/p>\n<p>\u00d6elge EI plastikule ja keemilistele lisanditele ning JAH sellele praktilisele looduslikule kotile, mis on valmistatud 100% \u00d6ko-Tex puuvillast.<\/p>\n<p>\u2022 38 x 42 cm<br \/>\n\u2022 Siiditr\u00fckk 100% puuvillale (\u00d6ko Tex sertifikaat). Tagak\u00fcljelele pole tr\u00fckitud.<br \/>\n\u2022 Toodetud Saksamaal ja Euroopas<br \/>\n\u2022 <a href=\"\/et\/tootekategooria\/brandid\/typealive-et\/\">Br\u00e4nd typealive<\/a><\/p>\n<p><strong>Meist<\/strong><\/p>\n<p>typealive on M\u00fcnsterist p\u00e4rit v\u00e4ike graafilise disaini stuudio ja neil on suur oskus kombineerida teksti ja pilti l\u00f5busal, kaunil ja sageli ootamatul moel. <\/p>\n<p><a href=\"\/et\/tootekategooria\/brandid\/typealive-et\"><img loading=\"lazy\" decoding=\"async\" src=\"https:\/\/www.talidesign.eu\/wp\/wp-content\/uploads\/2023\/09\/typelive.jpg\" alt=\"\" width=\"500\" height=\"100\" class=\"alignnone size-full wp-image-78202\" \/><\/a><\/p>\n","protected":false},"excerpt":{"rendered":"<p><strong>Tote Wormhole<\/strong><\/p>\n<p>\u00d6elge EI plastikule ja keemilistele lisanditele ning JAH sellele praktilisele looduslikule kotile, mis on valmistatud 100% \u00d6ko-Tex puuvillast.<\/p>\n<p>\u2022 38 x 42 cm<br \/>\n\u2022 Siiditr\u00fckk 100% puuvillale (\u00d6ko Tex sertifikaat). Tagak\u00fcljelele pole tr\u00fckitud.<br \/>\n\u2022 Toodetud Saksamaal ja Euroopas<br \/>\n\u2022 <a href=\"\/et\/tootekategooria\/brandid\/typealive-et\/\">Br\u00e4nd typealive<\/a><\/p>\n<p><strong>Meist<\/strong><\/p>\n<p>typealive on M\u00fcnsterist p\u00e4rit v\u00e4ike graafilise disaini stuudio ja neil on suur oskus kombineerida teksti ja pilti l\u00f5busal, kaunil ja sageli ootamatul moel. <\/p>\n<p><a href=\"\/et\/tootekategooria\/brandid\/typealive-et\"><img loading=\"lazy\" decoding=\"async\" src=\"https:\/\/www.talidesign.eu\/wp\/wp-content\/uploads\/2023\/09\/typelive.jpg\" alt=\"\" width=\"500\" height=\"100\" class=\"alignnone size-full wp-image-78202\" \/><\/a><\/p>\n","protected":false},"featured_media":86161,"template":"","meta":[],"product_brand":[],"product_cat":[1026,1131,1113,3024],"product_tag":[3027],"class_list":{"0":"post-86153","1":"product","2":"type-product","3":"status-publish","4":"has-post-thumbnail","6":"product_cat-brandid","7":"product_cat-naiste-kotid","8":"product_cat-kotid","9":"product_cat-typealive-et","10":"product_tag-typealive-et","12":"first","13":"outofstock","14":"taxable","15":"shipping-taxable","16":"purchasable","17":"product-type-simple"},"yoast_head":"<!-- This site is optimized with the Yoast SEO plugin v27.3 - https:\/\/yoast.com\/product\/yoast-seo-wordpress\/ -->\n<title>typealive Tote Wormhole - TALI Concept Store<\/title>\n<meta name=\"description\" content=\"typealive Tote Wormhole - praktiline looduslik kott, mis on valmistatud 100% \u00d6ko-Tex puuvillast. Kombineerib teksti ja pilti l\u00f5busal ja kaunil moel.\" \/>\n<meta name=\"robots\" content=\"index, follow, max-snippet:-1, max-image-preview:large, max-video-preview:-1\" \/>\n<link rel=\"canonical\" href=\"https:\/\/www.talidesign.eu\/et\/pood\/toode\/typealive-tote-wormhole\/\" \/>\n<meta property=\"og:locale\" content=\"et_EE\" \/>\n<meta property=\"og:type\" content=\"article\" \/>\n<meta property=\"og:title\" content=\"typealive Tote Wormhole - TALI Concept Store\" \/>\n<meta property=\"og:description\" content=\"typealive Tote Wormhole - praktiline looduslik kott, mis on valmistatud 100% \u00d6ko-Tex puuvillast. Kombineerib teksti ja pilti l\u00f5busal ja kaunil moel.\" \/>\n<meta property=\"og:url\" content=\"https:\/\/www.talidesign.eu\/et\/pood\/toode\/typealive-tote-wormhole\/\" \/>\n<meta property=\"og:site_name\" content=\"TALI Concept Store\" \/>\n<meta property=\"article:publisher\" content=\"https:\/\/www.facebook.com\/TaliDisain\/\" \/>\n<meta property=\"article:modified_time\" content=\"2025-06-09T12:35:23+00:00\" \/>\n<meta property=\"og:image\" content=\"https:\/\/www.talidesign.eu\/wp\/wp-content\/uploads\/2024\/04\/typealive-tote-wormhole.jpg\" \/>\n\t<meta property=\"og:image:width\" content=\"768\" \/>\n\t<meta property=\"og:image:height\" content=\"768\" \/>\n\t<meta property=\"og:image:type\" content=\"image\/jpeg\" \/>\n<meta name=\"twitter:card\" content=\"summary_large_image\" \/>\n<meta name=\"twitter:label1\" content=\"Est. reading time\" \/>\n\t<meta name=\"twitter:data1\" content=\"1 minute\" \/>\n<script type=\"application\/ld+json\" class=\"yoast-schema-graph\">{\"@context\":\"https:\\\/\\\/schema.org\",\"@graph\":[{\"@type\":\"WebPage\",\"@id\":\"https:\\\/\\\/www.talidesign.eu\\\/et\\\/pood\\\/toode\\\/typealive-tote-wormhole\\\/\",\"url\":\"https:\\\/\\\/www.talidesign.eu\\\/et\\\/pood\\\/toode\\\/typealive-tote-wormhole\\\/\",\"name\":\"typealive Tote Wormhole - TALI Concept Store\",\"isPartOf\":{\"@id\":\"https:\\\/\\\/www.talidesign.eu\\\/et\\\/#website\"},\"primaryImageOfPage\":{\"@id\":\"https:\\\/\\\/www.talidesign.eu\\\/et\\\/pood\\\/toode\\\/typealive-tote-wormhole\\\/#primaryimage\"},\"image\":{\"@id\":\"https:\\\/\\\/www.talidesign.eu\\\/et\\\/pood\\\/toode\\\/typealive-tote-wormhole\\\/#primaryimage\"},\"thumbnailUrl\":\"https:\\\/\\\/www.talidesign.eu\\\/wp\\\/wp-content\\\/uploads\\\/2024\\\/04\\\/typealive-tote-wormhole.jpg\",\"datePublished\":\"2024-04-03T09:34:41+00:00\",\"dateModified\":\"2025-06-09T12:35:23+00:00\",\"description\":\"typealive Tote Wormhole - praktiline looduslik kott, mis on valmistatud 100% \u00d6ko-Tex puuvillast. Kombineerib teksti ja pilti l\u00f5busal ja kaunil moel.\",\"breadcrumb\":{\"@id\":\"https:\\\/\\\/www.talidesign.eu\\\/et\\\/pood\\\/toode\\\/typealive-tote-wormhole\\\/#breadcrumb\"},\"inLanguage\":\"et\",\"potentialAction\":[{\"@type\":\"ReadAction\",\"target\":[\"https:\\\/\\\/www.talidesign.eu\\\/et\\\/pood\\\/toode\\\/typealive-tote-wormhole\\\/\"]}]},{\"@type\":\"ImageObject\",\"inLanguage\":\"et\",\"@id\":\"https:\\\/\\\/www.talidesign.eu\\\/et\\\/pood\\\/toode\\\/typealive-tote-wormhole\\\/#primaryimage\",\"url\":\"https:\\\/\\\/www.talidesign.eu\\\/wp\\\/wp-content\\\/uploads\\\/2024\\\/04\\\/typealive-tote-wormhole.jpg\",\"contentUrl\":\"https:\\\/\\\/www.talidesign.eu\\\/wp\\\/wp-content\\\/uploads\\\/2024\\\/04\\\/typealive-tote-wormhole.jpg\",\"width\":768,\"height\":768},{\"@type\":\"BreadcrumbList\",\"@id\":\"https:\\\/\\\/www.talidesign.eu\\\/et\\\/pood\\\/toode\\\/typealive-tote-wormhole\\\/#breadcrumb\",\"itemListElement\":[{\"@type\":\"ListItem\",\"position\":1,\"name\":\"Avaleht\",\"item\":\"https:\\\/\\\/www.talidesign.eu\\\/et\\\/\"},{\"@type\":\"ListItem\",\"position\":2,\"name\":\"Pood\",\"item\":\"https:\\\/\\\/www.talidesign.eu\\\/et\\\/pood\\\/\"},{\"@type\":\"ListItem\",\"position\":3,\"name\":\"typealive Tote Wormhole\"}]},{\"@type\":\"WebSite\",\"@id\":\"https:\\\/\\\/www.talidesign.eu\\\/et\\\/#website\",\"url\":\"https:\\\/\\\/www.talidesign.eu\\\/et\\\/\",\"name\":\"TALI Concept Store\",\"description\":\"Suurim Disainipood Eestis\",\"potentialAction\":[{\"@type\":\"SearchAction\",\"target\":{\"@type\":\"EntryPoint\",\"urlTemplate\":\"https:\\\/\\\/www.talidesign.eu\\\/et\\\/?s={search_term_string}\"},\"query-input\":{\"@type\":\"PropertyValueSpecification\",\"valueRequired\":true,\"valueName\":\"search_term_string\"}}],\"inLanguage\":\"et\"}]}<\/script>\n<!-- \/ Yoast SEO plugin. -->","yoast_head_json":{"title":"typealive Tote Wormhole - TALI Concept Store","description":"typealive Tote Wormhole - praktiline looduslik kott, mis on valmistatud 100% \u00d6ko-Tex puuvillast. Kombineerib teksti ja pilti l\u00f5busal ja kaunil moel.","robots":{"index":"index","follow":"follow","max-snippet":"max-snippet:-1","max-image-preview":"max-image-preview:large","max-video-preview":"max-video-preview:-1"},"canonical":"https:\/\/www.talidesign.eu\/et\/pood\/toode\/typealive-tote-wormhole\/","og_locale":"et_EE","og_type":"article","og_title":"typealive Tote Wormhole - TALI Concept Store","og_description":"typealive Tote Wormhole - praktiline looduslik kott, mis on valmistatud 100% \u00d6ko-Tex puuvillast. Kombineerib teksti ja pilti l\u00f5busal ja kaunil moel.","og_url":"https:\/\/www.talidesign.eu\/et\/pood\/toode\/typealive-tote-wormhole\/","og_site_name":"TALI Concept Store","article_publisher":"https:\/\/www.facebook.com\/TaliDisain\/","article_modified_time":"2025-06-09T12:35:23+00:00","og_image":[{"width":768,"height":768,"url":"https:\/\/www.talidesign.eu\/wp\/wp-content\/uploads\/2024\/04\/typealive-tote-wormhole.jpg","type":"image\/jpeg"}],"twitter_card":"summary_large_image","twitter_misc":{"Est. reading time":"1 minute"},"schema":{"@context":"https:\/\/schema.org","@graph":[{"@type":"WebPage","@id":"https:\/\/www.talidesign.eu\/et\/pood\/toode\/typealive-tote-wormhole\/","url":"https:\/\/www.talidesign.eu\/et\/pood\/toode\/typealive-tote-wormhole\/","name":"typealive Tote Wormhole - TALI Concept Store","isPartOf":{"@id":"https:\/\/www.talidesign.eu\/et\/#website"},"primaryImageOfPage":{"@id":"https:\/\/www.talidesign.eu\/et\/pood\/toode\/typealive-tote-wormhole\/#primaryimage"},"image":{"@id":"https:\/\/www.talidesign.eu\/et\/pood\/toode\/typealive-tote-wormhole\/#primaryimage"},"thumbnailUrl":"https:\/\/www.talidesign.eu\/wp\/wp-content\/uploads\/2024\/04\/typealive-tote-wormhole.jpg","datePublished":"2024-04-03T09:34:41+00:00","dateModified":"2025-06-09T12:35:23+00:00","description":"typealive Tote Wormhole - praktiline looduslik kott, mis on valmistatud 100% \u00d6ko-Tex puuvillast. Kombineerib teksti ja pilti l\u00f5busal ja kaunil moel.","breadcrumb":{"@id":"https:\/\/www.talidesign.eu\/et\/pood\/toode\/typealive-tote-wormhole\/#breadcrumb"},"inLanguage":"et","potentialAction":[{"@type":"ReadAction","target":["https:\/\/www.talidesign.eu\/et\/pood\/toode\/typealive-tote-wormhole\/"]}]},{"@type":"ImageObject","inLanguage":"et","@id":"https:\/\/www.talidesign.eu\/et\/pood\/toode\/typealive-tote-wormhole\/#primaryimage","url":"https:\/\/www.talidesign.eu\/wp\/wp-content\/uploads\/2024\/04\/typealive-tote-wormhole.jpg","contentUrl":"https:\/\/www.talidesign.eu\/wp\/wp-content\/uploads\/2024\/04\/typealive-tote-wormhole.jpg","width":768,"height":768},{"@type":"BreadcrumbList","@id":"https:\/\/www.talidesign.eu\/et\/pood\/toode\/typealive-tote-wormhole\/#breadcrumb","itemListElement":[{"@type":"ListItem","position":1,"name":"Avaleht","item":"https:\/\/www.talidesign.eu\/et\/"},{"@type":"ListItem","position":2,"name":"Pood","item":"https:\/\/www.talidesign.eu\/et\/pood\/"},{"@type":"ListItem","position":3,"name":"typealive Tote Wormhole"}]},{"@type":"WebSite","@id":"https:\/\/www.talidesign.eu\/et\/#website","url":"https:\/\/www.talidesign.eu\/et\/","name":"TALI Concept Store","description":"Suurim Disainipood Eestis","potentialAction":[{"@type":"SearchAction","target":{"@type":"EntryPoint","urlTemplate":"https:\/\/www.talidesign.eu\/et\/?s={search_term_string}"},"query-input":{"@type":"PropertyValueSpecification","valueRequired":true,"valueName":"search_term_string"}}],"inLanguage":"et"}]}},"_links":{"self":[{"href":"https:\/\/www.talidesign.eu\/et\/wp-json\/wp\/v2\/product\/86153","targetHints":{"allow":["GET"]}}],"collection":[{"href":"https:\/\/www.talidesign.eu\/et\/wp-json\/wp\/v2\/product"}],"about":[{"href":"https:\/\/www.talidesign.eu\/et\/wp-json\/wp\/v2\/types\/product"}],"wp:featuredmedia":[{"embeddable":true,"href":"https:\/\/www.talidesign.eu\/et\/wp-json\/wp\/v2\/media\/86161"}],"wp:attachment":[{"href":"https:\/\/www.talidesign.eu\/et\/wp-json\/wp\/v2\/media?parent=86153"}],"wp:term":[{"taxonomy":"product_brand","embeddable":true,"href":"https:\/\/www.talidesign.eu\/et\/wp-json\/wp\/v2\/product_brand?post=86153"},{"taxonomy":"product_cat","embeddable":true,"href":"https:\/\/www.talidesign.eu\/et\/wp-json\/wp\/v2\/product_cat?post=86153"},{"taxonomy":"product_tag","embeddable":true,"href":"https:\/\/www.talidesign.eu\/et\/wp-json\/wp\/v2\/product_tag?post=86153"}],"curies":[{"name":"wp","href":"https:\/\/api.w.org\/{rel}","templated":true}]}}