{"id":87286,"date":"2024-05-10T13:18:22","date_gmt":"2024-05-10T10:18:22","guid":{"rendered":"https:\/\/www.talidesign.eu\/?post_type=product&#038;p=87286"},"modified":"2026-03-17T16:08:24","modified_gmt":"2026-03-17T14:08:24","slug":"beslag-tualettpaberi-hoidja-riiuliga-matt-must-3m","status":"publish","type":"product","link":"https:\/\/www.talidesign.eu\/et\/pood\/toode\/beslag-tualettpaberi-hoidja-riiuliga-matt-must-3m\/","title":{"rendered":"Beslag Tualettpaberi hoidja riiuliga Matt Must 3M"},"content":{"rendered":"<p><strong>Tualettpaberi hoidja riiuliga Matt Must 3M<\/strong><\/p>\n<p>Matist mustast materjalist tualettpaberi hoidja riiuliga on kaasaegne lahendus, mis vastab t\u00e4nase vannitoa vajadustele elegantse disainiga. See \u00fchendab kaks praktilist funktsiooni \u00fches ja nutikas riiul pakub v\u00f5imalust kaunistada ruumi lillede, k\u00fc\u00fcnaldega v\u00f5i hoida seal mobiiltelefoni.<\/p>\n<p>K\u00f5igil sarja Base &#038; Solid toodetel on isekleepuv tagak\u00fclg. Seega on neid lihtne paigaldada ilma auku puurimata. Valmistatud roostevabast terasest. <\/p>\n<p>Kinnitatakse p\u00fcsivatele siledatele pindadele, nagu keraamilised plaadid, lakitud v\u00f5i spoonitud plaadid jne. Toodet ei ole soovitatav paigaldada ebatasasele\/karedale pinnale, kus teip ei kinnitu t\u00e4ielikult, ega pindadele, mis v\u00f5ivad nihkuda (nt m\u00e4rgruumi tapeet). \u00c4sja plaaditud seinte korral tuleb pind p\u00f5hjalikult puhastada, et sellel ei oleks vuugij\u00e4\u00e4ke.<\/p>\n<p>K\u00fcsimuste korral pidage n\u00f5u spetsialistiga.<\/p>\n<p><strong>Paigaldusjuhised<\/strong><\/p>\n<p>\u2022 Puhastage aluspind p\u00f5hjalikult ja laske sel kuivada. (Puhastusvahendid ei tohi sisaldada \u00f5li.)<br \/>\n\u2022 Eemaldage kaitsekile.<br \/>\n\u2022 Paigaldage toode seinale, vajutades seda 10 sekundit vastu aluspinda.<br \/>\n\u2022 Parimate tulemuste saamiseks laske liimil 24 tundi kuivada.<\/p>\n<p>Toote puhastamiseks kasutage puhast niisket lappi.<\/p>\n<p>\u2022 Matt Must<br \/>\n\u2022 S\u00fcgavus: 110 mm, pikkus: 150 mm, laius: 115 mm<br \/>\n\u2022 Isekleepuv tagak\u00fclg 3M<br \/>\n\u2022 <a href=\"\/et\/tootekategooria\/brandid\/beslag-design-et\/\">Br\u00e4nd Beslag Design<\/a><\/p>\n<p><strong>Br\u00e4ndist<\/strong><\/p>\n<p>Beslag Design tegeleb sisekujunduse ja sisustusdetailidega. Nende \u00e4riidee on lihtne \u2013 t\u00f6\u00f6tada v\u00e4lja ja turustada uuenduslikke ja n\u00f5utud m\u00f6\u00f6bli- ja sisustustarvikuid. Ettev\u00f5te on 1972. aastast saadik pidevalt kasvanud ning praegu on sisustustoodete ja -tarvikute valdkonnas oma ala liider. <\/p>\n<p>Detailid, mis kaunistavad interj\u00f6\u00f6ri ja t\u00e4iendavad tervikpilti.<\/p>\n<p><a href=\"\/et\/tootekategooria\/brandid\/beslag-design-et\/\"><img loading=\"lazy\" decoding=\"async\" src=\"https:\/\/www.talidesign.eu\/wp\/wp-content\/uploads\/2021\/09\/logo.jpg\" alt=\"\" width=\"500\" height=\"100\" class=\"alignnone size-full wp-image-35595\" \/><\/a><\/p>\n","protected":false},"excerpt":{"rendered":"<p><strong>Tualettpaberi hoidja riiuliga Matt Must 3M<\/strong><\/p>\n<p>Matist mustast materjalist tualettpaberi hoidja riiuliga on kaasaegne lahendus, mis vastab t\u00e4nase vannitoa vajadustele elegantse disainiga. See \u00fchendab kaks praktilist funktsiooni \u00fches ja nutikas riiul pakub v\u00f5imalust kaunistada ruumi lillede, k\u00fc\u00fcnaldega v\u00f5i hoida seal mobiiltelefoni.<\/p>\n<p>K\u00f5igil sarja Base &#038; Solid toodetel on isekleepuv tagak\u00fclg. Seega on neid lihtne paigaldada ilma auku puurimata. Valmistatud roostevabast terasest. <\/p>\n<p>Kinnitatakse p\u00fcsivatele siledatele pindadele, nagu keraamilised plaadid, lakitud v\u00f5i spoonitud plaadid jne. Toodet ei ole soovitatav paigaldada ebatasasele\/karedale pinnale, kus teip ei kinnitu t\u00e4ielikult, ega pindadele, mis v\u00f5ivad nihkuda (nt m\u00e4rgruumi tapeet). \u00c4sja plaaditud seinte korral tuleb pind p\u00f5hjalikult puhastada, et sellel ei oleks vuugij\u00e4\u00e4ke.<\/p>\n<p>K\u00fcsimuste korral pidage n\u00f5u spetsialistiga.<\/p>\n<p><strong>Paigaldusjuhised<\/strong><\/p>\n<p>\u2022 Puhastage aluspind p\u00f5hjalikult ja laske sel kuivada. (Puhastusvahendid ei tohi sisaldada \u00f5li.)<br \/>\n\u2022 Eemaldage kaitsekile.<br \/>\n\u2022 Paigaldage toode seinale, vajutades seda 10 sekundit vastu aluspinda.<br \/>\n\u2022 Parimate tulemuste saamiseks laske liimil 24 tundi kuivada.<\/p>\n<p>Toote puhastamiseks kasutage puhast niisket lappi.<\/p>\n<p>\u2022 Matt Must<br \/>\n\u2022 S\u00fcgavus: 110 mm, pikkus: 150 mm, laius: 115 mm<br \/>\n\u2022 Isekleepuv tagak\u00fclg 3M<br \/>\n\u2022 <a href=\"\/et\/tootekategooria\/brandid\/beslag-design-et\/\">Br\u00e4nd Beslag Design<\/a><\/p>\n<p><strong>Br\u00e4ndist<\/strong><\/p>\n<p>Beslag Design tegeleb sisekujunduse ja sisustusdetailidega. Nende \u00e4riidee on lihtne \u2013 t\u00f6\u00f6tada v\u00e4lja ja turustada uuenduslikke ja n\u00f5utud m\u00f6\u00f6bli- ja sisustustarvikuid. Ettev\u00f5te on 1972. aastast saadik pidevalt kasvanud ning praegu on sisustustoodete ja -tarvikute valdkonnas oma ala liider. <\/p>\n<p>Detailid, mis kaunistavad interj\u00f6\u00f6ri ja t\u00e4iendavad tervikpilti.<\/p>\n<p><a href=\"\/et\/tootekategooria\/brandid\/beslag-design-et\/\"><img loading=\"lazy\" decoding=\"async\" src=\"https:\/\/www.talidesign.eu\/wp\/wp-content\/uploads\/2021\/09\/logo.jpg\" alt=\"\" width=\"500\" height=\"100\" class=\"alignnone size-full wp-image-35595\" \/><\/a><\/p>\n","protected":false},"featured_media":87288,"template":"","meta":[],"product_brand":[],"product_cat":[2876,1038,1026,1018,1106,1100],"product_tag":[1290],"class_list":{"0":"post-87286","1":"product","2":"type-product","3":"status-publish","4":"has-post-thumbnail","6":"product_cat-3m-kleebisega-tooted","7":"product_cat-beslag-design-et","8":"product_cat-brandid","9":"product_cat-kodu","10":"product_cat-konksud-nagid","11":"product_cat-vannituba","12":"product_tag-beslag-et","14":"first","15":"instock","16":"taxable","17":"shipping-taxable","18":"purchasable","19":"product-type-simple"},"yoast_head":"<!-- This site is optimized with the Yoast SEO plugin v27.4 - https:\/\/yoast.com\/product\/yoast-seo-wordpress\/ -->\n<title>Beslag Tualettpaberi hoidja riiuliga Matt Must 3M - TALI Concept Store<\/title>\n<meta name=\"description\" content=\"Kaasaegne tualettpaberi hoidja riiuliga, mis \u00fchendab praktilisuse elegantse disainiga. Lihtne paigaldada ja valmistatud roostevabast terasest.\" \/>\n<meta name=\"robots\" content=\"index, follow, max-snippet:-1, max-image-preview:large, max-video-preview:-1\" \/>\n<link rel=\"canonical\" href=\"https:\/\/www.talidesign.eu\/et\/pood\/toode\/beslag-tualettpaberi-hoidja-riiuliga-matt-must-3m\/\" \/>\n<meta property=\"og:locale\" content=\"et_EE\" \/>\n<meta property=\"og:type\" content=\"article\" \/>\n<meta property=\"og:title\" content=\"Beslag Tualettpaberi hoidja riiuliga Matt Must 3M - TALI Concept Store\" \/>\n<meta property=\"og:description\" content=\"Kaasaegne tualettpaberi hoidja riiuliga, mis \u00fchendab praktilisuse elegantse disainiga. Lihtne paigaldada ja valmistatud roostevabast terasest.\" \/>\n<meta property=\"og:url\" content=\"https:\/\/www.talidesign.eu\/et\/pood\/toode\/beslag-tualettpaberi-hoidja-riiuliga-matt-must-3m\/\" \/>\n<meta property=\"og:site_name\" content=\"TALI Concept Store\" \/>\n<meta property=\"article:publisher\" content=\"https:\/\/www.facebook.com\/TaliDisain\/\" \/>\n<meta property=\"article:modified_time\" content=\"2026-03-17T14:08:24+00:00\" \/>\n<meta property=\"og:image\" content=\"https:\/\/www.talidesign.eu\/wp\/wp-content\/uploads\/2024\/05\/60608-41.jpeg\" \/>\n\t<meta property=\"og:image:width\" content=\"768\" \/>\n\t<meta property=\"og:image:height\" content=\"768\" \/>\n\t<meta property=\"og:image:type\" content=\"image\/jpeg\" \/>\n<meta name=\"twitter:card\" content=\"summary_large_image\" \/>\n<meta name=\"twitter:label1\" content=\"Est. reading time\" \/>\n\t<meta name=\"twitter:data1\" content=\"2 minutes\" \/>\n<script type=\"application\/ld+json\" class=\"yoast-schema-graph\">{\"@context\":\"https:\\\/\\\/schema.org\",\"@graph\":[{\"@type\":\"WebPage\",\"@id\":\"https:\\\/\\\/www.talidesign.eu\\\/et\\\/pood\\\/toode\\\/beslag-tualettpaberi-hoidja-riiuliga-matt-must-3m\\\/\",\"url\":\"https:\\\/\\\/www.talidesign.eu\\\/et\\\/pood\\\/toode\\\/beslag-tualettpaberi-hoidja-riiuliga-matt-must-3m\\\/\",\"name\":\"Beslag Tualettpaberi hoidja riiuliga Matt Must 3M - TALI Concept Store\",\"isPartOf\":{\"@id\":\"https:\\\/\\\/www.talidesign.eu\\\/et\\\/#website\"},\"primaryImageOfPage\":{\"@id\":\"https:\\\/\\\/www.talidesign.eu\\\/et\\\/pood\\\/toode\\\/beslag-tualettpaberi-hoidja-riiuliga-matt-must-3m\\\/#primaryimage\"},\"image\":{\"@id\":\"https:\\\/\\\/www.talidesign.eu\\\/et\\\/pood\\\/toode\\\/beslag-tualettpaberi-hoidja-riiuliga-matt-must-3m\\\/#primaryimage\"},\"thumbnailUrl\":\"https:\\\/\\\/www.talidesign.eu\\\/wp\\\/wp-content\\\/uploads\\\/2024\\\/05\\\/60608-41.jpeg\",\"datePublished\":\"2024-05-10T10:18:22+00:00\",\"dateModified\":\"2026-03-17T14:08:24+00:00\",\"description\":\"Kaasaegne tualettpaberi hoidja riiuliga, mis \u00fchendab praktilisuse elegantse disainiga. Lihtne paigaldada ja valmistatud roostevabast terasest.\",\"breadcrumb\":{\"@id\":\"https:\\\/\\\/www.talidesign.eu\\\/et\\\/pood\\\/toode\\\/beslag-tualettpaberi-hoidja-riiuliga-matt-must-3m\\\/#breadcrumb\"},\"inLanguage\":\"et\",\"potentialAction\":[{\"@type\":\"ReadAction\",\"target\":[\"https:\\\/\\\/www.talidesign.eu\\\/et\\\/pood\\\/toode\\\/beslag-tualettpaberi-hoidja-riiuliga-matt-must-3m\\\/\"]}]},{\"@type\":\"ImageObject\",\"inLanguage\":\"et\",\"@id\":\"https:\\\/\\\/www.talidesign.eu\\\/et\\\/pood\\\/toode\\\/beslag-tualettpaberi-hoidja-riiuliga-matt-must-3m\\\/#primaryimage\",\"url\":\"https:\\\/\\\/www.talidesign.eu\\\/wp\\\/wp-content\\\/uploads\\\/2024\\\/05\\\/60608-41.jpeg\",\"contentUrl\":\"https:\\\/\\\/www.talidesign.eu\\\/wp\\\/wp-content\\\/uploads\\\/2024\\\/05\\\/60608-41.jpeg\",\"width\":768,\"height\":768},{\"@type\":\"BreadcrumbList\",\"@id\":\"https:\\\/\\\/www.talidesign.eu\\\/et\\\/pood\\\/toode\\\/beslag-tualettpaberi-hoidja-riiuliga-matt-must-3m\\\/#breadcrumb\",\"itemListElement\":[{\"@type\":\"ListItem\",\"position\":1,\"name\":\"Avaleht\",\"item\":\"https:\\\/\\\/www.talidesign.eu\\\/et\\\/\"},{\"@type\":\"ListItem\",\"position\":2,\"name\":\"Pood\",\"item\":\"https:\\\/\\\/www.talidesign.eu\\\/et\\\/pood\\\/\"},{\"@type\":\"ListItem\",\"position\":3,\"name\":\"Beslag Tualettpaberi hoidja riiuliga Matt Must 3M\"}]},{\"@type\":\"WebSite\",\"@id\":\"https:\\\/\\\/www.talidesign.eu\\\/et\\\/#website\",\"url\":\"https:\\\/\\\/www.talidesign.eu\\\/et\\\/\",\"name\":\"TALI Concept Store\",\"description\":\"Suurim Disainipood Eestis\",\"potentialAction\":[{\"@type\":\"SearchAction\",\"target\":{\"@type\":\"EntryPoint\",\"urlTemplate\":\"https:\\\/\\\/www.talidesign.eu\\\/et\\\/?s={search_term_string}\"},\"query-input\":{\"@type\":\"PropertyValueSpecification\",\"valueRequired\":true,\"valueName\":\"search_term_string\"}}],\"inLanguage\":\"et\"}]}<\/script>\n<!-- \/ Yoast SEO plugin. -->","yoast_head_json":{"title":"Beslag Tualettpaberi hoidja riiuliga Matt Must 3M - TALI Concept Store","description":"Kaasaegne tualettpaberi hoidja riiuliga, mis \u00fchendab praktilisuse elegantse disainiga. Lihtne paigaldada ja valmistatud roostevabast terasest.","robots":{"index":"index","follow":"follow","max-snippet":"max-snippet:-1","max-image-preview":"max-image-preview:large","max-video-preview":"max-video-preview:-1"},"canonical":"https:\/\/www.talidesign.eu\/et\/pood\/toode\/beslag-tualettpaberi-hoidja-riiuliga-matt-must-3m\/","og_locale":"et_EE","og_type":"article","og_title":"Beslag Tualettpaberi hoidja riiuliga Matt Must 3M - TALI Concept Store","og_description":"Kaasaegne tualettpaberi hoidja riiuliga, mis \u00fchendab praktilisuse elegantse disainiga. Lihtne paigaldada ja valmistatud roostevabast terasest.","og_url":"https:\/\/www.talidesign.eu\/et\/pood\/toode\/beslag-tualettpaberi-hoidja-riiuliga-matt-must-3m\/","og_site_name":"TALI Concept Store","article_publisher":"https:\/\/www.facebook.com\/TaliDisain\/","article_modified_time":"2026-03-17T14:08:24+00:00","og_image":[{"width":768,"height":768,"url":"https:\/\/www.talidesign.eu\/wp\/wp-content\/uploads\/2024\/05\/60608-41.jpeg","type":"image\/jpeg"}],"twitter_card":"summary_large_image","twitter_misc":{"Est. reading time":"2 minutes"},"schema":{"@context":"https:\/\/schema.org","@graph":[{"@type":"WebPage","@id":"https:\/\/www.talidesign.eu\/et\/pood\/toode\/beslag-tualettpaberi-hoidja-riiuliga-matt-must-3m\/","url":"https:\/\/www.talidesign.eu\/et\/pood\/toode\/beslag-tualettpaberi-hoidja-riiuliga-matt-must-3m\/","name":"Beslag Tualettpaberi hoidja riiuliga Matt Must 3M - TALI Concept Store","isPartOf":{"@id":"https:\/\/www.talidesign.eu\/et\/#website"},"primaryImageOfPage":{"@id":"https:\/\/www.talidesign.eu\/et\/pood\/toode\/beslag-tualettpaberi-hoidja-riiuliga-matt-must-3m\/#primaryimage"},"image":{"@id":"https:\/\/www.talidesign.eu\/et\/pood\/toode\/beslag-tualettpaberi-hoidja-riiuliga-matt-must-3m\/#primaryimage"},"thumbnailUrl":"https:\/\/www.talidesign.eu\/wp\/wp-content\/uploads\/2024\/05\/60608-41.jpeg","datePublished":"2024-05-10T10:18:22+00:00","dateModified":"2026-03-17T14:08:24+00:00","description":"Kaasaegne tualettpaberi hoidja riiuliga, mis \u00fchendab praktilisuse elegantse disainiga. Lihtne paigaldada ja valmistatud roostevabast terasest.","breadcrumb":{"@id":"https:\/\/www.talidesign.eu\/et\/pood\/toode\/beslag-tualettpaberi-hoidja-riiuliga-matt-must-3m\/#breadcrumb"},"inLanguage":"et","potentialAction":[{"@type":"ReadAction","target":["https:\/\/www.talidesign.eu\/et\/pood\/toode\/beslag-tualettpaberi-hoidja-riiuliga-matt-must-3m\/"]}]},{"@type":"ImageObject","inLanguage":"et","@id":"https:\/\/www.talidesign.eu\/et\/pood\/toode\/beslag-tualettpaberi-hoidja-riiuliga-matt-must-3m\/#primaryimage","url":"https:\/\/www.talidesign.eu\/wp\/wp-content\/uploads\/2024\/05\/60608-41.jpeg","contentUrl":"https:\/\/www.talidesign.eu\/wp\/wp-content\/uploads\/2024\/05\/60608-41.jpeg","width":768,"height":768},{"@type":"BreadcrumbList","@id":"https:\/\/www.talidesign.eu\/et\/pood\/toode\/beslag-tualettpaberi-hoidja-riiuliga-matt-must-3m\/#breadcrumb","itemListElement":[{"@type":"ListItem","position":1,"name":"Avaleht","item":"https:\/\/www.talidesign.eu\/et\/"},{"@type":"ListItem","position":2,"name":"Pood","item":"https:\/\/www.talidesign.eu\/et\/pood\/"},{"@type":"ListItem","position":3,"name":"Beslag Tualettpaberi hoidja riiuliga Matt Must 3M"}]},{"@type":"WebSite","@id":"https:\/\/www.talidesign.eu\/et\/#website","url":"https:\/\/www.talidesign.eu\/et\/","name":"TALI Concept Store","description":"Suurim Disainipood Eestis","potentialAction":[{"@type":"SearchAction","target":{"@type":"EntryPoint","urlTemplate":"https:\/\/www.talidesign.eu\/et\/?s={search_term_string}"},"query-input":{"@type":"PropertyValueSpecification","valueRequired":true,"valueName":"search_term_string"}}],"inLanguage":"et"}]}},"_links":{"self":[{"href":"https:\/\/www.talidesign.eu\/et\/wp-json\/wp\/v2\/product\/87286","targetHints":{"allow":["GET"]}}],"collection":[{"href":"https:\/\/www.talidesign.eu\/et\/wp-json\/wp\/v2\/product"}],"about":[{"href":"https:\/\/www.talidesign.eu\/et\/wp-json\/wp\/v2\/types\/product"}],"wp:featuredmedia":[{"embeddable":true,"href":"https:\/\/www.talidesign.eu\/et\/wp-json\/wp\/v2\/media\/87288"}],"wp:attachment":[{"href":"https:\/\/www.talidesign.eu\/et\/wp-json\/wp\/v2\/media?parent=87286"}],"wp:term":[{"taxonomy":"product_brand","embeddable":true,"href":"https:\/\/www.talidesign.eu\/et\/wp-json\/wp\/v2\/product_brand?post=87286"},{"taxonomy":"product_cat","embeddable":true,"href":"https:\/\/www.talidesign.eu\/et\/wp-json\/wp\/v2\/product_cat?post=87286"},{"taxonomy":"product_tag","embeddable":true,"href":"https:\/\/www.talidesign.eu\/et\/wp-json\/wp\/v2\/product_tag?post=87286"}],"curies":[{"name":"wp","href":"https:\/\/api.w.org\/{rel}","templated":true}]}}