{"id":87702,"date":"2024-05-17T23:29:20","date_gmt":"2024-05-17T20:29:20","guid":{"rendered":"https:\/\/www.talidesign.eu\/?post_type=product&#038;p=87702"},"modified":"2024-11-24T16:38:18","modified_gmt":"2024-11-24T14:38:18","slug":"dedicated-t-sark-stockholm-nature-rocks-charcoal","status":"publish","type":"product","link":"https:\/\/www.talidesign.eu\/et\/pood\/toode\/dedicated-t-sark-stockholm-nature-rocks-charcoal\/","title":{"rendered":"Dedicated T-s\u00e4rk Stockholm Nature Rocks Charcoal"},"content":{"rendered":"<p><strong>T-s\u00e4rk Stockholm Nature Rocks Charcoal<\/strong><\/p>\n<p>T\u00e4iuslik T-s\u00e4rk, mis on valmistatud j\u00e4tkusuutlikult inimeste ja planeedi eest hoolt kandes.<\/p>\n<p><strong>Unisex<\/strong><\/p>\n<p>\u2022 Klassikaline l\u00f5ige<br \/>\n\u2022 \u00dcmar kaelus<br \/>\n\u2022 Siiditr\u00fckk keskkonnas\u00f5braliku veep\u00f5hise tindiga<\/p>\n<p>\u2022 Fairtrade &#038; Orgaaniline<\/p>\n<p>See toode on valmistatud 100% orgaanilisest puuvillast, mis on sertifitseeritud Fairtrade&#8217;i poolt, mis on \u00fcks rangeimaid standardeid turul.<\/p>\n<p>\u2022 <a href=\"\/et\/tootekategooria\/brandid\/dedicated-et\/\">Br\u00e4nd Dedicated<\/a><\/p>\n<p><strong>Suuruste tabel<\/strong><\/p>\n<p><a href=\"https:\/\/www.talidesign.eu\/wp\/wp-content\/uploads\/2024\/05\/size-1.jpg\"><img loading=\"lazy\" decoding=\"async\" src=\"https:\/\/www.talidesign.eu\/wp\/wp-content\/uploads\/2024\/05\/size-1-727x400.jpg\" alt=\"\" width=\"727\" height=\"400\" class=\"alignnone size-medium wp-image-87710\" srcset=\"https:\/\/www.talidesign.eu\/wp\/wp-content\/uploads\/2024\/05\/size-1-727x400.jpg 727w, https:\/\/www.talidesign.eu\/wp\/wp-content\/uploads\/2024\/05\/size-1-768x423.jpg 768w, https:\/\/www.talidesign.eu\/wp\/wp-content\/uploads\/2024\/05\/size-1-500x275.jpg 500w, https:\/\/www.talidesign.eu\/wp\/wp-content\/uploads\/2024\/05\/size-1-510x281.jpg 510w, https:\/\/www.talidesign.eu\/wp\/wp-content\/uploads\/2024\/05\/size-1.jpg 1223w\" sizes=\"auto, (max-width: 727px) 100vw, 727px\" \/><\/a><\/p>\n<p><a href=\"https:\/\/www.talidesign.eu\/wp\/wp-content\/uploads\/2021\/03\/cert-2.jpg\"><img loading=\"lazy\" decoding=\"async\" src=\"https:\/\/www.talidesign.eu\/wp\/wp-content\/uploads\/2021\/03\/cert-2.jpg\" alt=\"\" width=\"428\" height=\"81\" class=\"alignnone size-full wp-image-22967\" \/><\/a><br \/>\n<strong>Toetage meie planeeti \/ DEDICATED.<\/strong><\/p>\n<p>T\u00f6\u00f6tame GOTSi ja Fairtrade&#8217;i sertifitseeritud puuvilla, GRS -i ringlussev\u00f5etud pol\u00fcestri ja looduslike kiududega, nagu Tencel Lyocell. Loome moodi, mis hoolitseb nii p\u00f5llumeeste kui ka klientide eest.<\/p>\n<p><a href=\"https:\/\/www.talidesign.eu\/wp\/wp-content\/uploads\/2020\/04\/our-story-climate-strike_4101.jpg\"><img loading=\"lazy\" decoding=\"async\" class=\"alignnone size-full wp-image-9480\" src=\"https:\/\/www.talidesign.eu\/wp\/wp-content\/uploads\/2020\/04\/our-story-climate-strike_4101.jpg\" alt=\"\" width=\"700\" height=\"700\" srcset=\"https:\/\/www.talidesign.eu\/wp\/wp-content\/uploads\/2020\/04\/our-story-climate-strike_4101.jpg 700w, https:\/\/www.talidesign.eu\/wp\/wp-content\/uploads\/2020\/04\/our-story-climate-strike_4101-400x400.jpg 400w, https:\/\/www.talidesign.eu\/wp\/wp-content\/uploads\/2020\/04\/our-story-climate-strike_4101-280x280.jpg 280w, https:\/\/www.talidesign.eu\/wp\/wp-content\/uploads\/2020\/04\/our-story-climate-strike_4101-500x500.jpg 500w, https:\/\/www.talidesign.eu\/wp\/wp-content\/uploads\/2020\/04\/our-story-climate-strike_4101-510x510.jpg 510w, https:\/\/www.talidesign.eu\/wp\/wp-content\/uploads\/2020\/04\/our-story-climate-strike_4101-100x100.jpg 100w\" sizes=\"auto, (max-width: 700px) 100vw, 700px\" \/><\/a><br \/>\n<a href=\"\/et\/tootekategooria\/brandid\/dedicated-et\/\"><img loading=\"lazy\" decoding=\"async\" src=\"https:\/\/www.talidesign.eu\/wp\/wp-content\/uploads\/2021\/03\/logo-2.jpg\" alt=\"\" width=\"500\" height=\"100\" class=\"alignnone size-full wp-image-24408\" \/><\/a><\/p>\n","protected":false},"excerpt":{"rendered":"<p><strong>T-s\u00e4rk Stockholm Nature Rocks Charcoal<\/strong><\/p>\n<p>T\u00e4iuslik T-s\u00e4rk, mis on valmistatud j\u00e4tkusuutlikult inimeste ja planeedi eest hoolt kandes.<\/p>\n<p><strong>Unisex<\/strong><\/p>\n<p>\u2022 Klassikaline l\u00f5ige<br \/>\n\u2022 \u00dcmar kaelus<br \/>\n\u2022 Siiditr\u00fckk keskkonnas\u00f5braliku veep\u00f5hise tindiga<\/p>\n<p>\u2022 Fairtrade &#038; Orgaaniline<\/p>\n<p>See toode on valmistatud 100% orgaanilisest puuvillast, mis on sertifitseeritud Fairtrade&#8217;i poolt, mis on \u00fcks rangeimaid standardeid turul.<\/p>\n<p>\u2022 <a href=\"\/et\/tootekategooria\/brandid\/dedicated-et\/\">Br\u00e4nd Dedicated<\/a><\/p>\n<p><strong>Suuruste tabel<\/strong><\/p>\n<p><a href=\"https:\/\/www.talidesign.eu\/wp\/wp-content\/uploads\/2024\/05\/size-1.jpg\"><img loading=\"lazy\" decoding=\"async\" src=\"https:\/\/www.talidesign.eu\/wp\/wp-content\/uploads\/2024\/05\/size-1-727x400.jpg\" alt=\"\" width=\"727\" height=\"400\" class=\"alignnone size-medium wp-image-87710\" srcset=\"https:\/\/www.talidesign.eu\/wp\/wp-content\/uploads\/2024\/05\/size-1-727x400.jpg 727w, https:\/\/www.talidesign.eu\/wp\/wp-content\/uploads\/2024\/05\/size-1-768x423.jpg 768w, https:\/\/www.talidesign.eu\/wp\/wp-content\/uploads\/2024\/05\/size-1-500x275.jpg 500w, https:\/\/www.talidesign.eu\/wp\/wp-content\/uploads\/2024\/05\/size-1-510x281.jpg 510w, https:\/\/www.talidesign.eu\/wp\/wp-content\/uploads\/2024\/05\/size-1.jpg 1223w\" sizes=\"auto, (max-width: 727px) 100vw, 727px\" \/><\/a><\/p>\n<p><a href=\"https:\/\/www.talidesign.eu\/wp\/wp-content\/uploads\/2021\/03\/cert-2.jpg\"><img loading=\"lazy\" decoding=\"async\" src=\"https:\/\/www.talidesign.eu\/wp\/wp-content\/uploads\/2021\/03\/cert-2.jpg\" alt=\"\" width=\"428\" height=\"81\" class=\"alignnone size-full wp-image-22967\" \/><\/a><br \/>\n<strong>Toetage meie planeeti \/ DEDICATED.<\/strong><\/p>\n<p>T\u00f6\u00f6tame GOTSi ja Fairtrade&#8217;i sertifitseeritud puuvilla, GRS -i ringlussev\u00f5etud pol\u00fcestri ja looduslike kiududega, nagu Tencel Lyocell. Loome moodi, mis hoolitseb nii p\u00f5llumeeste kui ka klientide eest.<\/p>\n<p><a href=\"https:\/\/www.talidesign.eu\/wp\/wp-content\/uploads\/2020\/04\/our-story-climate-strike_4101.jpg\"><img loading=\"lazy\" decoding=\"async\" class=\"alignnone size-full wp-image-9480\" src=\"https:\/\/www.talidesign.eu\/wp\/wp-content\/uploads\/2020\/04\/our-story-climate-strike_4101.jpg\" alt=\"\" width=\"700\" height=\"700\" srcset=\"https:\/\/www.talidesign.eu\/wp\/wp-content\/uploads\/2020\/04\/our-story-climate-strike_4101.jpg 700w, https:\/\/www.talidesign.eu\/wp\/wp-content\/uploads\/2020\/04\/our-story-climate-strike_4101-400x400.jpg 400w, https:\/\/www.talidesign.eu\/wp\/wp-content\/uploads\/2020\/04\/our-story-climate-strike_4101-280x280.jpg 280w, https:\/\/www.talidesign.eu\/wp\/wp-content\/uploads\/2020\/04\/our-story-climate-strike_4101-500x500.jpg 500w, https:\/\/www.talidesign.eu\/wp\/wp-content\/uploads\/2020\/04\/our-story-climate-strike_4101-510x510.jpg 510w, https:\/\/www.talidesign.eu\/wp\/wp-content\/uploads\/2020\/04\/our-story-climate-strike_4101-100x100.jpg 100w\" sizes=\"auto, (max-width: 700px) 100vw, 700px\" \/><\/a><br \/>\n<a href=\"\/et\/tootekategooria\/brandid\/dedicated-et\/\"><img loading=\"lazy\" decoding=\"async\" src=\"https:\/\/www.talidesign.eu\/wp\/wp-content\/uploads\/2021\/03\/logo-2.jpg\" alt=\"\" width=\"500\" height=\"100\" class=\"alignnone size-full wp-image-24408\" \/><\/a><\/p>\n","protected":false},"featured_media":87713,"template":"","meta":[],"product_brand":[],"product_cat":[1042,1142,1123],"product_tag":[1585],"class_list":{"0":"post-87702","1":"product","2":"type-product","3":"status-publish","4":"has-post-thumbnail","6":"product_cat-dedicated-et","7":"product_cat-t-sargid","8":"product_cat-t-sargid-mehed","9":"product_tag-dedicated-et","11":"first","12":"outofstock","13":"taxable","14":"shipping-taxable","15":"product-type-variable"},"yoast_head":"<!-- This site is optimized with the Yoast SEO plugin v27.3 - https:\/\/yoast.com\/product\/yoast-seo-wordpress\/ -->\n<title>Dedicated T-s\u00e4rk Stockholm Nature Rocks Charcoal - TALI Concept Store<\/title>\n<meta name=\"description\" content=\"T-s\u00e4rk Stockholm Nature Rocks Charcoal - j\u00e4tkusuutlik ja stiilne unisex T-s\u00e4rk, mis hoolib inimestest ja planeedist. Saadaval erinevates suurustes.\" \/>\n<meta name=\"robots\" content=\"index, follow, max-snippet:-1, max-image-preview:large, max-video-preview:-1\" \/>\n<link rel=\"canonical\" href=\"https:\/\/www.talidesign.eu\/et\/pood\/toode\/dedicated-t-sark-stockholm-nature-rocks-charcoal\/\" \/>\n<meta property=\"og:locale\" content=\"et_EE\" \/>\n<meta property=\"og:type\" content=\"article\" \/>\n<meta property=\"og:title\" content=\"Dedicated T-s\u00e4rk Stockholm Nature Rocks Charcoal - TALI Concept Store\" \/>\n<meta property=\"og:description\" content=\"T-s\u00e4rk Stockholm Nature Rocks Charcoal - j\u00e4tkusuutlik ja stiilne unisex T-s\u00e4rk, mis hoolib inimestest ja planeedist. Saadaval erinevates suurustes.\" \/>\n<meta property=\"og:url\" content=\"https:\/\/www.talidesign.eu\/et\/pood\/toode\/dedicated-t-sark-stockholm-nature-rocks-charcoal\/\" \/>\n<meta property=\"og:site_name\" content=\"TALI Concept Store\" \/>\n<meta property=\"article:publisher\" content=\"https:\/\/www.facebook.com\/TaliDisain\/\" \/>\n<meta property=\"article:modified_time\" content=\"2024-11-24T14:38:18+00:00\" \/>\n<meta property=\"og:image\" content=\"https:\/\/www.talidesign.eu\/wp\/wp-content\/uploads\/2024\/05\/8106_5f854ec36f-dedicated16498-ded-large.jpeg\" \/>\n\t<meta property=\"og:image:width\" content=\"1300\" \/>\n\t<meta property=\"og:image:height\" content=\"1300\" \/>\n\t<meta property=\"og:image:type\" content=\"image\/jpeg\" \/>\n<meta name=\"twitter:card\" content=\"summary_large_image\" \/>\n<meta name=\"twitter:label1\" content=\"Est. reading time\" \/>\n\t<meta name=\"twitter:data1\" content=\"2 minutes\" \/>\n<script type=\"application\/ld+json\" class=\"yoast-schema-graph\">{\"@context\":\"https:\\\/\\\/schema.org\",\"@graph\":[{\"@type\":\"WebPage\",\"@id\":\"https:\\\/\\\/www.talidesign.eu\\\/et\\\/pood\\\/toode\\\/dedicated-t-sark-stockholm-nature-rocks-charcoal\\\/\",\"url\":\"https:\\\/\\\/www.talidesign.eu\\\/et\\\/pood\\\/toode\\\/dedicated-t-sark-stockholm-nature-rocks-charcoal\\\/\",\"name\":\"Dedicated T-s\u00e4rk Stockholm Nature Rocks Charcoal - TALI Concept Store\",\"isPartOf\":{\"@id\":\"https:\\\/\\\/www.talidesign.eu\\\/et\\\/#website\"},\"primaryImageOfPage\":{\"@id\":\"https:\\\/\\\/www.talidesign.eu\\\/et\\\/pood\\\/toode\\\/dedicated-t-sark-stockholm-nature-rocks-charcoal\\\/#primaryimage\"},\"image\":{\"@id\":\"https:\\\/\\\/www.talidesign.eu\\\/et\\\/pood\\\/toode\\\/dedicated-t-sark-stockholm-nature-rocks-charcoal\\\/#primaryimage\"},\"thumbnailUrl\":\"https:\\\/\\\/www.talidesign.eu\\\/wp\\\/wp-content\\\/uploads\\\/2024\\\/05\\\/8106_5f854ec36f-dedicated16498-ded-large.jpeg\",\"datePublished\":\"2024-05-17T20:29:20+00:00\",\"dateModified\":\"2024-11-24T14:38:18+00:00\",\"description\":\"T-s\u00e4rk Stockholm Nature Rocks Charcoal - j\u00e4tkusuutlik ja stiilne unisex T-s\u00e4rk, mis hoolib inimestest ja planeedist. Saadaval erinevates suurustes.\",\"breadcrumb\":{\"@id\":\"https:\\\/\\\/www.talidesign.eu\\\/et\\\/pood\\\/toode\\\/dedicated-t-sark-stockholm-nature-rocks-charcoal\\\/#breadcrumb\"},\"inLanguage\":\"et\",\"potentialAction\":[{\"@type\":\"ReadAction\",\"target\":[\"https:\\\/\\\/www.talidesign.eu\\\/et\\\/pood\\\/toode\\\/dedicated-t-sark-stockholm-nature-rocks-charcoal\\\/\"]}]},{\"@type\":\"ImageObject\",\"inLanguage\":\"et\",\"@id\":\"https:\\\/\\\/www.talidesign.eu\\\/et\\\/pood\\\/toode\\\/dedicated-t-sark-stockholm-nature-rocks-charcoal\\\/#primaryimage\",\"url\":\"https:\\\/\\\/www.talidesign.eu\\\/wp\\\/wp-content\\\/uploads\\\/2024\\\/05\\\/8106_5f854ec36f-dedicated16498-ded-large.jpeg\",\"contentUrl\":\"https:\\\/\\\/www.talidesign.eu\\\/wp\\\/wp-content\\\/uploads\\\/2024\\\/05\\\/8106_5f854ec36f-dedicated16498-ded-large.jpeg\",\"width\":1300,\"height\":1300},{\"@type\":\"BreadcrumbList\",\"@id\":\"https:\\\/\\\/www.talidesign.eu\\\/et\\\/pood\\\/toode\\\/dedicated-t-sark-stockholm-nature-rocks-charcoal\\\/#breadcrumb\",\"itemListElement\":[{\"@type\":\"ListItem\",\"position\":1,\"name\":\"Avaleht\",\"item\":\"https:\\\/\\\/www.talidesign.eu\\\/et\\\/\"},{\"@type\":\"ListItem\",\"position\":2,\"name\":\"Pood\",\"item\":\"https:\\\/\\\/www.talidesign.eu\\\/et\\\/pood\\\/\"},{\"@type\":\"ListItem\",\"position\":3,\"name\":\"Dedicated T-s\u00e4rk Stockholm Nature Rocks Charcoal\"}]},{\"@type\":\"WebSite\",\"@id\":\"https:\\\/\\\/www.talidesign.eu\\\/et\\\/#website\",\"url\":\"https:\\\/\\\/www.talidesign.eu\\\/et\\\/\",\"name\":\"TALI Concept Store\",\"description\":\"Suurim Disainipood Eestis\",\"potentialAction\":[{\"@type\":\"SearchAction\",\"target\":{\"@type\":\"EntryPoint\",\"urlTemplate\":\"https:\\\/\\\/www.talidesign.eu\\\/et\\\/?s={search_term_string}\"},\"query-input\":{\"@type\":\"PropertyValueSpecification\",\"valueRequired\":true,\"valueName\":\"search_term_string\"}}],\"inLanguage\":\"et\"}]}<\/script>\n<!-- \/ Yoast SEO plugin. -->","yoast_head_json":{"title":"Dedicated T-s\u00e4rk Stockholm Nature Rocks Charcoal - TALI Concept Store","description":"T-s\u00e4rk Stockholm Nature Rocks Charcoal - j\u00e4tkusuutlik ja stiilne unisex T-s\u00e4rk, mis hoolib inimestest ja planeedist. Saadaval erinevates suurustes.","robots":{"index":"index","follow":"follow","max-snippet":"max-snippet:-1","max-image-preview":"max-image-preview:large","max-video-preview":"max-video-preview:-1"},"canonical":"https:\/\/www.talidesign.eu\/et\/pood\/toode\/dedicated-t-sark-stockholm-nature-rocks-charcoal\/","og_locale":"et_EE","og_type":"article","og_title":"Dedicated T-s\u00e4rk Stockholm Nature Rocks Charcoal - TALI Concept Store","og_description":"T-s\u00e4rk Stockholm Nature Rocks Charcoal - j\u00e4tkusuutlik ja stiilne unisex T-s\u00e4rk, mis hoolib inimestest ja planeedist. Saadaval erinevates suurustes.","og_url":"https:\/\/www.talidesign.eu\/et\/pood\/toode\/dedicated-t-sark-stockholm-nature-rocks-charcoal\/","og_site_name":"TALI Concept Store","article_publisher":"https:\/\/www.facebook.com\/TaliDisain\/","article_modified_time":"2024-11-24T14:38:18+00:00","og_image":[{"width":1300,"height":1300,"url":"https:\/\/www.talidesign.eu\/wp\/wp-content\/uploads\/2024\/05\/8106_5f854ec36f-dedicated16498-ded-large.jpeg","type":"image\/jpeg"}],"twitter_card":"summary_large_image","twitter_misc":{"Est. reading time":"2 minutes"},"schema":{"@context":"https:\/\/schema.org","@graph":[{"@type":"WebPage","@id":"https:\/\/www.talidesign.eu\/et\/pood\/toode\/dedicated-t-sark-stockholm-nature-rocks-charcoal\/","url":"https:\/\/www.talidesign.eu\/et\/pood\/toode\/dedicated-t-sark-stockholm-nature-rocks-charcoal\/","name":"Dedicated T-s\u00e4rk Stockholm Nature Rocks Charcoal - TALI Concept Store","isPartOf":{"@id":"https:\/\/www.talidesign.eu\/et\/#website"},"primaryImageOfPage":{"@id":"https:\/\/www.talidesign.eu\/et\/pood\/toode\/dedicated-t-sark-stockholm-nature-rocks-charcoal\/#primaryimage"},"image":{"@id":"https:\/\/www.talidesign.eu\/et\/pood\/toode\/dedicated-t-sark-stockholm-nature-rocks-charcoal\/#primaryimage"},"thumbnailUrl":"https:\/\/www.talidesign.eu\/wp\/wp-content\/uploads\/2024\/05\/8106_5f854ec36f-dedicated16498-ded-large.jpeg","datePublished":"2024-05-17T20:29:20+00:00","dateModified":"2024-11-24T14:38:18+00:00","description":"T-s\u00e4rk Stockholm Nature Rocks Charcoal - j\u00e4tkusuutlik ja stiilne unisex T-s\u00e4rk, mis hoolib inimestest ja planeedist. Saadaval erinevates suurustes.","breadcrumb":{"@id":"https:\/\/www.talidesign.eu\/et\/pood\/toode\/dedicated-t-sark-stockholm-nature-rocks-charcoal\/#breadcrumb"},"inLanguage":"et","potentialAction":[{"@type":"ReadAction","target":["https:\/\/www.talidesign.eu\/et\/pood\/toode\/dedicated-t-sark-stockholm-nature-rocks-charcoal\/"]}]},{"@type":"ImageObject","inLanguage":"et","@id":"https:\/\/www.talidesign.eu\/et\/pood\/toode\/dedicated-t-sark-stockholm-nature-rocks-charcoal\/#primaryimage","url":"https:\/\/www.talidesign.eu\/wp\/wp-content\/uploads\/2024\/05\/8106_5f854ec36f-dedicated16498-ded-large.jpeg","contentUrl":"https:\/\/www.talidesign.eu\/wp\/wp-content\/uploads\/2024\/05\/8106_5f854ec36f-dedicated16498-ded-large.jpeg","width":1300,"height":1300},{"@type":"BreadcrumbList","@id":"https:\/\/www.talidesign.eu\/et\/pood\/toode\/dedicated-t-sark-stockholm-nature-rocks-charcoal\/#breadcrumb","itemListElement":[{"@type":"ListItem","position":1,"name":"Avaleht","item":"https:\/\/www.talidesign.eu\/et\/"},{"@type":"ListItem","position":2,"name":"Pood","item":"https:\/\/www.talidesign.eu\/et\/pood\/"},{"@type":"ListItem","position":3,"name":"Dedicated T-s\u00e4rk Stockholm Nature Rocks Charcoal"}]},{"@type":"WebSite","@id":"https:\/\/www.talidesign.eu\/et\/#website","url":"https:\/\/www.talidesign.eu\/et\/","name":"TALI Concept Store","description":"Suurim Disainipood Eestis","potentialAction":[{"@type":"SearchAction","target":{"@type":"EntryPoint","urlTemplate":"https:\/\/www.talidesign.eu\/et\/?s={search_term_string}"},"query-input":{"@type":"PropertyValueSpecification","valueRequired":true,"valueName":"search_term_string"}}],"inLanguage":"et"}]}},"_links":{"self":[{"href":"https:\/\/www.talidesign.eu\/et\/wp-json\/wp\/v2\/product\/87702","targetHints":{"allow":["GET"]}}],"collection":[{"href":"https:\/\/www.talidesign.eu\/et\/wp-json\/wp\/v2\/product"}],"about":[{"href":"https:\/\/www.talidesign.eu\/et\/wp-json\/wp\/v2\/types\/product"}],"wp:featuredmedia":[{"embeddable":true,"href":"https:\/\/www.talidesign.eu\/et\/wp-json\/wp\/v2\/media\/87713"}],"wp:attachment":[{"href":"https:\/\/www.talidesign.eu\/et\/wp-json\/wp\/v2\/media?parent=87702"}],"wp:term":[{"taxonomy":"product_brand","embeddable":true,"href":"https:\/\/www.talidesign.eu\/et\/wp-json\/wp\/v2\/product_brand?post=87702"},{"taxonomy":"product_cat","embeddable":true,"href":"https:\/\/www.talidesign.eu\/et\/wp-json\/wp\/v2\/product_cat?post=87702"},{"taxonomy":"product_tag","embeddable":true,"href":"https:\/\/www.talidesign.eu\/et\/wp-json\/wp\/v2\/product_tag?post=87702"}],"curies":[{"name":"wp","href":"https:\/\/api.w.org\/{rel}","templated":true}]}}