{"id":88622,"date":"2024-06-12T22:13:04","date_gmt":"2024-06-12T19:13:04","guid":{"rendered":"https:\/\/www.talidesign.eu\/?post_type=product&#038;p=88622"},"modified":"2026-02-19T17:58:06","modified_gmt":"2026-02-19T15:58:06","slug":"24bottles-urban-joogipudel-daydreaming","status":"publish","type":"product","link":"https:\/\/www.talidesign.eu\/et\/pood\/toode\/24bottles-urban-joogipudel-daydreaming\/","title":{"rendered":"24Bottles Urban joogipudel Daydreaming"},"content":{"rendered":"<p><strong>Urban joogipudel Daydreaming<\/strong><\/p>\n<p>Eba\u00fchtlane kiviviimistlus on \u00e4\u00e4rmiselt vastupidav ja haaratav, lisades konsistentsi ja uskumatult t\u00e4pse kivilaadse tekstuuri.<\/p>\n<p>Urban Bottle on k\u00f5ige kergem roostevabast terasest veepudel!<\/p>\n<p>\u2022 <a href=\"\/et\/tootekategooria\/brandid\/24bottles-et\/\">Br\u00e4nd 24Bottles<\/a><br \/>\n\u2022 18\/8 roostevaba teras<br \/>\n\u2022 100% BPA vaba, ftalaatide vaba, toksiinivaba<br \/>\n\u2022 Ei tekita mingit k\u00f5rvalmaitset<br \/>\n\u2022 Lihtsalt avatav lekkekindel kaas<br \/>\n\u2022 Lai ava j\u00e4\u00e4ga t\u00e4itmiseks ja h\u00f5lpsaks puhastamiseks<br \/>\n\u2022 \u00dchekordne terassein<br \/>\n\u2022 Soovitatav k\u00e4sipesu<br \/>\n\u2022 500 ml<br \/>\n\u2022 Diameeter 6,5 cm<br \/>\n\u2022 K\u00f5rgus: 21 cm<br \/>\n\u2022 Kaal: 117 g<\/p>\n<p><strong>Br\u00e4ndist 24Bottles\u00ae<\/strong><\/p>\n<p>Itaalia br\u00e4ndi asutajate Giovanni Randazzo ja Matteo Melotti eesm\u00e4rk on v\u00e4hendada \u00fchekordse taara mahtu ning selle m\u00f5ju keskkonnale. Pakkudes kvaliteetset toodet ning esteetilist disaini, p\u00fc\u00fcavad disainerid suunata inimesi tervislikuma elustiili ning puhtama keskkonna poole.<\/p>\n<p><a href=https:\/\/www.talidesign.eu\/wp\/wp-content\/uploads\/2020\/04\/24bottle.jpg><img class=\"alignnone size-full wp-image-9609\" src=https:\/\/www.talidesign.eu\/wp\/wp-content\/uploads\/2020\/04\/24bottle.jpg alt=\"\" width=\"826\" height=\"537\" \/><\/a><br \/>\n<em>Giovanni Randazzo and Matteo Melotti founders of 24Bottles\u00ae<\/em><\/p>\n","protected":false},"excerpt":{"rendered":"<p><strong>Urban joogipudel Daydreaming<\/strong><\/p>\n<p>Eba\u00fchtlane kiviviimistlus on \u00e4\u00e4rmiselt vastupidav ja haaratav, lisades konsistentsi ja uskumatult t\u00e4pse kivilaadse tekstuuri.<\/p>\n<p>Urban Bottle on k\u00f5ige kergem roostevabast terasest veepudel!<\/p>\n<p>\u2022 <a href=\"\/et\/tootekategooria\/brandid\/24bottles-et\/\">Br\u00e4nd 24Bottles<\/a><br \/>\n\u2022 18\/8 roostevaba teras<br \/>\n\u2022 100% BPA vaba, ftalaatide vaba, toksiinivaba<br \/>\n\u2022 Ei tekita mingit k\u00f5rvalmaitset<br \/>\n\u2022 Lihtsalt avatav lekkekindel kaas<br \/>\n\u2022 Lai ava j\u00e4\u00e4ga t\u00e4itmiseks ja h\u00f5lpsaks puhastamiseks<br \/>\n\u2022 \u00dchekordne terassein<br \/>\n\u2022 Soovitatav k\u00e4sipesu<br \/>\n\u2022 500 ml<br \/>\n\u2022 Diameeter 6,5 cm<br \/>\n\u2022 K\u00f5rgus: 21 cm<br \/>\n\u2022 Kaal: 117 g<\/p>\n<p><strong>Br\u00e4ndist 24Bottles\u00ae<\/strong><\/p>\n<p>Itaalia br\u00e4ndi asutajate Giovanni Randazzo ja Matteo Melotti eesm\u00e4rk on v\u00e4hendada \u00fchekordse taara mahtu ning selle m\u00f5ju keskkonnale. Pakkudes kvaliteetset toodet ning esteetilist disaini, p\u00fc\u00fcavad disainerid suunata inimesi tervislikuma elustiili ning puhtama keskkonna poole.<\/p>\n<p><a href=https:\/\/www.talidesign.eu\/wp\/wp-content\/uploads\/2020\/04\/24bottle.jpg><img class=\"alignnone size-full wp-image-9609\" src=https:\/\/www.talidesign.eu\/wp\/wp-content\/uploads\/2020\/04\/24bottle.jpg alt=\"\" width=\"826\" height=\"537\" \/><\/a><br \/>\n<em>Giovanni Randazzo and Matteo Melotti founders of 24Bottles\u00ae<\/em><\/p>\n","protected":false},"featured_media":88626,"template":"","meta":[],"product_brand":[],"product_cat":[1029,1099,1026,1018,1114,1132],"product_tag":[1480],"class_list":{"0":"post-88622","1":"product","2":"type-product","3":"status-publish","4":"has-post-thumbnail","6":"product_cat-24bottles-et","7":"product_cat-aksessuaarid","8":"product_cat-brandid","9":"product_cat-kodu","10":"product_cat-pudelid","11":"product_cat-naiste-pudelid","12":"product_tag-24bottles-et","14":"first","15":"outofstock","16":"taxable","17":"shipping-taxable","18":"purchasable","19":"product-type-simple"},"yoast_head":"<!-- This site is optimized with the Yoast SEO plugin v27.3 - https:\/\/yoast.com\/product\/yoast-seo-wordpress\/ -->\n<title>24Bottles - Urban Bottle Ice White<\/title>\n<meta name=\"description\" content=\"24Bottles Urban joogipudel Daydreaming - K\u00f5ige kergem roostevabast terasest veepudel! Vastupidav kiviviimistlus lisab tekstuuri ja stiili. Tutvu l\u00e4hemalt!\" \/>\n<meta name=\"robots\" content=\"index, follow, max-snippet:-1, max-image-preview:large, max-video-preview:-1\" \/>\n<link rel=\"canonical\" href=\"https:\/\/www.talidesign.eu\/et\/pood\/toode\/24bottles-urban-joogipudel-daydreaming\/\" \/>\n<meta property=\"og:locale\" content=\"et_EE\" \/>\n<meta property=\"og:type\" content=\"article\" \/>\n<meta property=\"og:title\" content=\"24Bottles - Urban Bottle Ice White\" \/>\n<meta property=\"og:description\" content=\"24Bottles Urban joogipudel Daydreaming - K\u00f5ige kergem roostevabast terasest veepudel! Vastupidav kiviviimistlus lisab tekstuuri ja stiili. Tutvu l\u00e4hemalt!\" \/>\n<meta property=\"og:url\" content=\"https:\/\/www.talidesign.eu\/et\/pood\/toode\/24bottles-urban-joogipudel-daydreaming\/\" \/>\n<meta property=\"og:site_name\" content=\"TALI Concept Store\" \/>\n<meta property=\"article:publisher\" content=\"https:\/\/www.facebook.com\/TaliDisain\/\" \/>\n<meta property=\"article:modified_time\" content=\"2026-02-19T15:58:06+00:00\" \/>\n<meta property=\"og:image\" content=\"https:\/\/www.talidesign.eu\/wp\/wp-content\/uploads\/2024\/06\/24bottles-urban-bottle-daydreaming.jpg\" \/>\n\t<meta property=\"og:image:width\" content=\"768\" \/>\n\t<meta property=\"og:image:height\" content=\"768\" \/>\n\t<meta property=\"og:image:type\" content=\"image\/jpeg\" \/>\n<meta name=\"twitter:card\" content=\"summary_large_image\" \/>\n<meta name=\"twitter:label1\" content=\"Est. reading time\" \/>\n\t<meta name=\"twitter:data1\" content=\"1 minute\" \/>\n<script type=\"application\/ld+json\" class=\"yoast-schema-graph\">{\"@context\":\"https:\\\/\\\/schema.org\",\"@graph\":[{\"@type\":\"WebPage\",\"@id\":\"https:\\\/\\\/www.talidesign.eu\\\/et\\\/pood\\\/toode\\\/24bottles-urban-joogipudel-daydreaming\\\/\",\"url\":\"https:\\\/\\\/www.talidesign.eu\\\/et\\\/pood\\\/toode\\\/24bottles-urban-joogipudel-daydreaming\\\/\",\"name\":\"24Bottles - Urban Bottle Ice White\",\"isPartOf\":{\"@id\":\"https:\\\/\\\/www.talidesign.eu\\\/et\\\/#website\"},\"primaryImageOfPage\":{\"@id\":\"https:\\\/\\\/www.talidesign.eu\\\/et\\\/pood\\\/toode\\\/24bottles-urban-joogipudel-daydreaming\\\/#primaryimage\"},\"image\":{\"@id\":\"https:\\\/\\\/www.talidesign.eu\\\/et\\\/pood\\\/toode\\\/24bottles-urban-joogipudel-daydreaming\\\/#primaryimage\"},\"thumbnailUrl\":\"https:\\\/\\\/www.talidesign.eu\\\/wp\\\/wp-content\\\/uploads\\\/2024\\\/06\\\/24bottles-urban-bottle-daydreaming.jpg\",\"datePublished\":\"2024-06-12T19:13:04+00:00\",\"dateModified\":\"2026-02-19T15:58:06+00:00\",\"description\":\"24Bottles Urban joogipudel Daydreaming - K\u00f5ige kergem roostevabast terasest veepudel! Vastupidav kiviviimistlus lisab tekstuuri ja stiili. Tutvu l\u00e4hemalt!\",\"breadcrumb\":{\"@id\":\"https:\\\/\\\/www.talidesign.eu\\\/et\\\/pood\\\/toode\\\/24bottles-urban-joogipudel-daydreaming\\\/#breadcrumb\"},\"inLanguage\":\"et\",\"potentialAction\":[{\"@type\":\"ReadAction\",\"target\":[\"https:\\\/\\\/www.talidesign.eu\\\/et\\\/pood\\\/toode\\\/24bottles-urban-joogipudel-daydreaming\\\/\"]}]},{\"@type\":\"ImageObject\",\"inLanguage\":\"et\",\"@id\":\"https:\\\/\\\/www.talidesign.eu\\\/et\\\/pood\\\/toode\\\/24bottles-urban-joogipudel-daydreaming\\\/#primaryimage\",\"url\":\"https:\\\/\\\/www.talidesign.eu\\\/wp\\\/wp-content\\\/uploads\\\/2024\\\/06\\\/24bottles-urban-bottle-daydreaming.jpg\",\"contentUrl\":\"https:\\\/\\\/www.talidesign.eu\\\/wp\\\/wp-content\\\/uploads\\\/2024\\\/06\\\/24bottles-urban-bottle-daydreaming.jpg\",\"width\":768,\"height\":768},{\"@type\":\"BreadcrumbList\",\"@id\":\"https:\\\/\\\/www.talidesign.eu\\\/et\\\/pood\\\/toode\\\/24bottles-urban-joogipudel-daydreaming\\\/#breadcrumb\",\"itemListElement\":[{\"@type\":\"ListItem\",\"position\":1,\"name\":\"Avaleht\",\"item\":\"https:\\\/\\\/www.talidesign.eu\\\/et\\\/\"},{\"@type\":\"ListItem\",\"position\":2,\"name\":\"Pood\",\"item\":\"https:\\\/\\\/www.talidesign.eu\\\/et\\\/pood\\\/\"},{\"@type\":\"ListItem\",\"position\":3,\"name\":\"24Bottles Urban joogipudel Daydreaming\"}]},{\"@type\":\"WebSite\",\"@id\":\"https:\\\/\\\/www.talidesign.eu\\\/et\\\/#website\",\"url\":\"https:\\\/\\\/www.talidesign.eu\\\/et\\\/\",\"name\":\"TALI Concept Store\",\"description\":\"Suurim Disainipood Eestis\",\"potentialAction\":[{\"@type\":\"SearchAction\",\"target\":{\"@type\":\"EntryPoint\",\"urlTemplate\":\"https:\\\/\\\/www.talidesign.eu\\\/et\\\/?s={search_term_string}\"},\"query-input\":{\"@type\":\"PropertyValueSpecification\",\"valueRequired\":true,\"valueName\":\"search_term_string\"}}],\"inLanguage\":\"et\"}]}<\/script>\n<!-- \/ Yoast SEO plugin. -->","yoast_head_json":{"title":"24Bottles - Urban Bottle Ice White","description":"24Bottles Urban joogipudel Daydreaming - K\u00f5ige kergem roostevabast terasest veepudel! Vastupidav kiviviimistlus lisab tekstuuri ja stiili. Tutvu l\u00e4hemalt!","robots":{"index":"index","follow":"follow","max-snippet":"max-snippet:-1","max-image-preview":"max-image-preview:large","max-video-preview":"max-video-preview:-1"},"canonical":"https:\/\/www.talidesign.eu\/et\/pood\/toode\/24bottles-urban-joogipudel-daydreaming\/","og_locale":"et_EE","og_type":"article","og_title":"24Bottles - Urban Bottle Ice White","og_description":"24Bottles Urban joogipudel Daydreaming - K\u00f5ige kergem roostevabast terasest veepudel! Vastupidav kiviviimistlus lisab tekstuuri ja stiili. Tutvu l\u00e4hemalt!","og_url":"https:\/\/www.talidesign.eu\/et\/pood\/toode\/24bottles-urban-joogipudel-daydreaming\/","og_site_name":"TALI Concept Store","article_publisher":"https:\/\/www.facebook.com\/TaliDisain\/","article_modified_time":"2026-02-19T15:58:06+00:00","og_image":[{"width":768,"height":768,"url":"https:\/\/www.talidesign.eu\/wp\/wp-content\/uploads\/2024\/06\/24bottles-urban-bottle-daydreaming.jpg","type":"image\/jpeg"}],"twitter_card":"summary_large_image","twitter_misc":{"Est. reading time":"1 minute"},"schema":{"@context":"https:\/\/schema.org","@graph":[{"@type":"WebPage","@id":"https:\/\/www.talidesign.eu\/et\/pood\/toode\/24bottles-urban-joogipudel-daydreaming\/","url":"https:\/\/www.talidesign.eu\/et\/pood\/toode\/24bottles-urban-joogipudel-daydreaming\/","name":"24Bottles - Urban Bottle Ice White","isPartOf":{"@id":"https:\/\/www.talidesign.eu\/et\/#website"},"primaryImageOfPage":{"@id":"https:\/\/www.talidesign.eu\/et\/pood\/toode\/24bottles-urban-joogipudel-daydreaming\/#primaryimage"},"image":{"@id":"https:\/\/www.talidesign.eu\/et\/pood\/toode\/24bottles-urban-joogipudel-daydreaming\/#primaryimage"},"thumbnailUrl":"https:\/\/www.talidesign.eu\/wp\/wp-content\/uploads\/2024\/06\/24bottles-urban-bottle-daydreaming.jpg","datePublished":"2024-06-12T19:13:04+00:00","dateModified":"2026-02-19T15:58:06+00:00","description":"24Bottles Urban joogipudel Daydreaming - K\u00f5ige kergem roostevabast terasest veepudel! Vastupidav kiviviimistlus lisab tekstuuri ja stiili. Tutvu l\u00e4hemalt!","breadcrumb":{"@id":"https:\/\/www.talidesign.eu\/et\/pood\/toode\/24bottles-urban-joogipudel-daydreaming\/#breadcrumb"},"inLanguage":"et","potentialAction":[{"@type":"ReadAction","target":["https:\/\/www.talidesign.eu\/et\/pood\/toode\/24bottles-urban-joogipudel-daydreaming\/"]}]},{"@type":"ImageObject","inLanguage":"et","@id":"https:\/\/www.talidesign.eu\/et\/pood\/toode\/24bottles-urban-joogipudel-daydreaming\/#primaryimage","url":"https:\/\/www.talidesign.eu\/wp\/wp-content\/uploads\/2024\/06\/24bottles-urban-bottle-daydreaming.jpg","contentUrl":"https:\/\/www.talidesign.eu\/wp\/wp-content\/uploads\/2024\/06\/24bottles-urban-bottle-daydreaming.jpg","width":768,"height":768},{"@type":"BreadcrumbList","@id":"https:\/\/www.talidesign.eu\/et\/pood\/toode\/24bottles-urban-joogipudel-daydreaming\/#breadcrumb","itemListElement":[{"@type":"ListItem","position":1,"name":"Avaleht","item":"https:\/\/www.talidesign.eu\/et\/"},{"@type":"ListItem","position":2,"name":"Pood","item":"https:\/\/www.talidesign.eu\/et\/pood\/"},{"@type":"ListItem","position":3,"name":"24Bottles Urban joogipudel Daydreaming"}]},{"@type":"WebSite","@id":"https:\/\/www.talidesign.eu\/et\/#website","url":"https:\/\/www.talidesign.eu\/et\/","name":"TALI Concept Store","description":"Suurim Disainipood Eestis","potentialAction":[{"@type":"SearchAction","target":{"@type":"EntryPoint","urlTemplate":"https:\/\/www.talidesign.eu\/et\/?s={search_term_string}"},"query-input":{"@type":"PropertyValueSpecification","valueRequired":true,"valueName":"search_term_string"}}],"inLanguage":"et"}]}},"_links":{"self":[{"href":"https:\/\/www.talidesign.eu\/et\/wp-json\/wp\/v2\/product\/88622","targetHints":{"allow":["GET"]}}],"collection":[{"href":"https:\/\/www.talidesign.eu\/et\/wp-json\/wp\/v2\/product"}],"about":[{"href":"https:\/\/www.talidesign.eu\/et\/wp-json\/wp\/v2\/types\/product"}],"wp:featuredmedia":[{"embeddable":true,"href":"https:\/\/www.talidesign.eu\/et\/wp-json\/wp\/v2\/media\/88626"}],"wp:attachment":[{"href":"https:\/\/www.talidesign.eu\/et\/wp-json\/wp\/v2\/media?parent=88622"}],"wp:term":[{"taxonomy":"product_brand","embeddable":true,"href":"https:\/\/www.talidesign.eu\/et\/wp-json\/wp\/v2\/product_brand?post=88622"},{"taxonomy":"product_cat","embeddable":true,"href":"https:\/\/www.talidesign.eu\/et\/wp-json\/wp\/v2\/product_cat?post=88622"},{"taxonomy":"product_tag","embeddable":true,"href":"https:\/\/www.talidesign.eu\/et\/wp-json\/wp\/v2\/product_tag?post=88622"}],"curies":[{"name":"wp","href":"https:\/\/api.w.org\/{rel}","templated":true}]}}