{"id":89987,"date":"2024-08-22T10:07:15","date_gmt":"2024-08-22T07:07:15","guid":{"rendered":"https:\/\/www.talidesign.eu\/?post_type=product&#038;p=89987"},"modified":"2025-07-23T13:34:20","modified_gmt":"2025-07-23T10:34:20","slug":"sock-affairs-mona-lisa-sokid","status":"publish","type":"product","link":"https:\/\/www.talidesign.eu\/et\/pood\/toode\/sock-affairs-mona-lisa-sokid\/","title":{"rendered":"Sock Affairs Mona Lisa sokid"},"content":{"rendered":"<p><strong>Mona Lisa sokid<\/strong><\/p>\n<p>Leonardo da Vinci maalis Mona Lisa portree 1503. aastal, mil ta oli juba laialt tuntud, kuigi mitte veel j\u00f5ukas. Seet\u00f5ttu on \u00fcldiselt n\u00f5ustutud, et Mona Lisa oli tellimust\u00f6\u00f6, kuid see ei j\u00f5udnud kunagi tellijani. Da Vinci oli t\u00f5eline renessansi inimene \u2013 meisterlik kunstnik, osav insener, leiutaja ja teadlane, kuid mitte just k\u00f5ige parem arvete sissen\u00f5udja.<\/p>\n<p>See ei osutunud aga takistuseks, sest tema geniaalsust m\u00e4rkas Prantsusmaa kuningas Fran\u00e7ois I, kes ostis maali otse autorilt 1518. aastal. N\u00fc\u00fcdsest sai Mona Lisa uueks koduks Fontainebleau palee. Hiljem, Louis XVI, kirglik kunstide patroon, kolis maali Versailles\u2019 paleesse. Seal elas Mona Lisa rahulikku elu kuni Prantsuse revolutsioonini, mil ta viidi oma praegusesse koju, Louvre\u2019i muuseumisse.<\/p>\n<p>Seal on ta olnud v\u00e4ljapanekul alates 1797. aastast, v\u00e4lja arvatud kuulsal seiklusel 1911. aastal, mil ta m\u00fcstiliselt kadus. Kaks aastat polnud ametiv\u00f5imudel aimugi, kuhu maal v\u00f5is kaduda. Kuni \u00fchel p\u00e4eval pakkus \u00fcks h\u00e4rrasmees kunstikaupmehele erilist maali, ja selgus, et see mees t\u00f6\u00f6tas Louvre\u2019is klaassepana\u2026<\/p>\n<p>Gioconda tagasitulek t\u00e4histati suurejooneliselt ning tema kuulsus kasvas m\u00e4rkimisv\u00e4\u00e4rselt. T\u00e4na on ta kahtlemata maailma k\u00f5ige v\u00e4\u00e4rtuslikum kunstiteos. Teda on uuritud, imiteeritud, satiiriliselt kujutatud, r\u00fcnnatud ja isegi rebitud inimese poolt, kes v\u00e4itis, et on armunud ja soovis ta koju viia! Me ei saa teda p\u00e4ris s\u00fc\u00fcdistada, et ta Mona Lisast nii lummatud oli.<\/p>\n<p>\u2022 80% kammpuuvill, 17% pol\u00fcamiid, 3% elastaan.<br \/>\n\u2022 Me kasutame \u00f5mblusteta kudumist, et luua sokk ilma \u00f5mblusteta.<br \/>\n\u2022 Pese pahupidi (max 40\u00baC\/100\u00baF). \u00c4ra kuivata trummelkuivatis, triigi, valgenda ega keemiliselt puhasta.<br \/>\n\u2022 <a href=\"\/et\/tootekategooria\/brandid\/sock-affairs-et\/\">Br\u00e4nd Sock Affairs<\/a><\/p>\n<p><strong>Meist<\/strong><\/p>\n<p>Sokiseiklused on n\u00fc\u00fcdseks kestnud viis aastat. 2018. aastal otsustasid kaks meest j\u00e4tta oma mugavad kontorit\u00f6\u00f6d ja j\u00e4rgida suurt ideed: luua l\u00f5busaid sokke t\u00e4iskasvanutele.<\/p>\n<p>Kolm br\u00e4ndi ja miljon paari sokke hiljem oleme kokku pannud meeskonna, kuhu kuuluvad kootud toodete eksperdid, kellest iga\u00fcks vastutab kollektsiooni loomingulise n\u00e4gemuse eest, l\u00e4htudes oma hobidest ja kirgedest.<\/p>\n<p>\u00dchiselt keskendume kvaliteetsete sokkide loomisele, mis n\u00e4evad head v\u00e4lja ja tunduvad veelgi paremad jalas. Selle teekonna jooksul oleme loonud k\u00fcmnetesse tuhandetesse ulatuva kogukonna, kes jagab meie kirge. Inimesed, kes teavad, et kui kannad h\u00e4id sokke, v\u00f5ib see kogu p\u00e4eva paremaks muuta.<\/p>\n<p><a href=\"https:\/\/www.talidesign.eu\/et\/tootekategooria\/brandid\/sock-affairs-et\/\"><img loading=\"lazy\" decoding=\"async\" src=\"https:\/\/www.talidesign.eu\/wp\/wp-content\/uploads\/2024\/08\/sockaffairslogo-1.jpg\" alt=\"\" width=\"500\" height=\"100\" class=\"alignnone size-full wp-image-90001\" \/><\/a><\/p>\n","protected":false},"excerpt":{"rendered":"<p><strong>Mona Lisa sokid<\/strong><\/p>\n<p>Leonardo da Vinci maalis Mona Lisa portree 1503. aastal, mil ta oli juba laialt tuntud, kuigi mitte veel j\u00f5ukas. Seet\u00f5ttu on \u00fcldiselt n\u00f5ustutud, et Mona Lisa oli tellimust\u00f6\u00f6, kuid see ei j\u00f5udnud kunagi tellijani. Da Vinci oli t\u00f5eline renessansi inimene \u2013 meisterlik kunstnik, osav insener, leiutaja ja teadlane, kuid mitte just k\u00f5ige parem arvete sissen\u00f5udja.<\/p>\n<p>See ei osutunud aga takistuseks, sest tema geniaalsust m\u00e4rkas Prantsusmaa kuningas Fran\u00e7ois I, kes ostis maali otse autorilt 1518. aastal. N\u00fc\u00fcdsest sai Mona Lisa uueks koduks Fontainebleau palee. Hiljem, Louis XVI, kirglik kunstide patroon, kolis maali Versailles\u2019 paleesse. Seal elas Mona Lisa rahulikku elu kuni Prantsuse revolutsioonini, mil ta viidi oma praegusesse koju, Louvre\u2019i muuseumisse.<\/p>\n<p>Seal on ta olnud v\u00e4ljapanekul alates 1797. aastast, v\u00e4lja arvatud kuulsal seiklusel 1911. aastal, mil ta m\u00fcstiliselt kadus. Kaks aastat polnud ametiv\u00f5imudel aimugi, kuhu maal v\u00f5is kaduda. Kuni \u00fchel p\u00e4eval pakkus \u00fcks h\u00e4rrasmees kunstikaupmehele erilist maali, ja selgus, et see mees t\u00f6\u00f6tas Louvre\u2019is klaassepana\u2026<\/p>\n<p>Gioconda tagasitulek t\u00e4histati suurejooneliselt ning tema kuulsus kasvas m\u00e4rkimisv\u00e4\u00e4rselt. T\u00e4na on ta kahtlemata maailma k\u00f5ige v\u00e4\u00e4rtuslikum kunstiteos. Teda on uuritud, imiteeritud, satiiriliselt kujutatud, r\u00fcnnatud ja isegi rebitud inimese poolt, kes v\u00e4itis, et on armunud ja soovis ta koju viia! Me ei saa teda p\u00e4ris s\u00fc\u00fcdistada, et ta Mona Lisast nii lummatud oli.<\/p>\n<p>\u2022 80% kammpuuvill, 17% pol\u00fcamiid, 3% elastaan.<br \/>\n\u2022 Me kasutame \u00f5mblusteta kudumist, et luua sokk ilma \u00f5mblusteta.<br \/>\n\u2022 Pese pahupidi (max 40\u00baC\/100\u00baF). \u00c4ra kuivata trummelkuivatis, triigi, valgenda ega keemiliselt puhasta.<br \/>\n\u2022 <a href=\"\/et\/tootekategooria\/brandid\/sock-affairs-et\/\">Br\u00e4nd Sock Affairs<\/a><\/p>\n<p><strong>Meist<\/strong><\/p>\n<p>Sokiseiklused on n\u00fc\u00fcdseks kestnud viis aastat. 2018. aastal otsustasid kaks meest j\u00e4tta oma mugavad kontorit\u00f6\u00f6d ja j\u00e4rgida suurt ideed: luua l\u00f5busaid sokke t\u00e4iskasvanutele.<\/p>\n<p>Kolm br\u00e4ndi ja miljon paari sokke hiljem oleme kokku pannud meeskonna, kuhu kuuluvad kootud toodete eksperdid, kellest iga\u00fcks vastutab kollektsiooni loomingulise n\u00e4gemuse eest, l\u00e4htudes oma hobidest ja kirgedest.<\/p>\n<p>\u00dchiselt keskendume kvaliteetsete sokkide loomisele, mis n\u00e4evad head v\u00e4lja ja tunduvad veelgi paremad jalas. Selle teekonna jooksul oleme loonud k\u00fcmnetesse tuhandetesse ulatuva kogukonna, kes jagab meie kirge. Inimesed, kes teavad, et kui kannad h\u00e4id sokke, v\u00f5ib see kogu p\u00e4eva paremaks muuta.<\/p>\n<p><a href=\"https:\/\/www.talidesign.eu\/et\/tootekategooria\/brandid\/sock-affairs-et\/\"><img loading=\"lazy\" decoding=\"async\" src=\"https:\/\/www.talidesign.eu\/wp\/wp-content\/uploads\/2024\/08\/sockaffairslogo-1.jpg\" alt=\"\" width=\"500\" height=\"100\" class=\"alignnone size-full wp-image-90001\" \/><\/a><\/p>\n","protected":false},"featured_media":89997,"template":"","meta":[],"product_brand":[],"product_cat":[1026,3266,1121,1140],"product_tag":[1593],"class_list":{"0":"post-89987","1":"product","2":"type-product","3":"status-publish","4":"has-post-thumbnail","6":"product_cat-brandid","7":"product_cat-sock-affairs-et","8":"product_cat-sokid","9":"product_cat-naiste-sokid","10":"product_tag-socks-et","12":"first","13":"outofstock","14":"taxable","15":"shipping-taxable","16":"product-type-variable"},"yoast_head":"<!-- This site is optimized with the Yoast SEO plugin v27.4 - https:\/\/yoast.com\/product\/yoast-seo-wordpress\/ -->\n<title>Sock Affairs Mona Lisa sokid - TALI Concept Store<\/title>\n<meta name=\"description\" content=\"Avasta Sock Affairs Mona Lisa sokid - kunstilised ja kvaliteetsed sokid t\u00e4iskasvanutele. Tutvu l\u00e4hemalt meie kollektsiooniga!\" \/>\n<meta name=\"robots\" content=\"index, follow, max-snippet:-1, max-image-preview:large, max-video-preview:-1\" \/>\n<link rel=\"canonical\" href=\"https:\/\/www.talidesign.eu\/et\/pood\/toode\/sock-affairs-mona-lisa-sokid\/\" \/>\n<meta property=\"og:locale\" content=\"et_EE\" \/>\n<meta property=\"og:type\" content=\"article\" \/>\n<meta property=\"og:title\" content=\"Sock Affairs Mona Lisa sokid - TALI Concept Store\" \/>\n<meta property=\"og:description\" content=\"Avasta Sock Affairs Mona Lisa sokid - kunstilised ja kvaliteetsed sokid t\u00e4iskasvanutele. Tutvu l\u00e4hemalt meie kollektsiooniga!\" \/>\n<meta property=\"og:url\" content=\"https:\/\/www.talidesign.eu\/et\/pood\/toode\/sock-affairs-mona-lisa-sokid\/\" \/>\n<meta property=\"og:site_name\" content=\"TALI Concept Store\" \/>\n<meta property=\"article:publisher\" content=\"https:\/\/www.facebook.com\/TaliDisain\/\" \/>\n<meta property=\"article:modified_time\" content=\"2025-07-23T10:34:20+00:00\" \/>\n<meta property=\"og:image\" content=\"https:\/\/www.talidesign.eu\/wp\/wp-content\/uploads\/2024\/08\/d75ae963-2257-4cbf-a854-c7839ff1ffd9_1200x1200_fill.jpg\" \/>\n\t<meta property=\"og:image:width\" content=\"1200\" \/>\n\t<meta property=\"og:image:height\" content=\"1200\" \/>\n\t<meta property=\"og:image:type\" content=\"image\/jpeg\" \/>\n<meta name=\"twitter:card\" content=\"summary_large_image\" \/>\n<meta name=\"twitter:label1\" content=\"Est. reading time\" \/>\n\t<meta name=\"twitter:data1\" content=\"2 minutes\" \/>\n<script type=\"application\/ld+json\" class=\"yoast-schema-graph\">{\"@context\":\"https:\\\/\\\/schema.org\",\"@graph\":[{\"@type\":\"WebPage\",\"@id\":\"https:\\\/\\\/www.talidesign.eu\\\/et\\\/pood\\\/toode\\\/sock-affairs-mona-lisa-sokid\\\/\",\"url\":\"https:\\\/\\\/www.talidesign.eu\\\/et\\\/pood\\\/toode\\\/sock-affairs-mona-lisa-sokid\\\/\",\"name\":\"Sock Affairs Mona Lisa sokid - TALI Concept Store\",\"isPartOf\":{\"@id\":\"https:\\\/\\\/www.talidesign.eu\\\/et\\\/#website\"},\"primaryImageOfPage\":{\"@id\":\"https:\\\/\\\/www.talidesign.eu\\\/et\\\/pood\\\/toode\\\/sock-affairs-mona-lisa-sokid\\\/#primaryimage\"},\"image\":{\"@id\":\"https:\\\/\\\/www.talidesign.eu\\\/et\\\/pood\\\/toode\\\/sock-affairs-mona-lisa-sokid\\\/#primaryimage\"},\"thumbnailUrl\":\"https:\\\/\\\/www.talidesign.eu\\\/wp\\\/wp-content\\\/uploads\\\/2024\\\/08\\\/d75ae963-2257-4cbf-a854-c7839ff1ffd9_1200x1200_fill.jpg\",\"datePublished\":\"2024-08-22T07:07:15+00:00\",\"dateModified\":\"2025-07-23T10:34:20+00:00\",\"description\":\"Avasta Sock Affairs Mona Lisa sokid - kunstilised ja kvaliteetsed sokid t\u00e4iskasvanutele. Tutvu l\u00e4hemalt meie kollektsiooniga!\",\"breadcrumb\":{\"@id\":\"https:\\\/\\\/www.talidesign.eu\\\/et\\\/pood\\\/toode\\\/sock-affairs-mona-lisa-sokid\\\/#breadcrumb\"},\"inLanguage\":\"et\",\"potentialAction\":[{\"@type\":\"ReadAction\",\"target\":[\"https:\\\/\\\/www.talidesign.eu\\\/et\\\/pood\\\/toode\\\/sock-affairs-mona-lisa-sokid\\\/\"]}]},{\"@type\":\"ImageObject\",\"inLanguage\":\"et\",\"@id\":\"https:\\\/\\\/www.talidesign.eu\\\/et\\\/pood\\\/toode\\\/sock-affairs-mona-lisa-sokid\\\/#primaryimage\",\"url\":\"https:\\\/\\\/www.talidesign.eu\\\/wp\\\/wp-content\\\/uploads\\\/2024\\\/08\\\/d75ae963-2257-4cbf-a854-c7839ff1ffd9_1200x1200_fill.jpg\",\"contentUrl\":\"https:\\\/\\\/www.talidesign.eu\\\/wp\\\/wp-content\\\/uploads\\\/2024\\\/08\\\/d75ae963-2257-4cbf-a854-c7839ff1ffd9_1200x1200_fill.jpg\",\"width\":1200,\"height\":1200},{\"@type\":\"BreadcrumbList\",\"@id\":\"https:\\\/\\\/www.talidesign.eu\\\/et\\\/pood\\\/toode\\\/sock-affairs-mona-lisa-sokid\\\/#breadcrumb\",\"itemListElement\":[{\"@type\":\"ListItem\",\"position\":1,\"name\":\"Avaleht\",\"item\":\"https:\\\/\\\/www.talidesign.eu\\\/et\\\/\"},{\"@type\":\"ListItem\",\"position\":2,\"name\":\"Pood\",\"item\":\"https:\\\/\\\/www.talidesign.eu\\\/et\\\/pood\\\/\"},{\"@type\":\"ListItem\",\"position\":3,\"name\":\"Sock Affairs Mona Lisa sokid\"}]},{\"@type\":\"WebSite\",\"@id\":\"https:\\\/\\\/www.talidesign.eu\\\/et\\\/#website\",\"url\":\"https:\\\/\\\/www.talidesign.eu\\\/et\\\/\",\"name\":\"TALI Concept Store\",\"description\":\"Suurim Disainipood Eestis\",\"potentialAction\":[{\"@type\":\"SearchAction\",\"target\":{\"@type\":\"EntryPoint\",\"urlTemplate\":\"https:\\\/\\\/www.talidesign.eu\\\/et\\\/?s={search_term_string}\"},\"query-input\":{\"@type\":\"PropertyValueSpecification\",\"valueRequired\":true,\"valueName\":\"search_term_string\"}}],\"inLanguage\":\"et\"}]}<\/script>\n<!-- \/ Yoast SEO plugin. -->","yoast_head_json":{"title":"Sock Affairs Mona Lisa sokid - TALI Concept Store","description":"Avasta Sock Affairs Mona Lisa sokid - kunstilised ja kvaliteetsed sokid t\u00e4iskasvanutele. Tutvu l\u00e4hemalt meie kollektsiooniga!","robots":{"index":"index","follow":"follow","max-snippet":"max-snippet:-1","max-image-preview":"max-image-preview:large","max-video-preview":"max-video-preview:-1"},"canonical":"https:\/\/www.talidesign.eu\/et\/pood\/toode\/sock-affairs-mona-lisa-sokid\/","og_locale":"et_EE","og_type":"article","og_title":"Sock Affairs Mona Lisa sokid - TALI Concept Store","og_description":"Avasta Sock Affairs Mona Lisa sokid - kunstilised ja kvaliteetsed sokid t\u00e4iskasvanutele. Tutvu l\u00e4hemalt meie kollektsiooniga!","og_url":"https:\/\/www.talidesign.eu\/et\/pood\/toode\/sock-affairs-mona-lisa-sokid\/","og_site_name":"TALI Concept Store","article_publisher":"https:\/\/www.facebook.com\/TaliDisain\/","article_modified_time":"2025-07-23T10:34:20+00:00","og_image":[{"width":1200,"height":1200,"url":"https:\/\/www.talidesign.eu\/wp\/wp-content\/uploads\/2024\/08\/d75ae963-2257-4cbf-a854-c7839ff1ffd9_1200x1200_fill.jpg","type":"image\/jpeg"}],"twitter_card":"summary_large_image","twitter_misc":{"Est. reading time":"2 minutes"},"schema":{"@context":"https:\/\/schema.org","@graph":[{"@type":"WebPage","@id":"https:\/\/www.talidesign.eu\/et\/pood\/toode\/sock-affairs-mona-lisa-sokid\/","url":"https:\/\/www.talidesign.eu\/et\/pood\/toode\/sock-affairs-mona-lisa-sokid\/","name":"Sock Affairs Mona Lisa sokid - TALI Concept Store","isPartOf":{"@id":"https:\/\/www.talidesign.eu\/et\/#website"},"primaryImageOfPage":{"@id":"https:\/\/www.talidesign.eu\/et\/pood\/toode\/sock-affairs-mona-lisa-sokid\/#primaryimage"},"image":{"@id":"https:\/\/www.talidesign.eu\/et\/pood\/toode\/sock-affairs-mona-lisa-sokid\/#primaryimage"},"thumbnailUrl":"https:\/\/www.talidesign.eu\/wp\/wp-content\/uploads\/2024\/08\/d75ae963-2257-4cbf-a854-c7839ff1ffd9_1200x1200_fill.jpg","datePublished":"2024-08-22T07:07:15+00:00","dateModified":"2025-07-23T10:34:20+00:00","description":"Avasta Sock Affairs Mona Lisa sokid - kunstilised ja kvaliteetsed sokid t\u00e4iskasvanutele. Tutvu l\u00e4hemalt meie kollektsiooniga!","breadcrumb":{"@id":"https:\/\/www.talidesign.eu\/et\/pood\/toode\/sock-affairs-mona-lisa-sokid\/#breadcrumb"},"inLanguage":"et","potentialAction":[{"@type":"ReadAction","target":["https:\/\/www.talidesign.eu\/et\/pood\/toode\/sock-affairs-mona-lisa-sokid\/"]}]},{"@type":"ImageObject","inLanguage":"et","@id":"https:\/\/www.talidesign.eu\/et\/pood\/toode\/sock-affairs-mona-lisa-sokid\/#primaryimage","url":"https:\/\/www.talidesign.eu\/wp\/wp-content\/uploads\/2024\/08\/d75ae963-2257-4cbf-a854-c7839ff1ffd9_1200x1200_fill.jpg","contentUrl":"https:\/\/www.talidesign.eu\/wp\/wp-content\/uploads\/2024\/08\/d75ae963-2257-4cbf-a854-c7839ff1ffd9_1200x1200_fill.jpg","width":1200,"height":1200},{"@type":"BreadcrumbList","@id":"https:\/\/www.talidesign.eu\/et\/pood\/toode\/sock-affairs-mona-lisa-sokid\/#breadcrumb","itemListElement":[{"@type":"ListItem","position":1,"name":"Avaleht","item":"https:\/\/www.talidesign.eu\/et\/"},{"@type":"ListItem","position":2,"name":"Pood","item":"https:\/\/www.talidesign.eu\/et\/pood\/"},{"@type":"ListItem","position":3,"name":"Sock Affairs Mona Lisa sokid"}]},{"@type":"WebSite","@id":"https:\/\/www.talidesign.eu\/et\/#website","url":"https:\/\/www.talidesign.eu\/et\/","name":"TALI Concept Store","description":"Suurim Disainipood Eestis","potentialAction":[{"@type":"SearchAction","target":{"@type":"EntryPoint","urlTemplate":"https:\/\/www.talidesign.eu\/et\/?s={search_term_string}"},"query-input":{"@type":"PropertyValueSpecification","valueRequired":true,"valueName":"search_term_string"}}],"inLanguage":"et"}]}},"_links":{"self":[{"href":"https:\/\/www.talidesign.eu\/et\/wp-json\/wp\/v2\/product\/89987","targetHints":{"allow":["GET"]}}],"collection":[{"href":"https:\/\/www.talidesign.eu\/et\/wp-json\/wp\/v2\/product"}],"about":[{"href":"https:\/\/www.talidesign.eu\/et\/wp-json\/wp\/v2\/types\/product"}],"wp:featuredmedia":[{"embeddable":true,"href":"https:\/\/www.talidesign.eu\/et\/wp-json\/wp\/v2\/media\/89997"}],"wp:attachment":[{"href":"https:\/\/www.talidesign.eu\/et\/wp-json\/wp\/v2\/media?parent=89987"}],"wp:term":[{"taxonomy":"product_brand","embeddable":true,"href":"https:\/\/www.talidesign.eu\/et\/wp-json\/wp\/v2\/product_brand?post=89987"},{"taxonomy":"product_cat","embeddable":true,"href":"https:\/\/www.talidesign.eu\/et\/wp-json\/wp\/v2\/product_cat?post=89987"},{"taxonomy":"product_tag","embeddable":true,"href":"https:\/\/www.talidesign.eu\/et\/wp-json\/wp\/v2\/product_tag?post=89987"}],"curies":[{"name":"wp","href":"https:\/\/api.w.org\/{rel}","templated":true}]}}