{"id":90136,"date":"2024-08-23T18:09:04","date_gmt":"2024-08-23T15:09:05","guid":{"rendered":"https:\/\/www.talidesign.eu\/?post_type=product&#038;p=90136"},"modified":"2025-03-05T12:16:16","modified_gmt":"2025-03-05T10:16:16","slug":"sock-affairs-pop-art-sokid","status":"publish","type":"product","link":"https:\/\/www.talidesign.eu\/et\/pood\/toode\/sock-affairs-pop-art-sokid\/","title":{"rendered":"Sock Affairs Pop Art sokid"},"content":{"rendered":"<p><strong>Pop Art sokid<\/strong><\/p>\n<p>Kas Warhol, Haring v\u00f5i Hockney muutsid kunsti tervikuna paremaks? Keegi ei oska kindlalt \u00f6elda, ja v\u00f5ib-olla just see ongi asja m\u00f5te. Aga me oleme \u00fcsna kindlad, et nende sokkide peale viskaksid nad pilgu kaks korda.<\/p>\n<p>Popkunst s\u00fcndis 1950. aastate keskel New Yorgis ja Londonis ning kujunes valitsevaks avangardistiiliks kuni 1960. aastate l\u00f5puni. Seda peetakse tihti dadaismi j\u00e4reltulijaks, kuna see v\u00f5ttis omaks satiirilise hoiaku traditsioonilise kunstimaailma suhtes, kasutades t\u00e4navakultuurist, supermarketitest ja massimeediast p\u00e4rit pilte ning esitledes neid kunstina. Popkunsti iseloomustavad julged kompositsioonid igap\u00e4evasest pildimaterjalist, mis toetuvad suuresti teleri- ja filmikultuurile, ning erksad v\u00e4rvid. Sellel oli moodne &#8220;n\u00fc\u00fcd ja praegu&#8221; tunne, mis h\u00e4gustas piiri kommerts- ja kaunite kunstide vahel.<\/p>\n<p>Ajastul, mil k\u00f5iketeadva kunstikriitiku arvamus v\u00f5is kirjutatud arvustusega uue kunsti kas t\u00f5sta v\u00f5i h\u00e4vitada, oli supipurkide, koomiksiribade ja hamburgerite t\u00f5stmine k\u00f5rgkunsti staatusesse t\u00f5eline \u0161okk. Kuid see oligi asja v\u00f5lu. Popkunst ei hoolinud kriitikutest. Kunstnikud m\u00f5istsid, et kuulsust, tunnustust ja raha v\u00f5ib saavutada hoolimata sellest, mida teravmeelsed arvustused nende ja nende t\u00f6\u00f6de kohta \u00fctlevad. Vastupidiselt kriitikutele ja staa\u017eikale galeriipublikule n\u00e4gi \u00fclej\u00e4\u00e4nud maailm midagi, millest ta aru sai ja millele kaasa tundis. Popkunsti revolutsioon seisnes kunsti demokratiseerimises, mis ulatus kaugemale elitaarsetest galeriidest.<\/p>\n<p>Kas Warhol, Haring v\u00f5i Hockney muutsid kunsti tervikuna paremaks? Keegi ei tea kindlalt, ja v\u00f5ib-olla just see ongi asja m\u00f5te. Kuid 60 aastat hiljem on nende ja teiste popkunstnike m\u00f5ju selgelt n\u00e4ha peaaegu igas t\u00e4nap\u00e4eva \u00fchiskonna aspektis.<\/p>\n<p>\u2022 80% kammpuuvill, 17% pol\u00fcamiid, 3% elastaan.<br \/>\n\u2022 Me kasutame \u00f5mblusteta kudumist, et luua sokk ilma \u00f5mblusteta.<br \/>\n\u2022 Pese pahupidi (max 40\u00baC\/100\u00baF). \u00c4ra kuivata trummelkuivatis, triigi, valgenda ega keemiliselt puhasta.<br \/>\n\u2022 <a href=\"\/et\/tootekategooria\/brandid\/sock-affairs-et\/\">Br\u00e4nd Sock Affairs<\/a><\/p>\n<p><strong>Meist<\/strong><\/p>\n<p>Sokiseiklused on n\u00fc\u00fcdseks kestnud viis aastat. 2018. aastal otsustasid kaks meest j\u00e4tta oma mugavad kontorit\u00f6\u00f6d ja j\u00e4rgida suurt ideed: luua l\u00f5busaid sokke t\u00e4iskasvanutele.<\/p>\n<p>Kolm br\u00e4ndi ja miljon paari sokke hiljem oleme kokku pannud meeskonna, kuhu kuuluvad kootud toodete eksperdid, kellest iga\u00fcks vastutab kollektsiooni loomingulise n\u00e4gemuse eest, l\u00e4htudes oma hobidest ja kirgedest.<\/p>\n<p>\u00dchiselt keskendume kvaliteetsete sokkide loomisele, mis n\u00e4evad head v\u00e4lja ja tunduvad veelgi paremad jalas. Selle teekonna jooksul oleme loonud k\u00fcmnetesse tuhandetesse ulatuva kogukonna, kes jagab meie kirge. Inimesed, kes teavad, et kui kannad h\u00e4id sokke, v\u00f5ib see kogu p\u00e4eva paremaks muuta.<\/p>\n<p><a href=\"https:\/\/www.talidesign.eu\/et\/tootekategooria\/brandid\/sock-affairs-et\/\"><img loading=\"lazy\" decoding=\"async\" src=\"https:\/\/www.talidesign.eu\/wp\/wp-content\/uploads\/2024\/08\/sockaffairslogo-1.jpg\" alt=\"\" width=\"500\" height=\"100\" class=\"alignnone size-full wp-image-90001\" \/><\/a><\/p>\n","protected":false},"excerpt":{"rendered":"<p><strong>Pop Art sokid<\/strong><\/p>\n<p>Kas Warhol, Haring v\u00f5i Hockney muutsid kunsti tervikuna paremaks? Keegi ei oska kindlalt \u00f6elda, ja v\u00f5ib-olla just see ongi asja m\u00f5te. Aga me oleme \u00fcsna kindlad, et nende sokkide peale viskaksid nad pilgu kaks korda.<\/p>\n<p>Popkunst s\u00fcndis 1950. aastate keskel New Yorgis ja Londonis ning kujunes valitsevaks avangardistiiliks kuni 1960. aastate l\u00f5puni. Seda peetakse tihti dadaismi j\u00e4reltulijaks, kuna see v\u00f5ttis omaks satiirilise hoiaku traditsioonilise kunstimaailma suhtes, kasutades t\u00e4navakultuurist, supermarketitest ja massimeediast p\u00e4rit pilte ning esitledes neid kunstina. Popkunsti iseloomustavad julged kompositsioonid igap\u00e4evasest pildimaterjalist, mis toetuvad suuresti teleri- ja filmikultuurile, ning erksad v\u00e4rvid. Sellel oli moodne &#8220;n\u00fc\u00fcd ja praegu&#8221; tunne, mis h\u00e4gustas piiri kommerts- ja kaunite kunstide vahel.<\/p>\n<p>Ajastul, mil k\u00f5iketeadva kunstikriitiku arvamus v\u00f5is kirjutatud arvustusega uue kunsti kas t\u00f5sta v\u00f5i h\u00e4vitada, oli supipurkide, koomiksiribade ja hamburgerite t\u00f5stmine k\u00f5rgkunsti staatusesse t\u00f5eline \u0161okk. Kuid see oligi asja v\u00f5lu. Popkunst ei hoolinud kriitikutest. Kunstnikud m\u00f5istsid, et kuulsust, tunnustust ja raha v\u00f5ib saavutada hoolimata sellest, mida teravmeelsed arvustused nende ja nende t\u00f6\u00f6de kohta \u00fctlevad. Vastupidiselt kriitikutele ja staa\u017eikale galeriipublikule n\u00e4gi \u00fclej\u00e4\u00e4nud maailm midagi, millest ta aru sai ja millele kaasa tundis. Popkunsti revolutsioon seisnes kunsti demokratiseerimises, mis ulatus kaugemale elitaarsetest galeriidest.<\/p>\n<p>Kas Warhol, Haring v\u00f5i Hockney muutsid kunsti tervikuna paremaks? Keegi ei tea kindlalt, ja v\u00f5ib-olla just see ongi asja m\u00f5te. Kuid 60 aastat hiljem on nende ja teiste popkunstnike m\u00f5ju selgelt n\u00e4ha peaaegu igas t\u00e4nap\u00e4eva \u00fchiskonna aspektis.<\/p>\n<p>\u2022 80% kammpuuvill, 17% pol\u00fcamiid, 3% elastaan.<br \/>\n\u2022 Me kasutame \u00f5mblusteta kudumist, et luua sokk ilma \u00f5mblusteta.<br \/>\n\u2022 Pese pahupidi (max 40\u00baC\/100\u00baF). \u00c4ra kuivata trummelkuivatis, triigi, valgenda ega keemiliselt puhasta.<br \/>\n\u2022 <a href=\"\/et\/tootekategooria\/brandid\/sock-affairs-et\/\">Br\u00e4nd Sock Affairs<\/a><\/p>\n<p><strong>Meist<\/strong><\/p>\n<p>Sokiseiklused on n\u00fc\u00fcdseks kestnud viis aastat. 2018. aastal otsustasid kaks meest j\u00e4tta oma mugavad kontorit\u00f6\u00f6d ja j\u00e4rgida suurt ideed: luua l\u00f5busaid sokke t\u00e4iskasvanutele.<\/p>\n<p>Kolm br\u00e4ndi ja miljon paari sokke hiljem oleme kokku pannud meeskonna, kuhu kuuluvad kootud toodete eksperdid, kellest iga\u00fcks vastutab kollektsiooni loomingulise n\u00e4gemuse eest, l\u00e4htudes oma hobidest ja kirgedest.<\/p>\n<p>\u00dchiselt keskendume kvaliteetsete sokkide loomisele, mis n\u00e4evad head v\u00e4lja ja tunduvad veelgi paremad jalas. Selle teekonna jooksul oleme loonud k\u00fcmnetesse tuhandetesse ulatuva kogukonna, kes jagab meie kirge. Inimesed, kes teavad, et kui kannad h\u00e4id sokke, v\u00f5ib see kogu p\u00e4eva paremaks muuta.<\/p>\n<p><a href=\"https:\/\/www.talidesign.eu\/et\/tootekategooria\/brandid\/sock-affairs-et\/\"><img loading=\"lazy\" decoding=\"async\" src=\"https:\/\/www.talidesign.eu\/wp\/wp-content\/uploads\/2024\/08\/sockaffairslogo-1.jpg\" alt=\"\" width=\"500\" height=\"100\" class=\"alignnone size-full wp-image-90001\" \/><\/a><\/p>\n","protected":false},"featured_media":90152,"template":"","meta":[],"product_brand":[],"product_cat":[1026,3266,1121,1140],"product_tag":[1593],"class_list":{"0":"post-90136","1":"product","2":"type-product","3":"status-publish","4":"has-post-thumbnail","6":"product_cat-brandid","7":"product_cat-sock-affairs-et","8":"product_cat-sokid","9":"product_cat-naiste-sokid","10":"product_tag-socks-et","12":"first","13":"outofstock","14":"taxable","15":"shipping-taxable","16":"product-type-variable"},"yoast_head":"<!-- This site is optimized with the Yoast SEO plugin v27.6 - https:\/\/yoast.com\/product\/yoast-seo-wordpress\/ -->\n<title>Sock Affairs Pop Art sokid - TALI Concept Store<\/title>\n<meta name=\"description\" content=\"Sock Affairs Pop Art sokid - kunst, mis paneb sind pilku kaks korda viskama. Avasta rohkem!\" \/>\n<meta name=\"robots\" content=\"index, follow, max-snippet:-1, max-image-preview:large, max-video-preview:-1\" \/>\n<link rel=\"canonical\" href=\"https:\/\/www.talidesign.eu\/et\/pood\/toode\/sock-affairs-pop-art-sokid\/\" \/>\n<meta property=\"og:locale\" content=\"et_EE\" \/>\n<meta property=\"og:type\" content=\"article\" \/>\n<meta property=\"og:title\" content=\"Sock Affairs Pop Art sokid - TALI Concept Store\" \/>\n<meta property=\"og:description\" content=\"Sock Affairs Pop Art sokid - kunst, mis paneb sind pilku kaks korda viskama. Avasta rohkem!\" \/>\n<meta property=\"og:url\" content=\"https:\/\/www.talidesign.eu\/et\/pood\/toode\/sock-affairs-pop-art-sokid\/\" \/>\n<meta property=\"og:site_name\" content=\"TALI Concept Store\" \/>\n<meta property=\"article:publisher\" content=\"https:\/\/www.facebook.com\/TaliDisain\/\" \/>\n<meta property=\"article:modified_time\" content=\"2025-03-05T10:16:16+00:00\" \/>\n<meta property=\"og:image\" content=\"https:\/\/www.talidesign.eu\/wp\/wp-content\/uploads\/2024\/08\/pop_art_socks_001.jpg\" \/>\n\t<meta property=\"og:image:width\" content=\"1200\" \/>\n\t<meta property=\"og:image:height\" content=\"1200\" \/>\n\t<meta property=\"og:image:type\" content=\"image\/jpeg\" \/>\n<meta name=\"twitter:card\" content=\"summary_large_image\" \/>\n<meta name=\"twitter:label1\" content=\"Est. reading time\" \/>\n\t<meta name=\"twitter:data1\" content=\"2 minutes\" \/>\n<script type=\"application\/ld+json\" class=\"yoast-schema-graph\">{\"@context\":\"https:\\\/\\\/schema.org\",\"@graph\":[{\"@type\":\"WebPage\",\"@id\":\"https:\\\/\\\/www.talidesign.eu\\\/et\\\/pood\\\/toode\\\/sock-affairs-pop-art-sokid\\\/\",\"url\":\"https:\\\/\\\/www.talidesign.eu\\\/et\\\/pood\\\/toode\\\/sock-affairs-pop-art-sokid\\\/\",\"name\":\"Sock Affairs Pop Art sokid - TALI Concept Store\",\"isPartOf\":{\"@id\":\"https:\\\/\\\/www.talidesign.eu\\\/et\\\/#website\"},\"primaryImageOfPage\":{\"@id\":\"https:\\\/\\\/www.talidesign.eu\\\/et\\\/pood\\\/toode\\\/sock-affairs-pop-art-sokid\\\/#primaryimage\"},\"image\":{\"@id\":\"https:\\\/\\\/www.talidesign.eu\\\/et\\\/pood\\\/toode\\\/sock-affairs-pop-art-sokid\\\/#primaryimage\"},\"thumbnailUrl\":\"https:\\\/\\\/www.talidesign.eu\\\/wp\\\/wp-content\\\/uploads\\\/2024\\\/08\\\/pop_art_socks_001.jpg\",\"datePublished\":\"2024-08-23T15:09:05+00:00\",\"dateModified\":\"2025-03-05T10:16:16+00:00\",\"description\":\"Sock Affairs Pop Art sokid - kunst, mis paneb sind pilku kaks korda viskama. Avasta rohkem!\",\"breadcrumb\":{\"@id\":\"https:\\\/\\\/www.talidesign.eu\\\/et\\\/pood\\\/toode\\\/sock-affairs-pop-art-sokid\\\/#breadcrumb\"},\"inLanguage\":\"et\",\"potentialAction\":[{\"@type\":\"ReadAction\",\"target\":[\"https:\\\/\\\/www.talidesign.eu\\\/et\\\/pood\\\/toode\\\/sock-affairs-pop-art-sokid\\\/\"]}]},{\"@type\":\"ImageObject\",\"inLanguage\":\"et\",\"@id\":\"https:\\\/\\\/www.talidesign.eu\\\/et\\\/pood\\\/toode\\\/sock-affairs-pop-art-sokid\\\/#primaryimage\",\"url\":\"https:\\\/\\\/www.talidesign.eu\\\/wp\\\/wp-content\\\/uploads\\\/2024\\\/08\\\/pop_art_socks_001.jpg\",\"contentUrl\":\"https:\\\/\\\/www.talidesign.eu\\\/wp\\\/wp-content\\\/uploads\\\/2024\\\/08\\\/pop_art_socks_001.jpg\",\"width\":1200,\"height\":1200},{\"@type\":\"BreadcrumbList\",\"@id\":\"https:\\\/\\\/www.talidesign.eu\\\/et\\\/pood\\\/toode\\\/sock-affairs-pop-art-sokid\\\/#breadcrumb\",\"itemListElement\":[{\"@type\":\"ListItem\",\"position\":1,\"name\":\"Avaleht\",\"item\":\"https:\\\/\\\/www.talidesign.eu\\\/et\\\/\"},{\"@type\":\"ListItem\",\"position\":2,\"name\":\"Pood\",\"item\":\"https:\\\/\\\/www.talidesign.eu\\\/et\\\/pood\\\/\"},{\"@type\":\"ListItem\",\"position\":3,\"name\":\"Sock Affairs Pop Art sokid\"}]},{\"@type\":\"WebSite\",\"@id\":\"https:\\\/\\\/www.talidesign.eu\\\/et\\\/#website\",\"url\":\"https:\\\/\\\/www.talidesign.eu\\\/et\\\/\",\"name\":\"TALI Concept Store\",\"description\":\"Suurim Disainipood Eestis\",\"potentialAction\":[{\"@type\":\"SearchAction\",\"target\":{\"@type\":\"EntryPoint\",\"urlTemplate\":\"https:\\\/\\\/www.talidesign.eu\\\/et\\\/?s={search_term_string}\"},\"query-input\":{\"@type\":\"PropertyValueSpecification\",\"valueRequired\":true,\"valueName\":\"search_term_string\"}}],\"inLanguage\":\"et\"}]}<\/script>\n<!-- \/ Yoast SEO plugin. -->","yoast_head_json":{"title":"Sock Affairs Pop Art sokid - TALI Concept Store","description":"Sock Affairs Pop Art sokid - kunst, mis paneb sind pilku kaks korda viskama. Avasta rohkem!","robots":{"index":"index","follow":"follow","max-snippet":"max-snippet:-1","max-image-preview":"max-image-preview:large","max-video-preview":"max-video-preview:-1"},"canonical":"https:\/\/www.talidesign.eu\/et\/pood\/toode\/sock-affairs-pop-art-sokid\/","og_locale":"et_EE","og_type":"article","og_title":"Sock Affairs Pop Art sokid - TALI Concept Store","og_description":"Sock Affairs Pop Art sokid - kunst, mis paneb sind pilku kaks korda viskama. Avasta rohkem!","og_url":"https:\/\/www.talidesign.eu\/et\/pood\/toode\/sock-affairs-pop-art-sokid\/","og_site_name":"TALI Concept Store","article_publisher":"https:\/\/www.facebook.com\/TaliDisain\/","article_modified_time":"2025-03-05T10:16:16+00:00","og_image":[{"width":1200,"height":1200,"url":"https:\/\/www.talidesign.eu\/wp\/wp-content\/uploads\/2024\/08\/pop_art_socks_001.jpg","type":"image\/jpeg"}],"twitter_card":"summary_large_image","twitter_misc":{"Est. reading time":"2 minutes"},"schema":{"@context":"https:\/\/schema.org","@graph":[{"@type":"WebPage","@id":"https:\/\/www.talidesign.eu\/et\/pood\/toode\/sock-affairs-pop-art-sokid\/","url":"https:\/\/www.talidesign.eu\/et\/pood\/toode\/sock-affairs-pop-art-sokid\/","name":"Sock Affairs Pop Art sokid - TALI Concept Store","isPartOf":{"@id":"https:\/\/www.talidesign.eu\/et\/#website"},"primaryImageOfPage":{"@id":"https:\/\/www.talidesign.eu\/et\/pood\/toode\/sock-affairs-pop-art-sokid\/#primaryimage"},"image":{"@id":"https:\/\/www.talidesign.eu\/et\/pood\/toode\/sock-affairs-pop-art-sokid\/#primaryimage"},"thumbnailUrl":"https:\/\/www.talidesign.eu\/wp\/wp-content\/uploads\/2024\/08\/pop_art_socks_001.jpg","datePublished":"2024-08-23T15:09:05+00:00","dateModified":"2025-03-05T10:16:16+00:00","description":"Sock Affairs Pop Art sokid - kunst, mis paneb sind pilku kaks korda viskama. Avasta rohkem!","breadcrumb":{"@id":"https:\/\/www.talidesign.eu\/et\/pood\/toode\/sock-affairs-pop-art-sokid\/#breadcrumb"},"inLanguage":"et","potentialAction":[{"@type":"ReadAction","target":["https:\/\/www.talidesign.eu\/et\/pood\/toode\/sock-affairs-pop-art-sokid\/"]}]},{"@type":"ImageObject","inLanguage":"et","@id":"https:\/\/www.talidesign.eu\/et\/pood\/toode\/sock-affairs-pop-art-sokid\/#primaryimage","url":"https:\/\/www.talidesign.eu\/wp\/wp-content\/uploads\/2024\/08\/pop_art_socks_001.jpg","contentUrl":"https:\/\/www.talidesign.eu\/wp\/wp-content\/uploads\/2024\/08\/pop_art_socks_001.jpg","width":1200,"height":1200},{"@type":"BreadcrumbList","@id":"https:\/\/www.talidesign.eu\/et\/pood\/toode\/sock-affairs-pop-art-sokid\/#breadcrumb","itemListElement":[{"@type":"ListItem","position":1,"name":"Avaleht","item":"https:\/\/www.talidesign.eu\/et\/"},{"@type":"ListItem","position":2,"name":"Pood","item":"https:\/\/www.talidesign.eu\/et\/pood\/"},{"@type":"ListItem","position":3,"name":"Sock Affairs Pop Art sokid"}]},{"@type":"WebSite","@id":"https:\/\/www.talidesign.eu\/et\/#website","url":"https:\/\/www.talidesign.eu\/et\/","name":"TALI Concept Store","description":"Suurim Disainipood Eestis","potentialAction":[{"@type":"SearchAction","target":{"@type":"EntryPoint","urlTemplate":"https:\/\/www.talidesign.eu\/et\/?s={search_term_string}"},"query-input":{"@type":"PropertyValueSpecification","valueRequired":true,"valueName":"search_term_string"}}],"inLanguage":"et"}]}},"_links":{"self":[{"href":"https:\/\/www.talidesign.eu\/et\/wp-json\/wp\/v2\/product\/90136","targetHints":{"allow":["GET"]}}],"collection":[{"href":"https:\/\/www.talidesign.eu\/et\/wp-json\/wp\/v2\/product"}],"about":[{"href":"https:\/\/www.talidesign.eu\/et\/wp-json\/wp\/v2\/types\/product"}],"wp:featuredmedia":[{"embeddable":true,"href":"https:\/\/www.talidesign.eu\/et\/wp-json\/wp\/v2\/media\/90152"}],"wp:attachment":[{"href":"https:\/\/www.talidesign.eu\/et\/wp-json\/wp\/v2\/media?parent=90136"}],"wp:term":[{"taxonomy":"product_brand","embeddable":true,"href":"https:\/\/www.talidesign.eu\/et\/wp-json\/wp\/v2\/product_brand?post=90136"},{"taxonomy":"product_cat","embeddable":true,"href":"https:\/\/www.talidesign.eu\/et\/wp-json\/wp\/v2\/product_cat?post=90136"},{"taxonomy":"product_tag","embeddable":true,"href":"https:\/\/www.talidesign.eu\/et\/wp-json\/wp\/v2\/product_tag?post=90136"}],"curies":[{"name":"wp","href":"https:\/\/api.w.org\/{rel}","templated":true}]}}