{"id":90197,"date":"2024-08-23T18:53:17","date_gmt":"2024-08-23T15:53:18","guid":{"rendered":"https:\/\/www.talidesign.eu\/?post_type=product&#038;p=90197"},"modified":"2024-12-21T12:37:50","modified_gmt":"2024-12-21T10:37:50","slug":"sock-affairs-the-kiss-sokid","status":"publish","type":"product","link":"https:\/\/www.talidesign.eu\/et\/pood\/toode\/sock-affairs-the-kiss-sokid\/","title":{"rendered":"Sock Affairs The Kiss sokid"},"content":{"rendered":"<p><strong>The Kiss sokid<\/strong><\/p>\n<p>Kunstnik: Gustav Klimt<\/p>\n<p>Loodud: 1907\u20131908<\/p>\n<p>M\u00f5\u00f5tmed (cm): 180 x 180<\/p>\n<p>Tehnika: \u00d5li ja kuldleht l\u00f5uendil<\/p>\n<p>Asukoht: \u00d6sterreichische Galerie Belvedere<\/p>\n<p>&#8220;Musi&#8221; (&#8220;The Kiss&#8221;) t\u00e4histab Klimti &#8220;Kuldse Perioodi&#8221; tippu, mil ta hakkas oma t\u00f6\u00f6desse lisama kuldlehti. See peegeldab keskaja religioosse kunsti ja B\u00fctsantsi impeeriumi kunstnike t\u00f6\u00f6de m\u00f5ju, kuid on ka seos Klimti enda minevikuga, kuna nii tema isa kui ka noorem vend t\u00f6\u00f6tasid metalliga.<\/p>\n<p>Algul peeti maali isegi pornograafiliseks, kuid see kujutab kahte figuuri, kes on m\u00e4hitud tihedalt mustrilistesse r\u00fc\u00fcdesse, nautides intensiivset sensuaalset hetke.<\/p>\n<p>Mehelikku j\u00f5udu s\u00fcmboliseerib tugev mustadest ja hallidest plokkidest koosnev mantel, mida pehmendab naiselik, orgaaniline kaunistus. Naiselik energia avaldub v\u00f5rreldes sellega s\u00e4ravate lillemotiivide ja \u00fclespoole voogavate lainete keeristes.<\/p>\n<p>\u2022 80% kammpuuvill, 17% pol\u00fcamiid, 3% elastaan.<br \/>\n\u2022 Me kasutame \u00f5mblusteta kudumist, et luua sokk ilma \u00f5mblusteta.<br \/>\n\u2022 Pese pahupidi (max 40\u00baC\/100\u00baF). \u00c4ra kuivata trummelkuivatis, triigi, valgenda ega keemiliselt puhasta.<br \/>\n\u2022 <a href=\"\/et\/tootekategooria\/brandid\/sock-affairs-et\/\">Br\u00e4nd Sock Affairs<\/a><\/p>\n<p><strong>Meist<\/strong><\/p>\n<p>Sokiseiklused on n\u00fc\u00fcdseks kestnud viis aastat. 2018. aastal otsustasid kaks meest j\u00e4tta oma mugavad kontorit\u00f6\u00f6d ja j\u00e4rgida suurt ideed: luua l\u00f5busaid sokke t\u00e4iskasvanutele.<\/p>\n<p>Kolm br\u00e4ndi ja miljon paari sokke hiljem oleme kokku pannud meeskonna, kuhu kuuluvad kootud toodete eksperdid, kellest iga\u00fcks vastutab kollektsiooni loomingulise n\u00e4gemuse eest, l\u00e4htudes oma hobidest ja kirgedest.<\/p>\n<p>\u00dchiselt keskendume kvaliteetsete sokkide loomisele, mis n\u00e4evad head v\u00e4lja ja tunduvad veelgi paremad jalas. Selle teekonna jooksul oleme loonud k\u00fcmnetesse tuhandetesse ulatuva kogukonna, kes jagab meie kirge. Inimesed, kes teavad, et kui kannad h\u00e4id sokke, v\u00f5ib see kogu p\u00e4eva paremaks muuta.<\/p>\n<p><a href=\"https:\/\/www.talidesign.eu\/et\/tootekategooria\/brandid\/sock-affairs-et\/\"><img loading=\"lazy\" decoding=\"async\" src=\"https:\/\/www.talidesign.eu\/wp\/wp-content\/uploads\/2024\/08\/sockaffairslogo-1.jpg\" alt=\"\" width=\"500\" height=\"100\" class=\"alignnone size-full wp-image-90001\" \/><\/a><\/p>\n","protected":false},"excerpt":{"rendered":"<p><strong>The Kiss sokid<\/strong><\/p>\n<p>Kunstnik: Gustav Klimt<\/p>\n<p>Loodud: 1907\u20131908<\/p>\n<p>M\u00f5\u00f5tmed (cm): 180 x 180<\/p>\n<p>Tehnika: \u00d5li ja kuldleht l\u00f5uendil<\/p>\n<p>Asukoht: \u00d6sterreichische Galerie Belvedere<\/p>\n<p>&#8220;Musi&#8221; (&#8220;The Kiss&#8221;) t\u00e4histab Klimti &#8220;Kuldse Perioodi&#8221; tippu, mil ta hakkas oma t\u00f6\u00f6desse lisama kuldlehti. See peegeldab keskaja religioosse kunsti ja B\u00fctsantsi impeeriumi kunstnike t\u00f6\u00f6de m\u00f5ju, kuid on ka seos Klimti enda minevikuga, kuna nii tema isa kui ka noorem vend t\u00f6\u00f6tasid metalliga.<\/p>\n<p>Algul peeti maali isegi pornograafiliseks, kuid see kujutab kahte figuuri, kes on m\u00e4hitud tihedalt mustrilistesse r\u00fc\u00fcdesse, nautides intensiivset sensuaalset hetke.<\/p>\n<p>Mehelikku j\u00f5udu s\u00fcmboliseerib tugev mustadest ja hallidest plokkidest koosnev mantel, mida pehmendab naiselik, orgaaniline kaunistus. Naiselik energia avaldub v\u00f5rreldes sellega s\u00e4ravate lillemotiivide ja \u00fclespoole voogavate lainete keeristes.<\/p>\n<p>\u2022 80% kammpuuvill, 17% pol\u00fcamiid, 3% elastaan.<br \/>\n\u2022 Me kasutame \u00f5mblusteta kudumist, et luua sokk ilma \u00f5mblusteta.<br \/>\n\u2022 Pese pahupidi (max 40\u00baC\/100\u00baF). \u00c4ra kuivata trummelkuivatis, triigi, valgenda ega keemiliselt puhasta.<br \/>\n\u2022 <a href=\"\/et\/tootekategooria\/brandid\/sock-affairs-et\/\">Br\u00e4nd Sock Affairs<\/a><\/p>\n<p><strong>Meist<\/strong><\/p>\n<p>Sokiseiklused on n\u00fc\u00fcdseks kestnud viis aastat. 2018. aastal otsustasid kaks meest j\u00e4tta oma mugavad kontorit\u00f6\u00f6d ja j\u00e4rgida suurt ideed: luua l\u00f5busaid sokke t\u00e4iskasvanutele.<\/p>\n<p>Kolm br\u00e4ndi ja miljon paari sokke hiljem oleme kokku pannud meeskonna, kuhu kuuluvad kootud toodete eksperdid, kellest iga\u00fcks vastutab kollektsiooni loomingulise n\u00e4gemuse eest, l\u00e4htudes oma hobidest ja kirgedest.<\/p>\n<p>\u00dchiselt keskendume kvaliteetsete sokkide loomisele, mis n\u00e4evad head v\u00e4lja ja tunduvad veelgi paremad jalas. Selle teekonna jooksul oleme loonud k\u00fcmnetesse tuhandetesse ulatuva kogukonna, kes jagab meie kirge. Inimesed, kes teavad, et kui kannad h\u00e4id sokke, v\u00f5ib see kogu p\u00e4eva paremaks muuta.<\/p>\n<p><a href=\"https:\/\/www.talidesign.eu\/et\/tootekategooria\/brandid\/sock-affairs-et\/\"><img loading=\"lazy\" decoding=\"async\" src=\"https:\/\/www.talidesign.eu\/wp\/wp-content\/uploads\/2024\/08\/sockaffairslogo-1.jpg\" alt=\"\" width=\"500\" height=\"100\" class=\"alignnone size-full wp-image-90001\" \/><\/a><\/p>\n","protected":false},"featured_media":90269,"template":"","meta":[],"product_brand":[],"product_cat":[1026,3266,1121,1140],"product_tag":[1593],"class_list":{"0":"post-90197","1":"product","2":"type-product","3":"status-publish","4":"has-post-thumbnail","6":"product_cat-brandid","7":"product_cat-sock-affairs-et","8":"product_cat-sokid","9":"product_cat-naiste-sokid","10":"product_tag-socks-et","12":"first","13":"outofstock","14":"taxable","15":"shipping-taxable","16":"product-type-variable"},"yoast_head":"<!-- This site is optimized with the Yoast SEO plugin v27.6 - https:\/\/yoast.com\/product\/yoast-seo-wordpress\/ -->\n<title>Sock Affairs The Kiss sokid - TALI Concept Store<\/title>\n<meta name=\"description\" content=\"Sock Affairs The Kiss sokid - Kunstnik: Gustav Klimt. Loodud: 1907\u20131908. M\u00f5\u00f5tmed: 180 x 180 cm. Tehnika: \u00d5li ja kuldleht l\u00f5uendil. Inspireerivad sokid, mis pakuvad sensuaalset naudingut.\" \/>\n<meta name=\"robots\" content=\"index, follow, max-snippet:-1, max-image-preview:large, max-video-preview:-1\" \/>\n<link rel=\"canonical\" href=\"https:\/\/www.talidesign.eu\/et\/pood\/toode\/sock-affairs-the-kiss-sokid\/\" \/>\n<meta property=\"og:locale\" content=\"et_EE\" \/>\n<meta property=\"og:type\" content=\"article\" \/>\n<meta property=\"og:title\" content=\"Sock Affairs The Kiss sokid - TALI Concept Store\" \/>\n<meta property=\"og:description\" content=\"Sock Affairs The Kiss sokid - Kunstnik: Gustav Klimt. Loodud: 1907\u20131908. M\u00f5\u00f5tmed: 180 x 180 cm. Tehnika: \u00d5li ja kuldleht l\u00f5uendil. Inspireerivad sokid, mis pakuvad sensuaalset naudingut.\" \/>\n<meta property=\"og:url\" content=\"https:\/\/www.talidesign.eu\/et\/pood\/toode\/sock-affairs-the-kiss-sokid\/\" \/>\n<meta property=\"og:site_name\" content=\"TALI Concept Store\" \/>\n<meta property=\"article:publisher\" content=\"https:\/\/www.facebook.com\/TaliDisain\/\" \/>\n<meta property=\"article:modified_time\" content=\"2024-12-21T10:37:50+00:00\" \/>\n<meta property=\"og:image\" content=\"https:\/\/www.talidesign.eu\/wp\/wp-content\/uploads\/2024\/08\/the_kiss_socks_001.jpg\" \/>\n\t<meta property=\"og:image:width\" content=\"1200\" \/>\n\t<meta property=\"og:image:height\" content=\"1200\" \/>\n\t<meta property=\"og:image:type\" content=\"image\/jpeg\" \/>\n<meta name=\"twitter:card\" content=\"summary_large_image\" \/>\n<meta name=\"twitter:label1\" content=\"Est. reading time\" \/>\n\t<meta name=\"twitter:data1\" content=\"2 minutes\" \/>\n<script type=\"application\/ld+json\" class=\"yoast-schema-graph\">{\"@context\":\"https:\\\/\\\/schema.org\",\"@graph\":[{\"@type\":\"WebPage\",\"@id\":\"https:\\\/\\\/www.talidesign.eu\\\/et\\\/pood\\\/toode\\\/sock-affairs-the-kiss-sokid\\\/\",\"url\":\"https:\\\/\\\/www.talidesign.eu\\\/et\\\/pood\\\/toode\\\/sock-affairs-the-kiss-sokid\\\/\",\"name\":\"Sock Affairs The Kiss sokid - TALI Concept Store\",\"isPartOf\":{\"@id\":\"https:\\\/\\\/www.talidesign.eu\\\/et\\\/#website\"},\"primaryImageOfPage\":{\"@id\":\"https:\\\/\\\/www.talidesign.eu\\\/et\\\/pood\\\/toode\\\/sock-affairs-the-kiss-sokid\\\/#primaryimage\"},\"image\":{\"@id\":\"https:\\\/\\\/www.talidesign.eu\\\/et\\\/pood\\\/toode\\\/sock-affairs-the-kiss-sokid\\\/#primaryimage\"},\"thumbnailUrl\":\"https:\\\/\\\/www.talidesign.eu\\\/wp\\\/wp-content\\\/uploads\\\/2024\\\/08\\\/the_kiss_socks_001.jpg\",\"datePublished\":\"2024-08-23T15:53:18+00:00\",\"dateModified\":\"2024-12-21T10:37:50+00:00\",\"description\":\"Sock Affairs The Kiss sokid - Kunstnik: Gustav Klimt. Loodud: 1907\u20131908. M\u00f5\u00f5tmed: 180 x 180 cm. Tehnika: \u00d5li ja kuldleht l\u00f5uendil. Inspireerivad sokid, mis pakuvad sensuaalset naudingut.\",\"breadcrumb\":{\"@id\":\"https:\\\/\\\/www.talidesign.eu\\\/et\\\/pood\\\/toode\\\/sock-affairs-the-kiss-sokid\\\/#breadcrumb\"},\"inLanguage\":\"et\",\"potentialAction\":[{\"@type\":\"ReadAction\",\"target\":[\"https:\\\/\\\/www.talidesign.eu\\\/et\\\/pood\\\/toode\\\/sock-affairs-the-kiss-sokid\\\/\"]}]},{\"@type\":\"ImageObject\",\"inLanguage\":\"et\",\"@id\":\"https:\\\/\\\/www.talidesign.eu\\\/et\\\/pood\\\/toode\\\/sock-affairs-the-kiss-sokid\\\/#primaryimage\",\"url\":\"https:\\\/\\\/www.talidesign.eu\\\/wp\\\/wp-content\\\/uploads\\\/2024\\\/08\\\/the_kiss_socks_001.jpg\",\"contentUrl\":\"https:\\\/\\\/www.talidesign.eu\\\/wp\\\/wp-content\\\/uploads\\\/2024\\\/08\\\/the_kiss_socks_001.jpg\",\"width\":1200,\"height\":1200},{\"@type\":\"BreadcrumbList\",\"@id\":\"https:\\\/\\\/www.talidesign.eu\\\/et\\\/pood\\\/toode\\\/sock-affairs-the-kiss-sokid\\\/#breadcrumb\",\"itemListElement\":[{\"@type\":\"ListItem\",\"position\":1,\"name\":\"Avaleht\",\"item\":\"https:\\\/\\\/www.talidesign.eu\\\/et\\\/\"},{\"@type\":\"ListItem\",\"position\":2,\"name\":\"Pood\",\"item\":\"https:\\\/\\\/www.talidesign.eu\\\/et\\\/pood\\\/\"},{\"@type\":\"ListItem\",\"position\":3,\"name\":\"Sock Affairs The Kiss sokid\"}]},{\"@type\":\"WebSite\",\"@id\":\"https:\\\/\\\/www.talidesign.eu\\\/et\\\/#website\",\"url\":\"https:\\\/\\\/www.talidesign.eu\\\/et\\\/\",\"name\":\"TALI Concept Store\",\"description\":\"Suurim Disainipood Eestis\",\"potentialAction\":[{\"@type\":\"SearchAction\",\"target\":{\"@type\":\"EntryPoint\",\"urlTemplate\":\"https:\\\/\\\/www.talidesign.eu\\\/et\\\/?s={search_term_string}\"},\"query-input\":{\"@type\":\"PropertyValueSpecification\",\"valueRequired\":true,\"valueName\":\"search_term_string\"}}],\"inLanguage\":\"et\"}]}<\/script>\n<!-- \/ Yoast SEO plugin. -->","yoast_head_json":{"title":"Sock Affairs The Kiss sokid - TALI Concept Store","description":"Sock Affairs The Kiss sokid - Kunstnik: Gustav Klimt. Loodud: 1907\u20131908. M\u00f5\u00f5tmed: 180 x 180 cm. Tehnika: \u00d5li ja kuldleht l\u00f5uendil. Inspireerivad sokid, mis pakuvad sensuaalset naudingut.","robots":{"index":"index","follow":"follow","max-snippet":"max-snippet:-1","max-image-preview":"max-image-preview:large","max-video-preview":"max-video-preview:-1"},"canonical":"https:\/\/www.talidesign.eu\/et\/pood\/toode\/sock-affairs-the-kiss-sokid\/","og_locale":"et_EE","og_type":"article","og_title":"Sock Affairs The Kiss sokid - TALI Concept Store","og_description":"Sock Affairs The Kiss sokid - Kunstnik: Gustav Klimt. Loodud: 1907\u20131908. M\u00f5\u00f5tmed: 180 x 180 cm. Tehnika: \u00d5li ja kuldleht l\u00f5uendil. Inspireerivad sokid, mis pakuvad sensuaalset naudingut.","og_url":"https:\/\/www.talidesign.eu\/et\/pood\/toode\/sock-affairs-the-kiss-sokid\/","og_site_name":"TALI Concept Store","article_publisher":"https:\/\/www.facebook.com\/TaliDisain\/","article_modified_time":"2024-12-21T10:37:50+00:00","og_image":[{"width":1200,"height":1200,"url":"https:\/\/www.talidesign.eu\/wp\/wp-content\/uploads\/2024\/08\/the_kiss_socks_001.jpg","type":"image\/jpeg"}],"twitter_card":"summary_large_image","twitter_misc":{"Est. reading time":"2 minutes"},"schema":{"@context":"https:\/\/schema.org","@graph":[{"@type":"WebPage","@id":"https:\/\/www.talidesign.eu\/et\/pood\/toode\/sock-affairs-the-kiss-sokid\/","url":"https:\/\/www.talidesign.eu\/et\/pood\/toode\/sock-affairs-the-kiss-sokid\/","name":"Sock Affairs The Kiss sokid - TALI Concept Store","isPartOf":{"@id":"https:\/\/www.talidesign.eu\/et\/#website"},"primaryImageOfPage":{"@id":"https:\/\/www.talidesign.eu\/et\/pood\/toode\/sock-affairs-the-kiss-sokid\/#primaryimage"},"image":{"@id":"https:\/\/www.talidesign.eu\/et\/pood\/toode\/sock-affairs-the-kiss-sokid\/#primaryimage"},"thumbnailUrl":"https:\/\/www.talidesign.eu\/wp\/wp-content\/uploads\/2024\/08\/the_kiss_socks_001.jpg","datePublished":"2024-08-23T15:53:18+00:00","dateModified":"2024-12-21T10:37:50+00:00","description":"Sock Affairs The Kiss sokid - Kunstnik: Gustav Klimt. Loodud: 1907\u20131908. M\u00f5\u00f5tmed: 180 x 180 cm. Tehnika: \u00d5li ja kuldleht l\u00f5uendil. Inspireerivad sokid, mis pakuvad sensuaalset naudingut.","breadcrumb":{"@id":"https:\/\/www.talidesign.eu\/et\/pood\/toode\/sock-affairs-the-kiss-sokid\/#breadcrumb"},"inLanguage":"et","potentialAction":[{"@type":"ReadAction","target":["https:\/\/www.talidesign.eu\/et\/pood\/toode\/sock-affairs-the-kiss-sokid\/"]}]},{"@type":"ImageObject","inLanguage":"et","@id":"https:\/\/www.talidesign.eu\/et\/pood\/toode\/sock-affairs-the-kiss-sokid\/#primaryimage","url":"https:\/\/www.talidesign.eu\/wp\/wp-content\/uploads\/2024\/08\/the_kiss_socks_001.jpg","contentUrl":"https:\/\/www.talidesign.eu\/wp\/wp-content\/uploads\/2024\/08\/the_kiss_socks_001.jpg","width":1200,"height":1200},{"@type":"BreadcrumbList","@id":"https:\/\/www.talidesign.eu\/et\/pood\/toode\/sock-affairs-the-kiss-sokid\/#breadcrumb","itemListElement":[{"@type":"ListItem","position":1,"name":"Avaleht","item":"https:\/\/www.talidesign.eu\/et\/"},{"@type":"ListItem","position":2,"name":"Pood","item":"https:\/\/www.talidesign.eu\/et\/pood\/"},{"@type":"ListItem","position":3,"name":"Sock Affairs The Kiss sokid"}]},{"@type":"WebSite","@id":"https:\/\/www.talidesign.eu\/et\/#website","url":"https:\/\/www.talidesign.eu\/et\/","name":"TALI Concept Store","description":"Suurim Disainipood Eestis","potentialAction":[{"@type":"SearchAction","target":{"@type":"EntryPoint","urlTemplate":"https:\/\/www.talidesign.eu\/et\/?s={search_term_string}"},"query-input":{"@type":"PropertyValueSpecification","valueRequired":true,"valueName":"search_term_string"}}],"inLanguage":"et"}]}},"_links":{"self":[{"href":"https:\/\/www.talidesign.eu\/et\/wp-json\/wp\/v2\/product\/90197","targetHints":{"allow":["GET"]}}],"collection":[{"href":"https:\/\/www.talidesign.eu\/et\/wp-json\/wp\/v2\/product"}],"about":[{"href":"https:\/\/www.talidesign.eu\/et\/wp-json\/wp\/v2\/types\/product"}],"wp:featuredmedia":[{"embeddable":true,"href":"https:\/\/www.talidesign.eu\/et\/wp-json\/wp\/v2\/media\/90269"}],"wp:attachment":[{"href":"https:\/\/www.talidesign.eu\/et\/wp-json\/wp\/v2\/media?parent=90197"}],"wp:term":[{"taxonomy":"product_brand","embeddable":true,"href":"https:\/\/www.talidesign.eu\/et\/wp-json\/wp\/v2\/product_brand?post=90197"},{"taxonomy":"product_cat","embeddable":true,"href":"https:\/\/www.talidesign.eu\/et\/wp-json\/wp\/v2\/product_cat?post=90197"},{"taxonomy":"product_tag","embeddable":true,"href":"https:\/\/www.talidesign.eu\/et\/wp-json\/wp\/v2\/product_tag?post=90197"}],"curies":[{"name":"wp","href":"https:\/\/api.w.org\/{rel}","templated":true}]}}