{"id":90205,"date":"2024-08-23T19:56:45","date_gmt":"2024-08-23T16:56:46","guid":{"rendered":"https:\/\/www.talidesign.eu\/?post_type=product&#038;p=90205"},"modified":"2024-10-21T13:48:38","modified_gmt":"2024-10-21T10:48:38","slug":"sock-affairs-boogie-woogie-sokid","status":"publish","type":"product","link":"https:\/\/www.talidesign.eu\/et\/pood\/toode\/sock-affairs-boogie-woogie-sokid\/","title":{"rendered":"Sock Affairs Boogie-Woogie sokid"},"content":{"rendered":"<p><strong>Boogie-Woogie sokid<\/strong><\/p>\n<p>Kunstnik: Piet Mondrian<\/p>\n<p>Loodud: 1942-43<\/p>\n<p>M\u00f5\u00f5tmed (cm): 127 x 127<\/p>\n<p>Tehnika: \u00d5limaal<\/p>\n<p>Asukoht: New Yorgi Moodsa Kunsti Muuseum<\/p>\n<p>&#8220;Broadway, Boogie-Woogie&#8221; on Mondriani viimane l\u00f5petatud maal. 1940. aastal kolis ta New Yorki, et p\u00f5geneda Teise maailmas\u00f5ja eest Euroopas, ja armus t\u00e4ielikult linna ning boogie-woogie muusikasse. Kuigi suurem osa tema karj\u00e4\u00e4rist keskendus abstraktsele kunstile, on see maal inspireeritud selgetest reaalmaailma n\u00e4idetest: Manhattani t\u00e4navav\u00f5rgustik koos oma ristmike ja kollaste taksodega. Ruudulised jooned n\u00e4ivad p\u00f5rkuvat \u00fcksteise vastu ning need v\u00e4ikesed, vilkuvad v\u00e4rviplokid loovad elava ja pulseeriva r\u00fctmi, mis liigub ristmikult ristmikule nagu liiklus t\u00e4navatel.<\/p>\n<p>Mondriani jaoks esindab see maal tema doktriini meistriteost \u2013 lihtsustades ja abstraheerides iga elemendi oma p\u00f5hiolemuseni, luues kujundite ja v\u00e4rvide esmaselementide kaudu universaalse keele. &#8220;Broadway, Boogie-Woogie&#8221; abil saavutas ta oma eesm\u00e4rgi, destilleerides Broadway energia ja arhitektuuri t\u00e4iesti abstraktseks tunde v\u00e4ljenduseks.<\/p>\n<p>Neoplastitsismi p\u00f5hielemendid on s\u00e4ilinud, kuid neid on ka edasi arendatud, mist\u00f5ttu oleme p\u00fc\u00fcdnud oma loomingus j\u00e4\u00e4da originaalile v\u00f5imalikult truuks.<\/p>\n<p>\u2022 80% kammpuuvill, 17% pol\u00fcamiid, 3% elastaan.<br \/>\n\u2022 Me kasutame \u00f5mblusteta kudumist, et luua sokk ilma \u00f5mblusteta.<br \/>\n\u2022 Pese pahupidi (max 40\u00baC\/100\u00baF). \u00c4ra kuivata trummelkuivatis, triigi, valgenda ega keemiliselt puhasta.<br \/>\n\u2022 <a href=\"\/et\/tootekategooria\/brandid\/sock-affairs-et\/\">Br\u00e4nd Sock Affairs<\/a><\/p>\n<p><strong>Meist<\/strong><\/p>\n<p>Sokiseiklused on n\u00fc\u00fcdseks kestnud viis aastat. 2018. aastal otsustasid kaks meest j\u00e4tta oma mugavad kontorit\u00f6\u00f6d ja j\u00e4rgida suurt ideed: luua l\u00f5busaid sokke t\u00e4iskasvanutele.<\/p>\n<p>Kolm br\u00e4ndi ja miljon paari sokke hiljem oleme kokku pannud meeskonna, kuhu kuuluvad kootud toodete eksperdid, kellest iga\u00fcks vastutab kollektsiooni loomingulise n\u00e4gemuse eest, l\u00e4htudes oma hobidest ja kirgedest.<\/p>\n<p>\u00dchiselt keskendume kvaliteetsete sokkide loomisele, mis n\u00e4evad head v\u00e4lja ja tunduvad veelgi paremad jalas. Selle teekonna jooksul oleme loonud k\u00fcmnetesse tuhandetesse ulatuva kogukonna, kes jagab meie kirge. Inimesed, kes teavad, et kui kannad h\u00e4id sokke, v\u00f5ib see kogu p\u00e4eva paremaks muuta.<\/p>\n<p><a href=\"https:\/\/www.talidesign.eu\/et\/tootekategooria\/brandid\/sock-affairs-et\/\"><img loading=\"lazy\" decoding=\"async\" src=\"https:\/\/www.talidesign.eu\/wp\/wp-content\/uploads\/2024\/08\/sockaffairslogo-1.jpg\" alt=\"\" width=\"500\" height=\"100\" class=\"alignnone size-full wp-image-90001\" \/><\/a><\/p>\n","protected":false},"excerpt":{"rendered":"<p><strong>Boogie-Woogie sokid<\/strong><\/p>\n<p>Kunstnik: Piet Mondrian<\/p>\n<p>Loodud: 1942-43<\/p>\n<p>M\u00f5\u00f5tmed (cm): 127 x 127<\/p>\n<p>Tehnika: \u00d5limaal<\/p>\n<p>Asukoht: New Yorgi Moodsa Kunsti Muuseum<\/p>\n<p>&#8220;Broadway, Boogie-Woogie&#8221; on Mondriani viimane l\u00f5petatud maal. 1940. aastal kolis ta New Yorki, et p\u00f5geneda Teise maailmas\u00f5ja eest Euroopas, ja armus t\u00e4ielikult linna ning boogie-woogie muusikasse. Kuigi suurem osa tema karj\u00e4\u00e4rist keskendus abstraktsele kunstile, on see maal inspireeritud selgetest reaalmaailma n\u00e4idetest: Manhattani t\u00e4navav\u00f5rgustik koos oma ristmike ja kollaste taksodega. Ruudulised jooned n\u00e4ivad p\u00f5rkuvat \u00fcksteise vastu ning need v\u00e4ikesed, vilkuvad v\u00e4rviplokid loovad elava ja pulseeriva r\u00fctmi, mis liigub ristmikult ristmikule nagu liiklus t\u00e4navatel.<\/p>\n<p>Mondriani jaoks esindab see maal tema doktriini meistriteost \u2013 lihtsustades ja abstraheerides iga elemendi oma p\u00f5hiolemuseni, luues kujundite ja v\u00e4rvide esmaselementide kaudu universaalse keele. &#8220;Broadway, Boogie-Woogie&#8221; abil saavutas ta oma eesm\u00e4rgi, destilleerides Broadway energia ja arhitektuuri t\u00e4iesti abstraktseks tunde v\u00e4ljenduseks.<\/p>\n<p>Neoplastitsismi p\u00f5hielemendid on s\u00e4ilinud, kuid neid on ka edasi arendatud, mist\u00f5ttu oleme p\u00fc\u00fcdnud oma loomingus j\u00e4\u00e4da originaalile v\u00f5imalikult truuks.<\/p>\n<p>\u2022 80% kammpuuvill, 17% pol\u00fcamiid, 3% elastaan.<br \/>\n\u2022 Me kasutame \u00f5mblusteta kudumist, et luua sokk ilma \u00f5mblusteta.<br \/>\n\u2022 Pese pahupidi (max 40\u00baC\/100\u00baF). \u00c4ra kuivata trummelkuivatis, triigi, valgenda ega keemiliselt puhasta.<br \/>\n\u2022 <a href=\"\/et\/tootekategooria\/brandid\/sock-affairs-et\/\">Br\u00e4nd Sock Affairs<\/a><\/p>\n<p><strong>Meist<\/strong><\/p>\n<p>Sokiseiklused on n\u00fc\u00fcdseks kestnud viis aastat. 2018. aastal otsustasid kaks meest j\u00e4tta oma mugavad kontorit\u00f6\u00f6d ja j\u00e4rgida suurt ideed: luua l\u00f5busaid sokke t\u00e4iskasvanutele.<\/p>\n<p>Kolm br\u00e4ndi ja miljon paari sokke hiljem oleme kokku pannud meeskonna, kuhu kuuluvad kootud toodete eksperdid, kellest iga\u00fcks vastutab kollektsiooni loomingulise n\u00e4gemuse eest, l\u00e4htudes oma hobidest ja kirgedest.<\/p>\n<p>\u00dchiselt keskendume kvaliteetsete sokkide loomisele, mis n\u00e4evad head v\u00e4lja ja tunduvad veelgi paremad jalas. Selle teekonna jooksul oleme loonud k\u00fcmnetesse tuhandetesse ulatuva kogukonna, kes jagab meie kirge. Inimesed, kes teavad, et kui kannad h\u00e4id sokke, v\u00f5ib see kogu p\u00e4eva paremaks muuta.<\/p>\n<p><a href=\"https:\/\/www.talidesign.eu\/et\/tootekategooria\/brandid\/sock-affairs-et\/\"><img loading=\"lazy\" decoding=\"async\" src=\"https:\/\/www.talidesign.eu\/wp\/wp-content\/uploads\/2024\/08\/sockaffairslogo-1.jpg\" alt=\"\" width=\"500\" height=\"100\" class=\"alignnone size-full wp-image-90001\" \/><\/a><\/p>\n","protected":false},"featured_media":90259,"template":"","meta":[],"product_brand":[],"product_cat":[1026,3266,1121,1140],"product_tag":[1593],"class_list":{"0":"post-90205","1":"product","2":"type-product","3":"status-publish","4":"has-post-thumbnail","6":"product_cat-brandid","7":"product_cat-sock-affairs-et","8":"product_cat-sokid","9":"product_cat-naiste-sokid","10":"product_tag-socks-et","12":"first","13":"outofstock","14":"taxable","15":"shipping-taxable","16":"product-type-variable"},"yoast_head":"<!-- This site is optimized with the Yoast SEO plugin v27.6 - https:\/\/yoast.com\/product\/yoast-seo-wordpress\/ -->\n<title>Sock Affairs Boogie-Woogie sokid - TALI Concept Store<\/title>\n<meta name=\"description\" content=\"Avasta Sock Affairs Boogie-Woogie sokid! Kunstnik Piet Mondriani inspireeritud disain. Suurused 36-40 ja 41-46. Kvaliteetsed ja mugavad sokid. Tutvu l\u00e4hemalt!\" \/>\n<meta name=\"robots\" content=\"index, follow, max-snippet:-1, max-image-preview:large, max-video-preview:-1\" \/>\n<link rel=\"canonical\" href=\"https:\/\/www.talidesign.eu\/et\/pood\/toode\/sock-affairs-boogie-woogie-sokid\/\" \/>\n<meta property=\"og:locale\" content=\"et_EE\" \/>\n<meta property=\"og:type\" content=\"article\" \/>\n<meta property=\"og:title\" content=\"Sock Affairs Boogie-Woogie sokid - TALI Concept Store\" \/>\n<meta property=\"og:description\" content=\"Avasta Sock Affairs Boogie-Woogie sokid! Kunstnik Piet Mondriani inspireeritud disain. Suurused 36-40 ja 41-46. Kvaliteetsed ja mugavad sokid. Tutvu l\u00e4hemalt!\" \/>\n<meta property=\"og:url\" content=\"https:\/\/www.talidesign.eu\/et\/pood\/toode\/sock-affairs-boogie-woogie-sokid\/\" \/>\n<meta property=\"og:site_name\" content=\"TALI Concept Store\" \/>\n<meta property=\"article:publisher\" content=\"https:\/\/www.facebook.com\/TaliDisain\/\" \/>\n<meta property=\"article:modified_time\" content=\"2024-10-21T10:48:38+00:00\" \/>\n<meta property=\"og:image\" content=\"https:\/\/www.talidesign.eu\/wp\/wp-content\/uploads\/2024\/08\/boogie_woogie_socks_001.jpg\" \/>\n\t<meta property=\"og:image:width\" content=\"1200\" \/>\n\t<meta property=\"og:image:height\" content=\"1200\" \/>\n\t<meta property=\"og:image:type\" content=\"image\/jpeg\" \/>\n<meta name=\"twitter:card\" content=\"summary_large_image\" \/>\n<meta name=\"twitter:label1\" content=\"Est. reading time\" \/>\n\t<meta name=\"twitter:data1\" content=\"2 minutes\" \/>\n<script type=\"application\/ld+json\" class=\"yoast-schema-graph\">{\"@context\":\"https:\\\/\\\/schema.org\",\"@graph\":[{\"@type\":\"WebPage\",\"@id\":\"https:\\\/\\\/www.talidesign.eu\\\/et\\\/pood\\\/toode\\\/sock-affairs-boogie-woogie-sokid\\\/\",\"url\":\"https:\\\/\\\/www.talidesign.eu\\\/et\\\/pood\\\/toode\\\/sock-affairs-boogie-woogie-sokid\\\/\",\"name\":\"Sock Affairs Boogie-Woogie sokid - TALI Concept Store\",\"isPartOf\":{\"@id\":\"https:\\\/\\\/www.talidesign.eu\\\/et\\\/#website\"},\"primaryImageOfPage\":{\"@id\":\"https:\\\/\\\/www.talidesign.eu\\\/et\\\/pood\\\/toode\\\/sock-affairs-boogie-woogie-sokid\\\/#primaryimage\"},\"image\":{\"@id\":\"https:\\\/\\\/www.talidesign.eu\\\/et\\\/pood\\\/toode\\\/sock-affairs-boogie-woogie-sokid\\\/#primaryimage\"},\"thumbnailUrl\":\"https:\\\/\\\/www.talidesign.eu\\\/wp\\\/wp-content\\\/uploads\\\/2024\\\/08\\\/boogie_woogie_socks_001.jpg\",\"datePublished\":\"2024-08-23T16:56:46+00:00\",\"dateModified\":\"2024-10-21T10:48:38+00:00\",\"description\":\"Avasta Sock Affairs Boogie-Woogie sokid! Kunstnik Piet Mondriani inspireeritud disain. Suurused 36-40 ja 41-46. Kvaliteetsed ja mugavad sokid. Tutvu l\u00e4hemalt!\",\"breadcrumb\":{\"@id\":\"https:\\\/\\\/www.talidesign.eu\\\/et\\\/pood\\\/toode\\\/sock-affairs-boogie-woogie-sokid\\\/#breadcrumb\"},\"inLanguage\":\"et\",\"potentialAction\":[{\"@type\":\"ReadAction\",\"target\":[\"https:\\\/\\\/www.talidesign.eu\\\/et\\\/pood\\\/toode\\\/sock-affairs-boogie-woogie-sokid\\\/\"]}]},{\"@type\":\"ImageObject\",\"inLanguage\":\"et\",\"@id\":\"https:\\\/\\\/www.talidesign.eu\\\/et\\\/pood\\\/toode\\\/sock-affairs-boogie-woogie-sokid\\\/#primaryimage\",\"url\":\"https:\\\/\\\/www.talidesign.eu\\\/wp\\\/wp-content\\\/uploads\\\/2024\\\/08\\\/boogie_woogie_socks_001.jpg\",\"contentUrl\":\"https:\\\/\\\/www.talidesign.eu\\\/wp\\\/wp-content\\\/uploads\\\/2024\\\/08\\\/boogie_woogie_socks_001.jpg\",\"width\":1200,\"height\":1200},{\"@type\":\"BreadcrumbList\",\"@id\":\"https:\\\/\\\/www.talidesign.eu\\\/et\\\/pood\\\/toode\\\/sock-affairs-boogie-woogie-sokid\\\/#breadcrumb\",\"itemListElement\":[{\"@type\":\"ListItem\",\"position\":1,\"name\":\"Avaleht\",\"item\":\"https:\\\/\\\/www.talidesign.eu\\\/et\\\/\"},{\"@type\":\"ListItem\",\"position\":2,\"name\":\"Pood\",\"item\":\"https:\\\/\\\/www.talidesign.eu\\\/et\\\/pood\\\/\"},{\"@type\":\"ListItem\",\"position\":3,\"name\":\"Sock Affairs Boogie-Woogie sokid\"}]},{\"@type\":\"WebSite\",\"@id\":\"https:\\\/\\\/www.talidesign.eu\\\/et\\\/#website\",\"url\":\"https:\\\/\\\/www.talidesign.eu\\\/et\\\/\",\"name\":\"TALI Concept Store\",\"description\":\"Suurim Disainipood Eestis\",\"potentialAction\":[{\"@type\":\"SearchAction\",\"target\":{\"@type\":\"EntryPoint\",\"urlTemplate\":\"https:\\\/\\\/www.talidesign.eu\\\/et\\\/?s={search_term_string}\"},\"query-input\":{\"@type\":\"PropertyValueSpecification\",\"valueRequired\":true,\"valueName\":\"search_term_string\"}}],\"inLanguage\":\"et\"}]}<\/script>\n<!-- \/ Yoast SEO plugin. -->","yoast_head_json":{"title":"Sock Affairs Boogie-Woogie sokid - TALI Concept Store","description":"Avasta Sock Affairs Boogie-Woogie sokid! Kunstnik Piet Mondriani inspireeritud disain. Suurused 36-40 ja 41-46. Kvaliteetsed ja mugavad sokid. Tutvu l\u00e4hemalt!","robots":{"index":"index","follow":"follow","max-snippet":"max-snippet:-1","max-image-preview":"max-image-preview:large","max-video-preview":"max-video-preview:-1"},"canonical":"https:\/\/www.talidesign.eu\/et\/pood\/toode\/sock-affairs-boogie-woogie-sokid\/","og_locale":"et_EE","og_type":"article","og_title":"Sock Affairs Boogie-Woogie sokid - TALI Concept Store","og_description":"Avasta Sock Affairs Boogie-Woogie sokid! Kunstnik Piet Mondriani inspireeritud disain. Suurused 36-40 ja 41-46. Kvaliteetsed ja mugavad sokid. Tutvu l\u00e4hemalt!","og_url":"https:\/\/www.talidesign.eu\/et\/pood\/toode\/sock-affairs-boogie-woogie-sokid\/","og_site_name":"TALI Concept Store","article_publisher":"https:\/\/www.facebook.com\/TaliDisain\/","article_modified_time":"2024-10-21T10:48:38+00:00","og_image":[{"width":1200,"height":1200,"url":"https:\/\/www.talidesign.eu\/wp\/wp-content\/uploads\/2024\/08\/boogie_woogie_socks_001.jpg","type":"image\/jpeg"}],"twitter_card":"summary_large_image","twitter_misc":{"Est. reading time":"2 minutes"},"schema":{"@context":"https:\/\/schema.org","@graph":[{"@type":"WebPage","@id":"https:\/\/www.talidesign.eu\/et\/pood\/toode\/sock-affairs-boogie-woogie-sokid\/","url":"https:\/\/www.talidesign.eu\/et\/pood\/toode\/sock-affairs-boogie-woogie-sokid\/","name":"Sock Affairs Boogie-Woogie sokid - TALI Concept Store","isPartOf":{"@id":"https:\/\/www.talidesign.eu\/et\/#website"},"primaryImageOfPage":{"@id":"https:\/\/www.talidesign.eu\/et\/pood\/toode\/sock-affairs-boogie-woogie-sokid\/#primaryimage"},"image":{"@id":"https:\/\/www.talidesign.eu\/et\/pood\/toode\/sock-affairs-boogie-woogie-sokid\/#primaryimage"},"thumbnailUrl":"https:\/\/www.talidesign.eu\/wp\/wp-content\/uploads\/2024\/08\/boogie_woogie_socks_001.jpg","datePublished":"2024-08-23T16:56:46+00:00","dateModified":"2024-10-21T10:48:38+00:00","description":"Avasta Sock Affairs Boogie-Woogie sokid! Kunstnik Piet Mondriani inspireeritud disain. Suurused 36-40 ja 41-46. Kvaliteetsed ja mugavad sokid. Tutvu l\u00e4hemalt!","breadcrumb":{"@id":"https:\/\/www.talidesign.eu\/et\/pood\/toode\/sock-affairs-boogie-woogie-sokid\/#breadcrumb"},"inLanguage":"et","potentialAction":[{"@type":"ReadAction","target":["https:\/\/www.talidesign.eu\/et\/pood\/toode\/sock-affairs-boogie-woogie-sokid\/"]}]},{"@type":"ImageObject","inLanguage":"et","@id":"https:\/\/www.talidesign.eu\/et\/pood\/toode\/sock-affairs-boogie-woogie-sokid\/#primaryimage","url":"https:\/\/www.talidesign.eu\/wp\/wp-content\/uploads\/2024\/08\/boogie_woogie_socks_001.jpg","contentUrl":"https:\/\/www.talidesign.eu\/wp\/wp-content\/uploads\/2024\/08\/boogie_woogie_socks_001.jpg","width":1200,"height":1200},{"@type":"BreadcrumbList","@id":"https:\/\/www.talidesign.eu\/et\/pood\/toode\/sock-affairs-boogie-woogie-sokid\/#breadcrumb","itemListElement":[{"@type":"ListItem","position":1,"name":"Avaleht","item":"https:\/\/www.talidesign.eu\/et\/"},{"@type":"ListItem","position":2,"name":"Pood","item":"https:\/\/www.talidesign.eu\/et\/pood\/"},{"@type":"ListItem","position":3,"name":"Sock Affairs Boogie-Woogie sokid"}]},{"@type":"WebSite","@id":"https:\/\/www.talidesign.eu\/et\/#website","url":"https:\/\/www.talidesign.eu\/et\/","name":"TALI Concept Store","description":"Suurim Disainipood Eestis","potentialAction":[{"@type":"SearchAction","target":{"@type":"EntryPoint","urlTemplate":"https:\/\/www.talidesign.eu\/et\/?s={search_term_string}"},"query-input":{"@type":"PropertyValueSpecification","valueRequired":true,"valueName":"search_term_string"}}],"inLanguage":"et"}]}},"_links":{"self":[{"href":"https:\/\/www.talidesign.eu\/et\/wp-json\/wp\/v2\/product\/90205","targetHints":{"allow":["GET"]}}],"collection":[{"href":"https:\/\/www.talidesign.eu\/et\/wp-json\/wp\/v2\/product"}],"about":[{"href":"https:\/\/www.talidesign.eu\/et\/wp-json\/wp\/v2\/types\/product"}],"wp:featuredmedia":[{"embeddable":true,"href":"https:\/\/www.talidesign.eu\/et\/wp-json\/wp\/v2\/media\/90259"}],"wp:attachment":[{"href":"https:\/\/www.talidesign.eu\/et\/wp-json\/wp\/v2\/media?parent=90205"}],"wp:term":[{"taxonomy":"product_brand","embeddable":true,"href":"https:\/\/www.talidesign.eu\/et\/wp-json\/wp\/v2\/product_brand?post=90205"},{"taxonomy":"product_cat","embeddable":true,"href":"https:\/\/www.talidesign.eu\/et\/wp-json\/wp\/v2\/product_cat?post=90205"},{"taxonomy":"product_tag","embeddable":true,"href":"https:\/\/www.talidesign.eu\/et\/wp-json\/wp\/v2\/product_tag?post=90205"}],"curies":[{"name":"wp","href":"https:\/\/api.w.org\/{rel}","templated":true}]}}