{"id":90421,"date":"2024-08-24T01:20:22","date_gmt":"2024-08-23T22:20:24","guid":{"rendered":"https:\/\/www.talidesign.eu\/?post_type=product&#038;p=90421"},"modified":"2025-11-09T14:56:31","modified_gmt":"2025-11-09T12:56:31","slug":"sock-affairs-branko-sokid","status":"publish","type":"product","link":"https:\/\/www.talidesign.eu\/et\/pood\/toode\/sock-affairs-branko-sokid\/","title":{"rendered":"Sock Affairs Branko sokid"},"content":{"rendered":"<p><strong>Branko sokid<\/strong><\/p>\n<p>P\u00e4rast seda, kui Jo\u00e3o Barbosa, tuntud kui Branko, plahvatas 2000ndate alguses Portugali tantsumuusika stseenile koos Buraka Som Sistemaga, andis ta 2015. aastal v\u00e4lja oma esimese sooloprojekti &#8220;Atlas&#8221;. Tuntud oma DJ-settide poolest, mis sisaldavad muusikat maailma neljast nurgast, on Branko t\u00e4na t\u00f5eline maailmakodanik. Lisaks DJ ja muusiku rollile on Branko ka edukas produtsent, olles teinud koost\u00f6\u00f6d selliste artistidega nagu Santigold ja M.I.A. Selle koost\u00f6\u00f6 tulemusel s\u00fcndinud sokid on inspireeritud \u00fche rahvusvaheliselt tuntuma Portugali artisti identiteedist.<\/p>\n<p>See kollektsioon on s\u00fcndinud Sock Affairs\u2019i, Portugali Muusikahariduse Assotsiatsiooni (APEM) ja kutsutud artistide koost\u00f6\u00f6s.<\/p>\n<p>Selle heategevusliku algatuse eesm\u00e4rk on koguda vahendeid APEMi projektile &#8220;Cantar Mais&#8221;, mis toetab laste ja noorte muusikalist arengut ja \u00f5ppimist Portugalis.<\/p>\n<p>\u2022 80% kammpuuvill, 17% pol\u00fcamiid, 3% elastaan.<br \/>\n\u2022 Me kasutame \u00f5mblusteta kudumist, et luua sokk ilma \u00f5mblusteta.<br \/>\n\u2022 Pese pahupidi (max 40\u00baC\/100\u00baF). \u00c4ra kuivata trummelkuivatis, triigi, valgenda ega keemiliselt puhasta.<br \/>\n\u2022 <a href=\"\/et\/tootekategooria\/brandid\/sock-affairs-et\/\">Br\u00e4nd Sock Affairs<\/a><\/p>\n<p><strong>Meist<\/strong><\/p>\n<p>Sokiseiklused on n\u00fc\u00fcdseks kestnud viis aastat. 2018. aastal otsustasid kaks meest j\u00e4tta oma mugavad kontorit\u00f6\u00f6d ja j\u00e4rgida suurt ideed: luua l\u00f5busaid sokke t\u00e4iskasvanutele.<\/p>\n<p>Kolm br\u00e4ndi ja miljon paari sokke hiljem oleme kokku pannud meeskonna, kuhu kuuluvad kootud toodete eksperdid, kellest iga\u00fcks vastutab kollektsiooni loomingulise n\u00e4gemuse eest, l\u00e4htudes oma hobidest ja kirgedest.<\/p>\n<p>\u00dchiselt keskendume kvaliteetsete sokkide loomisele, mis n\u00e4evad head v\u00e4lja ja tunduvad veelgi paremad jalas. Selle teekonna jooksul oleme loonud k\u00fcmnetesse tuhandetesse ulatuva kogukonna, kes jagab meie kirge. Inimesed, kes teavad, et kui kannad h\u00e4id sokke, v\u00f5ib see kogu p\u00e4eva paremaks muuta.<\/p>\n<p><a href=\"https:\/\/www.talidesign.eu\/et\/tootekategooria\/brandid\/sock-affairs-et\/\"><img loading=\"lazy\" decoding=\"async\" src=\"https:\/\/www.talidesign.eu\/wp\/wp-content\/uploads\/2024\/08\/sockaffairslogo-1.jpg\" alt=\"\" width=\"500\" height=\"100\" class=\"alignnone size-full wp-image-90001\" \/><\/a><\/p>\n","protected":false},"excerpt":{"rendered":"<p><strong>Branko sokid<\/strong><\/p>\n<p>P\u00e4rast seda, kui Jo\u00e3o Barbosa, tuntud kui Branko, plahvatas 2000ndate alguses Portugali tantsumuusika stseenile koos Buraka Som Sistemaga, andis ta 2015. aastal v\u00e4lja oma esimese sooloprojekti &#8220;Atlas&#8221;. Tuntud oma DJ-settide poolest, mis sisaldavad muusikat maailma neljast nurgast, on Branko t\u00e4na t\u00f5eline maailmakodanik. Lisaks DJ ja muusiku rollile on Branko ka edukas produtsent, olles teinud koost\u00f6\u00f6d selliste artistidega nagu Santigold ja M.I.A. Selle koost\u00f6\u00f6 tulemusel s\u00fcndinud sokid on inspireeritud \u00fche rahvusvaheliselt tuntuma Portugali artisti identiteedist.<\/p>\n<p>See kollektsioon on s\u00fcndinud Sock Affairs\u2019i, Portugali Muusikahariduse Assotsiatsiooni (APEM) ja kutsutud artistide koost\u00f6\u00f6s.<\/p>\n<p>Selle heategevusliku algatuse eesm\u00e4rk on koguda vahendeid APEMi projektile &#8220;Cantar Mais&#8221;, mis toetab laste ja noorte muusikalist arengut ja \u00f5ppimist Portugalis.<\/p>\n<p>\u2022 80% kammpuuvill, 17% pol\u00fcamiid, 3% elastaan.<br \/>\n\u2022 Me kasutame \u00f5mblusteta kudumist, et luua sokk ilma \u00f5mblusteta.<br \/>\n\u2022 Pese pahupidi (max 40\u00baC\/100\u00baF). \u00c4ra kuivata trummelkuivatis, triigi, valgenda ega keemiliselt puhasta.<br \/>\n\u2022 <a href=\"\/et\/tootekategooria\/brandid\/sock-affairs-et\/\">Br\u00e4nd Sock Affairs<\/a><\/p>\n<p><strong>Meist<\/strong><\/p>\n<p>Sokiseiklused on n\u00fc\u00fcdseks kestnud viis aastat. 2018. aastal otsustasid kaks meest j\u00e4tta oma mugavad kontorit\u00f6\u00f6d ja j\u00e4rgida suurt ideed: luua l\u00f5busaid sokke t\u00e4iskasvanutele.<\/p>\n<p>Kolm br\u00e4ndi ja miljon paari sokke hiljem oleme kokku pannud meeskonna, kuhu kuuluvad kootud toodete eksperdid, kellest iga\u00fcks vastutab kollektsiooni loomingulise n\u00e4gemuse eest, l\u00e4htudes oma hobidest ja kirgedest.<\/p>\n<p>\u00dchiselt keskendume kvaliteetsete sokkide loomisele, mis n\u00e4evad head v\u00e4lja ja tunduvad veelgi paremad jalas. Selle teekonna jooksul oleme loonud k\u00fcmnetesse tuhandetesse ulatuva kogukonna, kes jagab meie kirge. Inimesed, kes teavad, et kui kannad h\u00e4id sokke, v\u00f5ib see kogu p\u00e4eva paremaks muuta.<\/p>\n<p><a href=\"https:\/\/www.talidesign.eu\/et\/tootekategooria\/brandid\/sock-affairs-et\/\"><img loading=\"lazy\" decoding=\"async\" src=\"https:\/\/www.talidesign.eu\/wp\/wp-content\/uploads\/2024\/08\/sockaffairslogo-1.jpg\" alt=\"\" width=\"500\" height=\"100\" class=\"alignnone size-full wp-image-90001\" \/><\/a><\/p>\n","protected":false},"featured_media":90427,"template":"","meta":[],"product_brand":[],"product_cat":[1026,3266,1140,1121],"product_tag":[1593],"class_list":{"0":"post-90421","1":"product","2":"type-product","3":"status-publish","4":"has-post-thumbnail","6":"product_cat-brandid","7":"product_cat-sock-affairs-et","8":"product_cat-naiste-sokid","9":"product_cat-sokid","10":"product_tag-socks-et","12":"first","13":"instock","14":"taxable","15":"shipping-taxable","16":"product-type-variable"},"yoast_head":"<!-- This site is optimized with the Yoast SEO plugin v27.4 - https:\/\/yoast.com\/product\/yoast-seo-wordpress\/ -->\n<title>Sock Affairs Branko sokid - TALI Concept Store<\/title>\n<meta name=\"description\" content=\"Avasta Sock Affairs Branko sokid - inspireeritud tuntud Portugali artisti identiteedist. Toeta heategevust ja muusikalist arengut Portugalis.\" \/>\n<meta name=\"robots\" content=\"index, follow, max-snippet:-1, max-image-preview:large, max-video-preview:-1\" \/>\n<link rel=\"canonical\" href=\"https:\/\/www.talidesign.eu\/et\/pood\/toode\/sock-affairs-branko-sokid\/\" \/>\n<meta property=\"og:locale\" content=\"et_EE\" \/>\n<meta property=\"og:type\" content=\"article\" \/>\n<meta property=\"og:title\" content=\"Sock Affairs Branko sokid - TALI Concept Store\" \/>\n<meta property=\"og:description\" content=\"Avasta Sock Affairs Branko sokid - inspireeritud tuntud Portugali artisti identiteedist. Toeta heategevust ja muusikalist arengut Portugalis.\" \/>\n<meta property=\"og:url\" content=\"https:\/\/www.talidesign.eu\/et\/pood\/toode\/sock-affairs-branko-sokid\/\" \/>\n<meta property=\"og:site_name\" content=\"TALI Concept Store\" \/>\n<meta property=\"article:publisher\" content=\"https:\/\/www.facebook.com\/TaliDisain\/\" \/>\n<meta property=\"article:modified_time\" content=\"2025-11-09T12:56:31+00:00\" \/>\n<meta property=\"og:image\" content=\"https:\/\/www.talidesign.eu\/wp\/wp-content\/uploads\/2024\/08\/branko_socks_001.jpg\" \/>\n\t<meta property=\"og:image:width\" content=\"1200\" \/>\n\t<meta property=\"og:image:height\" content=\"1200\" \/>\n\t<meta property=\"og:image:type\" content=\"image\/jpeg\" \/>\n<meta name=\"twitter:card\" content=\"summary_large_image\" \/>\n<meta name=\"twitter:label1\" content=\"Est. reading time\" \/>\n\t<meta name=\"twitter:data1\" content=\"2 minutes\" \/>\n<script type=\"application\/ld+json\" class=\"yoast-schema-graph\">{\"@context\":\"https:\\\/\\\/schema.org\",\"@graph\":[{\"@type\":\"WebPage\",\"@id\":\"https:\\\/\\\/www.talidesign.eu\\\/et\\\/pood\\\/toode\\\/sock-affairs-branko-sokid\\\/\",\"url\":\"https:\\\/\\\/www.talidesign.eu\\\/et\\\/pood\\\/toode\\\/sock-affairs-branko-sokid\\\/\",\"name\":\"Sock Affairs Branko sokid - TALI Concept Store\",\"isPartOf\":{\"@id\":\"https:\\\/\\\/www.talidesign.eu\\\/et\\\/#website\"},\"primaryImageOfPage\":{\"@id\":\"https:\\\/\\\/www.talidesign.eu\\\/et\\\/pood\\\/toode\\\/sock-affairs-branko-sokid\\\/#primaryimage\"},\"image\":{\"@id\":\"https:\\\/\\\/www.talidesign.eu\\\/et\\\/pood\\\/toode\\\/sock-affairs-branko-sokid\\\/#primaryimage\"},\"thumbnailUrl\":\"https:\\\/\\\/www.talidesign.eu\\\/wp\\\/wp-content\\\/uploads\\\/2024\\\/08\\\/branko_socks_001.jpg\",\"datePublished\":\"2024-08-23T22:20:24+00:00\",\"dateModified\":\"2025-11-09T12:56:31+00:00\",\"description\":\"Avasta Sock Affairs Branko sokid - inspireeritud tuntud Portugali artisti identiteedist. Toeta heategevust ja muusikalist arengut Portugalis.\",\"breadcrumb\":{\"@id\":\"https:\\\/\\\/www.talidesign.eu\\\/et\\\/pood\\\/toode\\\/sock-affairs-branko-sokid\\\/#breadcrumb\"},\"inLanguage\":\"et\",\"potentialAction\":[{\"@type\":\"ReadAction\",\"target\":[\"https:\\\/\\\/www.talidesign.eu\\\/et\\\/pood\\\/toode\\\/sock-affairs-branko-sokid\\\/\"]}]},{\"@type\":\"ImageObject\",\"inLanguage\":\"et\",\"@id\":\"https:\\\/\\\/www.talidesign.eu\\\/et\\\/pood\\\/toode\\\/sock-affairs-branko-sokid\\\/#primaryimage\",\"url\":\"https:\\\/\\\/www.talidesign.eu\\\/wp\\\/wp-content\\\/uploads\\\/2024\\\/08\\\/branko_socks_001.jpg\",\"contentUrl\":\"https:\\\/\\\/www.talidesign.eu\\\/wp\\\/wp-content\\\/uploads\\\/2024\\\/08\\\/branko_socks_001.jpg\",\"width\":1200,\"height\":1200},{\"@type\":\"BreadcrumbList\",\"@id\":\"https:\\\/\\\/www.talidesign.eu\\\/et\\\/pood\\\/toode\\\/sock-affairs-branko-sokid\\\/#breadcrumb\",\"itemListElement\":[{\"@type\":\"ListItem\",\"position\":1,\"name\":\"Avaleht\",\"item\":\"https:\\\/\\\/www.talidesign.eu\\\/et\\\/\"},{\"@type\":\"ListItem\",\"position\":2,\"name\":\"Pood\",\"item\":\"https:\\\/\\\/www.talidesign.eu\\\/et\\\/pood\\\/\"},{\"@type\":\"ListItem\",\"position\":3,\"name\":\"Sock Affairs Branko sokid\"}]},{\"@type\":\"WebSite\",\"@id\":\"https:\\\/\\\/www.talidesign.eu\\\/et\\\/#website\",\"url\":\"https:\\\/\\\/www.talidesign.eu\\\/et\\\/\",\"name\":\"TALI Concept Store\",\"description\":\"Suurim Disainipood Eestis\",\"potentialAction\":[{\"@type\":\"SearchAction\",\"target\":{\"@type\":\"EntryPoint\",\"urlTemplate\":\"https:\\\/\\\/www.talidesign.eu\\\/et\\\/?s={search_term_string}\"},\"query-input\":{\"@type\":\"PropertyValueSpecification\",\"valueRequired\":true,\"valueName\":\"search_term_string\"}}],\"inLanguage\":\"et\"}]}<\/script>\n<!-- \/ Yoast SEO plugin. -->","yoast_head_json":{"title":"Sock Affairs Branko sokid - TALI Concept Store","description":"Avasta Sock Affairs Branko sokid - inspireeritud tuntud Portugali artisti identiteedist. Toeta heategevust ja muusikalist arengut Portugalis.","robots":{"index":"index","follow":"follow","max-snippet":"max-snippet:-1","max-image-preview":"max-image-preview:large","max-video-preview":"max-video-preview:-1"},"canonical":"https:\/\/www.talidesign.eu\/et\/pood\/toode\/sock-affairs-branko-sokid\/","og_locale":"et_EE","og_type":"article","og_title":"Sock Affairs Branko sokid - TALI Concept Store","og_description":"Avasta Sock Affairs Branko sokid - inspireeritud tuntud Portugali artisti identiteedist. Toeta heategevust ja muusikalist arengut Portugalis.","og_url":"https:\/\/www.talidesign.eu\/et\/pood\/toode\/sock-affairs-branko-sokid\/","og_site_name":"TALI Concept Store","article_publisher":"https:\/\/www.facebook.com\/TaliDisain\/","article_modified_time":"2025-11-09T12:56:31+00:00","og_image":[{"width":1200,"height":1200,"url":"https:\/\/www.talidesign.eu\/wp\/wp-content\/uploads\/2024\/08\/branko_socks_001.jpg","type":"image\/jpeg"}],"twitter_card":"summary_large_image","twitter_misc":{"Est. reading time":"2 minutes"},"schema":{"@context":"https:\/\/schema.org","@graph":[{"@type":"WebPage","@id":"https:\/\/www.talidesign.eu\/et\/pood\/toode\/sock-affairs-branko-sokid\/","url":"https:\/\/www.talidesign.eu\/et\/pood\/toode\/sock-affairs-branko-sokid\/","name":"Sock Affairs Branko sokid - TALI Concept Store","isPartOf":{"@id":"https:\/\/www.talidesign.eu\/et\/#website"},"primaryImageOfPage":{"@id":"https:\/\/www.talidesign.eu\/et\/pood\/toode\/sock-affairs-branko-sokid\/#primaryimage"},"image":{"@id":"https:\/\/www.talidesign.eu\/et\/pood\/toode\/sock-affairs-branko-sokid\/#primaryimage"},"thumbnailUrl":"https:\/\/www.talidesign.eu\/wp\/wp-content\/uploads\/2024\/08\/branko_socks_001.jpg","datePublished":"2024-08-23T22:20:24+00:00","dateModified":"2025-11-09T12:56:31+00:00","description":"Avasta Sock Affairs Branko sokid - inspireeritud tuntud Portugali artisti identiteedist. Toeta heategevust ja muusikalist arengut Portugalis.","breadcrumb":{"@id":"https:\/\/www.talidesign.eu\/et\/pood\/toode\/sock-affairs-branko-sokid\/#breadcrumb"},"inLanguage":"et","potentialAction":[{"@type":"ReadAction","target":["https:\/\/www.talidesign.eu\/et\/pood\/toode\/sock-affairs-branko-sokid\/"]}]},{"@type":"ImageObject","inLanguage":"et","@id":"https:\/\/www.talidesign.eu\/et\/pood\/toode\/sock-affairs-branko-sokid\/#primaryimage","url":"https:\/\/www.talidesign.eu\/wp\/wp-content\/uploads\/2024\/08\/branko_socks_001.jpg","contentUrl":"https:\/\/www.talidesign.eu\/wp\/wp-content\/uploads\/2024\/08\/branko_socks_001.jpg","width":1200,"height":1200},{"@type":"BreadcrumbList","@id":"https:\/\/www.talidesign.eu\/et\/pood\/toode\/sock-affairs-branko-sokid\/#breadcrumb","itemListElement":[{"@type":"ListItem","position":1,"name":"Avaleht","item":"https:\/\/www.talidesign.eu\/et\/"},{"@type":"ListItem","position":2,"name":"Pood","item":"https:\/\/www.talidesign.eu\/et\/pood\/"},{"@type":"ListItem","position":3,"name":"Sock Affairs Branko sokid"}]},{"@type":"WebSite","@id":"https:\/\/www.talidesign.eu\/et\/#website","url":"https:\/\/www.talidesign.eu\/et\/","name":"TALI Concept Store","description":"Suurim Disainipood Eestis","potentialAction":[{"@type":"SearchAction","target":{"@type":"EntryPoint","urlTemplate":"https:\/\/www.talidesign.eu\/et\/?s={search_term_string}"},"query-input":{"@type":"PropertyValueSpecification","valueRequired":true,"valueName":"search_term_string"}}],"inLanguage":"et"}]}},"_links":{"self":[{"href":"https:\/\/www.talidesign.eu\/et\/wp-json\/wp\/v2\/product\/90421","targetHints":{"allow":["GET"]}}],"collection":[{"href":"https:\/\/www.talidesign.eu\/et\/wp-json\/wp\/v2\/product"}],"about":[{"href":"https:\/\/www.talidesign.eu\/et\/wp-json\/wp\/v2\/types\/product"}],"wp:featuredmedia":[{"embeddable":true,"href":"https:\/\/www.talidesign.eu\/et\/wp-json\/wp\/v2\/media\/90427"}],"wp:attachment":[{"href":"https:\/\/www.talidesign.eu\/et\/wp-json\/wp\/v2\/media?parent=90421"}],"wp:term":[{"taxonomy":"product_brand","embeddable":true,"href":"https:\/\/www.talidesign.eu\/et\/wp-json\/wp\/v2\/product_brand?post=90421"},{"taxonomy":"product_cat","embeddable":true,"href":"https:\/\/www.talidesign.eu\/et\/wp-json\/wp\/v2\/product_cat?post=90421"},{"taxonomy":"product_tag","embeddable":true,"href":"https:\/\/www.talidesign.eu\/et\/wp-json\/wp\/v2\/product_tag?post=90421"}],"curies":[{"name":"wp","href":"https:\/\/api.w.org\/{rel}","templated":true}]}}