{"id":90985,"date":"2024-09-03T21:33:50","date_gmt":"2024-09-03T18:33:50","guid":{"rendered":"https:\/\/www.talidesign.eu\/?post_type=product&#038;p=90985"},"modified":"2026-03-16T17:26:12","modified_gmt":"2026-03-16T15:26:12","slug":"maison-203-bailong-korvarongad-1-blue","status":"publish","type":"product","link":"https:\/\/www.talidesign.eu\/et\/pood\/toode\/maison-203-bailong-korvarongad-1-blue\/","title":{"rendered":"Maison 203 Bailong k\u00f5rvar\u00f5ngad 1 Blue"},"content":{"rendered":"<p><strong>Bailong k\u00f5rvar\u00f5ngad 1 Blue<\/strong><\/p>\n<p>\u00dclimalt kerged 3D-prinditud k\u00f5rvar\u00f5ngad.<\/p>\n<p>See kollektsioon viib teid r\u00e4nnakule Hiina draakonite maailma.<\/p>\n<p>Traditsiooniliselt on draakonid seotud keisrite ja maagiliste j\u00f5ududega. Draakonit peetakse \u00f5nne ja edu s\u00fcmboliks, heaks ja \u00fcllaks olendiks, keda austatakse peaaegu jumalana.<\/p>\n<p>Bailong on vooruslik Valge Draakon, kes esindab L\u00e4\u00e4nt ja on Hiina m\u00fctoloogias tuntud kui k\u00f5ige puhtam Draakonikuningas. Usutakse, et just tema p\u00f5hjustab lumesaju oma ninas\u00f5\u00f5rmetest v\u00e4ljuva j\u00e4ise hingusega. Kollektsiooni muljetavaldav geomeetria, erinevas suuruses soomuste jada ja viis, kuidas iga detail kehale sobitub ja keerdub, toovad meelde draakoni, kes lendab ja keerleb \u00f5hus, lohistades saba enda j\u00e4rel.<\/p>\n<p>\u2022 Disainer: Matteo Silverio<br \/>\n\u2022 Materjal: Nylon<br \/>\n\u2022 M\u00f5\u00f5tmed: 43 mm<br \/>\n\u2022 Kirurgilisest terasest k\u00f5rvar\u00f5ngatagune, niklivaba<br \/>\n\u2022 Kaal 10 gr<br \/>\n\u2022 <a href=\"\/et\/tootekategooria\/brandid\/maison-203-et\/\">Br\u00e4nd Maison 203<\/a><\/p>\n<p><strong>Meist<\/strong><\/p>\n<p>Br\u00e4nd Maison 203 loodi kuulsa Prosecco veini rohelistes m\u00e4gedes (Valdobbiadene, Treviso, <strong>Itaalia<\/strong>). 2011. aastal kohtus Venezuela p\u00e4ritolu kogenud disainer Orlando Fernandez Flores Foscarinis maailmakodaniku, tarbegraafiku ja suure moehuvilisega Lucia De Contiga &#8211; s\u00fcndis Maison 203.<\/p>\n<p><a href=\"https:\/\/www.talidesign.eu\/wp\/wp-content\/uploads\/2021\/03\/lucia-orlando.jpg\"><img loading=\"lazy\" decoding=\"async\" src=\"https:\/\/www.talidesign.eu\/wp\/wp-content\/uploads\/2021\/03\/lucia-orlando.jpg\" alt=\"\" width=\"854\" height=\"665\" class=\"alignnone size-full wp-image-22914\" srcset=\"https:\/\/www.talidesign.eu\/wp\/wp-content\/uploads\/2021\/03\/lucia-orlando.jpg 854w, https:\/\/www.talidesign.eu\/wp\/wp-content\/uploads\/2021\/03\/lucia-orlando-514x400.jpg 514w, https:\/\/www.talidesign.eu\/wp\/wp-content\/uploads\/2021\/03\/lucia-orlando-768x598.jpg 768w, https:\/\/www.talidesign.eu\/wp\/wp-content\/uploads\/2021\/03\/lucia-orlando-500x389.jpg 500w, https:\/\/www.talidesign.eu\/wp\/wp-content\/uploads\/2021\/03\/lucia-orlando-510x397.jpg 510w\" sizes=\"auto, (max-width: 854px) 100vw, 854px\" \/><\/a><\/p>\n","protected":false},"excerpt":{"rendered":"<p><strong>Bailong k\u00f5rvar\u00f5ngad 1 Blue<\/strong><\/p>\n<p>\u00dclimalt kerged 3D-prinditud k\u00f5rvar\u00f5ngad.<\/p>\n<p>See kollektsioon viib teid r\u00e4nnakule Hiina draakonite maailma.<\/p>\n<p>Traditsiooniliselt on draakonid seotud keisrite ja maagiliste j\u00f5ududega. Draakonit peetakse \u00f5nne ja edu s\u00fcmboliks, heaks ja \u00fcllaks olendiks, keda austatakse peaaegu jumalana.<\/p>\n<p>Bailong on vooruslik Valge Draakon, kes esindab L\u00e4\u00e4nt ja on Hiina m\u00fctoloogias tuntud kui k\u00f5ige puhtam Draakonikuningas. Usutakse, et just tema p\u00f5hjustab lumesaju oma ninas\u00f5\u00f5rmetest v\u00e4ljuva j\u00e4ise hingusega. Kollektsiooni muljetavaldav geomeetria, erinevas suuruses soomuste jada ja viis, kuidas iga detail kehale sobitub ja keerdub, toovad meelde draakoni, kes lendab ja keerleb \u00f5hus, lohistades saba enda j\u00e4rel.<\/p>\n<p>\u2022 Disainer: Matteo Silverio<br \/>\n\u2022 Materjal: Nylon<br \/>\n\u2022 M\u00f5\u00f5tmed: 43 mm<br \/>\n\u2022 Kirurgilisest terasest k\u00f5rvar\u00f5ngatagune, niklivaba<br \/>\n\u2022 Kaal 10 gr<br \/>\n\u2022 <a href=\"\/et\/tootekategooria\/brandid\/maison-203-et\/\">Br\u00e4nd Maison 203<\/a><\/p>\n<p><strong>Meist<\/strong><\/p>\n<p>Br\u00e4nd Maison 203 loodi kuulsa Prosecco veini rohelistes m\u00e4gedes (Valdobbiadene, Treviso, <strong>Itaalia<\/strong>). 2011. aastal kohtus Venezuela p\u00e4ritolu kogenud disainer Orlando Fernandez Flores Foscarinis maailmakodaniku, tarbegraafiku ja suure moehuvilisega Lucia De Contiga &#8211; s\u00fcndis Maison 203.<\/p>\n<p><a href=\"https:\/\/www.talidesign.eu\/wp\/wp-content\/uploads\/2021\/03\/lucia-orlando.jpg\"><img loading=\"lazy\" decoding=\"async\" src=\"https:\/\/www.talidesign.eu\/wp\/wp-content\/uploads\/2021\/03\/lucia-orlando.jpg\" alt=\"\" width=\"854\" height=\"665\" class=\"alignnone size-full wp-image-22914\" srcset=\"https:\/\/www.talidesign.eu\/wp\/wp-content\/uploads\/2021\/03\/lucia-orlando.jpg 854w, https:\/\/www.talidesign.eu\/wp\/wp-content\/uploads\/2021\/03\/lucia-orlando-514x400.jpg 514w, https:\/\/www.talidesign.eu\/wp\/wp-content\/uploads\/2021\/03\/lucia-orlando-768x598.jpg 768w, https:\/\/www.talidesign.eu\/wp\/wp-content\/uploads\/2021\/03\/lucia-orlando-500x389.jpg 500w, https:\/\/www.talidesign.eu\/wp\/wp-content\/uploads\/2021\/03\/lucia-orlando-510x397.jpg 510w\" sizes=\"auto, (max-width: 854px) 100vw, 854px\" \/><\/a><\/p>\n","protected":false},"featured_media":90995,"template":"","meta":[],"product_brand":[],"product_cat":[1026,1146,1063,1159],"product_tag":[1808],"class_list":{"0":"post-90985","1":"product","2":"type-product","3":"status-publish","4":"has-post-thumbnail","6":"product_cat-brandid","7":"product_cat-ehted","8":"product_cat-maison-203-et","9":"product_cat-maison-203-korvarongad","10":"product_tag-maison-203-et","12":"first","13":"instock","14":"taxable","15":"shipping-taxable","16":"purchasable","17":"product-type-simple"},"yoast_head":"<!-- This site is optimized with the Yoast SEO plugin v27.3 - https:\/\/yoast.com\/product\/yoast-seo-wordpress\/ -->\n<title>Maison 203 Bailong k\u00f5rvar\u00f5ngad 1 Blue - TALI Concept Store<\/title>\n<meta name=\"description\" content=\"Avasta Maison 203 Bailong k\u00f5rvar\u00f5ngad 1 Blue - \u00fclimalt kerged 3D-prinditud ehted, mis viivad sind r\u00e4nnakule Hiina draakonite maailma. Br\u00e4nd Maison 203 - Itaalia disaini tipptase.\" \/>\n<meta name=\"robots\" content=\"index, follow, max-snippet:-1, max-image-preview:large, max-video-preview:-1\" \/>\n<link rel=\"canonical\" href=\"https:\/\/www.talidesign.eu\/et\/pood\/toode\/maison-203-bailong-korvarongad-1-blue\/\" \/>\n<meta property=\"og:locale\" content=\"et_EE\" \/>\n<meta property=\"og:type\" content=\"article\" \/>\n<meta property=\"og:title\" content=\"Maison 203 Bailong k\u00f5rvar\u00f5ngad 1 Blue - TALI Concept Store\" \/>\n<meta property=\"og:description\" content=\"Avasta Maison 203 Bailong k\u00f5rvar\u00f5ngad 1 Blue - \u00fclimalt kerged 3D-prinditud ehted, mis viivad sind r\u00e4nnakule Hiina draakonite maailma. Br\u00e4nd Maison 203 - Itaalia disaini tipptase.\" \/>\n<meta property=\"og:url\" content=\"https:\/\/www.talidesign.eu\/et\/pood\/toode\/maison-203-bailong-korvarongad-1-blue\/\" \/>\n<meta property=\"og:site_name\" content=\"TALI Concept Store\" \/>\n<meta property=\"article:publisher\" content=\"https:\/\/www.facebook.com\/TaliDisain\/\" \/>\n<meta property=\"article:modified_time\" content=\"2026-03-16T15:26:12+00:00\" \/>\n<meta property=\"og:image\" content=\"https:\/\/www.talidesign.eu\/wp\/wp-content\/uploads\/2024\/09\/BailongEar1_BLU-Photoroom.jpg\" \/>\n\t<meta property=\"og:image:width\" content=\"1000\" \/>\n\t<meta property=\"og:image:height\" content=\"1000\" \/>\n\t<meta property=\"og:image:type\" content=\"image\/jpeg\" \/>\n<meta name=\"twitter:card\" content=\"summary_large_image\" \/>\n<meta name=\"twitter:label1\" content=\"Est. reading time\" \/>\n\t<meta name=\"twitter:data1\" content=\"2 minutes\" \/>\n<script type=\"application\/ld+json\" class=\"yoast-schema-graph\">{\"@context\":\"https:\\\/\\\/schema.org\",\"@graph\":[{\"@type\":\"WebPage\",\"@id\":\"https:\\\/\\\/www.talidesign.eu\\\/et\\\/pood\\\/toode\\\/maison-203-bailong-korvarongad-1-blue\\\/\",\"url\":\"https:\\\/\\\/www.talidesign.eu\\\/et\\\/pood\\\/toode\\\/maison-203-bailong-korvarongad-1-blue\\\/\",\"name\":\"Maison 203 Bailong k\u00f5rvar\u00f5ngad 1 Blue - TALI Concept Store\",\"isPartOf\":{\"@id\":\"https:\\\/\\\/www.talidesign.eu\\\/et\\\/#website\"},\"primaryImageOfPage\":{\"@id\":\"https:\\\/\\\/www.talidesign.eu\\\/et\\\/pood\\\/toode\\\/maison-203-bailong-korvarongad-1-blue\\\/#primaryimage\"},\"image\":{\"@id\":\"https:\\\/\\\/www.talidesign.eu\\\/et\\\/pood\\\/toode\\\/maison-203-bailong-korvarongad-1-blue\\\/#primaryimage\"},\"thumbnailUrl\":\"https:\\\/\\\/www.talidesign.eu\\\/wp\\\/wp-content\\\/uploads\\\/2024\\\/09\\\/BailongEar1_BLU-Photoroom.jpg\",\"datePublished\":\"2024-09-03T18:33:50+00:00\",\"dateModified\":\"2026-03-16T15:26:12+00:00\",\"description\":\"Avasta Maison 203 Bailong k\u00f5rvar\u00f5ngad 1 Blue - \u00fclimalt kerged 3D-prinditud ehted, mis viivad sind r\u00e4nnakule Hiina draakonite maailma. Br\u00e4nd Maison 203 - Itaalia disaini tipptase.\",\"breadcrumb\":{\"@id\":\"https:\\\/\\\/www.talidesign.eu\\\/et\\\/pood\\\/toode\\\/maison-203-bailong-korvarongad-1-blue\\\/#breadcrumb\"},\"inLanguage\":\"et\",\"potentialAction\":[{\"@type\":\"ReadAction\",\"target\":[\"https:\\\/\\\/www.talidesign.eu\\\/et\\\/pood\\\/toode\\\/maison-203-bailong-korvarongad-1-blue\\\/\"]}]},{\"@type\":\"ImageObject\",\"inLanguage\":\"et\",\"@id\":\"https:\\\/\\\/www.talidesign.eu\\\/et\\\/pood\\\/toode\\\/maison-203-bailong-korvarongad-1-blue\\\/#primaryimage\",\"url\":\"https:\\\/\\\/www.talidesign.eu\\\/wp\\\/wp-content\\\/uploads\\\/2024\\\/09\\\/BailongEar1_BLU-Photoroom.jpg\",\"contentUrl\":\"https:\\\/\\\/www.talidesign.eu\\\/wp\\\/wp-content\\\/uploads\\\/2024\\\/09\\\/BailongEar1_BLU-Photoroom.jpg\",\"width\":1000,\"height\":1000},{\"@type\":\"BreadcrumbList\",\"@id\":\"https:\\\/\\\/www.talidesign.eu\\\/et\\\/pood\\\/toode\\\/maison-203-bailong-korvarongad-1-blue\\\/#breadcrumb\",\"itemListElement\":[{\"@type\":\"ListItem\",\"position\":1,\"name\":\"Avaleht\",\"item\":\"https:\\\/\\\/www.talidesign.eu\\\/et\\\/\"},{\"@type\":\"ListItem\",\"position\":2,\"name\":\"Pood\",\"item\":\"https:\\\/\\\/www.talidesign.eu\\\/et\\\/pood\\\/\"},{\"@type\":\"ListItem\",\"position\":3,\"name\":\"Maison 203 Bailong k\u00f5rvar\u00f5ngad 1 Blue\"}]},{\"@type\":\"WebSite\",\"@id\":\"https:\\\/\\\/www.talidesign.eu\\\/et\\\/#website\",\"url\":\"https:\\\/\\\/www.talidesign.eu\\\/et\\\/\",\"name\":\"TALI Concept Store\",\"description\":\"Suurim Disainipood Eestis\",\"potentialAction\":[{\"@type\":\"SearchAction\",\"target\":{\"@type\":\"EntryPoint\",\"urlTemplate\":\"https:\\\/\\\/www.talidesign.eu\\\/et\\\/?s={search_term_string}\"},\"query-input\":{\"@type\":\"PropertyValueSpecification\",\"valueRequired\":true,\"valueName\":\"search_term_string\"}}],\"inLanguage\":\"et\"}]}<\/script>\n<!-- \/ Yoast SEO plugin. -->","yoast_head_json":{"title":"Maison 203 Bailong k\u00f5rvar\u00f5ngad 1 Blue - TALI Concept Store","description":"Avasta Maison 203 Bailong k\u00f5rvar\u00f5ngad 1 Blue - \u00fclimalt kerged 3D-prinditud ehted, mis viivad sind r\u00e4nnakule Hiina draakonite maailma. Br\u00e4nd Maison 203 - Itaalia disaini tipptase.","robots":{"index":"index","follow":"follow","max-snippet":"max-snippet:-1","max-image-preview":"max-image-preview:large","max-video-preview":"max-video-preview:-1"},"canonical":"https:\/\/www.talidesign.eu\/et\/pood\/toode\/maison-203-bailong-korvarongad-1-blue\/","og_locale":"et_EE","og_type":"article","og_title":"Maison 203 Bailong k\u00f5rvar\u00f5ngad 1 Blue - TALI Concept Store","og_description":"Avasta Maison 203 Bailong k\u00f5rvar\u00f5ngad 1 Blue - \u00fclimalt kerged 3D-prinditud ehted, mis viivad sind r\u00e4nnakule Hiina draakonite maailma. Br\u00e4nd Maison 203 - Itaalia disaini tipptase.","og_url":"https:\/\/www.talidesign.eu\/et\/pood\/toode\/maison-203-bailong-korvarongad-1-blue\/","og_site_name":"TALI Concept Store","article_publisher":"https:\/\/www.facebook.com\/TaliDisain\/","article_modified_time":"2026-03-16T15:26:12+00:00","og_image":[{"width":1000,"height":1000,"url":"https:\/\/www.talidesign.eu\/wp\/wp-content\/uploads\/2024\/09\/BailongEar1_BLU-Photoroom.jpg","type":"image\/jpeg"}],"twitter_card":"summary_large_image","twitter_misc":{"Est. reading time":"2 minutes"},"schema":{"@context":"https:\/\/schema.org","@graph":[{"@type":"WebPage","@id":"https:\/\/www.talidesign.eu\/et\/pood\/toode\/maison-203-bailong-korvarongad-1-blue\/","url":"https:\/\/www.talidesign.eu\/et\/pood\/toode\/maison-203-bailong-korvarongad-1-blue\/","name":"Maison 203 Bailong k\u00f5rvar\u00f5ngad 1 Blue - TALI Concept Store","isPartOf":{"@id":"https:\/\/www.talidesign.eu\/et\/#website"},"primaryImageOfPage":{"@id":"https:\/\/www.talidesign.eu\/et\/pood\/toode\/maison-203-bailong-korvarongad-1-blue\/#primaryimage"},"image":{"@id":"https:\/\/www.talidesign.eu\/et\/pood\/toode\/maison-203-bailong-korvarongad-1-blue\/#primaryimage"},"thumbnailUrl":"https:\/\/www.talidesign.eu\/wp\/wp-content\/uploads\/2024\/09\/BailongEar1_BLU-Photoroom.jpg","datePublished":"2024-09-03T18:33:50+00:00","dateModified":"2026-03-16T15:26:12+00:00","description":"Avasta Maison 203 Bailong k\u00f5rvar\u00f5ngad 1 Blue - \u00fclimalt kerged 3D-prinditud ehted, mis viivad sind r\u00e4nnakule Hiina draakonite maailma. Br\u00e4nd Maison 203 - Itaalia disaini tipptase.","breadcrumb":{"@id":"https:\/\/www.talidesign.eu\/et\/pood\/toode\/maison-203-bailong-korvarongad-1-blue\/#breadcrumb"},"inLanguage":"et","potentialAction":[{"@type":"ReadAction","target":["https:\/\/www.talidesign.eu\/et\/pood\/toode\/maison-203-bailong-korvarongad-1-blue\/"]}]},{"@type":"ImageObject","inLanguage":"et","@id":"https:\/\/www.talidesign.eu\/et\/pood\/toode\/maison-203-bailong-korvarongad-1-blue\/#primaryimage","url":"https:\/\/www.talidesign.eu\/wp\/wp-content\/uploads\/2024\/09\/BailongEar1_BLU-Photoroom.jpg","contentUrl":"https:\/\/www.talidesign.eu\/wp\/wp-content\/uploads\/2024\/09\/BailongEar1_BLU-Photoroom.jpg","width":1000,"height":1000},{"@type":"BreadcrumbList","@id":"https:\/\/www.talidesign.eu\/et\/pood\/toode\/maison-203-bailong-korvarongad-1-blue\/#breadcrumb","itemListElement":[{"@type":"ListItem","position":1,"name":"Avaleht","item":"https:\/\/www.talidesign.eu\/et\/"},{"@type":"ListItem","position":2,"name":"Pood","item":"https:\/\/www.talidesign.eu\/et\/pood\/"},{"@type":"ListItem","position":3,"name":"Maison 203 Bailong k\u00f5rvar\u00f5ngad 1 Blue"}]},{"@type":"WebSite","@id":"https:\/\/www.talidesign.eu\/et\/#website","url":"https:\/\/www.talidesign.eu\/et\/","name":"TALI Concept Store","description":"Suurim Disainipood Eestis","potentialAction":[{"@type":"SearchAction","target":{"@type":"EntryPoint","urlTemplate":"https:\/\/www.talidesign.eu\/et\/?s={search_term_string}"},"query-input":{"@type":"PropertyValueSpecification","valueRequired":true,"valueName":"search_term_string"}}],"inLanguage":"et"}]}},"_links":{"self":[{"href":"https:\/\/www.talidesign.eu\/et\/wp-json\/wp\/v2\/product\/90985","targetHints":{"allow":["GET"]}}],"collection":[{"href":"https:\/\/www.talidesign.eu\/et\/wp-json\/wp\/v2\/product"}],"about":[{"href":"https:\/\/www.talidesign.eu\/et\/wp-json\/wp\/v2\/types\/product"}],"wp:featuredmedia":[{"embeddable":true,"href":"https:\/\/www.talidesign.eu\/et\/wp-json\/wp\/v2\/media\/90995"}],"wp:attachment":[{"href":"https:\/\/www.talidesign.eu\/et\/wp-json\/wp\/v2\/media?parent=90985"}],"wp:term":[{"taxonomy":"product_brand","embeddable":true,"href":"https:\/\/www.talidesign.eu\/et\/wp-json\/wp\/v2\/product_brand?post=90985"},{"taxonomy":"product_cat","embeddable":true,"href":"https:\/\/www.talidesign.eu\/et\/wp-json\/wp\/v2\/product_cat?post=90985"},{"taxonomy":"product_tag","embeddable":true,"href":"https:\/\/www.talidesign.eu\/et\/wp-json\/wp\/v2\/product_tag?post=90985"}],"curies":[{"name":"wp","href":"https:\/\/api.w.org\/{rel}","templated":true}]}}