{"id":91320,"date":"2024-09-06T10:25:07","date_gmt":"2024-09-06T07:25:07","guid":{"rendered":"https:\/\/www.talidesign.eu\/?post_type=product&#038;p=91320"},"modified":"2024-12-09T11:16:14","modified_gmt":"2024-12-09T09:16:14","slug":"hus-bold-multi-2-prillikett","status":"publish","type":"product","link":"https:\/\/www.talidesign.eu\/et\/pood\/toode\/hus-bold-multi-2-prillikett\/","title":{"rendered":"HUS Bold Multi 2 prillikett"},"content":{"rendered":"<p><strong>Bold Multi 2 prillikett<\/strong><\/p>\n<p>Erksate toonide ja geomeetriliste kujunditega prillikett lisab sinu stiilile ainulaadse ja r\u00f5\u00f5msameelse aktsendi. Selle julgelt pilkup\u00fc\u00fcdev disain sobib nii praktiliseks kasutuseks kui ka moekaks aksessuaariks. Kett on kerge, kuid vastupidav, hoides prillid turvaliselt ja kindlalt paigal.<\/p>\n<p>\u2022 Metall<br \/>\n\u2022 Plastik<br \/>\n\u2022 <a href=\"\/et\/tootekategooria\/brandid\/hus-et\/\">Br\u00e4nd HUS<\/a><\/p>\n<p><strong>Meist<\/strong><\/p>\n<p>HUS kollektsioon \u00fchendab Skandinaavia disaini ajatu puhtuse ja urbanistliku eluj\u00f5u.<\/p>\n<p>P\u00fchendudes kvaliteedile, innustame ka sind valima harvem, ent l\u00e4bim\u00f5eldumalt.<\/p>\n<p><a href=\"\/et\/tootekategooria\/brandid\/hus-et\/\"><img loading=\"lazy\" decoding=\"async\" src=\"https:\/\/www.talidesign.eu\/wp\/wp-content\/uploads\/2024\/08\/hus_logo-1.jpg\" alt=\"\" width=\"500\" height=\"100\" class=\"alignnone size-full wp-image-90609\" \/><\/a><\/p>\n","protected":false},"excerpt":{"rendered":"<p><strong>Bold Multi 2 prillikett<\/strong><\/p>\n<p>Erksate toonide ja geomeetriliste kujunditega prillikett lisab sinu stiilile ainulaadse ja r\u00f5\u00f5msameelse aktsendi. Selle julgelt pilkup\u00fc\u00fcdev disain sobib nii praktiliseks kasutuseks kui ka moekaks aksessuaariks. Kett on kerge, kuid vastupidav, hoides prillid turvaliselt ja kindlalt paigal.<\/p>\n<p>\u2022 Metall<br \/>\n\u2022 Plastik<br \/>\n\u2022 <a href=\"\/et\/tootekategooria\/brandid\/hus-et\/\">Br\u00e4nd HUS<\/a><\/p>\n<p><strong>Meist<\/strong><\/p>\n<p>HUS kollektsioon \u00fchendab Skandinaavia disaini ajatu puhtuse ja urbanistliku eluj\u00f5u.<\/p>\n<p>P\u00fchendudes kvaliteedile, innustame ka sind valima harvem, ent l\u00e4bim\u00f5eldumalt.<\/p>\n<p><a href=\"\/et\/tootekategooria\/brandid\/hus-et\/\"><img loading=\"lazy\" decoding=\"async\" src=\"https:\/\/www.talidesign.eu\/wp\/wp-content\/uploads\/2024\/08\/hus_logo-1.jpg\" alt=\"\" width=\"500\" height=\"100\" class=\"alignnone size-full wp-image-90609\" \/><\/a><\/p>\n","protected":false},"featured_media":91322,"template":"","meta":[],"product_brand":[],"product_cat":[1026,3279,3295,3294],"product_tag":[3297],"class_list":{"0":"post-91320","1":"product","2":"type-product","3":"status-publish","4":"has-post-thumbnail","6":"product_cat-brandid","7":"product_cat-hus-et","8":"product_cat-prilliketid","9":"product_cat-prilliketid-mehed","10":"product_tag-eyeglass-chains-et","12":"first","13":"outofstock","14":"taxable","15":"shipping-taxable","16":"purchasable","17":"product-type-simple"},"yoast_head":"<!-- This site is optimized with the Yoast SEO plugin v27.3 - https:\/\/yoast.com\/product\/yoast-seo-wordpress\/ -->\n<title>HUS Bold Multi 2 prillikett - TALI Concept Store<\/title>\n<meta name=\"description\" content=\"Erksate toonide ja geomeetriliste kujunditega prillikett, mis lisab sinu stiilile ainulaadse ja r\u00f5\u00f5msameelse aktsendi. HUS Bold Multi 2 prillikett - kerge, vastupidav ja moekas aksessuaar.\" \/>\n<meta name=\"robots\" content=\"index, follow, max-snippet:-1, max-image-preview:large, max-video-preview:-1\" \/>\n<link rel=\"canonical\" href=\"https:\/\/www.talidesign.eu\/et\/pood\/toode\/hus-bold-multi-2-prillikett\/\" \/>\n<meta property=\"og:locale\" content=\"et_EE\" \/>\n<meta property=\"og:type\" content=\"article\" \/>\n<meta property=\"og:title\" content=\"HUS Bold Multi 2 prillikett - TALI Concept Store\" \/>\n<meta property=\"og:description\" content=\"Erksate toonide ja geomeetriliste kujunditega prillikett, mis lisab sinu stiilile ainulaadse ja r\u00f5\u00f5msameelse aktsendi. HUS Bold Multi 2 prillikett - kerge, vastupidav ja moekas aksessuaar.\" \/>\n<meta property=\"og:url\" content=\"https:\/\/www.talidesign.eu\/et\/pood\/toode\/hus-bold-multi-2-prillikett\/\" \/>\n<meta property=\"og:site_name\" content=\"TALI Concept Store\" \/>\n<meta property=\"article:publisher\" content=\"https:\/\/www.facebook.com\/TaliDisain\/\" \/>\n<meta property=\"article:modified_time\" content=\"2024-12-09T09:16:14+00:00\" \/>\n<meta property=\"og:image\" content=\"https:\/\/www.talidesign.eu\/wp\/wp-content\/uploads\/2024\/09\/Bold-Multi-2_1.jpg\" \/>\n\t<meta property=\"og:image:width\" content=\"2000\" \/>\n\t<meta property=\"og:image:height\" content=\"2000\" \/>\n\t<meta property=\"og:image:type\" content=\"image\/jpeg\" \/>\n<meta name=\"twitter:card\" content=\"summary_large_image\" \/>\n<meta name=\"twitter:label1\" content=\"Est. reading time\" \/>\n\t<meta name=\"twitter:data1\" content=\"1 minute\" \/>\n<script type=\"application\/ld+json\" class=\"yoast-schema-graph\">{\"@context\":\"https:\\\/\\\/schema.org\",\"@graph\":[{\"@type\":\"WebPage\",\"@id\":\"https:\\\/\\\/www.talidesign.eu\\\/et\\\/pood\\\/toode\\\/hus-bold-multi-2-prillikett\\\/\",\"url\":\"https:\\\/\\\/www.talidesign.eu\\\/et\\\/pood\\\/toode\\\/hus-bold-multi-2-prillikett\\\/\",\"name\":\"HUS Bold Multi 2 prillikett - TALI Concept Store\",\"isPartOf\":{\"@id\":\"https:\\\/\\\/www.talidesign.eu\\\/et\\\/#website\"},\"primaryImageOfPage\":{\"@id\":\"https:\\\/\\\/www.talidesign.eu\\\/et\\\/pood\\\/toode\\\/hus-bold-multi-2-prillikett\\\/#primaryimage\"},\"image\":{\"@id\":\"https:\\\/\\\/www.talidesign.eu\\\/et\\\/pood\\\/toode\\\/hus-bold-multi-2-prillikett\\\/#primaryimage\"},\"thumbnailUrl\":\"https:\\\/\\\/www.talidesign.eu\\\/wp\\\/wp-content\\\/uploads\\\/2024\\\/09\\\/Bold-Multi-2_1.jpg\",\"datePublished\":\"2024-09-06T07:25:07+00:00\",\"dateModified\":\"2024-12-09T09:16:14+00:00\",\"description\":\"Erksate toonide ja geomeetriliste kujunditega prillikett, mis lisab sinu stiilile ainulaadse ja r\u00f5\u00f5msameelse aktsendi. HUS Bold Multi 2 prillikett - kerge, vastupidav ja moekas aksessuaar.\",\"breadcrumb\":{\"@id\":\"https:\\\/\\\/www.talidesign.eu\\\/et\\\/pood\\\/toode\\\/hus-bold-multi-2-prillikett\\\/#breadcrumb\"},\"inLanguage\":\"et\",\"potentialAction\":[{\"@type\":\"ReadAction\",\"target\":[\"https:\\\/\\\/www.talidesign.eu\\\/et\\\/pood\\\/toode\\\/hus-bold-multi-2-prillikett\\\/\"]}]},{\"@type\":\"ImageObject\",\"inLanguage\":\"et\",\"@id\":\"https:\\\/\\\/www.talidesign.eu\\\/et\\\/pood\\\/toode\\\/hus-bold-multi-2-prillikett\\\/#primaryimage\",\"url\":\"https:\\\/\\\/www.talidesign.eu\\\/wp\\\/wp-content\\\/uploads\\\/2024\\\/09\\\/Bold-Multi-2_1.jpg\",\"contentUrl\":\"https:\\\/\\\/www.talidesign.eu\\\/wp\\\/wp-content\\\/uploads\\\/2024\\\/09\\\/Bold-Multi-2_1.jpg\",\"width\":2000,\"height\":2000},{\"@type\":\"BreadcrumbList\",\"@id\":\"https:\\\/\\\/www.talidesign.eu\\\/et\\\/pood\\\/toode\\\/hus-bold-multi-2-prillikett\\\/#breadcrumb\",\"itemListElement\":[{\"@type\":\"ListItem\",\"position\":1,\"name\":\"Avaleht\",\"item\":\"https:\\\/\\\/www.talidesign.eu\\\/et\\\/\"},{\"@type\":\"ListItem\",\"position\":2,\"name\":\"Pood\",\"item\":\"https:\\\/\\\/www.talidesign.eu\\\/et\\\/pood\\\/\"},{\"@type\":\"ListItem\",\"position\":3,\"name\":\"HUS Bold Multi 2 prillikett\"}]},{\"@type\":\"WebSite\",\"@id\":\"https:\\\/\\\/www.talidesign.eu\\\/et\\\/#website\",\"url\":\"https:\\\/\\\/www.talidesign.eu\\\/et\\\/\",\"name\":\"TALI Concept Store\",\"description\":\"Suurim Disainipood Eestis\",\"potentialAction\":[{\"@type\":\"SearchAction\",\"target\":{\"@type\":\"EntryPoint\",\"urlTemplate\":\"https:\\\/\\\/www.talidesign.eu\\\/et\\\/?s={search_term_string}\"},\"query-input\":{\"@type\":\"PropertyValueSpecification\",\"valueRequired\":true,\"valueName\":\"search_term_string\"}}],\"inLanguage\":\"et\"}]}<\/script>\n<!-- \/ Yoast SEO plugin. -->","yoast_head_json":{"title":"HUS Bold Multi 2 prillikett - TALI Concept Store","description":"Erksate toonide ja geomeetriliste kujunditega prillikett, mis lisab sinu stiilile ainulaadse ja r\u00f5\u00f5msameelse aktsendi. HUS Bold Multi 2 prillikett - kerge, vastupidav ja moekas aksessuaar.","robots":{"index":"index","follow":"follow","max-snippet":"max-snippet:-1","max-image-preview":"max-image-preview:large","max-video-preview":"max-video-preview:-1"},"canonical":"https:\/\/www.talidesign.eu\/et\/pood\/toode\/hus-bold-multi-2-prillikett\/","og_locale":"et_EE","og_type":"article","og_title":"HUS Bold Multi 2 prillikett - TALI Concept Store","og_description":"Erksate toonide ja geomeetriliste kujunditega prillikett, mis lisab sinu stiilile ainulaadse ja r\u00f5\u00f5msameelse aktsendi. HUS Bold Multi 2 prillikett - kerge, vastupidav ja moekas aksessuaar.","og_url":"https:\/\/www.talidesign.eu\/et\/pood\/toode\/hus-bold-multi-2-prillikett\/","og_site_name":"TALI Concept Store","article_publisher":"https:\/\/www.facebook.com\/TaliDisain\/","article_modified_time":"2024-12-09T09:16:14+00:00","og_image":[{"width":2000,"height":2000,"url":"https:\/\/www.talidesign.eu\/wp\/wp-content\/uploads\/2024\/09\/Bold-Multi-2_1.jpg","type":"image\/jpeg"}],"twitter_card":"summary_large_image","twitter_misc":{"Est. reading time":"1 minute"},"schema":{"@context":"https:\/\/schema.org","@graph":[{"@type":"WebPage","@id":"https:\/\/www.talidesign.eu\/et\/pood\/toode\/hus-bold-multi-2-prillikett\/","url":"https:\/\/www.talidesign.eu\/et\/pood\/toode\/hus-bold-multi-2-prillikett\/","name":"HUS Bold Multi 2 prillikett - TALI Concept Store","isPartOf":{"@id":"https:\/\/www.talidesign.eu\/et\/#website"},"primaryImageOfPage":{"@id":"https:\/\/www.talidesign.eu\/et\/pood\/toode\/hus-bold-multi-2-prillikett\/#primaryimage"},"image":{"@id":"https:\/\/www.talidesign.eu\/et\/pood\/toode\/hus-bold-multi-2-prillikett\/#primaryimage"},"thumbnailUrl":"https:\/\/www.talidesign.eu\/wp\/wp-content\/uploads\/2024\/09\/Bold-Multi-2_1.jpg","datePublished":"2024-09-06T07:25:07+00:00","dateModified":"2024-12-09T09:16:14+00:00","description":"Erksate toonide ja geomeetriliste kujunditega prillikett, mis lisab sinu stiilile ainulaadse ja r\u00f5\u00f5msameelse aktsendi. HUS Bold Multi 2 prillikett - kerge, vastupidav ja moekas aksessuaar.","breadcrumb":{"@id":"https:\/\/www.talidesign.eu\/et\/pood\/toode\/hus-bold-multi-2-prillikett\/#breadcrumb"},"inLanguage":"et","potentialAction":[{"@type":"ReadAction","target":["https:\/\/www.talidesign.eu\/et\/pood\/toode\/hus-bold-multi-2-prillikett\/"]}]},{"@type":"ImageObject","inLanguage":"et","@id":"https:\/\/www.talidesign.eu\/et\/pood\/toode\/hus-bold-multi-2-prillikett\/#primaryimage","url":"https:\/\/www.talidesign.eu\/wp\/wp-content\/uploads\/2024\/09\/Bold-Multi-2_1.jpg","contentUrl":"https:\/\/www.talidesign.eu\/wp\/wp-content\/uploads\/2024\/09\/Bold-Multi-2_1.jpg","width":2000,"height":2000},{"@type":"BreadcrumbList","@id":"https:\/\/www.talidesign.eu\/et\/pood\/toode\/hus-bold-multi-2-prillikett\/#breadcrumb","itemListElement":[{"@type":"ListItem","position":1,"name":"Avaleht","item":"https:\/\/www.talidesign.eu\/et\/"},{"@type":"ListItem","position":2,"name":"Pood","item":"https:\/\/www.talidesign.eu\/et\/pood\/"},{"@type":"ListItem","position":3,"name":"HUS Bold Multi 2 prillikett"}]},{"@type":"WebSite","@id":"https:\/\/www.talidesign.eu\/et\/#website","url":"https:\/\/www.talidesign.eu\/et\/","name":"TALI Concept Store","description":"Suurim Disainipood Eestis","potentialAction":[{"@type":"SearchAction","target":{"@type":"EntryPoint","urlTemplate":"https:\/\/www.talidesign.eu\/et\/?s={search_term_string}"},"query-input":{"@type":"PropertyValueSpecification","valueRequired":true,"valueName":"search_term_string"}}],"inLanguage":"et"}]}},"_links":{"self":[{"href":"https:\/\/www.talidesign.eu\/et\/wp-json\/wp\/v2\/product\/91320","targetHints":{"allow":["GET"]}}],"collection":[{"href":"https:\/\/www.talidesign.eu\/et\/wp-json\/wp\/v2\/product"}],"about":[{"href":"https:\/\/www.talidesign.eu\/et\/wp-json\/wp\/v2\/types\/product"}],"wp:featuredmedia":[{"embeddable":true,"href":"https:\/\/www.talidesign.eu\/et\/wp-json\/wp\/v2\/media\/91322"}],"wp:attachment":[{"href":"https:\/\/www.talidesign.eu\/et\/wp-json\/wp\/v2\/media?parent=91320"}],"wp:term":[{"taxonomy":"product_brand","embeddable":true,"href":"https:\/\/www.talidesign.eu\/et\/wp-json\/wp\/v2\/product_brand?post=91320"},{"taxonomy":"product_cat","embeddable":true,"href":"https:\/\/www.talidesign.eu\/et\/wp-json\/wp\/v2\/product_cat?post=91320"},{"taxonomy":"product_tag","embeddable":true,"href":"https:\/\/www.talidesign.eu\/et\/wp-json\/wp\/v2\/product_tag?post=91320"}],"curies":[{"name":"wp","href":"https:\/\/api.w.org\/{rel}","templated":true}]}}