{"id":91339,"date":"2024-09-06T10:56:37","date_gmt":"2024-09-06T07:56:37","guid":{"rendered":"https:\/\/www.talidesign.eu\/?post_type=product&#038;p=91339"},"modified":"2025-05-24T15:36:44","modified_gmt":"2025-05-24T12:36:44","slug":"hus-multi-prillikett","status":"publish","type":"product","link":"https:\/\/www.talidesign.eu\/et\/pood\/toode\/hus-multi-prillikett\/","title":{"rendered":"HUS Multi prillikett"},"content":{"rendered":"<p><strong>Multi prillikett<\/strong><\/p>\n<p>See v\u00e4rviline helmestega prillikett \u00fchendab m\u00e4ngulise v\u00f5lu ja minimalistliku disaini. \u00d5rnade loodusl\u00e4hedastes toonides helmestega loodud aksessuaar on nii stiilne kui ka praktiline. Kerge ja funktsionaalne, hoiab see kett prillid turvaliselt paigal, lisades samal ajal igap\u00e4evasele v\u00e4limusele v\u00e4rvilise aktsendi.<\/p>\n<p>\u2022 Metall<br \/>\n\u2022 Plastik<br \/>\n\u2022 <a href=\"\/et\/tootekategooria\/brandid\/hus-et\/\">Br\u00e4nd HUS<\/a><\/p>\n<p><strong>Meist<\/strong><\/p>\n<p>HUS kollektsioon \u00fchendab Skandinaavia disaini ajatu puhtuse ja urbanistliku eluj\u00f5u.<\/p>\n<p>P\u00fchendudes kvaliteedile, innustame ka sind valima harvem, ent l\u00e4bim\u00f5eldumalt.<\/p>\n<p><a href=\"\/et\/tootekategooria\/brandid\/hus-et\/\"><img loading=\"lazy\" decoding=\"async\" src=\"https:\/\/www.talidesign.eu\/wp\/wp-content\/uploads\/2024\/08\/hus_logo-1.jpg\" alt=\"\" width=\"500\" height=\"100\" class=\"alignnone size-full wp-image-90609\" \/><\/a><\/p>\n","protected":false},"excerpt":{"rendered":"<p><strong>Multi prillikett<\/strong><\/p>\n<p>See v\u00e4rviline helmestega prillikett \u00fchendab m\u00e4ngulise v\u00f5lu ja minimalistliku disaini. \u00d5rnade loodusl\u00e4hedastes toonides helmestega loodud aksessuaar on nii stiilne kui ka praktiline. Kerge ja funktsionaalne, hoiab see kett prillid turvaliselt paigal, lisades samal ajal igap\u00e4evasele v\u00e4limusele v\u00e4rvilise aktsendi.<\/p>\n<p>\u2022 Metall<br \/>\n\u2022 Plastik<br \/>\n\u2022 <a href=\"\/et\/tootekategooria\/brandid\/hus-et\/\">Br\u00e4nd HUS<\/a><\/p>\n<p><strong>Meist<\/strong><\/p>\n<p>HUS kollektsioon \u00fchendab Skandinaavia disaini ajatu puhtuse ja urbanistliku eluj\u00f5u.<\/p>\n<p>P\u00fchendudes kvaliteedile, innustame ka sind valima harvem, ent l\u00e4bim\u00f5eldumalt.<\/p>\n<p><a href=\"\/et\/tootekategooria\/brandid\/hus-et\/\"><img loading=\"lazy\" decoding=\"async\" src=\"https:\/\/www.talidesign.eu\/wp\/wp-content\/uploads\/2024\/08\/hus_logo-1.jpg\" alt=\"\" width=\"500\" height=\"100\" class=\"alignnone size-full wp-image-90609\" \/><\/a><\/p>\n","protected":false},"featured_media":91341,"template":"","meta":[],"product_brand":[],"product_cat":[1026,3279,3295,3294],"product_tag":[3297],"class_list":{"0":"post-91339","1":"product","2":"type-product","3":"status-publish","4":"has-post-thumbnail","6":"product_cat-brandid","7":"product_cat-hus-et","8":"product_cat-prilliketid","9":"product_cat-prilliketid-mehed","10":"product_tag-eyeglass-chains-et","12":"first","13":"outofstock","14":"taxable","15":"shipping-taxable","16":"purchasable","17":"product-type-simple"},"yoast_head":"<!-- This site is optimized with the Yoast SEO plugin v27.3 - https:\/\/yoast.com\/product\/yoast-seo-wordpress\/ -->\n<title>HUS Multi prillikett - TALI Concept Store<\/title>\n<meta name=\"description\" content=\"Avasta HUS Multi prillikett - m\u00e4nguline ja minimalistlik aksessuaar, mis lisab v\u00e4rvilise aktsendi igap\u00e4evasele v\u00e4limusele.\" \/>\n<meta name=\"robots\" content=\"index, follow, max-snippet:-1, max-image-preview:large, max-video-preview:-1\" \/>\n<link rel=\"canonical\" href=\"https:\/\/www.talidesign.eu\/et\/pood\/toode\/hus-multi-prillikett\/\" \/>\n<meta property=\"og:locale\" content=\"et_EE\" \/>\n<meta property=\"og:type\" content=\"article\" \/>\n<meta property=\"og:title\" content=\"HUS Multi prillikett - TALI Concept Store\" \/>\n<meta property=\"og:description\" content=\"Avasta HUS Multi prillikett - m\u00e4nguline ja minimalistlik aksessuaar, mis lisab v\u00e4rvilise aktsendi igap\u00e4evasele v\u00e4limusele.\" \/>\n<meta property=\"og:url\" content=\"https:\/\/www.talidesign.eu\/et\/pood\/toode\/hus-multi-prillikett\/\" \/>\n<meta property=\"og:site_name\" content=\"TALI Concept Store\" \/>\n<meta property=\"article:publisher\" content=\"https:\/\/www.facebook.com\/TaliDisain\/\" \/>\n<meta property=\"article:modified_time\" content=\"2025-05-24T12:36:44+00:00\" \/>\n<meta property=\"og:image\" content=\"https:\/\/www.talidesign.eu\/wp\/wp-content\/uploads\/2024\/09\/Chain-Multi1.jpg\" \/>\n\t<meta property=\"og:image:width\" content=\"2000\" \/>\n\t<meta property=\"og:image:height\" content=\"2000\" \/>\n\t<meta property=\"og:image:type\" content=\"image\/jpeg\" \/>\n<meta name=\"twitter:card\" content=\"summary_large_image\" \/>\n<meta name=\"twitter:label1\" content=\"Est. reading time\" \/>\n\t<meta name=\"twitter:data1\" content=\"1 minute\" \/>\n<script type=\"application\/ld+json\" class=\"yoast-schema-graph\">{\"@context\":\"https:\\\/\\\/schema.org\",\"@graph\":[{\"@type\":\"WebPage\",\"@id\":\"https:\\\/\\\/www.talidesign.eu\\\/et\\\/pood\\\/toode\\\/hus-multi-prillikett\\\/\",\"url\":\"https:\\\/\\\/www.talidesign.eu\\\/et\\\/pood\\\/toode\\\/hus-multi-prillikett\\\/\",\"name\":\"HUS Multi prillikett - TALI Concept Store\",\"isPartOf\":{\"@id\":\"https:\\\/\\\/www.talidesign.eu\\\/et\\\/#website\"},\"primaryImageOfPage\":{\"@id\":\"https:\\\/\\\/www.talidesign.eu\\\/et\\\/pood\\\/toode\\\/hus-multi-prillikett\\\/#primaryimage\"},\"image\":{\"@id\":\"https:\\\/\\\/www.talidesign.eu\\\/et\\\/pood\\\/toode\\\/hus-multi-prillikett\\\/#primaryimage\"},\"thumbnailUrl\":\"https:\\\/\\\/www.talidesign.eu\\\/wp\\\/wp-content\\\/uploads\\\/2024\\\/09\\\/Chain-Multi1.jpg\",\"datePublished\":\"2024-09-06T07:56:37+00:00\",\"dateModified\":\"2025-05-24T12:36:44+00:00\",\"description\":\"Avasta HUS Multi prillikett - m\u00e4nguline ja minimalistlik aksessuaar, mis lisab v\u00e4rvilise aktsendi igap\u00e4evasele v\u00e4limusele.\",\"breadcrumb\":{\"@id\":\"https:\\\/\\\/www.talidesign.eu\\\/et\\\/pood\\\/toode\\\/hus-multi-prillikett\\\/#breadcrumb\"},\"inLanguage\":\"et\",\"potentialAction\":[{\"@type\":\"ReadAction\",\"target\":[\"https:\\\/\\\/www.talidesign.eu\\\/et\\\/pood\\\/toode\\\/hus-multi-prillikett\\\/\"]}]},{\"@type\":\"ImageObject\",\"inLanguage\":\"et\",\"@id\":\"https:\\\/\\\/www.talidesign.eu\\\/et\\\/pood\\\/toode\\\/hus-multi-prillikett\\\/#primaryimage\",\"url\":\"https:\\\/\\\/www.talidesign.eu\\\/wp\\\/wp-content\\\/uploads\\\/2024\\\/09\\\/Chain-Multi1.jpg\",\"contentUrl\":\"https:\\\/\\\/www.talidesign.eu\\\/wp\\\/wp-content\\\/uploads\\\/2024\\\/09\\\/Chain-Multi1.jpg\",\"width\":2000,\"height\":2000},{\"@type\":\"BreadcrumbList\",\"@id\":\"https:\\\/\\\/www.talidesign.eu\\\/et\\\/pood\\\/toode\\\/hus-multi-prillikett\\\/#breadcrumb\",\"itemListElement\":[{\"@type\":\"ListItem\",\"position\":1,\"name\":\"Avaleht\",\"item\":\"https:\\\/\\\/www.talidesign.eu\\\/et\\\/\"},{\"@type\":\"ListItem\",\"position\":2,\"name\":\"Pood\",\"item\":\"https:\\\/\\\/www.talidesign.eu\\\/et\\\/pood\\\/\"},{\"@type\":\"ListItem\",\"position\":3,\"name\":\"HUS Multi prillikett\"}]},{\"@type\":\"WebSite\",\"@id\":\"https:\\\/\\\/www.talidesign.eu\\\/et\\\/#website\",\"url\":\"https:\\\/\\\/www.talidesign.eu\\\/et\\\/\",\"name\":\"TALI Concept Store\",\"description\":\"Suurim Disainipood Eestis\",\"potentialAction\":[{\"@type\":\"SearchAction\",\"target\":{\"@type\":\"EntryPoint\",\"urlTemplate\":\"https:\\\/\\\/www.talidesign.eu\\\/et\\\/?s={search_term_string}\"},\"query-input\":{\"@type\":\"PropertyValueSpecification\",\"valueRequired\":true,\"valueName\":\"search_term_string\"}}],\"inLanguage\":\"et\"}]}<\/script>\n<!-- \/ Yoast SEO plugin. -->","yoast_head_json":{"title":"HUS Multi prillikett - TALI Concept Store","description":"Avasta HUS Multi prillikett - m\u00e4nguline ja minimalistlik aksessuaar, mis lisab v\u00e4rvilise aktsendi igap\u00e4evasele v\u00e4limusele.","robots":{"index":"index","follow":"follow","max-snippet":"max-snippet:-1","max-image-preview":"max-image-preview:large","max-video-preview":"max-video-preview:-1"},"canonical":"https:\/\/www.talidesign.eu\/et\/pood\/toode\/hus-multi-prillikett\/","og_locale":"et_EE","og_type":"article","og_title":"HUS Multi prillikett - TALI Concept Store","og_description":"Avasta HUS Multi prillikett - m\u00e4nguline ja minimalistlik aksessuaar, mis lisab v\u00e4rvilise aktsendi igap\u00e4evasele v\u00e4limusele.","og_url":"https:\/\/www.talidesign.eu\/et\/pood\/toode\/hus-multi-prillikett\/","og_site_name":"TALI Concept Store","article_publisher":"https:\/\/www.facebook.com\/TaliDisain\/","article_modified_time":"2025-05-24T12:36:44+00:00","og_image":[{"width":2000,"height":2000,"url":"https:\/\/www.talidesign.eu\/wp\/wp-content\/uploads\/2024\/09\/Chain-Multi1.jpg","type":"image\/jpeg"}],"twitter_card":"summary_large_image","twitter_misc":{"Est. reading time":"1 minute"},"schema":{"@context":"https:\/\/schema.org","@graph":[{"@type":"WebPage","@id":"https:\/\/www.talidesign.eu\/et\/pood\/toode\/hus-multi-prillikett\/","url":"https:\/\/www.talidesign.eu\/et\/pood\/toode\/hus-multi-prillikett\/","name":"HUS Multi prillikett - TALI Concept Store","isPartOf":{"@id":"https:\/\/www.talidesign.eu\/et\/#website"},"primaryImageOfPage":{"@id":"https:\/\/www.talidesign.eu\/et\/pood\/toode\/hus-multi-prillikett\/#primaryimage"},"image":{"@id":"https:\/\/www.talidesign.eu\/et\/pood\/toode\/hus-multi-prillikett\/#primaryimage"},"thumbnailUrl":"https:\/\/www.talidesign.eu\/wp\/wp-content\/uploads\/2024\/09\/Chain-Multi1.jpg","datePublished":"2024-09-06T07:56:37+00:00","dateModified":"2025-05-24T12:36:44+00:00","description":"Avasta HUS Multi prillikett - m\u00e4nguline ja minimalistlik aksessuaar, mis lisab v\u00e4rvilise aktsendi igap\u00e4evasele v\u00e4limusele.","breadcrumb":{"@id":"https:\/\/www.talidesign.eu\/et\/pood\/toode\/hus-multi-prillikett\/#breadcrumb"},"inLanguage":"et","potentialAction":[{"@type":"ReadAction","target":["https:\/\/www.talidesign.eu\/et\/pood\/toode\/hus-multi-prillikett\/"]}]},{"@type":"ImageObject","inLanguage":"et","@id":"https:\/\/www.talidesign.eu\/et\/pood\/toode\/hus-multi-prillikett\/#primaryimage","url":"https:\/\/www.talidesign.eu\/wp\/wp-content\/uploads\/2024\/09\/Chain-Multi1.jpg","contentUrl":"https:\/\/www.talidesign.eu\/wp\/wp-content\/uploads\/2024\/09\/Chain-Multi1.jpg","width":2000,"height":2000},{"@type":"BreadcrumbList","@id":"https:\/\/www.talidesign.eu\/et\/pood\/toode\/hus-multi-prillikett\/#breadcrumb","itemListElement":[{"@type":"ListItem","position":1,"name":"Avaleht","item":"https:\/\/www.talidesign.eu\/et\/"},{"@type":"ListItem","position":2,"name":"Pood","item":"https:\/\/www.talidesign.eu\/et\/pood\/"},{"@type":"ListItem","position":3,"name":"HUS Multi prillikett"}]},{"@type":"WebSite","@id":"https:\/\/www.talidesign.eu\/et\/#website","url":"https:\/\/www.talidesign.eu\/et\/","name":"TALI Concept Store","description":"Suurim Disainipood Eestis","potentialAction":[{"@type":"SearchAction","target":{"@type":"EntryPoint","urlTemplate":"https:\/\/www.talidesign.eu\/et\/?s={search_term_string}"},"query-input":{"@type":"PropertyValueSpecification","valueRequired":true,"valueName":"search_term_string"}}],"inLanguage":"et"}]}},"_links":{"self":[{"href":"https:\/\/www.talidesign.eu\/et\/wp-json\/wp\/v2\/product\/91339","targetHints":{"allow":["GET"]}}],"collection":[{"href":"https:\/\/www.talidesign.eu\/et\/wp-json\/wp\/v2\/product"}],"about":[{"href":"https:\/\/www.talidesign.eu\/et\/wp-json\/wp\/v2\/types\/product"}],"wp:featuredmedia":[{"embeddable":true,"href":"https:\/\/www.talidesign.eu\/et\/wp-json\/wp\/v2\/media\/91341"}],"wp:attachment":[{"href":"https:\/\/www.talidesign.eu\/et\/wp-json\/wp\/v2\/media?parent=91339"}],"wp:term":[{"taxonomy":"product_brand","embeddable":true,"href":"https:\/\/www.talidesign.eu\/et\/wp-json\/wp\/v2\/product_brand?post=91339"},{"taxonomy":"product_cat","embeddable":true,"href":"https:\/\/www.talidesign.eu\/et\/wp-json\/wp\/v2\/product_cat?post=91339"},{"taxonomy":"product_tag","embeddable":true,"href":"https:\/\/www.talidesign.eu\/et\/wp-json\/wp\/v2\/product_tag?post=91339"}],"curies":[{"name":"wp","href":"https:\/\/api.w.org\/{rel}","templated":true}]}}