{"id":91975,"date":"2024-09-22T13:00:59","date_gmt":"2024-09-22T10:00:59","guid":{"rendered":"https:\/\/www.talidesign.eu\/?post_type=product&#038;p=91975"},"modified":"2026-02-11T13:47:11","modified_gmt":"2026-02-11T11:47:11","slug":"blueq-im-a-planner-i-plan-things-sokid","status":"publish","type":"product","link":"https:\/\/www.talidesign.eu\/et\/pood\/toode\/blueq-im-a-planner-i-plan-things-sokid\/","title":{"rendered":"BlueQ I&#8217;m A Planner. I Plan Things sokid"},"content":{"rendered":"<p><strong>I&#8217;m A Planner. I Plan Things sokid<\/strong><\/p>\n<p>Mis muud \u00f6elda \u2013 mulle meeldivad ruudulised lehed, bullet journal&#8217;id ja sirgete triipudega sokid, mis sobivad ideaalselt minu n\u00e4dalap\u00e4evade outfiti korraldaja&#8230; ups, kappi.<\/p>\n<p>\u2022 50% kammitud puuvill, 47% nailon ja 3% elastaan.<br \/>\n\u2022 Onesize<br \/>\n\u2022 <a href=\"\/et\/tootekategooria\/brandid\/blueq-et\/\">Br\u00e4nd BlueQ<\/a><\/p>\n<p>Sokid on kootud pehmest kammitud puuvillast, tugevdatud nailoniga ja sisaldavad veidi elastaani, et need p\u00fcsiksid mugavad ja vastupidavad.<\/p>\n<p><strong>Meist<\/strong><\/p>\n<p>Blue Q on ainulaadne ja v\u00e4rvikas br\u00e4nd, mis pakub l\u00f5busaid ja humoorikaid sokke, mis lisavad igap\u00e4evaellu isikup\u00e4ra. Igal sokipaaril on silmapaistvad disainid, vaimukad s\u00f5numid ja k\u00f5rge kvaliteediga materjalid, mis muudavad need sama mugavaks kui l\u00f5busaks. Blue Q sokid on ideaalne valik neile, kes soovivad end v\u00e4ljendada ja oma garderoobile veidi s\u00e4rtsu lisada, olgu see kingitus s\u00f5brale v\u00f5i r\u00f5\u00f5m iseendale.<\/p>\n<p>Lisaks l\u00e4heb osa m\u00fc\u00fcgitulust heategevusse, nii et Blue Q sokkide kandmine teeb head mitmel moel.<\/p>\n<p><a href=\"\/et\/tootekategooria\/brandid\/blueq-et\/\"><img loading=\"lazy\" decoding=\"async\" src=\"https:\/\/www.talidesign.eu\/wp\/wp-content\/uploads\/2024\/08\/blueqlogo.jpg\" alt=\"\" width=\"500\" height=\"100\" class=\"alignnone size-full wp-image-90609\" \/><\/a><\/p>\n","protected":false},"excerpt":{"rendered":"<p><strong>I&#8217;m A Planner. I Plan Things sokid<\/strong><\/p>\n<p>Mis muud \u00f6elda \u2013 mulle meeldivad ruudulised lehed, bullet journal&#8217;id ja sirgete triipudega sokid, mis sobivad ideaalselt minu n\u00e4dalap\u00e4evade outfiti korraldaja&#8230; ups, kappi.<\/p>\n<p>\u2022 50% kammitud puuvill, 47% nailon ja 3% elastaan.<br \/>\n\u2022 Onesize<br \/>\n\u2022 <a href=\"\/et\/tootekategooria\/brandid\/blueq-et\/\">Br\u00e4nd BlueQ<\/a><\/p>\n<p>Sokid on kootud pehmest kammitud puuvillast, tugevdatud nailoniga ja sisaldavad veidi elastaani, et need p\u00fcsiksid mugavad ja vastupidavad.<\/p>\n<p><strong>Meist<\/strong><\/p>\n<p>Blue Q on ainulaadne ja v\u00e4rvikas br\u00e4nd, mis pakub l\u00f5busaid ja humoorikaid sokke, mis lisavad igap\u00e4evaellu isikup\u00e4ra. Igal sokipaaril on silmapaistvad disainid, vaimukad s\u00f5numid ja k\u00f5rge kvaliteediga materjalid, mis muudavad need sama mugavaks kui l\u00f5busaks. Blue Q sokid on ideaalne valik neile, kes soovivad end v\u00e4ljendada ja oma garderoobile veidi s\u00e4rtsu lisada, olgu see kingitus s\u00f5brale v\u00f5i r\u00f5\u00f5m iseendale.<\/p>\n<p>Lisaks l\u00e4heb osa m\u00fc\u00fcgitulust heategevusse, nii et Blue Q sokkide kandmine teeb head mitmel moel.<\/p>\n<p><a href=\"\/et\/tootekategooria\/brandid\/blueq-et\/\"><img loading=\"lazy\" decoding=\"async\" src=\"https:\/\/www.talidesign.eu\/wp\/wp-content\/uploads\/2024\/08\/blueqlogo.jpg\" alt=\"\" width=\"500\" height=\"100\" class=\"alignnone size-full wp-image-90609\" \/><\/a><\/p>\n","protected":false},"featured_media":91977,"template":"","meta":[],"product_brand":[],"product_cat":[3270,1026,1140],"product_tag":[1593],"class_list":{"0":"post-91975","1":"product","2":"type-product","3":"status-publish","4":"has-post-thumbnail","6":"product_cat-blueq-et","7":"product_cat-brandid","8":"product_cat-naiste-sokid","9":"product_tag-socks-et","11":"first","12":"instock","13":"taxable","14":"shipping-taxable","15":"purchasable","16":"product-type-simple"},"yoast_head":"<!-- This site is optimized with the Yoast SEO plugin v27.3 - https:\/\/yoast.com\/product\/yoast-seo-wordpress\/ -->\n<title>BlueQ I&#039;m A Planner. I Plan Things sokid - TALI Concept Store<\/title>\n<meta name=\"description\" content=\"BlueQ I\u2019m A Planner. I Plan Things sokid - L\u00f5busad ja kvaliteetsed sokid, mis lisavad igap\u00e4evaellu isikup\u00e4ra. Sobivad suurep\u00e4raselt kingituseks v\u00f5i endale r\u00f5\u00f5muks.\" \/>\n<meta name=\"robots\" content=\"index, follow, max-snippet:-1, max-image-preview:large, max-video-preview:-1\" \/>\n<link rel=\"canonical\" href=\"https:\/\/www.talidesign.eu\/et\/pood\/toode\/blueq-im-a-planner-i-plan-things-sokid\/\" \/>\n<meta property=\"og:locale\" content=\"et_EE\" \/>\n<meta property=\"og:type\" content=\"article\" \/>\n<meta property=\"og:title\" content=\"BlueQ I&#039;m A Planner. I Plan Things sokid - TALI Concept Store\" \/>\n<meta property=\"og:description\" content=\"BlueQ I\u2019m A Planner. I Plan Things sokid - L\u00f5busad ja kvaliteetsed sokid, mis lisavad igap\u00e4evaellu isikup\u00e4ra. Sobivad suurep\u00e4raselt kingituseks v\u00f5i endale r\u00f5\u00f5muks.\" \/>\n<meta property=\"og:url\" content=\"https:\/\/www.talidesign.eu\/et\/pood\/toode\/blueq-im-a-planner-i-plan-things-sokid\/\" \/>\n<meta property=\"og:site_name\" content=\"TALI Concept Store\" \/>\n<meta property=\"article:publisher\" content=\"https:\/\/www.facebook.com\/TaliDisain\/\" \/>\n<meta property=\"article:modified_time\" content=\"2026-02-11T11:47:11+00:00\" \/>\n<meta property=\"og:image\" content=\"https:\/\/www.talidesign.eu\/wp\/wp-content\/uploads\/2024\/09\/125849750_xl_1296x-Photoroom.jpg\" \/>\n\t<meta property=\"og:image:width\" content=\"1000\" \/>\n\t<meta property=\"og:image:height\" content=\"1000\" \/>\n\t<meta property=\"og:image:type\" content=\"image\/jpeg\" \/>\n<meta name=\"twitter:card\" content=\"summary_large_image\" \/>\n<meta name=\"twitter:label1\" content=\"Est. reading time\" \/>\n\t<meta name=\"twitter:data1\" content=\"1 minute\" \/>\n<script type=\"application\/ld+json\" class=\"yoast-schema-graph\">{\"@context\":\"https:\\\/\\\/schema.org\",\"@graph\":[{\"@type\":\"WebPage\",\"@id\":\"https:\\\/\\\/www.talidesign.eu\\\/et\\\/pood\\\/toode\\\/blueq-im-a-planner-i-plan-things-sokid\\\/\",\"url\":\"https:\\\/\\\/www.talidesign.eu\\\/et\\\/pood\\\/toode\\\/blueq-im-a-planner-i-plan-things-sokid\\\/\",\"name\":\"BlueQ I'm A Planner. I Plan Things sokid - TALI Concept Store\",\"isPartOf\":{\"@id\":\"https:\\\/\\\/www.talidesign.eu\\\/et\\\/#website\"},\"primaryImageOfPage\":{\"@id\":\"https:\\\/\\\/www.talidesign.eu\\\/et\\\/pood\\\/toode\\\/blueq-im-a-planner-i-plan-things-sokid\\\/#primaryimage\"},\"image\":{\"@id\":\"https:\\\/\\\/www.talidesign.eu\\\/et\\\/pood\\\/toode\\\/blueq-im-a-planner-i-plan-things-sokid\\\/#primaryimage\"},\"thumbnailUrl\":\"https:\\\/\\\/www.talidesign.eu\\\/wp\\\/wp-content\\\/uploads\\\/2024\\\/09\\\/125849750_xl_1296x-Photoroom.jpg\",\"datePublished\":\"2024-09-22T10:00:59+00:00\",\"dateModified\":\"2026-02-11T11:47:11+00:00\",\"description\":\"BlueQ I\u2019m A Planner. I Plan Things sokid - L\u00f5busad ja kvaliteetsed sokid, mis lisavad igap\u00e4evaellu isikup\u00e4ra. Sobivad suurep\u00e4raselt kingituseks v\u00f5i endale r\u00f5\u00f5muks.\",\"breadcrumb\":{\"@id\":\"https:\\\/\\\/www.talidesign.eu\\\/et\\\/pood\\\/toode\\\/blueq-im-a-planner-i-plan-things-sokid\\\/#breadcrumb\"},\"inLanguage\":\"et\",\"potentialAction\":[{\"@type\":\"ReadAction\",\"target\":[\"https:\\\/\\\/www.talidesign.eu\\\/et\\\/pood\\\/toode\\\/blueq-im-a-planner-i-plan-things-sokid\\\/\"]}]},{\"@type\":\"ImageObject\",\"inLanguage\":\"et\",\"@id\":\"https:\\\/\\\/www.talidesign.eu\\\/et\\\/pood\\\/toode\\\/blueq-im-a-planner-i-plan-things-sokid\\\/#primaryimage\",\"url\":\"https:\\\/\\\/www.talidesign.eu\\\/wp\\\/wp-content\\\/uploads\\\/2024\\\/09\\\/125849750_xl_1296x-Photoroom.jpg\",\"contentUrl\":\"https:\\\/\\\/www.talidesign.eu\\\/wp\\\/wp-content\\\/uploads\\\/2024\\\/09\\\/125849750_xl_1296x-Photoroom.jpg\",\"width\":1000,\"height\":1000},{\"@type\":\"BreadcrumbList\",\"@id\":\"https:\\\/\\\/www.talidesign.eu\\\/et\\\/pood\\\/toode\\\/blueq-im-a-planner-i-plan-things-sokid\\\/#breadcrumb\",\"itemListElement\":[{\"@type\":\"ListItem\",\"position\":1,\"name\":\"Avaleht\",\"item\":\"https:\\\/\\\/www.talidesign.eu\\\/et\\\/\"},{\"@type\":\"ListItem\",\"position\":2,\"name\":\"Pood\",\"item\":\"https:\\\/\\\/www.talidesign.eu\\\/et\\\/pood\\\/\"},{\"@type\":\"ListItem\",\"position\":3,\"name\":\"BlueQ I&#8217;m A Planner. I Plan Things sokid\"}]},{\"@type\":\"WebSite\",\"@id\":\"https:\\\/\\\/www.talidesign.eu\\\/et\\\/#website\",\"url\":\"https:\\\/\\\/www.talidesign.eu\\\/et\\\/\",\"name\":\"TALI Concept Store\",\"description\":\"Suurim Disainipood Eestis\",\"potentialAction\":[{\"@type\":\"SearchAction\",\"target\":{\"@type\":\"EntryPoint\",\"urlTemplate\":\"https:\\\/\\\/www.talidesign.eu\\\/et\\\/?s={search_term_string}\"},\"query-input\":{\"@type\":\"PropertyValueSpecification\",\"valueRequired\":true,\"valueName\":\"search_term_string\"}}],\"inLanguage\":\"et\"}]}<\/script>\n<!-- \/ Yoast SEO plugin. -->","yoast_head_json":{"title":"BlueQ I'm A Planner. I Plan Things sokid - TALI Concept Store","description":"BlueQ I\u2019m A Planner. I Plan Things sokid - L\u00f5busad ja kvaliteetsed sokid, mis lisavad igap\u00e4evaellu isikup\u00e4ra. Sobivad suurep\u00e4raselt kingituseks v\u00f5i endale r\u00f5\u00f5muks.","robots":{"index":"index","follow":"follow","max-snippet":"max-snippet:-1","max-image-preview":"max-image-preview:large","max-video-preview":"max-video-preview:-1"},"canonical":"https:\/\/www.talidesign.eu\/et\/pood\/toode\/blueq-im-a-planner-i-plan-things-sokid\/","og_locale":"et_EE","og_type":"article","og_title":"BlueQ I'm A Planner. I Plan Things sokid - TALI Concept Store","og_description":"BlueQ I\u2019m A Planner. I Plan Things sokid - L\u00f5busad ja kvaliteetsed sokid, mis lisavad igap\u00e4evaellu isikup\u00e4ra. Sobivad suurep\u00e4raselt kingituseks v\u00f5i endale r\u00f5\u00f5muks.","og_url":"https:\/\/www.talidesign.eu\/et\/pood\/toode\/blueq-im-a-planner-i-plan-things-sokid\/","og_site_name":"TALI Concept Store","article_publisher":"https:\/\/www.facebook.com\/TaliDisain\/","article_modified_time":"2026-02-11T11:47:11+00:00","og_image":[{"width":1000,"height":1000,"url":"https:\/\/www.talidesign.eu\/wp\/wp-content\/uploads\/2024\/09\/125849750_xl_1296x-Photoroom.jpg","type":"image\/jpeg"}],"twitter_card":"summary_large_image","twitter_misc":{"Est. reading time":"1 minute"},"schema":{"@context":"https:\/\/schema.org","@graph":[{"@type":"WebPage","@id":"https:\/\/www.talidesign.eu\/et\/pood\/toode\/blueq-im-a-planner-i-plan-things-sokid\/","url":"https:\/\/www.talidesign.eu\/et\/pood\/toode\/blueq-im-a-planner-i-plan-things-sokid\/","name":"BlueQ I'm A Planner. I Plan Things sokid - TALI Concept Store","isPartOf":{"@id":"https:\/\/www.talidesign.eu\/et\/#website"},"primaryImageOfPage":{"@id":"https:\/\/www.talidesign.eu\/et\/pood\/toode\/blueq-im-a-planner-i-plan-things-sokid\/#primaryimage"},"image":{"@id":"https:\/\/www.talidesign.eu\/et\/pood\/toode\/blueq-im-a-planner-i-plan-things-sokid\/#primaryimage"},"thumbnailUrl":"https:\/\/www.talidesign.eu\/wp\/wp-content\/uploads\/2024\/09\/125849750_xl_1296x-Photoroom.jpg","datePublished":"2024-09-22T10:00:59+00:00","dateModified":"2026-02-11T11:47:11+00:00","description":"BlueQ I\u2019m A Planner. I Plan Things sokid - L\u00f5busad ja kvaliteetsed sokid, mis lisavad igap\u00e4evaellu isikup\u00e4ra. Sobivad suurep\u00e4raselt kingituseks v\u00f5i endale r\u00f5\u00f5muks.","breadcrumb":{"@id":"https:\/\/www.talidesign.eu\/et\/pood\/toode\/blueq-im-a-planner-i-plan-things-sokid\/#breadcrumb"},"inLanguage":"et","potentialAction":[{"@type":"ReadAction","target":["https:\/\/www.talidesign.eu\/et\/pood\/toode\/blueq-im-a-planner-i-plan-things-sokid\/"]}]},{"@type":"ImageObject","inLanguage":"et","@id":"https:\/\/www.talidesign.eu\/et\/pood\/toode\/blueq-im-a-planner-i-plan-things-sokid\/#primaryimage","url":"https:\/\/www.talidesign.eu\/wp\/wp-content\/uploads\/2024\/09\/125849750_xl_1296x-Photoroom.jpg","contentUrl":"https:\/\/www.talidesign.eu\/wp\/wp-content\/uploads\/2024\/09\/125849750_xl_1296x-Photoroom.jpg","width":1000,"height":1000},{"@type":"BreadcrumbList","@id":"https:\/\/www.talidesign.eu\/et\/pood\/toode\/blueq-im-a-planner-i-plan-things-sokid\/#breadcrumb","itemListElement":[{"@type":"ListItem","position":1,"name":"Avaleht","item":"https:\/\/www.talidesign.eu\/et\/"},{"@type":"ListItem","position":2,"name":"Pood","item":"https:\/\/www.talidesign.eu\/et\/pood\/"},{"@type":"ListItem","position":3,"name":"BlueQ I&#8217;m A Planner. I Plan Things sokid"}]},{"@type":"WebSite","@id":"https:\/\/www.talidesign.eu\/et\/#website","url":"https:\/\/www.talidesign.eu\/et\/","name":"TALI Concept Store","description":"Suurim Disainipood Eestis","potentialAction":[{"@type":"SearchAction","target":{"@type":"EntryPoint","urlTemplate":"https:\/\/www.talidesign.eu\/et\/?s={search_term_string}"},"query-input":{"@type":"PropertyValueSpecification","valueRequired":true,"valueName":"search_term_string"}}],"inLanguage":"et"}]}},"_links":{"self":[{"href":"https:\/\/www.talidesign.eu\/et\/wp-json\/wp\/v2\/product\/91975","targetHints":{"allow":["GET"]}}],"collection":[{"href":"https:\/\/www.talidesign.eu\/et\/wp-json\/wp\/v2\/product"}],"about":[{"href":"https:\/\/www.talidesign.eu\/et\/wp-json\/wp\/v2\/types\/product"}],"wp:featuredmedia":[{"embeddable":true,"href":"https:\/\/www.talidesign.eu\/et\/wp-json\/wp\/v2\/media\/91977"}],"wp:attachment":[{"href":"https:\/\/www.talidesign.eu\/et\/wp-json\/wp\/v2\/media?parent=91975"}],"wp:term":[{"taxonomy":"product_brand","embeddable":true,"href":"https:\/\/www.talidesign.eu\/et\/wp-json\/wp\/v2\/product_brand?post=91975"},{"taxonomy":"product_cat","embeddable":true,"href":"https:\/\/www.talidesign.eu\/et\/wp-json\/wp\/v2\/product_cat?post=91975"},{"taxonomy":"product_tag","embeddable":true,"href":"https:\/\/www.talidesign.eu\/et\/wp-json\/wp\/v2\/product_tag?post=91975"}],"curies":[{"name":"wp","href":"https:\/\/api.w.org\/{rel}","templated":true}]}}