{"id":92578,"date":"2024-10-09T16:11:10","date_gmt":"2024-10-09T13:11:10","guid":{"rendered":"https:\/\/www.talidesign.eu\/?post_type=product&#038;p=92578"},"modified":"2025-04-02T11:53:25","modified_gmt":"2025-04-02T08:53:25","slug":"yamazaki-keraamiline-lemmiklooma-toidukauss-must","status":"publish","type":"product","link":"https:\/\/www.talidesign.eu\/et\/pood\/toode\/yamazaki-keraamiline-lemmiklooma-toidukauss-must\/","title":{"rendered":"Yamazaki Keraamiline lemmiklooma toidukauss Must"},"content":{"rendered":"<p><strong>Keraamiline lemmiklooma toidukauss Must<\/strong><\/p>\n<p>Kauss on disainitud sobiva k\u00f5rgusega, et s\u00f6\u00f6mine oleks lihtne ja mugav. Keraamiline materjal hoiab kaussi stabiilsena, aidates v\u00e4ltida toidu v\u00f5i vee mahavalgumist. Ideaalne kuivtoidule, m\u00e4rgtoidule ja veele.<\/p>\n<p>\u2022 Materjal: keraamika<br \/>\n\u2022 L 11 x W 11 x H 8cm<br \/>\n\u2022 Kaal: 0,37kg<br \/>\n\u2022 Maht: 200ml<br \/>\n\u2022 <a href=\"\/et\/tootekategooria\/brandid\/yamazaki-home-et\/\">Br\u00e4nd Yamazaki Home<\/a><br \/>\n&nbsp;<br \/>\n&nbsp;<br \/>\n<a href=\"\/et\/tootekategooria\/brandid\/yamazaki-home-et\/\"><img loading=\"lazy\" decoding=\"async\" class=\"alignnone size-full wp-image-23562\" src=\"https:\/\/www.talidesign.eu\/wp\/wp-content\/uploads\/2021\/02\/yamazaki.jpg\" alt=\"\" width=\"500\" height=\"100\" \/><\/a><\/p>\n","protected":false},"excerpt":{"rendered":"<p><strong>Keraamiline lemmiklooma toidukauss Must<\/strong><\/p>\n<p>Kauss on disainitud sobiva k\u00f5rgusega, et s\u00f6\u00f6mine oleks lihtne ja mugav. Keraamiline materjal hoiab kaussi stabiilsena, aidates v\u00e4ltida toidu v\u00f5i vee mahavalgumist. Ideaalne kuivtoidule, m\u00e4rgtoidule ja veele.<\/p>\n<p>\u2022 Materjal: keraamika<br \/>\n\u2022 L 11 x W 11 x H 8cm<br \/>\n\u2022 Kaal: 0,37kg<br \/>\n\u2022 Maht: 200ml<br \/>\n\u2022 <a href=\"\/et\/tootekategooria\/brandid\/yamazaki-home-et\/\">Br\u00e4nd Yamazaki Home<\/a><br \/>\n&nbsp;<br \/>\n&nbsp;<br \/>\n<a href=\"\/et\/tootekategooria\/brandid\/yamazaki-home-et\/\"><img loading=\"lazy\" decoding=\"async\" class=\"alignnone size-full wp-image-23562\" src=\"https:\/\/www.talidesign.eu\/wp\/wp-content\/uploads\/2021\/02\/yamazaki.jpg\" alt=\"\" width=\"500\" height=\"100\" \/><\/a><\/p>\n","protected":false},"featured_media":92580,"template":"","meta":[],"product_brand":[],"product_cat":[1026,1018,1108,1094],"product_tag":[1274],"class_list":{"0":"post-92578","1":"product","2":"type-product","3":"status-publish","4":"has-post-thumbnail","6":"product_cat-brandid","7":"product_cat-kodu","8":"product_cat-lemmikloomad","9":"product_cat-yamazaki-home-et","10":"product_tag-yamazaki-et","12":"first","13":"outofstock","14":"taxable","15":"shipping-taxable","16":"purchasable","17":"product-type-simple"},"yoast_head":"<!-- This site is optimized with the Yoast SEO plugin v27.3 - https:\/\/yoast.com\/product\/yoast-seo-wordpress\/ -->\n<title>Yamazaki Keraamiline lemmiklooma toidukauss Must - TALI Concept Store<\/title>\n<meta name=\"description\" content=\"Avasta Yamazaki keraamiline lemmiklooma toidukauss Must - ideaalne s\u00f6\u00f6miseks ja joomiseks. Sobiva k\u00f5rgusega, stabiilne ja praktiline. Br\u00e4nd Yamazaki Home.\" \/>\n<meta name=\"robots\" content=\"index, follow, max-snippet:-1, max-image-preview:large, max-video-preview:-1\" \/>\n<link rel=\"canonical\" href=\"https:\/\/www.talidesign.eu\/et\/pood\/toode\/yamazaki-keraamiline-lemmiklooma-toidukauss-must\/\" \/>\n<meta property=\"og:locale\" content=\"et_EE\" \/>\n<meta property=\"og:type\" content=\"article\" \/>\n<meta property=\"og:title\" content=\"Yamazaki Keraamiline lemmiklooma toidukauss Must - TALI Concept Store\" \/>\n<meta property=\"og:description\" content=\"Avasta Yamazaki keraamiline lemmiklooma toidukauss Must - ideaalne s\u00f6\u00f6miseks ja joomiseks. Sobiva k\u00f5rgusega, stabiilne ja praktiline. Br\u00e4nd Yamazaki Home.\" \/>\n<meta property=\"og:url\" content=\"https:\/\/www.talidesign.eu\/et\/pood\/toode\/yamazaki-keraamiline-lemmiklooma-toidukauss-must\/\" \/>\n<meta property=\"og:site_name\" content=\"TALI Concept Store\" \/>\n<meta property=\"article:publisher\" content=\"https:\/\/www.facebook.com\/TaliDisain\/\" \/>\n<meta property=\"article:modified_time\" content=\"2025-04-02T08:53:25+00:00\" \/>\n<meta property=\"og:image\" content=\"https:\/\/www.talidesign.eu\/wp\/wp-content\/uploads\/2024\/10\/z7p0pp1dlchn0oaoclbc_1800x1800-Photoroom.jpg\" \/>\n\t<meta property=\"og:image:width\" content=\"1000\" \/>\n\t<meta property=\"og:image:height\" content=\"1000\" \/>\n\t<meta property=\"og:image:type\" content=\"image\/jpeg\" \/>\n<meta name=\"twitter:card\" content=\"summary_large_image\" \/>\n<meta name=\"twitter:label1\" content=\"Est. reading time\" \/>\n\t<meta name=\"twitter:data1\" content=\"1 minute\" \/>\n<script type=\"application\/ld+json\" class=\"yoast-schema-graph\">{\"@context\":\"https:\\\/\\\/schema.org\",\"@graph\":[{\"@type\":\"WebPage\",\"@id\":\"https:\\\/\\\/www.talidesign.eu\\\/et\\\/pood\\\/toode\\\/yamazaki-keraamiline-lemmiklooma-toidukauss-must\\\/\",\"url\":\"https:\\\/\\\/www.talidesign.eu\\\/et\\\/pood\\\/toode\\\/yamazaki-keraamiline-lemmiklooma-toidukauss-must\\\/\",\"name\":\"Yamazaki Keraamiline lemmiklooma toidukauss Must - TALI Concept Store\",\"isPartOf\":{\"@id\":\"https:\\\/\\\/www.talidesign.eu\\\/et\\\/#website\"},\"primaryImageOfPage\":{\"@id\":\"https:\\\/\\\/www.talidesign.eu\\\/et\\\/pood\\\/toode\\\/yamazaki-keraamiline-lemmiklooma-toidukauss-must\\\/#primaryimage\"},\"image\":{\"@id\":\"https:\\\/\\\/www.talidesign.eu\\\/et\\\/pood\\\/toode\\\/yamazaki-keraamiline-lemmiklooma-toidukauss-must\\\/#primaryimage\"},\"thumbnailUrl\":\"https:\\\/\\\/www.talidesign.eu\\\/wp\\\/wp-content\\\/uploads\\\/2024\\\/10\\\/z7p0pp1dlchn0oaoclbc_1800x1800-Photoroom.jpg\",\"datePublished\":\"2024-10-09T13:11:10+00:00\",\"dateModified\":\"2025-04-02T08:53:25+00:00\",\"description\":\"Avasta Yamazaki keraamiline lemmiklooma toidukauss Must - ideaalne s\u00f6\u00f6miseks ja joomiseks. Sobiva k\u00f5rgusega, stabiilne ja praktiline. Br\u00e4nd Yamazaki Home.\",\"breadcrumb\":{\"@id\":\"https:\\\/\\\/www.talidesign.eu\\\/et\\\/pood\\\/toode\\\/yamazaki-keraamiline-lemmiklooma-toidukauss-must\\\/#breadcrumb\"},\"inLanguage\":\"et\",\"potentialAction\":[{\"@type\":\"ReadAction\",\"target\":[\"https:\\\/\\\/www.talidesign.eu\\\/et\\\/pood\\\/toode\\\/yamazaki-keraamiline-lemmiklooma-toidukauss-must\\\/\"]}]},{\"@type\":\"ImageObject\",\"inLanguage\":\"et\",\"@id\":\"https:\\\/\\\/www.talidesign.eu\\\/et\\\/pood\\\/toode\\\/yamazaki-keraamiline-lemmiklooma-toidukauss-must\\\/#primaryimage\",\"url\":\"https:\\\/\\\/www.talidesign.eu\\\/wp\\\/wp-content\\\/uploads\\\/2024\\\/10\\\/z7p0pp1dlchn0oaoclbc_1800x1800-Photoroom.jpg\",\"contentUrl\":\"https:\\\/\\\/www.talidesign.eu\\\/wp\\\/wp-content\\\/uploads\\\/2024\\\/10\\\/z7p0pp1dlchn0oaoclbc_1800x1800-Photoroom.jpg\",\"width\":1000,\"height\":1000},{\"@type\":\"BreadcrumbList\",\"@id\":\"https:\\\/\\\/www.talidesign.eu\\\/et\\\/pood\\\/toode\\\/yamazaki-keraamiline-lemmiklooma-toidukauss-must\\\/#breadcrumb\",\"itemListElement\":[{\"@type\":\"ListItem\",\"position\":1,\"name\":\"Avaleht\",\"item\":\"https:\\\/\\\/www.talidesign.eu\\\/et\\\/\"},{\"@type\":\"ListItem\",\"position\":2,\"name\":\"Pood\",\"item\":\"https:\\\/\\\/www.talidesign.eu\\\/et\\\/pood\\\/\"},{\"@type\":\"ListItem\",\"position\":3,\"name\":\"Yamazaki Keraamiline lemmiklooma toidukauss Must\"}]},{\"@type\":\"WebSite\",\"@id\":\"https:\\\/\\\/www.talidesign.eu\\\/et\\\/#website\",\"url\":\"https:\\\/\\\/www.talidesign.eu\\\/et\\\/\",\"name\":\"TALI Concept Store\",\"description\":\"Suurim Disainipood Eestis\",\"potentialAction\":[{\"@type\":\"SearchAction\",\"target\":{\"@type\":\"EntryPoint\",\"urlTemplate\":\"https:\\\/\\\/www.talidesign.eu\\\/et\\\/?s={search_term_string}\"},\"query-input\":{\"@type\":\"PropertyValueSpecification\",\"valueRequired\":true,\"valueName\":\"search_term_string\"}}],\"inLanguage\":\"et\"}]}<\/script>\n<!-- \/ Yoast SEO plugin. -->","yoast_head_json":{"title":"Yamazaki Keraamiline lemmiklooma toidukauss Must - TALI Concept Store","description":"Avasta Yamazaki keraamiline lemmiklooma toidukauss Must - ideaalne s\u00f6\u00f6miseks ja joomiseks. Sobiva k\u00f5rgusega, stabiilne ja praktiline. Br\u00e4nd Yamazaki Home.","robots":{"index":"index","follow":"follow","max-snippet":"max-snippet:-1","max-image-preview":"max-image-preview:large","max-video-preview":"max-video-preview:-1"},"canonical":"https:\/\/www.talidesign.eu\/et\/pood\/toode\/yamazaki-keraamiline-lemmiklooma-toidukauss-must\/","og_locale":"et_EE","og_type":"article","og_title":"Yamazaki Keraamiline lemmiklooma toidukauss Must - TALI Concept Store","og_description":"Avasta Yamazaki keraamiline lemmiklooma toidukauss Must - ideaalne s\u00f6\u00f6miseks ja joomiseks. Sobiva k\u00f5rgusega, stabiilne ja praktiline. Br\u00e4nd Yamazaki Home.","og_url":"https:\/\/www.talidesign.eu\/et\/pood\/toode\/yamazaki-keraamiline-lemmiklooma-toidukauss-must\/","og_site_name":"TALI Concept Store","article_publisher":"https:\/\/www.facebook.com\/TaliDisain\/","article_modified_time":"2025-04-02T08:53:25+00:00","og_image":[{"width":1000,"height":1000,"url":"https:\/\/www.talidesign.eu\/wp\/wp-content\/uploads\/2024\/10\/z7p0pp1dlchn0oaoclbc_1800x1800-Photoroom.jpg","type":"image\/jpeg"}],"twitter_card":"summary_large_image","twitter_misc":{"Est. reading time":"1 minute"},"schema":{"@context":"https:\/\/schema.org","@graph":[{"@type":"WebPage","@id":"https:\/\/www.talidesign.eu\/et\/pood\/toode\/yamazaki-keraamiline-lemmiklooma-toidukauss-must\/","url":"https:\/\/www.talidesign.eu\/et\/pood\/toode\/yamazaki-keraamiline-lemmiklooma-toidukauss-must\/","name":"Yamazaki Keraamiline lemmiklooma toidukauss Must - TALI Concept Store","isPartOf":{"@id":"https:\/\/www.talidesign.eu\/et\/#website"},"primaryImageOfPage":{"@id":"https:\/\/www.talidesign.eu\/et\/pood\/toode\/yamazaki-keraamiline-lemmiklooma-toidukauss-must\/#primaryimage"},"image":{"@id":"https:\/\/www.talidesign.eu\/et\/pood\/toode\/yamazaki-keraamiline-lemmiklooma-toidukauss-must\/#primaryimage"},"thumbnailUrl":"https:\/\/www.talidesign.eu\/wp\/wp-content\/uploads\/2024\/10\/z7p0pp1dlchn0oaoclbc_1800x1800-Photoroom.jpg","datePublished":"2024-10-09T13:11:10+00:00","dateModified":"2025-04-02T08:53:25+00:00","description":"Avasta Yamazaki keraamiline lemmiklooma toidukauss Must - ideaalne s\u00f6\u00f6miseks ja joomiseks. Sobiva k\u00f5rgusega, stabiilne ja praktiline. Br\u00e4nd Yamazaki Home.","breadcrumb":{"@id":"https:\/\/www.talidesign.eu\/et\/pood\/toode\/yamazaki-keraamiline-lemmiklooma-toidukauss-must\/#breadcrumb"},"inLanguage":"et","potentialAction":[{"@type":"ReadAction","target":["https:\/\/www.talidesign.eu\/et\/pood\/toode\/yamazaki-keraamiline-lemmiklooma-toidukauss-must\/"]}]},{"@type":"ImageObject","inLanguage":"et","@id":"https:\/\/www.talidesign.eu\/et\/pood\/toode\/yamazaki-keraamiline-lemmiklooma-toidukauss-must\/#primaryimage","url":"https:\/\/www.talidesign.eu\/wp\/wp-content\/uploads\/2024\/10\/z7p0pp1dlchn0oaoclbc_1800x1800-Photoroom.jpg","contentUrl":"https:\/\/www.talidesign.eu\/wp\/wp-content\/uploads\/2024\/10\/z7p0pp1dlchn0oaoclbc_1800x1800-Photoroom.jpg","width":1000,"height":1000},{"@type":"BreadcrumbList","@id":"https:\/\/www.talidesign.eu\/et\/pood\/toode\/yamazaki-keraamiline-lemmiklooma-toidukauss-must\/#breadcrumb","itemListElement":[{"@type":"ListItem","position":1,"name":"Avaleht","item":"https:\/\/www.talidesign.eu\/et\/"},{"@type":"ListItem","position":2,"name":"Pood","item":"https:\/\/www.talidesign.eu\/et\/pood\/"},{"@type":"ListItem","position":3,"name":"Yamazaki Keraamiline lemmiklooma toidukauss Must"}]},{"@type":"WebSite","@id":"https:\/\/www.talidesign.eu\/et\/#website","url":"https:\/\/www.talidesign.eu\/et\/","name":"TALI Concept Store","description":"Suurim Disainipood Eestis","potentialAction":[{"@type":"SearchAction","target":{"@type":"EntryPoint","urlTemplate":"https:\/\/www.talidesign.eu\/et\/?s={search_term_string}"},"query-input":{"@type":"PropertyValueSpecification","valueRequired":true,"valueName":"search_term_string"}}],"inLanguage":"et"}]}},"_links":{"self":[{"href":"https:\/\/www.talidesign.eu\/et\/wp-json\/wp\/v2\/product\/92578","targetHints":{"allow":["GET"]}}],"collection":[{"href":"https:\/\/www.talidesign.eu\/et\/wp-json\/wp\/v2\/product"}],"about":[{"href":"https:\/\/www.talidesign.eu\/et\/wp-json\/wp\/v2\/types\/product"}],"wp:featuredmedia":[{"embeddable":true,"href":"https:\/\/www.talidesign.eu\/et\/wp-json\/wp\/v2\/media\/92580"}],"wp:attachment":[{"href":"https:\/\/www.talidesign.eu\/et\/wp-json\/wp\/v2\/media?parent=92578"}],"wp:term":[{"taxonomy":"product_brand","embeddable":true,"href":"https:\/\/www.talidesign.eu\/et\/wp-json\/wp\/v2\/product_brand?post=92578"},{"taxonomy":"product_cat","embeddable":true,"href":"https:\/\/www.talidesign.eu\/et\/wp-json\/wp\/v2\/product_cat?post=92578"},{"taxonomy":"product_tag","embeddable":true,"href":"https:\/\/www.talidesign.eu\/et\/wp-json\/wp\/v2\/product_tag?post=92578"}],"curies":[{"name":"wp","href":"https:\/\/api.w.org\/{rel}","templated":true}]}}