{"id":92688,"date":"2024-10-09T18:05:09","date_gmt":"2024-10-09T15:05:09","guid":{"rendered":"https:\/\/www.talidesign.eu\/?post_type=product&#038;p=92688"},"modified":"2025-02-28T23:31:37","modified_gmt":"2025-02-28T21:31:37","slug":"yamazaki-silikoonist-kuumaalus","status":"publish","type":"product","link":"https:\/\/www.talidesign.eu\/et\/pood\/toode\/yamazaki-silikoonist-kuumaalus\/","title":{"rendered":"Yamazaki Silikoonist kuumaalus"},"content":{"rendered":"<p><strong>Silikoonist kuumaalus<\/strong><\/p>\n<p>See lihtne silikoonist kuumaalus on suurep\u00e4rane viis kaitsta laudu ja t\u00f6\u00f6pindu kuumade pottide eest. Kompaktne, kerge ja painduv \u2013 sobib igasse ruumi. Talub temperatuure vahemikus -40\u2103 kuni 220\u2103.<\/p>\n<p>\u2022 Materjal: silikoon<br \/>\n\u2022 M\u00f5\u00f5tmed: P 15 x L 15 x K 1 cm<br \/>\n\u2022 N\u00f5udepesumasinakindel<br \/>\n\u2022 <a href=\"\/et\/tootekategooria\/brandid\/yamazaki-home-et\/\">Br\u00e4nd Yamazaki Home<\/a><br \/>\n&nbsp;<br \/>\n&nbsp;<br \/>\n<a href=\"\/et\/tootekategooria\/brandid\/yamazaki-home-et\/\"><img loading=\"lazy\" decoding=\"async\" class=\"alignnone size-full wp-image-23562\" src=\"https:\/\/www.talidesign.eu\/wp\/wp-content\/uploads\/2021\/02\/yamazaki.jpg\" alt=\"\" width=\"500\" height=\"100\" \/><\/a><\/p>\n","protected":false},"excerpt":{"rendered":"<p><strong>Silikoonist kuumaalus<\/strong><\/p>\n<p>See lihtne silikoonist kuumaalus on suurep\u00e4rane viis kaitsta laudu ja t\u00f6\u00f6pindu kuumade pottide eest. Kompaktne, kerge ja painduv \u2013 sobib igasse ruumi. Talub temperatuure vahemikus -40\u2103 kuni 220\u2103.<\/p>\n<p>\u2022 Materjal: silikoon<br \/>\n\u2022 M\u00f5\u00f5tmed: P 15 x L 15 x K 1 cm<br \/>\n\u2022 N\u00f5udepesumasinakindel<br \/>\n\u2022 <a href=\"\/et\/tootekategooria\/brandid\/yamazaki-home-et\/\">Br\u00e4nd Yamazaki Home<\/a><br \/>\n&nbsp;<br \/>\n&nbsp;<br \/>\n<a href=\"\/et\/tootekategooria\/brandid\/yamazaki-home-et\/\"><img loading=\"lazy\" decoding=\"async\" class=\"alignnone size-full wp-image-23562\" src=\"https:\/\/www.talidesign.eu\/wp\/wp-content\/uploads\/2021\/02\/yamazaki.jpg\" alt=\"\" width=\"500\" height=\"100\" \/><\/a><\/p>\n","protected":false},"featured_media":92690,"template":"","meta":[],"product_brand":[],"product_cat":[1026,1018,1030,1094],"product_tag":[1274],"class_list":{"0":"post-92688","1":"product","2":"type-product","3":"status-publish","4":"has-post-thumbnail","6":"product_cat-brandid","7":"product_cat-kodu","8":"product_cat-kook","9":"product_cat-yamazaki-home-et","10":"product_tag-yamazaki-et","12":"first","13":"outofstock","14":"sale","15":"taxable","16":"shipping-taxable","17":"purchasable","18":"product-type-simple"},"yoast_head":"<!-- This site is optimized with the Yoast SEO plugin v27.3 - https:\/\/yoast.com\/product\/yoast-seo-wordpress\/ -->\n<title>Yamazaki Silikoonist kuumaalus - TALI Concept Store<\/title>\n<meta name=\"description\" content=\"Kaitse oma laudu ja t\u00f6\u00f6pindu kuumade pottide eest selle suurep\u00e4rase silikoonist kuumaalusega. Kompaktne, kerge ja painduv - sobib igasse ruumi.\" \/>\n<meta name=\"robots\" content=\"index, follow, max-snippet:-1, max-image-preview:large, max-video-preview:-1\" \/>\n<link rel=\"canonical\" href=\"https:\/\/www.talidesign.eu\/et\/pood\/toode\/yamazaki-silikoonist-kuumaalus\/\" \/>\n<meta property=\"og:locale\" content=\"et_EE\" \/>\n<meta property=\"og:type\" content=\"article\" \/>\n<meta property=\"og:title\" content=\"Yamazaki Silikoonist kuumaalus - TALI Concept Store\" \/>\n<meta property=\"og:description\" content=\"Kaitse oma laudu ja t\u00f6\u00f6pindu kuumade pottide eest selle suurep\u00e4rase silikoonist kuumaalusega. Kompaktne, kerge ja painduv - sobib igasse ruumi.\" \/>\n<meta property=\"og:url\" content=\"https:\/\/www.talidesign.eu\/et\/pood\/toode\/yamazaki-silikoonist-kuumaalus\/\" \/>\n<meta property=\"og:site_name\" content=\"TALI Concept Store\" \/>\n<meta property=\"article:publisher\" content=\"https:\/\/www.facebook.com\/TaliDisain\/\" \/>\n<meta property=\"article:modified_time\" content=\"2025-02-28T21:31:37+00:00\" \/>\n<meta property=\"og:image\" content=\"https:\/\/www.talidesign.eu\/wp\/wp-content\/uploads\/2024\/10\/2953-TOWER-SILICONE-POT-STAND-SQUARE-BK_1800x1800-Photoroom.jpg\" \/>\n\t<meta property=\"og:image:width\" content=\"1000\" \/>\n\t<meta property=\"og:image:height\" content=\"1000\" \/>\n\t<meta property=\"og:image:type\" content=\"image\/jpeg\" \/>\n<meta name=\"twitter:card\" content=\"summary_large_image\" \/>\n<meta name=\"twitter:label1\" content=\"Est. reading time\" \/>\n\t<meta name=\"twitter:data1\" content=\"1 minute\" \/>\n<script type=\"application\/ld+json\" class=\"yoast-schema-graph\">{\"@context\":\"https:\\\/\\\/schema.org\",\"@graph\":[{\"@type\":\"WebPage\",\"@id\":\"https:\\\/\\\/www.talidesign.eu\\\/et\\\/pood\\\/toode\\\/yamazaki-silikoonist-kuumaalus\\\/\",\"url\":\"https:\\\/\\\/www.talidesign.eu\\\/et\\\/pood\\\/toode\\\/yamazaki-silikoonist-kuumaalus\\\/\",\"name\":\"Yamazaki Silikoonist kuumaalus - TALI Concept Store\",\"isPartOf\":{\"@id\":\"https:\\\/\\\/www.talidesign.eu\\\/et\\\/#website\"},\"primaryImageOfPage\":{\"@id\":\"https:\\\/\\\/www.talidesign.eu\\\/et\\\/pood\\\/toode\\\/yamazaki-silikoonist-kuumaalus\\\/#primaryimage\"},\"image\":{\"@id\":\"https:\\\/\\\/www.talidesign.eu\\\/et\\\/pood\\\/toode\\\/yamazaki-silikoonist-kuumaalus\\\/#primaryimage\"},\"thumbnailUrl\":\"https:\\\/\\\/www.talidesign.eu\\\/wp\\\/wp-content\\\/uploads\\\/2024\\\/10\\\/2953-TOWER-SILICONE-POT-STAND-SQUARE-BK_1800x1800-Photoroom.jpg\",\"datePublished\":\"2024-10-09T15:05:09+00:00\",\"dateModified\":\"2025-02-28T21:31:37+00:00\",\"description\":\"Kaitse oma laudu ja t\u00f6\u00f6pindu kuumade pottide eest selle suurep\u00e4rase silikoonist kuumaalusega. Kompaktne, kerge ja painduv - sobib igasse ruumi.\",\"breadcrumb\":{\"@id\":\"https:\\\/\\\/www.talidesign.eu\\\/et\\\/pood\\\/toode\\\/yamazaki-silikoonist-kuumaalus\\\/#breadcrumb\"},\"inLanguage\":\"et\",\"potentialAction\":[{\"@type\":\"ReadAction\",\"target\":[\"https:\\\/\\\/www.talidesign.eu\\\/et\\\/pood\\\/toode\\\/yamazaki-silikoonist-kuumaalus\\\/\"]}]},{\"@type\":\"ImageObject\",\"inLanguage\":\"et\",\"@id\":\"https:\\\/\\\/www.talidesign.eu\\\/et\\\/pood\\\/toode\\\/yamazaki-silikoonist-kuumaalus\\\/#primaryimage\",\"url\":\"https:\\\/\\\/www.talidesign.eu\\\/wp\\\/wp-content\\\/uploads\\\/2024\\\/10\\\/2953-TOWER-SILICONE-POT-STAND-SQUARE-BK_1800x1800-Photoroom.jpg\",\"contentUrl\":\"https:\\\/\\\/www.talidesign.eu\\\/wp\\\/wp-content\\\/uploads\\\/2024\\\/10\\\/2953-TOWER-SILICONE-POT-STAND-SQUARE-BK_1800x1800-Photoroom.jpg\",\"width\":1000,\"height\":1000},{\"@type\":\"BreadcrumbList\",\"@id\":\"https:\\\/\\\/www.talidesign.eu\\\/et\\\/pood\\\/toode\\\/yamazaki-silikoonist-kuumaalus\\\/#breadcrumb\",\"itemListElement\":[{\"@type\":\"ListItem\",\"position\":1,\"name\":\"Avaleht\",\"item\":\"https:\\\/\\\/www.talidesign.eu\\\/et\\\/\"},{\"@type\":\"ListItem\",\"position\":2,\"name\":\"Pood\",\"item\":\"https:\\\/\\\/www.talidesign.eu\\\/et\\\/pood\\\/\"},{\"@type\":\"ListItem\",\"position\":3,\"name\":\"Yamazaki Silikoonist kuumaalus\"}]},{\"@type\":\"WebSite\",\"@id\":\"https:\\\/\\\/www.talidesign.eu\\\/et\\\/#website\",\"url\":\"https:\\\/\\\/www.talidesign.eu\\\/et\\\/\",\"name\":\"TALI Concept Store\",\"description\":\"Suurim Disainipood Eestis\",\"potentialAction\":[{\"@type\":\"SearchAction\",\"target\":{\"@type\":\"EntryPoint\",\"urlTemplate\":\"https:\\\/\\\/www.talidesign.eu\\\/et\\\/?s={search_term_string}\"},\"query-input\":{\"@type\":\"PropertyValueSpecification\",\"valueRequired\":true,\"valueName\":\"search_term_string\"}}],\"inLanguage\":\"et\"}]}<\/script>\n<!-- \/ Yoast SEO plugin. -->","yoast_head_json":{"title":"Yamazaki Silikoonist kuumaalus - TALI Concept Store","description":"Kaitse oma laudu ja t\u00f6\u00f6pindu kuumade pottide eest selle suurep\u00e4rase silikoonist kuumaalusega. Kompaktne, kerge ja painduv - sobib igasse ruumi.","robots":{"index":"index","follow":"follow","max-snippet":"max-snippet:-1","max-image-preview":"max-image-preview:large","max-video-preview":"max-video-preview:-1"},"canonical":"https:\/\/www.talidesign.eu\/et\/pood\/toode\/yamazaki-silikoonist-kuumaalus\/","og_locale":"et_EE","og_type":"article","og_title":"Yamazaki Silikoonist kuumaalus - TALI Concept Store","og_description":"Kaitse oma laudu ja t\u00f6\u00f6pindu kuumade pottide eest selle suurep\u00e4rase silikoonist kuumaalusega. Kompaktne, kerge ja painduv - sobib igasse ruumi.","og_url":"https:\/\/www.talidesign.eu\/et\/pood\/toode\/yamazaki-silikoonist-kuumaalus\/","og_site_name":"TALI Concept Store","article_publisher":"https:\/\/www.facebook.com\/TaliDisain\/","article_modified_time":"2025-02-28T21:31:37+00:00","og_image":[{"width":1000,"height":1000,"url":"https:\/\/www.talidesign.eu\/wp\/wp-content\/uploads\/2024\/10\/2953-TOWER-SILICONE-POT-STAND-SQUARE-BK_1800x1800-Photoroom.jpg","type":"image\/jpeg"}],"twitter_card":"summary_large_image","twitter_misc":{"Est. reading time":"1 minute"},"schema":{"@context":"https:\/\/schema.org","@graph":[{"@type":"WebPage","@id":"https:\/\/www.talidesign.eu\/et\/pood\/toode\/yamazaki-silikoonist-kuumaalus\/","url":"https:\/\/www.talidesign.eu\/et\/pood\/toode\/yamazaki-silikoonist-kuumaalus\/","name":"Yamazaki Silikoonist kuumaalus - TALI Concept Store","isPartOf":{"@id":"https:\/\/www.talidesign.eu\/et\/#website"},"primaryImageOfPage":{"@id":"https:\/\/www.talidesign.eu\/et\/pood\/toode\/yamazaki-silikoonist-kuumaalus\/#primaryimage"},"image":{"@id":"https:\/\/www.talidesign.eu\/et\/pood\/toode\/yamazaki-silikoonist-kuumaalus\/#primaryimage"},"thumbnailUrl":"https:\/\/www.talidesign.eu\/wp\/wp-content\/uploads\/2024\/10\/2953-TOWER-SILICONE-POT-STAND-SQUARE-BK_1800x1800-Photoroom.jpg","datePublished":"2024-10-09T15:05:09+00:00","dateModified":"2025-02-28T21:31:37+00:00","description":"Kaitse oma laudu ja t\u00f6\u00f6pindu kuumade pottide eest selle suurep\u00e4rase silikoonist kuumaalusega. Kompaktne, kerge ja painduv - sobib igasse ruumi.","breadcrumb":{"@id":"https:\/\/www.talidesign.eu\/et\/pood\/toode\/yamazaki-silikoonist-kuumaalus\/#breadcrumb"},"inLanguage":"et","potentialAction":[{"@type":"ReadAction","target":["https:\/\/www.talidesign.eu\/et\/pood\/toode\/yamazaki-silikoonist-kuumaalus\/"]}]},{"@type":"ImageObject","inLanguage":"et","@id":"https:\/\/www.talidesign.eu\/et\/pood\/toode\/yamazaki-silikoonist-kuumaalus\/#primaryimage","url":"https:\/\/www.talidesign.eu\/wp\/wp-content\/uploads\/2024\/10\/2953-TOWER-SILICONE-POT-STAND-SQUARE-BK_1800x1800-Photoroom.jpg","contentUrl":"https:\/\/www.talidesign.eu\/wp\/wp-content\/uploads\/2024\/10\/2953-TOWER-SILICONE-POT-STAND-SQUARE-BK_1800x1800-Photoroom.jpg","width":1000,"height":1000},{"@type":"BreadcrumbList","@id":"https:\/\/www.talidesign.eu\/et\/pood\/toode\/yamazaki-silikoonist-kuumaalus\/#breadcrumb","itemListElement":[{"@type":"ListItem","position":1,"name":"Avaleht","item":"https:\/\/www.talidesign.eu\/et\/"},{"@type":"ListItem","position":2,"name":"Pood","item":"https:\/\/www.talidesign.eu\/et\/pood\/"},{"@type":"ListItem","position":3,"name":"Yamazaki Silikoonist kuumaalus"}]},{"@type":"WebSite","@id":"https:\/\/www.talidesign.eu\/et\/#website","url":"https:\/\/www.talidesign.eu\/et\/","name":"TALI Concept Store","description":"Suurim Disainipood Eestis","potentialAction":[{"@type":"SearchAction","target":{"@type":"EntryPoint","urlTemplate":"https:\/\/www.talidesign.eu\/et\/?s={search_term_string}"},"query-input":{"@type":"PropertyValueSpecification","valueRequired":true,"valueName":"search_term_string"}}],"inLanguage":"et"}]}},"_links":{"self":[{"href":"https:\/\/www.talidesign.eu\/et\/wp-json\/wp\/v2\/product\/92688","targetHints":{"allow":["GET"]}}],"collection":[{"href":"https:\/\/www.talidesign.eu\/et\/wp-json\/wp\/v2\/product"}],"about":[{"href":"https:\/\/www.talidesign.eu\/et\/wp-json\/wp\/v2\/types\/product"}],"wp:featuredmedia":[{"embeddable":true,"href":"https:\/\/www.talidesign.eu\/et\/wp-json\/wp\/v2\/media\/92690"}],"wp:attachment":[{"href":"https:\/\/www.talidesign.eu\/et\/wp-json\/wp\/v2\/media?parent=92688"}],"wp:term":[{"taxonomy":"product_brand","embeddable":true,"href":"https:\/\/www.talidesign.eu\/et\/wp-json\/wp\/v2\/product_brand?post=92688"},{"taxonomy":"product_cat","embeddable":true,"href":"https:\/\/www.talidesign.eu\/et\/wp-json\/wp\/v2\/product_cat?post=92688"},{"taxonomy":"product_tag","embeddable":true,"href":"https:\/\/www.talidesign.eu\/et\/wp-json\/wp\/v2\/product_tag?post=92688"}],"curies":[{"name":"wp","href":"https:\/\/api.w.org\/{rel}","templated":true}]}}