{"id":92948,"date":"2024-10-24T10:42:51","date_gmt":"2024-10-18T07:42:51","guid":{"rendered":"https:\/\/www.talidesign.eu\/?post_type=product&#038;p=92948"},"modified":"2025-06-03T20:42:22","modified_gmt":"2025-06-03T17:42:22","slug":"zone-pulp-hoiukastid-32-x-23-x-15-cm-2-tk-must","status":"publish","type":"product","link":"https:\/\/www.talidesign.eu\/et\/pood\/toode\/zone-pulp-hoiukastid-32-x-23-x-15-cm-2-tk-must\/","title":{"rendered":"Zone Pulp hoiukastid 32 x 23 x 15 cm 2 tk Must"},"content":{"rendered":"<p><strong>Pulp hoiukastid 32 x 23 x 15 cm 2 tk Must<\/strong><\/p>\n<p>Pabermassist kastid on valmistatud paberij\u00e4\u00e4kidest ja suhkruroo k\u00f5rvalproduktidest ning \u00fchendavad endas nii nostalgiat kui innovatsiooni. Sooneline muster suurendab kastide tugevust ja muudab need stabiilseks. Sobivad nii praktiliseks hoiustamiseks kui ka dekoratsiooniks elutuppa, kontorisse v\u00f5i garderoobi. Suurep\u00e4rane valik keskkonnateadlikule kingituseks.<\/p>\n<p>Kogu Pulp sari koosneb 100% taaskasutatud materjalidest ja on biolagunev. Must versioon on valmistatud puidumassi ja suhkruroo j\u00e4\u00e4kidest.<\/p>\n<p>\u2022 32 x 23 x 15 cm<br \/>\n\u2022 Paber ja suhkruroo j\u00e4\u00e4gid<br \/>\n\u2022 <a href=\"\/et\/tootekategooria\/brandid\/zone-denmark-et\/\">Br\u00e4nd Zone Denmark<\/a><\/p>\n<p><a href=\"\/product-category\/designers\/zone-denmark\/\"><img loading=\"lazy\" decoding=\"async\" src=\"https:\/\/www.talidesign.eu\/wp\/wp-content\/uploads\/2021\/03\/logo-6.jpg\" alt=\"\" width=\"500\" height=\"100\" class=\"alignnone size-full wp-image-24694\" \/><\/a><\/p>\n","protected":false},"excerpt":{"rendered":"<p><strong>Pulp hoiukastid 32 x 23 x 15 cm 2 tk Must<\/strong><\/p>\n<p>Pabermassist kastid on valmistatud paberij\u00e4\u00e4kidest ja suhkruroo k\u00f5rvalproduktidest ning \u00fchendavad endas nii nostalgiat kui innovatsiooni. Sooneline muster suurendab kastide tugevust ja muudab need stabiilseks. Sobivad nii praktiliseks hoiustamiseks kui ka dekoratsiooniks elutuppa, kontorisse v\u00f5i garderoobi. Suurep\u00e4rane valik keskkonnateadlikule kingituseks.<\/p>\n<p>Kogu Pulp sari koosneb 100% taaskasutatud materjalidest ja on biolagunev. Must versioon on valmistatud puidumassi ja suhkruroo j\u00e4\u00e4kidest.<\/p>\n<p>\u2022 32 x 23 x 15 cm<br \/>\n\u2022 Paber ja suhkruroo j\u00e4\u00e4gid<br \/>\n\u2022 <a href=\"\/et\/tootekategooria\/brandid\/zone-denmark-et\/\">Br\u00e4nd Zone Denmark<\/a><\/p>\n<p><a href=\"\/product-category\/designers\/zone-denmark\/\"><img loading=\"lazy\" decoding=\"async\" src=\"https:\/\/www.talidesign.eu\/wp\/wp-content\/uploads\/2021\/03\/logo-6.jpg\" alt=\"\" width=\"500\" height=\"100\" class=\"alignnone size-full wp-image-24694\" \/><\/a><\/p>\n","protected":false},"featured_media":92956,"template":"","meta":[],"product_brand":[],"product_cat":[1177,1026,1031,1018,1030,1101,1095],"product_tag":[1180],"class_list":{"0":"post-92948","1":"product","2":"type-product","3":"status-publish","4":"has-post-thumbnail","6":"product_cat-allahindlus","7":"product_cat-brandid","8":"product_cat-hoiustamine","9":"product_cat-kodu","10":"product_cat-kook","11":"product_cat-magamis-ja-elutuba","12":"product_cat-zone-denmark-et","13":"product_tag-zone-et","15":"first","16":"outofstock","17":"sale","18":"featured","19":"taxable","20":"shipping-taxable","21":"purchasable","22":"product-type-simple"},"yoast_head":"<!-- This site is optimized with the Yoast SEO plugin v27.3 - https:\/\/yoast.com\/product\/yoast-seo-wordpress\/ -->\n<title>Zone Pulp hoiukastid 32 x 23 x 15 cm 2 tk Must - TALI Concept Store<\/title>\n<meta name=\"description\" content=\"Zone Pulp hoiukastid 32 x 23 x 15 cm 2 tk Must - Paberij\u00e4\u00e4kidest valmistatud kastid, mis \u00fchendavad nostalgiat ja innovatsiooni. Sobivad praktiliseks hoiustamiseks ja keskkonnateadlikuks kingituseks. Br\u00e4nd Zone Denmark.\" \/>\n<meta name=\"robots\" content=\"index, follow, max-snippet:-1, max-image-preview:large, max-video-preview:-1\" \/>\n<link rel=\"canonical\" href=\"https:\/\/www.talidesign.eu\/et\/pood\/toode\/zone-pulp-hoiukastid-32-x-23-x-15-cm-2-tk-must\/\" \/>\n<meta property=\"og:locale\" content=\"et_EE\" \/>\n<meta property=\"og:type\" content=\"article\" \/>\n<meta property=\"og:title\" content=\"Zone Pulp hoiukastid 32 x 23 x 15 cm 2 tk Must - TALI Concept Store\" \/>\n<meta property=\"og:description\" content=\"Zone Pulp hoiukastid 32 x 23 x 15 cm 2 tk Must - Paberij\u00e4\u00e4kidest valmistatud kastid, mis \u00fchendavad nostalgiat ja innovatsiooni. Sobivad praktiliseks hoiustamiseks ja keskkonnateadlikuks kingituseks. Br\u00e4nd Zone Denmark.\" \/>\n<meta property=\"og:url\" content=\"https:\/\/www.talidesign.eu\/et\/pood\/toode\/zone-pulp-hoiukastid-32-x-23-x-15-cm-2-tk-must\/\" \/>\n<meta property=\"og:site_name\" content=\"TALI Concept Store\" \/>\n<meta property=\"article:publisher\" content=\"https:\/\/www.facebook.com\/TaliDisain\/\" \/>\n<meta property=\"article:modified_time\" content=\"2025-06-03T17:42:22+00:00\" \/>\n<meta property=\"og:image\" content=\"https:\/\/www.talidesign.eu\/wp\/wp-content\/uploads\/2024\/10\/31775_high-Photoroom.jpg\" \/>\n\t<meta property=\"og:image:width\" content=\"1000\" \/>\n\t<meta property=\"og:image:height\" content=\"1000\" \/>\n\t<meta property=\"og:image:type\" content=\"image\/jpeg\" \/>\n<meta name=\"twitter:card\" content=\"summary_large_image\" \/>\n<meta name=\"twitter:label1\" content=\"Est. reading time\" \/>\n\t<meta name=\"twitter:data1\" content=\"1 minute\" \/>\n<script type=\"application\/ld+json\" class=\"yoast-schema-graph\">{\"@context\":\"https:\\\/\\\/schema.org\",\"@graph\":[{\"@type\":\"WebPage\",\"@id\":\"https:\\\/\\\/www.talidesign.eu\\\/et\\\/pood\\\/toode\\\/zone-pulp-hoiukastid-32-x-23-x-15-cm-2-tk-must\\\/\",\"url\":\"https:\\\/\\\/www.talidesign.eu\\\/et\\\/pood\\\/toode\\\/zone-pulp-hoiukastid-32-x-23-x-15-cm-2-tk-must\\\/\",\"name\":\"Zone Pulp hoiukastid 32 x 23 x 15 cm 2 tk Must - TALI Concept Store\",\"isPartOf\":{\"@id\":\"https:\\\/\\\/www.talidesign.eu\\\/et\\\/#website\"},\"primaryImageOfPage\":{\"@id\":\"https:\\\/\\\/www.talidesign.eu\\\/et\\\/pood\\\/toode\\\/zone-pulp-hoiukastid-32-x-23-x-15-cm-2-tk-must\\\/#primaryimage\"},\"image\":{\"@id\":\"https:\\\/\\\/www.talidesign.eu\\\/et\\\/pood\\\/toode\\\/zone-pulp-hoiukastid-32-x-23-x-15-cm-2-tk-must\\\/#primaryimage\"},\"thumbnailUrl\":\"https:\\\/\\\/www.talidesign.eu\\\/wp\\\/wp-content\\\/uploads\\\/2024\\\/10\\\/31775_high-Photoroom.jpg\",\"datePublished\":\"2024-10-18T07:42:51+00:00\",\"dateModified\":\"2025-06-03T17:42:22+00:00\",\"description\":\"Zone Pulp hoiukastid 32 x 23 x 15 cm 2 tk Must - Paberij\u00e4\u00e4kidest valmistatud kastid, mis \u00fchendavad nostalgiat ja innovatsiooni. Sobivad praktiliseks hoiustamiseks ja keskkonnateadlikuks kingituseks. Br\u00e4nd Zone Denmark.\",\"breadcrumb\":{\"@id\":\"https:\\\/\\\/www.talidesign.eu\\\/et\\\/pood\\\/toode\\\/zone-pulp-hoiukastid-32-x-23-x-15-cm-2-tk-must\\\/#breadcrumb\"},\"inLanguage\":\"et\",\"potentialAction\":[{\"@type\":\"ReadAction\",\"target\":[\"https:\\\/\\\/www.talidesign.eu\\\/et\\\/pood\\\/toode\\\/zone-pulp-hoiukastid-32-x-23-x-15-cm-2-tk-must\\\/\"]}]},{\"@type\":\"ImageObject\",\"inLanguage\":\"et\",\"@id\":\"https:\\\/\\\/www.talidesign.eu\\\/et\\\/pood\\\/toode\\\/zone-pulp-hoiukastid-32-x-23-x-15-cm-2-tk-must\\\/#primaryimage\",\"url\":\"https:\\\/\\\/www.talidesign.eu\\\/wp\\\/wp-content\\\/uploads\\\/2024\\\/10\\\/31775_high-Photoroom.jpg\",\"contentUrl\":\"https:\\\/\\\/www.talidesign.eu\\\/wp\\\/wp-content\\\/uploads\\\/2024\\\/10\\\/31775_high-Photoroom.jpg\",\"width\":1000,\"height\":1000},{\"@type\":\"BreadcrumbList\",\"@id\":\"https:\\\/\\\/www.talidesign.eu\\\/et\\\/pood\\\/toode\\\/zone-pulp-hoiukastid-32-x-23-x-15-cm-2-tk-must\\\/#breadcrumb\",\"itemListElement\":[{\"@type\":\"ListItem\",\"position\":1,\"name\":\"Avaleht\",\"item\":\"https:\\\/\\\/www.talidesign.eu\\\/et\\\/\"},{\"@type\":\"ListItem\",\"position\":2,\"name\":\"Pood\",\"item\":\"https:\\\/\\\/www.talidesign.eu\\\/et\\\/pood\\\/\"},{\"@type\":\"ListItem\",\"position\":3,\"name\":\"Zone Pulp hoiukastid 32 x 23 x 15 cm 2 tk Must\"}]},{\"@type\":\"WebSite\",\"@id\":\"https:\\\/\\\/www.talidesign.eu\\\/et\\\/#website\",\"url\":\"https:\\\/\\\/www.talidesign.eu\\\/et\\\/\",\"name\":\"TALI Concept Store\",\"description\":\"Suurim Disainipood Eestis\",\"potentialAction\":[{\"@type\":\"SearchAction\",\"target\":{\"@type\":\"EntryPoint\",\"urlTemplate\":\"https:\\\/\\\/www.talidesign.eu\\\/et\\\/?s={search_term_string}\"},\"query-input\":{\"@type\":\"PropertyValueSpecification\",\"valueRequired\":true,\"valueName\":\"search_term_string\"}}],\"inLanguage\":\"et\"}]}<\/script>\n<!-- \/ Yoast SEO plugin. -->","yoast_head_json":{"title":"Zone Pulp hoiukastid 32 x 23 x 15 cm 2 tk Must - TALI Concept Store","description":"Zone Pulp hoiukastid 32 x 23 x 15 cm 2 tk Must - Paberij\u00e4\u00e4kidest valmistatud kastid, mis \u00fchendavad nostalgiat ja innovatsiooni. Sobivad praktiliseks hoiustamiseks ja keskkonnateadlikuks kingituseks. Br\u00e4nd Zone Denmark.","robots":{"index":"index","follow":"follow","max-snippet":"max-snippet:-1","max-image-preview":"max-image-preview:large","max-video-preview":"max-video-preview:-1"},"canonical":"https:\/\/www.talidesign.eu\/et\/pood\/toode\/zone-pulp-hoiukastid-32-x-23-x-15-cm-2-tk-must\/","og_locale":"et_EE","og_type":"article","og_title":"Zone Pulp hoiukastid 32 x 23 x 15 cm 2 tk Must - TALI Concept Store","og_description":"Zone Pulp hoiukastid 32 x 23 x 15 cm 2 tk Must - Paberij\u00e4\u00e4kidest valmistatud kastid, mis \u00fchendavad nostalgiat ja innovatsiooni. Sobivad praktiliseks hoiustamiseks ja keskkonnateadlikuks kingituseks. Br\u00e4nd Zone Denmark.","og_url":"https:\/\/www.talidesign.eu\/et\/pood\/toode\/zone-pulp-hoiukastid-32-x-23-x-15-cm-2-tk-must\/","og_site_name":"TALI Concept Store","article_publisher":"https:\/\/www.facebook.com\/TaliDisain\/","article_modified_time":"2025-06-03T17:42:22+00:00","og_image":[{"width":1000,"height":1000,"url":"https:\/\/www.talidesign.eu\/wp\/wp-content\/uploads\/2024\/10\/31775_high-Photoroom.jpg","type":"image\/jpeg"}],"twitter_card":"summary_large_image","twitter_misc":{"Est. reading time":"1 minute"},"schema":{"@context":"https:\/\/schema.org","@graph":[{"@type":"WebPage","@id":"https:\/\/www.talidesign.eu\/et\/pood\/toode\/zone-pulp-hoiukastid-32-x-23-x-15-cm-2-tk-must\/","url":"https:\/\/www.talidesign.eu\/et\/pood\/toode\/zone-pulp-hoiukastid-32-x-23-x-15-cm-2-tk-must\/","name":"Zone Pulp hoiukastid 32 x 23 x 15 cm 2 tk Must - TALI Concept Store","isPartOf":{"@id":"https:\/\/www.talidesign.eu\/et\/#website"},"primaryImageOfPage":{"@id":"https:\/\/www.talidesign.eu\/et\/pood\/toode\/zone-pulp-hoiukastid-32-x-23-x-15-cm-2-tk-must\/#primaryimage"},"image":{"@id":"https:\/\/www.talidesign.eu\/et\/pood\/toode\/zone-pulp-hoiukastid-32-x-23-x-15-cm-2-tk-must\/#primaryimage"},"thumbnailUrl":"https:\/\/www.talidesign.eu\/wp\/wp-content\/uploads\/2024\/10\/31775_high-Photoroom.jpg","datePublished":"2024-10-18T07:42:51+00:00","dateModified":"2025-06-03T17:42:22+00:00","description":"Zone Pulp hoiukastid 32 x 23 x 15 cm 2 tk Must - Paberij\u00e4\u00e4kidest valmistatud kastid, mis \u00fchendavad nostalgiat ja innovatsiooni. Sobivad praktiliseks hoiustamiseks ja keskkonnateadlikuks kingituseks. Br\u00e4nd Zone Denmark.","breadcrumb":{"@id":"https:\/\/www.talidesign.eu\/et\/pood\/toode\/zone-pulp-hoiukastid-32-x-23-x-15-cm-2-tk-must\/#breadcrumb"},"inLanguage":"et","potentialAction":[{"@type":"ReadAction","target":["https:\/\/www.talidesign.eu\/et\/pood\/toode\/zone-pulp-hoiukastid-32-x-23-x-15-cm-2-tk-must\/"]}]},{"@type":"ImageObject","inLanguage":"et","@id":"https:\/\/www.talidesign.eu\/et\/pood\/toode\/zone-pulp-hoiukastid-32-x-23-x-15-cm-2-tk-must\/#primaryimage","url":"https:\/\/www.talidesign.eu\/wp\/wp-content\/uploads\/2024\/10\/31775_high-Photoroom.jpg","contentUrl":"https:\/\/www.talidesign.eu\/wp\/wp-content\/uploads\/2024\/10\/31775_high-Photoroom.jpg","width":1000,"height":1000},{"@type":"BreadcrumbList","@id":"https:\/\/www.talidesign.eu\/et\/pood\/toode\/zone-pulp-hoiukastid-32-x-23-x-15-cm-2-tk-must\/#breadcrumb","itemListElement":[{"@type":"ListItem","position":1,"name":"Avaleht","item":"https:\/\/www.talidesign.eu\/et\/"},{"@type":"ListItem","position":2,"name":"Pood","item":"https:\/\/www.talidesign.eu\/et\/pood\/"},{"@type":"ListItem","position":3,"name":"Zone Pulp hoiukastid 32 x 23 x 15 cm 2 tk Must"}]},{"@type":"WebSite","@id":"https:\/\/www.talidesign.eu\/et\/#website","url":"https:\/\/www.talidesign.eu\/et\/","name":"TALI Concept Store","description":"Suurim Disainipood Eestis","potentialAction":[{"@type":"SearchAction","target":{"@type":"EntryPoint","urlTemplate":"https:\/\/www.talidesign.eu\/et\/?s={search_term_string}"},"query-input":{"@type":"PropertyValueSpecification","valueRequired":true,"valueName":"search_term_string"}}],"inLanguage":"et"}]}},"_links":{"self":[{"href":"https:\/\/www.talidesign.eu\/et\/wp-json\/wp\/v2\/product\/92948","targetHints":{"allow":["GET"]}}],"collection":[{"href":"https:\/\/www.talidesign.eu\/et\/wp-json\/wp\/v2\/product"}],"about":[{"href":"https:\/\/www.talidesign.eu\/et\/wp-json\/wp\/v2\/types\/product"}],"wp:featuredmedia":[{"embeddable":true,"href":"https:\/\/www.talidesign.eu\/et\/wp-json\/wp\/v2\/media\/92956"}],"wp:attachment":[{"href":"https:\/\/www.talidesign.eu\/et\/wp-json\/wp\/v2\/media?parent=92948"}],"wp:term":[{"taxonomy":"product_brand","embeddable":true,"href":"https:\/\/www.talidesign.eu\/et\/wp-json\/wp\/v2\/product_brand?post=92948"},{"taxonomy":"product_cat","embeddable":true,"href":"https:\/\/www.talidesign.eu\/et\/wp-json\/wp\/v2\/product_cat?post=92948"},{"taxonomy":"product_tag","embeddable":true,"href":"https:\/\/www.talidesign.eu\/et\/wp-json\/wp\/v2\/product_tag?post=92948"}],"curies":[{"name":"wp","href":"https:\/\/api.w.org\/{rel}","templated":true}]}}