{"id":92979,"date":"2024-10-18T15:48:34","date_gmt":"2024-10-18T12:48:34","guid":{"rendered":"https:\/\/www.talidesign.eu\/?post_type=product&#038;p=92979"},"modified":"2026-01-08T11:10:21","modified_gmt":"2026-01-08T09:10:21","slug":"dedicated-muts-hemavan-wool-camel-brown","status":"publish","type":"product","link":"https:\/\/www.talidesign.eu\/et\/pood\/toode\/dedicated-muts-hemavan-wool-camel-brown\/","title":{"rendered":"Dedicated M\u00fcts Hemavan Wool Camel Brown"},"content":{"rendered":"<p><strong>M\u00fcts Hemavan Wool Camel Brown<\/strong><\/p>\n<p>Hoidke pea soojas ja planeet jahe. Kootud m\u00fcts, mis on valmistatud taaskasutatud villast.<\/p>\n<p><a href=\"https:\/\/www.talidesign.eu\/wp\/wp-content\/uploads\/2023\/11\/recycled_wool_2013_png.jpg\"><img loading=\"lazy\" decoding=\"async\" src=\"https:\/\/www.talidesign.eu\/wp\/wp-content\/uploads\/2023\/11\/recycled_wool_2013_png.jpg\" alt=\"\" width=\"60\" height=\"60\" class=\"alignnone size-full wp-image-80666\" srcset=\"https:\/\/www.talidesign.eu\/wp\/wp-content\/uploads\/2023\/11\/recycled_wool_2013_png.jpg 120w, https:\/\/www.talidesign.eu\/wp\/wp-content\/uploads\/2023\/11\/recycled_wool_2013_png-100x100.jpg 100w\" sizes=\"auto, (max-width: 60px) 100vw, 60px\" \/><\/a><br \/>\n\u2022 <a href=\"\/et\/tootekategooria\/brandid\/dedicated-et\/\">Br\u00e4nd Dedicated<\/a><br \/>\n\u2022 Umbes 50% taaskasutatud villast, umbes 50% taaskasutatud segust (akr\u00fc\u00fcl, pol\u00fcester, nailon, puuvill, viskoos). 5 gauge.<br \/>\n\u2022 Koostis v\u00f5ib v\u00e4rvide l\u00f5ikes erineda.<br \/>\n\u2022 Unisex<\/p>\n<p><strong>Toetage meie planeeti \/ DEDICATED.<\/strong><\/p>\n<p>T\u00f6\u00f6tame GOTSi ja Fairtrade&#8217;i sertifitseeritud puuvilla, GRS -i ringlussev\u00f5etud pol\u00fcestri ja looduslike kiududega, nagu Tencel Lyocell. Loome moodi, mis hoolitseb nii p\u00f5llumeeste kui ka klientide eest.<\/p>\n<p><a href=\"https:\/\/www.talidesign.eu\/wp\/wp-content\/uploads\/2020\/04\/our-story-climate-strike_4101.jpg\"><img loading=\"lazy\" decoding=\"async\" class=\"alignnone size-full wp-image-9480\" src=\"https:\/\/www.talidesign.eu\/wp\/wp-content\/uploads\/2020\/04\/our-story-climate-strike_4101.jpg\" alt=\"\" width=\"700\" height=\"700\" srcset=\"https:\/\/www.talidesign.eu\/wp\/wp-content\/uploads\/2020\/04\/our-story-climate-strike_4101.jpg 700w, https:\/\/www.talidesign.eu\/wp\/wp-content\/uploads\/2020\/04\/our-story-climate-strike_4101-400x400.jpg 400w, https:\/\/www.talidesign.eu\/wp\/wp-content\/uploads\/2020\/04\/our-story-climate-strike_4101-280x280.jpg 280w, https:\/\/www.talidesign.eu\/wp\/wp-content\/uploads\/2020\/04\/our-story-climate-strike_4101-500x500.jpg 500w, https:\/\/www.talidesign.eu\/wp\/wp-content\/uploads\/2020\/04\/our-story-climate-strike_4101-510x510.jpg 510w, https:\/\/www.talidesign.eu\/wp\/wp-content\/uploads\/2020\/04\/our-story-climate-strike_4101-100x100.jpg 100w\" sizes=\"auto, (max-width: 700px) 100vw, 700px\" \/><\/a><br \/>\n<a href=\"\/et\/tootekategooria\/brandid\/dedicated-et\/\"><img loading=\"lazy\" decoding=\"async\" src=\"https:\/\/www.talidesign.eu\/wp\/wp-content\/uploads\/2021\/03\/logo-2.jpg\" alt=\"\" width=\"500\" height=\"100\" class=\"alignnone size-full wp-image-24408\" \/><\/a><\/p>\n","protected":false},"excerpt":{"rendered":"<p><strong>M\u00fcts Hemavan Wool Camel Brown<\/strong><\/p>\n<p>Hoidke pea soojas ja planeet jahe. Kootud m\u00fcts, mis on valmistatud taaskasutatud villast.<\/p>\n<p><a href=\"https:\/\/www.talidesign.eu\/wp\/wp-content\/uploads\/2023\/11\/recycled_wool_2013_png.jpg\"><img loading=\"lazy\" decoding=\"async\" src=\"https:\/\/www.talidesign.eu\/wp\/wp-content\/uploads\/2023\/11\/recycled_wool_2013_png.jpg\" alt=\"\" width=\"60\" height=\"60\" class=\"alignnone size-full wp-image-80666\" srcset=\"https:\/\/www.talidesign.eu\/wp\/wp-content\/uploads\/2023\/11\/recycled_wool_2013_png.jpg 120w, https:\/\/www.talidesign.eu\/wp\/wp-content\/uploads\/2023\/11\/recycled_wool_2013_png-100x100.jpg 100w\" sizes=\"auto, (max-width: 60px) 100vw, 60px\" \/><\/a><br \/>\n\u2022 <a href=\"\/et\/tootekategooria\/brandid\/dedicated-et\/\">Br\u00e4nd Dedicated<\/a><br \/>\n\u2022 Umbes 50% taaskasutatud villast, umbes 50% taaskasutatud segust (akr\u00fc\u00fcl, pol\u00fcester, nailon, puuvill, viskoos). 5 gauge.<br \/>\n\u2022 Koostis v\u00f5ib v\u00e4rvide l\u00f5ikes erineda.<br \/>\n\u2022 Unisex<\/p>\n<p><strong>Toetage meie planeeti \/ DEDICATED.<\/strong><\/p>\n<p>T\u00f6\u00f6tame GOTSi ja Fairtrade&#8217;i sertifitseeritud puuvilla, GRS -i ringlussev\u00f5etud pol\u00fcestri ja looduslike kiududega, nagu Tencel Lyocell. Loome moodi, mis hoolitseb nii p\u00f5llumeeste kui ka klientide eest.<\/p>\n<p><a href=\"https:\/\/www.talidesign.eu\/wp\/wp-content\/uploads\/2020\/04\/our-story-climate-strike_4101.jpg\"><img loading=\"lazy\" decoding=\"async\" class=\"alignnone size-full wp-image-9480\" src=\"https:\/\/www.talidesign.eu\/wp\/wp-content\/uploads\/2020\/04\/our-story-climate-strike_4101.jpg\" alt=\"\" width=\"700\" height=\"700\" srcset=\"https:\/\/www.talidesign.eu\/wp\/wp-content\/uploads\/2020\/04\/our-story-climate-strike_4101.jpg 700w, https:\/\/www.talidesign.eu\/wp\/wp-content\/uploads\/2020\/04\/our-story-climate-strike_4101-400x400.jpg 400w, https:\/\/www.talidesign.eu\/wp\/wp-content\/uploads\/2020\/04\/our-story-climate-strike_4101-280x280.jpg 280w, https:\/\/www.talidesign.eu\/wp\/wp-content\/uploads\/2020\/04\/our-story-climate-strike_4101-500x500.jpg 500w, https:\/\/www.talidesign.eu\/wp\/wp-content\/uploads\/2020\/04\/our-story-climate-strike_4101-510x510.jpg 510w, https:\/\/www.talidesign.eu\/wp\/wp-content\/uploads\/2020\/04\/our-story-climate-strike_4101-100x100.jpg 100w\" sizes=\"auto, (max-width: 700px) 100vw, 700px\" \/><\/a><br \/>\n<a href=\"\/et\/tootekategooria\/brandid\/dedicated-et\/\"><img loading=\"lazy\" decoding=\"async\" src=\"https:\/\/www.talidesign.eu\/wp\/wp-content\/uploads\/2021\/03\/logo-2.jpg\" alt=\"\" width=\"500\" height=\"100\" class=\"alignnone size-full wp-image-24408\" \/><\/a><\/p>\n","protected":false},"featured_media":92981,"template":"","meta":[],"product_brand":[],"product_cat":[1042,1135,1116],"product_tag":[1585],"class_list":{"0":"post-92979","1":"product","2":"type-product","3":"status-publish","4":"has-post-thumbnail","6":"product_cat-dedicated-et","7":"product_cat-naiste-mutsid","8":"product_cat-mutsid","9":"product_tag-dedicated-et","11":"first","12":"outofstock","13":"taxable","14":"shipping-taxable","15":"purchasable","16":"product-type-simple"},"yoast_head":"<!-- This site is optimized with the Yoast SEO plugin v27.3 - https:\/\/yoast.com\/product\/yoast-seo-wordpress\/ -->\n<title>Dedicated M\u00fcts Hemavan Wool Camel Brown - TALI Concept Store<\/title>\n<meta name=\"description\" content=\"Hoidke pea soojas ja planeet jahe. Kootud m\u00fcts, mis on valmistatud taaskasutatud villast. Toetage meie planeeti \/ DEDICATED.\" \/>\n<meta name=\"robots\" content=\"index, follow, max-snippet:-1, max-image-preview:large, max-video-preview:-1\" \/>\n<link rel=\"canonical\" href=\"https:\/\/www.talidesign.eu\/et\/pood\/toode\/dedicated-muts-hemavan-wool-camel-brown\/\" \/>\n<meta property=\"og:locale\" content=\"et_EE\" \/>\n<meta property=\"og:type\" content=\"article\" \/>\n<meta property=\"og:title\" content=\"Dedicated M\u00fcts Hemavan Wool Camel Brown - TALI Concept Store\" \/>\n<meta property=\"og:description\" content=\"Hoidke pea soojas ja planeet jahe. Kootud m\u00fcts, mis on valmistatud taaskasutatud villast. Toetage meie planeeti \/ DEDICATED.\" \/>\n<meta property=\"og:url\" content=\"https:\/\/www.talidesign.eu\/et\/pood\/toode\/dedicated-muts-hemavan-wool-camel-brown\/\" \/>\n<meta property=\"og:site_name\" content=\"TALI Concept Store\" \/>\n<meta property=\"article:publisher\" content=\"https:\/\/www.facebook.com\/TaliDisain\/\" \/>\n<meta property=\"article:modified_time\" content=\"2026-01-08T09:10:21+00:00\" \/>\n<meta property=\"og:image\" content=\"https:\/\/www.talidesign.eu\/wp\/wp-content\/uploads\/2024\/10\/9822_b79ea67e30-22189_037-ded-large-Photoroom.jpg\" \/>\n\t<meta property=\"og:image:width\" content=\"1300\" \/>\n\t<meta property=\"og:image:height\" content=\"1300\" \/>\n\t<meta property=\"og:image:type\" content=\"image\/jpeg\" \/>\n<meta name=\"twitter:card\" content=\"summary_large_image\" \/>\n<meta name=\"twitter:label1\" content=\"Est. reading time\" \/>\n\t<meta name=\"twitter:data1\" content=\"2 minutes\" \/>\n<script type=\"application\/ld+json\" class=\"yoast-schema-graph\">{\"@context\":\"https:\\\/\\\/schema.org\",\"@graph\":[{\"@type\":\"WebPage\",\"@id\":\"https:\\\/\\\/www.talidesign.eu\\\/et\\\/pood\\\/toode\\\/dedicated-muts-hemavan-wool-camel-brown\\\/\",\"url\":\"https:\\\/\\\/www.talidesign.eu\\\/et\\\/pood\\\/toode\\\/dedicated-muts-hemavan-wool-camel-brown\\\/\",\"name\":\"Dedicated M\u00fcts Hemavan Wool Camel Brown - TALI Concept Store\",\"isPartOf\":{\"@id\":\"https:\\\/\\\/www.talidesign.eu\\\/et\\\/#website\"},\"primaryImageOfPage\":{\"@id\":\"https:\\\/\\\/www.talidesign.eu\\\/et\\\/pood\\\/toode\\\/dedicated-muts-hemavan-wool-camel-brown\\\/#primaryimage\"},\"image\":{\"@id\":\"https:\\\/\\\/www.talidesign.eu\\\/et\\\/pood\\\/toode\\\/dedicated-muts-hemavan-wool-camel-brown\\\/#primaryimage\"},\"thumbnailUrl\":\"https:\\\/\\\/www.talidesign.eu\\\/wp\\\/wp-content\\\/uploads\\\/2024\\\/10\\\/9822_b79ea67e30-22189_037-ded-large-Photoroom.jpg\",\"datePublished\":\"2024-10-18T12:48:34+00:00\",\"dateModified\":\"2026-01-08T09:10:21+00:00\",\"description\":\"Hoidke pea soojas ja planeet jahe. Kootud m\u00fcts, mis on valmistatud taaskasutatud villast. Toetage meie planeeti \\\/ DEDICATED.\",\"breadcrumb\":{\"@id\":\"https:\\\/\\\/www.talidesign.eu\\\/et\\\/pood\\\/toode\\\/dedicated-muts-hemavan-wool-camel-brown\\\/#breadcrumb\"},\"inLanguage\":\"et\",\"potentialAction\":[{\"@type\":\"ReadAction\",\"target\":[\"https:\\\/\\\/www.talidesign.eu\\\/et\\\/pood\\\/toode\\\/dedicated-muts-hemavan-wool-camel-brown\\\/\"]}]},{\"@type\":\"ImageObject\",\"inLanguage\":\"et\",\"@id\":\"https:\\\/\\\/www.talidesign.eu\\\/et\\\/pood\\\/toode\\\/dedicated-muts-hemavan-wool-camel-brown\\\/#primaryimage\",\"url\":\"https:\\\/\\\/www.talidesign.eu\\\/wp\\\/wp-content\\\/uploads\\\/2024\\\/10\\\/9822_b79ea67e30-22189_037-ded-large-Photoroom.jpg\",\"contentUrl\":\"https:\\\/\\\/www.talidesign.eu\\\/wp\\\/wp-content\\\/uploads\\\/2024\\\/10\\\/9822_b79ea67e30-22189_037-ded-large-Photoroom.jpg\",\"width\":1300,\"height\":1300},{\"@type\":\"BreadcrumbList\",\"@id\":\"https:\\\/\\\/www.talidesign.eu\\\/et\\\/pood\\\/toode\\\/dedicated-muts-hemavan-wool-camel-brown\\\/#breadcrumb\",\"itemListElement\":[{\"@type\":\"ListItem\",\"position\":1,\"name\":\"Avaleht\",\"item\":\"https:\\\/\\\/www.talidesign.eu\\\/et\\\/\"},{\"@type\":\"ListItem\",\"position\":2,\"name\":\"Pood\",\"item\":\"https:\\\/\\\/www.talidesign.eu\\\/et\\\/pood\\\/\"},{\"@type\":\"ListItem\",\"position\":3,\"name\":\"Dedicated M\u00fcts Hemavan Wool Camel Brown\"}]},{\"@type\":\"WebSite\",\"@id\":\"https:\\\/\\\/www.talidesign.eu\\\/et\\\/#website\",\"url\":\"https:\\\/\\\/www.talidesign.eu\\\/et\\\/\",\"name\":\"TALI Concept Store\",\"description\":\"Suurim Disainipood Eestis\",\"potentialAction\":[{\"@type\":\"SearchAction\",\"target\":{\"@type\":\"EntryPoint\",\"urlTemplate\":\"https:\\\/\\\/www.talidesign.eu\\\/et\\\/?s={search_term_string}\"},\"query-input\":{\"@type\":\"PropertyValueSpecification\",\"valueRequired\":true,\"valueName\":\"search_term_string\"}}],\"inLanguage\":\"et\"}]}<\/script>\n<!-- \/ Yoast SEO plugin. -->","yoast_head_json":{"title":"Dedicated M\u00fcts Hemavan Wool Camel Brown - TALI Concept Store","description":"Hoidke pea soojas ja planeet jahe. Kootud m\u00fcts, mis on valmistatud taaskasutatud villast. Toetage meie planeeti \/ DEDICATED.","robots":{"index":"index","follow":"follow","max-snippet":"max-snippet:-1","max-image-preview":"max-image-preview:large","max-video-preview":"max-video-preview:-1"},"canonical":"https:\/\/www.talidesign.eu\/et\/pood\/toode\/dedicated-muts-hemavan-wool-camel-brown\/","og_locale":"et_EE","og_type":"article","og_title":"Dedicated M\u00fcts Hemavan Wool Camel Brown - TALI Concept Store","og_description":"Hoidke pea soojas ja planeet jahe. Kootud m\u00fcts, mis on valmistatud taaskasutatud villast. Toetage meie planeeti \/ DEDICATED.","og_url":"https:\/\/www.talidesign.eu\/et\/pood\/toode\/dedicated-muts-hemavan-wool-camel-brown\/","og_site_name":"TALI Concept Store","article_publisher":"https:\/\/www.facebook.com\/TaliDisain\/","article_modified_time":"2026-01-08T09:10:21+00:00","og_image":[{"width":1300,"height":1300,"url":"https:\/\/www.talidesign.eu\/wp\/wp-content\/uploads\/2024\/10\/9822_b79ea67e30-22189_037-ded-large-Photoroom.jpg","type":"image\/jpeg"}],"twitter_card":"summary_large_image","twitter_misc":{"Est. reading time":"2 minutes"},"schema":{"@context":"https:\/\/schema.org","@graph":[{"@type":"WebPage","@id":"https:\/\/www.talidesign.eu\/et\/pood\/toode\/dedicated-muts-hemavan-wool-camel-brown\/","url":"https:\/\/www.talidesign.eu\/et\/pood\/toode\/dedicated-muts-hemavan-wool-camel-brown\/","name":"Dedicated M\u00fcts Hemavan Wool Camel Brown - TALI Concept Store","isPartOf":{"@id":"https:\/\/www.talidesign.eu\/et\/#website"},"primaryImageOfPage":{"@id":"https:\/\/www.talidesign.eu\/et\/pood\/toode\/dedicated-muts-hemavan-wool-camel-brown\/#primaryimage"},"image":{"@id":"https:\/\/www.talidesign.eu\/et\/pood\/toode\/dedicated-muts-hemavan-wool-camel-brown\/#primaryimage"},"thumbnailUrl":"https:\/\/www.talidesign.eu\/wp\/wp-content\/uploads\/2024\/10\/9822_b79ea67e30-22189_037-ded-large-Photoroom.jpg","datePublished":"2024-10-18T12:48:34+00:00","dateModified":"2026-01-08T09:10:21+00:00","description":"Hoidke pea soojas ja planeet jahe. Kootud m\u00fcts, mis on valmistatud taaskasutatud villast. Toetage meie planeeti \/ DEDICATED.","breadcrumb":{"@id":"https:\/\/www.talidesign.eu\/et\/pood\/toode\/dedicated-muts-hemavan-wool-camel-brown\/#breadcrumb"},"inLanguage":"et","potentialAction":[{"@type":"ReadAction","target":["https:\/\/www.talidesign.eu\/et\/pood\/toode\/dedicated-muts-hemavan-wool-camel-brown\/"]}]},{"@type":"ImageObject","inLanguage":"et","@id":"https:\/\/www.talidesign.eu\/et\/pood\/toode\/dedicated-muts-hemavan-wool-camel-brown\/#primaryimage","url":"https:\/\/www.talidesign.eu\/wp\/wp-content\/uploads\/2024\/10\/9822_b79ea67e30-22189_037-ded-large-Photoroom.jpg","contentUrl":"https:\/\/www.talidesign.eu\/wp\/wp-content\/uploads\/2024\/10\/9822_b79ea67e30-22189_037-ded-large-Photoroom.jpg","width":1300,"height":1300},{"@type":"BreadcrumbList","@id":"https:\/\/www.talidesign.eu\/et\/pood\/toode\/dedicated-muts-hemavan-wool-camel-brown\/#breadcrumb","itemListElement":[{"@type":"ListItem","position":1,"name":"Avaleht","item":"https:\/\/www.talidesign.eu\/et\/"},{"@type":"ListItem","position":2,"name":"Pood","item":"https:\/\/www.talidesign.eu\/et\/pood\/"},{"@type":"ListItem","position":3,"name":"Dedicated M\u00fcts Hemavan Wool Camel Brown"}]},{"@type":"WebSite","@id":"https:\/\/www.talidesign.eu\/et\/#website","url":"https:\/\/www.talidesign.eu\/et\/","name":"TALI Concept Store","description":"Suurim Disainipood Eestis","potentialAction":[{"@type":"SearchAction","target":{"@type":"EntryPoint","urlTemplate":"https:\/\/www.talidesign.eu\/et\/?s={search_term_string}"},"query-input":{"@type":"PropertyValueSpecification","valueRequired":true,"valueName":"search_term_string"}}],"inLanguage":"et"}]}},"_links":{"self":[{"href":"https:\/\/www.talidesign.eu\/et\/wp-json\/wp\/v2\/product\/92979","targetHints":{"allow":["GET"]}}],"collection":[{"href":"https:\/\/www.talidesign.eu\/et\/wp-json\/wp\/v2\/product"}],"about":[{"href":"https:\/\/www.talidesign.eu\/et\/wp-json\/wp\/v2\/types\/product"}],"wp:featuredmedia":[{"embeddable":true,"href":"https:\/\/www.talidesign.eu\/et\/wp-json\/wp\/v2\/media\/92981"}],"wp:attachment":[{"href":"https:\/\/www.talidesign.eu\/et\/wp-json\/wp\/v2\/media?parent=92979"}],"wp:term":[{"taxonomy":"product_brand","embeddable":true,"href":"https:\/\/www.talidesign.eu\/et\/wp-json\/wp\/v2\/product_brand?post=92979"},{"taxonomy":"product_cat","embeddable":true,"href":"https:\/\/www.talidesign.eu\/et\/wp-json\/wp\/v2\/product_cat?post=92979"},{"taxonomy":"product_tag","embeddable":true,"href":"https:\/\/www.talidesign.eu\/et\/wp-json\/wp\/v2\/product_tag?post=92979"}],"curies":[{"name":"wp","href":"https:\/\/api.w.org\/{rel}","templated":true}]}}