{"id":93260,"date":"2024-11-12T21:22:36","date_gmt":"2024-10-29T19:22:36","guid":{"rendered":"https:\/\/www.talidesign.eu\/?post_type=product&#038;p=93260"},"modified":"2026-04-11T14:42:15","modified_gmt":"2026-04-11T11:42:15","slug":"umbra-buddy-konks-ustele-2tk-valge","status":"publish","type":"product","link":"https:\/\/www.talidesign.eu\/et\/pood\/toode\/umbra-buddy-konks-ustele-2tk-valge\/","title":{"rendered":"Umbra Buddy konks ustele 2tk Valge"},"content":{"rendered":"<p><strong>Buddy konks ustele 2tk Valge<\/strong><\/p>\n<p>Veel \u00fcks m\u00e4nguline ja praktiline t\u00e4iendus Buddy kollektsioonile \u2013 Buddy OTD kapi konks aitab sul stiilselt ruumi maksimaalselt \u00e4ra kasutada. Umbra ikooniline Buddy figuur lisab p\u00f5neva aktsendi ja sobib ideaalselt nii k\u00f6\u00f6ki kui ka vannituppa.<\/p>\n<ul>\n<li><strong>Ruumi S\u00e4\u00e4stev Disain<\/strong><br \/>\nMuuda kasutamata kapiruum h\u00f5lpsasti nutikaks hoiukohaks. Sobib suurep\u00e4raselt r\u00e4tikute, kottide ja muude esemete riputamiseks.<\/li>\n<li><strong>Libisemiskindel<\/strong><br \/>\nBuddy kummist otsakutega k\u00e4ed ja vahtplastist vooder hoiavad konksu kindlalt paigal, kaitstes samal ajal kapi pinda ja takistades esemete libisemist.<\/li>\n<li><strong>Lihtne Paigaldada, T\u00f6\u00f6riistu Pole Vaja<\/strong><br \/>\nT\u00f5sta lihtsalt konks kapiukse k\u00fclge \u2013 ei mingeid t\u00f6\u00f6riistu ega puurimist. Sobib enamikele standardsetele k\u00f6\u00f6gi- ja vannitoakapidele.<\/li>\n<li><strong>Keskkonnas\u00f5bralikud Materjalid<\/strong><br \/>\nValmistatud taaskasutatud plastist ja s\u00e4\u00e4stliku viimistlusega, mis v\u00e4hendab vee- ja j\u00e4\u00e4tmekasutust 85% v\u00f5rreldes traditsioonilise viimistlusega.<\/li>\n<\/ul>\n<p>\u2022 M\u00f5\u00f5dud: 6 x 8 x 13 cm<br \/>\n\u2022 Komplektis: Kaks ukse peale paigaldatavat konksu<br \/>\n\u2022 Materjalid: Vastupidav ja keskkonnas\u00f5bralik taaskasutatud plast<br \/>\n\u2022 <a href=\"\/et\/tootekategooria\/brandid\/umbra-et\/\">Br\u00e4nd Umbra<\/a><\/p>\n<p><strong>Meist<\/strong><\/p>\n<p>1979. aastal alguse saanud \u00fche lihtsa aknakardinaga s\u00fcndis Umbra kirest originaalse disaini ja taskukohase, kaasaegse stiili vastu. Kaasasutajad Les Mandelbaum ja Paul Rowan n\u00e4gid vajadust luua loomingulisi ja soodsaid tooteid, mis sobiksid igasse koju.<\/p>\n<p>T\u00e4naseks on Torontos, Kanadas asuv Umbra kasvanud rahvusvaheliseks disainiliidriks, tegutsedes enam kui 120 riigis ja omades esindusi Euroopas, P\u00f5hja- ja L\u00f5una-Ameerikas ning Aasias. Innovatsioonist kantuna toob meie rahvusvaheline disainitiim igap\u00e4evaesemetesse v\u00e4rsket loomingulisust ja uusi ideid, seades kaasaegsele disainile uusi standardeid.<\/p>\n<p><a href=\"\/et\/tootekategooria\/brandid\/umbra-et\/\"><img loading=\"lazy\" decoding=\"async\" src=\"https:\/\/www.talidesign.eu\/wp\/wp-content\/uploads\/2024\/10\/umbralogo-1.jpg\" alt=\"\" width=\"500\" height=\"100\" class=\"alignnone size-full wp-image-93263\" \/><\/a><\/p>\n","protected":false},"excerpt":{"rendered":"<p><strong>Buddy konks ustele 2tk Valge<\/strong><\/p>\n<p>Veel \u00fcks m\u00e4nguline ja praktiline t\u00e4iendus Buddy kollektsioonile \u2013 Buddy OTD kapi konks aitab sul stiilselt ruumi maksimaalselt \u00e4ra kasutada. Umbra ikooniline Buddy figuur lisab p\u00f5neva aktsendi ja sobib ideaalselt nii k\u00f6\u00f6ki kui ka vannituppa.<\/p>\n<ul>\n<li><strong>Ruumi S\u00e4\u00e4stev Disain<\/strong><br \/>\nMuuda kasutamata kapiruum h\u00f5lpsasti nutikaks hoiukohaks. Sobib suurep\u00e4raselt r\u00e4tikute, kottide ja muude esemete riputamiseks.<\/li>\n<li><strong>Libisemiskindel<\/strong><br \/>\nBuddy kummist otsakutega k\u00e4ed ja vahtplastist vooder hoiavad konksu kindlalt paigal, kaitstes samal ajal kapi pinda ja takistades esemete libisemist.<\/li>\n<li><strong>Lihtne Paigaldada, T\u00f6\u00f6riistu Pole Vaja<\/strong><br \/>\nT\u00f5sta lihtsalt konks kapiukse k\u00fclge \u2013 ei mingeid t\u00f6\u00f6riistu ega puurimist. Sobib enamikele standardsetele k\u00f6\u00f6gi- ja vannitoakapidele.<\/li>\n<li><strong>Keskkonnas\u00f5bralikud Materjalid<\/strong><br \/>\nValmistatud taaskasutatud plastist ja s\u00e4\u00e4stliku viimistlusega, mis v\u00e4hendab vee- ja j\u00e4\u00e4tmekasutust 85% v\u00f5rreldes traditsioonilise viimistlusega.<\/li>\n<\/ul>\n<p>\u2022 M\u00f5\u00f5dud: 6 x 8 x 13 cm<br \/>\n\u2022 Komplektis: Kaks ukse peale paigaldatavat konksu<br \/>\n\u2022 Materjalid: Vastupidav ja keskkonnas\u00f5bralik taaskasutatud plast<br \/>\n\u2022 <a href=\"\/et\/tootekategooria\/brandid\/umbra-et\/\">Br\u00e4nd Umbra<\/a><\/p>\n<p><strong>Meist<\/strong><\/p>\n<p>1979. aastal alguse saanud \u00fche lihtsa aknakardinaga s\u00fcndis Umbra kirest originaalse disaini ja taskukohase, kaasaegse stiili vastu. Kaasasutajad Les Mandelbaum ja Paul Rowan n\u00e4gid vajadust luua loomingulisi ja soodsaid tooteid, mis sobiksid igasse koju.<\/p>\n<p>T\u00e4naseks on Torontos, Kanadas asuv Umbra kasvanud rahvusvaheliseks disainiliidriks, tegutsedes enam kui 120 riigis ja omades esindusi Euroopas, P\u00f5hja- ja L\u00f5una-Ameerikas ning Aasias. Innovatsioonist kantuna toob meie rahvusvaheline disainitiim igap\u00e4evaesemetesse v\u00e4rsket loomingulisust ja uusi ideid, seades kaasaegsele disainile uusi standardeid.<\/p>\n<p><a href=\"\/et\/tootekategooria\/brandid\/umbra-et\/\"><img loading=\"lazy\" decoding=\"async\" src=\"https:\/\/www.talidesign.eu\/wp\/wp-content\/uploads\/2024\/10\/umbralogo-1.jpg\" alt=\"\" width=\"500\" height=\"100\" class=\"alignnone size-full wp-image-93263\" \/><\/a><\/p>\n","protected":false},"featured_media":93266,"template":"","meta":[],"product_brand":[],"product_cat":[1026,1031,1018,1106,1030,3350,1100],"product_tag":[3356],"class_list":{"0":"post-93260","1":"product","2":"type-product","3":"status-publish","4":"has-post-thumbnail","6":"product_cat-brandid","7":"product_cat-hoiustamine","8":"product_cat-kodu","9":"product_cat-konksud-nagid","10":"product_cat-kook","11":"product_cat-umbra-et","12":"product_cat-vannituba","13":"product_tag-umbra-et","15":"first","16":"outofstock","17":"taxable","18":"shipping-taxable","19":"purchasable","20":"product-type-simple"},"yoast_head":"<!-- This site is optimized with the Yoast SEO plugin v27.4 - https:\/\/yoast.com\/product\/yoast-seo-wordpress\/ -->\n<title>Umbra Buddy konks ustele 2tk Valge - TALI Concept Store<\/title>\n<meta name=\"description\" content=\"Umbra Buddy konks ustele 2tk Valge lisab stiili ja praktilisust sinu kodule. Ruumis\u00e4\u00e4stev disain, libisemiskindel ja lihtne paigaldada. Tutvu l\u00e4hemalt!\" \/>\n<meta name=\"robots\" content=\"index, follow, max-snippet:-1, max-image-preview:large, max-video-preview:-1\" \/>\n<link rel=\"canonical\" href=\"https:\/\/www.talidesign.eu\/et\/pood\/toode\/umbra-buddy-konks-ustele-2tk-valge\/\" \/>\n<meta property=\"og:locale\" content=\"et_EE\" \/>\n<meta property=\"og:type\" content=\"article\" \/>\n<meta property=\"og:title\" content=\"Umbra Buddy konks ustele 2tk Valge - TALI Concept Store\" \/>\n<meta property=\"og:description\" content=\"Umbra Buddy konks ustele 2tk Valge lisab stiili ja praktilisust sinu kodule. Ruumis\u00e4\u00e4stev disain, libisemiskindel ja lihtne paigaldada. Tutvu l\u00e4hemalt!\" \/>\n<meta property=\"og:url\" content=\"https:\/\/www.talidesign.eu\/et\/pood\/toode\/umbra-buddy-konks-ustele-2tk-valge\/\" \/>\n<meta property=\"og:site_name\" content=\"TALI Concept Store\" \/>\n<meta property=\"article:publisher\" content=\"https:\/\/www.facebook.com\/TaliDisain\/\" \/>\n<meta property=\"article:modified_time\" content=\"2026-04-11T11:42:15+00:00\" \/>\n<meta property=\"og:image\" content=\"https:\/\/www.talidesign.eu\/wp\/wp-content\/uploads\/2024\/10\/fy3flx4nniozm0ae2rlq_5000x.jpeg\" \/>\n\t<meta property=\"og:image:width\" content=\"1200\" \/>\n\t<meta property=\"og:image:height\" content=\"1200\" \/>\n\t<meta property=\"og:image:type\" content=\"image\/jpeg\" \/>\n<meta name=\"twitter:card\" content=\"summary_large_image\" \/>\n<meta name=\"twitter:label1\" content=\"Est. reading time\" \/>\n\t<meta name=\"twitter:data1\" content=\"2 minutes\" \/>\n<script type=\"application\/ld+json\" class=\"yoast-schema-graph\">{\"@context\":\"https:\\\/\\\/schema.org\",\"@graph\":[{\"@type\":\"WebPage\",\"@id\":\"https:\\\/\\\/www.talidesign.eu\\\/et\\\/pood\\\/toode\\\/umbra-buddy-konks-ustele-2tk-valge\\\/\",\"url\":\"https:\\\/\\\/www.talidesign.eu\\\/et\\\/pood\\\/toode\\\/umbra-buddy-konks-ustele-2tk-valge\\\/\",\"name\":\"Umbra Buddy konks ustele 2tk Valge - TALI Concept Store\",\"isPartOf\":{\"@id\":\"https:\\\/\\\/www.talidesign.eu\\\/et\\\/#website\"},\"primaryImageOfPage\":{\"@id\":\"https:\\\/\\\/www.talidesign.eu\\\/et\\\/pood\\\/toode\\\/umbra-buddy-konks-ustele-2tk-valge\\\/#primaryimage\"},\"image\":{\"@id\":\"https:\\\/\\\/www.talidesign.eu\\\/et\\\/pood\\\/toode\\\/umbra-buddy-konks-ustele-2tk-valge\\\/#primaryimage\"},\"thumbnailUrl\":\"https:\\\/\\\/www.talidesign.eu\\\/wp\\\/wp-content\\\/uploads\\\/2024\\\/10\\\/fy3flx4nniozm0ae2rlq_5000x.jpeg\",\"datePublished\":\"2024-10-29T19:22:36+00:00\",\"dateModified\":\"2026-04-11T11:42:15+00:00\",\"description\":\"Umbra Buddy konks ustele 2tk Valge lisab stiili ja praktilisust sinu kodule. Ruumis\u00e4\u00e4stev disain, libisemiskindel ja lihtne paigaldada. Tutvu l\u00e4hemalt!\",\"breadcrumb\":{\"@id\":\"https:\\\/\\\/www.talidesign.eu\\\/et\\\/pood\\\/toode\\\/umbra-buddy-konks-ustele-2tk-valge\\\/#breadcrumb\"},\"inLanguage\":\"et\",\"potentialAction\":[{\"@type\":\"ReadAction\",\"target\":[\"https:\\\/\\\/www.talidesign.eu\\\/et\\\/pood\\\/toode\\\/umbra-buddy-konks-ustele-2tk-valge\\\/\"]}]},{\"@type\":\"ImageObject\",\"inLanguage\":\"et\",\"@id\":\"https:\\\/\\\/www.talidesign.eu\\\/et\\\/pood\\\/toode\\\/umbra-buddy-konks-ustele-2tk-valge\\\/#primaryimage\",\"url\":\"https:\\\/\\\/www.talidesign.eu\\\/wp\\\/wp-content\\\/uploads\\\/2024\\\/10\\\/fy3flx4nniozm0ae2rlq_5000x.jpeg\",\"contentUrl\":\"https:\\\/\\\/www.talidesign.eu\\\/wp\\\/wp-content\\\/uploads\\\/2024\\\/10\\\/fy3flx4nniozm0ae2rlq_5000x.jpeg\",\"width\":1200,\"height\":1200},{\"@type\":\"BreadcrumbList\",\"@id\":\"https:\\\/\\\/www.talidesign.eu\\\/et\\\/pood\\\/toode\\\/umbra-buddy-konks-ustele-2tk-valge\\\/#breadcrumb\",\"itemListElement\":[{\"@type\":\"ListItem\",\"position\":1,\"name\":\"Avaleht\",\"item\":\"https:\\\/\\\/www.talidesign.eu\\\/et\\\/\"},{\"@type\":\"ListItem\",\"position\":2,\"name\":\"Pood\",\"item\":\"https:\\\/\\\/www.talidesign.eu\\\/et\\\/pood\\\/\"},{\"@type\":\"ListItem\",\"position\":3,\"name\":\"Umbra Buddy konks ustele 2tk Valge\"}]},{\"@type\":\"WebSite\",\"@id\":\"https:\\\/\\\/www.talidesign.eu\\\/et\\\/#website\",\"url\":\"https:\\\/\\\/www.talidesign.eu\\\/et\\\/\",\"name\":\"TALI Concept Store\",\"description\":\"Suurim Disainipood Eestis\",\"potentialAction\":[{\"@type\":\"SearchAction\",\"target\":{\"@type\":\"EntryPoint\",\"urlTemplate\":\"https:\\\/\\\/www.talidesign.eu\\\/et\\\/?s={search_term_string}\"},\"query-input\":{\"@type\":\"PropertyValueSpecification\",\"valueRequired\":true,\"valueName\":\"search_term_string\"}}],\"inLanguage\":\"et\"}]}<\/script>\n<!-- \/ Yoast SEO plugin. -->","yoast_head_json":{"title":"Umbra Buddy konks ustele 2tk Valge - TALI Concept Store","description":"Umbra Buddy konks ustele 2tk Valge lisab stiili ja praktilisust sinu kodule. Ruumis\u00e4\u00e4stev disain, libisemiskindel ja lihtne paigaldada. Tutvu l\u00e4hemalt!","robots":{"index":"index","follow":"follow","max-snippet":"max-snippet:-1","max-image-preview":"max-image-preview:large","max-video-preview":"max-video-preview:-1"},"canonical":"https:\/\/www.talidesign.eu\/et\/pood\/toode\/umbra-buddy-konks-ustele-2tk-valge\/","og_locale":"et_EE","og_type":"article","og_title":"Umbra Buddy konks ustele 2tk Valge - TALI Concept Store","og_description":"Umbra Buddy konks ustele 2tk Valge lisab stiili ja praktilisust sinu kodule. Ruumis\u00e4\u00e4stev disain, libisemiskindel ja lihtne paigaldada. Tutvu l\u00e4hemalt!","og_url":"https:\/\/www.talidesign.eu\/et\/pood\/toode\/umbra-buddy-konks-ustele-2tk-valge\/","og_site_name":"TALI Concept Store","article_publisher":"https:\/\/www.facebook.com\/TaliDisain\/","article_modified_time":"2026-04-11T11:42:15+00:00","og_image":[{"width":1200,"height":1200,"url":"https:\/\/www.talidesign.eu\/wp\/wp-content\/uploads\/2024\/10\/fy3flx4nniozm0ae2rlq_5000x.jpeg","type":"image\/jpeg"}],"twitter_card":"summary_large_image","twitter_misc":{"Est. reading time":"2 minutes"},"schema":{"@context":"https:\/\/schema.org","@graph":[{"@type":"WebPage","@id":"https:\/\/www.talidesign.eu\/et\/pood\/toode\/umbra-buddy-konks-ustele-2tk-valge\/","url":"https:\/\/www.talidesign.eu\/et\/pood\/toode\/umbra-buddy-konks-ustele-2tk-valge\/","name":"Umbra Buddy konks ustele 2tk Valge - TALI Concept Store","isPartOf":{"@id":"https:\/\/www.talidesign.eu\/et\/#website"},"primaryImageOfPage":{"@id":"https:\/\/www.talidesign.eu\/et\/pood\/toode\/umbra-buddy-konks-ustele-2tk-valge\/#primaryimage"},"image":{"@id":"https:\/\/www.talidesign.eu\/et\/pood\/toode\/umbra-buddy-konks-ustele-2tk-valge\/#primaryimage"},"thumbnailUrl":"https:\/\/www.talidesign.eu\/wp\/wp-content\/uploads\/2024\/10\/fy3flx4nniozm0ae2rlq_5000x.jpeg","datePublished":"2024-10-29T19:22:36+00:00","dateModified":"2026-04-11T11:42:15+00:00","description":"Umbra Buddy konks ustele 2tk Valge lisab stiili ja praktilisust sinu kodule. Ruumis\u00e4\u00e4stev disain, libisemiskindel ja lihtne paigaldada. Tutvu l\u00e4hemalt!","breadcrumb":{"@id":"https:\/\/www.talidesign.eu\/et\/pood\/toode\/umbra-buddy-konks-ustele-2tk-valge\/#breadcrumb"},"inLanguage":"et","potentialAction":[{"@type":"ReadAction","target":["https:\/\/www.talidesign.eu\/et\/pood\/toode\/umbra-buddy-konks-ustele-2tk-valge\/"]}]},{"@type":"ImageObject","inLanguage":"et","@id":"https:\/\/www.talidesign.eu\/et\/pood\/toode\/umbra-buddy-konks-ustele-2tk-valge\/#primaryimage","url":"https:\/\/www.talidesign.eu\/wp\/wp-content\/uploads\/2024\/10\/fy3flx4nniozm0ae2rlq_5000x.jpeg","contentUrl":"https:\/\/www.talidesign.eu\/wp\/wp-content\/uploads\/2024\/10\/fy3flx4nniozm0ae2rlq_5000x.jpeg","width":1200,"height":1200},{"@type":"BreadcrumbList","@id":"https:\/\/www.talidesign.eu\/et\/pood\/toode\/umbra-buddy-konks-ustele-2tk-valge\/#breadcrumb","itemListElement":[{"@type":"ListItem","position":1,"name":"Avaleht","item":"https:\/\/www.talidesign.eu\/et\/"},{"@type":"ListItem","position":2,"name":"Pood","item":"https:\/\/www.talidesign.eu\/et\/pood\/"},{"@type":"ListItem","position":3,"name":"Umbra Buddy konks ustele 2tk Valge"}]},{"@type":"WebSite","@id":"https:\/\/www.talidesign.eu\/et\/#website","url":"https:\/\/www.talidesign.eu\/et\/","name":"TALI Concept Store","description":"Suurim Disainipood Eestis","potentialAction":[{"@type":"SearchAction","target":{"@type":"EntryPoint","urlTemplate":"https:\/\/www.talidesign.eu\/et\/?s={search_term_string}"},"query-input":{"@type":"PropertyValueSpecification","valueRequired":true,"valueName":"search_term_string"}}],"inLanguage":"et"}]}},"_links":{"self":[{"href":"https:\/\/www.talidesign.eu\/et\/wp-json\/wp\/v2\/product\/93260","targetHints":{"allow":["GET"]}}],"collection":[{"href":"https:\/\/www.talidesign.eu\/et\/wp-json\/wp\/v2\/product"}],"about":[{"href":"https:\/\/www.talidesign.eu\/et\/wp-json\/wp\/v2\/types\/product"}],"wp:featuredmedia":[{"embeddable":true,"href":"https:\/\/www.talidesign.eu\/et\/wp-json\/wp\/v2\/media\/93266"}],"wp:attachment":[{"href":"https:\/\/www.talidesign.eu\/et\/wp-json\/wp\/v2\/media?parent=93260"}],"wp:term":[{"taxonomy":"product_brand","embeddable":true,"href":"https:\/\/www.talidesign.eu\/et\/wp-json\/wp\/v2\/product_brand?post=93260"},{"taxonomy":"product_cat","embeddable":true,"href":"https:\/\/www.talidesign.eu\/et\/wp-json\/wp\/v2\/product_cat?post=93260"},{"taxonomy":"product_tag","embeddable":true,"href":"https:\/\/www.talidesign.eu\/et\/wp-json\/wp\/v2\/product_tag?post=93260"}],"curies":[{"name":"wp","href":"https:\/\/api.w.org\/{rel}","templated":true}]}}