{"id":93292,"date":"2024-11-12T08:49:17","date_gmt":"2024-10-31T06:49:17","guid":{"rendered":"https:\/\/www.talidesign.eu\/?post_type=product&#038;p=93292"},"modified":"2026-03-13T15:55:23","modified_gmt":"2026-03-13T13:55:23","slug":"umbra-buddy-salvratikuhoidja","status":"publish","type":"product","link":"https:\/\/www.talidesign.eu\/et\/pood\/toode\/umbra-buddy-salvratikuhoidja\/","title":{"rendered":"Umbra Buddy salvr\u00e4tikuhoidja"},"content":{"rendered":"<p><strong>Buddy Salvr\u00e4tikuhoidja<\/strong><\/p>\n<p>Lisa oma lauale natuke lusti Buddy salvr\u00e4tikuhoidjaga. See kaasaegne ja nooruslik lahendus toob v\u00e4rskust traditsioonilisele tootele ning kuulub Umbra Buddy kollektsiooni, sobitudes suurep\u00e4raselt samas stiilis paberr\u00e4tikuhoidjaga.<\/p>\n<ul>\n<li><strong>Lustlik ja Praktiline<\/strong><br \/>\nBuddy salvr\u00e4tikuhoidja on peres\u00f5bralik lahendus, millel on Umbra populaarne Buddy figuur, mis hoiab salvr\u00e4tikud kindlalt paigal.<\/li>\n<li><strong>Pehme Pind ja Kaitse Kriimustuste Eest<\/strong><br \/>\nSalvr\u00e4tikuhoidjal on pehme puudutusega viimistlus, siledad \u00e4\u00e4red ja pehmendatud p\u00f5hi, mis kaitseb pindu kriimustuste eest.<\/li>\n<li><strong>Sobib K\u00f5ikide Suurustega Salvr\u00e4tikutele<\/strong><br \/>\nKohandatav disain mahutab igas suuruses salvr\u00e4tikuid \u2013 nii kokteilisalvr\u00e4tikuid kui ka suuremaid \u00f5htus\u00f6\u00f6gisalvr\u00e4tikuid.<\/li>\n<li><strong>M\u00e4nguline Kujundus<\/strong><br \/>\nBuddy salvr\u00e4tikuhoidja on puhta, lihtsa ja kaasaegse disainiga ning lisab nooruslikku energiat igasse ruumi oma l\u00f5busa kujundusega.<\/li>\n<\/ul>\n<p>\u2022 M\u00f5\u00f5dud: 15 x 8 x 11 cm<br \/>\n\u2022 Materjalid: Kerge ja vastupidav taaskasutatud pol\u00fcprop\u00fcleen<br \/>\n\u2022 Keskkonnas\u00f5bralik: Valmistatud taaskasutatud plastist<br \/>\n\u2022 <a href=\"\/et\/tootekategooria\/brandid\/umbra-et\/\">Br\u00e4nd Umbra<\/a><\/p>\n<p><strong>Meist<\/strong><\/p>\n<p>1979. aastal alguse saanud \u00fche lihtsa aknakardinaga s\u00fcndis Umbra kirest originaalse disaini ja taskukohase, kaasaegse stiili vastu. Kaasasutajad Les Mandelbaum ja Paul Rowan n\u00e4gid vajadust luua loomingulisi ja soodsaid tooteid, mis sobiksid igasse koju.<\/p>\n<p>T\u00e4naseks on Torontos, Kanadas asuv Umbra kasvanud rahvusvaheliseks disainiliidriks, tegutsedes enam kui 120 riigis ja omades esindusi Euroopas, P\u00f5hja- ja L\u00f5una-Ameerikas ning Aasias. Innovatsioonist kantuna toob meie rahvusvaheline disainitiim igap\u00e4evaesemetesse v\u00e4rsket loomingulisust ja uusi ideid, seades kaasaegsele disainile uusi standardeid.<\/p>\n<p><a href=\"\/et\/tootekategooria\/brandid\/umbra-et\/\"><img loading=\"lazy\" decoding=\"async\" src=\"https:\/\/www.talidesign.eu\/wp\/wp-content\/uploads\/2024\/10\/umbralogo-1.jpg\" alt=\"\" width=\"500\" height=\"100\" class=\"alignnone size-full wp-image-93263\" \/><\/a><\/p>\n","protected":false},"excerpt":{"rendered":"<p><strong>Buddy Salvr\u00e4tikuhoidja<\/strong><\/p>\n<p>Lisa oma lauale natuke lusti Buddy salvr\u00e4tikuhoidjaga. See kaasaegne ja nooruslik lahendus toob v\u00e4rskust traditsioonilisele tootele ning kuulub Umbra Buddy kollektsiooni, sobitudes suurep\u00e4raselt samas stiilis paberr\u00e4tikuhoidjaga.<\/p>\n<ul>\n<li><strong>Lustlik ja Praktiline<\/strong><br \/>\nBuddy salvr\u00e4tikuhoidja on peres\u00f5bralik lahendus, millel on Umbra populaarne Buddy figuur, mis hoiab salvr\u00e4tikud kindlalt paigal.<\/li>\n<li><strong>Pehme Pind ja Kaitse Kriimustuste Eest<\/strong><br \/>\nSalvr\u00e4tikuhoidjal on pehme puudutusega viimistlus, siledad \u00e4\u00e4red ja pehmendatud p\u00f5hi, mis kaitseb pindu kriimustuste eest.<\/li>\n<li><strong>Sobib K\u00f5ikide Suurustega Salvr\u00e4tikutele<\/strong><br \/>\nKohandatav disain mahutab igas suuruses salvr\u00e4tikuid \u2013 nii kokteilisalvr\u00e4tikuid kui ka suuremaid \u00f5htus\u00f6\u00f6gisalvr\u00e4tikuid.<\/li>\n<li><strong>M\u00e4nguline Kujundus<\/strong><br \/>\nBuddy salvr\u00e4tikuhoidja on puhta, lihtsa ja kaasaegse disainiga ning lisab nooruslikku energiat igasse ruumi oma l\u00f5busa kujundusega.<\/li>\n<\/ul>\n<p>\u2022 M\u00f5\u00f5dud: 15 x 8 x 11 cm<br \/>\n\u2022 Materjalid: Kerge ja vastupidav taaskasutatud pol\u00fcprop\u00fcleen<br \/>\n\u2022 Keskkonnas\u00f5bralik: Valmistatud taaskasutatud plastist<br \/>\n\u2022 <a href=\"\/et\/tootekategooria\/brandid\/umbra-et\/\">Br\u00e4nd Umbra<\/a><\/p>\n<p><strong>Meist<\/strong><\/p>\n<p>1979. aastal alguse saanud \u00fche lihtsa aknakardinaga s\u00fcndis Umbra kirest originaalse disaini ja taskukohase, kaasaegse stiili vastu. Kaasasutajad Les Mandelbaum ja Paul Rowan n\u00e4gid vajadust luua loomingulisi ja soodsaid tooteid, mis sobiksid igasse koju.<\/p>\n<p>T\u00e4naseks on Torontos, Kanadas asuv Umbra kasvanud rahvusvaheliseks disainiliidriks, tegutsedes enam kui 120 riigis ja omades esindusi Euroopas, P\u00f5hja- ja L\u00f5una-Ameerikas ning Aasias. Innovatsioonist kantuna toob meie rahvusvaheline disainitiim igap\u00e4evaesemetesse v\u00e4rsket loomingulisust ja uusi ideid, seades kaasaegsele disainile uusi standardeid.<\/p>\n<p><a href=\"\/et\/tootekategooria\/brandid\/umbra-et\/\"><img loading=\"lazy\" decoding=\"async\" src=\"https:\/\/www.talidesign.eu\/wp\/wp-content\/uploads\/2024\/10\/umbralogo-1.jpg\" alt=\"\" width=\"500\" height=\"100\" class=\"alignnone size-full wp-image-93263\" \/><\/a><\/p>\n","protected":false},"featured_media":93300,"template":"","meta":[],"product_brand":[],"product_cat":[1026,1031,1018,1030,3350],"product_tag":[3356],"class_list":{"0":"post-93292","1":"product","2":"type-product","3":"status-publish","4":"has-post-thumbnail","6":"product_cat-brandid","7":"product_cat-hoiustamine","8":"product_cat-kodu","9":"product_cat-kook","10":"product_cat-umbra-et","11":"product_tag-umbra-et","13":"first","14":"instock","15":"taxable","16":"shipping-taxable","17":"purchasable","18":"product-type-simple"},"yoast_head":"<!-- This site is optimized with the Yoast SEO plugin v27.3 - https:\/\/yoast.com\/product\/yoast-seo-wordpress\/ -->\n<title>Umbra Buddy salvr\u00e4tikuhoidja - TALI Concept Store<\/title>\n<meta name=\"description\" content=\"Lisa oma lauale lusti Buddy salvr\u00e4tikuhoidjaga. See kaasaegne ja nooruslik lahendus toob v\u00e4rskust traditsioonilisele tootele.\" \/>\n<meta name=\"robots\" content=\"index, follow, max-snippet:-1, max-image-preview:large, max-video-preview:-1\" \/>\n<link rel=\"canonical\" href=\"https:\/\/www.talidesign.eu\/et\/pood\/toode\/umbra-buddy-salvratikuhoidja\/\" \/>\n<meta property=\"og:locale\" content=\"et_EE\" \/>\n<meta property=\"og:type\" content=\"article\" \/>\n<meta property=\"og:title\" content=\"Umbra Buddy salvr\u00e4tikuhoidja - TALI Concept Store\" \/>\n<meta property=\"og:description\" content=\"Lisa oma lauale lusti Buddy salvr\u00e4tikuhoidjaga. See kaasaegne ja nooruslik lahendus toob v\u00e4rskust traditsioonilisele tootele.\" \/>\n<meta property=\"og:url\" content=\"https:\/\/www.talidesign.eu\/et\/pood\/toode\/umbra-buddy-salvratikuhoidja\/\" \/>\n<meta property=\"og:site_name\" content=\"TALI Concept Store\" \/>\n<meta property=\"article:publisher\" content=\"https:\/\/www.facebook.com\/TaliDisain\/\" \/>\n<meta property=\"article:modified_time\" content=\"2026-03-13T13:55:23+00:00\" \/>\n<meta property=\"og:image\" content=\"https:\/\/www.talidesign.eu\/wp\/wp-content\/uploads\/2024\/10\/fmedu4hlvfbujpcaegfg.jpeg\" \/>\n\t<meta property=\"og:image:width\" content=\"1900\" \/>\n\t<meta property=\"og:image:height\" content=\"1900\" \/>\n\t<meta property=\"og:image:type\" content=\"image\/jpeg\" \/>\n<meta name=\"twitter:card\" content=\"summary_large_image\" \/>\n<meta name=\"twitter:label1\" content=\"Est. reading time\" \/>\n\t<meta name=\"twitter:data1\" content=\"2 minutes\" \/>\n<script type=\"application\/ld+json\" class=\"yoast-schema-graph\">{\"@context\":\"https:\\\/\\\/schema.org\",\"@graph\":[{\"@type\":\"WebPage\",\"@id\":\"https:\\\/\\\/www.talidesign.eu\\\/et\\\/pood\\\/toode\\\/umbra-buddy-salvratikuhoidja\\\/\",\"url\":\"https:\\\/\\\/www.talidesign.eu\\\/et\\\/pood\\\/toode\\\/umbra-buddy-salvratikuhoidja\\\/\",\"name\":\"Umbra Buddy salvr\u00e4tikuhoidja - TALI Concept Store\",\"isPartOf\":{\"@id\":\"https:\\\/\\\/www.talidesign.eu\\\/et\\\/#website\"},\"primaryImageOfPage\":{\"@id\":\"https:\\\/\\\/www.talidesign.eu\\\/et\\\/pood\\\/toode\\\/umbra-buddy-salvratikuhoidja\\\/#primaryimage\"},\"image\":{\"@id\":\"https:\\\/\\\/www.talidesign.eu\\\/et\\\/pood\\\/toode\\\/umbra-buddy-salvratikuhoidja\\\/#primaryimage\"},\"thumbnailUrl\":\"https:\\\/\\\/www.talidesign.eu\\\/wp\\\/wp-content\\\/uploads\\\/2024\\\/10\\\/fmedu4hlvfbujpcaegfg.jpeg\",\"datePublished\":\"2024-10-31T06:49:17+00:00\",\"dateModified\":\"2026-03-13T13:55:23+00:00\",\"description\":\"Lisa oma lauale lusti Buddy salvr\u00e4tikuhoidjaga. See kaasaegne ja nooruslik lahendus toob v\u00e4rskust traditsioonilisele tootele.\",\"breadcrumb\":{\"@id\":\"https:\\\/\\\/www.talidesign.eu\\\/et\\\/pood\\\/toode\\\/umbra-buddy-salvratikuhoidja\\\/#breadcrumb\"},\"inLanguage\":\"et\",\"potentialAction\":[{\"@type\":\"ReadAction\",\"target\":[\"https:\\\/\\\/www.talidesign.eu\\\/et\\\/pood\\\/toode\\\/umbra-buddy-salvratikuhoidja\\\/\"]}]},{\"@type\":\"ImageObject\",\"inLanguage\":\"et\",\"@id\":\"https:\\\/\\\/www.talidesign.eu\\\/et\\\/pood\\\/toode\\\/umbra-buddy-salvratikuhoidja\\\/#primaryimage\",\"url\":\"https:\\\/\\\/www.talidesign.eu\\\/wp\\\/wp-content\\\/uploads\\\/2024\\\/10\\\/fmedu4hlvfbujpcaegfg.jpeg\",\"contentUrl\":\"https:\\\/\\\/www.talidesign.eu\\\/wp\\\/wp-content\\\/uploads\\\/2024\\\/10\\\/fmedu4hlvfbujpcaegfg.jpeg\",\"width\":1900,\"height\":1900},{\"@type\":\"BreadcrumbList\",\"@id\":\"https:\\\/\\\/www.talidesign.eu\\\/et\\\/pood\\\/toode\\\/umbra-buddy-salvratikuhoidja\\\/#breadcrumb\",\"itemListElement\":[{\"@type\":\"ListItem\",\"position\":1,\"name\":\"Avaleht\",\"item\":\"https:\\\/\\\/www.talidesign.eu\\\/et\\\/\"},{\"@type\":\"ListItem\",\"position\":2,\"name\":\"Pood\",\"item\":\"https:\\\/\\\/www.talidesign.eu\\\/et\\\/pood\\\/\"},{\"@type\":\"ListItem\",\"position\":3,\"name\":\"Umbra Buddy salvr\u00e4tikuhoidja\"}]},{\"@type\":\"WebSite\",\"@id\":\"https:\\\/\\\/www.talidesign.eu\\\/et\\\/#website\",\"url\":\"https:\\\/\\\/www.talidesign.eu\\\/et\\\/\",\"name\":\"TALI Concept Store\",\"description\":\"Suurim Disainipood Eestis\",\"potentialAction\":[{\"@type\":\"SearchAction\",\"target\":{\"@type\":\"EntryPoint\",\"urlTemplate\":\"https:\\\/\\\/www.talidesign.eu\\\/et\\\/?s={search_term_string}\"},\"query-input\":{\"@type\":\"PropertyValueSpecification\",\"valueRequired\":true,\"valueName\":\"search_term_string\"}}],\"inLanguage\":\"et\"}]}<\/script>\n<!-- \/ Yoast SEO plugin. -->","yoast_head_json":{"title":"Umbra Buddy salvr\u00e4tikuhoidja - TALI Concept Store","description":"Lisa oma lauale lusti Buddy salvr\u00e4tikuhoidjaga. See kaasaegne ja nooruslik lahendus toob v\u00e4rskust traditsioonilisele tootele.","robots":{"index":"index","follow":"follow","max-snippet":"max-snippet:-1","max-image-preview":"max-image-preview:large","max-video-preview":"max-video-preview:-1"},"canonical":"https:\/\/www.talidesign.eu\/et\/pood\/toode\/umbra-buddy-salvratikuhoidja\/","og_locale":"et_EE","og_type":"article","og_title":"Umbra Buddy salvr\u00e4tikuhoidja - TALI Concept Store","og_description":"Lisa oma lauale lusti Buddy salvr\u00e4tikuhoidjaga. See kaasaegne ja nooruslik lahendus toob v\u00e4rskust traditsioonilisele tootele.","og_url":"https:\/\/www.talidesign.eu\/et\/pood\/toode\/umbra-buddy-salvratikuhoidja\/","og_site_name":"TALI Concept Store","article_publisher":"https:\/\/www.facebook.com\/TaliDisain\/","article_modified_time":"2026-03-13T13:55:23+00:00","og_image":[{"width":1900,"height":1900,"url":"https:\/\/www.talidesign.eu\/wp\/wp-content\/uploads\/2024\/10\/fmedu4hlvfbujpcaegfg.jpeg","type":"image\/jpeg"}],"twitter_card":"summary_large_image","twitter_misc":{"Est. reading time":"2 minutes"},"schema":{"@context":"https:\/\/schema.org","@graph":[{"@type":"WebPage","@id":"https:\/\/www.talidesign.eu\/et\/pood\/toode\/umbra-buddy-salvratikuhoidja\/","url":"https:\/\/www.talidesign.eu\/et\/pood\/toode\/umbra-buddy-salvratikuhoidja\/","name":"Umbra Buddy salvr\u00e4tikuhoidja - TALI Concept Store","isPartOf":{"@id":"https:\/\/www.talidesign.eu\/et\/#website"},"primaryImageOfPage":{"@id":"https:\/\/www.talidesign.eu\/et\/pood\/toode\/umbra-buddy-salvratikuhoidja\/#primaryimage"},"image":{"@id":"https:\/\/www.talidesign.eu\/et\/pood\/toode\/umbra-buddy-salvratikuhoidja\/#primaryimage"},"thumbnailUrl":"https:\/\/www.talidesign.eu\/wp\/wp-content\/uploads\/2024\/10\/fmedu4hlvfbujpcaegfg.jpeg","datePublished":"2024-10-31T06:49:17+00:00","dateModified":"2026-03-13T13:55:23+00:00","description":"Lisa oma lauale lusti Buddy salvr\u00e4tikuhoidjaga. See kaasaegne ja nooruslik lahendus toob v\u00e4rskust traditsioonilisele tootele.","breadcrumb":{"@id":"https:\/\/www.talidesign.eu\/et\/pood\/toode\/umbra-buddy-salvratikuhoidja\/#breadcrumb"},"inLanguage":"et","potentialAction":[{"@type":"ReadAction","target":["https:\/\/www.talidesign.eu\/et\/pood\/toode\/umbra-buddy-salvratikuhoidja\/"]}]},{"@type":"ImageObject","inLanguage":"et","@id":"https:\/\/www.talidesign.eu\/et\/pood\/toode\/umbra-buddy-salvratikuhoidja\/#primaryimage","url":"https:\/\/www.talidesign.eu\/wp\/wp-content\/uploads\/2024\/10\/fmedu4hlvfbujpcaegfg.jpeg","contentUrl":"https:\/\/www.talidesign.eu\/wp\/wp-content\/uploads\/2024\/10\/fmedu4hlvfbujpcaegfg.jpeg","width":1900,"height":1900},{"@type":"BreadcrumbList","@id":"https:\/\/www.talidesign.eu\/et\/pood\/toode\/umbra-buddy-salvratikuhoidja\/#breadcrumb","itemListElement":[{"@type":"ListItem","position":1,"name":"Avaleht","item":"https:\/\/www.talidesign.eu\/et\/"},{"@type":"ListItem","position":2,"name":"Pood","item":"https:\/\/www.talidesign.eu\/et\/pood\/"},{"@type":"ListItem","position":3,"name":"Umbra Buddy salvr\u00e4tikuhoidja"}]},{"@type":"WebSite","@id":"https:\/\/www.talidesign.eu\/et\/#website","url":"https:\/\/www.talidesign.eu\/et\/","name":"TALI Concept Store","description":"Suurim Disainipood Eestis","potentialAction":[{"@type":"SearchAction","target":{"@type":"EntryPoint","urlTemplate":"https:\/\/www.talidesign.eu\/et\/?s={search_term_string}"},"query-input":{"@type":"PropertyValueSpecification","valueRequired":true,"valueName":"search_term_string"}}],"inLanguage":"et"}]}},"_links":{"self":[{"href":"https:\/\/www.talidesign.eu\/et\/wp-json\/wp\/v2\/product\/93292","targetHints":{"allow":["GET"]}}],"collection":[{"href":"https:\/\/www.talidesign.eu\/et\/wp-json\/wp\/v2\/product"}],"about":[{"href":"https:\/\/www.talidesign.eu\/et\/wp-json\/wp\/v2\/types\/product"}],"wp:featuredmedia":[{"embeddable":true,"href":"https:\/\/www.talidesign.eu\/et\/wp-json\/wp\/v2\/media\/93300"}],"wp:attachment":[{"href":"https:\/\/www.talidesign.eu\/et\/wp-json\/wp\/v2\/media?parent=93292"}],"wp:term":[{"taxonomy":"product_brand","embeddable":true,"href":"https:\/\/www.talidesign.eu\/et\/wp-json\/wp\/v2\/product_brand?post=93292"},{"taxonomy":"product_cat","embeddable":true,"href":"https:\/\/www.talidesign.eu\/et\/wp-json\/wp\/v2\/product_cat?post=93292"},{"taxonomy":"product_tag","embeddable":true,"href":"https:\/\/www.talidesign.eu\/et\/wp-json\/wp\/v2\/product_tag?post=93292"}],"curies":[{"name":"wp","href":"https:\/\/api.w.org\/{rel}","templated":true}]}}